{"id":10330,"date":"2022-07-06T10:48:00","date_gmt":"2022-07-06T10:48:00","guid":{"rendered":"https:\/\/www.fundacionrafanadal.org\/?page_id=10330"},"modified":"2022-07-08T10:57:25","modified_gmt":"2022-07-08T10:57:25","slug":"el-centro-fundacion-rafa-nadal-recibe-la-visita-del-area-de-cultura-y-bienestar-del-ayuntamiento-de-palma-de-mallorca","status":"publish","type":"page","link":"https:\/\/fundacionrafanadal.quelinka.es\/ca\/coneix-nos\/noticies\/noticies-2022\/el-centro-fundacion-rafa-nadal-recibe-la-visita-del-area-de-cultura-y-bienestar-del-ayuntamiento-de-palma-de-mallorca\/","title":{"rendered":"El Centre Fundaci\u00f3 Rafa Nadal rep la visita de l&#8217;\u00e0rea de Cultura i Benestar de l&#8217;Ajuntament de Palma de Mallorca"},"content":{"rendered":"\n<div class=\"wp-block-media-text alignfull is-stacked-on-mobile is-image-fill has-background\" style=\"background-color:#ddac31\"><figure class=\"wp-block-media-text__media\" style=\"background-image:url(https:\/\/www.fundacionrafanadal.quelinka.es\/wp-content\/uploads\/2022\/07\/ISM08879.png);background-position:50% 50%\"><img loading=\"lazy\" decoding=\"async\" width=\"900\" height=\"399\" src=\"https:\/\/www.fundacionrafanadal.quelinka.es\/wp-content\/uploads\/2022\/07\/ISM08879.png\" alt=\"\" class=\"wp-image-9879 size-full\" srcset=\"https:\/\/fundacionrafanadal.quelinka.es\/wp-content\/uploads\/2022\/07\/ISM08879.png 900w, https:\/\/fundacionrafanadal.quelinka.es\/wp-content\/uploads\/2022\/07\/ISM08879-300x133.png 300w, https:\/\/fundacionrafanadal.quelinka.es\/wp-content\/uploads\/2022\/07\/ISM08879-768x340.png 768w\" sizes=\"auto, (max-width: 900px) 100vw, 900px\" \/><\/figure><div class=\"wp-block-media-text__content\">\n<div style=\"height:30px\" aria-hidden=\"true\" class=\"wp-block-spacer\"><\/div>\n\n\n\n<h2 class=\"has-ast-global-color-5-color has-text-color wp-block-heading\" style=\"font-size:48px\"><strong>Not\u00edcies<\/strong><\/h2>\n\n\n\n<div style=\"height:200px\" aria-hidden=\"true\" class=\"wp-block-spacer\"><\/div>\n<\/div><\/div>\n\n\n\n<div style=\"height:50px\" aria-hidden=\"true\" class=\"wp-block-spacer\"><\/div>\n\n\n\n<div class=\"inherit-container-width wp-block-group is-layout-constrained wp-block-group-is-layout-constrained\"><div class=\"wp-block-group__inner-container\"><div class=\"wp-block-post-date\"><time datetime=\"2022-07-06T10:48:00+02:00\">6 de juliol de 2022<\/time><\/div>\n\n\n<h2 class=\"has-medium-font-size wp-block-heading\" style=\"text-transform:uppercase\"><strong>El Centre Fundaci\u00f3 Rafa Nadal rep la visita de l&#8217;\u00e0rea de Cultura i Benestar de l&#8217;Ajuntament de Palma de Mallorca<\/strong><\/h2>\n\n\n\n<figure class=\"wp-block-image alignwide size-full\"><img loading=\"lazy\" decoding=\"async\" width=\"960\" height=\"768\" src=\"https:\/\/www.fundacionrafanadal.quelinka.es\/wp-content\/uploads\/2022\/07\/VISITA-AJUNTAMENT.jpg\" alt=\"\" class=\"wp-image-10326\" srcset=\"https:\/\/fundacionrafanadal.quelinka.es\/wp-content\/uploads\/2022\/07\/VISITA-AJUNTAMENT.jpg 960w, https:\/\/fundacionrafanadal.quelinka.es\/wp-content\/uploads\/2022\/07\/VISITA-AJUNTAMENT-300x240.jpg 300w, https:\/\/fundacionrafanadal.quelinka.es\/wp-content\/uploads\/2022\/07\/VISITA-AJUNTAMENT-768x614.jpg 768w\" sizes=\"auto, (max-width: 960px) 100vw, 960px\" \/><\/figure>\n\n\n\n<p>Antoni Noguera, Tinent d\u00b4Alcalde de Cultura i Benestar Social i Catalina Trobat, Coordinadora General de Benestar Social de l\u00b4Ajuntament de Palma han realitzat una visita de cortesia al Centre Fundaci\u00f3 Rafa Nadal ubicat al barri de Nou Llevant \u2013 La Soledat.<\/p>\n\n\n\n<p>Han estat rebuts per Eunate G\u00f3mez, Responsable de Projectes de la Fundaci\u00f3 Rafa Nadal i \u00cd\u00f1igo Mart\u00ednez de Sant Vicent, director del Centre.<\/p>\n\n\n\n<p>Actualment el Centre Fundaci\u00f3 Rafa Nadal de Palma de Mallorca at\u00e9n al voltant de 250 menors entre 5 i 17 anys cada curs. El projecte \u00e9s present al districte des de l&#8217;any 2014 i l&#8217;impacte al barri \u00e9s cada vegada m\u00e9s gran.<\/p>\n\n\n\n<p>L&#8217;objectiu principal d&#8217;aquesta visita ha estat refor\u00e7ar el suport de les institucions de la ciutat al projecte de la fundaci\u00f3 i fer un seguiment del sistema de treball en xarxa amb els diferents agents de canvi de la zona.<\/p>\n\n\n\n<p>El Centre de Fundaci\u00f3 Rafa Nadal de Palma de Mallorca rep derivacions de casos de fam\u00edlies en situaci\u00f3 de vulnerabilitat que necessiten un recurs de suport integral. Per aix\u00f2, l&#8217;equip est\u00e0 en contacte constant amb l&#8217;\u00e0rea de Serveis Socials dependent de l&#8217;Ajuntament.<\/p>\n<\/div><\/div>\n","protected":false},"excerpt":{"rendered":"<p>El Centre Fundaci\u00f3 Rafa Nadal rep la visita de l&#8217;\u00e0rea de Cultura i Benestar de l&#8217;Ajuntament de Palma de Mallorca Antoni Noguera, Tinent d\u00b4Alcalde de Cultura i Benestar Social i Catalina Trobat, Coordinadora General de Benestar Social de l\u00b4Ajuntament de Palma han realitzat una visita de cortesia al Centre Fundaci\u00f3 Rafa Nadal ubicat al barri [&hellip;]<\/p>\n","protected":false},"author":1,"featured_media":10324,"parent":7298,"menu_order":0,"comment_status":"closed","ping_status":"closed","template":"","meta":{"_acf_changed":false,"give_campaign_id":0,"_monsterinsights_skip_tracking":false,"_monsterinsights_sitenote_active":false,"_monsterinsights_sitenote_note":"","_monsterinsights_sitenote_category":0,"site-sidebar-layout":"default","site-content-layout":"","ast-site-content-layout":"default","site-content-style":"default","site-sidebar-style":"default","ast-global-header-display":"","ast-banner-title-visibility":"","ast-main-header-display":"","ast-hfb-above-header-display":"","ast-hfb-below-header-display":"","ast-hfb-mobile-header-display":"","site-post-title":"disabled","ast-breadcrumbs-content":"","ast-featured-img":"disabled","footer-sml-layout":"","ast-disable-related-posts":"","theme-transparent-header-meta":"","adv-header-id-meta":"","stick-header-meta":"","header-above-stick-meta":"","header-main-stick-meta":"","header-below-stick-meta":"","astra-migrate-meta-layouts":"default","ast-page-background-enabled":"default","ast-page-background-meta":{"desktop":{"background-color":"var(--ast-global-color-4)","background-image":"","background-repeat":"repeat","background-position":"center center","background-size":"auto","background-attachment":"scroll","background-type":"","background-media":"","overlay-type":"","overlay-color":"","overlay-opacity":"","overlay-gradient":""},"tablet":{"background-color":"","background-image":"","background-repeat":"repeat","background-position":"center center","background-size":"auto","background-attachment":"scroll","background-type":"","background-media":"","overlay-type":"","overlay-color":"","overlay-opacity":"","overlay-gradient":""},"mobile":{"background-color":"","background-image":"","background-repeat":"repeat","background-position":"center center","background-size":"auto","background-attachment":"scroll","background-type":"","background-media":"","overlay-type":"","overlay-color":"","overlay-opacity":"","overlay-gradient":""}},"ast-content-background-meta":{"desktop":{"background-color":"var(--ast-global-color-5)","background-image":"","background-repeat":"repeat","background-position":"center center","background-size":"auto","background-attachment":"scroll","background-type":"","background-media":"","overlay-type":"","overlay-color":"","overlay-opacity":"","overlay-gradient":""},"tablet":{"background-color":"var(--ast-global-color-5)","background-image":"","background-repeat":"repeat","background-position":"center center","background-size":"auto","background-attachment":"scroll","background-type":"","background-media":"","overlay-type":"","overlay-color":"","overlay-opacity":"","overlay-gradient":""},"mobile":{"background-color":"var(--ast-global-color-5)","background-image":"","background-repeat":"repeat","background-position":"center center","background-size":"auto","background-attachment":"scroll","background-type":"","background-media":"","overlay-type":"","overlay-color":"","overlay-opacity":"","overlay-gradient":""}},"_themeisle_gutenberg_block_has_review":false,"footnotes":""},"class_list":["post-10330","page","type-page","status-publish","has-post-thumbnail","hentry"],"acf":[],"yoast_head":"<!-- This site is optimized with the Yoast SEO plugin v26.8 - https:\/\/yoast.com\/product\/yoast-seo-wordpress\/ -->\n<title>El Centre Fundaci\u00f3 Rafa Nadal rep la visita de l&#039;\u00e0rea de Cultura i Benestar de l&#039;Ajuntament de Palma de Mallorca - Fundaci\u00f3n Rafa Nadal<\/title>\n<meta name=\"robots\" content=\"noindex, follow, max-snippet:-1, max-image-preview:large, max-video-preview:-1\" \/>\n<meta property=\"og:locale\" content=\"ca_ES\" \/>\n<meta property=\"og:type\" content=\"article\" \/>\n<meta property=\"og:title\" content=\"El Centre Fundaci\u00f3 Rafa Nadal rep la visita de l&#039;\u00e0rea de Cultura i Benestar de l&#039;Ajuntament de Palma de Mallorca - Fundaci\u00f3n Rafa Nadal\" \/>\n<meta property=\"og:description\" content=\"El Centre Fundaci\u00f3 Rafa Nadal rep la visita de l&#8217;\u00e0rea de Cultura i Benestar de l&#8217;Ajuntament de Palma de Mallorca Antoni Noguera, Tinent d\u00b4Alcalde de Cultura i Benestar Social i Catalina Trobat, Coordinadora General de Benestar Social de l\u00b4Ajuntament de Palma han realitzat una visita de cortesia al Centre Fundaci\u00f3 Rafa Nadal ubicat al barri [&hellip;]\" \/>\n<meta property=\"og:url\" content=\"https:\/\/fundacionrafanadal.quelinka.es\/ca\/coneix-nos\/noticies\/noticies-2022\/el-centro-fundacion-rafa-nadal-recibe-la-visita-del-area-de-cultura-y-bienestar-del-ayuntamiento-de-palma-de-mallorca\/\" \/>\n<meta property=\"og:site_name\" content=\"Fundaci\u00f3n Rafa Nadal\" \/>\n<meta property=\"article:modified_time\" content=\"2022-07-08T10:57:25+00:00\" \/>\n<meta property=\"og:image\" content=\"https:\/\/fundacionrafanadal.quelinka.es\/wp-content\/uploads\/2022\/07\/visita-ajuntament-2022-th.jpg\" \/>\n\t<meta property=\"og:image:width\" content=\"300\" \/>\n\t<meta property=\"og:image:height\" content=\"199\" \/>\n\t<meta property=\"og:image:type\" content=\"image\/jpeg\" \/>\n<meta name=\"twitter:card\" content=\"summary_large_image\" \/>\n<meta name=\"twitter:label1\" content=\"Temps estimat de lectura\" \/>\n\t<meta name=\"twitter:data1\" content=\"2 minuts\" \/>\n<script type=\"application\/ld+json\" class=\"yoast-schema-graph\">{\"@context\":\"https:\/\/schema.org\",\"@graph\":[{\"@type\":\"WebPage\",\"@id\":\"https:\/\/fundacionrafanadal.quelinka.es\/ca\/coneix-nos\/noticies\/noticies-2022\/el-centro-fundacion-rafa-nadal-recibe-la-visita-del-area-de-cultura-y-bienestar-del-ayuntamiento-de-palma-de-mallorca\/\",\"url\":\"https:\/\/fundacionrafanadal.quelinka.es\/ca\/coneix-nos\/noticies\/noticies-2022\/el-centro-fundacion-rafa-nadal-recibe-la-visita-del-area-de-cultura-y-bienestar-del-ayuntamiento-de-palma-de-mallorca\/\",\"name\":\"El Centre Fundaci\u00f3 Rafa Nadal rep la visita de l'\u00e0rea de Cultura i Benestar de l'Ajuntament de Palma de Mallorca - Fundaci\u00f3n Rafa Nadal\",\"isPartOf\":{\"@id\":\"https:\/\/fundacionrafanadal.quelinka.es\/ca\/#website\"},\"primaryImageOfPage\":{\"@id\":\"https:\/\/fundacionrafanadal.quelinka.es\/ca\/coneix-nos\/noticies\/noticies-2022\/el-centro-fundacion-rafa-nadal-recibe-la-visita-del-area-de-cultura-y-bienestar-del-ayuntamiento-de-palma-de-mallorca\/#primaryimage\"},\"image\":{\"@id\":\"https:\/\/fundacionrafanadal.quelinka.es\/ca\/coneix-nos\/noticies\/noticies-2022\/el-centro-fundacion-rafa-nadal-recibe-la-visita-del-area-de-cultura-y-bienestar-del-ayuntamiento-de-palma-de-mallorca\/#primaryimage\"},\"thumbnailUrl\":\"https:\/\/fundacionrafanadal.quelinka.es\/wp-content\/uploads\/2022\/07\/visita-ajuntament-2022-th.jpg\",\"datePublished\":\"2022-07-06T10:48:00+00:00\",\"dateModified\":\"2022-07-08T10:57:25+00:00\",\"breadcrumb\":{\"@id\":\"https:\/\/fundacionrafanadal.quelinka.es\/ca\/coneix-nos\/noticies\/noticies-2022\/el-centro-fundacion-rafa-nadal-recibe-la-visita-del-area-de-cultura-y-bienestar-del-ayuntamiento-de-palma-de-mallorca\/#breadcrumb\"},\"inLanguage\":\"ca\",\"potentialAction\":[{\"@type\":\"ReadAction\",\"target\":[\"https:\/\/fundacionrafanadal.quelinka.es\/ca\/coneix-nos\/noticies\/noticies-2022\/el-centro-fundacion-rafa-nadal-recibe-la-visita-del-area-de-cultura-y-bienestar-del-ayuntamiento-de-palma-de-mallorca\/\"]}]},{\"@type\":\"ImageObject\",\"inLanguage\":\"ca\",\"@id\":\"https:\/\/fundacionrafanadal.quelinka.es\/ca\/coneix-nos\/noticies\/noticies-2022\/el-centro-fundacion-rafa-nadal-recibe-la-visita-del-area-de-cultura-y-bienestar-del-ayuntamiento-de-palma-de-mallorca\/#primaryimage\",\"url\":\"https:\/\/fundacionrafanadal.quelinka.es\/wp-content\/uploads\/2022\/07\/visita-ajuntament-2022-th.jpg\",\"contentUrl\":\"https:\/\/fundacionrafanadal.quelinka.es\/wp-content\/uploads\/2022\/07\/visita-ajuntament-2022-th.jpg\",\"width\":300,\"height\":199},{\"@type\":\"BreadcrumbList\",\"@id\":\"https:\/\/fundacionrafanadal.quelinka.es\/ca\/coneix-nos\/noticies\/noticies-2022\/el-centro-fundacion-rafa-nadal-recibe-la-visita-del-area-de-cultura-y-bienestar-del-ayuntamiento-de-palma-de-mallorca\/#breadcrumb\",\"itemListElement\":[{\"@type\":\"ListItem\",\"position\":1,\"name\":\"Portada\",\"item\":\"https:\/\/fundacionrafanadal.quelinka.es\/ca\/\"},{\"@type\":\"ListItem\",\"position\":2,\"name\":\"Coneix-nos\",\"item\":\"https:\/\/fundacionrafanadal.quelinka.es\/ca\/conocenos\/\"},{\"@type\":\"ListItem\",\"position\":3,\"name\":\"Not\u00edcies\",\"item\":\"https:\/\/fundacionrafanadal.quelinka.es\/ca\/conocenos\/noticias\/\"},{\"@type\":\"ListItem\",\"position\":4,\"name\":\"Not\u00edcies 2022\",\"item\":\"https:\/\/fundacionrafanadal.quelinka.es\/ca\/conocenos\/noticias\/noticias-2022\/\"},{\"@type\":\"ListItem\",\"position\":5,\"name\":\"El Centre Fundaci\u00f3 Rafa Nadal rep la visita de l&#8217;\u00e0rea de Cultura i Benestar de l&#8217;Ajuntament de Palma de Mallorca\"}]},{\"@type\":\"WebSite\",\"@id\":\"https:\/\/fundacionrafanadal.quelinka.es\/ca\/#website\",\"url\":\"https:\/\/fundacionrafanadal.quelinka.es\/ca\/\",\"name\":\"Fundaci\u00f3n Rafa Nadal\",\"description\":\"A trav\u00e9s del deporte y la educaci\u00f3n, promovemos la integraci\u00f3n y el desarrollo personal y social de ni\u00f1os y j\u00f3venes. En Espa\u00f1a y la India.\",\"publisher\":{\"@id\":\"https:\/\/fundacionrafanadal.quelinka.es\/ca\/#organization\"},\"potentialAction\":[{\"@type\":\"SearchAction\",\"target\":{\"@type\":\"EntryPoint\",\"urlTemplate\":\"https:\/\/fundacionrafanadal.quelinka.es\/ca\/?s={search_term_string}\"},\"query-input\":{\"@type\":\"PropertyValueSpecification\",\"valueRequired\":true,\"valueName\":\"search_term_string\"}}],\"inLanguage\":\"ca\"},{\"@type\":\"Organization\",\"@id\":\"https:\/\/fundacionrafanadal.quelinka.es\/ca\/#organization\",\"name\":\"Fundaci\u00f3n Rafa Nadal\",\"url\":\"https:\/\/fundacionrafanadal.quelinka.es\/ca\/\",\"logo\":{\"@type\":\"ImageObject\",\"inLanguage\":\"ca\",\"@id\":\"https:\/\/fundacionrafanadal.quelinka.es\/ca\/#\/schema\/logo\/image\/\",\"url\":\"https:\/\/fundacionrafanadal.quelinka.es\/wp-content\/uploads\/2022\/09\/logo-frn-web-3.png\",\"contentUrl\":\"https:\/\/fundacionrafanadal.quelinka.es\/wp-content\/uploads\/2022\/09\/logo-frn-web-3.png\",\"width\":551,\"height\":140,\"caption\":\"Fundaci\u00f3n Rafa Nadal\"},\"image\":{\"@id\":\"https:\/\/fundacionrafanadal.quelinka.es\/ca\/#\/schema\/logo\/image\/\"}}]}<\/script>\n<!-- \/ Yoast SEO plugin. -->","yoast_head_json":{"title":"El Centre Fundaci\u00f3 Rafa Nadal rep la visita de l'\u00e0rea de Cultura i Benestar de l'Ajuntament de Palma de Mallorca - Fundaci\u00f3n Rafa Nadal","robots":{"index":"noindex","follow":"follow","max-snippet":"max-snippet:-1","max-image-preview":"max-image-preview:large","max-video-preview":"max-video-preview:-1"},"og_locale":"ca_ES","og_type":"article","og_title":"El Centre Fundaci\u00f3 Rafa Nadal rep la visita de l'\u00e0rea de Cultura i Benestar de l'Ajuntament de Palma de Mallorca - Fundaci\u00f3n Rafa Nadal","og_description":"El Centre Fundaci\u00f3 Rafa Nadal rep la visita de l&#8217;\u00e0rea de Cultura i Benestar de l&#8217;Ajuntament de Palma de Mallorca Antoni Noguera, Tinent d\u00b4Alcalde de Cultura i Benestar Social i Catalina Trobat, Coordinadora General de Benestar Social de l\u00b4Ajuntament de Palma han realitzat una visita de cortesia al Centre Fundaci\u00f3 Rafa Nadal ubicat al barri [&hellip;]","og_url":"https:\/\/fundacionrafanadal.quelinka.es\/ca\/coneix-nos\/noticies\/noticies-2022\/el-centro-fundacion-rafa-nadal-recibe-la-visita-del-area-de-cultura-y-bienestar-del-ayuntamiento-de-palma-de-mallorca\/","og_site_name":"Fundaci\u00f3n Rafa Nadal","article_modified_time":"2022-07-08T10:57:25+00:00","og_image":[{"width":300,"height":199,"url":"https:\/\/fundacionrafanadal.quelinka.es\/wp-content\/uploads\/2022\/07\/visita-ajuntament-2022-th.jpg","type":"image\/jpeg"}],"twitter_card":"summary_large_image","twitter_misc":{"Temps estimat de lectura":"2 minuts"},"schema":{"@context":"https:\/\/schema.org","@graph":[{"@type":"WebPage","@id":"https:\/\/fundacionrafanadal.quelinka.es\/ca\/coneix-nos\/noticies\/noticies-2022\/el-centro-fundacion-rafa-nadal-recibe-la-visita-del-area-de-cultura-y-bienestar-del-ayuntamiento-de-palma-de-mallorca\/","url":"https:\/\/fundacionrafanadal.quelinka.es\/ca\/coneix-nos\/noticies\/noticies-2022\/el-centro-fundacion-rafa-nadal-recibe-la-visita-del-area-de-cultura-y-bienestar-del-ayuntamiento-de-palma-de-mallorca\/","name":"El Centre Fundaci\u00f3 Rafa Nadal rep la visita de l'\u00e0rea de Cultura i Benestar de l'Ajuntament de Palma de Mallorca - Fundaci\u00f3n Rafa Nadal","isPartOf":{"@id":"https:\/\/fundacionrafanadal.quelinka.es\/ca\/#website"},"primaryImageOfPage":{"@id":"https:\/\/fundacionrafanadal.quelinka.es\/ca\/coneix-nos\/noticies\/noticies-2022\/el-centro-fundacion-rafa-nadal-recibe-la-visita-del-area-de-cultura-y-bienestar-del-ayuntamiento-de-palma-de-mallorca\/#primaryimage"},"image":{"@id":"https:\/\/fundacionrafanadal.quelinka.es\/ca\/coneix-nos\/noticies\/noticies-2022\/el-centro-fundacion-rafa-nadal-recibe-la-visita-del-area-de-cultura-y-bienestar-del-ayuntamiento-de-palma-de-mallorca\/#primaryimage"},"thumbnailUrl":"https:\/\/fundacionrafanadal.quelinka.es\/wp-content\/uploads\/2022\/07\/visita-ajuntament-2022-th.jpg","datePublished":"2022-07-06T10:48:00+00:00","dateModified":"2022-07-08T10:57:25+00:00","breadcrumb":{"@id":"https:\/\/fundacionrafanadal.quelinka.es\/ca\/coneix-nos\/noticies\/noticies-2022\/el-centro-fundacion-rafa-nadal-recibe-la-visita-del-area-de-cultura-y-bienestar-del-ayuntamiento-de-palma-de-mallorca\/#breadcrumb"},"inLanguage":"ca","potentialAction":[{"@type":"ReadAction","target":["https:\/\/fundacionrafanadal.quelinka.es\/ca\/coneix-nos\/noticies\/noticies-2022\/el-centro-fundacion-rafa-nadal-recibe-la-visita-del-area-de-cultura-y-bienestar-del-ayuntamiento-de-palma-de-mallorca\/"]}]},{"@type":"ImageObject","inLanguage":"ca","@id":"https:\/\/fundacionrafanadal.quelinka.es\/ca\/coneix-nos\/noticies\/noticies-2022\/el-centro-fundacion-rafa-nadal-recibe-la-visita-del-area-de-cultura-y-bienestar-del-ayuntamiento-de-palma-de-mallorca\/#primaryimage","url":"https:\/\/fundacionrafanadal.quelinka.es\/wp-content\/uploads\/2022\/07\/visita-ajuntament-2022-th.jpg","contentUrl":"https:\/\/fundacionrafanadal.quelinka.es\/wp-content\/uploads\/2022\/07\/visita-ajuntament-2022-th.jpg","width":300,"height":199},{"@type":"BreadcrumbList","@id":"https:\/\/fundacionrafanadal.quelinka.es\/ca\/coneix-nos\/noticies\/noticies-2022\/el-centro-fundacion-rafa-nadal-recibe-la-visita-del-area-de-cultura-y-bienestar-del-ayuntamiento-de-palma-de-mallorca\/#breadcrumb","itemListElement":[{"@type":"ListItem","position":1,"name":"Portada","item":"https:\/\/fundacionrafanadal.quelinka.es\/ca\/"},{"@type":"ListItem","position":2,"name":"Coneix-nos","item":"https:\/\/fundacionrafanadal.quelinka.es\/ca\/conocenos\/"},{"@type":"ListItem","position":3,"name":"Not\u00edcies","item":"https:\/\/fundacionrafanadal.quelinka.es\/ca\/conocenos\/noticias\/"},{"@type":"ListItem","position":4,"name":"Not\u00edcies 2022","item":"https:\/\/fundacionrafanadal.quelinka.es\/ca\/conocenos\/noticias\/noticias-2022\/"},{"@type":"ListItem","position":5,"name":"El Centre Fundaci\u00f3 Rafa Nadal rep la visita de l&#8217;\u00e0rea de Cultura i Benestar de l&#8217;Ajuntament de Palma de Mallorca"}]},{"@type":"WebSite","@id":"https:\/\/fundacionrafanadal.quelinka.es\/ca\/#website","url":"https:\/\/fundacionrafanadal.quelinka.es\/ca\/","name":"Fundaci\u00f3n Rafa Nadal","description":"A trav\u00e9s del deporte y la educaci\u00f3n, promovemos la integraci\u00f3n y el desarrollo personal y social de ni\u00f1os y j\u00f3venes. En Espa\u00f1a y la India.","publisher":{"@id":"https:\/\/fundacionrafanadal.quelinka.es\/ca\/#organization"},"potentialAction":[{"@type":"SearchAction","target":{"@type":"EntryPoint","urlTemplate":"https:\/\/fundacionrafanadal.quelinka.es\/ca\/?s={search_term_string}"},"query-input":{"@type":"PropertyValueSpecification","valueRequired":true,"valueName":"search_term_string"}}],"inLanguage":"ca"},{"@type":"Organization","@id":"https:\/\/fundacionrafanadal.quelinka.es\/ca\/#organization","name":"Fundaci\u00f3n Rafa Nadal","url":"https:\/\/fundacionrafanadal.quelinka.es\/ca\/","logo":{"@type":"ImageObject","inLanguage":"ca","@id":"https:\/\/fundacionrafanadal.quelinka.es\/ca\/#\/schema\/logo\/image\/","url":"https:\/\/fundacionrafanadal.quelinka.es\/wp-content\/uploads\/2022\/09\/logo-frn-web-3.png","contentUrl":"https:\/\/fundacionrafanadal.quelinka.es\/wp-content\/uploads\/2022\/09\/logo-frn-web-3.png","width":551,"height":140,"caption":"Fundaci\u00f3n Rafa Nadal"},"image":{"@id":"https:\/\/fundacionrafanadal.quelinka.es\/ca\/#\/schema\/logo\/image\/"}}]}},"campaignId":"","_links":{"self":[{"href":"https:\/\/fundacionrafanadal.quelinka.es\/ca\/wp-json\/wp\/v2\/pages\/10330","targetHints":{"allow":["GET"]}}],"collection":[{"href":"https:\/\/fundacionrafanadal.quelinka.es\/ca\/wp-json\/wp\/v2\/pages"}],"about":[{"href":"https:\/\/fundacionrafanadal.quelinka.es\/ca\/wp-json\/wp\/v2\/types\/page"}],"author":[{"embeddable":true,"href":"https:\/\/fundacionrafanadal.quelinka.es\/ca\/wp-json\/wp\/v2\/users\/1"}],"replies":[{"embeddable":true,"href":"https:\/\/fundacionrafanadal.quelinka.es\/ca\/wp-json\/wp\/v2\/comments?post=10330"}],"version-history":[{"count":2,"href":"https:\/\/fundacionrafanadal.quelinka.es\/ca\/wp-json\/wp\/v2\/pages\/10330\/revisions"}],"predecessor-version":[{"id":10334,"href":"https:\/\/fundacionrafanadal.quelinka.es\/ca\/wp-json\/wp\/v2\/pages\/10330\/revisions\/10334"}],"up":[{"embeddable":true,"href":"https:\/\/fundacionrafanadal.quelinka.es\/ca\/wp-json\/wp\/v2\/pages\/7298"}],"wp:featuredmedia":[{"embeddable":true,"href":"https:\/\/fundacionrafanadal.quelinka.es\/ca\/wp-json\/wp\/v2\/media\/10324"}],"wp:attachment":[{"href":"https:\/\/fundacionrafanadal.quelinka.es\/ca\/wp-json\/wp\/v2\/media?parent=10330"}],"curies":[{"name":"wp","href":"https:\/\/api.w.org\/{rel}","templated":true}]}}