{"id":13639,"date":"2022-09-28T14:03:34","date_gmt":"2022-09-28T14:03:34","guid":{"rendered":"https:\/\/www.fundacionrafanadal.org\/?page_id=13639"},"modified":"2022-09-28T14:10:04","modified_gmt":"2022-09-28T14:10:04","slug":"la-fundacio-rafa-nadal-present-a-lacte-de-lliurament-de-premiseuros-de-tu-nomina-de-banco-santander","status":"publish","type":"page","link":"https:\/\/fundacionrafanadal.quelinka.es\/ca\/coneix-nos\/noticies\/noticies-2022\/la-fundacio-rafa-nadal-present-a-lacte-de-lliurament-de-premiseuros-de-tu-nomina-de-banco-santander\/","title":{"rendered":"La Fundaci\u00f3 Rafa Nadal present a l&#8217;acte de lliurament de premis&#8221;Euros de tu N\u00f3mina&#8221; de Banco Santander"},"content":{"rendered":"\n<div class=\"wp-block-media-text alignfull is-stacked-on-mobile is-image-fill has-background\" style=\"background-color:#ddac31\"><figure class=\"wp-block-media-text__media\" style=\"background-image:url(https:\/\/www.fundacionrafanadal.quelinka.es\/wp-content\/uploads\/2022\/07\/ISM08879.png);background-position:50% 50%\"><img loading=\"lazy\" decoding=\"async\" width=\"900\" height=\"399\" src=\"https:\/\/www.fundacionrafanadal.quelinka.es\/wp-content\/uploads\/2022\/07\/ISM08879.png\" alt=\"\" class=\"wp-image-9879 size-full\" srcset=\"https:\/\/fundacionrafanadal.quelinka.es\/wp-content\/uploads\/2022\/07\/ISM08879.png 900w, https:\/\/fundacionrafanadal.quelinka.es\/wp-content\/uploads\/2022\/07\/ISM08879-300x133.png 300w, https:\/\/fundacionrafanadal.quelinka.es\/wp-content\/uploads\/2022\/07\/ISM08879-768x340.png 768w\" sizes=\"auto, (max-width: 900px) 100vw, 900px\" \/><\/figure><div class=\"wp-block-media-text__content\">\n<div style=\"height:30px\" aria-hidden=\"true\" class=\"wp-block-spacer\"><\/div>\n\n\n\n<h2 class=\"has-ast-global-color-5-color has-text-color wp-block-heading\" style=\"font-size:48px\"><strong>Not\u00edcies<\/strong><\/h2>\n\n\n\n<div style=\"height:200px\" aria-hidden=\"true\" class=\"wp-block-spacer\"><\/div>\n<\/div><\/div>\n\n\n\n<div style=\"height:50px\" aria-hidden=\"true\" class=\"wp-block-spacer\"><\/div>\n\n\n\n<div class=\"inherit-container-width wp-block-group is-layout-constrained wp-block-group-is-layout-constrained\"><div class=\"wp-block-group__inner-container\"><div class=\"wp-block-post-date has-background has-ast-global-color-5-background-color\"><time datetime=\"2022-09-28T14:03:34+02:00\">28 de setembre de 2022<\/time><\/div>\n\n\n<h2 class=\"has-ast-global-color-5-background-color has-background has-medium-font-size wp-block-heading\" style=\"text-transform:uppercase\"><strong>LA FUNDACI\u00d3 RAFA NADAL PRESENT A L&#8217;ACTE DE LLIURAMENT DE PREMIS \u201cEUROS DE tu N\u00f3MINA\u201d DEL BANC SANTANDER<\/strong><\/h2>\n\n\n\n<figure class=\"wp-block-image alignwide size-large\"><img loading=\"lazy\" decoding=\"async\" width=\"1024\" height=\"683\" src=\"https:\/\/www.fundacionrafanadal.quelinka.es\/wp-content\/uploads\/2022\/09\/im-2022-09-27-su-majestad-la-reina-y-ana-botin-presiden-la-entrega-de-premios-de-la-xiv-convocatoria-euros-de-tu-nomina-de-banco-santander-2-1024x683.jpg\" alt=\"\" class=\"wp-image-13641\" srcset=\"https:\/\/fundacionrafanadal.quelinka.es\/wp-content\/uploads\/2022\/09\/im-2022-09-27-su-majestad-la-reina-y-ana-botin-presiden-la-entrega-de-premios-de-la-xiv-convocatoria-euros-de-tu-nomina-de-banco-santander-2-1024x683.jpg 1024w, https:\/\/fundacionrafanadal.quelinka.es\/wp-content\/uploads\/2022\/09\/im-2022-09-27-su-majestad-la-reina-y-ana-botin-presiden-la-entrega-de-premios-de-la-xiv-convocatoria-euros-de-tu-nomina-de-banco-santander-2-300x200.jpg 300w, https:\/\/fundacionrafanadal.quelinka.es\/wp-content\/uploads\/2022\/09\/im-2022-09-27-su-majestad-la-reina-y-ana-botin-presiden-la-entrega-de-premios-de-la-xiv-convocatoria-euros-de-tu-nomina-de-banco-santander-2-768x512.jpg 768w, https:\/\/fundacionrafanadal.quelinka.es\/wp-content\/uploads\/2022\/09\/im-2022-09-27-su-majestad-la-reina-y-ana-botin-presiden-la-entrega-de-premios-de-la-xiv-convocatoria-euros-de-tu-nomina-de-banco-santander-2-1536x1024.jpg 1536w, https:\/\/fundacionrafanadal.quelinka.es\/wp-content\/uploads\/2022\/09\/im-2022-09-27-su-majestad-la-reina-y-ana-botin-presiden-la-entrega-de-premios-de-la-xiv-convocatoria-euros-de-tu-nomina-de-banco-santander-2.jpg 1920w\" sizes=\"auto, (max-width: 1024px) 100vw, 1024px\" \/><\/figure>\n\n\n\n<p><\/p>\n\n\n\n<pre id=\"tw-target-text\" class=\"wp-block-preformatted has-ast-global-color-5-background-color has-background\">La Fundaci\u00f3 Rafa Nadal ha estat premiada a la convocat\u00f2ria social \u201cEuros de tu n\u00f3mina\u201d que promou el Banco Santander entre els seus treballadors i treballadores.\n\nEn aquests premis s\u00f3n els mateixos empleats els que presenten els projectes i tamb\u00e9 els que decideixen, per votaci\u00f3, quins s\u00f3n els guanyadors. L'any 2022 s'han presentat 196 projectes de 168 entitats socials, hi han participat 2.700 empleats i s'han recaptat 537.114\u20ac.\n\nEl Centre Fundaci\u00f3 Rafa Nadal ha estat un dels projectes escollits dins la categoria dinclusi\u00f3 social.\n\nDimarts 27 de setembre s'ha celebrat al Cercle de Belles Arts l'acte de lliurament de guardons amb la presid\u00e8ncia de Sa Majestat la Reina Letizia i la pres\u00e8ncia d'Ana Patricia Bot\u00edn, presidenta del Banco Santander.\n\nMaribel Nadal, germana de Rafael Nadal i filla d\u00b4Ana Mar\u00eda Parera, presidenta de la Fundaci\u00f3, ha estat l\u00b4encarregada d\u00b4acudir al\u00b4acte i recollir el premi en representaci\u00f3 de l\u00b4entitat.\n\nSa Majestat la Reina ha destacat que \u201cla societat civil del nostre pa\u00eds \u00e9s forta, solid\u00e0ria, \u00e9s potent en molts \u00e0mbits: assist\u00e8ncia, atenci\u00f3, acompanyament, defensa de persones que no tenen drets reconeguts, o estan sent vulnerats, o es troben en una situaci\u00f3 de desemparament, de vulnerabilitat, de solitud, de patiment\u201d.\n\nAna Bot\u00edn, presidenta de Banco Santander, ha agra\u00eft la participaci\u00f3 de la Reina i el comprom\u00eds demostrat sempre amb les causes socials i ha exal\u00e7at la tasca que fan les ONG: \u201cAmb el vostre esfor\u00e7 i professionalitat transformeu les vides, a millor, de milers de persones. Si hi ha alguna cosa que em fa aixecar cada dia amb il\u00b7lusi\u00f3 \u00e9s la capacitat que t\u00e9 la nostra feina d'impactar a la vida de moltes persones. Vosaltres ens ajudeu a multiplicar aquest impacte, la vostra feina \u00e9s font d'inspiraci\u00f3\u201d.<\/pre>\n\n\n\n<figure class=\"wp-block-image alignwide size-large\"><img loading=\"lazy\" decoding=\"async\" width=\"1024\" height=\"683\" src=\"https:\/\/www.fundacionrafanadal.quelinka.es\/wp-content\/uploads\/2022\/09\/im-2022-09-27-su-majestad-la-reina-y-ana-botin-presiden-la-entrega-de-premios-de-la-xiv-convocatoria-euros-de-tu-nomina-de-banco-santander-desktop-1024x683.jpg\" alt=\"\" class=\"wp-image-13647\" srcset=\"https:\/\/fundacionrafanadal.quelinka.es\/wp-content\/uploads\/2022\/09\/im-2022-09-27-su-majestad-la-reina-y-ana-botin-presiden-la-entrega-de-premios-de-la-xiv-convocatoria-euros-de-tu-nomina-de-banco-santander-desktop-1024x683.jpg 1024w, https:\/\/fundacionrafanadal.quelinka.es\/wp-content\/uploads\/2022\/09\/im-2022-09-27-su-majestad-la-reina-y-ana-botin-presiden-la-entrega-de-premios-de-la-xiv-convocatoria-euros-de-tu-nomina-de-banco-santander-desktop-300x200.jpg 300w, https:\/\/fundacionrafanadal.quelinka.es\/wp-content\/uploads\/2022\/09\/im-2022-09-27-su-majestad-la-reina-y-ana-botin-presiden-la-entrega-de-premios-de-la-xiv-convocatoria-euros-de-tu-nomina-de-banco-santander-desktop-768x512.jpg 768w, https:\/\/fundacionrafanadal.quelinka.es\/wp-content\/uploads\/2022\/09\/im-2022-09-27-su-majestad-la-reina-y-ana-botin-presiden-la-entrega-de-premios-de-la-xiv-convocatoria-euros-de-tu-nomina-de-banco-santander-desktop-1536x1024.jpg 1536w, https:\/\/fundacionrafanadal.quelinka.es\/wp-content\/uploads\/2022\/09\/im-2022-09-27-su-majestad-la-reina-y-ana-botin-presiden-la-entrega-de-premios-de-la-xiv-convocatoria-euros-de-tu-nomina-de-banco-santander-desktop.jpg 1920w\" sizes=\"auto, (max-width: 1024px) 100vw, 1024px\" \/><\/figure>\n<\/div><\/div>\n","protected":false},"excerpt":{"rendered":"<p>LA FUNDACI\u00d3 RAFA NADAL PRESENT A L&#8217;ACTE DE LLIURAMENT DE PREMIS \u201cEUROS DE tu N\u00f3MINA\u201d DEL BANC SANTANDER La Fundaci\u00f3 Rafa Nadal ha estat premiada a la convocat\u00f2ria social \u201cEuros de tu n\u00f3mina\u201d que promou el Banco Santander entre els seus treballadors i treballadores. En aquests premis s\u00f3n els mateixos empleats els que presenten els [&hellip;]<\/p>\n","protected":false},"author":1,"featured_media":13642,"parent":7298,"menu_order":0,"comment_status":"closed","ping_status":"closed","template":"","meta":{"_acf_changed":false,"give_campaign_id":0,"_monsterinsights_skip_tracking":false,"_monsterinsights_sitenote_active":false,"_monsterinsights_sitenote_note":"","_monsterinsights_sitenote_category":0,"site-sidebar-layout":"default","site-content-layout":"","ast-site-content-layout":"default","site-content-style":"default","site-sidebar-style":"default","ast-global-header-display":"","ast-banner-title-visibility":"","ast-main-header-display":"","ast-hfb-above-header-display":"","ast-hfb-below-header-display":"","ast-hfb-mobile-header-display":"","site-post-title":"disabled","ast-breadcrumbs-content":"","ast-featured-img":"disabled","footer-sml-layout":"","ast-disable-related-posts":"","theme-transparent-header-meta":"","adv-header-id-meta":"","stick-header-meta":"","header-above-stick-meta":"","header-main-stick-meta":"","header-below-stick-meta":"","astra-migrate-meta-layouts":"default","ast-page-background-enabled":"default","ast-page-background-meta":{"desktop":{"background-color":"var(--ast-global-color-4)","background-image":"","background-repeat":"repeat","background-position":"center center","background-size":"auto","background-attachment":"scroll","background-type":"","background-media":"","overlay-type":"","overlay-color":"","overlay-opacity":"","overlay-gradient":""},"tablet":{"background-color":"","background-image":"","background-repeat":"repeat","background-position":"center center","background-size":"auto","background-attachment":"scroll","background-type":"","background-media":"","overlay-type":"","overlay-color":"","overlay-opacity":"","overlay-gradient":""},"mobile":{"background-color":"","background-image":"","background-repeat":"repeat","background-position":"center center","background-size":"auto","background-attachment":"scroll","background-type":"","background-media":"","overlay-type":"","overlay-color":"","overlay-opacity":"","overlay-gradient":""}},"ast-content-background-meta":{"desktop":{"background-color":"var(--ast-global-color-5)","background-image":"","background-repeat":"repeat","background-position":"center center","background-size":"auto","background-attachment":"scroll","background-type":"","background-media":"","overlay-type":"","overlay-color":"","overlay-opacity":"","overlay-gradient":""},"tablet":{"background-color":"var(--ast-global-color-5)","background-image":"","background-repeat":"repeat","background-position":"center center","background-size":"auto","background-attachment":"scroll","background-type":"","background-media":"","overlay-type":"","overlay-color":"","overlay-opacity":"","overlay-gradient":""},"mobile":{"background-color":"var(--ast-global-color-5)","background-image":"","background-repeat":"repeat","background-position":"center center","background-size":"auto","background-attachment":"scroll","background-type":"","background-media":"","overlay-type":"","overlay-color":"","overlay-opacity":"","overlay-gradient":""}},"_themeisle_gutenberg_block_has_review":false,"footnotes":""},"class_list":["post-13639","page","type-page","status-publish","has-post-thumbnail","hentry"],"acf":[],"yoast_head":"<!-- This site is optimized with the Yoast SEO plugin v26.8 - https:\/\/yoast.com\/product\/yoast-seo-wordpress\/ -->\n<title>La Fundaci\u00f3 Rafa Nadal present a l&#039;acte de lliurament de premis&quot;Euros de tu N\u00f3mina&quot; de Banco Santander - Fundaci\u00f3n Rafa Nadal<\/title>\n<meta name=\"robots\" content=\"noindex, follow, max-snippet:-1, max-image-preview:large, max-video-preview:-1\" \/>\n<meta property=\"og:locale\" content=\"ca_ES\" \/>\n<meta property=\"og:type\" content=\"article\" \/>\n<meta property=\"og:title\" content=\"La Fundaci\u00f3 Rafa Nadal present a l&#039;acte de lliurament de premis&quot;Euros de tu N\u00f3mina&quot; de Banco Santander - Fundaci\u00f3n Rafa Nadal\" \/>\n<meta property=\"og:description\" content=\"LA FUNDACI\u00d3 RAFA NADAL PRESENT A L&#8217;ACTE DE LLIURAMENT DE PREMIS \u201cEUROS DE tu N\u00f3MINA\u201d DEL BANC SANTANDER La Fundaci\u00f3 Rafa Nadal ha estat premiada a la convocat\u00f2ria social \u201cEuros de tu n\u00f3mina\u201d que promou el Banco Santander entre els seus treballadors i treballadores. En aquests premis s\u00f3n els mateixos empleats els que presenten els [&hellip;]\" \/>\n<meta property=\"og:url\" content=\"https:\/\/fundacionrafanadal.quelinka.es\/ca\/coneix-nos\/noticies\/noticies-2022\/la-fundacio-rafa-nadal-present-a-lacte-de-lliurament-de-premiseuros-de-tu-nomina-de-banco-santander\/\" \/>\n<meta property=\"og:site_name\" content=\"Fundaci\u00f3n Rafa Nadal\" \/>\n<meta property=\"article:modified_time\" content=\"2022-09-28T14:10:04+00:00\" \/>\n<meta property=\"og:image\" content=\"https:\/\/fundacionrafanadal.quelinka.es\/wp-content\/uploads\/2022\/09\/im-2022-09-27-su-majestad-la-reina-y-ana-botin-presiden-la-entrega-de-premios-de-la-xiv-convocatoria-euros-de-tu-nomina-de-banco-santander-2.jpg\" \/>\n\t<meta property=\"og:image:width\" content=\"1920\" \/>\n\t<meta property=\"og:image:height\" content=\"1280\" \/>\n\t<meta property=\"og:image:type\" content=\"image\/jpeg\" \/>\n<meta name=\"twitter:card\" content=\"summary_large_image\" \/>\n<meta name=\"twitter:label1\" content=\"Temps estimat de lectura\" \/>\n\t<meta name=\"twitter:data1\" content=\"2 minuts\" \/>\n<script type=\"application\/ld+json\" class=\"yoast-schema-graph\">{\"@context\":\"https:\/\/schema.org\",\"@graph\":[{\"@type\":\"WebPage\",\"@id\":\"https:\/\/fundacionrafanadal.quelinka.es\/ca\/coneix-nos\/noticies\/noticies-2022\/la-fundacio-rafa-nadal-present-a-lacte-de-lliurament-de-premiseuros-de-tu-nomina-de-banco-santander\/\",\"url\":\"https:\/\/fundacionrafanadal.quelinka.es\/ca\/coneix-nos\/noticies\/noticies-2022\/la-fundacio-rafa-nadal-present-a-lacte-de-lliurament-de-premiseuros-de-tu-nomina-de-banco-santander\/\",\"name\":\"La Fundaci\u00f3 Rafa Nadal present a l'acte de lliurament de premis\\\"Euros de tu N\u00f3mina\\\" de Banco Santander - Fundaci\u00f3n Rafa Nadal\",\"isPartOf\":{\"@id\":\"https:\/\/fundacionrafanadal.quelinka.es\/ca\/#website\"},\"primaryImageOfPage\":{\"@id\":\"https:\/\/fundacionrafanadal.quelinka.es\/ca\/coneix-nos\/noticies\/noticies-2022\/la-fundacio-rafa-nadal-present-a-lacte-de-lliurament-de-premiseuros-de-tu-nomina-de-banco-santander\/#primaryimage\"},\"image\":{\"@id\":\"https:\/\/fundacionrafanadal.quelinka.es\/ca\/coneix-nos\/noticies\/noticies-2022\/la-fundacio-rafa-nadal-present-a-lacte-de-lliurament-de-premiseuros-de-tu-nomina-de-banco-santander\/#primaryimage\"},\"thumbnailUrl\":\"https:\/\/fundacionrafanadal.quelinka.es\/wp-content\/uploads\/2022\/09\/im-2022-09-27-su-majestad-la-reina-y-ana-botin-presiden-la-entrega-de-premios-de-la-xiv-convocatoria-euros-de-tu-nomina-de-banco-santander-2.jpg\",\"datePublished\":\"2022-09-28T14:03:34+00:00\",\"dateModified\":\"2022-09-28T14:10:04+00:00\",\"breadcrumb\":{\"@id\":\"https:\/\/fundacionrafanadal.quelinka.es\/ca\/coneix-nos\/noticies\/noticies-2022\/la-fundacio-rafa-nadal-present-a-lacte-de-lliurament-de-premiseuros-de-tu-nomina-de-banco-santander\/#breadcrumb\"},\"inLanguage\":\"ca\",\"potentialAction\":[{\"@type\":\"ReadAction\",\"target\":[\"https:\/\/fundacionrafanadal.quelinka.es\/ca\/coneix-nos\/noticies\/noticies-2022\/la-fundacio-rafa-nadal-present-a-lacte-de-lliurament-de-premiseuros-de-tu-nomina-de-banco-santander\/\"]}]},{\"@type\":\"ImageObject\",\"inLanguage\":\"ca\",\"@id\":\"https:\/\/fundacionrafanadal.quelinka.es\/ca\/coneix-nos\/noticies\/noticies-2022\/la-fundacio-rafa-nadal-present-a-lacte-de-lliurament-de-premiseuros-de-tu-nomina-de-banco-santander\/#primaryimage\",\"url\":\"https:\/\/fundacionrafanadal.quelinka.es\/wp-content\/uploads\/2022\/09\/im-2022-09-27-su-majestad-la-reina-y-ana-botin-presiden-la-entrega-de-premios-de-la-xiv-convocatoria-euros-de-tu-nomina-de-banco-santander-2.jpg\",\"contentUrl\":\"https:\/\/fundacionrafanadal.quelinka.es\/wp-content\/uploads\/2022\/09\/im-2022-09-27-su-majestad-la-reina-y-ana-botin-presiden-la-entrega-de-premios-de-la-xiv-convocatoria-euros-de-tu-nomina-de-banco-santander-2.jpg\",\"width\":1920,\"height\":1280},{\"@type\":\"BreadcrumbList\",\"@id\":\"https:\/\/fundacionrafanadal.quelinka.es\/ca\/coneix-nos\/noticies\/noticies-2022\/la-fundacio-rafa-nadal-present-a-lacte-de-lliurament-de-premiseuros-de-tu-nomina-de-banco-santander\/#breadcrumb\",\"itemListElement\":[{\"@type\":\"ListItem\",\"position\":1,\"name\":\"Portada\",\"item\":\"https:\/\/fundacionrafanadal.quelinka.es\/ca\/\"},{\"@type\":\"ListItem\",\"position\":2,\"name\":\"Coneix-nos\",\"item\":\"https:\/\/fundacionrafanadal.quelinka.es\/ca\/conocenos\/\"},{\"@type\":\"ListItem\",\"position\":3,\"name\":\"Not\u00edcies\",\"item\":\"https:\/\/fundacionrafanadal.quelinka.es\/ca\/conocenos\/noticias\/\"},{\"@type\":\"ListItem\",\"position\":4,\"name\":\"Not\u00edcies 2022\",\"item\":\"https:\/\/fundacionrafanadal.quelinka.es\/ca\/conocenos\/noticias\/noticias-2022\/\"},{\"@type\":\"ListItem\",\"position\":5,\"name\":\"La Fundaci\u00f3 Rafa Nadal present a l&#8217;acte de lliurament de premis&#8221;Euros de tu N\u00f3mina&#8221; de Banco Santander\"}]},{\"@type\":\"WebSite\",\"@id\":\"https:\/\/fundacionrafanadal.quelinka.es\/ca\/#website\",\"url\":\"https:\/\/fundacionrafanadal.quelinka.es\/ca\/\",\"name\":\"Fundaci\u00f3n Rafa Nadal\",\"description\":\"A trav\u00e9s del deporte y la educaci\u00f3n, promovemos la integraci\u00f3n y el desarrollo personal y social de ni\u00f1os y j\u00f3venes. En Espa\u00f1a y la India.\",\"publisher\":{\"@id\":\"https:\/\/fundacionrafanadal.quelinka.es\/ca\/#organization\"},\"potentialAction\":[{\"@type\":\"SearchAction\",\"target\":{\"@type\":\"EntryPoint\",\"urlTemplate\":\"https:\/\/fundacionrafanadal.quelinka.es\/ca\/?s={search_term_string}\"},\"query-input\":{\"@type\":\"PropertyValueSpecification\",\"valueRequired\":true,\"valueName\":\"search_term_string\"}}],\"inLanguage\":\"ca\"},{\"@type\":\"Organization\",\"@id\":\"https:\/\/fundacionrafanadal.quelinka.es\/ca\/#organization\",\"name\":\"Fundaci\u00f3n Rafa Nadal\",\"url\":\"https:\/\/fundacionrafanadal.quelinka.es\/ca\/\",\"logo\":{\"@type\":\"ImageObject\",\"inLanguage\":\"ca\",\"@id\":\"https:\/\/fundacionrafanadal.quelinka.es\/ca\/#\/schema\/logo\/image\/\",\"url\":\"https:\/\/fundacionrafanadal.quelinka.es\/wp-content\/uploads\/2022\/09\/logo-frn-web-3.png\",\"contentUrl\":\"https:\/\/fundacionrafanadal.quelinka.es\/wp-content\/uploads\/2022\/09\/logo-frn-web-3.png\",\"width\":551,\"height\":140,\"caption\":\"Fundaci\u00f3n Rafa Nadal\"},\"image\":{\"@id\":\"https:\/\/fundacionrafanadal.quelinka.es\/ca\/#\/schema\/logo\/image\/\"}}]}<\/script>\n<!-- \/ Yoast SEO plugin. -->","yoast_head_json":{"title":"La Fundaci\u00f3 Rafa Nadal present a l'acte de lliurament de premis\"Euros de tu N\u00f3mina\" de Banco Santander - Fundaci\u00f3n Rafa Nadal","robots":{"index":"noindex","follow":"follow","max-snippet":"max-snippet:-1","max-image-preview":"max-image-preview:large","max-video-preview":"max-video-preview:-1"},"og_locale":"ca_ES","og_type":"article","og_title":"La Fundaci\u00f3 Rafa Nadal present a l'acte de lliurament de premis\"Euros de tu N\u00f3mina\" de Banco Santander - Fundaci\u00f3n Rafa Nadal","og_description":"LA FUNDACI\u00d3 RAFA NADAL PRESENT A L&#8217;ACTE DE LLIURAMENT DE PREMIS \u201cEUROS DE tu N\u00f3MINA\u201d DEL BANC SANTANDER La Fundaci\u00f3 Rafa Nadal ha estat premiada a la convocat\u00f2ria social \u201cEuros de tu n\u00f3mina\u201d que promou el Banco Santander entre els seus treballadors i treballadores. En aquests premis s\u00f3n els mateixos empleats els que presenten els [&hellip;]","og_url":"https:\/\/fundacionrafanadal.quelinka.es\/ca\/coneix-nos\/noticies\/noticies-2022\/la-fundacio-rafa-nadal-present-a-lacte-de-lliurament-de-premiseuros-de-tu-nomina-de-banco-santander\/","og_site_name":"Fundaci\u00f3n Rafa Nadal","article_modified_time":"2022-09-28T14:10:04+00:00","og_image":[{"width":1920,"height":1280,"url":"https:\/\/fundacionrafanadal.quelinka.es\/wp-content\/uploads\/2022\/09\/im-2022-09-27-su-majestad-la-reina-y-ana-botin-presiden-la-entrega-de-premios-de-la-xiv-convocatoria-euros-de-tu-nomina-de-banco-santander-2.jpg","type":"image\/jpeg"}],"twitter_card":"summary_large_image","twitter_misc":{"Temps estimat de lectura":"2 minuts"},"schema":{"@context":"https:\/\/schema.org","@graph":[{"@type":"WebPage","@id":"https:\/\/fundacionrafanadal.quelinka.es\/ca\/coneix-nos\/noticies\/noticies-2022\/la-fundacio-rafa-nadal-present-a-lacte-de-lliurament-de-premiseuros-de-tu-nomina-de-banco-santander\/","url":"https:\/\/fundacionrafanadal.quelinka.es\/ca\/coneix-nos\/noticies\/noticies-2022\/la-fundacio-rafa-nadal-present-a-lacte-de-lliurament-de-premiseuros-de-tu-nomina-de-banco-santander\/","name":"La Fundaci\u00f3 Rafa Nadal present a l'acte de lliurament de premis\"Euros de tu N\u00f3mina\" de Banco Santander - Fundaci\u00f3n Rafa Nadal","isPartOf":{"@id":"https:\/\/fundacionrafanadal.quelinka.es\/ca\/#website"},"primaryImageOfPage":{"@id":"https:\/\/fundacionrafanadal.quelinka.es\/ca\/coneix-nos\/noticies\/noticies-2022\/la-fundacio-rafa-nadal-present-a-lacte-de-lliurament-de-premiseuros-de-tu-nomina-de-banco-santander\/#primaryimage"},"image":{"@id":"https:\/\/fundacionrafanadal.quelinka.es\/ca\/coneix-nos\/noticies\/noticies-2022\/la-fundacio-rafa-nadal-present-a-lacte-de-lliurament-de-premiseuros-de-tu-nomina-de-banco-santander\/#primaryimage"},"thumbnailUrl":"https:\/\/fundacionrafanadal.quelinka.es\/wp-content\/uploads\/2022\/09\/im-2022-09-27-su-majestad-la-reina-y-ana-botin-presiden-la-entrega-de-premios-de-la-xiv-convocatoria-euros-de-tu-nomina-de-banco-santander-2.jpg","datePublished":"2022-09-28T14:03:34+00:00","dateModified":"2022-09-28T14:10:04+00:00","breadcrumb":{"@id":"https:\/\/fundacionrafanadal.quelinka.es\/ca\/coneix-nos\/noticies\/noticies-2022\/la-fundacio-rafa-nadal-present-a-lacte-de-lliurament-de-premiseuros-de-tu-nomina-de-banco-santander\/#breadcrumb"},"inLanguage":"ca","potentialAction":[{"@type":"ReadAction","target":["https:\/\/fundacionrafanadal.quelinka.es\/ca\/coneix-nos\/noticies\/noticies-2022\/la-fundacio-rafa-nadal-present-a-lacte-de-lliurament-de-premiseuros-de-tu-nomina-de-banco-santander\/"]}]},{"@type":"ImageObject","inLanguage":"ca","@id":"https:\/\/fundacionrafanadal.quelinka.es\/ca\/coneix-nos\/noticies\/noticies-2022\/la-fundacio-rafa-nadal-present-a-lacte-de-lliurament-de-premiseuros-de-tu-nomina-de-banco-santander\/#primaryimage","url":"https:\/\/fundacionrafanadal.quelinka.es\/wp-content\/uploads\/2022\/09\/im-2022-09-27-su-majestad-la-reina-y-ana-botin-presiden-la-entrega-de-premios-de-la-xiv-convocatoria-euros-de-tu-nomina-de-banco-santander-2.jpg","contentUrl":"https:\/\/fundacionrafanadal.quelinka.es\/wp-content\/uploads\/2022\/09\/im-2022-09-27-su-majestad-la-reina-y-ana-botin-presiden-la-entrega-de-premios-de-la-xiv-convocatoria-euros-de-tu-nomina-de-banco-santander-2.jpg","width":1920,"height":1280},{"@type":"BreadcrumbList","@id":"https:\/\/fundacionrafanadal.quelinka.es\/ca\/coneix-nos\/noticies\/noticies-2022\/la-fundacio-rafa-nadal-present-a-lacte-de-lliurament-de-premiseuros-de-tu-nomina-de-banco-santander\/#breadcrumb","itemListElement":[{"@type":"ListItem","position":1,"name":"Portada","item":"https:\/\/fundacionrafanadal.quelinka.es\/ca\/"},{"@type":"ListItem","position":2,"name":"Coneix-nos","item":"https:\/\/fundacionrafanadal.quelinka.es\/ca\/conocenos\/"},{"@type":"ListItem","position":3,"name":"Not\u00edcies","item":"https:\/\/fundacionrafanadal.quelinka.es\/ca\/conocenos\/noticias\/"},{"@type":"ListItem","position":4,"name":"Not\u00edcies 2022","item":"https:\/\/fundacionrafanadal.quelinka.es\/ca\/conocenos\/noticias\/noticias-2022\/"},{"@type":"ListItem","position":5,"name":"La Fundaci\u00f3 Rafa Nadal present a l&#8217;acte de lliurament de premis&#8221;Euros de tu N\u00f3mina&#8221; de Banco Santander"}]},{"@type":"WebSite","@id":"https:\/\/fundacionrafanadal.quelinka.es\/ca\/#website","url":"https:\/\/fundacionrafanadal.quelinka.es\/ca\/","name":"Fundaci\u00f3n Rafa Nadal","description":"A trav\u00e9s del deporte y la educaci\u00f3n, promovemos la integraci\u00f3n y el desarrollo personal y social de ni\u00f1os y j\u00f3venes. En Espa\u00f1a y la India.","publisher":{"@id":"https:\/\/fundacionrafanadal.quelinka.es\/ca\/#organization"},"potentialAction":[{"@type":"SearchAction","target":{"@type":"EntryPoint","urlTemplate":"https:\/\/fundacionrafanadal.quelinka.es\/ca\/?s={search_term_string}"},"query-input":{"@type":"PropertyValueSpecification","valueRequired":true,"valueName":"search_term_string"}}],"inLanguage":"ca"},{"@type":"Organization","@id":"https:\/\/fundacionrafanadal.quelinka.es\/ca\/#organization","name":"Fundaci\u00f3n Rafa Nadal","url":"https:\/\/fundacionrafanadal.quelinka.es\/ca\/","logo":{"@type":"ImageObject","inLanguage":"ca","@id":"https:\/\/fundacionrafanadal.quelinka.es\/ca\/#\/schema\/logo\/image\/","url":"https:\/\/fundacionrafanadal.quelinka.es\/wp-content\/uploads\/2022\/09\/logo-frn-web-3.png","contentUrl":"https:\/\/fundacionrafanadal.quelinka.es\/wp-content\/uploads\/2022\/09\/logo-frn-web-3.png","width":551,"height":140,"caption":"Fundaci\u00f3n Rafa Nadal"},"image":{"@id":"https:\/\/fundacionrafanadal.quelinka.es\/ca\/#\/schema\/logo\/image\/"}}]}},"campaignId":"","_links":{"self":[{"href":"https:\/\/fundacionrafanadal.quelinka.es\/ca\/wp-json\/wp\/v2\/pages\/13639","targetHints":{"allow":["GET"]}}],"collection":[{"href":"https:\/\/fundacionrafanadal.quelinka.es\/ca\/wp-json\/wp\/v2\/pages"}],"about":[{"href":"https:\/\/fundacionrafanadal.quelinka.es\/ca\/wp-json\/wp\/v2\/types\/page"}],"author":[{"embeddable":true,"href":"https:\/\/fundacionrafanadal.quelinka.es\/ca\/wp-json\/wp\/v2\/users\/1"}],"replies":[{"embeddable":true,"href":"https:\/\/fundacionrafanadal.quelinka.es\/ca\/wp-json\/wp\/v2\/comments?post=13639"}],"version-history":[{"count":3,"href":"https:\/\/fundacionrafanadal.quelinka.es\/ca\/wp-json\/wp\/v2\/pages\/13639\/revisions"}],"predecessor-version":[{"id":13659,"href":"https:\/\/fundacionrafanadal.quelinka.es\/ca\/wp-json\/wp\/v2\/pages\/13639\/revisions\/13659"}],"up":[{"embeddable":true,"href":"https:\/\/fundacionrafanadal.quelinka.es\/ca\/wp-json\/wp\/v2\/pages\/7298"}],"wp:featuredmedia":[{"embeddable":true,"href":"https:\/\/fundacionrafanadal.quelinka.es\/ca\/wp-json\/wp\/v2\/media\/13642"}],"wp:attachment":[{"href":"https:\/\/fundacionrafanadal.quelinka.es\/ca\/wp-json\/wp\/v2\/media?parent=13639"}],"curies":[{"name":"wp","href":"https:\/\/api.w.org\/{rel}","templated":true}]}}