{"id":14934,"date":"2022-12-23T08:46:44","date_gmt":"2022-12-23T08:46:44","guid":{"rendered":"https:\/\/www.fundacionrafanadal.org\/?page_id=14934"},"modified":"2022-12-23T08:52:02","modified_gmt":"2022-12-23T08:52:02","slug":"el-centre-fundacio-rafa-nadal-de-madrid-rep-el-premi-usera-solidaria","status":"publish","type":"page","link":"https:\/\/fundacionrafanadal.quelinka.es\/ca\/coneix-nos\/noticies\/noticies-2022\/el-centre-fundacio-rafa-nadal-de-madrid-rep-el-premi-usera-solidaria\/","title":{"rendered":"EL CENTRE FUNDACI\u00d3 RAFA NADAL DE MADRID REP EL PREMI\u00a0USERA\u00a0SOLID\u00c0RIA"},"content":{"rendered":"\n<div class=\"wp-block-media-text alignfull is-stacked-on-mobile is-image-fill has-background\" style=\"background-color:#ddac31\"><figure class=\"wp-block-media-text__media\" style=\"background-image:url(https:\/\/www.fundacionrafanadal.quelinka.es\/wp-content\/uploads\/2022\/07\/ISM08879.png);background-position:50% 50%\"><img loading=\"lazy\" decoding=\"async\" width=\"900\" height=\"399\" src=\"https:\/\/www.fundacionrafanadal.quelinka.es\/wp-content\/uploads\/2022\/07\/ISM08879.png\" alt=\"\" class=\"wp-image-9879 size-full\" srcset=\"https:\/\/fundacionrafanadal.quelinka.es\/wp-content\/uploads\/2022\/07\/ISM08879.png 900w, https:\/\/fundacionrafanadal.quelinka.es\/wp-content\/uploads\/2022\/07\/ISM08879-300x133.png 300w, https:\/\/fundacionrafanadal.quelinka.es\/wp-content\/uploads\/2022\/07\/ISM08879-768x340.png 768w\" sizes=\"auto, (max-width: 900px) 100vw, 900px\" \/><\/figure><div class=\"wp-block-media-text__content\">\n<div style=\"height:30px\" aria-hidden=\"true\" class=\"wp-block-spacer\"><\/div>\n\n\n\n<h2 class=\"has-ast-global-color-5-color has-text-color wp-block-heading\" style=\"font-size:48px\"><strong>Not\u00edcies<\/strong><\/h2>\n\n\n\n<div style=\"height:200px\" aria-hidden=\"true\" class=\"wp-block-spacer\"><\/div>\n<\/div><\/div>\n\n\n\n<div style=\"height:50px\" aria-hidden=\"true\" class=\"wp-block-spacer\"><\/div>\n\n\n\n<div class=\"inherit-container-width wp-block-group is-layout-constrained wp-block-group-is-layout-constrained\"><div class=\"wp-block-group__inner-container\"><div class=\"wp-block-post-date\"><time datetime=\"2022-12-23T08:46:44+02:00\">23 de desembre de 2022<\/time><\/div>\n\n\n<h2 class=\"has-medium-font-size wp-block-heading\" style=\"text-transform:uppercase\"><strong>EL CENTRO FUNDACI\u00d3N RAFA NADAL DE MADRID RECIBE EL PREMIO USERA SOLIDARIA EN LA CATEGORIA ENTIDAD SOCIAL<\/strong><\/h2>\n\n\n\n<p>Por segundo a\u00f1o consecutivo, el Centro de Educaci\u00f3n Ambiental y Cultural Maris Stella ha acogido este mi\u00e9rcoles el acto de entrega de los II Premios Usera Solidaria, unos galardones que reconocen y ponen en valor el trabajo solidario y altruista realizado por los diferentes agentes sociales en el distrito. Estas distinciones se dividen en seis categor\u00edas con las que se pretende ayudar a incentivar y promover acciones de solidaridad entre la ciudadan\u00eda y las entidades privadas y sociales.<\/p>\n\n\n\n<h2 class=\"wp-block-heading\"><strong>En la categor\u00eda de Entidad Social, el galard\u00f3n ha reca\u00eddo en el Centro Fundaci\u00f3n Rafa Nadal que atienda a menores en situaci\u00f3n de vulnerabilidad y sus familias a trav\u00e9s de actividades deportivas, educativas y apoyo psicosocial.<\/strong><\/h2>\n\n\n\n<figure class=\"wp-block-gallery has-nested-images columns-default is-cropped wp-block-gallery-1 is-layout-flex wp-block-gallery-is-layout-flex\">\n<figure class=\"wp-block-image size-large\"><img loading=\"lazy\" decoding=\"async\" width=\"1024\" height=\"819\" data-id=\"14942\" src=\"https:\/\/www.fundacionrafanadal.quelinka.es\/wp-content\/uploads\/2022\/12\/premio-1024x819.jpg\" alt=\"\" class=\"wp-image-14942\" srcset=\"https:\/\/fundacionrafanadal.quelinka.es\/wp-content\/uploads\/2022\/12\/premio-1024x819.jpg 1024w, https:\/\/fundacionrafanadal.quelinka.es\/wp-content\/uploads\/2022\/12\/premio-300x240.jpg 300w, https:\/\/fundacionrafanadal.quelinka.es\/wp-content\/uploads\/2022\/12\/premio-768x614.jpg 768w, https:\/\/fundacionrafanadal.quelinka.es\/wp-content\/uploads\/2022\/12\/premio.jpg 1383w\" sizes=\"auto, (max-width: 1024px) 100vw, 1024px\" \/><\/figure>\n\n\n\n<figure class=\"wp-block-image size-large\"><img loading=\"lazy\" decoding=\"async\" width=\"1024\" height=\"819\" data-id=\"14954\" src=\"https:\/\/www.fundacionrafanadal.quelinka.es\/wp-content\/uploads\/2022\/12\/premio02_b-1024x819.jpg\" alt=\"\" class=\"wp-image-14954\" srcset=\"https:\/\/fundacionrafanadal.quelinka.es\/wp-content\/uploads\/2022\/12\/premio02_b-1024x819.jpg 1024w, https:\/\/fundacionrafanadal.quelinka.es\/wp-content\/uploads\/2022\/12\/premio02_b-300x240.jpg 300w, https:\/\/fundacionrafanadal.quelinka.es\/wp-content\/uploads\/2022\/12\/premio02_b-768x615.jpg 768w, https:\/\/fundacionrafanadal.quelinka.es\/wp-content\/uploads\/2022\/12\/premio02_b.jpg 1366w\" sizes=\"auto, (max-width: 1024px) 100vw, 1024px\" \/><\/figure>\n<\/figure>\n\n\n\n<p>En el apartado de Empresa se ha distinguido a Hiper Usera por el compromiso con la creaci\u00f3n de empleo y generaci\u00f3n de riqueza en el distrito desde su creaci\u00f3n, hace m\u00e1s de 60 a\u00f1os.<\/p>\n\n\n\n<p>Dentro de la categor\u00eda de Instituci\u00f3n, se ha premiado al Colegio San Viator por la extraordinaria labor docente durante 60 a\u00f1os como centro educativo del distrito, comprometido con la implicaci\u00f3n ciudadana y con la pr\u00e1ctica deportiva, y de reconocido prestigio en la ciudad.<\/p>\n\n\n\n<p>En la categor\u00eda de Servicio P\u00fablico Municipal, el premio distingue a la Empresa Municipal de la Vivienda y Suelo de Madrid y a la Direcci\u00f3n General de Vivienda por los m\u00e1s de 41 a\u00f1os de servicio a los madrile\u00f1os y, de forma especial, en el distrito, por la rehabilitaci\u00f3n de la Iglesia Maris Stella, la construcci\u00f3n de la Biblioteca de San Ferm\u00edn, su promoci\u00f3n de vivienda social en la capital y la gesti\u00f3n de programas de rehabilitaci\u00f3n y alquiler, un compromiso que ha permitido retirar el amianto de 1.300 viviendas en Meseta de Orcasitas.<\/p>\n\n\n\n<p>En la nueva categor\u00eda de premios de este a\u00f1o, denominada Compromiso con el distrito, que pretende reconocer y poner en valor las ra\u00edces en el distrito de personas, empresas y entidades que han pretendido dar frutos positivos, se han entregado varios premios: a los mercados municipales de Usera, Jes\u00fas del Gran Poder, Usera y Orcasitas, por el servicio esencial y atenci\u00f3n que prestan a los vecinos y por su compromiso en los a\u00f1os tan dif\u00edciles de la pandemia; y al Museo del Jam\u00f3n como empresa se\u00f1era que, desde los a\u00f1os 60, genera empleo en el distrito y colabora de forma activa con entidades sociales de Usera.<\/p>\n\n\n\n<p>Estos reconocimientos nacieron el a\u00f1o pasado impulsados por la Junta Municipal de Usera, para destacar el patrimonio de solidaridad del distrito, que se distingue por iniciativas de respuesta y ayuda ejemplar.<\/p>\n\n\n\n<figure class=\"wp-block-image size-large\"><img loading=\"lazy\" decoding=\"async\" width=\"1024\" height=\"819\" src=\"https:\/\/www.fundacionrafanadal.quelinka.es\/wp-content\/uploads\/2022\/12\/premio03-1024x819.jpg\" alt=\"\" class=\"wp-image-14939\" srcset=\"https:\/\/fundacionrafanadal.quelinka.es\/wp-content\/uploads\/2022\/12\/premio03-1024x819.jpg 1024w, https:\/\/fundacionrafanadal.quelinka.es\/wp-content\/uploads\/2022\/12\/premio03-300x240.jpg 300w, https:\/\/fundacionrafanadal.quelinka.es\/wp-content\/uploads\/2022\/12\/premio03-768x614.jpg 768w, https:\/\/fundacionrafanadal.quelinka.es\/wp-content\/uploads\/2022\/12\/premio03.jpg 1500w\" sizes=\"auto, (max-width: 1024px) 100vw, 1024px\" \/><\/figure>\n\n\n\n<h2 class=\"wp-block-heading\"><strong>El equipo del Centro Fundaci\u00f3n Rafa Nadal de Madrid cierra un a\u00f1o de trabajo con broche de oro gracias a este reconocimiento a su esfuerzo y compromiso.<\/strong><\/h2>\n<\/div><\/div>\n","protected":false},"excerpt":{"rendered":"<p>EL CENTRO FUNDACI\u00d3N RAFA NADAL DE MADRID RECIBE EL PREMIO USERA SOLIDARIA EN LA CATEGORIA ENTIDAD SOCIAL Por segundo a\u00f1o consecutivo, el Centro de Educaci\u00f3n Ambiental y Cultural Maris Stella ha acogido este mi\u00e9rcoles el acto de entrega de los II Premios Usera Solidaria, unos galardones que reconocen y ponen en valor el trabajo solidario [&hellip;]<\/p>\n","protected":false},"author":1,"featured_media":14937,"parent":7298,"menu_order":0,"comment_status":"closed","ping_status":"closed","template":"","meta":{"_acf_changed":false,"give_campaign_id":0,"_monsterinsights_skip_tracking":false,"_monsterinsights_sitenote_active":false,"_monsterinsights_sitenote_note":"","_monsterinsights_sitenote_category":0,"site-sidebar-layout":"default","site-content-layout":"","ast-site-content-layout":"default","site-content-style":"default","site-sidebar-style":"default","ast-global-header-display":"","ast-banner-title-visibility":"","ast-main-header-display":"","ast-hfb-above-header-display":"","ast-hfb-below-header-display":"","ast-hfb-mobile-header-display":"","site-post-title":"disabled","ast-breadcrumbs-content":"","ast-featured-img":"disabled","footer-sml-layout":"","ast-disable-related-posts":"","theme-transparent-header-meta":"","adv-header-id-meta":"","stick-header-meta":"","header-above-stick-meta":"","header-main-stick-meta":"","header-below-stick-meta":"","astra-migrate-meta-layouts":"default","ast-page-background-enabled":"default","ast-page-background-meta":{"desktop":{"background-color":"var(--ast-global-color-4)","background-image":"","background-repeat":"repeat","background-position":"center center","background-size":"auto","background-attachment":"scroll","background-type":"","background-media":"","overlay-type":"","overlay-color":"","overlay-opacity":"","overlay-gradient":""},"tablet":{"background-color":"","background-image":"","background-repeat":"repeat","background-position":"center center","background-size":"auto","background-attachment":"scroll","background-type":"","background-media":"","overlay-type":"","overlay-color":"","overlay-opacity":"","overlay-gradient":""},"mobile":{"background-color":"","background-image":"","background-repeat":"repeat","background-position":"center center","background-size":"auto","background-attachment":"scroll","background-type":"","background-media":"","overlay-type":"","overlay-color":"","overlay-opacity":"","overlay-gradient":""}},"ast-content-background-meta":{"desktop":{"background-color":"var(--ast-global-color-5)","background-image":"","background-repeat":"repeat","background-position":"center center","background-size":"auto","background-attachment":"scroll","background-type":"","background-media":"","overlay-type":"","overlay-color":"","overlay-opacity":"","overlay-gradient":""},"tablet":{"background-color":"var(--ast-global-color-5)","background-image":"","background-repeat":"repeat","background-position":"center center","background-size":"auto","background-attachment":"scroll","background-type":"","background-media":"","overlay-type":"","overlay-color":"","overlay-opacity":"","overlay-gradient":""},"mobile":{"background-color":"var(--ast-global-color-5)","background-image":"","background-repeat":"repeat","background-position":"center center","background-size":"auto","background-attachment":"scroll","background-type":"","background-media":"","overlay-type":"","overlay-color":"","overlay-opacity":"","overlay-gradient":""}},"_themeisle_gutenberg_block_has_review":false,"footnotes":""},"class_list":["post-14934","page","type-page","status-publish","has-post-thumbnail","hentry"],"acf":[],"yoast_head":"<!-- This site is optimized with the Yoast SEO plugin v26.8 - https:\/\/yoast.com\/product\/yoast-seo-wordpress\/ -->\n<title>EL CENTRE FUNDACI\u00d3 RAFA NADAL DE MADRID REP EL PREMI\u00a0USERA\u00a0SOLID\u00c0RIA - Fundaci\u00f3n Rafa Nadal<\/title>\n<meta name=\"robots\" content=\"noindex, follow, max-snippet:-1, max-image-preview:large, max-video-preview:-1\" \/>\n<meta property=\"og:locale\" content=\"ca_ES\" \/>\n<meta property=\"og:type\" content=\"article\" \/>\n<meta property=\"og:title\" content=\"EL CENTRE FUNDACI\u00d3 RAFA NADAL DE MADRID REP EL PREMI\u00a0USERA\u00a0SOLID\u00c0RIA - Fundaci\u00f3n Rafa Nadal\" \/>\n<meta property=\"og:description\" content=\"EL CENTRO FUNDACI\u00d3N RAFA NADAL DE MADRID RECIBE EL PREMIO USERA SOLIDARIA EN LA CATEGORIA ENTIDAD SOCIAL Por segundo a\u00f1o consecutivo, el Centro de Educaci\u00f3n Ambiental y Cultural Maris Stella ha acogido este mi\u00e9rcoles el acto de entrega de los II Premios Usera Solidaria, unos galardones que reconocen y ponen en valor el trabajo solidario [&hellip;]\" \/>\n<meta property=\"og:url\" content=\"https:\/\/fundacionrafanadal.quelinka.es\/ca\/coneix-nos\/noticies\/noticies-2022\/el-centre-fundacio-rafa-nadal-de-madrid-rep-el-premi-usera-solidaria\/\" \/>\n<meta property=\"og:site_name\" content=\"Fundaci\u00f3n Rafa Nadal\" \/>\n<meta property=\"article:modified_time\" content=\"2022-12-23T08:52:02+00:00\" \/>\n<meta property=\"og:image\" content=\"https:\/\/fundacionrafanadal.quelinka.es\/wp-content\/uploads\/2022\/12\/premio04.jpg\" \/>\n\t<meta property=\"og:image:width\" content=\"1469\" \/>\n\t<meta property=\"og:image:height\" content=\"1175\" \/>\n\t<meta property=\"og:image:type\" content=\"image\/jpeg\" \/>\n<meta name=\"twitter:card\" content=\"summary_large_image\" \/>\n<meta name=\"twitter:label1\" content=\"Temps estimat de lectura\" \/>\n\t<meta name=\"twitter:data1\" content=\"3 minuts\" \/>\n<script type=\"application\/ld+json\" class=\"yoast-schema-graph\">{\"@context\":\"https:\/\/schema.org\",\"@graph\":[{\"@type\":\"WebPage\",\"@id\":\"https:\/\/fundacionrafanadal.quelinka.es\/ca\/coneix-nos\/noticies\/noticies-2022\/el-centre-fundacio-rafa-nadal-de-madrid-rep-el-premi-usera-solidaria\/\",\"url\":\"https:\/\/fundacionrafanadal.quelinka.es\/ca\/coneix-nos\/noticies\/noticies-2022\/el-centre-fundacio-rafa-nadal-de-madrid-rep-el-premi-usera-solidaria\/\",\"name\":\"EL CENTRE FUNDACI\u00d3 RAFA NADAL DE MADRID REP EL PREMI\u00a0USERA\u00a0SOLID\u00c0RIA - Fundaci\u00f3n Rafa Nadal\",\"isPartOf\":{\"@id\":\"https:\/\/fundacionrafanadal.quelinka.es\/ca\/#website\"},\"primaryImageOfPage\":{\"@id\":\"https:\/\/fundacionrafanadal.quelinka.es\/ca\/coneix-nos\/noticies\/noticies-2022\/el-centre-fundacio-rafa-nadal-de-madrid-rep-el-premi-usera-solidaria\/#primaryimage\"},\"image\":{\"@id\":\"https:\/\/fundacionrafanadal.quelinka.es\/ca\/coneix-nos\/noticies\/noticies-2022\/el-centre-fundacio-rafa-nadal-de-madrid-rep-el-premi-usera-solidaria\/#primaryimage\"},\"thumbnailUrl\":\"https:\/\/fundacionrafanadal.quelinka.es\/wp-content\/uploads\/2022\/12\/premio04.jpg\",\"datePublished\":\"2022-12-23T08:46:44+00:00\",\"dateModified\":\"2022-12-23T08:52:02+00:00\",\"breadcrumb\":{\"@id\":\"https:\/\/fundacionrafanadal.quelinka.es\/ca\/coneix-nos\/noticies\/noticies-2022\/el-centre-fundacio-rafa-nadal-de-madrid-rep-el-premi-usera-solidaria\/#breadcrumb\"},\"inLanguage\":\"ca\",\"potentialAction\":[{\"@type\":\"ReadAction\",\"target\":[\"https:\/\/fundacionrafanadal.quelinka.es\/ca\/coneix-nos\/noticies\/noticies-2022\/el-centre-fundacio-rafa-nadal-de-madrid-rep-el-premi-usera-solidaria\/\"]}]},{\"@type\":\"ImageObject\",\"inLanguage\":\"ca\",\"@id\":\"https:\/\/fundacionrafanadal.quelinka.es\/ca\/coneix-nos\/noticies\/noticies-2022\/el-centre-fundacio-rafa-nadal-de-madrid-rep-el-premi-usera-solidaria\/#primaryimage\",\"url\":\"https:\/\/fundacionrafanadal.quelinka.es\/wp-content\/uploads\/2022\/12\/premio04.jpg\",\"contentUrl\":\"https:\/\/fundacionrafanadal.quelinka.es\/wp-content\/uploads\/2022\/12\/premio04.jpg\",\"width\":1469,\"height\":1175},{\"@type\":\"BreadcrumbList\",\"@id\":\"https:\/\/fundacionrafanadal.quelinka.es\/ca\/coneix-nos\/noticies\/noticies-2022\/el-centre-fundacio-rafa-nadal-de-madrid-rep-el-premi-usera-solidaria\/#breadcrumb\",\"itemListElement\":[{\"@type\":\"ListItem\",\"position\":1,\"name\":\"Portada\",\"item\":\"https:\/\/fundacionrafanadal.quelinka.es\/ca\/\"},{\"@type\":\"ListItem\",\"position\":2,\"name\":\"Coneix-nos\",\"item\":\"https:\/\/fundacionrafanadal.quelinka.es\/ca\/conocenos\/\"},{\"@type\":\"ListItem\",\"position\":3,\"name\":\"Not\u00edcies\",\"item\":\"https:\/\/fundacionrafanadal.quelinka.es\/ca\/conocenos\/noticias\/\"},{\"@type\":\"ListItem\",\"position\":4,\"name\":\"Not\u00edcies 2022\",\"item\":\"https:\/\/fundacionrafanadal.quelinka.es\/ca\/conocenos\/noticias\/noticias-2022\/\"},{\"@type\":\"ListItem\",\"position\":5,\"name\":\"EL CENTRE FUNDACI\u00d3 RAFA NADAL DE MADRID REP EL PREMI\u00a0USERA\u00a0SOLID\u00c0RIA\"}]},{\"@type\":\"WebSite\",\"@id\":\"https:\/\/fundacionrafanadal.quelinka.es\/ca\/#website\",\"url\":\"https:\/\/fundacionrafanadal.quelinka.es\/ca\/\",\"name\":\"Fundaci\u00f3n Rafa Nadal\",\"description\":\"A trav\u00e9s del deporte y la educaci\u00f3n, promovemos la integraci\u00f3n y el desarrollo personal y social de ni\u00f1os y j\u00f3venes. En Espa\u00f1a y la India.\",\"publisher\":{\"@id\":\"https:\/\/fundacionrafanadal.quelinka.es\/ca\/#organization\"},\"potentialAction\":[{\"@type\":\"SearchAction\",\"target\":{\"@type\":\"EntryPoint\",\"urlTemplate\":\"https:\/\/fundacionrafanadal.quelinka.es\/ca\/?s={search_term_string}\"},\"query-input\":{\"@type\":\"PropertyValueSpecification\",\"valueRequired\":true,\"valueName\":\"search_term_string\"}}],\"inLanguage\":\"ca\"},{\"@type\":\"Organization\",\"@id\":\"https:\/\/fundacionrafanadal.quelinka.es\/ca\/#organization\",\"name\":\"Fundaci\u00f3n Rafa Nadal\",\"url\":\"https:\/\/fundacionrafanadal.quelinka.es\/ca\/\",\"logo\":{\"@type\":\"ImageObject\",\"inLanguage\":\"ca\",\"@id\":\"https:\/\/fundacionrafanadal.quelinka.es\/ca\/#\/schema\/logo\/image\/\",\"url\":\"https:\/\/fundacionrafanadal.quelinka.es\/wp-content\/uploads\/2022\/09\/logo-frn-web-3.png\",\"contentUrl\":\"https:\/\/fundacionrafanadal.quelinka.es\/wp-content\/uploads\/2022\/09\/logo-frn-web-3.png\",\"width\":551,\"height\":140,\"caption\":\"Fundaci\u00f3n Rafa Nadal\"},\"image\":{\"@id\":\"https:\/\/fundacionrafanadal.quelinka.es\/ca\/#\/schema\/logo\/image\/\"}}]}<\/script>\n<!-- \/ Yoast SEO plugin. -->","yoast_head_json":{"title":"EL CENTRE FUNDACI\u00d3 RAFA NADAL DE MADRID REP EL PREMI\u00a0USERA\u00a0SOLID\u00c0RIA - Fundaci\u00f3n Rafa Nadal","robots":{"index":"noindex","follow":"follow","max-snippet":"max-snippet:-1","max-image-preview":"max-image-preview:large","max-video-preview":"max-video-preview:-1"},"og_locale":"ca_ES","og_type":"article","og_title":"EL CENTRE FUNDACI\u00d3 RAFA NADAL DE MADRID REP EL PREMI\u00a0USERA\u00a0SOLID\u00c0RIA - Fundaci\u00f3n Rafa Nadal","og_description":"EL CENTRO FUNDACI\u00d3N RAFA NADAL DE MADRID RECIBE EL PREMIO USERA SOLIDARIA EN LA CATEGORIA ENTIDAD SOCIAL Por segundo a\u00f1o consecutivo, el Centro de Educaci\u00f3n Ambiental y Cultural Maris Stella ha acogido este mi\u00e9rcoles el acto de entrega de los II Premios Usera Solidaria, unos galardones que reconocen y ponen en valor el trabajo solidario [&hellip;]","og_url":"https:\/\/fundacionrafanadal.quelinka.es\/ca\/coneix-nos\/noticies\/noticies-2022\/el-centre-fundacio-rafa-nadal-de-madrid-rep-el-premi-usera-solidaria\/","og_site_name":"Fundaci\u00f3n Rafa Nadal","article_modified_time":"2022-12-23T08:52:02+00:00","og_image":[{"width":1469,"height":1175,"url":"https:\/\/fundacionrafanadal.quelinka.es\/wp-content\/uploads\/2022\/12\/premio04.jpg","type":"image\/jpeg"}],"twitter_card":"summary_large_image","twitter_misc":{"Temps estimat de lectura":"3 minuts"},"schema":{"@context":"https:\/\/schema.org","@graph":[{"@type":"WebPage","@id":"https:\/\/fundacionrafanadal.quelinka.es\/ca\/coneix-nos\/noticies\/noticies-2022\/el-centre-fundacio-rafa-nadal-de-madrid-rep-el-premi-usera-solidaria\/","url":"https:\/\/fundacionrafanadal.quelinka.es\/ca\/coneix-nos\/noticies\/noticies-2022\/el-centre-fundacio-rafa-nadal-de-madrid-rep-el-premi-usera-solidaria\/","name":"EL CENTRE FUNDACI\u00d3 RAFA NADAL DE MADRID REP EL PREMI\u00a0USERA\u00a0SOLID\u00c0RIA - Fundaci\u00f3n Rafa Nadal","isPartOf":{"@id":"https:\/\/fundacionrafanadal.quelinka.es\/ca\/#website"},"primaryImageOfPage":{"@id":"https:\/\/fundacionrafanadal.quelinka.es\/ca\/coneix-nos\/noticies\/noticies-2022\/el-centre-fundacio-rafa-nadal-de-madrid-rep-el-premi-usera-solidaria\/#primaryimage"},"image":{"@id":"https:\/\/fundacionrafanadal.quelinka.es\/ca\/coneix-nos\/noticies\/noticies-2022\/el-centre-fundacio-rafa-nadal-de-madrid-rep-el-premi-usera-solidaria\/#primaryimage"},"thumbnailUrl":"https:\/\/fundacionrafanadal.quelinka.es\/wp-content\/uploads\/2022\/12\/premio04.jpg","datePublished":"2022-12-23T08:46:44+00:00","dateModified":"2022-12-23T08:52:02+00:00","breadcrumb":{"@id":"https:\/\/fundacionrafanadal.quelinka.es\/ca\/coneix-nos\/noticies\/noticies-2022\/el-centre-fundacio-rafa-nadal-de-madrid-rep-el-premi-usera-solidaria\/#breadcrumb"},"inLanguage":"ca","potentialAction":[{"@type":"ReadAction","target":["https:\/\/fundacionrafanadal.quelinka.es\/ca\/coneix-nos\/noticies\/noticies-2022\/el-centre-fundacio-rafa-nadal-de-madrid-rep-el-premi-usera-solidaria\/"]}]},{"@type":"ImageObject","inLanguage":"ca","@id":"https:\/\/fundacionrafanadal.quelinka.es\/ca\/coneix-nos\/noticies\/noticies-2022\/el-centre-fundacio-rafa-nadal-de-madrid-rep-el-premi-usera-solidaria\/#primaryimage","url":"https:\/\/fundacionrafanadal.quelinka.es\/wp-content\/uploads\/2022\/12\/premio04.jpg","contentUrl":"https:\/\/fundacionrafanadal.quelinka.es\/wp-content\/uploads\/2022\/12\/premio04.jpg","width":1469,"height":1175},{"@type":"BreadcrumbList","@id":"https:\/\/fundacionrafanadal.quelinka.es\/ca\/coneix-nos\/noticies\/noticies-2022\/el-centre-fundacio-rafa-nadal-de-madrid-rep-el-premi-usera-solidaria\/#breadcrumb","itemListElement":[{"@type":"ListItem","position":1,"name":"Portada","item":"https:\/\/fundacionrafanadal.quelinka.es\/ca\/"},{"@type":"ListItem","position":2,"name":"Coneix-nos","item":"https:\/\/fundacionrafanadal.quelinka.es\/ca\/conocenos\/"},{"@type":"ListItem","position":3,"name":"Not\u00edcies","item":"https:\/\/fundacionrafanadal.quelinka.es\/ca\/conocenos\/noticias\/"},{"@type":"ListItem","position":4,"name":"Not\u00edcies 2022","item":"https:\/\/fundacionrafanadal.quelinka.es\/ca\/conocenos\/noticias\/noticias-2022\/"},{"@type":"ListItem","position":5,"name":"EL CENTRE FUNDACI\u00d3 RAFA NADAL DE MADRID REP EL PREMI\u00a0USERA\u00a0SOLID\u00c0RIA"}]},{"@type":"WebSite","@id":"https:\/\/fundacionrafanadal.quelinka.es\/ca\/#website","url":"https:\/\/fundacionrafanadal.quelinka.es\/ca\/","name":"Fundaci\u00f3n Rafa Nadal","description":"A trav\u00e9s del deporte y la educaci\u00f3n, promovemos la integraci\u00f3n y el desarrollo personal y social de ni\u00f1os y j\u00f3venes. En Espa\u00f1a y la India.","publisher":{"@id":"https:\/\/fundacionrafanadal.quelinka.es\/ca\/#organization"},"potentialAction":[{"@type":"SearchAction","target":{"@type":"EntryPoint","urlTemplate":"https:\/\/fundacionrafanadal.quelinka.es\/ca\/?s={search_term_string}"},"query-input":{"@type":"PropertyValueSpecification","valueRequired":true,"valueName":"search_term_string"}}],"inLanguage":"ca"},{"@type":"Organization","@id":"https:\/\/fundacionrafanadal.quelinka.es\/ca\/#organization","name":"Fundaci\u00f3n Rafa Nadal","url":"https:\/\/fundacionrafanadal.quelinka.es\/ca\/","logo":{"@type":"ImageObject","inLanguage":"ca","@id":"https:\/\/fundacionrafanadal.quelinka.es\/ca\/#\/schema\/logo\/image\/","url":"https:\/\/fundacionrafanadal.quelinka.es\/wp-content\/uploads\/2022\/09\/logo-frn-web-3.png","contentUrl":"https:\/\/fundacionrafanadal.quelinka.es\/wp-content\/uploads\/2022\/09\/logo-frn-web-3.png","width":551,"height":140,"caption":"Fundaci\u00f3n Rafa Nadal"},"image":{"@id":"https:\/\/fundacionrafanadal.quelinka.es\/ca\/#\/schema\/logo\/image\/"}}]}},"campaignId":"","_links":{"self":[{"href":"https:\/\/fundacionrafanadal.quelinka.es\/ca\/wp-json\/wp\/v2\/pages\/14934","targetHints":{"allow":["GET"]}}],"collection":[{"href":"https:\/\/fundacionrafanadal.quelinka.es\/ca\/wp-json\/wp\/v2\/pages"}],"about":[{"href":"https:\/\/fundacionrafanadal.quelinka.es\/ca\/wp-json\/wp\/v2\/types\/page"}],"author":[{"embeddable":true,"href":"https:\/\/fundacionrafanadal.quelinka.es\/ca\/wp-json\/wp\/v2\/users\/1"}],"replies":[{"embeddable":true,"href":"https:\/\/fundacionrafanadal.quelinka.es\/ca\/wp-json\/wp\/v2\/comments?post=14934"}],"version-history":[{"count":3,"href":"https:\/\/fundacionrafanadal.quelinka.es\/ca\/wp-json\/wp\/v2\/pages\/14934\/revisions"}],"predecessor-version":[{"id":14957,"href":"https:\/\/fundacionrafanadal.quelinka.es\/ca\/wp-json\/wp\/v2\/pages\/14934\/revisions\/14957"}],"up":[{"embeddable":true,"href":"https:\/\/fundacionrafanadal.quelinka.es\/ca\/wp-json\/wp\/v2\/pages\/7298"}],"wp:featuredmedia":[{"embeddable":true,"href":"https:\/\/fundacionrafanadal.quelinka.es\/ca\/wp-json\/wp\/v2\/media\/14937"}],"wp:attachment":[{"href":"https:\/\/fundacionrafanadal.quelinka.es\/ca\/wp-json\/wp\/v2\/media?parent=14934"}],"curies":[{"name":"wp","href":"https:\/\/api.w.org\/{rel}","templated":true}]}}