{"id":17350,"date":"2023-09-06T11:54:24","date_gmt":"2023-09-06T11:54:24","guid":{"rendered":"https:\/\/www.fundacionrafanadal.org\/?page_id=17350"},"modified":"2023-09-06T12:00:38","modified_gmt":"2023-09-06T12:00:38","slug":"exit-rotund-al-xxxiii-torneig-de-golf-robinson-classic-a-favor-de-la-fundacio-rafa-nadal","status":"publish","type":"page","link":"https:\/\/fundacionrafanadal.quelinka.es\/ca\/coneix-nos\/noticies\/noticies-2023\/exit-rotund-al-xxxiii-torneig-de-golf-robinson-classic-a-favor-de-la-fundacio-rafa-nadal\/","title":{"rendered":"\u00c8xit rotund al XXXIII Torneig de Golf Robinson Classic a favor de la Fundaci\u00f3 Rafa Nadal"},"content":{"rendered":"\n<div class=\"wp-block-media-text alignfull is-stacked-on-mobile is-image-fill has-background\" style=\"background-color:#ddac31\"><figure class=\"wp-block-media-text__media\" style=\"background-image:url(https:\/\/www.fundacionrafanadal.quelinka.es\/wp-content\/uploads\/2022\/07\/ISM08879.png);background-position:50% 50%\"><img loading=\"lazy\" decoding=\"async\" width=\"900\" height=\"399\" src=\"https:\/\/www.fundacionrafanadal.quelinka.es\/wp-content\/uploads\/2022\/07\/ISM08879.png\" alt=\"\" class=\"wp-image-9879 size-full\" srcset=\"https:\/\/fundacionrafanadal.quelinka.es\/wp-content\/uploads\/2022\/07\/ISM08879.png 900w, https:\/\/fundacionrafanadal.quelinka.es\/wp-content\/uploads\/2022\/07\/ISM08879-300x133.png 300w, https:\/\/fundacionrafanadal.quelinka.es\/wp-content\/uploads\/2022\/07\/ISM08879-768x340.png 768w\" sizes=\"auto, (max-width: 900px) 100vw, 900px\" \/><\/figure><div class=\"wp-block-media-text__content\">\n<div style=\"height:30px\" aria-hidden=\"true\" class=\"wp-block-spacer\"><\/div>\n\n\n\n<h2 class=\"has-ast-global-color-5-color has-text-color wp-block-heading\" style=\"font-size:48px\"><strong>Not\u00edcies<\/strong><\/h2>\n\n\n\n<div style=\"height:200px\" aria-hidden=\"true\" class=\"wp-block-spacer\"><\/div>\n<\/div><\/div>\n\n<div style=\"height:50px\" aria-hidden=\"true\" class=\"wp-block-spacer\"><\/div>\n\n<div class=\"inherit-container-width wp-block-group is-layout-constrained wp-block-group-is-layout-constrained\"><div class=\"wp-block-group__inner-container\">\n<div class=\"inherit-container-width wp-block-group is-layout-constrained wp-block-group-is-layout-constrained\"><div class=\"wp-block-group__inner-container\"><div class=\"wp-block-post-date\"><time datetime=\"2023-09-06T11:54:24+02:00\">6 de setembre de 2023<\/time><\/div>\n\n\n<h2 class=\"wp-block-heading has-medium-font-size\" style=\"text-transform:uppercase\"><strong>\u00c9XITO ROTUNDO EN EL XXXIII TORNEO DE GOLF ROBINSON CLASSIC A FAVOR DE LA FUNDACI\u00d3N RAFA NADAL<\/strong><\/h2>\n\n\n\n<figure class=\"wp-block-image alignwide size-full\"><img loading=\"lazy\" decoding=\"async\" width=\"1000\" height=\"800\" src=\"https:\/\/www.fundacionrafanadal.quelinka.es\/wp-content\/uploads\/2023\/09\/DSCF4502.jpg\" alt=\"\" class=\"wp-image-17352\" srcset=\"https:\/\/fundacionrafanadal.quelinka.es\/wp-content\/uploads\/2023\/09\/DSCF4502.jpg 1000w, https:\/\/fundacionrafanadal.quelinka.es\/wp-content\/uploads\/2023\/09\/DSCF4502-300x240.jpg 300w, https:\/\/fundacionrafanadal.quelinka.es\/wp-content\/uploads\/2023\/09\/DSCF4502-768x614.jpg 768w\" sizes=\"auto, (max-width: 1000px) 100vw, 1000px\" \/><\/figure>\n\n\n\n<p>El pasado s\u00e1bado 2 de septiembre tuvo lugar en el prestigioso club Vall d&#8217;Or Golf Cala Serena una nueva edici\u00f3n del Torneo de Golf Solidario Robinson Classic, un evento que se celebra cada a\u00f1o en la isla. En esta trig\u00e9sima tercera edici\u00f3n, la comunidad golfista se uni\u00f3 una vez m\u00e1s en beneficio de los proyectos de la Fundaci\u00f3n Rafa Nadal, logrando una recaudaci\u00f3n extraordinaria de 117.000\u20ac.<\/p>\n\n\n\n<p>Durante la subasta de productos, uno de los participantes del evento adquiri\u00f3 por un valor de 55.000\u20ac un pack de \u00edtems compuesto por las zapatillas, la camiseta y la raqueta que utiliz\u00f3 Rafael Nadal en el torneo Roland Garr\u00f3s 2022, en el que el tenista result\u00f3 ganador.<\/p>\n\n\n\n<p>Esta cantidad, junto a todas las ventas realizadas en el evento, el precio de los fees y diferentes donaciones de los asistentes, suman esta recaudaci\u00f3n excepcional.<\/p>\n\n\n\n<figure class=\"wp-block-image size-full\"><img loading=\"lazy\" decoding=\"async\" width=\"1000\" height=\"800\" src=\"https:\/\/www.fundacionrafanadal.quelinka.es\/wp-content\/uploads\/2023\/09\/DSCF4463.jpg\" alt=\"\" class=\"wp-image-17355\" srcset=\"https:\/\/fundacionrafanadal.quelinka.es\/wp-content\/uploads\/2023\/09\/DSCF4463.jpg 1000w, https:\/\/fundacionrafanadal.quelinka.es\/wp-content\/uploads\/2023\/09\/DSCF4463-300x240.jpg 300w, https:\/\/fundacionrafanadal.quelinka.es\/wp-content\/uploads\/2023\/09\/DSCF4463-768x614.jpg 768w\" sizes=\"auto, (max-width: 1000px) 100vw, 1000px\" \/><\/figure>\n\n\n\n<p>El torneo ofreci\u00f3 a los participantes una experiencia \u00fanica en uno de los campos de golf m\u00e1s emblem\u00e1ticos de Mallorca. Los jugadores no solo disfrutaron de una jornada llena de emocionantes golpes y competencia amigable, sino que tambi\u00e9n contribuyeron significativamente a los proyectos solidarios de la Fundaci\u00f3n Rafa Nadal.<\/p>\n\n\n\n<p>En la ceremonia de clausura del evento y para recibir el cheque en nombre de la Fundaci\u00f3n Rafa Nadal ha estado presente Rafael Nadal, reconocido tenista mundial y patrono fundador.<\/p>\n\n\n\n<p>La recaudaci\u00f3n total de 117.000\u20ac en el XXXIII Torneo de Golf Robinson Classic es un testimonio del compromiso y la generosidad de la comunidad golfista y de todos aquellos que se sumaron a esta causa. Estos fondos ser\u00e1n destinados \u00edntegramente a los proyectos de la Fundaci\u00f3n Rafa Nadal en Espa\u00f1a e India.<\/p>\n\n\n\n<p>Esta edici\u00f3n del Robinson Classic marca un hito en la historia del torneo al superar con creces las expectativas de recaudaci\u00f3n. En sus ocho ediciones anteriores, el torneo ha aportado m\u00e1s de 250.000\u20ac en fondos para los proyectos de la Fundaci\u00f3n Rafa Nadal, consolid\u00e1ndose como un evento solidario de referencia en el mundo del golf y demostrando que el deporte puede ser una poderosa herramienta de cambio social.<\/p>\n\n\n\n<p>La Fundaci\u00f3n Rafa Nadal agradece a todos los participantes, patrocinadores y colaboradores su apoyo incondicional en esta edici\u00f3n del Torneo de Golf Robinson Classic. Cada golpe y cada hoyo jugado han contribuido a hacer del mundo un lugar mejor. El compromiso con la solidaridad y la pasi\u00f3n por el golf se han unido una vez m\u00e1s para marcar la diferencia.<\/p>\n\n\n\n<p><strong>Esperamos con entusiasmo el XXXIV Torneo de Golf Robinson Classic, con la certeza de que seguiremos avanzando juntos hacia un futuro m\u00e1s brillante para quienes m\u00e1s lo necesitan.<\/strong><\/p>\n<\/div><\/div>\n<\/div><\/div>\n","protected":false},"excerpt":{"rendered":"<p>\u00c9XITO ROTUNDO EN EL XXXIII TORNEO DE GOLF ROBINSON CLASSIC A FAVOR DE LA FUNDACI\u00d3N RAFA NADAL El pasado s\u00e1bado 2 de septiembre tuvo lugar en el prestigioso club Vall d&#8217;Or Golf Cala Serena una nueva edici\u00f3n del Torneo de Golf Solidario Robinson Classic, un evento que se celebra cada a\u00f1o en la isla. En [&hellip;]<\/p>\n","protected":false},"author":1,"featured_media":17353,"parent":15130,"menu_order":-2,"comment_status":"closed","ping_status":"closed","template":"","meta":{"_acf_changed":false,"give_campaign_id":0,"_monsterinsights_skip_tracking":false,"_monsterinsights_sitenote_active":false,"_monsterinsights_sitenote_note":"","_monsterinsights_sitenote_category":0,"site-sidebar-layout":"default","site-content-layout":"","ast-site-content-layout":"default","site-content-style":"default","site-sidebar-style":"default","ast-global-header-display":"","ast-banner-title-visibility":"","ast-main-header-display":"","ast-hfb-above-header-display":"","ast-hfb-below-header-display":"","ast-hfb-mobile-header-display":"","site-post-title":"disabled","ast-breadcrumbs-content":"","ast-featured-img":"disabled","footer-sml-layout":"","ast-disable-related-posts":"","theme-transparent-header-meta":"","adv-header-id-meta":"","stick-header-meta":"","header-above-stick-meta":"","header-main-stick-meta":"","header-below-stick-meta":"","astra-migrate-meta-layouts":"default","ast-page-background-enabled":"default","ast-page-background-meta":{"desktop":{"background-color":"var(--ast-global-color-4)","background-image":"","background-repeat":"repeat","background-position":"center center","background-size":"auto","background-attachment":"scroll","background-type":"","background-media":"","overlay-type":"","overlay-color":"","overlay-opacity":"","overlay-gradient":""},"tablet":{"background-color":"","background-image":"","background-repeat":"repeat","background-position":"center center","background-size":"auto","background-attachment":"scroll","background-type":"","background-media":"","overlay-type":"","overlay-color":"","overlay-opacity":"","overlay-gradient":""},"mobile":{"background-color":"","background-image":"","background-repeat":"repeat","background-position":"center center","background-size":"auto","background-attachment":"scroll","background-type":"","background-media":"","overlay-type":"","overlay-color":"","overlay-opacity":"","overlay-gradient":""}},"ast-content-background-meta":{"desktop":{"background-color":"var(--ast-global-color-5)","background-image":"","background-repeat":"repeat","background-position":"center center","background-size":"auto","background-attachment":"scroll","background-type":"","background-media":"","overlay-type":"","overlay-color":"","overlay-opacity":"","overlay-gradient":""},"tablet":{"background-color":"var(--ast-global-color-5)","background-image":"","background-repeat":"repeat","background-position":"center center","background-size":"auto","background-attachment":"scroll","background-type":"","background-media":"","overlay-type":"","overlay-color":"","overlay-opacity":"","overlay-gradient":""},"mobile":{"background-color":"var(--ast-global-color-5)","background-image":"","background-repeat":"repeat","background-position":"center center","background-size":"auto","background-attachment":"scroll","background-type":"","background-media":"","overlay-type":"","overlay-color":"","overlay-opacity":"","overlay-gradient":""}},"_themeisle_gutenberg_block_has_review":false,"footnotes":""},"class_list":["post-17350","page","type-page","status-publish","has-post-thumbnail","hentry"],"acf":[],"yoast_head":"<!-- This site is optimized with the Yoast SEO plugin v26.8 - https:\/\/yoast.com\/product\/yoast-seo-wordpress\/ -->\n<title>\u00c8xit rotund al XXXIII Torneig de Golf Robinson Classic a favor de la Fundaci\u00f3 Rafa Nadal - Fundaci\u00f3n Rafa Nadal<\/title>\n<meta name=\"robots\" content=\"noindex, follow, max-snippet:-1, max-image-preview:large, max-video-preview:-1\" \/>\n<meta property=\"og:locale\" content=\"ca_ES\" \/>\n<meta property=\"og:type\" content=\"article\" \/>\n<meta property=\"og:title\" content=\"\u00c8xit rotund al XXXIII Torneig de Golf Robinson Classic a favor de la Fundaci\u00f3 Rafa Nadal - Fundaci\u00f3n Rafa Nadal\" \/>\n<meta property=\"og:description\" content=\"\u00c9XITO ROTUNDO EN EL XXXIII TORNEO DE GOLF ROBINSON CLASSIC A FAVOR DE LA FUNDACI\u00d3N RAFA NADAL El pasado s\u00e1bado 2 de septiembre tuvo lugar en el prestigioso club Vall d&#8217;Or Golf Cala Serena una nueva edici\u00f3n del Torneo de Golf Solidario Robinson Classic, un evento que se celebra cada a\u00f1o en la isla. En [&hellip;]\" \/>\n<meta property=\"og:url\" content=\"https:\/\/fundacionrafanadal.quelinka.es\/ca\/coneix-nos\/noticies\/noticies-2023\/exit-rotund-al-xxxiii-torneig-de-golf-robinson-classic-a-favor-de-la-fundacio-rafa-nadal\/\" \/>\n<meta property=\"og:site_name\" content=\"Fundaci\u00f3n Rafa Nadal\" \/>\n<meta property=\"article:modified_time\" content=\"2023-09-06T12:00:38+00:00\" \/>\n<meta property=\"og:image\" content=\"https:\/\/fundacionrafanadal.quelinka.es\/wp-content\/uploads\/2023\/09\/DSCF4502.jpg\" \/>\n\t<meta property=\"og:image:width\" content=\"1000\" \/>\n\t<meta property=\"og:image:height\" content=\"800\" \/>\n\t<meta property=\"og:image:type\" content=\"image\/jpeg\" \/>\n<meta name=\"twitter:card\" content=\"summary_large_image\" \/>\n<meta name=\"twitter:label1\" content=\"Temps estimat de lectura\" \/>\n\t<meta name=\"twitter:data1\" content=\"3 minuts\" \/>\n<script type=\"application\/ld+json\" class=\"yoast-schema-graph\">{\"@context\":\"https:\/\/schema.org\",\"@graph\":[{\"@type\":\"WebPage\",\"@id\":\"https:\/\/fundacionrafanadal.quelinka.es\/ca\/coneix-nos\/noticies\/noticies-2023\/exit-rotund-al-xxxiii-torneig-de-golf-robinson-classic-a-favor-de-la-fundacio-rafa-nadal\/\",\"url\":\"https:\/\/fundacionrafanadal.quelinka.es\/ca\/coneix-nos\/noticies\/noticies-2023\/exit-rotund-al-xxxiii-torneig-de-golf-robinson-classic-a-favor-de-la-fundacio-rafa-nadal\/\",\"name\":\"\u00c8xit rotund al XXXIII Torneig de Golf Robinson Classic a favor de la Fundaci\u00f3 Rafa Nadal - Fundaci\u00f3n Rafa Nadal\",\"isPartOf\":{\"@id\":\"https:\/\/fundacionrafanadal.quelinka.es\/ca\/#website\"},\"primaryImageOfPage\":{\"@id\":\"https:\/\/fundacionrafanadal.quelinka.es\/ca\/coneix-nos\/noticies\/noticies-2023\/exit-rotund-al-xxxiii-torneig-de-golf-robinson-classic-a-favor-de-la-fundacio-rafa-nadal\/#primaryimage\"},\"image\":{\"@id\":\"https:\/\/fundacionrafanadal.quelinka.es\/ca\/coneix-nos\/noticies\/noticies-2023\/exit-rotund-al-xxxiii-torneig-de-golf-robinson-classic-a-favor-de-la-fundacio-rafa-nadal\/#primaryimage\"},\"thumbnailUrl\":\"https:\/\/fundacionrafanadal.quelinka.es\/wp-content\/uploads\/2023\/09\/DSCF4502.jpg\",\"datePublished\":\"2023-09-06T11:54:24+00:00\",\"dateModified\":\"2023-09-06T12:00:38+00:00\",\"breadcrumb\":{\"@id\":\"https:\/\/fundacionrafanadal.quelinka.es\/ca\/coneix-nos\/noticies\/noticies-2023\/exit-rotund-al-xxxiii-torneig-de-golf-robinson-classic-a-favor-de-la-fundacio-rafa-nadal\/#breadcrumb\"},\"inLanguage\":\"ca\",\"potentialAction\":[{\"@type\":\"ReadAction\",\"target\":[\"https:\/\/fundacionrafanadal.quelinka.es\/ca\/coneix-nos\/noticies\/noticies-2023\/exit-rotund-al-xxxiii-torneig-de-golf-robinson-classic-a-favor-de-la-fundacio-rafa-nadal\/\"]}]},{\"@type\":\"ImageObject\",\"inLanguage\":\"ca\",\"@id\":\"https:\/\/fundacionrafanadal.quelinka.es\/ca\/coneix-nos\/noticies\/noticies-2023\/exit-rotund-al-xxxiii-torneig-de-golf-robinson-classic-a-favor-de-la-fundacio-rafa-nadal\/#primaryimage\",\"url\":\"https:\/\/fundacionrafanadal.quelinka.es\/wp-content\/uploads\/2023\/09\/DSCF4502.jpg\",\"contentUrl\":\"https:\/\/fundacionrafanadal.quelinka.es\/wp-content\/uploads\/2023\/09\/DSCF4502.jpg\",\"width\":1000,\"height\":800},{\"@type\":\"BreadcrumbList\",\"@id\":\"https:\/\/fundacionrafanadal.quelinka.es\/ca\/coneix-nos\/noticies\/noticies-2023\/exit-rotund-al-xxxiii-torneig-de-golf-robinson-classic-a-favor-de-la-fundacio-rafa-nadal\/#breadcrumb\",\"itemListElement\":[{\"@type\":\"ListItem\",\"position\":1,\"name\":\"Portada\",\"item\":\"https:\/\/fundacionrafanadal.quelinka.es\/ca\/\"},{\"@type\":\"ListItem\",\"position\":2,\"name\":\"Coneix-nos\",\"item\":\"https:\/\/fundacionrafanadal.quelinka.es\/ca\/conocenos\/\"},{\"@type\":\"ListItem\",\"position\":3,\"name\":\"Not\u00edcies\",\"item\":\"https:\/\/fundacionrafanadal.quelinka.es\/ca\/conocenos\/noticias\/\"},{\"@type\":\"ListItem\",\"position\":4,\"name\":\"Not\u00edcies 2023\",\"item\":\"https:\/\/fundacionrafanadal.quelinka.es\/ca\/conocenos\/noticias\/noticias-2022-2\/\"},{\"@type\":\"ListItem\",\"position\":5,\"name\":\"\u00c8xit rotund al XXXIII Torneig de Golf Robinson Classic a favor de la Fundaci\u00f3 Rafa Nadal\"}]},{\"@type\":\"WebSite\",\"@id\":\"https:\/\/fundacionrafanadal.quelinka.es\/ca\/#website\",\"url\":\"https:\/\/fundacionrafanadal.quelinka.es\/ca\/\",\"name\":\"Fundaci\u00f3n Rafa Nadal\",\"description\":\"A trav\u00e9s del deporte y la educaci\u00f3n, promovemos la integraci\u00f3n y el desarrollo personal y social de ni\u00f1os y j\u00f3venes. En Espa\u00f1a y la India.\",\"publisher\":{\"@id\":\"https:\/\/fundacionrafanadal.quelinka.es\/ca\/#organization\"},\"potentialAction\":[{\"@type\":\"SearchAction\",\"target\":{\"@type\":\"EntryPoint\",\"urlTemplate\":\"https:\/\/fundacionrafanadal.quelinka.es\/ca\/?s={search_term_string}\"},\"query-input\":{\"@type\":\"PropertyValueSpecification\",\"valueRequired\":true,\"valueName\":\"search_term_string\"}}],\"inLanguage\":\"ca\"},{\"@type\":\"Organization\",\"@id\":\"https:\/\/fundacionrafanadal.quelinka.es\/ca\/#organization\",\"name\":\"Fundaci\u00f3n Rafa Nadal\",\"url\":\"https:\/\/fundacionrafanadal.quelinka.es\/ca\/\",\"logo\":{\"@type\":\"ImageObject\",\"inLanguage\":\"ca\",\"@id\":\"https:\/\/fundacionrafanadal.quelinka.es\/ca\/#\/schema\/logo\/image\/\",\"url\":\"https:\/\/fundacionrafanadal.quelinka.es\/wp-content\/uploads\/2022\/09\/logo-frn-web-3.png\",\"contentUrl\":\"https:\/\/fundacionrafanadal.quelinka.es\/wp-content\/uploads\/2022\/09\/logo-frn-web-3.png\",\"width\":551,\"height\":140,\"caption\":\"Fundaci\u00f3n Rafa Nadal\"},\"image\":{\"@id\":\"https:\/\/fundacionrafanadal.quelinka.es\/ca\/#\/schema\/logo\/image\/\"}}]}<\/script>\n<!-- \/ Yoast SEO plugin. -->","yoast_head_json":{"title":"\u00c8xit rotund al XXXIII Torneig de Golf Robinson Classic a favor de la Fundaci\u00f3 Rafa Nadal - Fundaci\u00f3n Rafa Nadal","robots":{"index":"noindex","follow":"follow","max-snippet":"max-snippet:-1","max-image-preview":"max-image-preview:large","max-video-preview":"max-video-preview:-1"},"og_locale":"ca_ES","og_type":"article","og_title":"\u00c8xit rotund al XXXIII Torneig de Golf Robinson Classic a favor de la Fundaci\u00f3 Rafa Nadal - Fundaci\u00f3n Rafa Nadal","og_description":"\u00c9XITO ROTUNDO EN EL XXXIII TORNEO DE GOLF ROBINSON CLASSIC A FAVOR DE LA FUNDACI\u00d3N RAFA NADAL El pasado s\u00e1bado 2 de septiembre tuvo lugar en el prestigioso club Vall d&#8217;Or Golf Cala Serena una nueva edici\u00f3n del Torneo de Golf Solidario Robinson Classic, un evento que se celebra cada a\u00f1o en la isla. En [&hellip;]","og_url":"https:\/\/fundacionrafanadal.quelinka.es\/ca\/coneix-nos\/noticies\/noticies-2023\/exit-rotund-al-xxxiii-torneig-de-golf-robinson-classic-a-favor-de-la-fundacio-rafa-nadal\/","og_site_name":"Fundaci\u00f3n Rafa Nadal","article_modified_time":"2023-09-06T12:00:38+00:00","og_image":[{"width":1000,"height":800,"url":"https:\/\/fundacionrafanadal.quelinka.es\/wp-content\/uploads\/2023\/09\/DSCF4502.jpg","type":"image\/jpeg"}],"twitter_card":"summary_large_image","twitter_misc":{"Temps estimat de lectura":"3 minuts"},"schema":{"@context":"https:\/\/schema.org","@graph":[{"@type":"WebPage","@id":"https:\/\/fundacionrafanadal.quelinka.es\/ca\/coneix-nos\/noticies\/noticies-2023\/exit-rotund-al-xxxiii-torneig-de-golf-robinson-classic-a-favor-de-la-fundacio-rafa-nadal\/","url":"https:\/\/fundacionrafanadal.quelinka.es\/ca\/coneix-nos\/noticies\/noticies-2023\/exit-rotund-al-xxxiii-torneig-de-golf-robinson-classic-a-favor-de-la-fundacio-rafa-nadal\/","name":"\u00c8xit rotund al XXXIII Torneig de Golf Robinson Classic a favor de la Fundaci\u00f3 Rafa Nadal - Fundaci\u00f3n Rafa Nadal","isPartOf":{"@id":"https:\/\/fundacionrafanadal.quelinka.es\/ca\/#website"},"primaryImageOfPage":{"@id":"https:\/\/fundacionrafanadal.quelinka.es\/ca\/coneix-nos\/noticies\/noticies-2023\/exit-rotund-al-xxxiii-torneig-de-golf-robinson-classic-a-favor-de-la-fundacio-rafa-nadal\/#primaryimage"},"image":{"@id":"https:\/\/fundacionrafanadal.quelinka.es\/ca\/coneix-nos\/noticies\/noticies-2023\/exit-rotund-al-xxxiii-torneig-de-golf-robinson-classic-a-favor-de-la-fundacio-rafa-nadal\/#primaryimage"},"thumbnailUrl":"https:\/\/fundacionrafanadal.quelinka.es\/wp-content\/uploads\/2023\/09\/DSCF4502.jpg","datePublished":"2023-09-06T11:54:24+00:00","dateModified":"2023-09-06T12:00:38+00:00","breadcrumb":{"@id":"https:\/\/fundacionrafanadal.quelinka.es\/ca\/coneix-nos\/noticies\/noticies-2023\/exit-rotund-al-xxxiii-torneig-de-golf-robinson-classic-a-favor-de-la-fundacio-rafa-nadal\/#breadcrumb"},"inLanguage":"ca","potentialAction":[{"@type":"ReadAction","target":["https:\/\/fundacionrafanadal.quelinka.es\/ca\/coneix-nos\/noticies\/noticies-2023\/exit-rotund-al-xxxiii-torneig-de-golf-robinson-classic-a-favor-de-la-fundacio-rafa-nadal\/"]}]},{"@type":"ImageObject","inLanguage":"ca","@id":"https:\/\/fundacionrafanadal.quelinka.es\/ca\/coneix-nos\/noticies\/noticies-2023\/exit-rotund-al-xxxiii-torneig-de-golf-robinson-classic-a-favor-de-la-fundacio-rafa-nadal\/#primaryimage","url":"https:\/\/fundacionrafanadal.quelinka.es\/wp-content\/uploads\/2023\/09\/DSCF4502.jpg","contentUrl":"https:\/\/fundacionrafanadal.quelinka.es\/wp-content\/uploads\/2023\/09\/DSCF4502.jpg","width":1000,"height":800},{"@type":"BreadcrumbList","@id":"https:\/\/fundacionrafanadal.quelinka.es\/ca\/coneix-nos\/noticies\/noticies-2023\/exit-rotund-al-xxxiii-torneig-de-golf-robinson-classic-a-favor-de-la-fundacio-rafa-nadal\/#breadcrumb","itemListElement":[{"@type":"ListItem","position":1,"name":"Portada","item":"https:\/\/fundacionrafanadal.quelinka.es\/ca\/"},{"@type":"ListItem","position":2,"name":"Coneix-nos","item":"https:\/\/fundacionrafanadal.quelinka.es\/ca\/conocenos\/"},{"@type":"ListItem","position":3,"name":"Not\u00edcies","item":"https:\/\/fundacionrafanadal.quelinka.es\/ca\/conocenos\/noticias\/"},{"@type":"ListItem","position":4,"name":"Not\u00edcies 2023","item":"https:\/\/fundacionrafanadal.quelinka.es\/ca\/conocenos\/noticias\/noticias-2022-2\/"},{"@type":"ListItem","position":5,"name":"\u00c8xit rotund al XXXIII Torneig de Golf Robinson Classic a favor de la Fundaci\u00f3 Rafa Nadal"}]},{"@type":"WebSite","@id":"https:\/\/fundacionrafanadal.quelinka.es\/ca\/#website","url":"https:\/\/fundacionrafanadal.quelinka.es\/ca\/","name":"Fundaci\u00f3n Rafa Nadal","description":"A trav\u00e9s del deporte y la educaci\u00f3n, promovemos la integraci\u00f3n y el desarrollo personal y social de ni\u00f1os y j\u00f3venes. En Espa\u00f1a y la India.","publisher":{"@id":"https:\/\/fundacionrafanadal.quelinka.es\/ca\/#organization"},"potentialAction":[{"@type":"SearchAction","target":{"@type":"EntryPoint","urlTemplate":"https:\/\/fundacionrafanadal.quelinka.es\/ca\/?s={search_term_string}"},"query-input":{"@type":"PropertyValueSpecification","valueRequired":true,"valueName":"search_term_string"}}],"inLanguage":"ca"},{"@type":"Organization","@id":"https:\/\/fundacionrafanadal.quelinka.es\/ca\/#organization","name":"Fundaci\u00f3n Rafa Nadal","url":"https:\/\/fundacionrafanadal.quelinka.es\/ca\/","logo":{"@type":"ImageObject","inLanguage":"ca","@id":"https:\/\/fundacionrafanadal.quelinka.es\/ca\/#\/schema\/logo\/image\/","url":"https:\/\/fundacionrafanadal.quelinka.es\/wp-content\/uploads\/2022\/09\/logo-frn-web-3.png","contentUrl":"https:\/\/fundacionrafanadal.quelinka.es\/wp-content\/uploads\/2022\/09\/logo-frn-web-3.png","width":551,"height":140,"caption":"Fundaci\u00f3n Rafa Nadal"},"image":{"@id":"https:\/\/fundacionrafanadal.quelinka.es\/ca\/#\/schema\/logo\/image\/"}}]}},"campaignId":"","_links":{"self":[{"href":"https:\/\/fundacionrafanadal.quelinka.es\/ca\/wp-json\/wp\/v2\/pages\/17350","targetHints":{"allow":["GET"]}}],"collection":[{"href":"https:\/\/fundacionrafanadal.quelinka.es\/ca\/wp-json\/wp\/v2\/pages"}],"about":[{"href":"https:\/\/fundacionrafanadal.quelinka.es\/ca\/wp-json\/wp\/v2\/types\/page"}],"author":[{"embeddable":true,"href":"https:\/\/fundacionrafanadal.quelinka.es\/ca\/wp-json\/wp\/v2\/users\/1"}],"replies":[{"embeddable":true,"href":"https:\/\/fundacionrafanadal.quelinka.es\/ca\/wp-json\/wp\/v2\/comments?post=17350"}],"version-history":[{"count":5,"href":"https:\/\/fundacionrafanadal.quelinka.es\/ca\/wp-json\/wp\/v2\/pages\/17350\/revisions"}],"predecessor-version":[{"id":17370,"href":"https:\/\/fundacionrafanadal.quelinka.es\/ca\/wp-json\/wp\/v2\/pages\/17350\/revisions\/17370"}],"up":[{"embeddable":true,"href":"https:\/\/fundacionrafanadal.quelinka.es\/ca\/wp-json\/wp\/v2\/pages\/15130"}],"wp:featuredmedia":[{"embeddable":true,"href":"https:\/\/fundacionrafanadal.quelinka.es\/ca\/wp-json\/wp\/v2\/media\/17353"}],"wp:attachment":[{"href":"https:\/\/fundacionrafanadal.quelinka.es\/ca\/wp-json\/wp\/v2\/media?parent=17350"}],"curies":[{"name":"wp","href":"https:\/\/api.w.org\/{rel}","templated":true}]}}