{"id":17543,"date":"2023-09-20T08:13:19","date_gmt":"2023-09-20T08:13:19","guid":{"rendered":"https:\/\/www.fundacionrafanadal.org\/?page_id=17543"},"modified":"2023-09-20T08:13:33","modified_gmt":"2023-09-20T08:13:33","slug":"la-fundacio-rafa-nadal-a-la-iniciativa-global-clinton-compromesos-amb-solucions-globals","status":"publish","type":"page","link":"https:\/\/fundacionrafanadal.quelinka.es\/ca\/coneix-nos\/noticies\/noticies-2023\/la-fundacio-rafa-nadal-a-la-iniciativa-global-clinton-compromesos-amb-solucions-globals\/","title":{"rendered":"La Fundaci\u00f3 Rafa Nadal a la Iniciativa Global Clinton: Compromesos amb Solucions Globals"},"content":{"rendered":"\n<div class=\"wp-block-media-text alignfull is-stacked-on-mobile is-image-fill has-background\" style=\"background-color:#ddac31\"><figure class=\"wp-block-media-text__media\" style=\"background-image:url(https:\/\/www.fundacionrafanadal.quelinka.es\/wp-content\/uploads\/2022\/07\/ISM08879.png);background-position:50% 50%\"><img loading=\"lazy\" decoding=\"async\" width=\"900\" height=\"399\" src=\"https:\/\/www.fundacionrafanadal.quelinka.es\/wp-content\/uploads\/2022\/07\/ISM08879.png\" alt=\"\" class=\"wp-image-9879 size-full\" srcset=\"https:\/\/fundacionrafanadal.quelinka.es\/wp-content\/uploads\/2022\/07\/ISM08879.png 900w, https:\/\/fundacionrafanadal.quelinka.es\/wp-content\/uploads\/2022\/07\/ISM08879-300x133.png 300w, https:\/\/fundacionrafanadal.quelinka.es\/wp-content\/uploads\/2022\/07\/ISM08879-768x340.png 768w\" sizes=\"auto, (max-width: 900px) 100vw, 900px\" \/><\/figure><div class=\"wp-block-media-text__content\">\n<div style=\"height:30px\" aria-hidden=\"true\" class=\"wp-block-spacer\"><\/div>\n\n\n\n<h2 class=\"has-ast-global-color-5-color has-text-color wp-block-heading\" style=\"font-size:48px\"><strong>Not\u00edcies<\/strong><\/h2>\n\n\n\n<div style=\"height:200px\" aria-hidden=\"true\" class=\"wp-block-spacer\"><\/div>\n<\/div><\/div>\n\n\n\n<div style=\"height:50px\" aria-hidden=\"true\" class=\"wp-block-spacer\"><\/div>\n\n\n\n<div class=\"inherit-container-width wp-block-group is-layout-constrained wp-block-group-is-layout-constrained\"><div class=\"wp-block-group__inner-container\">\n<div class=\"inherit-container-width wp-block-group is-layout-constrained wp-block-group-is-layout-constrained\"><div class=\"wp-block-group__inner-container\"><div class=\"wp-block-post-date\"><time datetime=\"2023-09-20T08:13:19+02:00\">20 de setembre de 2023<\/time><\/div>\n\n\n<h2 class=\"wp-block-heading has-medium-font-size\" style=\"text-transform:uppercase\"><strong>LA FUNDACI\u00d3 RAFA NADAL A LA INICIATIVA GLOBAL CLINTON: COMPROMESOS AMB SOLUCIONS GLOBALS<\/strong><\/h2>\n\n\n\n<figure class=\"wp-block-image alignwide size-full\"><img loading=\"lazy\" decoding=\"async\" width=\"1000\" height=\"800\" src=\"https:\/\/www.fundacionrafanadal.quelinka.es\/wp-content\/uploads\/2023\/09\/CGI.png\" alt=\"\" class=\"wp-image-17555\" srcset=\"https:\/\/fundacionrafanadal.quelinka.es\/wp-content\/uploads\/2023\/09\/CGI.png 1000w, https:\/\/fundacionrafanadal.quelinka.es\/wp-content\/uploads\/2023\/09\/CGI-300x240.png 300w, https:\/\/fundacionrafanadal.quelinka.es\/wp-content\/uploads\/2023\/09\/CGI-768x614.png 768w\" sizes=\"auto, (max-width: 1000px) 100vw, 1000px\" \/><\/figure>\n\n\n\n<p>La <strong>Fundaci\u00f3 Rafa Nadal<\/strong> continua el seu comprom\u00eds amb l&#8217;acci\u00f3 global participant activament a la <strong>Clinton Global Initiative (CGI)<\/strong>. En aquesta ocasi\u00f3, el Director Adjunt de la Fundaci\u00f3 Rafa Nadal, Jose Ruiz, i la Responsable d&#8217;Aliances, Fani Ginard, estan presents en aquest important esdeveniment internacional celebrat a Nova York.<\/p>\n\n\n\n<p>La <a href=\"https:\/\/www.clintonfoundation.org\/clinton-global-initiative-september-2023-meeting\/\">CGI<\/a> \u00e9s un f\u00f2rum de nivell elevat organitzat per la <strong><a href=\"https:\/\/www.clintonfoundation.org\/\">Clinton Foundation<\/a><\/strong>, que reuneix l\u00edders globals consolidats i emergents amb l&#8217;objectiu de crear i implementar solucions concretes per als problemes m\u00e9s urgents del nostre planeta. Durant aquesta trobada, els representants de la <strong>Fundaci\u00f3 Rafa Nadal <\/strong>s&#8217;uneixen a la conversa global sobre la resili\u00e8ncia clim\u00e0tica, l&#8217;equitat en salut i la recuperaci\u00f3 econ\u00f2mica inclusiva, temes fonamentals en l&#8217;agenda global de les organitzacions del tercer sector.<\/p>\n\n\n\n<figure class=\"wp-block-image size-full\"><img loading=\"lazy\" decoding=\"async\" width=\"897\" height=\"718\" src=\"https:\/\/www.fundacionrafanadal.quelinka.es\/wp-content\/uploads\/2023\/09\/Action.jpg\" alt=\"\" class=\"wp-image-17546\" srcset=\"https:\/\/fundacionrafanadal.quelinka.es\/wp-content\/uploads\/2023\/09\/Action.jpg 897w, https:\/\/fundacionrafanadal.quelinka.es\/wp-content\/uploads\/2023\/09\/Action-300x240.jpg 300w, https:\/\/fundacionrafanadal.quelinka.es\/wp-content\/uploads\/2023\/09\/Action-768x615.jpg 768w\" sizes=\"auto, (max-width: 897px) 100vw, 897px\" \/><\/figure>\n\n\n\n<p>La <strong>Fundaci\u00f3 Rafa Nadal<\/strong> ha estat un actor destacat en la promoci\u00f3 de l&#8217;educaci\u00f3, l&#8217;esport i la inclusi\u00f3 social, valors que tamb\u00e9 s\u00f3n prioritaris a la <strong>CGI<\/strong>. La participaci\u00f3 activa de la fundaci\u00f3 en aquesta iniciativa refor\u00e7a el comprom\u00eds de l&#8217;entitat amb la col\u00b7laboraci\u00f3 global i la creaci\u00f3 d&#8217;accions concretes per abordar els reptes m\u00e9s importants de la nostra societat.<\/p>\n\n\n\n<p>A la <strong>CGI<\/strong>, es treballa juntament amb socis estrat\u00e8gics per desenvolupar compromisos d&#8217;acci\u00f3 espec\u00edfics i mesurables que contribueixen al progr\u00e9s en \u00e0rees cr\u00edtiques pel benestar de les persones. La <strong>Fundaci\u00f3 Rafa Nadal <\/strong>se&#8217;norgulleix de ser part d&#8217;aquesta xarxa global de l\u00edders compromesos amb un m\u00f3n millor i est\u00e0 feli\u00e7 de aportar la seva experi\u00e8ncia en aquesta tasca conjunta.<\/p>\n\n\n\n<p><strong>La Fundaci\u00f3 Rafa Nadal segueix contribuint a la construcci\u00f3 d&#8217;un futur m\u00e9s sostenible i inclusiu per a tots, assistint a trobades mundials d&#8217;acci\u00f3 social.<\/strong><\/p>\n<\/div><\/div>\n<\/div><\/div>\n","protected":false},"excerpt":{"rendered":"<p>LA FUNDACI\u00d3 RAFA NADAL A LA INICIATIVA GLOBAL CLINTON: COMPROMESOS AMB SOLUCIONS GLOBALS La Fundaci\u00f3 Rafa Nadal continua el seu comprom\u00eds amb l&#8217;acci\u00f3 global participant activament a la Clinton Global Initiative (CGI). En aquesta ocasi\u00f3, el Director Adjunt de la Fundaci\u00f3 Rafa Nadal, Jose Ruiz, i la Responsable d&#8217;Aliances, Fani Ginard, estan presents en aquest [&hellip;]<\/p>\n","protected":false},"author":1,"featured_media":17555,"parent":15130,"menu_order":-2,"comment_status":"closed","ping_status":"closed","template":"","meta":{"_acf_changed":false,"give_campaign_id":0,"_monsterinsights_skip_tracking":false,"_monsterinsights_sitenote_active":false,"_monsterinsights_sitenote_note":"","_monsterinsights_sitenote_category":0,"site-sidebar-layout":"default","site-content-layout":"","ast-site-content-layout":"default","site-content-style":"default","site-sidebar-style":"default","ast-global-header-display":"","ast-banner-title-visibility":"","ast-main-header-display":"","ast-hfb-above-header-display":"","ast-hfb-below-header-display":"","ast-hfb-mobile-header-display":"","site-post-title":"disabled","ast-breadcrumbs-content":"","ast-featured-img":"disabled","footer-sml-layout":"","ast-disable-related-posts":"","theme-transparent-header-meta":"","adv-header-id-meta":"","stick-header-meta":"","header-above-stick-meta":"","header-main-stick-meta":"","header-below-stick-meta":"","astra-migrate-meta-layouts":"default","ast-page-background-enabled":"default","ast-page-background-meta":{"desktop":{"background-color":"var(--ast-global-color-4)","background-image":"","background-repeat":"repeat","background-position":"center center","background-size":"auto","background-attachment":"scroll","background-type":"","background-media":"","overlay-type":"","overlay-color":"","overlay-opacity":"","overlay-gradient":""},"tablet":{"background-color":"","background-image":"","background-repeat":"repeat","background-position":"center center","background-size":"auto","background-attachment":"scroll","background-type":"","background-media":"","overlay-type":"","overlay-color":"","overlay-opacity":"","overlay-gradient":""},"mobile":{"background-color":"","background-image":"","background-repeat":"repeat","background-position":"center center","background-size":"auto","background-attachment":"scroll","background-type":"","background-media":"","overlay-type":"","overlay-color":"","overlay-opacity":"","overlay-gradient":""}},"ast-content-background-meta":{"desktop":{"background-color":"var(--ast-global-color-5)","background-image":"","background-repeat":"repeat","background-position":"center center","background-size":"auto","background-attachment":"scroll","background-type":"","background-media":"","overlay-type":"","overlay-color":"","overlay-opacity":"","overlay-gradient":""},"tablet":{"background-color":"var(--ast-global-color-5)","background-image":"","background-repeat":"repeat","background-position":"center center","background-size":"auto","background-attachment":"scroll","background-type":"","background-media":"","overlay-type":"","overlay-color":"","overlay-opacity":"","overlay-gradient":""},"mobile":{"background-color":"var(--ast-global-color-5)","background-image":"","background-repeat":"repeat","background-position":"center center","background-size":"auto","background-attachment":"scroll","background-type":"","background-media":"","overlay-type":"","overlay-color":"","overlay-opacity":"","overlay-gradient":""}},"_themeisle_gutenberg_block_has_review":false,"footnotes":""},"class_list":["post-17543","page","type-page","status-publish","has-post-thumbnail","hentry"],"acf":[],"yoast_head":"<!-- This site is optimized with the Yoast SEO plugin v26.8 - https:\/\/yoast.com\/product\/yoast-seo-wordpress\/ -->\n<title>La Fundaci\u00f3 Rafa Nadal a la Iniciativa Global Clinton: Compromesos amb Solucions Globals - Fundaci\u00f3n Rafa Nadal<\/title>\n<meta name=\"robots\" content=\"noindex, follow, max-snippet:-1, max-image-preview:large, max-video-preview:-1\" \/>\n<meta property=\"og:locale\" content=\"ca_ES\" \/>\n<meta property=\"og:type\" content=\"article\" \/>\n<meta property=\"og:title\" content=\"La Fundaci\u00f3 Rafa Nadal a la Iniciativa Global Clinton: Compromesos amb Solucions Globals - Fundaci\u00f3n Rafa Nadal\" \/>\n<meta property=\"og:description\" content=\"LA FUNDACI\u00d3 RAFA NADAL A LA INICIATIVA GLOBAL CLINTON: COMPROMESOS AMB SOLUCIONS GLOBALS La Fundaci\u00f3 Rafa Nadal continua el seu comprom\u00eds amb l&#8217;acci\u00f3 global participant activament a la Clinton Global Initiative (CGI). En aquesta ocasi\u00f3, el Director Adjunt de la Fundaci\u00f3 Rafa Nadal, Jose Ruiz, i la Responsable d&#8217;Aliances, Fani Ginard, estan presents en aquest [&hellip;]\" \/>\n<meta property=\"og:url\" content=\"https:\/\/fundacionrafanadal.quelinka.es\/ca\/coneix-nos\/noticies\/noticies-2023\/la-fundacio-rafa-nadal-a-la-iniciativa-global-clinton-compromesos-amb-solucions-globals\/\" \/>\n<meta property=\"og:site_name\" content=\"Fundaci\u00f3n Rafa Nadal\" \/>\n<meta property=\"article:modified_time\" content=\"2023-09-20T08:13:33+00:00\" \/>\n<meta property=\"og:image\" content=\"https:\/\/fundacionrafanadal.quelinka.es\/wp-content\/uploads\/2023\/09\/CGI.png\" \/>\n\t<meta property=\"og:image:width\" content=\"1000\" \/>\n\t<meta property=\"og:image:height\" content=\"800\" \/>\n\t<meta property=\"og:image:type\" content=\"image\/png\" \/>\n<meta name=\"twitter:card\" content=\"summary_large_image\" \/>\n<meta name=\"twitter:label1\" content=\"Temps estimat de lectura\" \/>\n\t<meta name=\"twitter:data1\" content=\"3 minuts\" \/>\n<script type=\"application\/ld+json\" class=\"yoast-schema-graph\">{\"@context\":\"https:\/\/schema.org\",\"@graph\":[{\"@type\":\"WebPage\",\"@id\":\"https:\/\/fundacionrafanadal.quelinka.es\/ca\/coneix-nos\/noticies\/noticies-2023\/la-fundacio-rafa-nadal-a-la-iniciativa-global-clinton-compromesos-amb-solucions-globals\/\",\"url\":\"https:\/\/fundacionrafanadal.quelinka.es\/ca\/coneix-nos\/noticies\/noticies-2023\/la-fundacio-rafa-nadal-a-la-iniciativa-global-clinton-compromesos-amb-solucions-globals\/\",\"name\":\"La Fundaci\u00f3 Rafa Nadal a la Iniciativa Global Clinton: Compromesos amb Solucions Globals - Fundaci\u00f3n Rafa Nadal\",\"isPartOf\":{\"@id\":\"https:\/\/fundacionrafanadal.quelinka.es\/ca\/#website\"},\"primaryImageOfPage\":{\"@id\":\"https:\/\/fundacionrafanadal.quelinka.es\/ca\/coneix-nos\/noticies\/noticies-2023\/la-fundacio-rafa-nadal-a-la-iniciativa-global-clinton-compromesos-amb-solucions-globals\/#primaryimage\"},\"image\":{\"@id\":\"https:\/\/fundacionrafanadal.quelinka.es\/ca\/coneix-nos\/noticies\/noticies-2023\/la-fundacio-rafa-nadal-a-la-iniciativa-global-clinton-compromesos-amb-solucions-globals\/#primaryimage\"},\"thumbnailUrl\":\"https:\/\/fundacionrafanadal.quelinka.es\/wp-content\/uploads\/2023\/09\/CGI.png\",\"datePublished\":\"2023-09-20T08:13:19+00:00\",\"dateModified\":\"2023-09-20T08:13:33+00:00\",\"breadcrumb\":{\"@id\":\"https:\/\/fundacionrafanadal.quelinka.es\/ca\/coneix-nos\/noticies\/noticies-2023\/la-fundacio-rafa-nadal-a-la-iniciativa-global-clinton-compromesos-amb-solucions-globals\/#breadcrumb\"},\"inLanguage\":\"ca\",\"potentialAction\":[{\"@type\":\"ReadAction\",\"target\":[\"https:\/\/fundacionrafanadal.quelinka.es\/ca\/coneix-nos\/noticies\/noticies-2023\/la-fundacio-rafa-nadal-a-la-iniciativa-global-clinton-compromesos-amb-solucions-globals\/\"]}]},{\"@type\":\"ImageObject\",\"inLanguage\":\"ca\",\"@id\":\"https:\/\/fundacionrafanadal.quelinka.es\/ca\/coneix-nos\/noticies\/noticies-2023\/la-fundacio-rafa-nadal-a-la-iniciativa-global-clinton-compromesos-amb-solucions-globals\/#primaryimage\",\"url\":\"https:\/\/fundacionrafanadal.quelinka.es\/wp-content\/uploads\/2023\/09\/CGI.png\",\"contentUrl\":\"https:\/\/fundacionrafanadal.quelinka.es\/wp-content\/uploads\/2023\/09\/CGI.png\",\"width\":1000,\"height\":800},{\"@type\":\"BreadcrumbList\",\"@id\":\"https:\/\/fundacionrafanadal.quelinka.es\/ca\/coneix-nos\/noticies\/noticies-2023\/la-fundacio-rafa-nadal-a-la-iniciativa-global-clinton-compromesos-amb-solucions-globals\/#breadcrumb\",\"itemListElement\":[{\"@type\":\"ListItem\",\"position\":1,\"name\":\"Portada\",\"item\":\"https:\/\/fundacionrafanadal.quelinka.es\/ca\/\"},{\"@type\":\"ListItem\",\"position\":2,\"name\":\"Coneix-nos\",\"item\":\"https:\/\/fundacionrafanadal.quelinka.es\/ca\/conocenos\/\"},{\"@type\":\"ListItem\",\"position\":3,\"name\":\"Not\u00edcies\",\"item\":\"https:\/\/fundacionrafanadal.quelinka.es\/ca\/conocenos\/noticias\/\"},{\"@type\":\"ListItem\",\"position\":4,\"name\":\"Not\u00edcies 2023\",\"item\":\"https:\/\/fundacionrafanadal.quelinka.es\/ca\/conocenos\/noticias\/noticias-2022-2\/\"},{\"@type\":\"ListItem\",\"position\":5,\"name\":\"La Fundaci\u00f3 Rafa Nadal a la Iniciativa Global Clinton: Compromesos amb Solucions Globals\"}]},{\"@type\":\"WebSite\",\"@id\":\"https:\/\/fundacionrafanadal.quelinka.es\/ca\/#website\",\"url\":\"https:\/\/fundacionrafanadal.quelinka.es\/ca\/\",\"name\":\"Fundaci\u00f3n Rafa Nadal\",\"description\":\"A trav\u00e9s del deporte y la educaci\u00f3n, promovemos la integraci\u00f3n y el desarrollo personal y social de ni\u00f1os y j\u00f3venes. En Espa\u00f1a y la India.\",\"publisher\":{\"@id\":\"https:\/\/fundacionrafanadal.quelinka.es\/ca\/#organization\"},\"potentialAction\":[{\"@type\":\"SearchAction\",\"target\":{\"@type\":\"EntryPoint\",\"urlTemplate\":\"https:\/\/fundacionrafanadal.quelinka.es\/ca\/?s={search_term_string}\"},\"query-input\":{\"@type\":\"PropertyValueSpecification\",\"valueRequired\":true,\"valueName\":\"search_term_string\"}}],\"inLanguage\":\"ca\"},{\"@type\":\"Organization\",\"@id\":\"https:\/\/fundacionrafanadal.quelinka.es\/ca\/#organization\",\"name\":\"Fundaci\u00f3n Rafa Nadal\",\"url\":\"https:\/\/fundacionrafanadal.quelinka.es\/ca\/\",\"logo\":{\"@type\":\"ImageObject\",\"inLanguage\":\"ca\",\"@id\":\"https:\/\/fundacionrafanadal.quelinka.es\/ca\/#\/schema\/logo\/image\/\",\"url\":\"https:\/\/fundacionrafanadal.quelinka.es\/wp-content\/uploads\/2022\/09\/logo-frn-web-3.png\",\"contentUrl\":\"https:\/\/fundacionrafanadal.quelinka.es\/wp-content\/uploads\/2022\/09\/logo-frn-web-3.png\",\"width\":551,\"height\":140,\"caption\":\"Fundaci\u00f3n Rafa Nadal\"},\"image\":{\"@id\":\"https:\/\/fundacionrafanadal.quelinka.es\/ca\/#\/schema\/logo\/image\/\"}}]}<\/script>\n<!-- \/ Yoast SEO plugin. -->","yoast_head_json":{"title":"La Fundaci\u00f3 Rafa Nadal a la Iniciativa Global Clinton: Compromesos amb Solucions Globals - Fundaci\u00f3n Rafa Nadal","robots":{"index":"noindex","follow":"follow","max-snippet":"max-snippet:-1","max-image-preview":"max-image-preview:large","max-video-preview":"max-video-preview:-1"},"og_locale":"ca_ES","og_type":"article","og_title":"La Fundaci\u00f3 Rafa Nadal a la Iniciativa Global Clinton: Compromesos amb Solucions Globals - Fundaci\u00f3n Rafa Nadal","og_description":"LA FUNDACI\u00d3 RAFA NADAL A LA INICIATIVA GLOBAL CLINTON: COMPROMESOS AMB SOLUCIONS GLOBALS La Fundaci\u00f3 Rafa Nadal continua el seu comprom\u00eds amb l&#8217;acci\u00f3 global participant activament a la Clinton Global Initiative (CGI). En aquesta ocasi\u00f3, el Director Adjunt de la Fundaci\u00f3 Rafa Nadal, Jose Ruiz, i la Responsable d&#8217;Aliances, Fani Ginard, estan presents en aquest [&hellip;]","og_url":"https:\/\/fundacionrafanadal.quelinka.es\/ca\/coneix-nos\/noticies\/noticies-2023\/la-fundacio-rafa-nadal-a-la-iniciativa-global-clinton-compromesos-amb-solucions-globals\/","og_site_name":"Fundaci\u00f3n Rafa Nadal","article_modified_time":"2023-09-20T08:13:33+00:00","og_image":[{"width":1000,"height":800,"url":"https:\/\/fundacionrafanadal.quelinka.es\/wp-content\/uploads\/2023\/09\/CGI.png","type":"image\/png"}],"twitter_card":"summary_large_image","twitter_misc":{"Temps estimat de lectura":"3 minuts"},"schema":{"@context":"https:\/\/schema.org","@graph":[{"@type":"WebPage","@id":"https:\/\/fundacionrafanadal.quelinka.es\/ca\/coneix-nos\/noticies\/noticies-2023\/la-fundacio-rafa-nadal-a-la-iniciativa-global-clinton-compromesos-amb-solucions-globals\/","url":"https:\/\/fundacionrafanadal.quelinka.es\/ca\/coneix-nos\/noticies\/noticies-2023\/la-fundacio-rafa-nadal-a-la-iniciativa-global-clinton-compromesos-amb-solucions-globals\/","name":"La Fundaci\u00f3 Rafa Nadal a la Iniciativa Global Clinton: Compromesos amb Solucions Globals - Fundaci\u00f3n Rafa Nadal","isPartOf":{"@id":"https:\/\/fundacionrafanadal.quelinka.es\/ca\/#website"},"primaryImageOfPage":{"@id":"https:\/\/fundacionrafanadal.quelinka.es\/ca\/coneix-nos\/noticies\/noticies-2023\/la-fundacio-rafa-nadal-a-la-iniciativa-global-clinton-compromesos-amb-solucions-globals\/#primaryimage"},"image":{"@id":"https:\/\/fundacionrafanadal.quelinka.es\/ca\/coneix-nos\/noticies\/noticies-2023\/la-fundacio-rafa-nadal-a-la-iniciativa-global-clinton-compromesos-amb-solucions-globals\/#primaryimage"},"thumbnailUrl":"https:\/\/fundacionrafanadal.quelinka.es\/wp-content\/uploads\/2023\/09\/CGI.png","datePublished":"2023-09-20T08:13:19+00:00","dateModified":"2023-09-20T08:13:33+00:00","breadcrumb":{"@id":"https:\/\/fundacionrafanadal.quelinka.es\/ca\/coneix-nos\/noticies\/noticies-2023\/la-fundacio-rafa-nadal-a-la-iniciativa-global-clinton-compromesos-amb-solucions-globals\/#breadcrumb"},"inLanguage":"ca","potentialAction":[{"@type":"ReadAction","target":["https:\/\/fundacionrafanadal.quelinka.es\/ca\/coneix-nos\/noticies\/noticies-2023\/la-fundacio-rafa-nadal-a-la-iniciativa-global-clinton-compromesos-amb-solucions-globals\/"]}]},{"@type":"ImageObject","inLanguage":"ca","@id":"https:\/\/fundacionrafanadal.quelinka.es\/ca\/coneix-nos\/noticies\/noticies-2023\/la-fundacio-rafa-nadal-a-la-iniciativa-global-clinton-compromesos-amb-solucions-globals\/#primaryimage","url":"https:\/\/fundacionrafanadal.quelinka.es\/wp-content\/uploads\/2023\/09\/CGI.png","contentUrl":"https:\/\/fundacionrafanadal.quelinka.es\/wp-content\/uploads\/2023\/09\/CGI.png","width":1000,"height":800},{"@type":"BreadcrumbList","@id":"https:\/\/fundacionrafanadal.quelinka.es\/ca\/coneix-nos\/noticies\/noticies-2023\/la-fundacio-rafa-nadal-a-la-iniciativa-global-clinton-compromesos-amb-solucions-globals\/#breadcrumb","itemListElement":[{"@type":"ListItem","position":1,"name":"Portada","item":"https:\/\/fundacionrafanadal.quelinka.es\/ca\/"},{"@type":"ListItem","position":2,"name":"Coneix-nos","item":"https:\/\/fundacionrafanadal.quelinka.es\/ca\/conocenos\/"},{"@type":"ListItem","position":3,"name":"Not\u00edcies","item":"https:\/\/fundacionrafanadal.quelinka.es\/ca\/conocenos\/noticias\/"},{"@type":"ListItem","position":4,"name":"Not\u00edcies 2023","item":"https:\/\/fundacionrafanadal.quelinka.es\/ca\/conocenos\/noticias\/noticias-2022-2\/"},{"@type":"ListItem","position":5,"name":"La Fundaci\u00f3 Rafa Nadal a la Iniciativa Global Clinton: Compromesos amb Solucions Globals"}]},{"@type":"WebSite","@id":"https:\/\/fundacionrafanadal.quelinka.es\/ca\/#website","url":"https:\/\/fundacionrafanadal.quelinka.es\/ca\/","name":"Fundaci\u00f3n Rafa Nadal","description":"A trav\u00e9s del deporte y la educaci\u00f3n, promovemos la integraci\u00f3n y el desarrollo personal y social de ni\u00f1os y j\u00f3venes. En Espa\u00f1a y la India.","publisher":{"@id":"https:\/\/fundacionrafanadal.quelinka.es\/ca\/#organization"},"potentialAction":[{"@type":"SearchAction","target":{"@type":"EntryPoint","urlTemplate":"https:\/\/fundacionrafanadal.quelinka.es\/ca\/?s={search_term_string}"},"query-input":{"@type":"PropertyValueSpecification","valueRequired":true,"valueName":"search_term_string"}}],"inLanguage":"ca"},{"@type":"Organization","@id":"https:\/\/fundacionrafanadal.quelinka.es\/ca\/#organization","name":"Fundaci\u00f3n Rafa Nadal","url":"https:\/\/fundacionrafanadal.quelinka.es\/ca\/","logo":{"@type":"ImageObject","inLanguage":"ca","@id":"https:\/\/fundacionrafanadal.quelinka.es\/ca\/#\/schema\/logo\/image\/","url":"https:\/\/fundacionrafanadal.quelinka.es\/wp-content\/uploads\/2022\/09\/logo-frn-web-3.png","contentUrl":"https:\/\/fundacionrafanadal.quelinka.es\/wp-content\/uploads\/2022\/09\/logo-frn-web-3.png","width":551,"height":140,"caption":"Fundaci\u00f3n Rafa Nadal"},"image":{"@id":"https:\/\/fundacionrafanadal.quelinka.es\/ca\/#\/schema\/logo\/image\/"}}]}},"campaignId":"","_links":{"self":[{"href":"https:\/\/fundacionrafanadal.quelinka.es\/ca\/wp-json\/wp\/v2\/pages\/17543","targetHints":{"allow":["GET"]}}],"collection":[{"href":"https:\/\/fundacionrafanadal.quelinka.es\/ca\/wp-json\/wp\/v2\/pages"}],"about":[{"href":"https:\/\/fundacionrafanadal.quelinka.es\/ca\/wp-json\/wp\/v2\/types\/page"}],"author":[{"embeddable":true,"href":"https:\/\/fundacionrafanadal.quelinka.es\/ca\/wp-json\/wp\/v2\/users\/1"}],"replies":[{"embeddable":true,"href":"https:\/\/fundacionrafanadal.quelinka.es\/ca\/wp-json\/wp\/v2\/comments?post=17543"}],"version-history":[{"count":1,"href":"https:\/\/fundacionrafanadal.quelinka.es\/ca\/wp-json\/wp\/v2\/pages\/17543\/revisions"}],"predecessor-version":[{"id":17559,"href":"https:\/\/fundacionrafanadal.quelinka.es\/ca\/wp-json\/wp\/v2\/pages\/17543\/revisions\/17559"}],"up":[{"embeddable":true,"href":"https:\/\/fundacionrafanadal.quelinka.es\/ca\/wp-json\/wp\/v2\/pages\/15130"}],"wp:featuredmedia":[{"embeddable":true,"href":"https:\/\/fundacionrafanadal.quelinka.es\/ca\/wp-json\/wp\/v2\/media\/17555"}],"wp:attachment":[{"href":"https:\/\/fundacionrafanadal.quelinka.es\/ca\/wp-json\/wp\/v2\/media?parent=17543"}],"curies":[{"name":"wp","href":"https:\/\/api.w.org\/{rel}","templated":true}]}}