{"id":18014,"date":"2023-10-26T12:42:00","date_gmt":"2023-10-26T12:42:00","guid":{"rendered":"https:\/\/www.fundacionrafanadal.org\/?page_id=18014"},"modified":"2023-10-27T09:27:05","modified_gmt":"2023-10-27T09:27:05","slug":"la-fundacio-rafa-nadal-suneix-a-la-international-safeguards-for-children-in-sport","status":"publish","type":"page","link":"https:\/\/fundacionrafanadal.quelinka.es\/ca\/coneix-nos\/noticies\/noticies-2023\/la-fundacio-rafa-nadal-suneix-a-la-international-safeguards-for-children-in-sport\/","title":{"rendered":"La Fundaci\u00f3 Rafa Nadal s&#8217;uneix a la International Safeguards For Children In Sport"},"content":{"rendered":"\n<div class=\"wp-block-media-text alignfull is-stacked-on-mobile is-image-fill has-background\" style=\"background-color:#ddac31\"><figure class=\"wp-block-media-text__media\" style=\"background-image:url(https:\/\/www.fundacionrafanadal.quelinka.es\/wp-content\/uploads\/2022\/07\/ISM08879.png);background-position:50% 50%\"><img loading=\"lazy\" decoding=\"async\" width=\"900\" height=\"399\" src=\"https:\/\/www.fundacionrafanadal.quelinka.es\/wp-content\/uploads\/2022\/07\/ISM08879.png\" alt=\"\" class=\"wp-image-9879 size-full\" srcset=\"https:\/\/fundacionrafanadal.quelinka.es\/wp-content\/uploads\/2022\/07\/ISM08879.png 900w, https:\/\/fundacionrafanadal.quelinka.es\/wp-content\/uploads\/2022\/07\/ISM08879-300x133.png 300w, https:\/\/fundacionrafanadal.quelinka.es\/wp-content\/uploads\/2022\/07\/ISM08879-768x340.png 768w\" sizes=\"auto, (max-width: 900px) 100vw, 900px\" \/><\/figure><div class=\"wp-block-media-text__content\">\n<div style=\"height:30px\" aria-hidden=\"true\" class=\"wp-block-spacer\"><\/div>\n\n\n\n<h2 class=\"has-ast-global-color-5-color has-text-color wp-block-heading\" style=\"font-size:48px\"><strong>Not\u00edcies<\/strong><\/h2>\n\n\n\n<div style=\"height:200px\" aria-hidden=\"true\" class=\"wp-block-spacer\"><\/div>\n<\/div><\/div>\n\n\n\n<div style=\"height:50px\" aria-hidden=\"true\" class=\"wp-block-spacer\"><\/div>\n\n\n\n<div class=\"inherit-container-width wp-block-group is-layout-constrained wp-block-group-is-layout-constrained\"><div class=\"wp-block-group__inner-container\">\n<div class=\"inherit-container-width wp-block-group is-layout-constrained wp-block-group-is-layout-constrained\"><div class=\"wp-block-group__inner-container\"><div class=\"wp-block-post-date\"><time datetime=\"2023-10-26T12:42:00+02:00\">26 d&#8217;octubre de 2023<\/time><\/div>\n\n\n<h2 class=\"wp-block-heading has-medium-font-size\" style=\"text-transform:uppercase\"><strong>LA FUNDACI\u00d3 RAFA NADAL S&#8217;UNEIX A LA INTERNATIONAL SAFEGUARDS FOR CHILDREN IN SPORT<\/strong><\/h2>\n\n\n\n<figure class=\"wp-block-image alignwide size-full\"><img loading=\"lazy\" decoding=\"async\" width=\"966\" height=\"773\" src=\"https:\/\/www.fundacionrafanadal.quelinka.es\/wp-content\/uploads\/2023\/10\/ISFC-Logo.png\" alt=\"\" class=\"wp-image-18019\" srcset=\"https:\/\/fundacionrafanadal.quelinka.es\/wp-content\/uploads\/2023\/10\/ISFC-Logo.png 966w, https:\/\/fundacionrafanadal.quelinka.es\/wp-content\/uploads\/2023\/10\/ISFC-Logo-300x240.png 300w, https:\/\/fundacionrafanadal.quelinka.es\/wp-content\/uploads\/2023\/10\/ISFC-Logo-768x615.png 768w\" sizes=\"auto, (max-width: 966px) 100vw, 966px\" \/><\/figure>\n\n\n\n<p>A la Fundaci\u00f3 Rafa Nadal, creiem en el dret dels nens a participar en l&#8217;esport en un entorn segur, de suport i agradable. Aquesta convicci\u00f3 \u00e9s la que ens ha portat a formar part de la International Safeguards For Children In Sport, amb l&#8217;objectiu de garantir que tots els nens i nenes, en qualsevol lloc del m\u00f3n, estiguin protegits mentre practiquen esport.<\/p>\n\n\n\n<p>Aquesta iniciativa aplega organitzacions de sis continents i busca eradicar l&#8217;ab\u00fas a l&#8217;esport des de la seva arrel. Com ho aconsegueix la International Safeguards For Children In Sport?<\/p>\n\n\n\n<ol class=\"wp-block-list\" type=\"1\" start=\"1\">\n<li>Promocionant el Comprom\u00eds: Encoratjant les organitzacions a comprometre&#8217;s a protegir els nens en qualsevol lloc i moment en qu\u00e8 practiquin esports.<\/li>\n\n\n\n<li>Proporcionant Recursos i Orientaci\u00f3: Ofrent recursos i orientaci\u00f3 per recolzar les organitzacions en el seu cam\u00ed cap a la salvaguarda dels nens.<\/li>\n<\/ol>\n\n\n\n<p>Els vuit salvaguardes internacionals que ha de complir qualsevol organitzaci\u00f3 que vulgui formar part d&#8217;aquesta iniciativa s\u00f3n:<\/p>\n\n\n\n<ol class=\"wp-block-list\" type=\"1\" start=\"1\">\n<li>Tenir una pol\u00edtica de salvaguarda.<\/li>\n\n\n\n<li>Saber qu\u00e8 fer si hi ha preocupaci\u00f3 per un nen.<\/li>\n\n\n\n<li>Donar consells i suport al personal i als nens.<\/li>\n\n\n\n<li>Comprendre i abordar els riscos.<\/li>\n\n\n\n<li>Acordar quins comportaments s\u00f3n acceptables i inacceptables.<\/li>\n\n\n\n<li>Contractar i formar el personal de manera segura.<\/li>\n\n\n\n<li>Compartir la salvaguarda amb els col\u00b7laboradors.<\/li>\n\n\n\n<li>Supervisar, avaluar i aprendre.<\/li>\n<\/ol>\n\n\n\n<p>Quan els nens estan segurs en qualsevol ambient, tots en guanyem. Un sol incident o ab\u00fas en l&#8217;\u00e0mbit esportiu, escolar o familiar ja \u00e9s massa.<\/p>\n\n\n\n<p>\u00c9s un dret de cada menor estar segur mentre practica esports, i \u00e9s responsabilitat de cada organitzaci\u00f3 protegir els nens i nenes que atenem.<\/p>\n\n\n\n<p>La salvaguarda \u00e9s la manera com mantenim els nens segurs quan participen en els nostres projectes, per aix\u00f2 comptem amb una <strong><a href=\"https:\/\/www.fundacionrafanadal.quelinka.es\/ca\/qui-som\/governanca\/\">Pol\u00edtica de Protecci\u00f3 del Menor.<\/a><\/strong><\/p>\n\n\n\n<p><strong>A la Fundaci\u00f3 Rafa Nadal, ens enorgulleix formar part d&#8217;aquesta iniciativa juntament amb m\u00e9s de 60 organitzacions en sis continents, totes amb un objectiu com\u00fa: que tots els nens, nenes i joves en qualsevol part del m\u00f3n estiguin segurs en l&#8217;esport. <\/strong><\/p>\n\n\n\n<p>Estem orgullosos de haver-nos unit a aquest moviment global dedicat a l&#8217;esport segur i de prendre el comprom\u00eds de protegir els nens i nenes que atenem.<\/p>\n<\/div><\/div>\n<\/div><\/div>\n","protected":false},"excerpt":{"rendered":"<p>LA FUNDACI\u00d3 RAFA NADAL S&#8217;UNEIX A LA INTERNATIONAL SAFEGUARDS FOR CHILDREN IN SPORT A la Fundaci\u00f3 Rafa Nadal, creiem en el dret dels nens a participar en l&#8217;esport en un entorn segur, de suport i agradable. Aquesta convicci\u00f3 \u00e9s la que ens ha portat a formar part de la International Safeguards For Children In Sport, [&hellip;]<\/p>\n","protected":false},"author":1,"featured_media":18019,"parent":15130,"menu_order":-2,"comment_status":"closed","ping_status":"closed","template":"","meta":{"_acf_changed":false,"give_campaign_id":0,"_monsterinsights_skip_tracking":false,"_monsterinsights_sitenote_active":false,"_monsterinsights_sitenote_note":"","_monsterinsights_sitenote_category":0,"site-sidebar-layout":"default","site-content-layout":"","ast-site-content-layout":"default","site-content-style":"default","site-sidebar-style":"default","ast-global-header-display":"","ast-banner-title-visibility":"","ast-main-header-display":"","ast-hfb-above-header-display":"","ast-hfb-below-header-display":"","ast-hfb-mobile-header-display":"","site-post-title":"disabled","ast-breadcrumbs-content":"","ast-featured-img":"disabled","footer-sml-layout":"","ast-disable-related-posts":"","theme-transparent-header-meta":"","adv-header-id-meta":"","stick-header-meta":"","header-above-stick-meta":"","header-main-stick-meta":"","header-below-stick-meta":"","astra-migrate-meta-layouts":"default","ast-page-background-enabled":"default","ast-page-background-meta":{"desktop":{"background-color":"var(--ast-global-color-4)","background-image":"","background-repeat":"repeat","background-position":"center center","background-size":"auto","background-attachment":"scroll","background-type":"","background-media":"","overlay-type":"","overlay-color":"","overlay-opacity":"","overlay-gradient":""},"tablet":{"background-color":"","background-image":"","background-repeat":"repeat","background-position":"center center","background-size":"auto","background-attachment":"scroll","background-type":"","background-media":"","overlay-type":"","overlay-color":"","overlay-opacity":"","overlay-gradient":""},"mobile":{"background-color":"","background-image":"","background-repeat":"repeat","background-position":"center center","background-size":"auto","background-attachment":"scroll","background-type":"","background-media":"","overlay-type":"","overlay-color":"","overlay-opacity":"","overlay-gradient":""}},"ast-content-background-meta":{"desktop":{"background-color":"var(--ast-global-color-5)","background-image":"","background-repeat":"repeat","background-position":"center center","background-size":"auto","background-attachment":"scroll","background-type":"","background-media":"","overlay-type":"","overlay-color":"","overlay-opacity":"","overlay-gradient":""},"tablet":{"background-color":"var(--ast-global-color-5)","background-image":"","background-repeat":"repeat","background-position":"center center","background-size":"auto","background-attachment":"scroll","background-type":"","background-media":"","overlay-type":"","overlay-color":"","overlay-opacity":"","overlay-gradient":""},"mobile":{"background-color":"var(--ast-global-color-5)","background-image":"","background-repeat":"repeat","background-position":"center center","background-size":"auto","background-attachment":"scroll","background-type":"","background-media":"","overlay-type":"","overlay-color":"","overlay-opacity":"","overlay-gradient":""}},"_themeisle_gutenberg_block_has_review":false,"footnotes":""},"class_list":["post-18014","page","type-page","status-publish","has-post-thumbnail","hentry"],"acf":[],"yoast_head":"<!-- This site is optimized with the Yoast SEO plugin v26.8 - https:\/\/yoast.com\/product\/yoast-seo-wordpress\/ -->\n<title>La Fundaci\u00f3 Rafa Nadal s&#039;uneix a la International Safeguards For Children In Sport - Fundaci\u00f3n Rafa Nadal<\/title>\n<meta name=\"robots\" content=\"noindex, follow, max-snippet:-1, max-image-preview:large, max-video-preview:-1\" \/>\n<meta property=\"og:locale\" content=\"ca_ES\" \/>\n<meta property=\"og:type\" content=\"article\" \/>\n<meta property=\"og:title\" content=\"La Fundaci\u00f3 Rafa Nadal s&#039;uneix a la International Safeguards For Children In Sport - Fundaci\u00f3n Rafa Nadal\" \/>\n<meta property=\"og:description\" content=\"LA FUNDACI\u00d3 RAFA NADAL S&#8217;UNEIX A LA INTERNATIONAL SAFEGUARDS FOR CHILDREN IN SPORT A la Fundaci\u00f3 Rafa Nadal, creiem en el dret dels nens a participar en l&#8217;esport en un entorn segur, de suport i agradable. Aquesta convicci\u00f3 \u00e9s la que ens ha portat a formar part de la International Safeguards For Children In Sport, [&hellip;]\" \/>\n<meta property=\"og:url\" content=\"https:\/\/fundacionrafanadal.quelinka.es\/ca\/coneix-nos\/noticies\/noticies-2023\/la-fundacio-rafa-nadal-suneix-a-la-international-safeguards-for-children-in-sport\/\" \/>\n<meta property=\"og:site_name\" content=\"Fundaci\u00f3n Rafa Nadal\" \/>\n<meta property=\"article:modified_time\" content=\"2023-10-27T09:27:05+00:00\" \/>\n<meta property=\"og:image\" content=\"https:\/\/fundacionrafanadal.quelinka.es\/wp-content\/uploads\/2023\/10\/ISFC-Logo.png\" \/>\n\t<meta property=\"og:image:width\" content=\"966\" \/>\n\t<meta property=\"og:image:height\" content=\"773\" \/>\n\t<meta property=\"og:image:type\" content=\"image\/png\" \/>\n<meta name=\"twitter:card\" content=\"summary_large_image\" \/>\n<meta name=\"twitter:label1\" content=\"Temps estimat de lectura\" \/>\n\t<meta name=\"twitter:data1\" content=\"3 minuts\" \/>\n<script type=\"application\/ld+json\" class=\"yoast-schema-graph\">{\"@context\":\"https:\/\/schema.org\",\"@graph\":[{\"@type\":\"WebPage\",\"@id\":\"https:\/\/fundacionrafanadal.quelinka.es\/ca\/coneix-nos\/noticies\/noticies-2023\/la-fundacio-rafa-nadal-suneix-a-la-international-safeguards-for-children-in-sport\/\",\"url\":\"https:\/\/fundacionrafanadal.quelinka.es\/ca\/coneix-nos\/noticies\/noticies-2023\/la-fundacio-rafa-nadal-suneix-a-la-international-safeguards-for-children-in-sport\/\",\"name\":\"La Fundaci\u00f3 Rafa Nadal s'uneix a la International Safeguards For Children In Sport - Fundaci\u00f3n Rafa Nadal\",\"isPartOf\":{\"@id\":\"https:\/\/fundacionrafanadal.quelinka.es\/ca\/#website\"},\"primaryImageOfPage\":{\"@id\":\"https:\/\/fundacionrafanadal.quelinka.es\/ca\/coneix-nos\/noticies\/noticies-2023\/la-fundacio-rafa-nadal-suneix-a-la-international-safeguards-for-children-in-sport\/#primaryimage\"},\"image\":{\"@id\":\"https:\/\/fundacionrafanadal.quelinka.es\/ca\/coneix-nos\/noticies\/noticies-2023\/la-fundacio-rafa-nadal-suneix-a-la-international-safeguards-for-children-in-sport\/#primaryimage\"},\"thumbnailUrl\":\"https:\/\/fundacionrafanadal.quelinka.es\/wp-content\/uploads\/2023\/10\/ISFC-Logo.png\",\"datePublished\":\"2023-10-26T12:42:00+00:00\",\"dateModified\":\"2023-10-27T09:27:05+00:00\",\"breadcrumb\":{\"@id\":\"https:\/\/fundacionrafanadal.quelinka.es\/ca\/coneix-nos\/noticies\/noticies-2023\/la-fundacio-rafa-nadal-suneix-a-la-international-safeguards-for-children-in-sport\/#breadcrumb\"},\"inLanguage\":\"ca\",\"potentialAction\":[{\"@type\":\"ReadAction\",\"target\":[\"https:\/\/fundacionrafanadal.quelinka.es\/ca\/coneix-nos\/noticies\/noticies-2023\/la-fundacio-rafa-nadal-suneix-a-la-international-safeguards-for-children-in-sport\/\"]}]},{\"@type\":\"ImageObject\",\"inLanguage\":\"ca\",\"@id\":\"https:\/\/fundacionrafanadal.quelinka.es\/ca\/coneix-nos\/noticies\/noticies-2023\/la-fundacio-rafa-nadal-suneix-a-la-international-safeguards-for-children-in-sport\/#primaryimage\",\"url\":\"https:\/\/fundacionrafanadal.quelinka.es\/wp-content\/uploads\/2023\/10\/ISFC-Logo.png\",\"contentUrl\":\"https:\/\/fundacionrafanadal.quelinka.es\/wp-content\/uploads\/2023\/10\/ISFC-Logo.png\",\"width\":966,\"height\":773},{\"@type\":\"BreadcrumbList\",\"@id\":\"https:\/\/fundacionrafanadal.quelinka.es\/ca\/coneix-nos\/noticies\/noticies-2023\/la-fundacio-rafa-nadal-suneix-a-la-international-safeguards-for-children-in-sport\/#breadcrumb\",\"itemListElement\":[{\"@type\":\"ListItem\",\"position\":1,\"name\":\"Portada\",\"item\":\"https:\/\/fundacionrafanadal.quelinka.es\/ca\/\"},{\"@type\":\"ListItem\",\"position\":2,\"name\":\"Coneix-nos\",\"item\":\"https:\/\/fundacionrafanadal.quelinka.es\/ca\/conocenos\/\"},{\"@type\":\"ListItem\",\"position\":3,\"name\":\"Not\u00edcies\",\"item\":\"https:\/\/fundacionrafanadal.quelinka.es\/ca\/conocenos\/noticias\/\"},{\"@type\":\"ListItem\",\"position\":4,\"name\":\"Not\u00edcies 2023\",\"item\":\"https:\/\/fundacionrafanadal.quelinka.es\/ca\/conocenos\/noticias\/noticias-2022-2\/\"},{\"@type\":\"ListItem\",\"position\":5,\"name\":\"La Fundaci\u00f3 Rafa Nadal s&#8217;uneix a la International Safeguards For Children In Sport\"}]},{\"@type\":\"WebSite\",\"@id\":\"https:\/\/fundacionrafanadal.quelinka.es\/ca\/#website\",\"url\":\"https:\/\/fundacionrafanadal.quelinka.es\/ca\/\",\"name\":\"Fundaci\u00f3n Rafa Nadal\",\"description\":\"A trav\u00e9s del deporte y la educaci\u00f3n, promovemos la integraci\u00f3n y el desarrollo personal y social de ni\u00f1os y j\u00f3venes. En Espa\u00f1a y la India.\",\"publisher\":{\"@id\":\"https:\/\/fundacionrafanadal.quelinka.es\/ca\/#organization\"},\"potentialAction\":[{\"@type\":\"SearchAction\",\"target\":{\"@type\":\"EntryPoint\",\"urlTemplate\":\"https:\/\/fundacionrafanadal.quelinka.es\/ca\/?s={search_term_string}\"},\"query-input\":{\"@type\":\"PropertyValueSpecification\",\"valueRequired\":true,\"valueName\":\"search_term_string\"}}],\"inLanguage\":\"ca\"},{\"@type\":\"Organization\",\"@id\":\"https:\/\/fundacionrafanadal.quelinka.es\/ca\/#organization\",\"name\":\"Fundaci\u00f3n Rafa Nadal\",\"url\":\"https:\/\/fundacionrafanadal.quelinka.es\/ca\/\",\"logo\":{\"@type\":\"ImageObject\",\"inLanguage\":\"ca\",\"@id\":\"https:\/\/fundacionrafanadal.quelinka.es\/ca\/#\/schema\/logo\/image\/\",\"url\":\"https:\/\/fundacionrafanadal.quelinka.es\/wp-content\/uploads\/2022\/09\/logo-frn-web-3.png\",\"contentUrl\":\"https:\/\/fundacionrafanadal.quelinka.es\/wp-content\/uploads\/2022\/09\/logo-frn-web-3.png\",\"width\":551,\"height\":140,\"caption\":\"Fundaci\u00f3n Rafa Nadal\"},\"image\":{\"@id\":\"https:\/\/fundacionrafanadal.quelinka.es\/ca\/#\/schema\/logo\/image\/\"}}]}<\/script>\n<!-- \/ Yoast SEO plugin. -->","yoast_head_json":{"title":"La Fundaci\u00f3 Rafa Nadal s'uneix a la International Safeguards For Children In Sport - Fundaci\u00f3n Rafa Nadal","robots":{"index":"noindex","follow":"follow","max-snippet":"max-snippet:-1","max-image-preview":"max-image-preview:large","max-video-preview":"max-video-preview:-1"},"og_locale":"ca_ES","og_type":"article","og_title":"La Fundaci\u00f3 Rafa Nadal s'uneix a la International Safeguards For Children In Sport - Fundaci\u00f3n Rafa Nadal","og_description":"LA FUNDACI\u00d3 RAFA NADAL S&#8217;UNEIX A LA INTERNATIONAL SAFEGUARDS FOR CHILDREN IN SPORT A la Fundaci\u00f3 Rafa Nadal, creiem en el dret dels nens a participar en l&#8217;esport en un entorn segur, de suport i agradable. Aquesta convicci\u00f3 \u00e9s la que ens ha portat a formar part de la International Safeguards For Children In Sport, [&hellip;]","og_url":"https:\/\/fundacionrafanadal.quelinka.es\/ca\/coneix-nos\/noticies\/noticies-2023\/la-fundacio-rafa-nadal-suneix-a-la-international-safeguards-for-children-in-sport\/","og_site_name":"Fundaci\u00f3n Rafa Nadal","article_modified_time":"2023-10-27T09:27:05+00:00","og_image":[{"width":966,"height":773,"url":"https:\/\/fundacionrafanadal.quelinka.es\/wp-content\/uploads\/2023\/10\/ISFC-Logo.png","type":"image\/png"}],"twitter_card":"summary_large_image","twitter_misc":{"Temps estimat de lectura":"3 minuts"},"schema":{"@context":"https:\/\/schema.org","@graph":[{"@type":"WebPage","@id":"https:\/\/fundacionrafanadal.quelinka.es\/ca\/coneix-nos\/noticies\/noticies-2023\/la-fundacio-rafa-nadal-suneix-a-la-international-safeguards-for-children-in-sport\/","url":"https:\/\/fundacionrafanadal.quelinka.es\/ca\/coneix-nos\/noticies\/noticies-2023\/la-fundacio-rafa-nadal-suneix-a-la-international-safeguards-for-children-in-sport\/","name":"La Fundaci\u00f3 Rafa Nadal s'uneix a la International Safeguards For Children In Sport - Fundaci\u00f3n Rafa Nadal","isPartOf":{"@id":"https:\/\/fundacionrafanadal.quelinka.es\/ca\/#website"},"primaryImageOfPage":{"@id":"https:\/\/fundacionrafanadal.quelinka.es\/ca\/coneix-nos\/noticies\/noticies-2023\/la-fundacio-rafa-nadal-suneix-a-la-international-safeguards-for-children-in-sport\/#primaryimage"},"image":{"@id":"https:\/\/fundacionrafanadal.quelinka.es\/ca\/coneix-nos\/noticies\/noticies-2023\/la-fundacio-rafa-nadal-suneix-a-la-international-safeguards-for-children-in-sport\/#primaryimage"},"thumbnailUrl":"https:\/\/fundacionrafanadal.quelinka.es\/wp-content\/uploads\/2023\/10\/ISFC-Logo.png","datePublished":"2023-10-26T12:42:00+00:00","dateModified":"2023-10-27T09:27:05+00:00","breadcrumb":{"@id":"https:\/\/fundacionrafanadal.quelinka.es\/ca\/coneix-nos\/noticies\/noticies-2023\/la-fundacio-rafa-nadal-suneix-a-la-international-safeguards-for-children-in-sport\/#breadcrumb"},"inLanguage":"ca","potentialAction":[{"@type":"ReadAction","target":["https:\/\/fundacionrafanadal.quelinka.es\/ca\/coneix-nos\/noticies\/noticies-2023\/la-fundacio-rafa-nadal-suneix-a-la-international-safeguards-for-children-in-sport\/"]}]},{"@type":"ImageObject","inLanguage":"ca","@id":"https:\/\/fundacionrafanadal.quelinka.es\/ca\/coneix-nos\/noticies\/noticies-2023\/la-fundacio-rafa-nadal-suneix-a-la-international-safeguards-for-children-in-sport\/#primaryimage","url":"https:\/\/fundacionrafanadal.quelinka.es\/wp-content\/uploads\/2023\/10\/ISFC-Logo.png","contentUrl":"https:\/\/fundacionrafanadal.quelinka.es\/wp-content\/uploads\/2023\/10\/ISFC-Logo.png","width":966,"height":773},{"@type":"BreadcrumbList","@id":"https:\/\/fundacionrafanadal.quelinka.es\/ca\/coneix-nos\/noticies\/noticies-2023\/la-fundacio-rafa-nadal-suneix-a-la-international-safeguards-for-children-in-sport\/#breadcrumb","itemListElement":[{"@type":"ListItem","position":1,"name":"Portada","item":"https:\/\/fundacionrafanadal.quelinka.es\/ca\/"},{"@type":"ListItem","position":2,"name":"Coneix-nos","item":"https:\/\/fundacionrafanadal.quelinka.es\/ca\/conocenos\/"},{"@type":"ListItem","position":3,"name":"Not\u00edcies","item":"https:\/\/fundacionrafanadal.quelinka.es\/ca\/conocenos\/noticias\/"},{"@type":"ListItem","position":4,"name":"Not\u00edcies 2023","item":"https:\/\/fundacionrafanadal.quelinka.es\/ca\/conocenos\/noticias\/noticias-2022-2\/"},{"@type":"ListItem","position":5,"name":"La Fundaci\u00f3 Rafa Nadal s&#8217;uneix a la International Safeguards For Children In Sport"}]},{"@type":"WebSite","@id":"https:\/\/fundacionrafanadal.quelinka.es\/ca\/#website","url":"https:\/\/fundacionrafanadal.quelinka.es\/ca\/","name":"Fundaci\u00f3n Rafa Nadal","description":"A trav\u00e9s del deporte y la educaci\u00f3n, promovemos la integraci\u00f3n y el desarrollo personal y social de ni\u00f1os y j\u00f3venes. En Espa\u00f1a y la India.","publisher":{"@id":"https:\/\/fundacionrafanadal.quelinka.es\/ca\/#organization"},"potentialAction":[{"@type":"SearchAction","target":{"@type":"EntryPoint","urlTemplate":"https:\/\/fundacionrafanadal.quelinka.es\/ca\/?s={search_term_string}"},"query-input":{"@type":"PropertyValueSpecification","valueRequired":true,"valueName":"search_term_string"}}],"inLanguage":"ca"},{"@type":"Organization","@id":"https:\/\/fundacionrafanadal.quelinka.es\/ca\/#organization","name":"Fundaci\u00f3n Rafa Nadal","url":"https:\/\/fundacionrafanadal.quelinka.es\/ca\/","logo":{"@type":"ImageObject","inLanguage":"ca","@id":"https:\/\/fundacionrafanadal.quelinka.es\/ca\/#\/schema\/logo\/image\/","url":"https:\/\/fundacionrafanadal.quelinka.es\/wp-content\/uploads\/2022\/09\/logo-frn-web-3.png","contentUrl":"https:\/\/fundacionrafanadal.quelinka.es\/wp-content\/uploads\/2022\/09\/logo-frn-web-3.png","width":551,"height":140,"caption":"Fundaci\u00f3n Rafa Nadal"},"image":{"@id":"https:\/\/fundacionrafanadal.quelinka.es\/ca\/#\/schema\/logo\/image\/"}}]}},"campaignId":"","_links":{"self":[{"href":"https:\/\/fundacionrafanadal.quelinka.es\/ca\/wp-json\/wp\/v2\/pages\/18014","targetHints":{"allow":["GET"]}}],"collection":[{"href":"https:\/\/fundacionrafanadal.quelinka.es\/ca\/wp-json\/wp\/v2\/pages"}],"about":[{"href":"https:\/\/fundacionrafanadal.quelinka.es\/ca\/wp-json\/wp\/v2\/types\/page"}],"author":[{"embeddable":true,"href":"https:\/\/fundacionrafanadal.quelinka.es\/ca\/wp-json\/wp\/v2\/users\/1"}],"replies":[{"embeddable":true,"href":"https:\/\/fundacionrafanadal.quelinka.es\/ca\/wp-json\/wp\/v2\/comments?post=18014"}],"version-history":[{"count":1,"href":"https:\/\/fundacionrafanadal.quelinka.es\/ca\/wp-json\/wp\/v2\/pages\/18014\/revisions"}],"predecessor-version":[{"id":18022,"href":"https:\/\/fundacionrafanadal.quelinka.es\/ca\/wp-json\/wp\/v2\/pages\/18014\/revisions\/18022"}],"up":[{"embeddable":true,"href":"https:\/\/fundacionrafanadal.quelinka.es\/ca\/wp-json\/wp\/v2\/pages\/15130"}],"wp:featuredmedia":[{"embeddable":true,"href":"https:\/\/fundacionrafanadal.quelinka.es\/ca\/wp-json\/wp\/v2\/media\/18019"}],"wp:attachment":[{"href":"https:\/\/fundacionrafanadal.quelinka.es\/ca\/wp-json\/wp\/v2\/media?parent=18014"}],"curies":[{"name":"wp","href":"https:\/\/api.w.org\/{rel}","templated":true}]}}