{"id":18952,"date":"2024-01-09T21:01:13","date_gmt":"2024-01-09T21:01:13","guid":{"rendered":"https:\/\/www.fundacionrafanadal.org\/?page_id=18952"},"modified":"2024-01-10T15:12:45","modified_gmt":"2024-01-10T15:12:45","slug":"exit-en-linici-de-la-11a-edicio-del-rafa-nadal-tour-by-santander-amb-la-participacio-de-566-joves-tenistes-en-la-primera-etapa-a-barcelona","status":"publish","type":"page","link":"https:\/\/fundacionrafanadal.quelinka.es\/ca\/coneix-nos\/noticies\/noticies-2024\/exit-en-linici-de-la-11a-edicio-del-rafa-nadal-tour-by-santander-amb-la-participacio-de-566-joves-tenistes-en-la-primera-etapa-a-barcelona\/","title":{"rendered":"\u00c8xit en l&#8217;inici de la 11a edici\u00f3 del Rafa Nadal Tour by Santander, amb la participaci\u00f3 de 566 joves tenistes en la primera etapa a barcelona"},"content":{"rendered":"\n<div class=\"wp-block-media-text alignfull is-stacked-on-mobile is-image-fill has-background\" style=\"background-color:#ddac31\"><figure class=\"wp-block-media-text__media\" style=\"background-image:url(https:\/\/www.fundacionrafanadal.quelinka.es\/wp-content\/uploads\/2022\/07\/ISM08879.png);background-position:50% 50%\"><img loading=\"lazy\" decoding=\"async\" width=\"900\" height=\"399\" src=\"https:\/\/www.fundacionrafanadal.quelinka.es\/wp-content\/uploads\/2022\/07\/ISM08879.png\" alt=\"\" class=\"wp-image-9879 size-full\" srcset=\"https:\/\/fundacionrafanadal.quelinka.es\/wp-content\/uploads\/2022\/07\/ISM08879.png 900w, https:\/\/fundacionrafanadal.quelinka.es\/wp-content\/uploads\/2022\/07\/ISM08879-300x133.png 300w, https:\/\/fundacionrafanadal.quelinka.es\/wp-content\/uploads\/2022\/07\/ISM08879-768x340.png 768w\" sizes=\"auto, (max-width: 900px) 100vw, 900px\" \/><\/figure><div class=\"wp-block-media-text__content\">\n<div style=\"height:30px\" aria-hidden=\"true\" class=\"wp-block-spacer\"><\/div>\n\n\n\n<h2 class=\"has-ast-global-color-5-color has-text-color wp-block-heading\" style=\"font-size:48px\"><strong>Not\u00edcies<\/strong><\/h2>\n\n\n\n<div style=\"height:200px\" aria-hidden=\"true\" class=\"wp-block-spacer\"><\/div>\n<\/div><\/div>\n\n\n\n<div style=\"height:50px\" aria-hidden=\"true\" class=\"wp-block-spacer\"><\/div>\n\n\n\n<div class=\"inherit-container-width wp-block-group is-layout-constrained wp-block-group-is-layout-constrained\"><div class=\"wp-block-group__inner-container\">\n<div class=\"inherit-container-width wp-block-group is-layout-constrained wp-block-group-is-layout-constrained\"><div class=\"wp-block-group__inner-container\"><div class=\"wp-block-post-date\"><time datetime=\"2024-01-09T21:01:13+02:00\">9 de gener de 2024<\/time><\/div>\n\n\n<h2 class=\"wp-block-heading has-medium-font-size\" style=\"text-transform:uppercase\"><strong>\u00c8XIT EN L&#8217;INICI DE LA 11\u00aa EDICI\u00d3 DEL RAFA NADAL TOUR BY SANTANDER, AMB LA PARTICIPACI\u00d3 DE 566 JOVES TENISTES EN LA PRIMERA ETAPA A BARCELONA<\/strong><\/h2>\n\n\n\n<figure class=\"wp-block-image alignwide size-full\"><img loading=\"lazy\" decoding=\"async\" width=\"534\" height=\"427\" src=\"https:\/\/www.fundacionrafanadal.quelinka.es\/wp-content\/uploads\/2024\/01\/RNT_etapa1.jpg\" alt=\"\" class=\"wp-image-18991\" srcset=\"https:\/\/fundacionrafanadal.quelinka.es\/wp-content\/uploads\/2024\/01\/RNT_etapa1.jpg 534w, https:\/\/fundacionrafanadal.quelinka.es\/wp-content\/uploads\/2024\/01\/RNT_etapa1-300x240.jpg 300w\" sizes=\"auto, (max-width: 534px) 100vw, 534px\" \/><\/figure>\n\n\n\n<p><\/p>\n\n\n\n<p>Des del dimarts 2 fins al dimecres 10 de gener, s&#8217;ha celebrat el primer torneig del Rafa Nadal Tour by Santander d&#8217;aquest any 2024, al Real Club de Tenis Barcelona-1899, per a les categories sub-12, sub-14 i sub-16.<\/p>\n\n\n\n<ul class=\"wp-block-list\">\n<li>El<strong> Rafa Nadal Tour by Santander<\/strong> continua consolidant-se com el circuit juvenil de tennis de refer\u00e8ncia al pa\u00eds.<\/li>\n<\/ul>\n\n\n\n<p><\/p>\n\n\n\n<ul class=\"wp-block-list\">\n<li>El circuit t\u00e9 <strong>car\u00e0cter solidari <\/strong>i la totalitat de l&#8217;import de les inscripcions es destina al desenvolupament dels projectes de la Fundaci\u00f3 Rafa Nadal a Espanya i \u00cdndia.<\/li>\n<\/ul>\n\n\n\n<p><\/p>\n\n\n\n<figure class=\"wp-block-gallery has-nested-images columns-default is-cropped wp-block-gallery-1 is-layout-flex wp-block-gallery-is-layout-flex\">\n<figure class=\"wp-block-image size-large\"><img loading=\"lazy\" decoding=\"async\" width=\"1000\" height=\"800\" data-id=\"18997\" src=\"https:\/\/www.fundacionrafanadal.quelinka.es\/wp-content\/uploads\/2024\/01\/RNT2024-Barcelona_9.jpg\" alt=\"\" class=\"wp-image-18997\" srcset=\"https:\/\/fundacionrafanadal.quelinka.es\/wp-content\/uploads\/2024\/01\/RNT2024-Barcelona_9.jpg 1000w, https:\/\/fundacionrafanadal.quelinka.es\/wp-content\/uploads\/2024\/01\/RNT2024-Barcelona_9-300x240.jpg 300w, https:\/\/fundacionrafanadal.quelinka.es\/wp-content\/uploads\/2024\/01\/RNT2024-Barcelona_9-768x614.jpg 768w\" sizes=\"auto, (max-width: 1000px) 100vw, 1000px\" \/><\/figure>\n\n\n\n<figure class=\"wp-block-image size-large\"><img loading=\"lazy\" decoding=\"async\" width=\"1000\" height=\"800\" data-id=\"18994\" src=\"https:\/\/www.fundacionrafanadal.quelinka.es\/wp-content\/uploads\/2024\/01\/RNT2024-Barcelona_17.jpg\" alt=\"\" class=\"wp-image-18994\" srcset=\"https:\/\/fundacionrafanadal.quelinka.es\/wp-content\/uploads\/2024\/01\/RNT2024-Barcelona_17.jpg 1000w, https:\/\/fundacionrafanadal.quelinka.es\/wp-content\/uploads\/2024\/01\/RNT2024-Barcelona_17-300x240.jpg 300w, https:\/\/fundacionrafanadal.quelinka.es\/wp-content\/uploads\/2024\/01\/RNT2024-Barcelona_17-768x614.jpg 768w\" sizes=\"auto, (max-width: 1000px) 100vw, 1000px\" \/><\/figure>\n\n\n\n<figure class=\"wp-block-image size-large\"><img loading=\"lazy\" decoding=\"async\" width=\"1000\" height=\"800\" data-id=\"19000\" src=\"https:\/\/www.fundacionrafanadal.quelinka.es\/wp-content\/uploads\/2024\/01\/RNT2024-Barcelona_3.jpg\" alt=\"\" class=\"wp-image-19000\" srcset=\"https:\/\/fundacionrafanadal.quelinka.es\/wp-content\/uploads\/2024\/01\/RNT2024-Barcelona_3.jpg 1000w, https:\/\/fundacionrafanadal.quelinka.es\/wp-content\/uploads\/2024\/01\/RNT2024-Barcelona_3-300x240.jpg 300w, https:\/\/fundacionrafanadal.quelinka.es\/wp-content\/uploads\/2024\/01\/RNT2024-Barcelona_3-768x614.jpg 768w\" sizes=\"auto, (max-width: 1000px) 100vw, 1000px\" \/><\/figure>\n<\/figure>\n\n\n\n<p>Espanya, 10 de gener de 2024. L&#8217;inici de l&#8217;any marca el comen\u00e7ament de la onze edici\u00f3 del Rafa Nadal Tour by Santander, un torneig itinerant que s&#8217;estendr\u00e0 a vuit ciutats emblem\u00e0tiques d&#8217;Espanya. Des de Barcelona fins a Manacor, passant per Sevilla, Valldoreix, Gran Can\u00e0ria, Val\u00e8ncia, Madrid i Ast\u00faries, aquest circuit ofereix un escenari tenn\u00edstic competitiu per a les categories sub-12, sub-14 i sub-16, tant mascul\u00ed com femen\u00ed.<\/p>\n\n\n\n<p>El Rafa Nadal Tour by Santander s&#8217;ha consolidat com el circuit de tennis juvenil de refer\u00e8ncia al pa\u00eds i destaca pel seu comprom\u00eds solidari, destinant el valor total de les inscripcions als projectes impulsats per la Fundaci\u00f3 Rafa Nadal, tant a Espanya com a \u00cdndia. M\u00e9s enll\u00e0 de l&#8217;habilitat tenn\u00edstica, es valora l&#8217;actitud i el comportament exemplar dels participants, promovent activitats de valors que s&#8217;integren de manera paral\u00b7lela a la competici\u00f3.<\/p>\n\n\n\n<p>El propi Rafael Nadal assegura que &#8220;la intenci\u00f3 no era crear un torneig m\u00e9s, sin\u00f3 un torneig amb alguna cosa m\u00e9s&#8221; i, despr\u00e9s de deu edicions d&#8217;\u00e8xit, s&#8217;inicia una m\u00e9s amb la mateixa il\u00b7lusi\u00f3 de sempre.<\/p>\n\n\n\n<p>El Real Club de Tenis Barcelona ha estat l&#8217;escenari del primer torneig d&#8217;aquest any, acollint destacats tenistes juvenils des del 2 de gener fins a la data actual. Un total de 566 esportistes talentosos han competit en aquest esdeveniment, buscant aconseguir la seva participaci\u00f3 al m\u00e0ster de Mallorca que se celebrar\u00e0 a final d&#8217;any.<\/p>\n\n\n\n<p>Despr\u00e9s de m\u00e9s de 560 partits, els guanyadors i guanyadores han estat:<\/p>\n\n\n\n<ul class=\"wp-block-list\">\n<li>Caterina L\u00f3pez \u2013 Sub-12 Femen\u00ed<\/li>\n\n\n\n<li>Marc Saornil \u2013 Sub-12 Mascul\u00ed<\/li>\n\n\n\n<li>Paula Cort\u00e9s \u2013 Sub-14 Femen\u00ed<\/li>\n\n\n\n<li>Izan Ba\u00f1ares \u2013 Sub-14 Mascul\u00ed<\/li>\n\n\n\n<li>Sofia Kryvoruchko \u2013 Sub-16 Femen\u00ed<\/li>\n\n\n\n<li>Agust\u00edn Siancha \u2013 Sub-16 Mascul\u00ed<\/li>\n<\/ul>\n\n\n\n<p>Banco Santander, patrocinador oficial del tour, aporta el seu comprom\u00eds amb la sostenibilitat fabricant els trofeus utilitzant pilotes de tennis reciclades procedents d&#8217;edicions anteriors, promocionant aix\u00ed pr\u00e0ctiques amigables amb el medi ambient.<\/p>\n<\/div><\/div>\n<\/div><\/div>\n","protected":false},"excerpt":{"rendered":"<p>\u00c8XIT EN L&#8217;INICI DE LA 11\u00aa EDICI\u00d3 DEL RAFA NADAL TOUR BY SANTANDER, AMB LA PARTICIPACI\u00d3 DE 566 JOVES TENISTES EN LA PRIMERA ETAPA A BARCELONA Des del dimarts 2 fins al dimecres 10 de gener, s&#8217;ha celebrat el primer torneig del Rafa Nadal Tour by Santander d&#8217;aquest any 2024, al Real Club de Tenis [&hellip;]<\/p>\n","protected":false},"author":1,"featured_media":18991,"parent":18938,"menu_order":-2,"comment_status":"closed","ping_status":"closed","template":"","meta":{"_acf_changed":false,"give_campaign_id":0,"_monsterinsights_skip_tracking":false,"_monsterinsights_sitenote_active":false,"_monsterinsights_sitenote_note":"","_monsterinsights_sitenote_category":0,"site-sidebar-layout":"default","site-content-layout":"","ast-site-content-layout":"default","site-content-style":"default","site-sidebar-style":"default","ast-global-header-display":"","ast-banner-title-visibility":"","ast-main-header-display":"","ast-hfb-above-header-display":"","ast-hfb-below-header-display":"","ast-hfb-mobile-header-display":"","site-post-title":"disabled","ast-breadcrumbs-content":"","ast-featured-img":"disabled","footer-sml-layout":"","ast-disable-related-posts":"","theme-transparent-header-meta":"","adv-header-id-meta":"","stick-header-meta":"","header-above-stick-meta":"","header-main-stick-meta":"","header-below-stick-meta":"","astra-migrate-meta-layouts":"default","ast-page-background-enabled":"default","ast-page-background-meta":{"desktop":{"background-color":"var(--ast-global-color-4)","background-image":"","background-repeat":"repeat","background-position":"center center","background-size":"auto","background-attachment":"scroll","background-type":"","background-media":"","overlay-type":"","overlay-color":"","overlay-opacity":"","overlay-gradient":""},"tablet":{"background-color":"","background-image":"","background-repeat":"repeat","background-position":"center center","background-size":"auto","background-attachment":"scroll","background-type":"","background-media":"","overlay-type":"","overlay-color":"","overlay-opacity":"","overlay-gradient":""},"mobile":{"background-color":"","background-image":"","background-repeat":"repeat","background-position":"center center","background-size":"auto","background-attachment":"scroll","background-type":"","background-media":"","overlay-type":"","overlay-color":"","overlay-opacity":"","overlay-gradient":""}},"ast-content-background-meta":{"desktop":{"background-color":"var(--ast-global-color-5)","background-image":"","background-repeat":"repeat","background-position":"center center","background-size":"auto","background-attachment":"scroll","background-type":"","background-media":"","overlay-type":"","overlay-color":"","overlay-opacity":"","overlay-gradient":""},"tablet":{"background-color":"var(--ast-global-color-5)","background-image":"","background-repeat":"repeat","background-position":"center center","background-size":"auto","background-attachment":"scroll","background-type":"","background-media":"","overlay-type":"","overlay-color":"","overlay-opacity":"","overlay-gradient":""},"mobile":{"background-color":"var(--ast-global-color-5)","background-image":"","background-repeat":"repeat","background-position":"center center","background-size":"auto","background-attachment":"scroll","background-type":"","background-media":"","overlay-type":"","overlay-color":"","overlay-opacity":"","overlay-gradient":""}},"_themeisle_gutenberg_block_has_review":false,"footnotes":""},"class_list":["post-18952","page","type-page","status-publish","has-post-thumbnail","hentry"],"acf":[],"yoast_head":"<!-- This site is optimized with the Yoast SEO plugin v26.8 - https:\/\/yoast.com\/product\/yoast-seo-wordpress\/ -->\n<title>\u00c8xit en l&#039;inici de la 11a edici\u00f3 del Rafa Nadal Tour by Santander, amb la participaci\u00f3 de 566 joves tenistes en la primera etapa a barcelona - Fundaci\u00f3n Rafa Nadal<\/title>\n<meta name=\"robots\" content=\"noindex, follow, max-snippet:-1, max-image-preview:large, max-video-preview:-1\" \/>\n<meta property=\"og:locale\" content=\"ca_ES\" \/>\n<meta property=\"og:type\" content=\"article\" \/>\n<meta property=\"og:title\" content=\"\u00c8xit en l&#039;inici de la 11a edici\u00f3 del Rafa Nadal Tour by Santander, amb la participaci\u00f3 de 566 joves tenistes en la primera etapa a barcelona - Fundaci\u00f3n Rafa Nadal\" \/>\n<meta property=\"og:description\" content=\"\u00c8XIT EN L&#8217;INICI DE LA 11\u00aa EDICI\u00d3 DEL RAFA NADAL TOUR BY SANTANDER, AMB LA PARTICIPACI\u00d3 DE 566 JOVES TENISTES EN LA PRIMERA ETAPA A BARCELONA Des del dimarts 2 fins al dimecres 10 de gener, s&#8217;ha celebrat el primer torneig del Rafa Nadal Tour by Santander d&#8217;aquest any 2024, al Real Club de Tenis [&hellip;]\" \/>\n<meta property=\"og:url\" content=\"https:\/\/fundacionrafanadal.quelinka.es\/ca\/coneix-nos\/noticies\/noticies-2024\/exit-en-linici-de-la-11a-edicio-del-rafa-nadal-tour-by-santander-amb-la-participacio-de-566-joves-tenistes-en-la-primera-etapa-a-barcelona\/\" \/>\n<meta property=\"og:site_name\" content=\"Fundaci\u00f3n Rafa Nadal\" \/>\n<meta property=\"article:modified_time\" content=\"2024-01-10T15:12:45+00:00\" \/>\n<meta property=\"og:image\" content=\"https:\/\/fundacionrafanadal.quelinka.es\/wp-content\/uploads\/2024\/01\/RNT_etapa1.jpg\" \/>\n\t<meta property=\"og:image:width\" content=\"534\" \/>\n\t<meta property=\"og:image:height\" content=\"427\" \/>\n\t<meta property=\"og:image:type\" content=\"image\/jpeg\" \/>\n<meta name=\"twitter:card\" content=\"summary_large_image\" \/>\n<meta name=\"twitter:label1\" content=\"Temps estimat de lectura\" \/>\n\t<meta name=\"twitter:data1\" content=\"3 minuts\" \/>\n<script type=\"application\/ld+json\" class=\"yoast-schema-graph\">{\"@context\":\"https:\/\/schema.org\",\"@graph\":[{\"@type\":\"WebPage\",\"@id\":\"https:\/\/fundacionrafanadal.quelinka.es\/ca\/coneix-nos\/noticies\/noticies-2024\/exit-en-linici-de-la-11a-edicio-del-rafa-nadal-tour-by-santander-amb-la-participacio-de-566-joves-tenistes-en-la-primera-etapa-a-barcelona\/\",\"url\":\"https:\/\/fundacionrafanadal.quelinka.es\/ca\/coneix-nos\/noticies\/noticies-2024\/exit-en-linici-de-la-11a-edicio-del-rafa-nadal-tour-by-santander-amb-la-participacio-de-566-joves-tenistes-en-la-primera-etapa-a-barcelona\/\",\"name\":\"\u00c8xit en l'inici de la 11a edici\u00f3 del Rafa Nadal Tour by Santander, amb la participaci\u00f3 de 566 joves tenistes en la primera etapa a barcelona - Fundaci\u00f3n Rafa Nadal\",\"isPartOf\":{\"@id\":\"https:\/\/fundacionrafanadal.quelinka.es\/ca\/#website\"},\"primaryImageOfPage\":{\"@id\":\"https:\/\/fundacionrafanadal.quelinka.es\/ca\/coneix-nos\/noticies\/noticies-2024\/exit-en-linici-de-la-11a-edicio-del-rafa-nadal-tour-by-santander-amb-la-participacio-de-566-joves-tenistes-en-la-primera-etapa-a-barcelona\/#primaryimage\"},\"image\":{\"@id\":\"https:\/\/fundacionrafanadal.quelinka.es\/ca\/coneix-nos\/noticies\/noticies-2024\/exit-en-linici-de-la-11a-edicio-del-rafa-nadal-tour-by-santander-amb-la-participacio-de-566-joves-tenistes-en-la-primera-etapa-a-barcelona\/#primaryimage\"},\"thumbnailUrl\":\"https:\/\/fundacionrafanadal.quelinka.es\/wp-content\/uploads\/2024\/01\/RNT_etapa1.jpg\",\"datePublished\":\"2024-01-09T21:01:13+00:00\",\"dateModified\":\"2024-01-10T15:12:45+00:00\",\"breadcrumb\":{\"@id\":\"https:\/\/fundacionrafanadal.quelinka.es\/ca\/coneix-nos\/noticies\/noticies-2024\/exit-en-linici-de-la-11a-edicio-del-rafa-nadal-tour-by-santander-amb-la-participacio-de-566-joves-tenistes-en-la-primera-etapa-a-barcelona\/#breadcrumb\"},\"inLanguage\":\"ca\",\"potentialAction\":[{\"@type\":\"ReadAction\",\"target\":[\"https:\/\/fundacionrafanadal.quelinka.es\/ca\/coneix-nos\/noticies\/noticies-2024\/exit-en-linici-de-la-11a-edicio-del-rafa-nadal-tour-by-santander-amb-la-participacio-de-566-joves-tenistes-en-la-primera-etapa-a-barcelona\/\"]}]},{\"@type\":\"ImageObject\",\"inLanguage\":\"ca\",\"@id\":\"https:\/\/fundacionrafanadal.quelinka.es\/ca\/coneix-nos\/noticies\/noticies-2024\/exit-en-linici-de-la-11a-edicio-del-rafa-nadal-tour-by-santander-amb-la-participacio-de-566-joves-tenistes-en-la-primera-etapa-a-barcelona\/#primaryimage\",\"url\":\"https:\/\/fundacionrafanadal.quelinka.es\/wp-content\/uploads\/2024\/01\/RNT_etapa1.jpg\",\"contentUrl\":\"https:\/\/fundacionrafanadal.quelinka.es\/wp-content\/uploads\/2024\/01\/RNT_etapa1.jpg\",\"width\":534,\"height\":427},{\"@type\":\"BreadcrumbList\",\"@id\":\"https:\/\/fundacionrafanadal.quelinka.es\/ca\/coneix-nos\/noticies\/noticies-2024\/exit-en-linici-de-la-11a-edicio-del-rafa-nadal-tour-by-santander-amb-la-participacio-de-566-joves-tenistes-en-la-primera-etapa-a-barcelona\/#breadcrumb\",\"itemListElement\":[{\"@type\":\"ListItem\",\"position\":1,\"name\":\"Portada\",\"item\":\"https:\/\/fundacionrafanadal.quelinka.es\/ca\/\"},{\"@type\":\"ListItem\",\"position\":2,\"name\":\"Coneix-nos\",\"item\":\"https:\/\/fundacionrafanadal.quelinka.es\/ca\/conocenos\/\"},{\"@type\":\"ListItem\",\"position\":3,\"name\":\"Not\u00edcies\",\"item\":\"https:\/\/fundacionrafanadal.quelinka.es\/ca\/conocenos\/noticias\/\"},{\"@type\":\"ListItem\",\"position\":4,\"name\":\"Not\u00edcies 2024\",\"item\":\"https:\/\/fundacionrafanadal.quelinka.es\/ca\/conocenos\/noticias\/noticias-2024\/\"},{\"@type\":\"ListItem\",\"position\":5,\"name\":\"\u00c8xit en l&#8217;inici de la 11a edici\u00f3 del Rafa Nadal Tour by Santander, amb la participaci\u00f3 de 566 joves tenistes en la primera etapa a barcelona\"}]},{\"@type\":\"WebSite\",\"@id\":\"https:\/\/fundacionrafanadal.quelinka.es\/ca\/#website\",\"url\":\"https:\/\/fundacionrafanadal.quelinka.es\/ca\/\",\"name\":\"Fundaci\u00f3n Rafa Nadal\",\"description\":\"A trav\u00e9s del deporte y la educaci\u00f3n, promovemos la integraci\u00f3n y el desarrollo personal y social de ni\u00f1os y j\u00f3venes. En Espa\u00f1a y la India.\",\"publisher\":{\"@id\":\"https:\/\/fundacionrafanadal.quelinka.es\/ca\/#organization\"},\"potentialAction\":[{\"@type\":\"SearchAction\",\"target\":{\"@type\":\"EntryPoint\",\"urlTemplate\":\"https:\/\/fundacionrafanadal.quelinka.es\/ca\/?s={search_term_string}\"},\"query-input\":{\"@type\":\"PropertyValueSpecification\",\"valueRequired\":true,\"valueName\":\"search_term_string\"}}],\"inLanguage\":\"ca\"},{\"@type\":\"Organization\",\"@id\":\"https:\/\/fundacionrafanadal.quelinka.es\/ca\/#organization\",\"name\":\"Fundaci\u00f3n Rafa Nadal\",\"url\":\"https:\/\/fundacionrafanadal.quelinka.es\/ca\/\",\"logo\":{\"@type\":\"ImageObject\",\"inLanguage\":\"ca\",\"@id\":\"https:\/\/fundacionrafanadal.quelinka.es\/ca\/#\/schema\/logo\/image\/\",\"url\":\"https:\/\/fundacionrafanadal.quelinka.es\/wp-content\/uploads\/2022\/09\/logo-frn-web-3.png\",\"contentUrl\":\"https:\/\/fundacionrafanadal.quelinka.es\/wp-content\/uploads\/2022\/09\/logo-frn-web-3.png\",\"width\":551,\"height\":140,\"caption\":\"Fundaci\u00f3n Rafa Nadal\"},\"image\":{\"@id\":\"https:\/\/fundacionrafanadal.quelinka.es\/ca\/#\/schema\/logo\/image\/\"}}]}<\/script>\n<!-- \/ Yoast SEO plugin. -->","yoast_head_json":{"title":"\u00c8xit en l'inici de la 11a edici\u00f3 del Rafa Nadal Tour by Santander, amb la participaci\u00f3 de 566 joves tenistes en la primera etapa a barcelona - Fundaci\u00f3n Rafa Nadal","robots":{"index":"noindex","follow":"follow","max-snippet":"max-snippet:-1","max-image-preview":"max-image-preview:large","max-video-preview":"max-video-preview:-1"},"og_locale":"ca_ES","og_type":"article","og_title":"\u00c8xit en l'inici de la 11a edici\u00f3 del Rafa Nadal Tour by Santander, amb la participaci\u00f3 de 566 joves tenistes en la primera etapa a barcelona - Fundaci\u00f3n Rafa Nadal","og_description":"\u00c8XIT EN L&#8217;INICI DE LA 11\u00aa EDICI\u00d3 DEL RAFA NADAL TOUR BY SANTANDER, AMB LA PARTICIPACI\u00d3 DE 566 JOVES TENISTES EN LA PRIMERA ETAPA A BARCELONA Des del dimarts 2 fins al dimecres 10 de gener, s&#8217;ha celebrat el primer torneig del Rafa Nadal Tour by Santander d&#8217;aquest any 2024, al Real Club de Tenis [&hellip;]","og_url":"https:\/\/fundacionrafanadal.quelinka.es\/ca\/coneix-nos\/noticies\/noticies-2024\/exit-en-linici-de-la-11a-edicio-del-rafa-nadal-tour-by-santander-amb-la-participacio-de-566-joves-tenistes-en-la-primera-etapa-a-barcelona\/","og_site_name":"Fundaci\u00f3n Rafa Nadal","article_modified_time":"2024-01-10T15:12:45+00:00","og_image":[{"width":534,"height":427,"url":"https:\/\/fundacionrafanadal.quelinka.es\/wp-content\/uploads\/2024\/01\/RNT_etapa1.jpg","type":"image\/jpeg"}],"twitter_card":"summary_large_image","twitter_misc":{"Temps estimat de lectura":"3 minuts"},"schema":{"@context":"https:\/\/schema.org","@graph":[{"@type":"WebPage","@id":"https:\/\/fundacionrafanadal.quelinka.es\/ca\/coneix-nos\/noticies\/noticies-2024\/exit-en-linici-de-la-11a-edicio-del-rafa-nadal-tour-by-santander-amb-la-participacio-de-566-joves-tenistes-en-la-primera-etapa-a-barcelona\/","url":"https:\/\/fundacionrafanadal.quelinka.es\/ca\/coneix-nos\/noticies\/noticies-2024\/exit-en-linici-de-la-11a-edicio-del-rafa-nadal-tour-by-santander-amb-la-participacio-de-566-joves-tenistes-en-la-primera-etapa-a-barcelona\/","name":"\u00c8xit en l'inici de la 11a edici\u00f3 del Rafa Nadal Tour by Santander, amb la participaci\u00f3 de 566 joves tenistes en la primera etapa a barcelona - Fundaci\u00f3n Rafa Nadal","isPartOf":{"@id":"https:\/\/fundacionrafanadal.quelinka.es\/ca\/#website"},"primaryImageOfPage":{"@id":"https:\/\/fundacionrafanadal.quelinka.es\/ca\/coneix-nos\/noticies\/noticies-2024\/exit-en-linici-de-la-11a-edicio-del-rafa-nadal-tour-by-santander-amb-la-participacio-de-566-joves-tenistes-en-la-primera-etapa-a-barcelona\/#primaryimage"},"image":{"@id":"https:\/\/fundacionrafanadal.quelinka.es\/ca\/coneix-nos\/noticies\/noticies-2024\/exit-en-linici-de-la-11a-edicio-del-rafa-nadal-tour-by-santander-amb-la-participacio-de-566-joves-tenistes-en-la-primera-etapa-a-barcelona\/#primaryimage"},"thumbnailUrl":"https:\/\/fundacionrafanadal.quelinka.es\/wp-content\/uploads\/2024\/01\/RNT_etapa1.jpg","datePublished":"2024-01-09T21:01:13+00:00","dateModified":"2024-01-10T15:12:45+00:00","breadcrumb":{"@id":"https:\/\/fundacionrafanadal.quelinka.es\/ca\/coneix-nos\/noticies\/noticies-2024\/exit-en-linici-de-la-11a-edicio-del-rafa-nadal-tour-by-santander-amb-la-participacio-de-566-joves-tenistes-en-la-primera-etapa-a-barcelona\/#breadcrumb"},"inLanguage":"ca","potentialAction":[{"@type":"ReadAction","target":["https:\/\/fundacionrafanadal.quelinka.es\/ca\/coneix-nos\/noticies\/noticies-2024\/exit-en-linici-de-la-11a-edicio-del-rafa-nadal-tour-by-santander-amb-la-participacio-de-566-joves-tenistes-en-la-primera-etapa-a-barcelona\/"]}]},{"@type":"ImageObject","inLanguage":"ca","@id":"https:\/\/fundacionrafanadal.quelinka.es\/ca\/coneix-nos\/noticies\/noticies-2024\/exit-en-linici-de-la-11a-edicio-del-rafa-nadal-tour-by-santander-amb-la-participacio-de-566-joves-tenistes-en-la-primera-etapa-a-barcelona\/#primaryimage","url":"https:\/\/fundacionrafanadal.quelinka.es\/wp-content\/uploads\/2024\/01\/RNT_etapa1.jpg","contentUrl":"https:\/\/fundacionrafanadal.quelinka.es\/wp-content\/uploads\/2024\/01\/RNT_etapa1.jpg","width":534,"height":427},{"@type":"BreadcrumbList","@id":"https:\/\/fundacionrafanadal.quelinka.es\/ca\/coneix-nos\/noticies\/noticies-2024\/exit-en-linici-de-la-11a-edicio-del-rafa-nadal-tour-by-santander-amb-la-participacio-de-566-joves-tenistes-en-la-primera-etapa-a-barcelona\/#breadcrumb","itemListElement":[{"@type":"ListItem","position":1,"name":"Portada","item":"https:\/\/fundacionrafanadal.quelinka.es\/ca\/"},{"@type":"ListItem","position":2,"name":"Coneix-nos","item":"https:\/\/fundacionrafanadal.quelinka.es\/ca\/conocenos\/"},{"@type":"ListItem","position":3,"name":"Not\u00edcies","item":"https:\/\/fundacionrafanadal.quelinka.es\/ca\/conocenos\/noticias\/"},{"@type":"ListItem","position":4,"name":"Not\u00edcies 2024","item":"https:\/\/fundacionrafanadal.quelinka.es\/ca\/conocenos\/noticias\/noticias-2024\/"},{"@type":"ListItem","position":5,"name":"\u00c8xit en l&#8217;inici de la 11a edici\u00f3 del Rafa Nadal Tour by Santander, amb la participaci\u00f3 de 566 joves tenistes en la primera etapa a barcelona"}]},{"@type":"WebSite","@id":"https:\/\/fundacionrafanadal.quelinka.es\/ca\/#website","url":"https:\/\/fundacionrafanadal.quelinka.es\/ca\/","name":"Fundaci\u00f3n Rafa Nadal","description":"A trav\u00e9s del deporte y la educaci\u00f3n, promovemos la integraci\u00f3n y el desarrollo personal y social de ni\u00f1os y j\u00f3venes. En Espa\u00f1a y la India.","publisher":{"@id":"https:\/\/fundacionrafanadal.quelinka.es\/ca\/#organization"},"potentialAction":[{"@type":"SearchAction","target":{"@type":"EntryPoint","urlTemplate":"https:\/\/fundacionrafanadal.quelinka.es\/ca\/?s={search_term_string}"},"query-input":{"@type":"PropertyValueSpecification","valueRequired":true,"valueName":"search_term_string"}}],"inLanguage":"ca"},{"@type":"Organization","@id":"https:\/\/fundacionrafanadal.quelinka.es\/ca\/#organization","name":"Fundaci\u00f3n Rafa Nadal","url":"https:\/\/fundacionrafanadal.quelinka.es\/ca\/","logo":{"@type":"ImageObject","inLanguage":"ca","@id":"https:\/\/fundacionrafanadal.quelinka.es\/ca\/#\/schema\/logo\/image\/","url":"https:\/\/fundacionrafanadal.quelinka.es\/wp-content\/uploads\/2022\/09\/logo-frn-web-3.png","contentUrl":"https:\/\/fundacionrafanadal.quelinka.es\/wp-content\/uploads\/2022\/09\/logo-frn-web-3.png","width":551,"height":140,"caption":"Fundaci\u00f3n Rafa Nadal"},"image":{"@id":"https:\/\/fundacionrafanadal.quelinka.es\/ca\/#\/schema\/logo\/image\/"}}]}},"campaignId":"","_links":{"self":[{"href":"https:\/\/fundacionrafanadal.quelinka.es\/ca\/wp-json\/wp\/v2\/pages\/18952","targetHints":{"allow":["GET"]}}],"collection":[{"href":"https:\/\/fundacionrafanadal.quelinka.es\/ca\/wp-json\/wp\/v2\/pages"}],"about":[{"href":"https:\/\/fundacionrafanadal.quelinka.es\/ca\/wp-json\/wp\/v2\/types\/page"}],"author":[{"embeddable":true,"href":"https:\/\/fundacionrafanadal.quelinka.es\/ca\/wp-json\/wp\/v2\/users\/1"}],"replies":[{"embeddable":true,"href":"https:\/\/fundacionrafanadal.quelinka.es\/ca\/wp-json\/wp\/v2\/comments?post=18952"}],"version-history":[{"count":1,"href":"https:\/\/fundacionrafanadal.quelinka.es\/ca\/wp-json\/wp\/v2\/pages\/18952\/revisions"}],"predecessor-version":[{"id":19004,"href":"https:\/\/fundacionrafanadal.quelinka.es\/ca\/wp-json\/wp\/v2\/pages\/18952\/revisions\/19004"}],"up":[{"embeddable":true,"href":"https:\/\/fundacionrafanadal.quelinka.es\/ca\/wp-json\/wp\/v2\/pages\/18938"}],"wp:featuredmedia":[{"embeddable":true,"href":"https:\/\/fundacionrafanadal.quelinka.es\/ca\/wp-json\/wp\/v2\/media\/18991"}],"wp:attachment":[{"href":"https:\/\/fundacionrafanadal.quelinka.es\/ca\/wp-json\/wp\/v2\/media?parent=18952"}],"curies":[{"name":"wp","href":"https:\/\/api.w.org\/{rel}","templated":true}]}}