{"id":19405,"date":"2024-02-25T15:45:52","date_gmt":"2024-02-25T15:45:52","guid":{"rendered":"https:\/\/www.fundacionrafanadal.org\/?page_id=19405"},"modified":"2024-02-26T16:11:57","modified_gmt":"2024-02-26T16:11:57","slug":"la-segona-etapa-del-rafa-nadal-tour-by-santander-a-sevilla-finalitza-amb-exit-amb-la-participacio-de-485-joves-tenistes","status":"publish","type":"page","link":"https:\/\/fundacionrafanadal.quelinka.es\/ca\/coneix-nos\/noticies\/noticies-2024\/la-segona-etapa-del-rafa-nadal-tour-by-santander-a-sevilla-finalitza-amb-exit-amb-la-participacio-de-485-joves-tenistes\/","title":{"rendered":"La segona etapa del Rafa Nadal Tour by Santander a Sevilla finalitza amb \u00e8xit, amb la participaci\u00f3 de 485 joves tenistes"},"content":{"rendered":"\n<div class=\"wp-block-media-text alignfull is-stacked-on-mobile is-image-fill has-background\" style=\"background-color:#ddac31\"><figure class=\"wp-block-media-text__media\" style=\"background-image:url(https:\/\/www.fundacionrafanadal.quelinka.es\/wp-content\/uploads\/2022\/07\/ISM08879.png);background-position:50% 50%\"><img loading=\"lazy\" decoding=\"async\" width=\"900\" height=\"399\" src=\"https:\/\/www.fundacionrafanadal.quelinka.es\/wp-content\/uploads\/2022\/07\/ISM08879.png\" alt=\"\" class=\"wp-image-9879 size-full\" srcset=\"https:\/\/fundacionrafanadal.quelinka.es\/wp-content\/uploads\/2022\/07\/ISM08879.png 900w, https:\/\/fundacionrafanadal.quelinka.es\/wp-content\/uploads\/2022\/07\/ISM08879-300x133.png 300w, https:\/\/fundacionrafanadal.quelinka.es\/wp-content\/uploads\/2022\/07\/ISM08879-768x340.png 768w\" sizes=\"auto, (max-width: 900px) 100vw, 900px\" \/><\/figure><div class=\"wp-block-media-text__content\">\n<div style=\"height:30px\" aria-hidden=\"true\" class=\"wp-block-spacer\"><\/div>\n\n\n\n<h2 class=\"has-ast-global-color-5-color has-text-color wp-block-heading\" style=\"font-size:48px\"><strong>Not\u00edcies<\/strong><\/h2>\n\n\n\n<div style=\"height:200px\" aria-hidden=\"true\" class=\"wp-block-spacer\"><\/div>\n<\/div><\/div>\n\n\n\n<div style=\"height:50px\" aria-hidden=\"true\" class=\"wp-block-spacer\"><\/div>\n\n\n\n<div class=\"inherit-container-width wp-block-group is-layout-constrained wp-block-group-is-layout-constrained\"><div class=\"wp-block-group__inner-container\">\n<div class=\"inherit-container-width wp-block-group is-layout-constrained wp-block-group-is-layout-constrained\"><div class=\"wp-block-group__inner-container\"><div class=\"wp-block-post-date\"><time datetime=\"2024-02-25T15:45:52+02:00\">25 de febrer de 2024<\/time><\/div>\n\n\n<h2 class=\"wp-block-heading has-medium-font-size\" style=\"text-transform:uppercase\"><strong>LA SEGONA ETAPA DEL RAFA NADAL TOUR BY SANTANDER A SEVILLA FINALITZA AMB \u00c8XIT, AMB LA PARTICIPACI\u00d3 DE 485 JOVES TENISTES<\/strong><\/h2>\n\n\n\n<figure class=\"wp-block-image alignwide size-full\"><img loading=\"lazy\" decoding=\"async\" width=\"534\" height=\"427\" src=\"https:\/\/www.fundacionrafanadal.quelinka.es\/wp-content\/uploads\/2024\/02\/RNT_sevilla.jpg\" alt=\"\" class=\"wp-image-19409\" srcset=\"https:\/\/fundacionrafanadal.quelinka.es\/wp-content\/uploads\/2024\/02\/RNT_sevilla.jpg 534w, https:\/\/fundacionrafanadal.quelinka.es\/wp-content\/uploads\/2024\/02\/RNT_sevilla-300x240.jpg 300w\" sizes=\"auto, (max-width: 534px) 100vw, 534px\" \/><\/figure>\n\n\n\n<p><strong>Aquest diumenge 25 de febrer ha acabat la segona etapa del Rafa Nadal Tour by Santander al Club R\u00edo Grande de Sevilla, per a les categories sub-12, sub-14 i sub-16.<\/strong><\/p>\n\n\n\n<ul class=\"wp-block-list\">\n<li>El Rafa Nadal Tour by Santander continua consolidant-se com el circuit juvenil de tennis de refer\u00e8ncia al pa\u00eds.<\/li>\n<\/ul>\n\n\n\n<p><\/p>\n\n\n\n<ul class=\"wp-block-list\">\n<li>El circuit t\u00e9 un car\u00e0cter solidari i l&#8217;import complet de les inscripcions es destina al desenvolupament dels projectes de la Fundaci\u00f3 Rafa Nadal a Espanya i \u00cdndia.<\/li>\n<\/ul>\n\n\n\n<p>Espanya, 26 de febrer de 2024: Durant l&#8217;any 2024, se celebra la onzena edici\u00f3 del Rafa Nadal Tour by Santander en vuit ciutats d&#8217;Espanya (Barcelona, Sevilla, Valldoreix, Gran Can\u00e0ria, Val\u00e8ncia, Madrid, Gij\u00f3n i Mallorca), on es disputaran els llocs de guanyadors en les categories femenina i masculina sub-12, sub-14 i sub-16.<\/p>\n\n\n\n<p>El circuit juvenil, el Rafa Nadal Tour by Santander, ha consolidat la seva posici\u00f3 com a referent al pa\u00eds, no nom\u00e9s pel seu prestigi esportiu, sin\u00f3 tamb\u00e9 pel seu comprom\u00eds solidari en destinar el valor total de les inscripcions als projectes de la Fundaci\u00f3 Rafa Nadal. En aquest esdeveniment esportiu es valora no nom\u00e9s l&#8217;habilitat ten\u00edstica dels participants, sin\u00f3 tamb\u00e9 les seves actituds i comportaments, tant dins com fora de la pista, a trav\u00e9s de les activitats de valors.<\/p>\n\n\n\n<p>Rafael Nadal ha expressat: &#8220;La intenci\u00f3 no era simplement crear un altre torneig, sin\u00f3 un amb un valor afegit&#8221;, i amb aquesta filosofia s&#8217;ha llan\u00e7at la onzena edici\u00f3 amb la mateixa passi\u00f3 de sempre.<\/p>\n\n\n\n<p>Despr\u00e9s de nou dies d&#8217;intensa competici\u00f3, amb 485 participants i 479 partits disputats a la segona etapa del Rafa Nadal Tour by Santander, celebrada a les instal\u00b7lacions del Club R\u00edo Grande de Sevilla, s&#8217;han coronat els campions i campiones en les categories sub-12, sub-14 i sub-16, tant en la branca masculina com femenina.<\/p>\n\n\n\n<p>Els guanyadors i guanyadores del Rafa Nadal Tour by Santander a Sevilla s\u00f3n els seg\u00fcents:<\/p>\n\n\n\n<ul class=\"wp-block-list\">\n<li>Anna Orlando, a la categoria sub-16 femen\u00ed<\/li>\n\n\n\n<li>Adolfo Abascal, a la categoria sub-16 mascul\u00ed<\/li>\n\n\n\n<li>Irene Basalo, a la categoria sub-14 femen\u00ed<\/li>\n\n\n\n<li>Toni Escarda, a la categoria sub-14 mascul\u00ed<\/li>\n\n\n\n<li>Caterina L\u00f3pez, a la categoria sub-12 femen\u00ed<\/li>\n\n\n\n<li>\u00c1lvaro Monz\u00f3n, a la categoria sub-12 mascul\u00ed<\/li>\n<\/ul>\n\n\n\n<p>Durant aquesta segona etapa, els jugadors i jugadores tamb\u00e9 han participat en activitats enfocades en valors que sumen punts per a la classificaci\u00f3, el que permetr\u00e0 a quatre participants disputar el m\u00e0ster.<\/p>\n\n\n\n<p>Com a patrocinador oficial del tour, Banco Santander fabrica els trofeus lliurats als guanyadors de cada etapa utilitzant boles de tennis reciclades d&#8217;edicions anteriors, contribuint aix\u00ed a la sostenibilitat del circuit.<\/p>\n\n\n\n<p><\/p>\n<\/div><\/div>\n<\/div><\/div>\n","protected":false},"excerpt":{"rendered":"<p>LA SEGONA ETAPA DEL RAFA NADAL TOUR BY SANTANDER A SEVILLA FINALITZA AMB \u00c8XIT, AMB LA PARTICIPACI\u00d3 DE 485 JOVES TENISTES Aquest diumenge 25 de febrer ha acabat la segona etapa del Rafa Nadal Tour by Santander al Club R\u00edo Grande de Sevilla, per a les categories sub-12, sub-14 i sub-16. Espanya, 26 de febrer [&hellip;]<\/p>\n","protected":false},"author":1,"featured_media":19409,"parent":18938,"menu_order":-2,"comment_status":"closed","ping_status":"closed","template":"","meta":{"_acf_changed":false,"give_campaign_id":0,"_monsterinsights_skip_tracking":false,"_monsterinsights_sitenote_active":false,"_monsterinsights_sitenote_note":"","_monsterinsights_sitenote_category":0,"site-sidebar-layout":"default","site-content-layout":"","ast-site-content-layout":"default","site-content-style":"default","site-sidebar-style":"default","ast-global-header-display":"","ast-banner-title-visibility":"","ast-main-header-display":"","ast-hfb-above-header-display":"","ast-hfb-below-header-display":"","ast-hfb-mobile-header-display":"","site-post-title":"disabled","ast-breadcrumbs-content":"","ast-featured-img":"disabled","footer-sml-layout":"","ast-disable-related-posts":"","theme-transparent-header-meta":"","adv-header-id-meta":"","stick-header-meta":"","header-above-stick-meta":"","header-main-stick-meta":"","header-below-stick-meta":"","astra-migrate-meta-layouts":"default","ast-page-background-enabled":"default","ast-page-background-meta":{"desktop":{"background-color":"var(--ast-global-color-4)","background-image":"","background-repeat":"repeat","background-position":"center center","background-size":"auto","background-attachment":"scroll","background-type":"","background-media":"","overlay-type":"","overlay-color":"","overlay-opacity":"","overlay-gradient":""},"tablet":{"background-color":"","background-image":"","background-repeat":"repeat","background-position":"center center","background-size":"auto","background-attachment":"scroll","background-type":"","background-media":"","overlay-type":"","overlay-color":"","overlay-opacity":"","overlay-gradient":""},"mobile":{"background-color":"","background-image":"","background-repeat":"repeat","background-position":"center center","background-size":"auto","background-attachment":"scroll","background-type":"","background-media":"","overlay-type":"","overlay-color":"","overlay-opacity":"","overlay-gradient":""}},"ast-content-background-meta":{"desktop":{"background-color":"var(--ast-global-color-5)","background-image":"","background-repeat":"repeat","background-position":"center center","background-size":"auto","background-attachment":"scroll","background-type":"","background-media":"","overlay-type":"","overlay-color":"","overlay-opacity":"","overlay-gradient":""},"tablet":{"background-color":"var(--ast-global-color-5)","background-image":"","background-repeat":"repeat","background-position":"center center","background-size":"auto","background-attachment":"scroll","background-type":"","background-media":"","overlay-type":"","overlay-color":"","overlay-opacity":"","overlay-gradient":""},"mobile":{"background-color":"var(--ast-global-color-5)","background-image":"","background-repeat":"repeat","background-position":"center center","background-size":"auto","background-attachment":"scroll","background-type":"","background-media":"","overlay-type":"","overlay-color":"","overlay-opacity":"","overlay-gradient":""}},"_themeisle_gutenberg_block_has_review":false,"footnotes":""},"class_list":["post-19405","page","type-page","status-publish","has-post-thumbnail","hentry"],"acf":[],"yoast_head":"<!-- This site is optimized with the Yoast SEO plugin v26.8 - https:\/\/yoast.com\/product\/yoast-seo-wordpress\/ -->\n<title>La segona etapa del Rafa Nadal Tour by Santander a Sevilla finalitza amb \u00e8xit, amb la participaci\u00f3 de 485 joves tenistes - Fundaci\u00f3n Rafa Nadal<\/title>\n<meta name=\"robots\" content=\"noindex, follow, max-snippet:-1, max-image-preview:large, max-video-preview:-1\" \/>\n<meta property=\"og:locale\" content=\"ca_ES\" \/>\n<meta property=\"og:type\" content=\"article\" \/>\n<meta property=\"og:title\" content=\"La segona etapa del Rafa Nadal Tour by Santander a Sevilla finalitza amb \u00e8xit, amb la participaci\u00f3 de 485 joves tenistes - Fundaci\u00f3n Rafa Nadal\" \/>\n<meta property=\"og:description\" content=\"LA SEGONA ETAPA DEL RAFA NADAL TOUR BY SANTANDER A SEVILLA FINALITZA AMB \u00c8XIT, AMB LA PARTICIPACI\u00d3 DE 485 JOVES TENISTES Aquest diumenge 25 de febrer ha acabat la segona etapa del Rafa Nadal Tour by Santander al Club R\u00edo Grande de Sevilla, per a les categories sub-12, sub-14 i sub-16. Espanya, 26 de febrer [&hellip;]\" \/>\n<meta property=\"og:url\" content=\"https:\/\/fundacionrafanadal.quelinka.es\/ca\/coneix-nos\/noticies\/noticies-2024\/la-segona-etapa-del-rafa-nadal-tour-by-santander-a-sevilla-finalitza-amb-exit-amb-la-participacio-de-485-joves-tenistes\/\" \/>\n<meta property=\"og:site_name\" content=\"Fundaci\u00f3n Rafa Nadal\" \/>\n<meta property=\"article:modified_time\" content=\"2024-02-26T16:11:57+00:00\" \/>\n<meta property=\"og:image\" content=\"https:\/\/fundacionrafanadal.quelinka.es\/wp-content\/uploads\/2024\/02\/RNT_sevilla.jpg\" \/>\n\t<meta property=\"og:image:width\" content=\"534\" \/>\n\t<meta property=\"og:image:height\" content=\"427\" \/>\n\t<meta property=\"og:image:type\" content=\"image\/jpeg\" \/>\n<meta name=\"twitter:card\" content=\"summary_large_image\" \/>\n<meta name=\"twitter:label1\" content=\"Temps estimat de lectura\" \/>\n\t<meta name=\"twitter:data1\" content=\"3 minuts\" \/>\n<script type=\"application\/ld+json\" class=\"yoast-schema-graph\">{\"@context\":\"https:\/\/schema.org\",\"@graph\":[{\"@type\":\"WebPage\",\"@id\":\"https:\/\/fundacionrafanadal.quelinka.es\/ca\/coneix-nos\/noticies\/noticies-2024\/la-segona-etapa-del-rafa-nadal-tour-by-santander-a-sevilla-finalitza-amb-exit-amb-la-participacio-de-485-joves-tenistes\/\",\"url\":\"https:\/\/fundacionrafanadal.quelinka.es\/ca\/coneix-nos\/noticies\/noticies-2024\/la-segona-etapa-del-rafa-nadal-tour-by-santander-a-sevilla-finalitza-amb-exit-amb-la-participacio-de-485-joves-tenistes\/\",\"name\":\"La segona etapa del Rafa Nadal Tour by Santander a Sevilla finalitza amb \u00e8xit, amb la participaci\u00f3 de 485 joves tenistes - Fundaci\u00f3n Rafa Nadal\",\"isPartOf\":{\"@id\":\"https:\/\/fundacionrafanadal.quelinka.es\/ca\/#website\"},\"primaryImageOfPage\":{\"@id\":\"https:\/\/fundacionrafanadal.quelinka.es\/ca\/coneix-nos\/noticies\/noticies-2024\/la-segona-etapa-del-rafa-nadal-tour-by-santander-a-sevilla-finalitza-amb-exit-amb-la-participacio-de-485-joves-tenistes\/#primaryimage\"},\"image\":{\"@id\":\"https:\/\/fundacionrafanadal.quelinka.es\/ca\/coneix-nos\/noticies\/noticies-2024\/la-segona-etapa-del-rafa-nadal-tour-by-santander-a-sevilla-finalitza-amb-exit-amb-la-participacio-de-485-joves-tenistes\/#primaryimage\"},\"thumbnailUrl\":\"https:\/\/fundacionrafanadal.quelinka.es\/wp-content\/uploads\/2024\/02\/RNT_sevilla.jpg\",\"datePublished\":\"2024-02-25T15:45:52+00:00\",\"dateModified\":\"2024-02-26T16:11:57+00:00\",\"breadcrumb\":{\"@id\":\"https:\/\/fundacionrafanadal.quelinka.es\/ca\/coneix-nos\/noticies\/noticies-2024\/la-segona-etapa-del-rafa-nadal-tour-by-santander-a-sevilla-finalitza-amb-exit-amb-la-participacio-de-485-joves-tenistes\/#breadcrumb\"},\"inLanguage\":\"ca\",\"potentialAction\":[{\"@type\":\"ReadAction\",\"target\":[\"https:\/\/fundacionrafanadal.quelinka.es\/ca\/coneix-nos\/noticies\/noticies-2024\/la-segona-etapa-del-rafa-nadal-tour-by-santander-a-sevilla-finalitza-amb-exit-amb-la-participacio-de-485-joves-tenistes\/\"]}]},{\"@type\":\"ImageObject\",\"inLanguage\":\"ca\",\"@id\":\"https:\/\/fundacionrafanadal.quelinka.es\/ca\/coneix-nos\/noticies\/noticies-2024\/la-segona-etapa-del-rafa-nadal-tour-by-santander-a-sevilla-finalitza-amb-exit-amb-la-participacio-de-485-joves-tenistes\/#primaryimage\",\"url\":\"https:\/\/fundacionrafanadal.quelinka.es\/wp-content\/uploads\/2024\/02\/RNT_sevilla.jpg\",\"contentUrl\":\"https:\/\/fundacionrafanadal.quelinka.es\/wp-content\/uploads\/2024\/02\/RNT_sevilla.jpg\",\"width\":534,\"height\":427},{\"@type\":\"BreadcrumbList\",\"@id\":\"https:\/\/fundacionrafanadal.quelinka.es\/ca\/coneix-nos\/noticies\/noticies-2024\/la-segona-etapa-del-rafa-nadal-tour-by-santander-a-sevilla-finalitza-amb-exit-amb-la-participacio-de-485-joves-tenistes\/#breadcrumb\",\"itemListElement\":[{\"@type\":\"ListItem\",\"position\":1,\"name\":\"Portada\",\"item\":\"https:\/\/fundacionrafanadal.quelinka.es\/ca\/\"},{\"@type\":\"ListItem\",\"position\":2,\"name\":\"Coneix-nos\",\"item\":\"https:\/\/fundacionrafanadal.quelinka.es\/ca\/conocenos\/\"},{\"@type\":\"ListItem\",\"position\":3,\"name\":\"Not\u00edcies\",\"item\":\"https:\/\/fundacionrafanadal.quelinka.es\/ca\/conocenos\/noticias\/\"},{\"@type\":\"ListItem\",\"position\":4,\"name\":\"Not\u00edcies 2024\",\"item\":\"https:\/\/fundacionrafanadal.quelinka.es\/ca\/conocenos\/noticias\/noticias-2024\/\"},{\"@type\":\"ListItem\",\"position\":5,\"name\":\"La segona etapa del Rafa Nadal Tour by Santander a Sevilla finalitza amb \u00e8xit, amb la participaci\u00f3 de 485 joves tenistes\"}]},{\"@type\":\"WebSite\",\"@id\":\"https:\/\/fundacionrafanadal.quelinka.es\/ca\/#website\",\"url\":\"https:\/\/fundacionrafanadal.quelinka.es\/ca\/\",\"name\":\"Fundaci\u00f3n Rafa Nadal\",\"description\":\"A trav\u00e9s del deporte y la educaci\u00f3n, promovemos la integraci\u00f3n y el desarrollo personal y social de ni\u00f1os y j\u00f3venes. En Espa\u00f1a y la India.\",\"publisher\":{\"@id\":\"https:\/\/fundacionrafanadal.quelinka.es\/ca\/#organization\"},\"potentialAction\":[{\"@type\":\"SearchAction\",\"target\":{\"@type\":\"EntryPoint\",\"urlTemplate\":\"https:\/\/fundacionrafanadal.quelinka.es\/ca\/?s={search_term_string}\"},\"query-input\":{\"@type\":\"PropertyValueSpecification\",\"valueRequired\":true,\"valueName\":\"search_term_string\"}}],\"inLanguage\":\"ca\"},{\"@type\":\"Organization\",\"@id\":\"https:\/\/fundacionrafanadal.quelinka.es\/ca\/#organization\",\"name\":\"Fundaci\u00f3n Rafa Nadal\",\"url\":\"https:\/\/fundacionrafanadal.quelinka.es\/ca\/\",\"logo\":{\"@type\":\"ImageObject\",\"inLanguage\":\"ca\",\"@id\":\"https:\/\/fundacionrafanadal.quelinka.es\/ca\/#\/schema\/logo\/image\/\",\"url\":\"https:\/\/fundacionrafanadal.quelinka.es\/wp-content\/uploads\/2022\/09\/logo-frn-web-3.png\",\"contentUrl\":\"https:\/\/fundacionrafanadal.quelinka.es\/wp-content\/uploads\/2022\/09\/logo-frn-web-3.png\",\"width\":551,\"height\":140,\"caption\":\"Fundaci\u00f3n Rafa Nadal\"},\"image\":{\"@id\":\"https:\/\/fundacionrafanadal.quelinka.es\/ca\/#\/schema\/logo\/image\/\"}}]}<\/script>\n<!-- \/ Yoast SEO plugin. -->","yoast_head_json":{"title":"La segona etapa del Rafa Nadal Tour by Santander a Sevilla finalitza amb \u00e8xit, amb la participaci\u00f3 de 485 joves tenistes - Fundaci\u00f3n Rafa Nadal","robots":{"index":"noindex","follow":"follow","max-snippet":"max-snippet:-1","max-image-preview":"max-image-preview:large","max-video-preview":"max-video-preview:-1"},"og_locale":"ca_ES","og_type":"article","og_title":"La segona etapa del Rafa Nadal Tour by Santander a Sevilla finalitza amb \u00e8xit, amb la participaci\u00f3 de 485 joves tenistes - Fundaci\u00f3n Rafa Nadal","og_description":"LA SEGONA ETAPA DEL RAFA NADAL TOUR BY SANTANDER A SEVILLA FINALITZA AMB \u00c8XIT, AMB LA PARTICIPACI\u00d3 DE 485 JOVES TENISTES Aquest diumenge 25 de febrer ha acabat la segona etapa del Rafa Nadal Tour by Santander al Club R\u00edo Grande de Sevilla, per a les categories sub-12, sub-14 i sub-16. Espanya, 26 de febrer [&hellip;]","og_url":"https:\/\/fundacionrafanadal.quelinka.es\/ca\/coneix-nos\/noticies\/noticies-2024\/la-segona-etapa-del-rafa-nadal-tour-by-santander-a-sevilla-finalitza-amb-exit-amb-la-participacio-de-485-joves-tenistes\/","og_site_name":"Fundaci\u00f3n Rafa Nadal","article_modified_time":"2024-02-26T16:11:57+00:00","og_image":[{"width":534,"height":427,"url":"https:\/\/fundacionrafanadal.quelinka.es\/wp-content\/uploads\/2024\/02\/RNT_sevilla.jpg","type":"image\/jpeg"}],"twitter_card":"summary_large_image","twitter_misc":{"Temps estimat de lectura":"3 minuts"},"schema":{"@context":"https:\/\/schema.org","@graph":[{"@type":"WebPage","@id":"https:\/\/fundacionrafanadal.quelinka.es\/ca\/coneix-nos\/noticies\/noticies-2024\/la-segona-etapa-del-rafa-nadal-tour-by-santander-a-sevilla-finalitza-amb-exit-amb-la-participacio-de-485-joves-tenistes\/","url":"https:\/\/fundacionrafanadal.quelinka.es\/ca\/coneix-nos\/noticies\/noticies-2024\/la-segona-etapa-del-rafa-nadal-tour-by-santander-a-sevilla-finalitza-amb-exit-amb-la-participacio-de-485-joves-tenistes\/","name":"La segona etapa del Rafa Nadal Tour by Santander a Sevilla finalitza amb \u00e8xit, amb la participaci\u00f3 de 485 joves tenistes - Fundaci\u00f3n Rafa Nadal","isPartOf":{"@id":"https:\/\/fundacionrafanadal.quelinka.es\/ca\/#website"},"primaryImageOfPage":{"@id":"https:\/\/fundacionrafanadal.quelinka.es\/ca\/coneix-nos\/noticies\/noticies-2024\/la-segona-etapa-del-rafa-nadal-tour-by-santander-a-sevilla-finalitza-amb-exit-amb-la-participacio-de-485-joves-tenistes\/#primaryimage"},"image":{"@id":"https:\/\/fundacionrafanadal.quelinka.es\/ca\/coneix-nos\/noticies\/noticies-2024\/la-segona-etapa-del-rafa-nadal-tour-by-santander-a-sevilla-finalitza-amb-exit-amb-la-participacio-de-485-joves-tenistes\/#primaryimage"},"thumbnailUrl":"https:\/\/fundacionrafanadal.quelinka.es\/wp-content\/uploads\/2024\/02\/RNT_sevilla.jpg","datePublished":"2024-02-25T15:45:52+00:00","dateModified":"2024-02-26T16:11:57+00:00","breadcrumb":{"@id":"https:\/\/fundacionrafanadal.quelinka.es\/ca\/coneix-nos\/noticies\/noticies-2024\/la-segona-etapa-del-rafa-nadal-tour-by-santander-a-sevilla-finalitza-amb-exit-amb-la-participacio-de-485-joves-tenistes\/#breadcrumb"},"inLanguage":"ca","potentialAction":[{"@type":"ReadAction","target":["https:\/\/fundacionrafanadal.quelinka.es\/ca\/coneix-nos\/noticies\/noticies-2024\/la-segona-etapa-del-rafa-nadal-tour-by-santander-a-sevilla-finalitza-amb-exit-amb-la-participacio-de-485-joves-tenistes\/"]}]},{"@type":"ImageObject","inLanguage":"ca","@id":"https:\/\/fundacionrafanadal.quelinka.es\/ca\/coneix-nos\/noticies\/noticies-2024\/la-segona-etapa-del-rafa-nadal-tour-by-santander-a-sevilla-finalitza-amb-exit-amb-la-participacio-de-485-joves-tenistes\/#primaryimage","url":"https:\/\/fundacionrafanadal.quelinka.es\/wp-content\/uploads\/2024\/02\/RNT_sevilla.jpg","contentUrl":"https:\/\/fundacionrafanadal.quelinka.es\/wp-content\/uploads\/2024\/02\/RNT_sevilla.jpg","width":534,"height":427},{"@type":"BreadcrumbList","@id":"https:\/\/fundacionrafanadal.quelinka.es\/ca\/coneix-nos\/noticies\/noticies-2024\/la-segona-etapa-del-rafa-nadal-tour-by-santander-a-sevilla-finalitza-amb-exit-amb-la-participacio-de-485-joves-tenistes\/#breadcrumb","itemListElement":[{"@type":"ListItem","position":1,"name":"Portada","item":"https:\/\/fundacionrafanadal.quelinka.es\/ca\/"},{"@type":"ListItem","position":2,"name":"Coneix-nos","item":"https:\/\/fundacionrafanadal.quelinka.es\/ca\/conocenos\/"},{"@type":"ListItem","position":3,"name":"Not\u00edcies","item":"https:\/\/fundacionrafanadal.quelinka.es\/ca\/conocenos\/noticias\/"},{"@type":"ListItem","position":4,"name":"Not\u00edcies 2024","item":"https:\/\/fundacionrafanadal.quelinka.es\/ca\/conocenos\/noticias\/noticias-2024\/"},{"@type":"ListItem","position":5,"name":"La segona etapa del Rafa Nadal Tour by Santander a Sevilla finalitza amb \u00e8xit, amb la participaci\u00f3 de 485 joves tenistes"}]},{"@type":"WebSite","@id":"https:\/\/fundacionrafanadal.quelinka.es\/ca\/#website","url":"https:\/\/fundacionrafanadal.quelinka.es\/ca\/","name":"Fundaci\u00f3n Rafa Nadal","description":"A trav\u00e9s del deporte y la educaci\u00f3n, promovemos la integraci\u00f3n y el desarrollo personal y social de ni\u00f1os y j\u00f3venes. En Espa\u00f1a y la India.","publisher":{"@id":"https:\/\/fundacionrafanadal.quelinka.es\/ca\/#organization"},"potentialAction":[{"@type":"SearchAction","target":{"@type":"EntryPoint","urlTemplate":"https:\/\/fundacionrafanadal.quelinka.es\/ca\/?s={search_term_string}"},"query-input":{"@type":"PropertyValueSpecification","valueRequired":true,"valueName":"search_term_string"}}],"inLanguage":"ca"},{"@type":"Organization","@id":"https:\/\/fundacionrafanadal.quelinka.es\/ca\/#organization","name":"Fundaci\u00f3n Rafa Nadal","url":"https:\/\/fundacionrafanadal.quelinka.es\/ca\/","logo":{"@type":"ImageObject","inLanguage":"ca","@id":"https:\/\/fundacionrafanadal.quelinka.es\/ca\/#\/schema\/logo\/image\/","url":"https:\/\/fundacionrafanadal.quelinka.es\/wp-content\/uploads\/2022\/09\/logo-frn-web-3.png","contentUrl":"https:\/\/fundacionrafanadal.quelinka.es\/wp-content\/uploads\/2022\/09\/logo-frn-web-3.png","width":551,"height":140,"caption":"Fundaci\u00f3n Rafa Nadal"},"image":{"@id":"https:\/\/fundacionrafanadal.quelinka.es\/ca\/#\/schema\/logo\/image\/"}}]}},"campaignId":"","_links":{"self":[{"href":"https:\/\/fundacionrafanadal.quelinka.es\/ca\/wp-json\/wp\/v2\/pages\/19405","targetHints":{"allow":["GET"]}}],"collection":[{"href":"https:\/\/fundacionrafanadal.quelinka.es\/ca\/wp-json\/wp\/v2\/pages"}],"about":[{"href":"https:\/\/fundacionrafanadal.quelinka.es\/ca\/wp-json\/wp\/v2\/types\/page"}],"author":[{"embeddable":true,"href":"https:\/\/fundacionrafanadal.quelinka.es\/ca\/wp-json\/wp\/v2\/users\/1"}],"replies":[{"embeddable":true,"href":"https:\/\/fundacionrafanadal.quelinka.es\/ca\/wp-json\/wp\/v2\/comments?post=19405"}],"version-history":[{"count":1,"href":"https:\/\/fundacionrafanadal.quelinka.es\/ca\/wp-json\/wp\/v2\/pages\/19405\/revisions"}],"predecessor-version":[{"id":19413,"href":"https:\/\/fundacionrafanadal.quelinka.es\/ca\/wp-json\/wp\/v2\/pages\/19405\/revisions\/19413"}],"up":[{"embeddable":true,"href":"https:\/\/fundacionrafanadal.quelinka.es\/ca\/wp-json\/wp\/v2\/pages\/18938"}],"wp:featuredmedia":[{"embeddable":true,"href":"https:\/\/fundacionrafanadal.quelinka.es\/ca\/wp-json\/wp\/v2\/media\/19409"}],"wp:attachment":[{"href":"https:\/\/fundacionrafanadal.quelinka.es\/ca\/wp-json\/wp\/v2\/media?parent=19405"}],"curies":[{"name":"wp","href":"https:\/\/api.w.org\/{rel}","templated":true}]}}