{"id":19651,"date":"2024-04-01T11:43:13","date_gmt":"2024-04-01T11:43:13","guid":{"rendered":"https:\/\/www.fundacionrafanadal.org\/?page_id=19651"},"modified":"2024-04-04T11:45:55","modified_gmt":"2024-04-04T11:45:55","slug":"finalitza-la-tercera-etapa-del-rafa-nadal-tour-by-santander-de-valldoreix-per-a-tenistes-sub-12-sub-14-i-sub-16-amb-gran-nivell-competitiu","status":"publish","type":"page","link":"https:\/\/fundacionrafanadal.quelinka.es\/ca\/coneix-nos\/noticies\/noticies-2024\/finalitza-la-tercera-etapa-del-rafa-nadal-tour-by-santander-de-valldoreix-per-a-tenistes-sub-12-sub-14-i-sub-16-amb-gran-nivell-competitiu\/","title":{"rendered":"Finalitza la tercera etapa del Rafa Nadal Tour by Santander de Valldoreix per a tenistes sub-12, sub-14 i sub-16 amb gran nivell competitiu."},"content":{"rendered":"\n<div class=\"wp-block-media-text alignfull is-stacked-on-mobile is-image-fill has-background\" style=\"background-color:#ddac31\"><figure class=\"wp-block-media-text__media\" style=\"background-image:url(https:\/\/www.fundacionrafanadal.quelinka.es\/wp-content\/uploads\/2022\/07\/ISM08879.png);background-position:50% 50%\"><img loading=\"lazy\" decoding=\"async\" width=\"900\" height=\"399\" src=\"https:\/\/www.fundacionrafanadal.quelinka.es\/wp-content\/uploads\/2022\/07\/ISM08879.png\" alt=\"\" class=\"wp-image-9879 size-full\" srcset=\"https:\/\/fundacionrafanadal.quelinka.es\/wp-content\/uploads\/2022\/07\/ISM08879.png 900w, https:\/\/fundacionrafanadal.quelinka.es\/wp-content\/uploads\/2022\/07\/ISM08879-300x133.png 300w, https:\/\/fundacionrafanadal.quelinka.es\/wp-content\/uploads\/2022\/07\/ISM08879-768x340.png 768w\" sizes=\"auto, (max-width: 900px) 100vw, 900px\" \/><\/figure><div class=\"wp-block-media-text__content\">\n<div style=\"height:30px\" aria-hidden=\"true\" class=\"wp-block-spacer\"><\/div>\n\n\n\n<h2 class=\"has-ast-global-color-5-color has-text-color wp-block-heading\" style=\"font-size:48px\"><strong>Not\u00edcies<\/strong><\/h2>\n\n\n\n<div style=\"height:200px\" aria-hidden=\"true\" class=\"wp-block-spacer\"><\/div>\n<\/div><\/div>\n\n\n\n<div style=\"height:50px\" aria-hidden=\"true\" class=\"wp-block-spacer\"><\/div>\n\n\n\n<div class=\"inherit-container-width wp-block-group is-layout-constrained wp-block-group-is-layout-constrained\"><div class=\"wp-block-group__inner-container\">\n<div class=\"inherit-container-width wp-block-group is-layout-constrained wp-block-group-is-layout-constrained\"><div class=\"wp-block-group__inner-container\"><div class=\"wp-block-post-date\"><time datetime=\"2024-04-01T11:43:13+02:00\">1 d&#8217;abril de 2024<\/time><\/div>\n\n\n<h2 class=\"wp-block-heading has-medium-font-size\" style=\"text-transform:uppercase\"><strong><strong>FINALIZA LA TERCERA ETAPA DEL RAFA NADAL TOUR BY SANTANDER DE VALLDOREIX PARA TENISTAS SUB-12, SUB-14 Y SUB-16 CON GRAN NIVEL COMPETITIVO<\/strong><\/strong><\/h2>\n\n\n\n<figure class=\"wp-block-image alignwide size-full\"><img loading=\"lazy\" decoding=\"async\" width=\"490\" height=\"391\" src=\"https:\/\/www.fundacionrafanadal.quelinka.es\/wp-content\/uploads\/2024\/04\/RNT_.jpg\" alt=\"\" class=\"wp-image-19653\" srcset=\"https:\/\/fundacionrafanadal.quelinka.es\/wp-content\/uploads\/2024\/04\/RNT_.jpg 490w, https:\/\/fundacionrafanadal.quelinka.es\/wp-content\/uploads\/2024\/04\/RNT_-300x239.jpg 300w\" sizes=\"auto, (max-width: 490px) 100vw, 490px\" \/><\/figure>\n\n\n\n<p><strong>Este s\u00e1bado 30 de marzo ha terminado la tercera etapa del <em>Rafa Nadal Tour by Santander<\/em> en el Club Esportiu Valldoreix, para las categor\u00edas sub-12, sub-14 y sub-16<\/strong><\/p>\n\n\n\n<ul class=\"wp-block-list\">\n<li><em>El <strong>Rafa Nadal Tour by Santander<\/strong> sigue consolid\u00e1ndose como el circuito juvenil de tenis de referencia en el pa\u00eds<\/em><\/li>\n<\/ul>\n\n\n\n<ul class=\"wp-block-list\">\n<li><em>El circuito tiene <strong>car\u00e1cter solidario<\/strong> y el importe completo de las inscripciones se destina <strong>al desarrollo de los proyectos de la Fundaci\u00f3n Rafa Nadal<\/strong> en Espa\u00f1a e India<\/em><\/li>\n<\/ul>\n\n\n\n<p>Este a\u00f1o se lleva a cabo la und\u00e9cima edici\u00f3n del <em>Rafa Nadal Tour by Santander<\/em> en ocho ciudades espa\u00f1olas (Barcelona, Sevilla, Valldoreix, Gran Canaria, Valencia, Madrid, Gij\u00f3n y Mallorca), donde se compite para determinar los ganadores en las categor\u00edas femenina y masculina sub-12, sub-14 y sub-16.<\/p>\n\n\n\n<p>Rafael Nadal ha manifestado:<em> &#8220;No se trataba simplemente de crear otro torneo, sino uno con un valor a\u00f1adido&#8221;,<\/em> y con esta filosof\u00eda se ha lanzado la und\u00e9cima edici\u00f3n con la misma pasi\u00f3n de siempre.<\/p>\n\n\n\n<p>El circuito juvenil, conocido como el <strong>Rafa Nadal Tour by Santander<\/strong>, ha consolidado su posici\u00f3n como l\u00edder en el pa\u00eds, no solo por su excelencia deportiva, sino tambi\u00e9n por su <strong>compromiso solidario<\/strong> al destinar el valor total de las inscripciones a los proyectos de la Fundaci\u00f3n Rafa Nadal. En este evento deportivo, se valora no solo la destreza ten\u00edstica de los participantes, sino tambi\u00e9n sus actitudes y comportamientos, tanto dentro como fuera de la cancha, a trav\u00e9s de actividades centradas en valores.<\/p>\n\n\n\n<p>Despu\u00e9s de nueve d\u00edas de intensa competici\u00f3n, con 541 participantes y 535 partidos disputados en la tercera etapa del Rafa Nadal Tour by Santander, celebrada en las instalaciones del Club Esportiu Valldoreix, se han coronado los campeones y campeonas en las categor\u00edas sub-12, sub-14 y sub-16.<\/p>\n\n\n\n<p>Los vencedores y vencedoras del Rafa Nadal Tour by Santander en Valldoreix han sido los siguientes:<\/p>\n\n\n\n<ul class=\"wp-block-list\">\n<li>Indira Delgado, en la categor\u00eda sub-16 femenino<\/li>\n\n\n\n<li>Yago Castellanos, en la categor\u00eda sub-16 masculino<\/li>\n\n\n\n<li>Liliana Chetry, en la categor\u00eda sub-14 femenino<\/li>\n\n\n\n<li>Ian Barroeta, en la categor\u00eda sub-14 masculino<\/li>\n\n\n\n<li>Caterina L\u00f3pez, en la categor\u00eda sub-12 femenino<\/li>\n\n\n\n<li>Austin Feltham, en la categor\u00eda sub-12 masculino<\/li>\n<\/ul>\n\n\n\n<p>Durante esta tercera etapa, los jugadores y jugadoras tambi\u00e9n han participado en actividades enfocadas en valores que suman puntos para el ranking, lo que permitir\u00e1 a cuatro participantes disputar el m\u00e1ster.<\/p>\n\n\n\n<p>Como patrocinador oficial del tour, Banco Santander fabrica los trofeos entregados a los ganadores de cada etapa utilizando pelotas de tenis recicladas de ediciones anteriores, contribuyendo as\u00ed a la sostenibilidad del circuito.Principio del formularioFinal del formulario<\/p>\n<\/div><\/div>\n<\/div><\/div>\n","protected":false},"excerpt":{"rendered":"<p>FINALIZA LA TERCERA ETAPA DEL RAFA NADAL TOUR BY SANTANDER DE VALLDOREIX PARA TENISTAS SUB-12, SUB-14 Y SUB-16 CON GRAN NIVEL COMPETITIVO Este s\u00e1bado 30 de marzo ha terminado la tercera etapa del Rafa Nadal Tour by Santander en el Club Esportiu Valldoreix, para las categor\u00edas sub-12, sub-14 y sub-16 Este a\u00f1o se lleva a [&hellip;]<\/p>\n","protected":false},"author":1,"featured_media":19654,"parent":18938,"menu_order":-2,"comment_status":"closed","ping_status":"closed","template":"","meta":{"_acf_changed":false,"give_campaign_id":0,"_monsterinsights_skip_tracking":false,"_monsterinsights_sitenote_active":false,"_monsterinsights_sitenote_note":"","_monsterinsights_sitenote_category":0,"site-sidebar-layout":"default","site-content-layout":"","ast-site-content-layout":"default","site-content-style":"default","site-sidebar-style":"default","ast-global-header-display":"","ast-banner-title-visibility":"","ast-main-header-display":"","ast-hfb-above-header-display":"","ast-hfb-below-header-display":"","ast-hfb-mobile-header-display":"","site-post-title":"disabled","ast-breadcrumbs-content":"","ast-featured-img":"disabled","footer-sml-layout":"","ast-disable-related-posts":"","theme-transparent-header-meta":"","adv-header-id-meta":"","stick-header-meta":"","header-above-stick-meta":"","header-main-stick-meta":"","header-below-stick-meta":"","astra-migrate-meta-layouts":"default","ast-page-background-enabled":"default","ast-page-background-meta":{"desktop":{"background-color":"var(--ast-global-color-4)","background-image":"","background-repeat":"repeat","background-position":"center center","background-size":"auto","background-attachment":"scroll","background-type":"","background-media":"","overlay-type":"","overlay-color":"","overlay-opacity":"","overlay-gradient":""},"tablet":{"background-color":"","background-image":"","background-repeat":"repeat","background-position":"center center","background-size":"auto","background-attachment":"scroll","background-type":"","background-media":"","overlay-type":"","overlay-color":"","overlay-opacity":"","overlay-gradient":""},"mobile":{"background-color":"","background-image":"","background-repeat":"repeat","background-position":"center center","background-size":"auto","background-attachment":"scroll","background-type":"","background-media":"","overlay-type":"","overlay-color":"","overlay-opacity":"","overlay-gradient":""}},"ast-content-background-meta":{"desktop":{"background-color":"var(--ast-global-color-5)","background-image":"","background-repeat":"repeat","background-position":"center center","background-size":"auto","background-attachment":"scroll","background-type":"","background-media":"","overlay-type":"","overlay-color":"","overlay-opacity":"","overlay-gradient":""},"tablet":{"background-color":"var(--ast-global-color-5)","background-image":"","background-repeat":"repeat","background-position":"center center","background-size":"auto","background-attachment":"scroll","background-type":"","background-media":"","overlay-type":"","overlay-color":"","overlay-opacity":"","overlay-gradient":""},"mobile":{"background-color":"var(--ast-global-color-5)","background-image":"","background-repeat":"repeat","background-position":"center center","background-size":"auto","background-attachment":"scroll","background-type":"","background-media":"","overlay-type":"","overlay-color":"","overlay-opacity":"","overlay-gradient":""}},"_themeisle_gutenberg_block_has_review":false,"footnotes":""},"class_list":["post-19651","page","type-page","status-publish","has-post-thumbnail","hentry"],"acf":[],"yoast_head":"<!-- This site is optimized with the Yoast SEO plugin v26.8 - https:\/\/yoast.com\/product\/yoast-seo-wordpress\/ -->\n<title>Finalitza la tercera etapa del Rafa Nadal Tour by Santander de Valldoreix per a tenistes sub-12, sub-14 i sub-16 amb gran nivell competitiu. - Fundaci\u00f3n Rafa Nadal<\/title>\n<meta name=\"robots\" content=\"noindex, follow, max-snippet:-1, max-image-preview:large, max-video-preview:-1\" \/>\n<meta property=\"og:locale\" content=\"ca_ES\" \/>\n<meta property=\"og:type\" content=\"article\" \/>\n<meta property=\"og:title\" content=\"Finalitza la tercera etapa del Rafa Nadal Tour by Santander de Valldoreix per a tenistes sub-12, sub-14 i sub-16 amb gran nivell competitiu. - Fundaci\u00f3n Rafa Nadal\" \/>\n<meta property=\"og:description\" content=\"FINALIZA LA TERCERA ETAPA DEL RAFA NADAL TOUR BY SANTANDER DE VALLDOREIX PARA TENISTAS SUB-12, SUB-14 Y SUB-16 CON GRAN NIVEL COMPETITIVO Este s\u00e1bado 30 de marzo ha terminado la tercera etapa del Rafa Nadal Tour by Santander en el Club Esportiu Valldoreix, para las categor\u00edas sub-12, sub-14 y sub-16 Este a\u00f1o se lleva a [&hellip;]\" \/>\n<meta property=\"og:url\" content=\"https:\/\/fundacionrafanadal.quelinka.es\/ca\/coneix-nos\/noticies\/noticies-2024\/finalitza-la-tercera-etapa-del-rafa-nadal-tour-by-santander-de-valldoreix-per-a-tenistes-sub-12-sub-14-i-sub-16-amb-gran-nivell-competitiu\/\" \/>\n<meta property=\"og:site_name\" content=\"Fundaci\u00f3n Rafa Nadal\" \/>\n<meta property=\"article:modified_time\" content=\"2024-04-04T11:45:55+00:00\" \/>\n<meta property=\"og:image\" content=\"https:\/\/fundacionrafanadal.quelinka.es\/wp-content\/uploads\/2024\/04\/RNT_.jpg\" \/>\n\t<meta property=\"og:image:width\" content=\"490\" \/>\n\t<meta property=\"og:image:height\" content=\"391\" \/>\n\t<meta property=\"og:image:type\" content=\"image\/jpeg\" \/>\n<meta name=\"twitter:card\" content=\"summary_large_image\" \/>\n<meta name=\"twitter:label1\" content=\"Temps estimat de lectura\" \/>\n\t<meta name=\"twitter:data1\" content=\"3 minuts\" \/>\n<script type=\"application\/ld+json\" class=\"yoast-schema-graph\">{\"@context\":\"https:\/\/schema.org\",\"@graph\":[{\"@type\":\"WebPage\",\"@id\":\"https:\/\/fundacionrafanadal.quelinka.es\/ca\/coneix-nos\/noticies\/noticies-2024\/finalitza-la-tercera-etapa-del-rafa-nadal-tour-by-santander-de-valldoreix-per-a-tenistes-sub-12-sub-14-i-sub-16-amb-gran-nivell-competitiu\/\",\"url\":\"https:\/\/fundacionrafanadal.quelinka.es\/ca\/coneix-nos\/noticies\/noticies-2024\/finalitza-la-tercera-etapa-del-rafa-nadal-tour-by-santander-de-valldoreix-per-a-tenistes-sub-12-sub-14-i-sub-16-amb-gran-nivell-competitiu\/\",\"name\":\"Finalitza la tercera etapa del Rafa Nadal Tour by Santander de Valldoreix per a tenistes sub-12, sub-14 i sub-16 amb gran nivell competitiu. - Fundaci\u00f3n Rafa Nadal\",\"isPartOf\":{\"@id\":\"https:\/\/fundacionrafanadal.quelinka.es\/ca\/#website\"},\"primaryImageOfPage\":{\"@id\":\"https:\/\/fundacionrafanadal.quelinka.es\/ca\/coneix-nos\/noticies\/noticies-2024\/finalitza-la-tercera-etapa-del-rafa-nadal-tour-by-santander-de-valldoreix-per-a-tenistes-sub-12-sub-14-i-sub-16-amb-gran-nivell-competitiu\/#primaryimage\"},\"image\":{\"@id\":\"https:\/\/fundacionrafanadal.quelinka.es\/ca\/coneix-nos\/noticies\/noticies-2024\/finalitza-la-tercera-etapa-del-rafa-nadal-tour-by-santander-de-valldoreix-per-a-tenistes-sub-12-sub-14-i-sub-16-amb-gran-nivell-competitiu\/#primaryimage\"},\"thumbnailUrl\":\"https:\/\/fundacionrafanadal.quelinka.es\/wp-content\/uploads\/2024\/04\/RNT_.jpg\",\"datePublished\":\"2024-04-01T11:43:13+00:00\",\"dateModified\":\"2024-04-04T11:45:55+00:00\",\"breadcrumb\":{\"@id\":\"https:\/\/fundacionrafanadal.quelinka.es\/ca\/coneix-nos\/noticies\/noticies-2024\/finalitza-la-tercera-etapa-del-rafa-nadal-tour-by-santander-de-valldoreix-per-a-tenistes-sub-12-sub-14-i-sub-16-amb-gran-nivell-competitiu\/#breadcrumb\"},\"inLanguage\":\"ca\",\"potentialAction\":[{\"@type\":\"ReadAction\",\"target\":[\"https:\/\/fundacionrafanadal.quelinka.es\/ca\/coneix-nos\/noticies\/noticies-2024\/finalitza-la-tercera-etapa-del-rafa-nadal-tour-by-santander-de-valldoreix-per-a-tenistes-sub-12-sub-14-i-sub-16-amb-gran-nivell-competitiu\/\"]}]},{\"@type\":\"ImageObject\",\"inLanguage\":\"ca\",\"@id\":\"https:\/\/fundacionrafanadal.quelinka.es\/ca\/coneix-nos\/noticies\/noticies-2024\/finalitza-la-tercera-etapa-del-rafa-nadal-tour-by-santander-de-valldoreix-per-a-tenistes-sub-12-sub-14-i-sub-16-amb-gran-nivell-competitiu\/#primaryimage\",\"url\":\"https:\/\/fundacionrafanadal.quelinka.es\/wp-content\/uploads\/2024\/04\/RNT_.jpg\",\"contentUrl\":\"https:\/\/fundacionrafanadal.quelinka.es\/wp-content\/uploads\/2024\/04\/RNT_.jpg\",\"width\":490,\"height\":391},{\"@type\":\"BreadcrumbList\",\"@id\":\"https:\/\/fundacionrafanadal.quelinka.es\/ca\/coneix-nos\/noticies\/noticies-2024\/finalitza-la-tercera-etapa-del-rafa-nadal-tour-by-santander-de-valldoreix-per-a-tenistes-sub-12-sub-14-i-sub-16-amb-gran-nivell-competitiu\/#breadcrumb\",\"itemListElement\":[{\"@type\":\"ListItem\",\"position\":1,\"name\":\"Portada\",\"item\":\"https:\/\/fundacionrafanadal.quelinka.es\/ca\/\"},{\"@type\":\"ListItem\",\"position\":2,\"name\":\"Coneix-nos\",\"item\":\"https:\/\/fundacionrafanadal.quelinka.es\/ca\/conocenos\/\"},{\"@type\":\"ListItem\",\"position\":3,\"name\":\"Not\u00edcies\",\"item\":\"https:\/\/fundacionrafanadal.quelinka.es\/ca\/conocenos\/noticias\/\"},{\"@type\":\"ListItem\",\"position\":4,\"name\":\"Not\u00edcies 2024\",\"item\":\"https:\/\/fundacionrafanadal.quelinka.es\/ca\/conocenos\/noticias\/noticias-2024\/\"},{\"@type\":\"ListItem\",\"position\":5,\"name\":\"Finalitza la tercera etapa del Rafa Nadal Tour by Santander de Valldoreix per a tenistes sub-12, sub-14 i sub-16 amb gran nivell competitiu.\"}]},{\"@type\":\"WebSite\",\"@id\":\"https:\/\/fundacionrafanadal.quelinka.es\/ca\/#website\",\"url\":\"https:\/\/fundacionrafanadal.quelinka.es\/ca\/\",\"name\":\"Fundaci\u00f3n Rafa Nadal\",\"description\":\"A trav\u00e9s del deporte y la educaci\u00f3n, promovemos la integraci\u00f3n y el desarrollo personal y social de ni\u00f1os y j\u00f3venes. En Espa\u00f1a y la India.\",\"publisher\":{\"@id\":\"https:\/\/fundacionrafanadal.quelinka.es\/ca\/#organization\"},\"potentialAction\":[{\"@type\":\"SearchAction\",\"target\":{\"@type\":\"EntryPoint\",\"urlTemplate\":\"https:\/\/fundacionrafanadal.quelinka.es\/ca\/?s={search_term_string}\"},\"query-input\":{\"@type\":\"PropertyValueSpecification\",\"valueRequired\":true,\"valueName\":\"search_term_string\"}}],\"inLanguage\":\"ca\"},{\"@type\":\"Organization\",\"@id\":\"https:\/\/fundacionrafanadal.quelinka.es\/ca\/#organization\",\"name\":\"Fundaci\u00f3n Rafa Nadal\",\"url\":\"https:\/\/fundacionrafanadal.quelinka.es\/ca\/\",\"logo\":{\"@type\":\"ImageObject\",\"inLanguage\":\"ca\",\"@id\":\"https:\/\/fundacionrafanadal.quelinka.es\/ca\/#\/schema\/logo\/image\/\",\"url\":\"https:\/\/fundacionrafanadal.quelinka.es\/wp-content\/uploads\/2022\/09\/logo-frn-web-3.png\",\"contentUrl\":\"https:\/\/fundacionrafanadal.quelinka.es\/wp-content\/uploads\/2022\/09\/logo-frn-web-3.png\",\"width\":551,\"height\":140,\"caption\":\"Fundaci\u00f3n Rafa Nadal\"},\"image\":{\"@id\":\"https:\/\/fundacionrafanadal.quelinka.es\/ca\/#\/schema\/logo\/image\/\"}}]}<\/script>\n<!-- \/ Yoast SEO plugin. -->","yoast_head_json":{"title":"Finalitza la tercera etapa del Rafa Nadal Tour by Santander de Valldoreix per a tenistes sub-12, sub-14 i sub-16 amb gran nivell competitiu. - Fundaci\u00f3n Rafa Nadal","robots":{"index":"noindex","follow":"follow","max-snippet":"max-snippet:-1","max-image-preview":"max-image-preview:large","max-video-preview":"max-video-preview:-1"},"og_locale":"ca_ES","og_type":"article","og_title":"Finalitza la tercera etapa del Rafa Nadal Tour by Santander de Valldoreix per a tenistes sub-12, sub-14 i sub-16 amb gran nivell competitiu. - Fundaci\u00f3n Rafa Nadal","og_description":"FINALIZA LA TERCERA ETAPA DEL RAFA NADAL TOUR BY SANTANDER DE VALLDOREIX PARA TENISTAS SUB-12, SUB-14 Y SUB-16 CON GRAN NIVEL COMPETITIVO Este s\u00e1bado 30 de marzo ha terminado la tercera etapa del Rafa Nadal Tour by Santander en el Club Esportiu Valldoreix, para las categor\u00edas sub-12, sub-14 y sub-16 Este a\u00f1o se lleva a [&hellip;]","og_url":"https:\/\/fundacionrafanadal.quelinka.es\/ca\/coneix-nos\/noticies\/noticies-2024\/finalitza-la-tercera-etapa-del-rafa-nadal-tour-by-santander-de-valldoreix-per-a-tenistes-sub-12-sub-14-i-sub-16-amb-gran-nivell-competitiu\/","og_site_name":"Fundaci\u00f3n Rafa Nadal","article_modified_time":"2024-04-04T11:45:55+00:00","og_image":[{"width":490,"height":391,"url":"https:\/\/fundacionrafanadal.quelinka.es\/wp-content\/uploads\/2024\/04\/RNT_.jpg","type":"image\/jpeg"}],"twitter_card":"summary_large_image","twitter_misc":{"Temps estimat de lectura":"3 minuts"},"schema":{"@context":"https:\/\/schema.org","@graph":[{"@type":"WebPage","@id":"https:\/\/fundacionrafanadal.quelinka.es\/ca\/coneix-nos\/noticies\/noticies-2024\/finalitza-la-tercera-etapa-del-rafa-nadal-tour-by-santander-de-valldoreix-per-a-tenistes-sub-12-sub-14-i-sub-16-amb-gran-nivell-competitiu\/","url":"https:\/\/fundacionrafanadal.quelinka.es\/ca\/coneix-nos\/noticies\/noticies-2024\/finalitza-la-tercera-etapa-del-rafa-nadal-tour-by-santander-de-valldoreix-per-a-tenistes-sub-12-sub-14-i-sub-16-amb-gran-nivell-competitiu\/","name":"Finalitza la tercera etapa del Rafa Nadal Tour by Santander de Valldoreix per a tenistes sub-12, sub-14 i sub-16 amb gran nivell competitiu. - Fundaci\u00f3n Rafa Nadal","isPartOf":{"@id":"https:\/\/fundacionrafanadal.quelinka.es\/ca\/#website"},"primaryImageOfPage":{"@id":"https:\/\/fundacionrafanadal.quelinka.es\/ca\/coneix-nos\/noticies\/noticies-2024\/finalitza-la-tercera-etapa-del-rafa-nadal-tour-by-santander-de-valldoreix-per-a-tenistes-sub-12-sub-14-i-sub-16-amb-gran-nivell-competitiu\/#primaryimage"},"image":{"@id":"https:\/\/fundacionrafanadal.quelinka.es\/ca\/coneix-nos\/noticies\/noticies-2024\/finalitza-la-tercera-etapa-del-rafa-nadal-tour-by-santander-de-valldoreix-per-a-tenistes-sub-12-sub-14-i-sub-16-amb-gran-nivell-competitiu\/#primaryimage"},"thumbnailUrl":"https:\/\/fundacionrafanadal.quelinka.es\/wp-content\/uploads\/2024\/04\/RNT_.jpg","datePublished":"2024-04-01T11:43:13+00:00","dateModified":"2024-04-04T11:45:55+00:00","breadcrumb":{"@id":"https:\/\/fundacionrafanadal.quelinka.es\/ca\/coneix-nos\/noticies\/noticies-2024\/finalitza-la-tercera-etapa-del-rafa-nadal-tour-by-santander-de-valldoreix-per-a-tenistes-sub-12-sub-14-i-sub-16-amb-gran-nivell-competitiu\/#breadcrumb"},"inLanguage":"ca","potentialAction":[{"@type":"ReadAction","target":["https:\/\/fundacionrafanadal.quelinka.es\/ca\/coneix-nos\/noticies\/noticies-2024\/finalitza-la-tercera-etapa-del-rafa-nadal-tour-by-santander-de-valldoreix-per-a-tenistes-sub-12-sub-14-i-sub-16-amb-gran-nivell-competitiu\/"]}]},{"@type":"ImageObject","inLanguage":"ca","@id":"https:\/\/fundacionrafanadal.quelinka.es\/ca\/coneix-nos\/noticies\/noticies-2024\/finalitza-la-tercera-etapa-del-rafa-nadal-tour-by-santander-de-valldoreix-per-a-tenistes-sub-12-sub-14-i-sub-16-amb-gran-nivell-competitiu\/#primaryimage","url":"https:\/\/fundacionrafanadal.quelinka.es\/wp-content\/uploads\/2024\/04\/RNT_.jpg","contentUrl":"https:\/\/fundacionrafanadal.quelinka.es\/wp-content\/uploads\/2024\/04\/RNT_.jpg","width":490,"height":391},{"@type":"BreadcrumbList","@id":"https:\/\/fundacionrafanadal.quelinka.es\/ca\/coneix-nos\/noticies\/noticies-2024\/finalitza-la-tercera-etapa-del-rafa-nadal-tour-by-santander-de-valldoreix-per-a-tenistes-sub-12-sub-14-i-sub-16-amb-gran-nivell-competitiu\/#breadcrumb","itemListElement":[{"@type":"ListItem","position":1,"name":"Portada","item":"https:\/\/fundacionrafanadal.quelinka.es\/ca\/"},{"@type":"ListItem","position":2,"name":"Coneix-nos","item":"https:\/\/fundacionrafanadal.quelinka.es\/ca\/conocenos\/"},{"@type":"ListItem","position":3,"name":"Not\u00edcies","item":"https:\/\/fundacionrafanadal.quelinka.es\/ca\/conocenos\/noticias\/"},{"@type":"ListItem","position":4,"name":"Not\u00edcies 2024","item":"https:\/\/fundacionrafanadal.quelinka.es\/ca\/conocenos\/noticias\/noticias-2024\/"},{"@type":"ListItem","position":5,"name":"Finalitza la tercera etapa del Rafa Nadal Tour by Santander de Valldoreix per a tenistes sub-12, sub-14 i sub-16 amb gran nivell competitiu."}]},{"@type":"WebSite","@id":"https:\/\/fundacionrafanadal.quelinka.es\/ca\/#website","url":"https:\/\/fundacionrafanadal.quelinka.es\/ca\/","name":"Fundaci\u00f3n Rafa Nadal","description":"A trav\u00e9s del deporte y la educaci\u00f3n, promovemos la integraci\u00f3n y el desarrollo personal y social de ni\u00f1os y j\u00f3venes. En Espa\u00f1a y la India.","publisher":{"@id":"https:\/\/fundacionrafanadal.quelinka.es\/ca\/#organization"},"potentialAction":[{"@type":"SearchAction","target":{"@type":"EntryPoint","urlTemplate":"https:\/\/fundacionrafanadal.quelinka.es\/ca\/?s={search_term_string}"},"query-input":{"@type":"PropertyValueSpecification","valueRequired":true,"valueName":"search_term_string"}}],"inLanguage":"ca"},{"@type":"Organization","@id":"https:\/\/fundacionrafanadal.quelinka.es\/ca\/#organization","name":"Fundaci\u00f3n Rafa Nadal","url":"https:\/\/fundacionrafanadal.quelinka.es\/ca\/","logo":{"@type":"ImageObject","inLanguage":"ca","@id":"https:\/\/fundacionrafanadal.quelinka.es\/ca\/#\/schema\/logo\/image\/","url":"https:\/\/fundacionrafanadal.quelinka.es\/wp-content\/uploads\/2022\/09\/logo-frn-web-3.png","contentUrl":"https:\/\/fundacionrafanadal.quelinka.es\/wp-content\/uploads\/2022\/09\/logo-frn-web-3.png","width":551,"height":140,"caption":"Fundaci\u00f3n Rafa Nadal"},"image":{"@id":"https:\/\/fundacionrafanadal.quelinka.es\/ca\/#\/schema\/logo\/image\/"}}]}},"campaignId":"","_links":{"self":[{"href":"https:\/\/fundacionrafanadal.quelinka.es\/ca\/wp-json\/wp\/v2\/pages\/19651","targetHints":{"allow":["GET"]}}],"collection":[{"href":"https:\/\/fundacionrafanadal.quelinka.es\/ca\/wp-json\/wp\/v2\/pages"}],"about":[{"href":"https:\/\/fundacionrafanadal.quelinka.es\/ca\/wp-json\/wp\/v2\/types\/page"}],"author":[{"embeddable":true,"href":"https:\/\/fundacionrafanadal.quelinka.es\/ca\/wp-json\/wp\/v2\/users\/1"}],"replies":[{"embeddable":true,"href":"https:\/\/fundacionrafanadal.quelinka.es\/ca\/wp-json\/wp\/v2\/comments?post=19651"}],"version-history":[{"count":3,"href":"https:\/\/fundacionrafanadal.quelinka.es\/ca\/wp-json\/wp\/v2\/pages\/19651\/revisions"}],"predecessor-version":[{"id":19660,"href":"https:\/\/fundacionrafanadal.quelinka.es\/ca\/wp-json\/wp\/v2\/pages\/19651\/revisions\/19660"}],"up":[{"embeddable":true,"href":"https:\/\/fundacionrafanadal.quelinka.es\/ca\/wp-json\/wp\/v2\/pages\/18938"}],"wp:featuredmedia":[{"embeddable":true,"href":"https:\/\/fundacionrafanadal.quelinka.es\/ca\/wp-json\/wp\/v2\/media\/19654"}],"wp:attachment":[{"href":"https:\/\/fundacionrafanadal.quelinka.es\/ca\/wp-json\/wp\/v2\/media?parent=19651"}],"curies":[{"name":"wp","href":"https:\/\/api.w.org\/{rel}","templated":true}]}}