{"id":19825,"date":"2024-04-15T10:10:32","date_gmt":"2024-04-15T10:10:32","guid":{"rendered":"https:\/\/www.fundacionrafanadal.org\/?page_id=19825"},"modified":"2024-04-15T10:54:03","modified_gmt":"2024-04-15T10:54:03","slug":"estudis","status":"publish","type":"page","link":"https:\/\/fundacionrafanadal.quelinka.es\/ca\/estudis\/","title":{"rendered":"Estudis"},"content":{"rendered":"\n<figure class=\"wp-block-image alignfull size-large\"><img loading=\"lazy\" decoding=\"async\" width=\"1024\" height=\"276\" src=\"https:\/\/www.fundacionrafanadal.quelinka.es\/wp-content\/uploads\/2024\/04\/portada_web_estudios-1024x276.jpg\" alt=\"\" class=\"wp-image-19812\" srcset=\"https:\/\/fundacionrafanadal.quelinka.es\/wp-content\/uploads\/2024\/04\/portada_web_estudios-1024x276.jpg 1024w, https:\/\/fundacionrafanadal.quelinka.es\/wp-content\/uploads\/2024\/04\/portada_web_estudios-300x81.jpg 300w, https:\/\/fundacionrafanadal.quelinka.es\/wp-content\/uploads\/2024\/04\/portada_web_estudios-768x207.jpg 768w, https:\/\/fundacionrafanadal.quelinka.es\/wp-content\/uploads\/2024\/04\/portada_web_estudios-1536x414.jpg 1536w, https:\/\/fundacionrafanadal.quelinka.es\/wp-content\/uploads\/2024\/04\/portada_web_estudios.jpg 1794w\" sizes=\"auto, (max-width: 1024px) 100vw, 1024px\" \/><\/figure>\n\n\n\n<h2 class=\"wp-block-heading has-text-align-center has-x-large-font-size\"><strong>Estudis<\/strong><\/h2>\n\n\n\n<div class=\"inherit-container-width wp-block-group alignfull has-background is-layout-constrained wp-block-group-is-layout-constrained\" style=\"background-color:#e1e5e2\"><div class=\"wp-block-group__inner-container\">\n<figure class=\"wp-block-image aligncenter size-full is-resized\"><a href=\"https:\/\/www.fundacionrafanadal.quelinka.es\/wp-content\/uploads\/2024\/04\/Estudio_Mas_Que_Tenis.pdf\"><img loading=\"lazy\" decoding=\"async\" width=\"682\" height=\"965\" src=\"https:\/\/www.fundacionrafanadal.quelinka.es\/wp-content\/uploads\/2024\/04\/portada_estudio.png\" alt=\"\" class=\"wp-image-19815\" style=\"width:470px;height:auto\" srcset=\"https:\/\/fundacionrafanadal.quelinka.es\/wp-content\/uploads\/2024\/04\/portada_estudio.png 682w, https:\/\/fundacionrafanadal.quelinka.es\/wp-content\/uploads\/2024\/04\/portada_estudio-212x300.png 212w\" sizes=\"auto, (max-width: 682px) 100vw, 682px\" \/><\/a><\/figure>\n\n\n\n<div style=\"height:34px\" aria-hidden=\"true\" class=\"wp-block-spacer\"><\/div>\n\n\n\n<p><strong>Estudi &#8220;M\u00e9s Que Tennis&#8221;<\/strong><\/p>\n\n\n\n<p>Aquesta investigaci\u00f3 pret\u00e9n aprofundir en l&#8217;impacte de l&#8217;esport en el benestar de les persones amb discapacitat intel\u00b7lectual.<\/p>\n\n\n\n<p>S&#8217;ha realitzat un estudi de cas del projecte &#8220;M\u00e9s Que Tennis&#8221;. Des del 2010, aquest projecte ha operat a trav\u00e9s de m\u00e9s de 25 escoles a tot el territori nacional, amb l&#8217;objectiu de promoure el tennis entre persones amb discapacitat intel\u00b7lectual, afiliades a Special Olympics Espanya.<\/p>\n\n\n\n<p>Gr\u00e0cies als esfor\u00e7os combinats i la col\u00b7laboraci\u00f3 de la Fundaci\u00f3 Rafa Nadal i la Universitat de Navarra, amb el suport de Banco Santander, s&#8217;han avaluat les habilitats intel\u00b7lectuals i motrius de 52 esportistes, a m\u00e9s d&#8217;entrevistar 36 esportistes, 25 membres de les seves fam\u00edlies i 19 professionals i entrenadors. La col\u00b7laboraci\u00f3 s&#8217;ha est\u00e8s a 10 escoles implicades en el projecte &#8220;M\u00e9s Que Tennis&#8221;, distribu\u00efdes en 8 comunitats aut\u00f2nomes.<\/p>\n\n\n\n<div class=\"wp-block-buttons is-content-justification-center is-layout-flex wp-container-core-buttons-is-layout-a89b3969 wp-block-buttons-is-layout-flex\">\n<div class=\"wp-block-button has-custom-font-size is-style-fill has-medium-font-size\"><a class=\"wp-block-button__link has-white-color has-black-background-color has-text-color has-background has-link-color has-border-color has-ast-global-color-8-border-color wp-element-button\" href=\"https:\/\/www.fundacionrafanadal.quelinka.es\/wp-content\/uploads\/2024\/04\/Estudio_Mas_Que_Tenis.pdf\" style=\"border-width:15px;border-radius:0px;padding-top:0;padding-right:0;padding-bottom:0;padding-left:0\">ESTUDI<\/a><\/div>\n<\/div>\n<\/div><\/div>\n\n\n\n<div class=\"inherit-container-width wp-block-group alignfull ondas-memorias is-layout-constrained wp-block-group-is-layout-constrained\"><div class=\"wp-block-group__inner-container\">\n<div style=\"height:200px\" aria-hidden=\"true\" class=\"wp-block-spacer\"><\/div>\n<\/div><\/div>\n","protected":false},"excerpt":{"rendered":"<p>Estudis Estudi &#8220;M\u00e9s Que Tennis&#8221; Aquesta investigaci\u00f3 pret\u00e9n aprofundir en l&#8217;impacte de l&#8217;esport en el benestar de les persones amb discapacitat intel\u00b7lectual. S&#8217;ha realitzat un estudi de cas del projecte &#8220;M\u00e9s Que Tennis&#8221;. Des del 2010, aquest projecte ha operat a trav\u00e9s de m\u00e9s de 25 escoles a tot el territori nacional, amb l&#8217;objectiu de [&hellip;]<\/p>\n","protected":false},"author":1,"featured_media":0,"parent":0,"menu_order":0,"comment_status":"closed","ping_status":"closed","template":"","meta":{"_acf_changed":false,"give_campaign_id":0,"_monsterinsights_skip_tracking":false,"_monsterinsights_sitenote_active":false,"_monsterinsights_sitenote_note":"","_monsterinsights_sitenote_category":0,"site-sidebar-layout":"default","site-content-layout":"","ast-site-content-layout":"default","site-content-style":"default","site-sidebar-style":"default","ast-global-header-display":"","ast-banner-title-visibility":"","ast-main-header-display":"","ast-hfb-above-header-display":"","ast-hfb-below-header-display":"","ast-hfb-mobile-header-display":"","site-post-title":"disabled","ast-breadcrumbs-content":"","ast-featured-img":"","footer-sml-layout":"","ast-disable-related-posts":"","theme-transparent-header-meta":"","adv-header-id-meta":"","stick-header-meta":"","header-above-stick-meta":"","header-main-stick-meta":"","header-below-stick-meta":"","astra-migrate-meta-layouts":"default","ast-page-background-enabled":"default","ast-page-background-meta":{"desktop":{"background-color":"var(--ast-global-color-4)","background-image":"","background-repeat":"repeat","background-position":"center center","background-size":"auto","background-attachment":"scroll","background-type":"","background-media":"","overlay-type":"","overlay-color":"","overlay-opacity":"","overlay-gradient":""},"tablet":{"background-color":"","background-image":"","background-repeat":"repeat","background-position":"center center","background-size":"auto","background-attachment":"scroll","background-type":"","background-media":"","overlay-type":"","overlay-color":"","overlay-opacity":"","overlay-gradient":""},"mobile":{"background-color":"","background-image":"","background-repeat":"repeat","background-position":"center center","background-size":"auto","background-attachment":"scroll","background-type":"","background-media":"","overlay-type":"","overlay-color":"","overlay-opacity":"","overlay-gradient":""}},"ast-content-background-meta":{"desktop":{"background-color":"var(--ast-global-color-5)","background-image":"","background-repeat":"repeat","background-position":"center center","background-size":"auto","background-attachment":"scroll","background-type":"","background-media":"","overlay-type":"","overlay-color":"","overlay-opacity":"","overlay-gradient":""},"tablet":{"background-color":"var(--ast-global-color-5)","background-image":"","background-repeat":"repeat","background-position":"center center","background-size":"auto","background-attachment":"scroll","background-type":"","background-media":"","overlay-type":"","overlay-color":"","overlay-opacity":"","overlay-gradient":""},"mobile":{"background-color":"var(--ast-global-color-5)","background-image":"","background-repeat":"repeat","background-position":"center center","background-size":"auto","background-attachment":"scroll","background-type":"","background-media":"","overlay-type":"","overlay-color":"","overlay-opacity":"","overlay-gradient":""}},"_themeisle_gutenberg_block_has_review":false,"footnotes":""},"class_list":["post-19825","page","type-page","status-publish","hentry"],"acf":[],"yoast_head":"<!-- This site is optimized with the Yoast SEO plugin v26.8 - https:\/\/yoast.com\/product\/yoast-seo-wordpress\/ -->\n<title>Estudis - Fundaci\u00f3n Rafa Nadal<\/title>\n<meta name=\"robots\" content=\"noindex, follow, max-snippet:-1, max-image-preview:large, max-video-preview:-1\" \/>\n<meta property=\"og:locale\" content=\"ca_ES\" \/>\n<meta property=\"og:type\" content=\"article\" \/>\n<meta property=\"og:title\" content=\"Estudis - Fundaci\u00f3n Rafa Nadal\" \/>\n<meta property=\"og:description\" content=\"Estudis Estudi &#8220;M\u00e9s Que Tennis&#8221; Aquesta investigaci\u00f3 pret\u00e9n aprofundir en l&#8217;impacte de l&#8217;esport en el benestar de les persones amb discapacitat intel\u00b7lectual. S&#8217;ha realitzat un estudi de cas del projecte &#8220;M\u00e9s Que Tennis&#8221;. Des del 2010, aquest projecte ha operat a trav\u00e9s de m\u00e9s de 25 escoles a tot el territori nacional, amb l&#8217;objectiu de [&hellip;]\" \/>\n<meta property=\"og:url\" content=\"https:\/\/fundacionrafanadal.quelinka.es\/ca\/estudis\/\" \/>\n<meta property=\"og:site_name\" content=\"Fundaci\u00f3n Rafa Nadal\" \/>\n<meta property=\"article:modified_time\" content=\"2024-04-15T10:54:03+00:00\" \/>\n<meta property=\"og:image\" content=\"https:\/\/www.fundacionrafanadal.quelinka.es\/wp-content\/uploads\/2024\/04\/portada_web_estudios-1024x276.jpg\" \/>\n<meta name=\"twitter:card\" content=\"summary_large_image\" \/>\n<meta name=\"twitter:label1\" content=\"Temps estimat de lectura\" \/>\n\t<meta name=\"twitter:data1\" content=\"1 minut\" \/>\n<script type=\"application\/ld+json\" class=\"yoast-schema-graph\">{\"@context\":\"https:\/\/schema.org\",\"@graph\":[{\"@type\":\"WebPage\",\"@id\":\"https:\/\/fundacionrafanadal.quelinka.es\/ca\/estudis\/\",\"url\":\"https:\/\/fundacionrafanadal.quelinka.es\/ca\/estudis\/\",\"name\":\"Estudis - Fundaci\u00f3n Rafa Nadal\",\"isPartOf\":{\"@id\":\"https:\/\/fundacionrafanadal.quelinka.es\/ca\/#website\"},\"primaryImageOfPage\":{\"@id\":\"https:\/\/fundacionrafanadal.quelinka.es\/ca\/estudis\/#primaryimage\"},\"image\":{\"@id\":\"https:\/\/fundacionrafanadal.quelinka.es\/ca\/estudis\/#primaryimage\"},\"thumbnailUrl\":\"https:\/\/www.fundacionrafanadal.quelinka.es\/wp-content\/uploads\/2024\/04\/portada_web_estudios-1024x276.jpg\",\"datePublished\":\"2024-04-15T10:10:32+00:00\",\"dateModified\":\"2024-04-15T10:54:03+00:00\",\"breadcrumb\":{\"@id\":\"https:\/\/fundacionrafanadal.quelinka.es\/ca\/estudis\/#breadcrumb\"},\"inLanguage\":\"ca\",\"potentialAction\":[{\"@type\":\"ReadAction\",\"target\":[\"https:\/\/fundacionrafanadal.quelinka.es\/ca\/estudis\/\"]}]},{\"@type\":\"ImageObject\",\"inLanguage\":\"ca\",\"@id\":\"https:\/\/fundacionrafanadal.quelinka.es\/ca\/estudis\/#primaryimage\",\"url\":\"https:\/\/www.fundacionrafanadal.quelinka.es\/wp-content\/uploads\/2024\/04\/portada_web_estudios-1024x276.jpg\",\"contentUrl\":\"https:\/\/www.fundacionrafanadal.quelinka.es\/wp-content\/uploads\/2024\/04\/portada_web_estudios-1024x276.jpg\"},{\"@type\":\"BreadcrumbList\",\"@id\":\"https:\/\/fundacionrafanadal.quelinka.es\/ca\/estudis\/#breadcrumb\",\"itemListElement\":[{\"@type\":\"ListItem\",\"position\":1,\"name\":\"Portada\",\"item\":\"https:\/\/fundacionrafanadal.quelinka.es\/ca\/\"},{\"@type\":\"ListItem\",\"position\":2,\"name\":\"Estudis\"}]},{\"@type\":\"WebSite\",\"@id\":\"https:\/\/fundacionrafanadal.quelinka.es\/ca\/#website\",\"url\":\"https:\/\/fundacionrafanadal.quelinka.es\/ca\/\",\"name\":\"Fundaci\u00f3n Rafa Nadal\",\"description\":\"A trav\u00e9s del deporte y la educaci\u00f3n, promovemos la integraci\u00f3n y el desarrollo personal y social de ni\u00f1os y j\u00f3venes. En Espa\u00f1a y la India.\",\"publisher\":{\"@id\":\"https:\/\/fundacionrafanadal.quelinka.es\/ca\/#organization\"},\"potentialAction\":[{\"@type\":\"SearchAction\",\"target\":{\"@type\":\"EntryPoint\",\"urlTemplate\":\"https:\/\/fundacionrafanadal.quelinka.es\/ca\/?s={search_term_string}\"},\"query-input\":{\"@type\":\"PropertyValueSpecification\",\"valueRequired\":true,\"valueName\":\"search_term_string\"}}],\"inLanguage\":\"ca\"},{\"@type\":\"Organization\",\"@id\":\"https:\/\/fundacionrafanadal.quelinka.es\/ca\/#organization\",\"name\":\"Fundaci\u00f3n Rafa Nadal\",\"url\":\"https:\/\/fundacionrafanadal.quelinka.es\/ca\/\",\"logo\":{\"@type\":\"ImageObject\",\"inLanguage\":\"ca\",\"@id\":\"https:\/\/fundacionrafanadal.quelinka.es\/ca\/#\/schema\/logo\/image\/\",\"url\":\"https:\/\/fundacionrafanadal.quelinka.es\/wp-content\/uploads\/2022\/09\/logo-frn-web-3.png\",\"contentUrl\":\"https:\/\/fundacionrafanadal.quelinka.es\/wp-content\/uploads\/2022\/09\/logo-frn-web-3.png\",\"width\":551,\"height\":140,\"caption\":\"Fundaci\u00f3n Rafa Nadal\"},\"image\":{\"@id\":\"https:\/\/fundacionrafanadal.quelinka.es\/ca\/#\/schema\/logo\/image\/\"}}]}<\/script>\n<!-- \/ Yoast SEO plugin. -->","yoast_head_json":{"title":"Estudis - Fundaci\u00f3n Rafa Nadal","robots":{"index":"noindex","follow":"follow","max-snippet":"max-snippet:-1","max-image-preview":"max-image-preview:large","max-video-preview":"max-video-preview:-1"},"og_locale":"ca_ES","og_type":"article","og_title":"Estudis - Fundaci\u00f3n Rafa Nadal","og_description":"Estudis Estudi &#8220;M\u00e9s Que Tennis&#8221; Aquesta investigaci\u00f3 pret\u00e9n aprofundir en l&#8217;impacte de l&#8217;esport en el benestar de les persones amb discapacitat intel\u00b7lectual. S&#8217;ha realitzat un estudi de cas del projecte &#8220;M\u00e9s Que Tennis&#8221;. Des del 2010, aquest projecte ha operat a trav\u00e9s de m\u00e9s de 25 escoles a tot el territori nacional, amb l&#8217;objectiu de [&hellip;]","og_url":"https:\/\/fundacionrafanadal.quelinka.es\/ca\/estudis\/","og_site_name":"Fundaci\u00f3n Rafa Nadal","article_modified_time":"2024-04-15T10:54:03+00:00","og_image":[{"url":"https:\/\/www.fundacionrafanadal.quelinka.es\/wp-content\/uploads\/2024\/04\/portada_web_estudios-1024x276.jpg","type":"","width":"","height":""}],"twitter_card":"summary_large_image","twitter_misc":{"Temps estimat de lectura":"1 minut"},"schema":{"@context":"https:\/\/schema.org","@graph":[{"@type":"WebPage","@id":"https:\/\/fundacionrafanadal.quelinka.es\/ca\/estudis\/","url":"https:\/\/fundacionrafanadal.quelinka.es\/ca\/estudis\/","name":"Estudis - Fundaci\u00f3n Rafa Nadal","isPartOf":{"@id":"https:\/\/fundacionrafanadal.quelinka.es\/ca\/#website"},"primaryImageOfPage":{"@id":"https:\/\/fundacionrafanadal.quelinka.es\/ca\/estudis\/#primaryimage"},"image":{"@id":"https:\/\/fundacionrafanadal.quelinka.es\/ca\/estudis\/#primaryimage"},"thumbnailUrl":"https:\/\/www.fundacionrafanadal.quelinka.es\/wp-content\/uploads\/2024\/04\/portada_web_estudios-1024x276.jpg","datePublished":"2024-04-15T10:10:32+00:00","dateModified":"2024-04-15T10:54:03+00:00","breadcrumb":{"@id":"https:\/\/fundacionrafanadal.quelinka.es\/ca\/estudis\/#breadcrumb"},"inLanguage":"ca","potentialAction":[{"@type":"ReadAction","target":["https:\/\/fundacionrafanadal.quelinka.es\/ca\/estudis\/"]}]},{"@type":"ImageObject","inLanguage":"ca","@id":"https:\/\/fundacionrafanadal.quelinka.es\/ca\/estudis\/#primaryimage","url":"https:\/\/www.fundacionrafanadal.quelinka.es\/wp-content\/uploads\/2024\/04\/portada_web_estudios-1024x276.jpg","contentUrl":"https:\/\/www.fundacionrafanadal.quelinka.es\/wp-content\/uploads\/2024\/04\/portada_web_estudios-1024x276.jpg"},{"@type":"BreadcrumbList","@id":"https:\/\/fundacionrafanadal.quelinka.es\/ca\/estudis\/#breadcrumb","itemListElement":[{"@type":"ListItem","position":1,"name":"Portada","item":"https:\/\/fundacionrafanadal.quelinka.es\/ca\/"},{"@type":"ListItem","position":2,"name":"Estudis"}]},{"@type":"WebSite","@id":"https:\/\/fundacionrafanadal.quelinka.es\/ca\/#website","url":"https:\/\/fundacionrafanadal.quelinka.es\/ca\/","name":"Fundaci\u00f3n Rafa Nadal","description":"A trav\u00e9s del deporte y la educaci\u00f3n, promovemos la integraci\u00f3n y el desarrollo personal y social de ni\u00f1os y j\u00f3venes. En Espa\u00f1a y la India.","publisher":{"@id":"https:\/\/fundacionrafanadal.quelinka.es\/ca\/#organization"},"potentialAction":[{"@type":"SearchAction","target":{"@type":"EntryPoint","urlTemplate":"https:\/\/fundacionrafanadal.quelinka.es\/ca\/?s={search_term_string}"},"query-input":{"@type":"PropertyValueSpecification","valueRequired":true,"valueName":"search_term_string"}}],"inLanguage":"ca"},{"@type":"Organization","@id":"https:\/\/fundacionrafanadal.quelinka.es\/ca\/#organization","name":"Fundaci\u00f3n Rafa Nadal","url":"https:\/\/fundacionrafanadal.quelinka.es\/ca\/","logo":{"@type":"ImageObject","inLanguage":"ca","@id":"https:\/\/fundacionrafanadal.quelinka.es\/ca\/#\/schema\/logo\/image\/","url":"https:\/\/fundacionrafanadal.quelinka.es\/wp-content\/uploads\/2022\/09\/logo-frn-web-3.png","contentUrl":"https:\/\/fundacionrafanadal.quelinka.es\/wp-content\/uploads\/2022\/09\/logo-frn-web-3.png","width":551,"height":140,"caption":"Fundaci\u00f3n Rafa Nadal"},"image":{"@id":"https:\/\/fundacionrafanadal.quelinka.es\/ca\/#\/schema\/logo\/image\/"}}]}},"campaignId":"","_links":{"self":[{"href":"https:\/\/fundacionrafanadal.quelinka.es\/ca\/wp-json\/wp\/v2\/pages\/19825","targetHints":{"allow":["GET"]}}],"collection":[{"href":"https:\/\/fundacionrafanadal.quelinka.es\/ca\/wp-json\/wp\/v2\/pages"}],"about":[{"href":"https:\/\/fundacionrafanadal.quelinka.es\/ca\/wp-json\/wp\/v2\/types\/page"}],"author":[{"embeddable":true,"href":"https:\/\/fundacionrafanadal.quelinka.es\/ca\/wp-json\/wp\/v2\/users\/1"}],"replies":[{"embeddable":true,"href":"https:\/\/fundacionrafanadal.quelinka.es\/ca\/wp-json\/wp\/v2\/comments?post=19825"}],"version-history":[{"count":2,"href":"https:\/\/fundacionrafanadal.quelinka.es\/ca\/wp-json\/wp\/v2\/pages\/19825\/revisions"}],"predecessor-version":[{"id":19858,"href":"https:\/\/fundacionrafanadal.quelinka.es\/ca\/wp-json\/wp\/v2\/pages\/19825\/revisions\/19858"}],"wp:attachment":[{"href":"https:\/\/fundacionrafanadal.quelinka.es\/ca\/wp-json\/wp\/v2\/media?parent=19825"}],"curies":[{"name":"wp","href":"https:\/\/api.w.org\/{rel}","templated":true}]}}