{"id":20892,"date":"2024-07-01T10:50:15","date_gmt":"2024-07-01T10:50:15","guid":{"rendered":"https:\/\/www.fundacionrafanadal.org\/?page_id=20892"},"modified":"2024-08-01T12:13:59","modified_gmt":"2024-08-01T12:13:59","slug":"museu","status":"publish","type":"page","link":"https:\/\/fundacionrafanadal.quelinka.es\/ca\/museu\/","title":{"rendered":"MUSEU"},"content":{"rendered":"\n<div class=\"wp-block-media-text alignfull is-stacked-on-mobile cabecera-patronato has-background\" style=\"background-color:#8aa47a\"><figure class=\"wp-block-media-text__media\"><a href=\"https:\/\/www.rafanadalmuseum.com\/?utm_software=adinton&amp;utm_medium=cpc&amp;utm_source=google&amp;utm_campaign=1531101326&amp;utm_term=rafa%20nadal%20museum_b&amp;gad_source=1&amp;gclid=CjwKCAjwp4m0BhBAEiwAsdc4aB1gNMI9EW7AG0Bwn8TLlEY6qxYjYuMEJdV9p9v9NM3uchwLCfVM4hoC788QAvD_BwE\"><img loading=\"lazy\" decoding=\"async\" width=\"612\" height=\"273\" src=\"https:\/\/www.fundacionrafanadal.quelinka.es\/wp-content\/uploads\/2024\/07\/museo.png\" alt=\"\" class=\"wp-image-20856 size-full\" srcset=\"https:\/\/fundacionrafanadal.quelinka.es\/wp-content\/uploads\/2024\/07\/museo.png 612w, https:\/\/fundacionrafanadal.quelinka.es\/wp-content\/uploads\/2024\/07\/museo-300x134.png 300w\" sizes=\"auto, (max-width: 612px) 100vw, 612px\" \/><\/a><\/figure><div class=\"wp-block-media-text__content\">\n<h2 class=\"wp-block-heading has-ast-global-color-5-color has-text-color has-large-font-size\"><strong>GR\u00c0CIES PER COL\u00b7LABORAR!<\/strong><\/h2>\n\n\n\n<p class=\"has-ast-global-color-5-color has-text-color\"><strong>El 5% del preu de la teva  entrada al <a href=\"https:\/\/www.rafanadalmuseum.com\/?utm_software=adinton&amp;utm_medium=cpc&amp;utm_source=google&amp;utm_campaign=1531101326&amp;utm_term=rafa%20nadal%20museum_b&amp;gad_source=1&amp;gclid=CjwKCAjwp4m0BhBAEiwAsdc4aB1gNMI9EW7AG0Bwn8TLlEY6qxYjYuMEJdV9p9v9NM3uchwLCfVM4hoC788QAvD_BwE\">Rafa Nadal Museum<\/a> es destina als nostres cinc projectes actius a Espanya i l&#8217;\u00cdndia. <\/strong><em>Creiem en el poder transformador de l&#8217;esport.<\/em><\/p>\n<\/div><\/div>\n\n\n\n<div class=\"wp-block-columns alignfull are-vertically-aligned-center has-ast-global-color-4-background-color has-background is-layout-flex wp-container-core-columns-is-layout-28f84493 wp-block-columns-is-layout-flex\">\n<div class=\"wp-block-column is-vertically-aligned-center is-layout-flow wp-block-column-is-layout-flow\">\n<h2 class=\"wp-block-heading has-text-align-left has-ast-global-color-8-color has-text-color has-link-color has-medium-font-size wp-elements-36ca08b1b7fb9db83bcb0b044bcbf4ff\"><strong><strong>INSCRIU-TE A LA NOSTRA NEWSLETTER I ENTERA&#8217;T DE TOT ELS QUE FEM EN ELS PROJECTES<\/strong><\/strong><\/h2>\n\n\n<script>(function() {\n\twindow.mc4wp = window.mc4wp || {\n\t\tlisteners: [],\n\t\tforms: {\n\t\t\ton: function(evt, cb) {\n\t\t\t\twindow.mc4wp.listeners.push(\n\t\t\t\t\t{\n\t\t\t\t\t\tevent   : evt,\n\t\t\t\t\t\tcallback: cb\n\t\t\t\t\t}\n\t\t\t\t);\n\t\t\t}\n\t\t}\n\t}\n})();\n<\/script><!-- Mailchimp for WordPress v4.10.9 - https:\/\/wordpress.org\/plugins\/mailchimp-for-wp\/ --><form id=\"mc4wp-form-1\" class=\"mc4wp-form mc4wp-form-9311\" method=\"post\" data-id=\"9311\" data-name=\"Subscripcion FRN\" ><div class=\"mc4wp-form-fields\"><p>\r\n    <label>Nom: <\/label><br>\r\n    <input type=\"text\" name=\"FNAME\">\r\n<\/p>\r\n<p>\r\n    <label>Cognoms: <\/label><br>\r\n    <input type=\"text\" name=\"LNAME\">\r\n<\/p>\r\n<p>\r\n  <label>Email *: <\/label><br>\r\n<input type=\"email\" name=\"EMAIL\" required \/>\r\n<\/p>\r\n<!--<p>\r\n    <label>Direcci\u00f3: <\/label><br>\r\n    <input type=\"text\" name=\"ADDRESS[addr1]\">\r\n<\/p>-->\r\n<p>\r\n    <label>Tel\u00e8fon: <\/label><br>\r\n    <input type=\"tel\" name=\"PHONE\">\r\n<\/p>\r\n<p>\r\n    <label>Data neixement: <\/label><br>\r\n    <input type=\"text\" name=\"BIRTHDAY\" placeholder=\"mm\/dd\">\r\n<\/p>\r\n\r\n<p>\r\n<input type=\"submit\" value=\">>\" \/>\r\n<\/p><\/div><label style=\"display: none !important;\">Leave this field empty if you're human: <input type=\"text\" name=\"_mc4wp_honeypot\" value=\"\" tabindex=\"-1\" autocomplete=\"off\" \/><\/label><input type=\"hidden\" name=\"_mc4wp_timestamp\" value=\"1776143137\" \/><input type=\"hidden\" name=\"_mc4wp_form_id\" value=\"9311\" \/><input type=\"hidden\" name=\"_mc4wp_form_element_id\" value=\"mc4wp-form-1\" \/><div class=\"mc4wp-response\"><\/div><\/form><!-- \/ Mailchimp for WordPress Plugin -->\n<\/div>\n<\/div>\n\n\n\n<div style=\"height:36px\" aria-hidden=\"true\" class=\"wp-block-spacer\"><\/div>\n\n\n\n<h2 class=\"wp-block-heading has-text-align-center has-ast-global-color-8-color has-text-color has-link-color has-large-font-size wp-elements-f5c8e84c00cc96b485ffa4add537da54\"><strong>Projectes<\/strong><\/h2>\n\n\n\n<div class=\"wp-block-media-text alignfull has-media-on-the-right is-stacked-on-mobile is-image-fill proy-blck-cfrn has-ast-global-color-8-background-color has-background\" style=\"grid-template-columns:auto 62%\"><div class=\"wp-block-media-text__content\">\n<p class=\"has-ast-global-color-5-color has-text-color has-medium-font-size\"><a href=\"https:\/\/www.fundacionrafanadal.quelinka.es\/ca\/que-fem\/projectes\/centres-fundacio-rafa-nadal\/\">Centres Fundaci\u00f3n Rafa Nadal<\/a><\/p>\n<\/div><figure class=\"wp-block-media-text__media\" style=\"background-image:url(https:\/\/www.fundacionrafanadal.quelinka.es\/wp-content\/uploads\/2024\/04\/CFRN_portad.jpg);background-position:50% 50%\"><a href=\"https:\/\/www.fundacionrafanadal.quelinka.es\/que-hacemos\/proyectos\/centros-fundacion-rafa-nadal\/\"><img loading=\"lazy\" decoding=\"async\" width=\"1000\" height=\"512\" src=\"https:\/\/www.fundacionrafanadal.quelinka.es\/wp-content\/uploads\/2024\/04\/CFRN_portad.jpg\" alt=\"\" class=\"wp-image-19789 size-full\" srcset=\"https:\/\/fundacionrafanadal.quelinka.es\/wp-content\/uploads\/2024\/04\/CFRN_portad.jpg 1000w, https:\/\/fundacionrafanadal.quelinka.es\/wp-content\/uploads\/2024\/04\/CFRN_portad-300x154.jpg 300w, https:\/\/fundacionrafanadal.quelinka.es\/wp-content\/uploads\/2024\/04\/CFRN_portad-768x393.jpg 768w\" sizes=\"auto, (max-width: 1000px) 100vw, 1000px\" \/><\/a><\/figure><\/div>\n\n\n\n<div class=\"wp-block-media-text alignfull is-stacked-on-mobile is-image-fill proy-blck-nets\" style=\"grid-template-columns:62% auto\"><figure class=\"wp-block-media-text__media\" style=\"background-image:url(https:\/\/www.fundacionrafanadal.quelinka.es\/wp-content\/uploads\/2022\/07\/IMG_7655.jpg);background-position:49% 25%\"><a href=\"https:\/\/www.fundacionrafanadal.quelinka.es\/que-hacemos\/proyectos\/nets\/\"><img loading=\"lazy\" decoding=\"async\" width=\"1000\" height=\"515\" src=\"https:\/\/www.fundacionrafanadal.quelinka.es\/wp-content\/uploads\/2022\/07\/IMG_7655.jpg\" alt=\"\" class=\"wp-image-9805 size-full\" srcset=\"https:\/\/fundacionrafanadal.quelinka.es\/wp-content\/uploads\/2022\/07\/IMG_7655.jpg 1000w, https:\/\/fundacionrafanadal.quelinka.es\/wp-content\/uploads\/2022\/07\/IMG_7655-300x155.jpg 300w, https:\/\/fundacionrafanadal.quelinka.es\/wp-content\/uploads\/2022\/07\/IMG_7655-768x396.jpg 768w\" sizes=\"auto, (max-width: 1000px) 100vw, 1000px\" \/><\/a><\/figure><div class=\"wp-block-media-text__content\">\n<p class=\"has-text-align-right has-ast-global-color-8-color has-text-color has-medium-font-size\"><a href=\"https:\/\/www.fundacionrafanadal.quelinka.es\/ca\/que-fem\/projectes\/nets\/\">Nadal Educational Tennis School<\/a><\/p>\n<\/div><\/div>\n\n\n\n<div class=\"wp-block-media-text alignfull has-media-on-the-right is-stacked-on-mobile is-image-fill proy-blck-cfrn has-ast-global-color-8-background-color has-background\" style=\"grid-template-columns:auto 62%\"><div class=\"wp-block-media-text__content\">\n<p class=\"has-ast-global-color-5-color has-text-color has-medium-font-size\"><a href=\"https:\/\/www.fundacionrafanadal.quelinka.es\/ca\/que-fem\/projectes\/mes-que-tenis\/\">M\u00e1s Que Tenis<\/a><\/p>\n<\/div><figure class=\"wp-block-media-text__media\" style=\"background-image:url(https:\/\/www.fundacionrafanadal.quelinka.es\/wp-content\/uploads\/2022\/07\/ISM09311-1024x525.jpg);background-position:50% 50%\"><a href=\"https:\/\/www.fundacionrafanadal.quelinka.es\/que-hacemos\/proyectos\/mas-que-tenis\/\"><img loading=\"lazy\" decoding=\"async\" width=\"1024\" height=\"525\" src=\"https:\/\/www.fundacionrafanadal.quelinka.es\/wp-content\/uploads\/2022\/07\/ISM09311-1024x525.jpg\" alt=\"\" class=\"wp-image-9799 size-full\" srcset=\"https:\/\/fundacionrafanadal.quelinka.es\/wp-content\/uploads\/2022\/07\/ISM09311-1024x525.jpg 1024w, https:\/\/fundacionrafanadal.quelinka.es\/wp-content\/uploads\/2022\/07\/ISM09311-300x154.jpg 300w, https:\/\/fundacionrafanadal.quelinka.es\/wp-content\/uploads\/2022\/07\/ISM09311-768x394.jpg 768w, https:\/\/fundacionrafanadal.quelinka.es\/wp-content\/uploads\/2022\/07\/ISM09311.jpg 1210w\" sizes=\"auto, (max-width: 1024px) 100vw, 1024px\" \/><\/a><\/figure><\/div>\n\n\n\n<div class=\"wp-block-media-text alignfull is-stacked-on-mobile is-image-fill proy-blck-nets\" style=\"grid-template-columns:62% auto\"><figure class=\"wp-block-media-text__media\" style=\"background-image:url(https:\/\/www.fundacionrafanadal.quelinka.es\/wp-content\/uploads\/2022\/07\/Mariona-Segales-2-1024x525.jpg);background-position:57% 0%\"><a href=\"https:\/\/www.fundacionrafanadal.quelinka.es\/que-hacemos\/proyectos\/studyplay\/\"><img loading=\"lazy\" decoding=\"async\" width=\"1024\" height=\"525\" src=\"https:\/\/www.fundacionrafanadal.quelinka.es\/wp-content\/uploads\/2022\/07\/Mariona-Segales-2-1024x525.jpg\" alt=\"\" class=\"wp-image-9808 size-full\" srcset=\"https:\/\/fundacionrafanadal.quelinka.es\/wp-content\/uploads\/2022\/07\/Mariona-Segales-2-1024x525.jpg 1024w, https:\/\/fundacionrafanadal.quelinka.es\/wp-content\/uploads\/2022\/07\/Mariona-Segales-2-300x154.jpg 300w, https:\/\/fundacionrafanadal.quelinka.es\/wp-content\/uploads\/2022\/07\/Mariona-Segales-2-768x394.jpg 768w, https:\/\/fundacionrafanadal.quelinka.es\/wp-content\/uploads\/2022\/07\/Mariona-Segales-2.jpg 1210w\" sizes=\"auto, (max-width: 1024px) 100vw, 1024px\" \/><\/a><\/figure><div class=\"wp-block-media-text__content\">\n<p class=\"has-text-align-right has-ast-global-color-8-color has-text-color has-medium-font-size\"><a href=\"https:\/\/www.fundacionrafanadal.quelinka.es\/ca\/que-fem\/projectes\/studyplay\/\">Study and Play<\/a><\/p>\n<\/div><\/div>\n\n\n\n<div class=\"wp-block-media-text alignfull has-media-on-the-right is-stacked-on-mobile is-image-fill proy-blck-cfrn has-ast-global-color-8-background-color has-background\" style=\"grid-template-columns:auto 62%\"><div class=\"wp-block-media-text__content\">\n<p class=\"has-ast-global-color-5-color has-text-color has-medium-font-size\"><a href=\"https:\/\/www.fundacionrafanadal.quelinka.es\/ca\/que-fem\/projectes\/play-all\/\">Play All<\/a><\/p>\n<\/div><figure class=\"wp-block-media-text__media\" style=\"background-image:url(https:\/\/www.fundacionrafanadal.quelinka.es\/wp-content\/uploads\/2022\/11\/portada_proyectos_PlayAll-1024x522.jpg);background-position:50% 50%\"><a href=\"https:\/\/www.fundacionrafanadal.quelinka.es\/que-hacemos\/proyectos\/mas-que-tenis\/\"><img loading=\"lazy\" decoding=\"async\" width=\"1024\" height=\"522\" src=\"https:\/\/www.fundacionrafanadal.quelinka.es\/wp-content\/uploads\/2022\/11\/portada_proyectos_PlayAll-1024x522.jpg\" alt=\"\" class=\"wp-image-14454 size-full\" srcset=\"https:\/\/fundacionrafanadal.quelinka.es\/wp-content\/uploads\/2022\/11\/portada_proyectos_PlayAll-1024x522.jpg 1024w, https:\/\/fundacionrafanadal.quelinka.es\/wp-content\/uploads\/2022\/11\/portada_proyectos_PlayAll-300x153.jpg 300w, https:\/\/fundacionrafanadal.quelinka.es\/wp-content\/uploads\/2022\/11\/portada_proyectos_PlayAll-768x392.jpg 768w, https:\/\/fundacionrafanadal.quelinka.es\/wp-content\/uploads\/2022\/11\/portada_proyectos_PlayAll.jpg 1210w\" sizes=\"auto, (max-width: 1024px) 100vw, 1024px\" \/><\/a><\/figure><\/div>\n","protected":false},"excerpt":{"rendered":"<p>GR\u00c0CIES PER COL\u00b7LABORAR! El 5% del preu de la teva entrada al Rafa Nadal Museum es destina als nostres cinc projectes actius a Espanya i l&#8217;\u00cdndia. Creiem en el poder transformador de l&#8217;esport. INSCRIU-TE A LA NOSTRA NEWSLETTER I ENTERA&#8217;T DE TOT ELS QUE FEM EN ELS PROJECTES Projectes Centres Fundaci\u00f3n Rafa Nadal Nadal Educational [&hellip;]<\/p>\n","protected":false},"author":1,"featured_media":0,"parent":0,"menu_order":0,"comment_status":"closed","ping_status":"closed","template":"","meta":{"_acf_changed":false,"give_campaign_id":0,"_monsterinsights_skip_tracking":false,"_monsterinsights_sitenote_active":false,"_monsterinsights_sitenote_note":"","_monsterinsights_sitenote_category":0,"site-sidebar-layout":"default","site-content-layout":"","ast-site-content-layout":"default","site-content-style":"default","site-sidebar-style":"default","ast-global-header-display":"","ast-banner-title-visibility":"","ast-main-header-display":"","ast-hfb-above-header-display":"","ast-hfb-below-header-display":"","ast-hfb-mobile-header-display":"","site-post-title":"disabled","ast-breadcrumbs-content":"","ast-featured-img":"","footer-sml-layout":"","ast-disable-related-posts":"","theme-transparent-header-meta":"","adv-header-id-meta":"","stick-header-meta":"","header-above-stick-meta":"","header-main-stick-meta":"","header-below-stick-meta":"","astra-migrate-meta-layouts":"set","ast-page-background-enabled":"default","ast-page-background-meta":{"desktop":{"background-color":"var(--ast-global-color-4)","background-image":"","background-repeat":"repeat","background-position":"center center","background-size":"auto","background-attachment":"scroll","background-type":"","background-media":"","overlay-type":"","overlay-color":"","overlay-opacity":"","overlay-gradient":""},"tablet":{"background-color":"","background-image":"","background-repeat":"repeat","background-position":"center center","background-size":"auto","background-attachment":"scroll","background-type":"","background-media":"","overlay-type":"","overlay-color":"","overlay-opacity":"","overlay-gradient":""},"mobile":{"background-color":"","background-image":"","background-repeat":"repeat","background-position":"center center","background-size":"auto","background-attachment":"scroll","background-type":"","background-media":"","overlay-type":"","overlay-color":"","overlay-opacity":"","overlay-gradient":""}},"ast-content-background-meta":{"desktop":{"background-color":"var(--ast-global-color-5)","background-image":"","background-repeat":"repeat","background-position":"center center","background-size":"auto","background-attachment":"scroll","background-type":"","background-media":"","overlay-type":"","overlay-color":"","overlay-opacity":"","overlay-gradient":""},"tablet":{"background-color":"var(--ast-global-color-5)","background-image":"","background-repeat":"repeat","background-position":"center center","background-size":"auto","background-attachment":"scroll","background-type":"","background-media":"","overlay-type":"","overlay-color":"","overlay-opacity":"","overlay-gradient":""},"mobile":{"background-color":"var(--ast-global-color-5)","background-image":"","background-repeat":"repeat","background-position":"center center","background-size":"auto","background-attachment":"scroll","background-type":"","background-media":"","overlay-type":"","overlay-color":"","overlay-opacity":"","overlay-gradient":""}},"_themeisle_gutenberg_block_has_review":false,"footnotes":""},"class_list":["post-20892","page","type-page","status-publish","hentry"],"acf":[],"yoast_head":"<!-- This site is optimized with the Yoast SEO plugin v26.8 - https:\/\/yoast.com\/product\/yoast-seo-wordpress\/ -->\n<title>MUSEU - Fundaci\u00f3n Rafa Nadal<\/title>\n<meta name=\"robots\" content=\"noindex, follow, max-snippet:-1, max-image-preview:large, max-video-preview:-1\" \/>\n<meta property=\"og:locale\" content=\"ca_ES\" \/>\n<meta property=\"og:type\" content=\"article\" \/>\n<meta property=\"og:title\" content=\"MUSEU - Fundaci\u00f3n Rafa Nadal\" \/>\n<meta property=\"og:description\" content=\"GR\u00c0CIES PER COL\u00b7LABORAR! El 5% del preu de la teva entrada al Rafa Nadal Museum es destina als nostres cinc projectes actius a Espanya i l&#8217;\u00cdndia. Creiem en el poder transformador de l&#8217;esport. INSCRIU-TE A LA NOSTRA NEWSLETTER I ENTERA&#8217;T DE TOT ELS QUE FEM EN ELS PROJECTES Projectes Centres Fundaci\u00f3n Rafa Nadal Nadal Educational [&hellip;]\" \/>\n<meta property=\"og:url\" content=\"https:\/\/fundacionrafanadal.quelinka.es\/ca\/museu\/\" \/>\n<meta property=\"og:site_name\" content=\"Fundaci\u00f3n Rafa Nadal\" \/>\n<meta property=\"article:modified_time\" content=\"2024-08-01T12:13:59+00:00\" \/>\n<meta property=\"og:image\" content=\"https:\/\/www.fundacionrafanadal.quelinka.es\/wp-content\/uploads\/2024\/07\/museo.png\" \/>\n<meta name=\"twitter:card\" content=\"summary_large_image\" \/>\n<meta name=\"twitter:label1\" content=\"Temps estimat de lectura\" \/>\n\t<meta name=\"twitter:data1\" content=\"2 minuts\" \/>\n<script type=\"application\/ld+json\" class=\"yoast-schema-graph\">{\"@context\":\"https:\/\/schema.org\",\"@graph\":[{\"@type\":\"WebPage\",\"@id\":\"https:\/\/fundacionrafanadal.quelinka.es\/ca\/museu\/\",\"url\":\"https:\/\/fundacionrafanadal.quelinka.es\/ca\/museu\/\",\"name\":\"MUSEU - Fundaci\u00f3n Rafa Nadal\",\"isPartOf\":{\"@id\":\"https:\/\/fundacionrafanadal.quelinka.es\/ca\/#website\"},\"primaryImageOfPage\":{\"@id\":\"https:\/\/fundacionrafanadal.quelinka.es\/ca\/museu\/#primaryimage\"},\"image\":{\"@id\":\"https:\/\/fundacionrafanadal.quelinka.es\/ca\/museu\/#primaryimage\"},\"thumbnailUrl\":\"https:\/\/www.fundacionrafanadal.quelinka.es\/wp-content\/uploads\/2024\/07\/museo.png\",\"datePublished\":\"2024-07-01T10:50:15+00:00\",\"dateModified\":\"2024-08-01T12:13:59+00:00\",\"breadcrumb\":{\"@id\":\"https:\/\/fundacionrafanadal.quelinka.es\/ca\/museu\/#breadcrumb\"},\"inLanguage\":\"ca\",\"potentialAction\":[{\"@type\":\"ReadAction\",\"target\":[\"https:\/\/fundacionrafanadal.quelinka.es\/ca\/museu\/\"]}]},{\"@type\":\"ImageObject\",\"inLanguage\":\"ca\",\"@id\":\"https:\/\/fundacionrafanadal.quelinka.es\/ca\/museu\/#primaryimage\",\"url\":\"https:\/\/www.fundacionrafanadal.quelinka.es\/wp-content\/uploads\/2024\/07\/museo.png\",\"contentUrl\":\"https:\/\/www.fundacionrafanadal.quelinka.es\/wp-content\/uploads\/2024\/07\/museo.png\"},{\"@type\":\"BreadcrumbList\",\"@id\":\"https:\/\/fundacionrafanadal.quelinka.es\/ca\/museu\/#breadcrumb\",\"itemListElement\":[{\"@type\":\"ListItem\",\"position\":1,\"name\":\"Portada\",\"item\":\"https:\/\/fundacionrafanadal.quelinka.es\/ca\/\"},{\"@type\":\"ListItem\",\"position\":2,\"name\":\"MUSEU\"}]},{\"@type\":\"WebSite\",\"@id\":\"https:\/\/fundacionrafanadal.quelinka.es\/ca\/#website\",\"url\":\"https:\/\/fundacionrafanadal.quelinka.es\/ca\/\",\"name\":\"Fundaci\u00f3n Rafa Nadal\",\"description\":\"A trav\u00e9s del deporte y la educaci\u00f3n, promovemos la integraci\u00f3n y el desarrollo personal y social de ni\u00f1os y j\u00f3venes. En Espa\u00f1a y la India.\",\"publisher\":{\"@id\":\"https:\/\/fundacionrafanadal.quelinka.es\/ca\/#organization\"},\"potentialAction\":[{\"@type\":\"SearchAction\",\"target\":{\"@type\":\"EntryPoint\",\"urlTemplate\":\"https:\/\/fundacionrafanadal.quelinka.es\/ca\/?s={search_term_string}\"},\"query-input\":{\"@type\":\"PropertyValueSpecification\",\"valueRequired\":true,\"valueName\":\"search_term_string\"}}],\"inLanguage\":\"ca\"},{\"@type\":\"Organization\",\"@id\":\"https:\/\/fundacionrafanadal.quelinka.es\/ca\/#organization\",\"name\":\"Fundaci\u00f3n Rafa Nadal\",\"url\":\"https:\/\/fundacionrafanadal.quelinka.es\/ca\/\",\"logo\":{\"@type\":\"ImageObject\",\"inLanguage\":\"ca\",\"@id\":\"https:\/\/fundacionrafanadal.quelinka.es\/ca\/#\/schema\/logo\/image\/\",\"url\":\"https:\/\/fundacionrafanadal.quelinka.es\/wp-content\/uploads\/2022\/09\/logo-frn-web-3.png\",\"contentUrl\":\"https:\/\/fundacionrafanadal.quelinka.es\/wp-content\/uploads\/2022\/09\/logo-frn-web-3.png\",\"width\":551,\"height\":140,\"caption\":\"Fundaci\u00f3n Rafa Nadal\"},\"image\":{\"@id\":\"https:\/\/fundacionrafanadal.quelinka.es\/ca\/#\/schema\/logo\/image\/\"}}]}<\/script>\n<!-- \/ Yoast SEO plugin. -->","yoast_head_json":{"title":"MUSEU - Fundaci\u00f3n Rafa Nadal","robots":{"index":"noindex","follow":"follow","max-snippet":"max-snippet:-1","max-image-preview":"max-image-preview:large","max-video-preview":"max-video-preview:-1"},"og_locale":"ca_ES","og_type":"article","og_title":"MUSEU - Fundaci\u00f3n Rafa Nadal","og_description":"GR\u00c0CIES PER COL\u00b7LABORAR! El 5% del preu de la teva entrada al Rafa Nadal Museum es destina als nostres cinc projectes actius a Espanya i l&#8217;\u00cdndia. Creiem en el poder transformador de l&#8217;esport. INSCRIU-TE A LA NOSTRA NEWSLETTER I ENTERA&#8217;T DE TOT ELS QUE FEM EN ELS PROJECTES Projectes Centres Fundaci\u00f3n Rafa Nadal Nadal Educational [&hellip;]","og_url":"https:\/\/fundacionrafanadal.quelinka.es\/ca\/museu\/","og_site_name":"Fundaci\u00f3n Rafa Nadal","article_modified_time":"2024-08-01T12:13:59+00:00","og_image":[{"url":"https:\/\/www.fundacionrafanadal.quelinka.es\/wp-content\/uploads\/2024\/07\/museo.png","type":"","width":"","height":""}],"twitter_card":"summary_large_image","twitter_misc":{"Temps estimat de lectura":"2 minuts"},"schema":{"@context":"https:\/\/schema.org","@graph":[{"@type":"WebPage","@id":"https:\/\/fundacionrafanadal.quelinka.es\/ca\/museu\/","url":"https:\/\/fundacionrafanadal.quelinka.es\/ca\/museu\/","name":"MUSEU - Fundaci\u00f3n Rafa Nadal","isPartOf":{"@id":"https:\/\/fundacionrafanadal.quelinka.es\/ca\/#website"},"primaryImageOfPage":{"@id":"https:\/\/fundacionrafanadal.quelinka.es\/ca\/museu\/#primaryimage"},"image":{"@id":"https:\/\/fundacionrafanadal.quelinka.es\/ca\/museu\/#primaryimage"},"thumbnailUrl":"https:\/\/www.fundacionrafanadal.quelinka.es\/wp-content\/uploads\/2024\/07\/museo.png","datePublished":"2024-07-01T10:50:15+00:00","dateModified":"2024-08-01T12:13:59+00:00","breadcrumb":{"@id":"https:\/\/fundacionrafanadal.quelinka.es\/ca\/museu\/#breadcrumb"},"inLanguage":"ca","potentialAction":[{"@type":"ReadAction","target":["https:\/\/fundacionrafanadal.quelinka.es\/ca\/museu\/"]}]},{"@type":"ImageObject","inLanguage":"ca","@id":"https:\/\/fundacionrafanadal.quelinka.es\/ca\/museu\/#primaryimage","url":"https:\/\/www.fundacionrafanadal.quelinka.es\/wp-content\/uploads\/2024\/07\/museo.png","contentUrl":"https:\/\/www.fundacionrafanadal.quelinka.es\/wp-content\/uploads\/2024\/07\/museo.png"},{"@type":"BreadcrumbList","@id":"https:\/\/fundacionrafanadal.quelinka.es\/ca\/museu\/#breadcrumb","itemListElement":[{"@type":"ListItem","position":1,"name":"Portada","item":"https:\/\/fundacionrafanadal.quelinka.es\/ca\/"},{"@type":"ListItem","position":2,"name":"MUSEU"}]},{"@type":"WebSite","@id":"https:\/\/fundacionrafanadal.quelinka.es\/ca\/#website","url":"https:\/\/fundacionrafanadal.quelinka.es\/ca\/","name":"Fundaci\u00f3n Rafa Nadal","description":"A trav\u00e9s del deporte y la educaci\u00f3n, promovemos la integraci\u00f3n y el desarrollo personal y social de ni\u00f1os y j\u00f3venes. En Espa\u00f1a y la India.","publisher":{"@id":"https:\/\/fundacionrafanadal.quelinka.es\/ca\/#organization"},"potentialAction":[{"@type":"SearchAction","target":{"@type":"EntryPoint","urlTemplate":"https:\/\/fundacionrafanadal.quelinka.es\/ca\/?s={search_term_string}"},"query-input":{"@type":"PropertyValueSpecification","valueRequired":true,"valueName":"search_term_string"}}],"inLanguage":"ca"},{"@type":"Organization","@id":"https:\/\/fundacionrafanadal.quelinka.es\/ca\/#organization","name":"Fundaci\u00f3n Rafa Nadal","url":"https:\/\/fundacionrafanadal.quelinka.es\/ca\/","logo":{"@type":"ImageObject","inLanguage":"ca","@id":"https:\/\/fundacionrafanadal.quelinka.es\/ca\/#\/schema\/logo\/image\/","url":"https:\/\/fundacionrafanadal.quelinka.es\/wp-content\/uploads\/2022\/09\/logo-frn-web-3.png","contentUrl":"https:\/\/fundacionrafanadal.quelinka.es\/wp-content\/uploads\/2022\/09\/logo-frn-web-3.png","width":551,"height":140,"caption":"Fundaci\u00f3n Rafa Nadal"},"image":{"@id":"https:\/\/fundacionrafanadal.quelinka.es\/ca\/#\/schema\/logo\/image\/"}}]}},"campaignId":"","_links":{"self":[{"href":"https:\/\/fundacionrafanadal.quelinka.es\/ca\/wp-json\/wp\/v2\/pages\/20892","targetHints":{"allow":["GET"]}}],"collection":[{"href":"https:\/\/fundacionrafanadal.quelinka.es\/ca\/wp-json\/wp\/v2\/pages"}],"about":[{"href":"https:\/\/fundacionrafanadal.quelinka.es\/ca\/wp-json\/wp\/v2\/types\/page"}],"author":[{"embeddable":true,"href":"https:\/\/fundacionrafanadal.quelinka.es\/ca\/wp-json\/wp\/v2\/users\/1"}],"replies":[{"embeddable":true,"href":"https:\/\/fundacionrafanadal.quelinka.es\/ca\/wp-json\/wp\/v2\/comments?post=20892"}],"version-history":[{"count":6,"href":"https:\/\/fundacionrafanadal.quelinka.es\/ca\/wp-json\/wp\/v2\/pages\/20892\/revisions"}],"predecessor-version":[{"id":21899,"href":"https:\/\/fundacionrafanadal.quelinka.es\/ca\/wp-json\/wp\/v2\/pages\/20892\/revisions\/21899"}],"wp:attachment":[{"href":"https:\/\/fundacionrafanadal.quelinka.es\/ca\/wp-json\/wp\/v2\/media?parent=20892"}],"curies":[{"name":"wp","href":"https:\/\/api.w.org\/{rel}","templated":true}]}}