{"id":22234,"date":"2024-09-09T12:37:21","date_gmt":"2024-09-09T12:37:21","guid":{"rendered":"https:\/\/www.fundacionrafanadal.org\/?page_id=22234"},"modified":"2024-09-09T12:37:29","modified_gmt":"2024-09-09T12:37:29","slug":"trobada-sobre-el-futur-de-lesport-juvenil-i-la-inclusio-en-lentrenament","status":"publish","type":"page","link":"https:\/\/fundacionrafanadal.quelinka.es\/ca\/coneix-nos\/noticies\/noticies-2024\/trobada-sobre-el-futur-de-lesport-juvenil-i-la-inclusio-en-lentrenament\/","title":{"rendered":"Trobada sobre el Futur de l&#8217;Esport Juvenil i la Inclusi\u00f3 en l&#8217;Entrenament"},"content":{"rendered":"\n<div class=\"wp-block-media-text alignfull is-stacked-on-mobile is-image-fill has-background\" style=\"background-color:#ddac31\"><figure class=\"wp-block-media-text__media\" style=\"background-image:url(https:\/\/www.fundacionrafanadal.quelinka.es\/wp-content\/uploads\/2022\/07\/ISM08879.png);background-position:50% 50%\"><img loading=\"lazy\" decoding=\"async\" width=\"900\" height=\"399\" src=\"https:\/\/www.fundacionrafanadal.quelinka.es\/wp-content\/uploads\/2022\/07\/ISM08879.png\" alt=\"\" class=\"wp-image-9879 size-full\" srcset=\"https:\/\/fundacionrafanadal.quelinka.es\/wp-content\/uploads\/2022\/07\/ISM08879.png 900w, https:\/\/fundacionrafanadal.quelinka.es\/wp-content\/uploads\/2022\/07\/ISM08879-300x133.png 300w, https:\/\/fundacionrafanadal.quelinka.es\/wp-content\/uploads\/2022\/07\/ISM08879-768x340.png 768w\" sizes=\"auto, (max-width: 900px) 100vw, 900px\" \/><\/figure><div class=\"wp-block-media-text__content\">\n<div style=\"height:30px\" aria-hidden=\"true\" class=\"wp-block-spacer\"><\/div>\n\n\n\n<h2 class=\"has-ast-global-color-5-color has-text-color wp-block-heading\" style=\"font-size:48px\"><strong>Not\u00edcies<\/strong><\/h2>\n\n\n\n<div style=\"height:200px\" aria-hidden=\"true\" class=\"wp-block-spacer\"><\/div>\n<\/div><\/div>\n\n\n\n<div style=\"height:50px\" aria-hidden=\"true\" class=\"wp-block-spacer\"><\/div>\n\n\n\n<div class=\"inherit-container-width wp-block-group is-layout-constrained wp-block-group-is-layout-constrained\"><div class=\"wp-block-group__inner-container\">\n<div class=\"inherit-container-width wp-block-group is-layout-constrained wp-block-group-is-layout-constrained\"><div class=\"wp-block-group__inner-container\"><div class=\"wp-block-post-date\"><time datetime=\"2024-09-09T12:37:21+02:00\">9 de setembre de 2024<\/time><\/div>\n\n\n<h2 class=\"wp-block-heading has-medium-font-size\" style=\"text-transform:uppercase\"><strong><strong>TROBADA SOBRE EL FUTUR DE L&#8217;ESPORT JUVENIL I LA INCLUSI\u00d3 EN L&#8217;ENTRENAMENT<\/strong><\/strong><\/h2>\n\n\n\n<figure class=\"wp-block-image alignwide size-full\"><img loading=\"lazy\" decoding=\"async\" width=\"1000\" height=\"800\" src=\"https:\/\/www.fundacionrafanadal.quelinka.es\/wp-content\/uploads\/2024\/09\/IMG_3480.jpg\" alt=\"\" class=\"wp-image-22238\" srcset=\"https:\/\/fundacionrafanadal.quelinka.es\/wp-content\/uploads\/2024\/09\/IMG_3480.jpg 1000w, https:\/\/fundacionrafanadal.quelinka.es\/wp-content\/uploads\/2024\/09\/IMG_3480-300x240.jpg 300w, https:\/\/fundacionrafanadal.quelinka.es\/wp-content\/uploads\/2024\/09\/IMG_3480-768x614.jpg 768w\" sizes=\"auto, (max-width: 1000px) 100vw, 1000px\" \/><\/figure>\n\n\n\n<p>Del 2 al 5 de setembre, Jose Ruiz, subdirector de la Fundaci\u00f3 Rafa Nadal, i Eunate G\u00f3mez, responsable de projectes, van participar a la cimera &#8220;Coach the Dream: Future of Youth Sport&#8221; a Par\u00eds, organitzada per Nike. Aquest esdeveniment va reunir reconeguts experts esportius, l\u00edders comunitaris i entitats internacionals amb l&#8217;objectiu de col\u00b7laborar en estrat\u00e8gies que afrontin els reptes m\u00e9s urgents que avui en dia enfronta l&#8217;esport juvenil.<\/p>\n\n\n\n<p>Es van tractar temes crucials com la necessitat d&#8217;implementar pr\u00e0ctiques d&#8217;entrenament m\u00e9s inclusives, trobar maneres innovadores de millorar l&#8217;acc\u00e9s a l&#8217;esport i l&#8217;activitat f\u00edsica, i garantir la seguretat i el benestar dels joves esportistes.<\/p>\n\n\n\n<p>La cimera va oferir una plataforma essencial per a l&#8217;intercanvi d&#8217;idees, la recerca de solucions creatives i la construcci\u00f3 d&#8217;un futur on tots els joves, independentment del seu origen o situaci\u00f3, puguin accedir a entrenaments esportius inclusius, segurs i de gran qualitat.<\/p>\n\n\n\n<p>Alguns dels ponents van deixar missatges dirigits als entrenadors i t\u00e8cnics esportius amb l&#8217;objectiu d&#8217;aconseguir la m\u00e0xima inclusi\u00f3 en l&#8217;\u00e0mbit esportiu: <em>&#8220;Fes que se sentin benvinguts i benvingudes&#8221;, &#8220;No facis que se sentin diferents&#8221;<\/em> i altres com <em>&#8220;No entrenem b\u00e0squet o futbol, entrenem nens i nenes&#8221;, <\/em>molt en l\u00ednia amb la pol\u00edtica de protecci\u00f3 de la inf\u00e0ncia i l&#8217;adolesc\u00e8ncia amb la qual treballa la Fundaci\u00f3 Rafa Nadal en cadascun dels seus projectes.<\/p>\n\n\n\n<p><\/p>\n\n\n\n<figure class=\"wp-block-gallery has-nested-images columns-default is-cropped wp-block-gallery-1 is-layout-flex wp-block-gallery-is-layout-flex\">\n<figure class=\"wp-block-image size-full\"><img loading=\"lazy\" decoding=\"async\" width=\"1000\" height=\"800\" data-id=\"22252\" src=\"https:\/\/www.fundacionrafanadal.quelinka.es\/wp-content\/uploads\/2024\/09\/002.jpg\" alt=\"\" class=\"wp-image-22252\" srcset=\"https:\/\/fundacionrafanadal.quelinka.es\/wp-content\/uploads\/2024\/09\/002.jpg 1000w, https:\/\/fundacionrafanadal.quelinka.es\/wp-content\/uploads\/2024\/09\/002-300x240.jpg 300w, https:\/\/fundacionrafanadal.quelinka.es\/wp-content\/uploads\/2024\/09\/002-768x614.jpg 768w\" sizes=\"auto, (max-width: 1000px) 100vw, 1000px\" \/><\/figure>\n\n\n\n<figure class=\"wp-block-image\"><img loading=\"lazy\" decoding=\"async\" width=\"1000\" height=\"800\" data-id=\"22243\" src=\"https:\/\/www.fundacionrafanadal.quelinka.es\/wp-content\/uploads\/2024\/09\/IMG_3622.jpg\" alt=\"\" class=\"wp-image-22243\" srcset=\"https:\/\/fundacionrafanadal.quelinka.es\/wp-content\/uploads\/2024\/09\/IMG_3622.jpg 1000w, https:\/\/fundacionrafanadal.quelinka.es\/wp-content\/uploads\/2024\/09\/IMG_3622-300x240.jpg 300w, https:\/\/fundacionrafanadal.quelinka.es\/wp-content\/uploads\/2024\/09\/IMG_3622-768x614.jpg 768w\" sizes=\"auto, (max-width: 1000px) 100vw, 1000px\" \/><\/figure>\n<\/figure>\n\n\n\n<p><strong>Lli\u00e7ons dels Jocs Paral\u00edmpics<\/strong><\/p>\n\n\n\n<p>En el marc de la cimera, els representants de la Fundaci\u00f3 Rafa Nadal tamb\u00e9 van tenir l&#8217;oportunitat d&#8217;assistir a alguns esdeveniments dels Jocs Paral\u00edmpics a Par\u00eds, gr\u00e0cies a la invitaci\u00f3 de Nike. Aquesta experi\u00e8ncia els va oferir una poderosa demostraci\u00f3 de la resili\u00e8ncia i l&#8217;esfor\u00e7 dels atletes que, tot i enfrontar grans barreres, aconsegueixen competir al m\u00e0xim nivell internacional.<\/p>\n\n\n\n<p>Els Jocs Paral\u00edmpics exemplifiquen l&#8217;esperit d&#8217;inclusi\u00f3 que tant la Fundaci\u00f3 com el seu soci, Nike, treballen incansablement per promoure. La participaci\u00f3 de la Fundaci\u00f3 Rafa Nadal a la cimera &#8220;Coach the Dream: Future of Youth Sport&#8221; va reafirmar el seu comprom\u00eds de construir un futur m\u00e9s inclusiu i accessible en l&#8217;\u00e0mbit esportiu. Amb projectes com Play All, la Fundaci\u00f3 continua impulsant iniciatives que promouen la inclusi\u00f3 en l&#8217;esport.<\/p>\n\n\n\n<p><\/p>\n\n\n\n<figure class=\"wp-block-image size-full\"><img loading=\"lazy\" decoding=\"async\" width=\"1000\" height=\"800\" src=\"https:\/\/www.fundacionrafanadal.quelinka.es\/wp-content\/uploads\/2024\/09\/IMG_3669.jpg\" alt=\"\" class=\"wp-image-22246\" srcset=\"https:\/\/fundacionrafanadal.quelinka.es\/wp-content\/uploads\/2024\/09\/IMG_3669.jpg 1000w, https:\/\/fundacionrafanadal.quelinka.es\/wp-content\/uploads\/2024\/09\/IMG_3669-300x240.jpg 300w, https:\/\/fundacionrafanadal.quelinka.es\/wp-content\/uploads\/2024\/09\/IMG_3669-768x614.jpg 768w\" sizes=\"auto, (max-width: 1000px) 100vw, 1000px\" \/><\/figure>\n\n\n\n<p><strong>Projecte Play All de la Fundaci\u00f3 Rafa Nadal i Nike<\/strong><\/p>\n\n\n\n<p>El projecte Play All desenvolupat per la Fundaci\u00f3 Rafa Nadal, amb el suport de Nike, beneficia directament nens, nenes i adolescents d&#8217;entre 6 i 16 anys que es troben en situacions de vulnerabilitat social a la ciutat de Barcelona.<\/p>\n\n\n\n<p>Treballem amb l&#8217;objectiu de proporcionar acc\u00e9s al tennis a aquells menors que dif\u00edcilment podrien practicar aquest esport. Utilitzem aquest esport com a eina de transmissi\u00f3 de quatre valors positius: esportivitat, comprom\u00eds, companyonia i esfor\u00e7.<\/p>\n<\/div><\/div>\n<\/div><\/div>\n","protected":false},"excerpt":{"rendered":"<p>TROBADA SOBRE EL FUTUR DE L&#8217;ESPORT JUVENIL I LA INCLUSI\u00d3 EN L&#8217;ENTRENAMENT Del 2 al 5 de setembre, Jose Ruiz, subdirector de la Fundaci\u00f3 Rafa Nadal, i Eunate G\u00f3mez, responsable de projectes, van participar a la cimera &#8220;Coach the Dream: Future of Youth Sport&#8221; a Par\u00eds, organitzada per Nike. Aquest esdeveniment va reunir reconeguts experts [&hellip;]<\/p>\n","protected":false},"author":1,"featured_media":22238,"parent":18938,"menu_order":-2,"comment_status":"closed","ping_status":"closed","template":"","meta":{"_acf_changed":false,"give_campaign_id":0,"_monsterinsights_skip_tracking":false,"_monsterinsights_sitenote_active":false,"_monsterinsights_sitenote_note":"","_monsterinsights_sitenote_category":0,"site-sidebar-layout":"default","site-content-layout":"","ast-site-content-layout":"default","site-content-style":"default","site-sidebar-style":"default","ast-global-header-display":"","ast-banner-title-visibility":"","ast-main-header-display":"","ast-hfb-above-header-display":"","ast-hfb-below-header-display":"","ast-hfb-mobile-header-display":"","site-post-title":"disabled","ast-breadcrumbs-content":"","ast-featured-img":"disabled","footer-sml-layout":"","ast-disable-related-posts":"","theme-transparent-header-meta":"","adv-header-id-meta":"","stick-header-meta":"","header-above-stick-meta":"","header-main-stick-meta":"","header-below-stick-meta":"","astra-migrate-meta-layouts":"set","ast-page-background-enabled":"default","ast-page-background-meta":{"desktop":{"background-color":"var(--ast-global-color-4)","background-image":"","background-repeat":"repeat","background-position":"center center","background-size":"auto","background-attachment":"scroll","background-type":"","background-media":"","overlay-type":"","overlay-color":"","overlay-opacity":"","overlay-gradient":""},"tablet":{"background-color":"","background-image":"","background-repeat":"repeat","background-position":"center center","background-size":"auto","background-attachment":"scroll","background-type":"","background-media":"","overlay-type":"","overlay-color":"","overlay-opacity":"","overlay-gradient":""},"mobile":{"background-color":"","background-image":"","background-repeat":"repeat","background-position":"center center","background-size":"auto","background-attachment":"scroll","background-type":"","background-media":"","overlay-type":"","overlay-color":"","overlay-opacity":"","overlay-gradient":""}},"ast-content-background-meta":{"desktop":{"background-color":"var(--ast-global-color-5)","background-image":"","background-repeat":"repeat","background-position":"center center","background-size":"auto","background-attachment":"scroll","background-type":"","background-media":"","overlay-type":"","overlay-color":"","overlay-opacity":"","overlay-gradient":""},"tablet":{"background-color":"var(--ast-global-color-5)","background-image":"","background-repeat":"repeat","background-position":"center center","background-size":"auto","background-attachment":"scroll","background-type":"","background-media":"","overlay-type":"","overlay-color":"","overlay-opacity":"","overlay-gradient":""},"mobile":{"background-color":"var(--ast-global-color-5)","background-image":"","background-repeat":"repeat","background-position":"center center","background-size":"auto","background-attachment":"scroll","background-type":"","background-media":"","overlay-type":"","overlay-color":"","overlay-opacity":"","overlay-gradient":""}},"_themeisle_gutenberg_block_has_review":false,"footnotes":""},"class_list":["post-22234","page","type-page","status-publish","has-post-thumbnail","hentry"],"acf":[],"yoast_head":"<!-- This site is optimized with the Yoast SEO plugin v26.8 - https:\/\/yoast.com\/product\/yoast-seo-wordpress\/ -->\n<title>Trobada sobre el Futur de l&#039;Esport Juvenil i la Inclusi\u00f3 en l&#039;Entrenament - Fundaci\u00f3n Rafa Nadal<\/title>\n<meta name=\"robots\" content=\"noindex, follow, max-snippet:-1, max-image-preview:large, max-video-preview:-1\" \/>\n<meta property=\"og:locale\" content=\"ca_ES\" \/>\n<meta property=\"og:type\" content=\"article\" \/>\n<meta property=\"og:title\" content=\"Trobada sobre el Futur de l&#039;Esport Juvenil i la Inclusi\u00f3 en l&#039;Entrenament - Fundaci\u00f3n Rafa Nadal\" \/>\n<meta property=\"og:description\" content=\"TROBADA SOBRE EL FUTUR DE L&#8217;ESPORT JUVENIL I LA INCLUSI\u00d3 EN L&#8217;ENTRENAMENT Del 2 al 5 de setembre, Jose Ruiz, subdirector de la Fundaci\u00f3 Rafa Nadal, i Eunate G\u00f3mez, responsable de projectes, van participar a la cimera &#8220;Coach the Dream: Future of Youth Sport&#8221; a Par\u00eds, organitzada per Nike. Aquest esdeveniment va reunir reconeguts experts [&hellip;]\" \/>\n<meta property=\"og:url\" content=\"https:\/\/fundacionrafanadal.quelinka.es\/ca\/coneix-nos\/noticies\/noticies-2024\/trobada-sobre-el-futur-de-lesport-juvenil-i-la-inclusio-en-lentrenament\/\" \/>\n<meta property=\"og:site_name\" content=\"Fundaci\u00f3n Rafa Nadal\" \/>\n<meta property=\"article:modified_time\" content=\"2024-09-09T12:37:29+00:00\" \/>\n<meta property=\"og:image\" content=\"https:\/\/fundacionrafanadal.quelinka.es\/wp-content\/uploads\/2024\/09\/IMG_3480.jpg\" \/>\n\t<meta property=\"og:image:width\" content=\"1000\" \/>\n\t<meta property=\"og:image:height\" content=\"800\" \/>\n\t<meta property=\"og:image:type\" content=\"image\/jpeg\" \/>\n<meta name=\"twitter:card\" content=\"summary_large_image\" \/>\n<meta name=\"twitter:label1\" content=\"Temps estimat de lectura\" \/>\n\t<meta name=\"twitter:data1\" content=\"4 minuts\" \/>\n<script type=\"application\/ld+json\" class=\"yoast-schema-graph\">{\"@context\":\"https:\/\/schema.org\",\"@graph\":[{\"@type\":\"WebPage\",\"@id\":\"https:\/\/fundacionrafanadal.quelinka.es\/ca\/coneix-nos\/noticies\/noticies-2024\/trobada-sobre-el-futur-de-lesport-juvenil-i-la-inclusio-en-lentrenament\/\",\"url\":\"https:\/\/fundacionrafanadal.quelinka.es\/ca\/coneix-nos\/noticies\/noticies-2024\/trobada-sobre-el-futur-de-lesport-juvenil-i-la-inclusio-en-lentrenament\/\",\"name\":\"Trobada sobre el Futur de l'Esport Juvenil i la Inclusi\u00f3 en l'Entrenament - Fundaci\u00f3n Rafa Nadal\",\"isPartOf\":{\"@id\":\"https:\/\/fundacionrafanadal.quelinka.es\/ca\/#website\"},\"primaryImageOfPage\":{\"@id\":\"https:\/\/fundacionrafanadal.quelinka.es\/ca\/coneix-nos\/noticies\/noticies-2024\/trobada-sobre-el-futur-de-lesport-juvenil-i-la-inclusio-en-lentrenament\/#primaryimage\"},\"image\":{\"@id\":\"https:\/\/fundacionrafanadal.quelinka.es\/ca\/coneix-nos\/noticies\/noticies-2024\/trobada-sobre-el-futur-de-lesport-juvenil-i-la-inclusio-en-lentrenament\/#primaryimage\"},\"thumbnailUrl\":\"https:\/\/fundacionrafanadal.quelinka.es\/wp-content\/uploads\/2024\/09\/IMG_3480.jpg\",\"datePublished\":\"2024-09-09T12:37:21+00:00\",\"dateModified\":\"2024-09-09T12:37:29+00:00\",\"breadcrumb\":{\"@id\":\"https:\/\/fundacionrafanadal.quelinka.es\/ca\/coneix-nos\/noticies\/noticies-2024\/trobada-sobre-el-futur-de-lesport-juvenil-i-la-inclusio-en-lentrenament\/#breadcrumb\"},\"inLanguage\":\"ca\",\"potentialAction\":[{\"@type\":\"ReadAction\",\"target\":[\"https:\/\/fundacionrafanadal.quelinka.es\/ca\/coneix-nos\/noticies\/noticies-2024\/trobada-sobre-el-futur-de-lesport-juvenil-i-la-inclusio-en-lentrenament\/\"]}]},{\"@type\":\"ImageObject\",\"inLanguage\":\"ca\",\"@id\":\"https:\/\/fundacionrafanadal.quelinka.es\/ca\/coneix-nos\/noticies\/noticies-2024\/trobada-sobre-el-futur-de-lesport-juvenil-i-la-inclusio-en-lentrenament\/#primaryimage\",\"url\":\"https:\/\/fundacionrafanadal.quelinka.es\/wp-content\/uploads\/2024\/09\/IMG_3480.jpg\",\"contentUrl\":\"https:\/\/fundacionrafanadal.quelinka.es\/wp-content\/uploads\/2024\/09\/IMG_3480.jpg\",\"width\":1000,\"height\":800},{\"@type\":\"BreadcrumbList\",\"@id\":\"https:\/\/fundacionrafanadal.quelinka.es\/ca\/coneix-nos\/noticies\/noticies-2024\/trobada-sobre-el-futur-de-lesport-juvenil-i-la-inclusio-en-lentrenament\/#breadcrumb\",\"itemListElement\":[{\"@type\":\"ListItem\",\"position\":1,\"name\":\"Portada\",\"item\":\"https:\/\/fundacionrafanadal.quelinka.es\/ca\/\"},{\"@type\":\"ListItem\",\"position\":2,\"name\":\"Coneix-nos\",\"item\":\"https:\/\/fundacionrafanadal.quelinka.es\/ca\/conocenos\/\"},{\"@type\":\"ListItem\",\"position\":3,\"name\":\"Not\u00edcies\",\"item\":\"https:\/\/fundacionrafanadal.quelinka.es\/ca\/conocenos\/noticias\/\"},{\"@type\":\"ListItem\",\"position\":4,\"name\":\"Not\u00edcies 2024\",\"item\":\"https:\/\/fundacionrafanadal.quelinka.es\/ca\/conocenos\/noticias\/noticias-2024\/\"},{\"@type\":\"ListItem\",\"position\":5,\"name\":\"Trobada sobre el Futur de l&#8217;Esport Juvenil i la Inclusi\u00f3 en l&#8217;Entrenament\"}]},{\"@type\":\"WebSite\",\"@id\":\"https:\/\/fundacionrafanadal.quelinka.es\/ca\/#website\",\"url\":\"https:\/\/fundacionrafanadal.quelinka.es\/ca\/\",\"name\":\"Fundaci\u00f3n Rafa Nadal\",\"description\":\"A trav\u00e9s del deporte y la educaci\u00f3n, promovemos la integraci\u00f3n y el desarrollo personal y social de ni\u00f1os y j\u00f3venes. En Espa\u00f1a y la India.\",\"publisher\":{\"@id\":\"https:\/\/fundacionrafanadal.quelinka.es\/ca\/#organization\"},\"potentialAction\":[{\"@type\":\"SearchAction\",\"target\":{\"@type\":\"EntryPoint\",\"urlTemplate\":\"https:\/\/fundacionrafanadal.quelinka.es\/ca\/?s={search_term_string}\"},\"query-input\":{\"@type\":\"PropertyValueSpecification\",\"valueRequired\":true,\"valueName\":\"search_term_string\"}}],\"inLanguage\":\"ca\"},{\"@type\":\"Organization\",\"@id\":\"https:\/\/fundacionrafanadal.quelinka.es\/ca\/#organization\",\"name\":\"Fundaci\u00f3n Rafa Nadal\",\"url\":\"https:\/\/fundacionrafanadal.quelinka.es\/ca\/\",\"logo\":{\"@type\":\"ImageObject\",\"inLanguage\":\"ca\",\"@id\":\"https:\/\/fundacionrafanadal.quelinka.es\/ca\/#\/schema\/logo\/image\/\",\"url\":\"https:\/\/fundacionrafanadal.quelinka.es\/wp-content\/uploads\/2022\/09\/logo-frn-web-3.png\",\"contentUrl\":\"https:\/\/fundacionrafanadal.quelinka.es\/wp-content\/uploads\/2022\/09\/logo-frn-web-3.png\",\"width\":551,\"height\":140,\"caption\":\"Fundaci\u00f3n Rafa Nadal\"},\"image\":{\"@id\":\"https:\/\/fundacionrafanadal.quelinka.es\/ca\/#\/schema\/logo\/image\/\"}}]}<\/script>\n<!-- \/ Yoast SEO plugin. -->","yoast_head_json":{"title":"Trobada sobre el Futur de l'Esport Juvenil i la Inclusi\u00f3 en l'Entrenament - Fundaci\u00f3n Rafa Nadal","robots":{"index":"noindex","follow":"follow","max-snippet":"max-snippet:-1","max-image-preview":"max-image-preview:large","max-video-preview":"max-video-preview:-1"},"og_locale":"ca_ES","og_type":"article","og_title":"Trobada sobre el Futur de l'Esport Juvenil i la Inclusi\u00f3 en l'Entrenament - Fundaci\u00f3n Rafa Nadal","og_description":"TROBADA SOBRE EL FUTUR DE L&#8217;ESPORT JUVENIL I LA INCLUSI\u00d3 EN L&#8217;ENTRENAMENT Del 2 al 5 de setembre, Jose Ruiz, subdirector de la Fundaci\u00f3 Rafa Nadal, i Eunate G\u00f3mez, responsable de projectes, van participar a la cimera &#8220;Coach the Dream: Future of Youth Sport&#8221; a Par\u00eds, organitzada per Nike. Aquest esdeveniment va reunir reconeguts experts [&hellip;]","og_url":"https:\/\/fundacionrafanadal.quelinka.es\/ca\/coneix-nos\/noticies\/noticies-2024\/trobada-sobre-el-futur-de-lesport-juvenil-i-la-inclusio-en-lentrenament\/","og_site_name":"Fundaci\u00f3n Rafa Nadal","article_modified_time":"2024-09-09T12:37:29+00:00","og_image":[{"width":1000,"height":800,"url":"https:\/\/fundacionrafanadal.quelinka.es\/wp-content\/uploads\/2024\/09\/IMG_3480.jpg","type":"image\/jpeg"}],"twitter_card":"summary_large_image","twitter_misc":{"Temps estimat de lectura":"4 minuts"},"schema":{"@context":"https:\/\/schema.org","@graph":[{"@type":"WebPage","@id":"https:\/\/fundacionrafanadal.quelinka.es\/ca\/coneix-nos\/noticies\/noticies-2024\/trobada-sobre-el-futur-de-lesport-juvenil-i-la-inclusio-en-lentrenament\/","url":"https:\/\/fundacionrafanadal.quelinka.es\/ca\/coneix-nos\/noticies\/noticies-2024\/trobada-sobre-el-futur-de-lesport-juvenil-i-la-inclusio-en-lentrenament\/","name":"Trobada sobre el Futur de l'Esport Juvenil i la Inclusi\u00f3 en l'Entrenament - Fundaci\u00f3n Rafa Nadal","isPartOf":{"@id":"https:\/\/fundacionrafanadal.quelinka.es\/ca\/#website"},"primaryImageOfPage":{"@id":"https:\/\/fundacionrafanadal.quelinka.es\/ca\/coneix-nos\/noticies\/noticies-2024\/trobada-sobre-el-futur-de-lesport-juvenil-i-la-inclusio-en-lentrenament\/#primaryimage"},"image":{"@id":"https:\/\/fundacionrafanadal.quelinka.es\/ca\/coneix-nos\/noticies\/noticies-2024\/trobada-sobre-el-futur-de-lesport-juvenil-i-la-inclusio-en-lentrenament\/#primaryimage"},"thumbnailUrl":"https:\/\/fundacionrafanadal.quelinka.es\/wp-content\/uploads\/2024\/09\/IMG_3480.jpg","datePublished":"2024-09-09T12:37:21+00:00","dateModified":"2024-09-09T12:37:29+00:00","breadcrumb":{"@id":"https:\/\/fundacionrafanadal.quelinka.es\/ca\/coneix-nos\/noticies\/noticies-2024\/trobada-sobre-el-futur-de-lesport-juvenil-i-la-inclusio-en-lentrenament\/#breadcrumb"},"inLanguage":"ca","potentialAction":[{"@type":"ReadAction","target":["https:\/\/fundacionrafanadal.quelinka.es\/ca\/coneix-nos\/noticies\/noticies-2024\/trobada-sobre-el-futur-de-lesport-juvenil-i-la-inclusio-en-lentrenament\/"]}]},{"@type":"ImageObject","inLanguage":"ca","@id":"https:\/\/fundacionrafanadal.quelinka.es\/ca\/coneix-nos\/noticies\/noticies-2024\/trobada-sobre-el-futur-de-lesport-juvenil-i-la-inclusio-en-lentrenament\/#primaryimage","url":"https:\/\/fundacionrafanadal.quelinka.es\/wp-content\/uploads\/2024\/09\/IMG_3480.jpg","contentUrl":"https:\/\/fundacionrafanadal.quelinka.es\/wp-content\/uploads\/2024\/09\/IMG_3480.jpg","width":1000,"height":800},{"@type":"BreadcrumbList","@id":"https:\/\/fundacionrafanadal.quelinka.es\/ca\/coneix-nos\/noticies\/noticies-2024\/trobada-sobre-el-futur-de-lesport-juvenil-i-la-inclusio-en-lentrenament\/#breadcrumb","itemListElement":[{"@type":"ListItem","position":1,"name":"Portada","item":"https:\/\/fundacionrafanadal.quelinka.es\/ca\/"},{"@type":"ListItem","position":2,"name":"Coneix-nos","item":"https:\/\/fundacionrafanadal.quelinka.es\/ca\/conocenos\/"},{"@type":"ListItem","position":3,"name":"Not\u00edcies","item":"https:\/\/fundacionrafanadal.quelinka.es\/ca\/conocenos\/noticias\/"},{"@type":"ListItem","position":4,"name":"Not\u00edcies 2024","item":"https:\/\/fundacionrafanadal.quelinka.es\/ca\/conocenos\/noticias\/noticias-2024\/"},{"@type":"ListItem","position":5,"name":"Trobada sobre el Futur de l&#8217;Esport Juvenil i la Inclusi\u00f3 en l&#8217;Entrenament"}]},{"@type":"WebSite","@id":"https:\/\/fundacionrafanadal.quelinka.es\/ca\/#website","url":"https:\/\/fundacionrafanadal.quelinka.es\/ca\/","name":"Fundaci\u00f3n Rafa Nadal","description":"A trav\u00e9s del deporte y la educaci\u00f3n, promovemos la integraci\u00f3n y el desarrollo personal y social de ni\u00f1os y j\u00f3venes. En Espa\u00f1a y la India.","publisher":{"@id":"https:\/\/fundacionrafanadal.quelinka.es\/ca\/#organization"},"potentialAction":[{"@type":"SearchAction","target":{"@type":"EntryPoint","urlTemplate":"https:\/\/fundacionrafanadal.quelinka.es\/ca\/?s={search_term_string}"},"query-input":{"@type":"PropertyValueSpecification","valueRequired":true,"valueName":"search_term_string"}}],"inLanguage":"ca"},{"@type":"Organization","@id":"https:\/\/fundacionrafanadal.quelinka.es\/ca\/#organization","name":"Fundaci\u00f3n Rafa Nadal","url":"https:\/\/fundacionrafanadal.quelinka.es\/ca\/","logo":{"@type":"ImageObject","inLanguage":"ca","@id":"https:\/\/fundacionrafanadal.quelinka.es\/ca\/#\/schema\/logo\/image\/","url":"https:\/\/fundacionrafanadal.quelinka.es\/wp-content\/uploads\/2022\/09\/logo-frn-web-3.png","contentUrl":"https:\/\/fundacionrafanadal.quelinka.es\/wp-content\/uploads\/2022\/09\/logo-frn-web-3.png","width":551,"height":140,"caption":"Fundaci\u00f3n Rafa Nadal"},"image":{"@id":"https:\/\/fundacionrafanadal.quelinka.es\/ca\/#\/schema\/logo\/image\/"}}]}},"campaignId":"","_links":{"self":[{"href":"https:\/\/fundacionrafanadal.quelinka.es\/ca\/wp-json\/wp\/v2\/pages\/22234","targetHints":{"allow":["GET"]}}],"collection":[{"href":"https:\/\/fundacionrafanadal.quelinka.es\/ca\/wp-json\/wp\/v2\/pages"}],"about":[{"href":"https:\/\/fundacionrafanadal.quelinka.es\/ca\/wp-json\/wp\/v2\/types\/page"}],"author":[{"embeddable":true,"href":"https:\/\/fundacionrafanadal.quelinka.es\/ca\/wp-json\/wp\/v2\/users\/1"}],"replies":[{"embeddable":true,"href":"https:\/\/fundacionrafanadal.quelinka.es\/ca\/wp-json\/wp\/v2\/comments?post=22234"}],"version-history":[{"count":2,"href":"https:\/\/fundacionrafanadal.quelinka.es\/ca\/wp-json\/wp\/v2\/pages\/22234\/revisions"}],"predecessor-version":[{"id":22259,"href":"https:\/\/fundacionrafanadal.quelinka.es\/ca\/wp-json\/wp\/v2\/pages\/22234\/revisions\/22259"}],"up":[{"embeddable":true,"href":"https:\/\/fundacionrafanadal.quelinka.es\/ca\/wp-json\/wp\/v2\/pages\/18938"}],"wp:featuredmedia":[{"embeddable":true,"href":"https:\/\/fundacionrafanadal.quelinka.es\/ca\/wp-json\/wp\/v2\/media\/22238"}],"wp:attachment":[{"href":"https:\/\/fundacionrafanadal.quelinka.es\/ca\/wp-json\/wp\/v2\/media?parent=22234"}],"curies":[{"name":"wp","href":"https:\/\/api.w.org\/{rel}","templated":true}]}}