{"id":22939,"date":"2024-10-29T13:22:04","date_gmt":"2024-10-29T13:22:04","guid":{"rendered":"https:\/\/www.fundacionrafanadal.org\/?page_id=22939"},"modified":"2024-10-29T13:22:26","modified_gmt":"2024-10-29T13:22:26","slug":"la-fundacio-rafa-nadal-participa-en-el-congres-esport-en-positiu-de-madrid-reafirmant-el-seu-compromis-amb-la-proteccio-de-la-infancia","status":"publish","type":"page","link":"https:\/\/fundacionrafanadal.quelinka.es\/ca\/coneix-nos\/noticies\/noticies-2024\/la-fundacio-rafa-nadal-participa-en-el-congres-esport-en-positiu-de-madrid-reafirmant-el-seu-compromis-amb-la-proteccio-de-la-infancia\/","title":{"rendered":"La Fundaci\u00f3 Rafa Nadal participa en el Congr\u00e9s &#8220;Esport en Positiu&#8221; de Madrid, reafirmant el seu comprom\u00eds amb la protecci\u00f3 de la infancia"},"content":{"rendered":"\n<div class=\"wp-block-media-text alignfull is-stacked-on-mobile is-image-fill has-background\" style=\"background-color:#ddac31\"><figure class=\"wp-block-media-text__media\" style=\"background-image:url(https:\/\/www.fundacionrafanadal.quelinka.es\/wp-content\/uploads\/2022\/07\/ISM08879.png);background-position:50% 50%\"><img loading=\"lazy\" decoding=\"async\" width=\"900\" height=\"399\" src=\"https:\/\/www.fundacionrafanadal.quelinka.es\/wp-content\/uploads\/2022\/07\/ISM08879.png\" alt=\"\" class=\"wp-image-9879 size-full\" srcset=\"https:\/\/fundacionrafanadal.quelinka.es\/wp-content\/uploads\/2022\/07\/ISM08879.png 900w, https:\/\/fundacionrafanadal.quelinka.es\/wp-content\/uploads\/2022\/07\/ISM08879-300x133.png 300w, https:\/\/fundacionrafanadal.quelinka.es\/wp-content\/uploads\/2022\/07\/ISM08879-768x340.png 768w\" sizes=\"auto, (max-width: 900px) 100vw, 900px\" \/><\/figure><div class=\"wp-block-media-text__content\">\n<div style=\"height:30px\" aria-hidden=\"true\" class=\"wp-block-spacer\"><\/div>\n\n\n\n<h2 class=\"has-ast-global-color-5-color has-text-color wp-block-heading\" style=\"font-size:48px\"><strong>Not\u00edcies<\/strong><\/h2>\n\n\n\n<div style=\"height:200px\" aria-hidden=\"true\" class=\"wp-block-spacer\"><\/div>\n<\/div><\/div>\n\n\n\n<div style=\"height:50px\" aria-hidden=\"true\" class=\"wp-block-spacer\"><\/div>\n\n\n\n<div class=\"inherit-container-width wp-block-group is-layout-constrained wp-block-group-is-layout-constrained\"><div class=\"wp-block-group__inner-container\">\n<div class=\"inherit-container-width wp-block-group is-layout-constrained wp-block-group-is-layout-constrained\"><div class=\"wp-block-group__inner-container\"><div class=\"wp-block-post-date\"><time datetime=\"2024-10-29T13:22:04+02:00\">29 d&#8217;octubre de 2024<\/time><\/div>\n\n\n<h2 class=\"wp-block-heading has-medium-font-size\" style=\"text-transform:uppercase\"><strong><strong>LA FUNDACI\u00d3 RAFA NADAL PARTICIPA EN EL CONGR\u00c9S &#8220;ESPORT EN POSITIU&#8221; DE MADRID, REAFIRMANT EL SEU COMPROM\u00cdS AMB LA PROTECCI\u00d3 DE LA INFANCIA<\/strong><\/strong><\/h2>\n\n\n\n<figure class=\"wp-block-image alignwide size-full\"><img loading=\"lazy\" decoding=\"async\" width=\"2560\" height=\"2044\" src=\"https:\/\/www.fundacionrafanadal.quelinka.es\/wp-content\/uploads\/2024\/10\/IMG_5203-scaled.jpg\" alt=\"\" class=\"wp-image-22942\" srcset=\"https:\/\/fundacionrafanadal.quelinka.es\/wp-content\/uploads\/2024\/10\/IMG_5203-scaled.jpg 2560w, https:\/\/fundacionrafanadal.quelinka.es\/wp-content\/uploads\/2024\/10\/IMG_5203-300x240.jpg 300w, https:\/\/fundacionrafanadal.quelinka.es\/wp-content\/uploads\/2024\/10\/IMG_5203-1024x818.jpg 1024w, https:\/\/fundacionrafanadal.quelinka.es\/wp-content\/uploads\/2024\/10\/IMG_5203-768x613.jpg 768w, https:\/\/fundacionrafanadal.quelinka.es\/wp-content\/uploads\/2024\/10\/IMG_5203-1536x1227.jpg 1536w, https:\/\/fundacionrafanadal.quelinka.es\/wp-content\/uploads\/2024\/10\/IMG_5203-2048x1636.jpg 2048w\" sizes=\"auto, (max-width: 2560px) 100vw, 2560px\" \/><\/figure>\n\n\n\n<p>El dilluns 28 d&#8217;octubre, la Fundaci\u00f3 Rafa Nadal va participar en la primera edici\u00f3 del Congr\u00e9s <em>Esport en Positiu 2024<\/em>, organitzat per Diario AS a Madrid. Aquest innovador esdeveniment va reunir esportistes, experts i entitats compromeses amb el benestar social i el canvi positiu mitjan\u00e7ant l&#8217;esport. El f\u00f2rum, que es va estendre al llarg de tota la jornada, va subratllar el paper transformador de l&#8217;esport en \u00e0mbits crucials com la salut mental, la inclusi\u00f3, el medi ambient i la igualtat d&#8217;oportunitats.<\/p>\n\n\n\n<p>Entre els participants m\u00e9s destacats es trobaven entitats com la Gasol Foundation, que va presentar la seva feina en la lluita contra l&#8217;obesitat infantil i el seu enfocament integral en la salut dels joves, i la Fundaci\u00f3 Calder\u00f3n, amb el mateix Jos\u00e9 Manuel Calder\u00f3n connectat per videotrucada des dels EUA per a presentar projectes en pro del benestar social de la inf\u00e0ncia a trav\u00e9s de l\u2019esport. Tamb\u00e9 van destacar figures inspiradores com les atletes Adi Iglesias, Loida Zabala i Marta Franc\u00e9s, que van compartir les seves experi\u00e8ncies de superaci\u00f3, i la Fundaci\u00f3 Ricky Rubio, amb el seu projecte <em>Winner<\/em> de preparaci\u00f3 f\u00edsica personalitzada i monitoritzada per a pacients amb c\u00e0ncer de pulm\u00f3. Tamb\u00e9 hi va participar Juan Carlos Unzu\u00e9, exesportista i activista pels drets de les persones afectades per l&#8217;ELA, i la Fundaci\u00f3 Blanca, la primera fundaci\u00f3 amb un enfocament \u00edntegre en l\u2019esportista d\u2019elit abans, durant i despr\u00e9s de la seva carrera esportiva.<\/p>\n\n\n\n<p>La Fundaci\u00f3 Rafa Nadal va tenir un paper important amb la seva taula <em>L&#8217;Esport com a Espai Segur<\/em>, on Eunate G\u00f3mez, Responsable de Projectes i de Protecci\u00f3 a la Inf\u00e0ncia, i Yosu\u00e9 Pi\u00f1eiro Santana, treballador social del Centre Fundaci\u00f3 Rafa Nadal a Madrid, van parlar sobre l&#8217;esport com un espai segur i de protecci\u00f3 per a la inf\u00e0ncia. Durant la sessi\u00f3, G\u00f3mez va detallar el comprom\u00eds de la fundaci\u00f3 amb la Llei Org\u00e0nica de Protecci\u00f3 Integral de la Inf\u00e0ncia i l&#8217;Adolesc\u00e8ncia (LOPIVI), que guia la seva tasca de protecci\u00f3 infantil.<\/p>\n\n\n\n<p>A m\u00e9s, Yosu\u00e9 va compartir hist\u00f2ries reals de beneficiaris del Centre Fundaci\u00f3 Rafa Nadal de Madrid per als quals l&#8217;esport ha estat una eina de refugi i suport. Va parlar de casos en qu\u00e8 l&#8217;esport ha servit com a alternativa d&#8217;oci saludable per a menors en risc de ser captats per grups violents o bandes.<\/p>\n\n\n\n<p>Tamb\u00e9 va explicar el cas dels &#8220;nens invisibles&#8221;, aquells que en el seu entorn m\u00e9s proper no es percep cap problem\u00e0tica i que pateixen la seva tristesa en solitud. Per a aquests nens, l&#8217;esport es converteix en un espai on es senten lliures, cuidats i segurs. Des del Centre Fundaci\u00f3 Rafa Nadal es fomenta la confian\u00e7a amb aquests beneficiaris, fent-los sentir importants i ajudant-los a orientar la seva mirada cap a si mateixos.<\/p>\n\n\n\n<h2 class=\"wp-block-heading\"><strong>Tots aquests exemples, i molts m\u00e9s, reafirmen el comprom\u00eds de la Fundaci\u00f3 amb el benestar integral dels nens, nenes i adolescents que participen en els seus programes, utilitzant l&#8217;esport com a motor d&#8217;inclusi\u00f3, protecci\u00f3 i desenvolupament.<\/strong><\/h2>\n<\/div><\/div>\n<\/div><\/div>\n","protected":false},"excerpt":{"rendered":"<p>LA FUNDACI\u00d3 RAFA NADAL PARTICIPA EN EL CONGR\u00c9S &#8220;ESPORT EN POSITIU&#8221; DE MADRID, REAFIRMANT EL SEU COMPROM\u00cdS AMB LA PROTECCI\u00d3 DE LA INFANCIA El dilluns 28 d&#8217;octubre, la Fundaci\u00f3 Rafa Nadal va participar en la primera edici\u00f3 del Congr\u00e9s Esport en Positiu 2024, organitzat per Diario AS a Madrid. Aquest innovador esdeveniment va reunir esportistes, [&hellip;]<\/p>\n","protected":false},"author":14,"featured_media":22942,"parent":18938,"menu_order":-2,"comment_status":"closed","ping_status":"closed","template":"","meta":{"_acf_changed":false,"give_campaign_id":0,"_monsterinsights_skip_tracking":false,"_monsterinsights_sitenote_active":false,"_monsterinsights_sitenote_note":"","_monsterinsights_sitenote_category":0,"site-sidebar-layout":"default","site-content-layout":"","ast-site-content-layout":"default","site-content-style":"default","site-sidebar-style":"default","ast-global-header-display":"","ast-banner-title-visibility":"","ast-main-header-display":"","ast-hfb-above-header-display":"","ast-hfb-below-header-display":"","ast-hfb-mobile-header-display":"","site-post-title":"disabled","ast-breadcrumbs-content":"","ast-featured-img":"disabled","footer-sml-layout":"","ast-disable-related-posts":"","theme-transparent-header-meta":"","adv-header-id-meta":"","stick-header-meta":"","header-above-stick-meta":"","header-main-stick-meta":"","header-below-stick-meta":"","astra-migrate-meta-layouts":"set","ast-page-background-enabled":"default","ast-page-background-meta":{"desktop":{"background-color":"var(--ast-global-color-4)","background-image":"","background-repeat":"repeat","background-position":"center center","background-size":"auto","background-attachment":"scroll","background-type":"","background-media":"","overlay-type":"","overlay-color":"","overlay-opacity":"","overlay-gradient":""},"tablet":{"background-color":"","background-image":"","background-repeat":"repeat","background-position":"center center","background-size":"auto","background-attachment":"scroll","background-type":"","background-media":"","overlay-type":"","overlay-color":"","overlay-opacity":"","overlay-gradient":""},"mobile":{"background-color":"","background-image":"","background-repeat":"repeat","background-position":"center center","background-size":"auto","background-attachment":"scroll","background-type":"","background-media":"","overlay-type":"","overlay-color":"","overlay-opacity":"","overlay-gradient":""}},"ast-content-background-meta":{"desktop":{"background-color":"var(--ast-global-color-5)","background-image":"","background-repeat":"repeat","background-position":"center center","background-size":"auto","background-attachment":"scroll","background-type":"","background-media":"","overlay-type":"","overlay-color":"","overlay-opacity":"","overlay-gradient":""},"tablet":{"background-color":"var(--ast-global-color-5)","background-image":"","background-repeat":"repeat","background-position":"center center","background-size":"auto","background-attachment":"scroll","background-type":"","background-media":"","overlay-type":"","overlay-color":"","overlay-opacity":"","overlay-gradient":""},"mobile":{"background-color":"var(--ast-global-color-5)","background-image":"","background-repeat":"repeat","background-position":"center center","background-size":"auto","background-attachment":"scroll","background-type":"","background-media":"","overlay-type":"","overlay-color":"","overlay-opacity":"","overlay-gradient":""}},"_themeisle_gutenberg_block_has_review":false,"footnotes":""},"class_list":["post-22939","page","type-page","status-publish","has-post-thumbnail","hentry"],"acf":[],"yoast_head":"<!-- This site is optimized with the Yoast SEO plugin v26.8 - https:\/\/yoast.com\/product\/yoast-seo-wordpress\/ -->\n<title>La Fundaci\u00f3 Rafa Nadal participa en el Congr\u00e9s &quot;Esport en Positiu&quot; de Madrid, reafirmant el seu comprom\u00eds amb la protecci\u00f3 de la infancia - Fundaci\u00f3n Rafa Nadal<\/title>\n<meta name=\"robots\" content=\"noindex, follow, max-snippet:-1, max-image-preview:large, max-video-preview:-1\" \/>\n<meta property=\"og:locale\" content=\"ca_ES\" \/>\n<meta property=\"og:type\" content=\"article\" \/>\n<meta property=\"og:title\" content=\"La Fundaci\u00f3 Rafa Nadal participa en el Congr\u00e9s &quot;Esport en Positiu&quot; de Madrid, reafirmant el seu comprom\u00eds amb la protecci\u00f3 de la infancia - Fundaci\u00f3n Rafa Nadal\" \/>\n<meta property=\"og:description\" content=\"LA FUNDACI\u00d3 RAFA NADAL PARTICIPA EN EL CONGR\u00c9S &#8220;ESPORT EN POSITIU&#8221; DE MADRID, REAFIRMANT EL SEU COMPROM\u00cdS AMB LA PROTECCI\u00d3 DE LA INFANCIA El dilluns 28 d&#8217;octubre, la Fundaci\u00f3 Rafa Nadal va participar en la primera edici\u00f3 del Congr\u00e9s Esport en Positiu 2024, organitzat per Diario AS a Madrid. Aquest innovador esdeveniment va reunir esportistes, [&hellip;]\" \/>\n<meta property=\"og:url\" content=\"https:\/\/fundacionrafanadal.quelinka.es\/ca\/coneix-nos\/noticies\/noticies-2024\/la-fundacio-rafa-nadal-participa-en-el-congres-esport-en-positiu-de-madrid-reafirmant-el-seu-compromis-amb-la-proteccio-de-la-infancia\/\" \/>\n<meta property=\"og:site_name\" content=\"Fundaci\u00f3n Rafa Nadal\" \/>\n<meta property=\"article:modified_time\" content=\"2024-10-29T13:22:26+00:00\" \/>\n<meta property=\"og:image\" content=\"https:\/\/fundacionrafanadal.quelinka.es\/wp-content\/uploads\/2024\/10\/IMG_5203-scaled.jpg\" \/>\n\t<meta property=\"og:image:width\" content=\"2560\" \/>\n\t<meta property=\"og:image:height\" content=\"2044\" \/>\n\t<meta property=\"og:image:type\" content=\"image\/jpeg\" \/>\n<meta name=\"twitter:card\" content=\"summary_large_image\" \/>\n<meta name=\"twitter:label1\" content=\"Temps estimat de lectura\" \/>\n\t<meta name=\"twitter:data1\" content=\"3 minuts\" \/>\n<script type=\"application\/ld+json\" class=\"yoast-schema-graph\">{\"@context\":\"https:\/\/schema.org\",\"@graph\":[{\"@type\":\"WebPage\",\"@id\":\"https:\/\/fundacionrafanadal.quelinka.es\/ca\/coneix-nos\/noticies\/noticies-2024\/la-fundacio-rafa-nadal-participa-en-el-congres-esport-en-positiu-de-madrid-reafirmant-el-seu-compromis-amb-la-proteccio-de-la-infancia\/\",\"url\":\"https:\/\/fundacionrafanadal.quelinka.es\/ca\/coneix-nos\/noticies\/noticies-2024\/la-fundacio-rafa-nadal-participa-en-el-congres-esport-en-positiu-de-madrid-reafirmant-el-seu-compromis-amb-la-proteccio-de-la-infancia\/\",\"name\":\"La Fundaci\u00f3 Rafa Nadal participa en el Congr\u00e9s \\\"Esport en Positiu\\\" de Madrid, reafirmant el seu comprom\u00eds amb la protecci\u00f3 de la infancia - Fundaci\u00f3n Rafa Nadal\",\"isPartOf\":{\"@id\":\"https:\/\/fundacionrafanadal.quelinka.es\/ca\/#website\"},\"primaryImageOfPage\":{\"@id\":\"https:\/\/fundacionrafanadal.quelinka.es\/ca\/coneix-nos\/noticies\/noticies-2024\/la-fundacio-rafa-nadal-participa-en-el-congres-esport-en-positiu-de-madrid-reafirmant-el-seu-compromis-amb-la-proteccio-de-la-infancia\/#primaryimage\"},\"image\":{\"@id\":\"https:\/\/fundacionrafanadal.quelinka.es\/ca\/coneix-nos\/noticies\/noticies-2024\/la-fundacio-rafa-nadal-participa-en-el-congres-esport-en-positiu-de-madrid-reafirmant-el-seu-compromis-amb-la-proteccio-de-la-infancia\/#primaryimage\"},\"thumbnailUrl\":\"https:\/\/fundacionrafanadal.quelinka.es\/wp-content\/uploads\/2024\/10\/IMG_5203-scaled.jpg\",\"datePublished\":\"2024-10-29T13:22:04+00:00\",\"dateModified\":\"2024-10-29T13:22:26+00:00\",\"breadcrumb\":{\"@id\":\"https:\/\/fundacionrafanadal.quelinka.es\/ca\/coneix-nos\/noticies\/noticies-2024\/la-fundacio-rafa-nadal-participa-en-el-congres-esport-en-positiu-de-madrid-reafirmant-el-seu-compromis-amb-la-proteccio-de-la-infancia\/#breadcrumb\"},\"inLanguage\":\"ca\",\"potentialAction\":[{\"@type\":\"ReadAction\",\"target\":[\"https:\/\/fundacionrafanadal.quelinka.es\/ca\/coneix-nos\/noticies\/noticies-2024\/la-fundacio-rafa-nadal-participa-en-el-congres-esport-en-positiu-de-madrid-reafirmant-el-seu-compromis-amb-la-proteccio-de-la-infancia\/\"]}]},{\"@type\":\"ImageObject\",\"inLanguage\":\"ca\",\"@id\":\"https:\/\/fundacionrafanadal.quelinka.es\/ca\/coneix-nos\/noticies\/noticies-2024\/la-fundacio-rafa-nadal-participa-en-el-congres-esport-en-positiu-de-madrid-reafirmant-el-seu-compromis-amb-la-proteccio-de-la-infancia\/#primaryimage\",\"url\":\"https:\/\/fundacionrafanadal.quelinka.es\/wp-content\/uploads\/2024\/10\/IMG_5203-scaled.jpg\",\"contentUrl\":\"https:\/\/fundacionrafanadal.quelinka.es\/wp-content\/uploads\/2024\/10\/IMG_5203-scaled.jpg\",\"width\":2560,\"height\":2044},{\"@type\":\"BreadcrumbList\",\"@id\":\"https:\/\/fundacionrafanadal.quelinka.es\/ca\/coneix-nos\/noticies\/noticies-2024\/la-fundacio-rafa-nadal-participa-en-el-congres-esport-en-positiu-de-madrid-reafirmant-el-seu-compromis-amb-la-proteccio-de-la-infancia\/#breadcrumb\",\"itemListElement\":[{\"@type\":\"ListItem\",\"position\":1,\"name\":\"Portada\",\"item\":\"https:\/\/fundacionrafanadal.quelinka.es\/ca\/\"},{\"@type\":\"ListItem\",\"position\":2,\"name\":\"Coneix-nos\",\"item\":\"https:\/\/fundacionrafanadal.quelinka.es\/ca\/conocenos\/\"},{\"@type\":\"ListItem\",\"position\":3,\"name\":\"Not\u00edcies\",\"item\":\"https:\/\/fundacionrafanadal.quelinka.es\/ca\/conocenos\/noticias\/\"},{\"@type\":\"ListItem\",\"position\":4,\"name\":\"Not\u00edcies 2024\",\"item\":\"https:\/\/fundacionrafanadal.quelinka.es\/ca\/conocenos\/noticias\/noticias-2024\/\"},{\"@type\":\"ListItem\",\"position\":5,\"name\":\"La Fundaci\u00f3 Rafa Nadal participa en el Congr\u00e9s &#8220;Esport en Positiu&#8221; de Madrid, reafirmant el seu comprom\u00eds amb la protecci\u00f3 de la infancia\"}]},{\"@type\":\"WebSite\",\"@id\":\"https:\/\/fundacionrafanadal.quelinka.es\/ca\/#website\",\"url\":\"https:\/\/fundacionrafanadal.quelinka.es\/ca\/\",\"name\":\"Fundaci\u00f3n Rafa Nadal\",\"description\":\"A trav\u00e9s del deporte y la educaci\u00f3n, promovemos la integraci\u00f3n y el desarrollo personal y social de ni\u00f1os y j\u00f3venes. En Espa\u00f1a y la India.\",\"publisher\":{\"@id\":\"https:\/\/fundacionrafanadal.quelinka.es\/ca\/#organization\"},\"potentialAction\":[{\"@type\":\"SearchAction\",\"target\":{\"@type\":\"EntryPoint\",\"urlTemplate\":\"https:\/\/fundacionrafanadal.quelinka.es\/ca\/?s={search_term_string}\"},\"query-input\":{\"@type\":\"PropertyValueSpecification\",\"valueRequired\":true,\"valueName\":\"search_term_string\"}}],\"inLanguage\":\"ca\"},{\"@type\":\"Organization\",\"@id\":\"https:\/\/fundacionrafanadal.quelinka.es\/ca\/#organization\",\"name\":\"Fundaci\u00f3n Rafa Nadal\",\"url\":\"https:\/\/fundacionrafanadal.quelinka.es\/ca\/\",\"logo\":{\"@type\":\"ImageObject\",\"inLanguage\":\"ca\",\"@id\":\"https:\/\/fundacionrafanadal.quelinka.es\/ca\/#\/schema\/logo\/image\/\",\"url\":\"https:\/\/fundacionrafanadal.quelinka.es\/wp-content\/uploads\/2022\/09\/logo-frn-web-3.png\",\"contentUrl\":\"https:\/\/fundacionrafanadal.quelinka.es\/wp-content\/uploads\/2022\/09\/logo-frn-web-3.png\",\"width\":551,\"height\":140,\"caption\":\"Fundaci\u00f3n Rafa Nadal\"},\"image\":{\"@id\":\"https:\/\/fundacionrafanadal.quelinka.es\/ca\/#\/schema\/logo\/image\/\"}}]}<\/script>\n<!-- \/ Yoast SEO plugin. -->","yoast_head_json":{"title":"La Fundaci\u00f3 Rafa Nadal participa en el Congr\u00e9s \"Esport en Positiu\" de Madrid, reafirmant el seu comprom\u00eds amb la protecci\u00f3 de la infancia - Fundaci\u00f3n Rafa Nadal","robots":{"index":"noindex","follow":"follow","max-snippet":"max-snippet:-1","max-image-preview":"max-image-preview:large","max-video-preview":"max-video-preview:-1"},"og_locale":"ca_ES","og_type":"article","og_title":"La Fundaci\u00f3 Rafa Nadal participa en el Congr\u00e9s \"Esport en Positiu\" de Madrid, reafirmant el seu comprom\u00eds amb la protecci\u00f3 de la infancia - Fundaci\u00f3n Rafa Nadal","og_description":"LA FUNDACI\u00d3 RAFA NADAL PARTICIPA EN EL CONGR\u00c9S &#8220;ESPORT EN POSITIU&#8221; DE MADRID, REAFIRMANT EL SEU COMPROM\u00cdS AMB LA PROTECCI\u00d3 DE LA INFANCIA El dilluns 28 d&#8217;octubre, la Fundaci\u00f3 Rafa Nadal va participar en la primera edici\u00f3 del Congr\u00e9s Esport en Positiu 2024, organitzat per Diario AS a Madrid. Aquest innovador esdeveniment va reunir esportistes, [&hellip;]","og_url":"https:\/\/fundacionrafanadal.quelinka.es\/ca\/coneix-nos\/noticies\/noticies-2024\/la-fundacio-rafa-nadal-participa-en-el-congres-esport-en-positiu-de-madrid-reafirmant-el-seu-compromis-amb-la-proteccio-de-la-infancia\/","og_site_name":"Fundaci\u00f3n Rafa Nadal","article_modified_time":"2024-10-29T13:22:26+00:00","og_image":[{"width":2560,"height":2044,"url":"https:\/\/fundacionrafanadal.quelinka.es\/wp-content\/uploads\/2024\/10\/IMG_5203-scaled.jpg","type":"image\/jpeg"}],"twitter_card":"summary_large_image","twitter_misc":{"Temps estimat de lectura":"3 minuts"},"schema":{"@context":"https:\/\/schema.org","@graph":[{"@type":"WebPage","@id":"https:\/\/fundacionrafanadal.quelinka.es\/ca\/coneix-nos\/noticies\/noticies-2024\/la-fundacio-rafa-nadal-participa-en-el-congres-esport-en-positiu-de-madrid-reafirmant-el-seu-compromis-amb-la-proteccio-de-la-infancia\/","url":"https:\/\/fundacionrafanadal.quelinka.es\/ca\/coneix-nos\/noticies\/noticies-2024\/la-fundacio-rafa-nadal-participa-en-el-congres-esport-en-positiu-de-madrid-reafirmant-el-seu-compromis-amb-la-proteccio-de-la-infancia\/","name":"La Fundaci\u00f3 Rafa Nadal participa en el Congr\u00e9s \"Esport en Positiu\" de Madrid, reafirmant el seu comprom\u00eds amb la protecci\u00f3 de la infancia - Fundaci\u00f3n Rafa Nadal","isPartOf":{"@id":"https:\/\/fundacionrafanadal.quelinka.es\/ca\/#website"},"primaryImageOfPage":{"@id":"https:\/\/fundacionrafanadal.quelinka.es\/ca\/coneix-nos\/noticies\/noticies-2024\/la-fundacio-rafa-nadal-participa-en-el-congres-esport-en-positiu-de-madrid-reafirmant-el-seu-compromis-amb-la-proteccio-de-la-infancia\/#primaryimage"},"image":{"@id":"https:\/\/fundacionrafanadal.quelinka.es\/ca\/coneix-nos\/noticies\/noticies-2024\/la-fundacio-rafa-nadal-participa-en-el-congres-esport-en-positiu-de-madrid-reafirmant-el-seu-compromis-amb-la-proteccio-de-la-infancia\/#primaryimage"},"thumbnailUrl":"https:\/\/fundacionrafanadal.quelinka.es\/wp-content\/uploads\/2024\/10\/IMG_5203-scaled.jpg","datePublished":"2024-10-29T13:22:04+00:00","dateModified":"2024-10-29T13:22:26+00:00","breadcrumb":{"@id":"https:\/\/fundacionrafanadal.quelinka.es\/ca\/coneix-nos\/noticies\/noticies-2024\/la-fundacio-rafa-nadal-participa-en-el-congres-esport-en-positiu-de-madrid-reafirmant-el-seu-compromis-amb-la-proteccio-de-la-infancia\/#breadcrumb"},"inLanguage":"ca","potentialAction":[{"@type":"ReadAction","target":["https:\/\/fundacionrafanadal.quelinka.es\/ca\/coneix-nos\/noticies\/noticies-2024\/la-fundacio-rafa-nadal-participa-en-el-congres-esport-en-positiu-de-madrid-reafirmant-el-seu-compromis-amb-la-proteccio-de-la-infancia\/"]}]},{"@type":"ImageObject","inLanguage":"ca","@id":"https:\/\/fundacionrafanadal.quelinka.es\/ca\/coneix-nos\/noticies\/noticies-2024\/la-fundacio-rafa-nadal-participa-en-el-congres-esport-en-positiu-de-madrid-reafirmant-el-seu-compromis-amb-la-proteccio-de-la-infancia\/#primaryimage","url":"https:\/\/fundacionrafanadal.quelinka.es\/wp-content\/uploads\/2024\/10\/IMG_5203-scaled.jpg","contentUrl":"https:\/\/fundacionrafanadal.quelinka.es\/wp-content\/uploads\/2024\/10\/IMG_5203-scaled.jpg","width":2560,"height":2044},{"@type":"BreadcrumbList","@id":"https:\/\/fundacionrafanadal.quelinka.es\/ca\/coneix-nos\/noticies\/noticies-2024\/la-fundacio-rafa-nadal-participa-en-el-congres-esport-en-positiu-de-madrid-reafirmant-el-seu-compromis-amb-la-proteccio-de-la-infancia\/#breadcrumb","itemListElement":[{"@type":"ListItem","position":1,"name":"Portada","item":"https:\/\/fundacionrafanadal.quelinka.es\/ca\/"},{"@type":"ListItem","position":2,"name":"Coneix-nos","item":"https:\/\/fundacionrafanadal.quelinka.es\/ca\/conocenos\/"},{"@type":"ListItem","position":3,"name":"Not\u00edcies","item":"https:\/\/fundacionrafanadal.quelinka.es\/ca\/conocenos\/noticias\/"},{"@type":"ListItem","position":4,"name":"Not\u00edcies 2024","item":"https:\/\/fundacionrafanadal.quelinka.es\/ca\/conocenos\/noticias\/noticias-2024\/"},{"@type":"ListItem","position":5,"name":"La Fundaci\u00f3 Rafa Nadal participa en el Congr\u00e9s &#8220;Esport en Positiu&#8221; de Madrid, reafirmant el seu comprom\u00eds amb la protecci\u00f3 de la infancia"}]},{"@type":"WebSite","@id":"https:\/\/fundacionrafanadal.quelinka.es\/ca\/#website","url":"https:\/\/fundacionrafanadal.quelinka.es\/ca\/","name":"Fundaci\u00f3n Rafa Nadal","description":"A trav\u00e9s del deporte y la educaci\u00f3n, promovemos la integraci\u00f3n y el desarrollo personal y social de ni\u00f1os y j\u00f3venes. En Espa\u00f1a y la India.","publisher":{"@id":"https:\/\/fundacionrafanadal.quelinka.es\/ca\/#organization"},"potentialAction":[{"@type":"SearchAction","target":{"@type":"EntryPoint","urlTemplate":"https:\/\/fundacionrafanadal.quelinka.es\/ca\/?s={search_term_string}"},"query-input":{"@type":"PropertyValueSpecification","valueRequired":true,"valueName":"search_term_string"}}],"inLanguage":"ca"},{"@type":"Organization","@id":"https:\/\/fundacionrafanadal.quelinka.es\/ca\/#organization","name":"Fundaci\u00f3n Rafa Nadal","url":"https:\/\/fundacionrafanadal.quelinka.es\/ca\/","logo":{"@type":"ImageObject","inLanguage":"ca","@id":"https:\/\/fundacionrafanadal.quelinka.es\/ca\/#\/schema\/logo\/image\/","url":"https:\/\/fundacionrafanadal.quelinka.es\/wp-content\/uploads\/2022\/09\/logo-frn-web-3.png","contentUrl":"https:\/\/fundacionrafanadal.quelinka.es\/wp-content\/uploads\/2022\/09\/logo-frn-web-3.png","width":551,"height":140,"caption":"Fundaci\u00f3n Rafa Nadal"},"image":{"@id":"https:\/\/fundacionrafanadal.quelinka.es\/ca\/#\/schema\/logo\/image\/"}}]}},"campaignId":"","_links":{"self":[{"href":"https:\/\/fundacionrafanadal.quelinka.es\/ca\/wp-json\/wp\/v2\/pages\/22939","targetHints":{"allow":["GET"]}}],"collection":[{"href":"https:\/\/fundacionrafanadal.quelinka.es\/ca\/wp-json\/wp\/v2\/pages"}],"about":[{"href":"https:\/\/fundacionrafanadal.quelinka.es\/ca\/wp-json\/wp\/v2\/types\/page"}],"author":[{"embeddable":true,"href":"https:\/\/fundacionrafanadal.quelinka.es\/ca\/wp-json\/wp\/v2\/users\/14"}],"replies":[{"embeddable":true,"href":"https:\/\/fundacionrafanadal.quelinka.es\/ca\/wp-json\/wp\/v2\/comments?post=22939"}],"version-history":[{"count":3,"href":"https:\/\/fundacionrafanadal.quelinka.es\/ca\/wp-json\/wp\/v2\/pages\/22939\/revisions"}],"predecessor-version":[{"id":22955,"href":"https:\/\/fundacionrafanadal.quelinka.es\/ca\/wp-json\/wp\/v2\/pages\/22939\/revisions\/22955"}],"up":[{"embeddable":true,"href":"https:\/\/fundacionrafanadal.quelinka.es\/ca\/wp-json\/wp\/v2\/pages\/18938"}],"wp:featuredmedia":[{"embeddable":true,"href":"https:\/\/fundacionrafanadal.quelinka.es\/ca\/wp-json\/wp\/v2\/media\/22942"}],"wp:attachment":[{"href":"https:\/\/fundacionrafanadal.quelinka.es\/ca\/wp-json\/wp\/v2\/media?parent=22939"}],"curies":[{"name":"wp","href":"https:\/\/api.w.org\/{rel}","templated":true}]}}