{"id":22997,"date":"2024-11-04T10:22:13","date_gmt":"2024-11-04T10:22:13","guid":{"rendered":"https:\/\/www.fundacionrafanadal.org\/?page_id=22997"},"modified":"2024-11-04T10:22:18","modified_gmt":"2024-11-04T10:22:18","slug":"finalitza-la-darrera-etapa-del-rafa-nadal-tour-by-santander-torneig-juvenil-de-tennis-solidari-en-benefici-de-la-fundacio-rafa-nadal","status":"publish","type":"page","link":"https:\/\/fundacionrafanadal.quelinka.es\/ca\/coneix-nos\/noticies\/noticies-2024\/finalitza-la-darrera-etapa-del-rafa-nadal-tour-by-santander-torneig-juvenil-de-tennis-solidari-en-benefici-de-la-fundacio-rafa-nadal\/","title":{"rendered":"Finalitza la darrera etapa del Rafa Nadal Tour by Santander, torneig juvenil de tennis solidari en benefici de la Fundaci\u00f3 Rafa Nadal"},"content":{"rendered":"\n<div class=\"wp-block-media-text alignfull is-stacked-on-mobile is-image-fill has-background\" style=\"background-color:#ddac31\"><figure class=\"wp-block-media-text__media\" style=\"background-image:url(https:\/\/www.fundacionrafanadal.quelinka.es\/wp-content\/uploads\/2022\/07\/ISM08879.png);background-position:50% 50%\"><img loading=\"lazy\" decoding=\"async\" width=\"900\" height=\"399\" src=\"https:\/\/www.fundacionrafanadal.quelinka.es\/wp-content\/uploads\/2022\/07\/ISM08879.png\" alt=\"\" class=\"wp-image-9879 size-full\" srcset=\"https:\/\/fundacionrafanadal.quelinka.es\/wp-content\/uploads\/2022\/07\/ISM08879.png 900w, https:\/\/fundacionrafanadal.quelinka.es\/wp-content\/uploads\/2022\/07\/ISM08879-300x133.png 300w, https:\/\/fundacionrafanadal.quelinka.es\/wp-content\/uploads\/2022\/07\/ISM08879-768x340.png 768w\" sizes=\"auto, (max-width: 900px) 100vw, 900px\" \/><\/figure><div class=\"wp-block-media-text__content\">\n<div style=\"height:30px\" aria-hidden=\"true\" class=\"wp-block-spacer\"><\/div>\n\n\n\n<h2 class=\"has-ast-global-color-5-color has-text-color wp-block-heading\" style=\"font-size:48px\"><strong>Not\u00edcies<\/strong><\/h2>\n\n\n\n<div style=\"height:200px\" aria-hidden=\"true\" class=\"wp-block-spacer\"><\/div>\n<\/div><\/div>\n\n\n\n<div style=\"height:50px\" aria-hidden=\"true\" class=\"wp-block-spacer\"><\/div>\n\n\n\n<div class=\"inherit-container-width wp-block-group is-layout-constrained wp-block-group-is-layout-constrained\"><div class=\"wp-block-group__inner-container\">\n<div class=\"inherit-container-width wp-block-group is-layout-constrained wp-block-group-is-layout-constrained\"><div class=\"wp-block-group__inner-container\"><div class=\"wp-block-post-date\"><time datetime=\"2024-11-04T10:22:13+02:00\">4 de novembre de 2024<\/time><\/div>\n\n\n<h2 class=\"wp-block-heading has-medium-font-size\" style=\"text-transform:uppercase\"><strong><strong>ARRANCA LA TERCERA CONVOCAT\u00d2RIA DELS PREMIS FUNDACI\u00d3 RAFA NADAL, IMPULSATS PER TELEF\u00d3NICA I PRESENTADA A L&#8217;ESPAI MOVISTAR DE MADRID<\/strong><\/strong><\/h2>\n\n\n\n<figure class=\"wp-block-image alignwide size-full\"><img loading=\"lazy\" decoding=\"async\" width=\"2410\" height=\"1928\" src=\"https:\/\/www.fundacionrafanadal.quelinka.es\/wp-content\/uploads\/2024\/11\/foto_todos.jpg\" alt=\"\" class=\"wp-image-23000\" srcset=\"https:\/\/fundacionrafanadal.quelinka.es\/wp-content\/uploads\/2024\/11\/foto_todos.jpg 2410w, https:\/\/fundacionrafanadal.quelinka.es\/wp-content\/uploads\/2024\/11\/foto_todos-300x240.jpg 300w, https:\/\/fundacionrafanadal.quelinka.es\/wp-content\/uploads\/2024\/11\/foto_todos-1024x819.jpg 1024w, https:\/\/fundacionrafanadal.quelinka.es\/wp-content\/uploads\/2024\/11\/foto_todos-768x614.jpg 768w, https:\/\/fundacionrafanadal.quelinka.es\/wp-content\/uploads\/2024\/11\/foto_todos-1536x1229.jpg 1536w, https:\/\/fundacionrafanadal.quelinka.es\/wp-content\/uploads\/2024\/11\/foto_todos-2048x1638.jpg 2048w\" sizes=\"auto, (max-width: 2410px) 100vw, 2410px\" \/><\/figure>\n\n\n\n<p><strong>Aquest diumenge 3 de novembre ha concl\u00f2s la final del Rafa Nadal Tour by Santander a la Rafa Nadal Academy de Manacor, per a les categories sub-12, sub-14 i sub-16.<\/strong><\/p>\n\n\n\n<ul class=\"wp-block-list\">\n<li>El Rafa Nadal Tour by Santander continua consolidant-se com el circuit juvenil de tennis de refer\u00e8ncia al pa\u00eds.<\/li>\n\n\n\n<li>El circuit t\u00e9 un car\u00e0cter solidari i l\u2019import \u00edntegre de les inscripcions es destina al desenvolupament dels projectes de la Fundaci\u00f3 Rafa Nadal a Espanya i a l\u2019\u00cdndia.<\/li>\n<\/ul>\n\n\n\n<p>Espanya, 3 de novembre de 2024. L&#8217;onzena edici\u00f3 del Rafa Nadal Tour by Santander ja ha recorregut les vuit ciutats espanyoles que formen el circuit (Barcelona, Sevilla, Valldoreix, Gran Can\u00e0ria, Val\u00e8ncia, Madrid, Gij\u00f3n i, finalment, la gran final a Manacor).<\/p>\n\n\n\n<p>En totes les etapes s\u2019han disputat competicions emocionants a les categories femenina i masculina sub-12, sub-14 i sub-16 i, per fi, coneixem els guanyadors i guanyadores.<\/p>\n\n\n\n<p>El Rafa Nadal Tour by Santander est\u00e0 consolidat com el principal circuit juvenil del territori nacional, destacant-se no nom\u00e9s pel seu nivell esportiu, sin\u00f3 tamb\u00e9 pel seu comprom\u00eds solidari en destinar \u00edntegrament el valor de les inscripcions als projectes desenvolupats per la Fundaci\u00f3 Rafa Nadal.<\/p>\n\n\n\n<p>En aquest esdeveniment esportiu, es valora no nom\u00e9s l\u2019habilitat tenn\u00edstica dels participants, sin\u00f3 tamb\u00e9 una bona actitud i comportament, tant dins com fora de la pista, mitjan\u00e7ant activitats de valors. Quatre dels quaranta finalistes es van classificar a trav\u00e9s del r\u00e0nquing de valors per haver participat en aquestes activitats durant tot l\u2019any.<\/p>\n\n\n\n<p>Despr\u00e9s de quatre dies d\u2019intensa competici\u00f3 i activitats a la Rafa Nadal Academy, en els quals es van reunir els 44 finalistes, s\u2019han proclamat els campions i campiones de les categories sub-12, sub-14 i sub-16.<\/p>\n\n\n\n<p>Els guanyadors i guanyadores del Rafa Nadal Tour by Santander s\u00f3n els seg\u00fcents:<\/p>\n\n\n\n<ul class=\"wp-block-list\">\n<li>Anna Cabassers, en la categoria sub-16 femen\u00ed<\/li>\n\n\n\n<li>Dar\u00edo Carballal, en la categoria sub-16 mascul\u00ed<\/li>\n\n\n\n<li>Liliana Chetry, en la categoria sub-14 femen\u00ed<\/li>\n\n\n\n<li>Toni Escarda, en la categoria sub-14 mascul\u00ed<\/li>\n\n\n\n<li>Caterina L\u00f3pez, en la categoria sub-12 femen\u00ed<\/li>\n\n\n\n<li>Hamza Mohamed Mahmoud, en la categoria sub-12 mascul\u00ed<\/li>\n<\/ul>\n\n\n\n<p><\/p>\n\n\n\n<figure class=\"wp-block-image size-large\"><img loading=\"lazy\" decoding=\"async\" width=\"1024\" height=\"819\" src=\"https:\/\/www.fundacionrafanadal.quelinka.es\/wp-content\/uploads\/2024\/11\/67bbf9b8-d6c4-48e7-813e-7dd4920ec991-1024x819.jpg\" alt=\"\" class=\"wp-image-23002\" srcset=\"https:\/\/fundacionrafanadal.quelinka.es\/wp-content\/uploads\/2024\/11\/67bbf9b8-d6c4-48e7-813e-7dd4920ec991-1024x819.jpg 1024w, https:\/\/fundacionrafanadal.quelinka.es\/wp-content\/uploads\/2024\/11\/67bbf9b8-d6c4-48e7-813e-7dd4920ec991-300x240.jpg 300w, https:\/\/fundacionrafanadal.quelinka.es\/wp-content\/uploads\/2024\/11\/67bbf9b8-d6c4-48e7-813e-7dd4920ec991-768x614.jpg 768w, https:\/\/fundacionrafanadal.quelinka.es\/wp-content\/uploads\/2024\/11\/67bbf9b8-d6c4-48e7-813e-7dd4920ec991-1536x1228.jpg 1536w, https:\/\/fundacionrafanadal.quelinka.es\/wp-content\/uploads\/2024\/11\/67bbf9b8-d6c4-48e7-813e-7dd4920ec991.jpg 1693w\" sizes=\"auto, (max-width: 1024px) 100vw, 1024px\" \/><\/figure>\n\n\n\n<p><strong>El Banc Santander, com a patrocinador oficial del tour, elabora els trofeus per als guanyadors i guanyadores de cada etapa a partir de pilotes de tennis reciclades d\u2019edicions anteriors, fomentant aix\u00ed la sostenibilitat del circuit.<\/strong><\/p>\n<\/div><\/div>\n<\/div><\/div>\n","protected":false},"excerpt":{"rendered":"<p>ARRANCA LA TERCERA CONVOCAT\u00d2RIA DELS PREMIS FUNDACI\u00d3 RAFA NADAL, IMPULSATS PER TELEF\u00d3NICA I PRESENTADA A L&#8217;ESPAI MOVISTAR DE MADRID Aquest diumenge 3 de novembre ha concl\u00f2s la final del Rafa Nadal Tour by Santander a la Rafa Nadal Academy de Manacor, per a les categories sub-12, sub-14 i sub-16. Espanya, 3 de novembre de 2024. [&hellip;]<\/p>\n","protected":false},"author":14,"featured_media":23000,"parent":18938,"menu_order":-2,"comment_status":"closed","ping_status":"closed","template":"","meta":{"_acf_changed":false,"give_campaign_id":0,"_monsterinsights_skip_tracking":false,"_monsterinsights_sitenote_active":false,"_monsterinsights_sitenote_note":"","_monsterinsights_sitenote_category":0,"site-sidebar-layout":"default","site-content-layout":"","ast-site-content-layout":"default","site-content-style":"default","site-sidebar-style":"default","ast-global-header-display":"","ast-banner-title-visibility":"","ast-main-header-display":"","ast-hfb-above-header-display":"","ast-hfb-below-header-display":"","ast-hfb-mobile-header-display":"","site-post-title":"disabled","ast-breadcrumbs-content":"","ast-featured-img":"disabled","footer-sml-layout":"","ast-disable-related-posts":"","theme-transparent-header-meta":"","adv-header-id-meta":"","stick-header-meta":"","header-above-stick-meta":"","header-main-stick-meta":"","header-below-stick-meta":"","astra-migrate-meta-layouts":"set","ast-page-background-enabled":"default","ast-page-background-meta":{"desktop":{"background-color":"var(--ast-global-color-4)","background-image":"","background-repeat":"repeat","background-position":"center center","background-size":"auto","background-attachment":"scroll","background-type":"","background-media":"","overlay-type":"","overlay-color":"","overlay-opacity":"","overlay-gradient":""},"tablet":{"background-color":"","background-image":"","background-repeat":"repeat","background-position":"center center","background-size":"auto","background-attachment":"scroll","background-type":"","background-media":"","overlay-type":"","overlay-color":"","overlay-opacity":"","overlay-gradient":""},"mobile":{"background-color":"","background-image":"","background-repeat":"repeat","background-position":"center center","background-size":"auto","background-attachment":"scroll","background-type":"","background-media":"","overlay-type":"","overlay-color":"","overlay-opacity":"","overlay-gradient":""}},"ast-content-background-meta":{"desktop":{"background-color":"var(--ast-global-color-5)","background-image":"","background-repeat":"repeat","background-position":"center center","background-size":"auto","background-attachment":"scroll","background-type":"","background-media":"","overlay-type":"","overlay-color":"","overlay-opacity":"","overlay-gradient":""},"tablet":{"background-color":"var(--ast-global-color-5)","background-image":"","background-repeat":"repeat","background-position":"center center","background-size":"auto","background-attachment":"scroll","background-type":"","background-media":"","overlay-type":"","overlay-color":"","overlay-opacity":"","overlay-gradient":""},"mobile":{"background-color":"var(--ast-global-color-5)","background-image":"","background-repeat":"repeat","background-position":"center center","background-size":"auto","background-attachment":"scroll","background-type":"","background-media":"","overlay-type":"","overlay-color":"","overlay-opacity":"","overlay-gradient":""}},"_themeisle_gutenberg_block_has_review":false,"footnotes":""},"class_list":["post-22997","page","type-page","status-publish","has-post-thumbnail","hentry"],"acf":[],"yoast_head":"<!-- This site is optimized with the Yoast SEO plugin v26.8 - https:\/\/yoast.com\/product\/yoast-seo-wordpress\/ -->\n<title>Finalitza la darrera etapa del Rafa Nadal Tour by Santander, torneig juvenil de tennis solidari en benefici de la Fundaci\u00f3 Rafa Nadal - Fundaci\u00f3n Rafa Nadal<\/title>\n<meta name=\"robots\" content=\"noindex, follow, max-snippet:-1, max-image-preview:large, max-video-preview:-1\" \/>\n<meta property=\"og:locale\" content=\"ca_ES\" \/>\n<meta property=\"og:type\" content=\"article\" \/>\n<meta property=\"og:title\" content=\"Finalitza la darrera etapa del Rafa Nadal Tour by Santander, torneig juvenil de tennis solidari en benefici de la Fundaci\u00f3 Rafa Nadal - Fundaci\u00f3n Rafa Nadal\" \/>\n<meta property=\"og:description\" content=\"ARRANCA LA TERCERA CONVOCAT\u00d2RIA DELS PREMIS FUNDACI\u00d3 RAFA NADAL, IMPULSATS PER TELEF\u00d3NICA I PRESENTADA A L&#8217;ESPAI MOVISTAR DE MADRID Aquest diumenge 3 de novembre ha concl\u00f2s la final del Rafa Nadal Tour by Santander a la Rafa Nadal Academy de Manacor, per a les categories sub-12, sub-14 i sub-16. Espanya, 3 de novembre de 2024. [&hellip;]\" \/>\n<meta property=\"og:url\" content=\"https:\/\/fundacionrafanadal.quelinka.es\/ca\/coneix-nos\/noticies\/noticies-2024\/finalitza-la-darrera-etapa-del-rafa-nadal-tour-by-santander-torneig-juvenil-de-tennis-solidari-en-benefici-de-la-fundacio-rafa-nadal\/\" \/>\n<meta property=\"og:site_name\" content=\"Fundaci\u00f3n Rafa Nadal\" \/>\n<meta property=\"article:modified_time\" content=\"2024-11-04T10:22:18+00:00\" \/>\n<meta property=\"og:image\" content=\"https:\/\/fundacionrafanadal.quelinka.es\/wp-content\/uploads\/2024\/11\/foto_todos.jpg\" \/>\n\t<meta property=\"og:image:width\" content=\"2410\" \/>\n\t<meta property=\"og:image:height\" content=\"1928\" \/>\n\t<meta property=\"og:image:type\" content=\"image\/jpeg\" \/>\n<meta name=\"twitter:card\" content=\"summary_large_image\" \/>\n<meta name=\"twitter:label1\" content=\"Temps estimat de lectura\" \/>\n\t<meta name=\"twitter:data1\" content=\"3 minuts\" \/>\n<script type=\"application\/ld+json\" class=\"yoast-schema-graph\">{\"@context\":\"https:\/\/schema.org\",\"@graph\":[{\"@type\":\"WebPage\",\"@id\":\"https:\/\/fundacionrafanadal.quelinka.es\/ca\/coneix-nos\/noticies\/noticies-2024\/finalitza-la-darrera-etapa-del-rafa-nadal-tour-by-santander-torneig-juvenil-de-tennis-solidari-en-benefici-de-la-fundacio-rafa-nadal\/\",\"url\":\"https:\/\/fundacionrafanadal.quelinka.es\/ca\/coneix-nos\/noticies\/noticies-2024\/finalitza-la-darrera-etapa-del-rafa-nadal-tour-by-santander-torneig-juvenil-de-tennis-solidari-en-benefici-de-la-fundacio-rafa-nadal\/\",\"name\":\"Finalitza la darrera etapa del Rafa Nadal Tour by Santander, torneig juvenil de tennis solidari en benefici de la Fundaci\u00f3 Rafa Nadal - Fundaci\u00f3n Rafa Nadal\",\"isPartOf\":{\"@id\":\"https:\/\/fundacionrafanadal.quelinka.es\/ca\/#website\"},\"primaryImageOfPage\":{\"@id\":\"https:\/\/fundacionrafanadal.quelinka.es\/ca\/coneix-nos\/noticies\/noticies-2024\/finalitza-la-darrera-etapa-del-rafa-nadal-tour-by-santander-torneig-juvenil-de-tennis-solidari-en-benefici-de-la-fundacio-rafa-nadal\/#primaryimage\"},\"image\":{\"@id\":\"https:\/\/fundacionrafanadal.quelinka.es\/ca\/coneix-nos\/noticies\/noticies-2024\/finalitza-la-darrera-etapa-del-rafa-nadal-tour-by-santander-torneig-juvenil-de-tennis-solidari-en-benefici-de-la-fundacio-rafa-nadal\/#primaryimage\"},\"thumbnailUrl\":\"https:\/\/fundacionrafanadal.quelinka.es\/wp-content\/uploads\/2024\/11\/foto_todos.jpg\",\"datePublished\":\"2024-11-04T10:22:13+00:00\",\"dateModified\":\"2024-11-04T10:22:18+00:00\",\"breadcrumb\":{\"@id\":\"https:\/\/fundacionrafanadal.quelinka.es\/ca\/coneix-nos\/noticies\/noticies-2024\/finalitza-la-darrera-etapa-del-rafa-nadal-tour-by-santander-torneig-juvenil-de-tennis-solidari-en-benefici-de-la-fundacio-rafa-nadal\/#breadcrumb\"},\"inLanguage\":\"ca\",\"potentialAction\":[{\"@type\":\"ReadAction\",\"target\":[\"https:\/\/fundacionrafanadal.quelinka.es\/ca\/coneix-nos\/noticies\/noticies-2024\/finalitza-la-darrera-etapa-del-rafa-nadal-tour-by-santander-torneig-juvenil-de-tennis-solidari-en-benefici-de-la-fundacio-rafa-nadal\/\"]}]},{\"@type\":\"ImageObject\",\"inLanguage\":\"ca\",\"@id\":\"https:\/\/fundacionrafanadal.quelinka.es\/ca\/coneix-nos\/noticies\/noticies-2024\/finalitza-la-darrera-etapa-del-rafa-nadal-tour-by-santander-torneig-juvenil-de-tennis-solidari-en-benefici-de-la-fundacio-rafa-nadal\/#primaryimage\",\"url\":\"https:\/\/fundacionrafanadal.quelinka.es\/wp-content\/uploads\/2024\/11\/foto_todos.jpg\",\"contentUrl\":\"https:\/\/fundacionrafanadal.quelinka.es\/wp-content\/uploads\/2024\/11\/foto_todos.jpg\",\"width\":2410,\"height\":1928},{\"@type\":\"BreadcrumbList\",\"@id\":\"https:\/\/fundacionrafanadal.quelinka.es\/ca\/coneix-nos\/noticies\/noticies-2024\/finalitza-la-darrera-etapa-del-rafa-nadal-tour-by-santander-torneig-juvenil-de-tennis-solidari-en-benefici-de-la-fundacio-rafa-nadal\/#breadcrumb\",\"itemListElement\":[{\"@type\":\"ListItem\",\"position\":1,\"name\":\"Portada\",\"item\":\"https:\/\/fundacionrafanadal.quelinka.es\/ca\/\"},{\"@type\":\"ListItem\",\"position\":2,\"name\":\"Coneix-nos\",\"item\":\"https:\/\/fundacionrafanadal.quelinka.es\/ca\/conocenos\/\"},{\"@type\":\"ListItem\",\"position\":3,\"name\":\"Not\u00edcies\",\"item\":\"https:\/\/fundacionrafanadal.quelinka.es\/ca\/conocenos\/noticias\/\"},{\"@type\":\"ListItem\",\"position\":4,\"name\":\"Not\u00edcies 2024\",\"item\":\"https:\/\/fundacionrafanadal.quelinka.es\/ca\/conocenos\/noticias\/noticias-2024\/\"},{\"@type\":\"ListItem\",\"position\":5,\"name\":\"Finalitza la darrera etapa del Rafa Nadal Tour by Santander, torneig juvenil de tennis solidari en benefici de la Fundaci\u00f3 Rafa Nadal\"}]},{\"@type\":\"WebSite\",\"@id\":\"https:\/\/fundacionrafanadal.quelinka.es\/ca\/#website\",\"url\":\"https:\/\/fundacionrafanadal.quelinka.es\/ca\/\",\"name\":\"Fundaci\u00f3n Rafa Nadal\",\"description\":\"A trav\u00e9s del deporte y la educaci\u00f3n, promovemos la integraci\u00f3n y el desarrollo personal y social de ni\u00f1os y j\u00f3venes. En Espa\u00f1a y la India.\",\"publisher\":{\"@id\":\"https:\/\/fundacionrafanadal.quelinka.es\/ca\/#organization\"},\"potentialAction\":[{\"@type\":\"SearchAction\",\"target\":{\"@type\":\"EntryPoint\",\"urlTemplate\":\"https:\/\/fundacionrafanadal.quelinka.es\/ca\/?s={search_term_string}\"},\"query-input\":{\"@type\":\"PropertyValueSpecification\",\"valueRequired\":true,\"valueName\":\"search_term_string\"}}],\"inLanguage\":\"ca\"},{\"@type\":\"Organization\",\"@id\":\"https:\/\/fundacionrafanadal.quelinka.es\/ca\/#organization\",\"name\":\"Fundaci\u00f3n Rafa Nadal\",\"url\":\"https:\/\/fundacionrafanadal.quelinka.es\/ca\/\",\"logo\":{\"@type\":\"ImageObject\",\"inLanguage\":\"ca\",\"@id\":\"https:\/\/fundacionrafanadal.quelinka.es\/ca\/#\/schema\/logo\/image\/\",\"url\":\"https:\/\/fundacionrafanadal.quelinka.es\/wp-content\/uploads\/2022\/09\/logo-frn-web-3.png\",\"contentUrl\":\"https:\/\/fundacionrafanadal.quelinka.es\/wp-content\/uploads\/2022\/09\/logo-frn-web-3.png\",\"width\":551,\"height\":140,\"caption\":\"Fundaci\u00f3n Rafa Nadal\"},\"image\":{\"@id\":\"https:\/\/fundacionrafanadal.quelinka.es\/ca\/#\/schema\/logo\/image\/\"}}]}<\/script>\n<!-- \/ Yoast SEO plugin. -->","yoast_head_json":{"title":"Finalitza la darrera etapa del Rafa Nadal Tour by Santander, torneig juvenil de tennis solidari en benefici de la Fundaci\u00f3 Rafa Nadal - Fundaci\u00f3n Rafa Nadal","robots":{"index":"noindex","follow":"follow","max-snippet":"max-snippet:-1","max-image-preview":"max-image-preview:large","max-video-preview":"max-video-preview:-1"},"og_locale":"ca_ES","og_type":"article","og_title":"Finalitza la darrera etapa del Rafa Nadal Tour by Santander, torneig juvenil de tennis solidari en benefici de la Fundaci\u00f3 Rafa Nadal - Fundaci\u00f3n Rafa Nadal","og_description":"ARRANCA LA TERCERA CONVOCAT\u00d2RIA DELS PREMIS FUNDACI\u00d3 RAFA NADAL, IMPULSATS PER TELEF\u00d3NICA I PRESENTADA A L&#8217;ESPAI MOVISTAR DE MADRID Aquest diumenge 3 de novembre ha concl\u00f2s la final del Rafa Nadal Tour by Santander a la Rafa Nadal Academy de Manacor, per a les categories sub-12, sub-14 i sub-16. Espanya, 3 de novembre de 2024. [&hellip;]","og_url":"https:\/\/fundacionrafanadal.quelinka.es\/ca\/coneix-nos\/noticies\/noticies-2024\/finalitza-la-darrera-etapa-del-rafa-nadal-tour-by-santander-torneig-juvenil-de-tennis-solidari-en-benefici-de-la-fundacio-rafa-nadal\/","og_site_name":"Fundaci\u00f3n Rafa Nadal","article_modified_time":"2024-11-04T10:22:18+00:00","og_image":[{"width":2410,"height":1928,"url":"https:\/\/fundacionrafanadal.quelinka.es\/wp-content\/uploads\/2024\/11\/foto_todos.jpg","type":"image\/jpeg"}],"twitter_card":"summary_large_image","twitter_misc":{"Temps estimat de lectura":"3 minuts"},"schema":{"@context":"https:\/\/schema.org","@graph":[{"@type":"WebPage","@id":"https:\/\/fundacionrafanadal.quelinka.es\/ca\/coneix-nos\/noticies\/noticies-2024\/finalitza-la-darrera-etapa-del-rafa-nadal-tour-by-santander-torneig-juvenil-de-tennis-solidari-en-benefici-de-la-fundacio-rafa-nadal\/","url":"https:\/\/fundacionrafanadal.quelinka.es\/ca\/coneix-nos\/noticies\/noticies-2024\/finalitza-la-darrera-etapa-del-rafa-nadal-tour-by-santander-torneig-juvenil-de-tennis-solidari-en-benefici-de-la-fundacio-rafa-nadal\/","name":"Finalitza la darrera etapa del Rafa Nadal Tour by Santander, torneig juvenil de tennis solidari en benefici de la Fundaci\u00f3 Rafa Nadal - Fundaci\u00f3n Rafa Nadal","isPartOf":{"@id":"https:\/\/fundacionrafanadal.quelinka.es\/ca\/#website"},"primaryImageOfPage":{"@id":"https:\/\/fundacionrafanadal.quelinka.es\/ca\/coneix-nos\/noticies\/noticies-2024\/finalitza-la-darrera-etapa-del-rafa-nadal-tour-by-santander-torneig-juvenil-de-tennis-solidari-en-benefici-de-la-fundacio-rafa-nadal\/#primaryimage"},"image":{"@id":"https:\/\/fundacionrafanadal.quelinka.es\/ca\/coneix-nos\/noticies\/noticies-2024\/finalitza-la-darrera-etapa-del-rafa-nadal-tour-by-santander-torneig-juvenil-de-tennis-solidari-en-benefici-de-la-fundacio-rafa-nadal\/#primaryimage"},"thumbnailUrl":"https:\/\/fundacionrafanadal.quelinka.es\/wp-content\/uploads\/2024\/11\/foto_todos.jpg","datePublished":"2024-11-04T10:22:13+00:00","dateModified":"2024-11-04T10:22:18+00:00","breadcrumb":{"@id":"https:\/\/fundacionrafanadal.quelinka.es\/ca\/coneix-nos\/noticies\/noticies-2024\/finalitza-la-darrera-etapa-del-rafa-nadal-tour-by-santander-torneig-juvenil-de-tennis-solidari-en-benefici-de-la-fundacio-rafa-nadal\/#breadcrumb"},"inLanguage":"ca","potentialAction":[{"@type":"ReadAction","target":["https:\/\/fundacionrafanadal.quelinka.es\/ca\/coneix-nos\/noticies\/noticies-2024\/finalitza-la-darrera-etapa-del-rafa-nadal-tour-by-santander-torneig-juvenil-de-tennis-solidari-en-benefici-de-la-fundacio-rafa-nadal\/"]}]},{"@type":"ImageObject","inLanguage":"ca","@id":"https:\/\/fundacionrafanadal.quelinka.es\/ca\/coneix-nos\/noticies\/noticies-2024\/finalitza-la-darrera-etapa-del-rafa-nadal-tour-by-santander-torneig-juvenil-de-tennis-solidari-en-benefici-de-la-fundacio-rafa-nadal\/#primaryimage","url":"https:\/\/fundacionrafanadal.quelinka.es\/wp-content\/uploads\/2024\/11\/foto_todos.jpg","contentUrl":"https:\/\/fundacionrafanadal.quelinka.es\/wp-content\/uploads\/2024\/11\/foto_todos.jpg","width":2410,"height":1928},{"@type":"BreadcrumbList","@id":"https:\/\/fundacionrafanadal.quelinka.es\/ca\/coneix-nos\/noticies\/noticies-2024\/finalitza-la-darrera-etapa-del-rafa-nadal-tour-by-santander-torneig-juvenil-de-tennis-solidari-en-benefici-de-la-fundacio-rafa-nadal\/#breadcrumb","itemListElement":[{"@type":"ListItem","position":1,"name":"Portada","item":"https:\/\/fundacionrafanadal.quelinka.es\/ca\/"},{"@type":"ListItem","position":2,"name":"Coneix-nos","item":"https:\/\/fundacionrafanadal.quelinka.es\/ca\/conocenos\/"},{"@type":"ListItem","position":3,"name":"Not\u00edcies","item":"https:\/\/fundacionrafanadal.quelinka.es\/ca\/conocenos\/noticias\/"},{"@type":"ListItem","position":4,"name":"Not\u00edcies 2024","item":"https:\/\/fundacionrafanadal.quelinka.es\/ca\/conocenos\/noticias\/noticias-2024\/"},{"@type":"ListItem","position":5,"name":"Finalitza la darrera etapa del Rafa Nadal Tour by Santander, torneig juvenil de tennis solidari en benefici de la Fundaci\u00f3 Rafa Nadal"}]},{"@type":"WebSite","@id":"https:\/\/fundacionrafanadal.quelinka.es\/ca\/#website","url":"https:\/\/fundacionrafanadal.quelinka.es\/ca\/","name":"Fundaci\u00f3n Rafa Nadal","description":"A trav\u00e9s del deporte y la educaci\u00f3n, promovemos la integraci\u00f3n y el desarrollo personal y social de ni\u00f1os y j\u00f3venes. En Espa\u00f1a y la India.","publisher":{"@id":"https:\/\/fundacionrafanadal.quelinka.es\/ca\/#organization"},"potentialAction":[{"@type":"SearchAction","target":{"@type":"EntryPoint","urlTemplate":"https:\/\/fundacionrafanadal.quelinka.es\/ca\/?s={search_term_string}"},"query-input":{"@type":"PropertyValueSpecification","valueRequired":true,"valueName":"search_term_string"}}],"inLanguage":"ca"},{"@type":"Organization","@id":"https:\/\/fundacionrafanadal.quelinka.es\/ca\/#organization","name":"Fundaci\u00f3n Rafa Nadal","url":"https:\/\/fundacionrafanadal.quelinka.es\/ca\/","logo":{"@type":"ImageObject","inLanguage":"ca","@id":"https:\/\/fundacionrafanadal.quelinka.es\/ca\/#\/schema\/logo\/image\/","url":"https:\/\/fundacionrafanadal.quelinka.es\/wp-content\/uploads\/2022\/09\/logo-frn-web-3.png","contentUrl":"https:\/\/fundacionrafanadal.quelinka.es\/wp-content\/uploads\/2022\/09\/logo-frn-web-3.png","width":551,"height":140,"caption":"Fundaci\u00f3n Rafa Nadal"},"image":{"@id":"https:\/\/fundacionrafanadal.quelinka.es\/ca\/#\/schema\/logo\/image\/"}}]}},"campaignId":"","_links":{"self":[{"href":"https:\/\/fundacionrafanadal.quelinka.es\/ca\/wp-json\/wp\/v2\/pages\/22997","targetHints":{"allow":["GET"]}}],"collection":[{"href":"https:\/\/fundacionrafanadal.quelinka.es\/ca\/wp-json\/wp\/v2\/pages"}],"about":[{"href":"https:\/\/fundacionrafanadal.quelinka.es\/ca\/wp-json\/wp\/v2\/types\/page"}],"author":[{"embeddable":true,"href":"https:\/\/fundacionrafanadal.quelinka.es\/ca\/wp-json\/wp\/v2\/users\/14"}],"replies":[{"embeddable":true,"href":"https:\/\/fundacionrafanadal.quelinka.es\/ca\/wp-json\/wp\/v2\/comments?post=22997"}],"version-history":[{"count":1,"href":"https:\/\/fundacionrafanadal.quelinka.es\/ca\/wp-json\/wp\/v2\/pages\/22997\/revisions"}],"predecessor-version":[{"id":23006,"href":"https:\/\/fundacionrafanadal.quelinka.es\/ca\/wp-json\/wp\/v2\/pages\/22997\/revisions\/23006"}],"up":[{"embeddable":true,"href":"https:\/\/fundacionrafanadal.quelinka.es\/ca\/wp-json\/wp\/v2\/pages\/18938"}],"wp:featuredmedia":[{"embeddable":true,"href":"https:\/\/fundacionrafanadal.quelinka.es\/ca\/wp-json\/wp\/v2\/media\/23000"}],"wp:attachment":[{"href":"https:\/\/fundacionrafanadal.quelinka.es\/ca\/wp-json\/wp\/v2\/media?parent=22997"}],"curies":[{"name":"wp","href":"https:\/\/api.w.org\/{rel}","templated":true}]}}