{"id":25697,"date":"2025-06-17T08:55:21","date_gmt":"2025-06-17T08:55:21","guid":{"rendered":"https:\/\/www.fundacionrafanadal.org\/?page_id=25697"},"modified":"2025-06-17T09:18:13","modified_gmt":"2025-06-17T09:18:13","slug":"la-fundacio-rafa-nadal-assisteix-a-la-gala-the-power-of-postcodes-2025-del-national-postcode-loterij-a-la-haia","status":"publish","type":"page","link":"https:\/\/fundacionrafanadal.quelinka.es\/ca\/coneix-nos\/noticies\/noticies-2025\/la-fundacio-rafa-nadal-assisteix-a-la-gala-the-power-of-postcodes-2025-del-national-postcode-loterij-a-la-haia\/","title":{"rendered":"La Fundaci\u00f3 Rafa Nadal assisteix a la gala &#8220;The Power of Postcodes 2025&#8221; del National Postcode Loterij a La Haia"},"content":{"rendered":"\n<div class=\"inherit-container-width wp-block-group is-layout-constrained wp-block-group-is-layout-constrained\"><div class=\"wp-block-group__inner-container\">\n<div class=\"wp-block-media-text alignfull is-stacked-on-mobile is-image-fill has-background\" style=\"background-color:#ddac31\"><figure class=\"wp-block-media-text__media\" style=\"background-image:url(https:\/\/www.fundacionrafanadal.quelinka.es\/wp-content\/uploads\/2022\/07\/ISM08879.png);background-position:50% 50%\"><img loading=\"lazy\" decoding=\"async\" width=\"900\" height=\"399\" src=\"https:\/\/www.fundacionrafanadal.quelinka.es\/wp-content\/uploads\/2022\/07\/ISM08879.png\" alt=\"\" class=\"wp-image-9879 size-full\" srcset=\"https:\/\/fundacionrafanadal.quelinka.es\/wp-content\/uploads\/2022\/07\/ISM08879.png 900w, https:\/\/fundacionrafanadal.quelinka.es\/wp-content\/uploads\/2022\/07\/ISM08879-300x133.png 300w, https:\/\/fundacionrafanadal.quelinka.es\/wp-content\/uploads\/2022\/07\/ISM08879-768x340.png 768w\" sizes=\"auto, (max-width: 900px) 100vw, 900px\" \/><\/figure><div class=\"wp-block-media-text__content\">\n<div style=\"height:30px\" aria-hidden=\"true\" class=\"wp-block-spacer\"><\/div>\n\n\n\n<h2 class=\"has-ast-global-color-5-color has-text-color wp-block-heading\" style=\"font-size:48px\"><strong>Not\u00edcies<\/strong><\/h2>\n\n\n\n<div style=\"height:200px\" aria-hidden=\"true\" class=\"wp-block-spacer\"><\/div>\n<\/div><\/div>\n\n\n\n<p><\/p>\n\n\n<div class=\"wp-block-post-date\"><time datetime=\"2025-06-17T08:55:21+02:00\">17 de juny de 2025<\/time><\/div>\n\n\n<h2 class=\"wp-block-heading has-medium-font-size\" style=\"text-transform:uppercase\"><strong><strong><strong><strong>LA FUNDACI\u00d3 RAFA NADAL ASSISTEIX A LA GALA &#8220;THE POWER OF POSTCODES 2025&#8221; DEL NATIONAL POSTCODE LOTERIJ A LA HAIA<\/strong><\/strong><\/strong><\/strong><\/h2>\n\n\n\n<figure class=\"wp-block-image alignwide size-full\"><img loading=\"lazy\" decoding=\"async\" width=\"770\" height=\"617\" src=\"https:\/\/www.fundacionrafanadal.quelinka.es\/wp-content\/uploads\/2025\/06\/Portada_noticia.jpg\" alt=\"\" class=\"wp-image-25700\" srcset=\"https:\/\/fundacionrafanadal.quelinka.es\/wp-content\/uploads\/2025\/06\/Portada_noticia.jpg 770w, https:\/\/fundacionrafanadal.quelinka.es\/wp-content\/uploads\/2025\/06\/Portada_noticia-300x240.jpg 300w, https:\/\/fundacionrafanadal.quelinka.es\/wp-content\/uploads\/2025\/06\/Portada_noticia-768x615.jpg 768w\" sizes=\"auto, (max-width: 770px) 100vw, 770px\" \/><\/figure>\n\n\n\n<h2 class=\"wp-block-heading\"><\/h2>\n\n\n\n<h2 class=\"wp-block-heading\">Jos\u00e9 Ruiz, director adjunt de la Fundaci\u00f3 Rafa Nadal, va ser present a <strong>La Haia<\/strong> amb motiu de la gala anual <strong>&#8220;The Power of Postcodes 2025&#8221;<\/strong>, organitzada pel nostre aliat <strong>National Postcode Loterij<\/strong>.<\/h2>\n\n\n\n<p>Aquest esdeveniment reuneix totes les entitats socials internacionals amb les quals col\u00b7labora el <strong>Postcode Lottery Group<\/strong> per celebrar i posar en valor el seu comprom\u00eds com\u00fa amb el canvi social. Sota el lema <strong>\u201cTransformant vides, enfortint comunitats i creant un m\u00f3n millor\u201d<\/strong>, la gala reconeix l\u2019impacte positiu d\u2019aquesta alian\u00e7a a nivell global.<\/p>\n\n\n\n<p>El <strong>National Postcode Loterij<\/strong> \u00e9s un dels aliats estrat\u00e8gics m\u00e9s importants per a la Fundaci\u00f3 Rafa Nadal. El seu suport constant ha perm\u00e8s que els <strong>Centres Fundaci\u00f3 Rafa Nadal<\/strong> atenguin centenars de nens, nenes i adolescents en situaci\u00f3 de vulnerabilitat a Espanya, oferint-los oportunitats reals de desenvolupament personal i social.<\/p>\n\n\n\n<p>L\u2019objectiu principal del <strong>Postcode Lottery Group<\/strong> \u00e9s atraure el m\u00e0xim nombre de participants possible per recaptar fons essencials destinats a causes socials. El seu innovador model converteix cada codi postal en un <strong>\u201cbitllet per al b\u00e9\u201d<\/strong>, fomentant la solidaritat, celebrant \u00e8xits compartits i contribuint a construir un m\u00f3n m\u00e9s just, saludable i sostenible.<\/p>\n\n\n\n<p><em>\u201cParticipar en aquesta gala \u00e9s una oportunitat per reafirmar el valor de les aliances que realment generen impacte. Amb el suport del National Postcode Loterij, fa quinze anys que treballem perqu\u00e8 la inf\u00e0ncia m\u00e9s vulnerable tingui acc\u00e9s a eines que els permetin construir un futur millor\u201d,<\/em> va destacar <strong>Jos\u00e9 Ruiz<\/strong>, director adjunt de la Fundaci\u00f3 Rafa Nadal.<\/p>\n\n\n\n<figure class=\"wp-block-image size-large\"><img loading=\"lazy\" decoding=\"async\" width=\"1024\" height=\"608\" src=\"https:\/\/www.fundacionrafanadal.quelinka.es\/wp-content\/uploads\/2025\/06\/JoseNPL-1024x608.jpg\" alt=\"\" class=\"wp-image-25702\" srcset=\"https:\/\/fundacionrafanadal.quelinka.es\/wp-content\/uploads\/2025\/06\/JoseNPL-1024x608.jpg 1024w, https:\/\/fundacionrafanadal.quelinka.es\/wp-content\/uploads\/2025\/06\/JoseNPL-300x178.jpg 300w, https:\/\/fundacionrafanadal.quelinka.es\/wp-content\/uploads\/2025\/06\/JoseNPL-768x456.jpg 768w, https:\/\/fundacionrafanadal.quelinka.es\/wp-content\/uploads\/2025\/06\/JoseNPL.jpg 1104w\" sizes=\"auto, (max-width: 1024px) 100vw, 1024px\" \/><\/figure>\n\n\n\n<h2 class=\"wp-block-heading\"><strong>Des de la Fundaci\u00f3 Rafa Nadal, celebrem formar part d\u2019aquest moviment global i continuar sumant esfor\u00e7os per un futur amb m\u00e9s oportunitats per a la inf\u00e0ncia.<\/strong><\/h2>\n<\/div><\/div>\n","protected":false},"excerpt":{"rendered":"<p>LA FUNDACI\u00d3 RAFA NADAL ASSISTEIX A LA GALA &#8220;THE POWER OF POSTCODES 2025&#8221; DEL NATIONAL POSTCODE LOTERIJ A LA HAIA Jos\u00e9 Ruiz, director adjunt de la Fundaci\u00f3 Rafa Nadal, va ser present a La Haia amb motiu de la gala anual &#8220;The Power of Postcodes 2025&#8221;, organitzada pel nostre aliat National Postcode Loterij. Aquest esdeveniment [&hellip;]<\/p>\n","protected":false},"author":14,"featured_media":25700,"parent":24097,"menu_order":0,"comment_status":"closed","ping_status":"closed","template":"","meta":{"_acf_changed":false,"give_campaign_id":0,"_monsterinsights_skip_tracking":false,"_monsterinsights_sitenote_active":false,"_monsterinsights_sitenote_note":"","_monsterinsights_sitenote_category":0,"site-sidebar-layout":"default","site-content-layout":"","ast-site-content-layout":"default","site-content-style":"default","site-sidebar-style":"default","ast-global-header-display":"","ast-banner-title-visibility":"","ast-main-header-display":"","ast-hfb-above-header-display":"","ast-hfb-below-header-display":"","ast-hfb-mobile-header-display":"","site-post-title":"disabled","ast-breadcrumbs-content":"","ast-featured-img":"","footer-sml-layout":"","ast-disable-related-posts":"","theme-transparent-header-meta":"","adv-header-id-meta":"","stick-header-meta":"","header-above-stick-meta":"","header-main-stick-meta":"","header-below-stick-meta":"","astra-migrate-meta-layouts":"set","ast-page-background-enabled":"default","ast-page-background-meta":{"desktop":{"background-color":"var(--ast-global-color-4)","background-image":"","background-repeat":"repeat","background-position":"center center","background-size":"auto","background-attachment":"scroll","background-type":"","background-media":"","overlay-type":"","overlay-color":"","overlay-opacity":"","overlay-gradient":""},"tablet":{"background-color":"","background-image":"","background-repeat":"repeat","background-position":"center center","background-size":"auto","background-attachment":"scroll","background-type":"","background-media":"","overlay-type":"","overlay-color":"","overlay-opacity":"","overlay-gradient":""},"mobile":{"background-color":"","background-image":"","background-repeat":"repeat","background-position":"center center","background-size":"auto","background-attachment":"scroll","background-type":"","background-media":"","overlay-type":"","overlay-color":"","overlay-opacity":"","overlay-gradient":""}},"ast-content-background-meta":{"desktop":{"background-color":"var(--ast-global-color-5)","background-image":"","background-repeat":"repeat","background-position":"center center","background-size":"auto","background-attachment":"scroll","background-type":"","background-media":"","overlay-type":"","overlay-color":"","overlay-opacity":"","overlay-gradient":""},"tablet":{"background-color":"var(--ast-global-color-5)","background-image":"","background-repeat":"repeat","background-position":"center center","background-size":"auto","background-attachment":"scroll","background-type":"","background-media":"","overlay-type":"","overlay-color":"","overlay-opacity":"","overlay-gradient":""},"mobile":{"background-color":"var(--ast-global-color-5)","background-image":"","background-repeat":"repeat","background-position":"center center","background-size":"auto","background-attachment":"scroll","background-type":"","background-media":"","overlay-type":"","overlay-color":"","overlay-opacity":"","overlay-gradient":""}},"_themeisle_gutenberg_block_has_review":false,"footnotes":""},"class_list":["post-25697","page","type-page","status-publish","has-post-thumbnail","hentry"],"acf":[],"yoast_head":"<!-- This site is optimized with the Yoast SEO plugin v26.8 - https:\/\/yoast.com\/product\/yoast-seo-wordpress\/ -->\n<title>La Fundaci\u00f3 Rafa Nadal assisteix a la gala &quot;The Power of Postcodes 2025&quot; del National Postcode Loterij a La Haia - Fundaci\u00f3n Rafa Nadal<\/title>\n<meta name=\"robots\" content=\"noindex, follow, max-snippet:-1, max-image-preview:large, max-video-preview:-1\" \/>\n<meta property=\"og:locale\" content=\"ca_ES\" \/>\n<meta property=\"og:type\" content=\"article\" \/>\n<meta property=\"og:title\" content=\"La Fundaci\u00f3 Rafa Nadal assisteix a la gala &quot;The Power of Postcodes 2025&quot; del National Postcode Loterij a La Haia - Fundaci\u00f3n Rafa Nadal\" \/>\n<meta property=\"og:description\" content=\"LA FUNDACI\u00d3 RAFA NADAL ASSISTEIX A LA GALA &#8220;THE POWER OF POSTCODES 2025&#8221; DEL NATIONAL POSTCODE LOTERIJ A LA HAIA Jos\u00e9 Ruiz, director adjunt de la Fundaci\u00f3 Rafa Nadal, va ser present a La Haia amb motiu de la gala anual &#8220;The Power of Postcodes 2025&#8221;, organitzada pel nostre aliat National Postcode Loterij. Aquest esdeveniment [&hellip;]\" \/>\n<meta property=\"og:url\" content=\"https:\/\/fundacionrafanadal.quelinka.es\/ca\/coneix-nos\/noticies\/noticies-2025\/la-fundacio-rafa-nadal-assisteix-a-la-gala-the-power-of-postcodes-2025-del-national-postcode-loterij-a-la-haia\/\" \/>\n<meta property=\"og:site_name\" content=\"Fundaci\u00f3n Rafa Nadal\" \/>\n<meta property=\"article:modified_time\" content=\"2025-06-17T09:18:13+00:00\" \/>\n<meta property=\"og:image\" content=\"https:\/\/fundacionrafanadal.quelinka.es\/wp-content\/uploads\/2025\/06\/Portada_noticia.jpg\" \/>\n\t<meta property=\"og:image:width\" content=\"770\" \/>\n\t<meta property=\"og:image:height\" content=\"617\" \/>\n\t<meta property=\"og:image:type\" content=\"image\/jpeg\" \/>\n<meta name=\"twitter:card\" content=\"summary_large_image\" \/>\n<meta name=\"twitter:label1\" content=\"Temps estimat de lectura\" \/>\n\t<meta name=\"twitter:data1\" content=\"4 minuts\" \/>\n<script type=\"application\/ld+json\" class=\"yoast-schema-graph\">{\"@context\":\"https:\/\/schema.org\",\"@graph\":[{\"@type\":\"WebPage\",\"@id\":\"https:\/\/fundacionrafanadal.quelinka.es\/ca\/coneix-nos\/noticies\/noticies-2025\/la-fundacio-rafa-nadal-assisteix-a-la-gala-the-power-of-postcodes-2025-del-national-postcode-loterij-a-la-haia\/\",\"url\":\"https:\/\/fundacionrafanadal.quelinka.es\/ca\/coneix-nos\/noticies\/noticies-2025\/la-fundacio-rafa-nadal-assisteix-a-la-gala-the-power-of-postcodes-2025-del-national-postcode-loterij-a-la-haia\/\",\"name\":\"La Fundaci\u00f3 Rafa Nadal assisteix a la gala \\\"The Power of Postcodes 2025\\\" del National Postcode Loterij a La Haia - Fundaci\u00f3n Rafa Nadal\",\"isPartOf\":{\"@id\":\"https:\/\/fundacionrafanadal.quelinka.es\/ca\/#website\"},\"primaryImageOfPage\":{\"@id\":\"https:\/\/fundacionrafanadal.quelinka.es\/ca\/coneix-nos\/noticies\/noticies-2025\/la-fundacio-rafa-nadal-assisteix-a-la-gala-the-power-of-postcodes-2025-del-national-postcode-loterij-a-la-haia\/#primaryimage\"},\"image\":{\"@id\":\"https:\/\/fundacionrafanadal.quelinka.es\/ca\/coneix-nos\/noticies\/noticies-2025\/la-fundacio-rafa-nadal-assisteix-a-la-gala-the-power-of-postcodes-2025-del-national-postcode-loterij-a-la-haia\/#primaryimage\"},\"thumbnailUrl\":\"https:\/\/fundacionrafanadal.quelinka.es\/wp-content\/uploads\/2025\/06\/Portada_noticia.jpg\",\"datePublished\":\"2025-06-17T08:55:21+00:00\",\"dateModified\":\"2025-06-17T09:18:13+00:00\",\"breadcrumb\":{\"@id\":\"https:\/\/fundacionrafanadal.quelinka.es\/ca\/coneix-nos\/noticies\/noticies-2025\/la-fundacio-rafa-nadal-assisteix-a-la-gala-the-power-of-postcodes-2025-del-national-postcode-loterij-a-la-haia\/#breadcrumb\"},\"inLanguage\":\"ca\",\"potentialAction\":[{\"@type\":\"ReadAction\",\"target\":[\"https:\/\/fundacionrafanadal.quelinka.es\/ca\/coneix-nos\/noticies\/noticies-2025\/la-fundacio-rafa-nadal-assisteix-a-la-gala-the-power-of-postcodes-2025-del-national-postcode-loterij-a-la-haia\/\"]}]},{\"@type\":\"ImageObject\",\"inLanguage\":\"ca\",\"@id\":\"https:\/\/fundacionrafanadal.quelinka.es\/ca\/coneix-nos\/noticies\/noticies-2025\/la-fundacio-rafa-nadal-assisteix-a-la-gala-the-power-of-postcodes-2025-del-national-postcode-loterij-a-la-haia\/#primaryimage\",\"url\":\"https:\/\/fundacionrafanadal.quelinka.es\/wp-content\/uploads\/2025\/06\/Portada_noticia.jpg\",\"contentUrl\":\"https:\/\/fundacionrafanadal.quelinka.es\/wp-content\/uploads\/2025\/06\/Portada_noticia.jpg\",\"width\":770,\"height\":617},{\"@type\":\"BreadcrumbList\",\"@id\":\"https:\/\/fundacionrafanadal.quelinka.es\/ca\/coneix-nos\/noticies\/noticies-2025\/la-fundacio-rafa-nadal-assisteix-a-la-gala-the-power-of-postcodes-2025-del-national-postcode-loterij-a-la-haia\/#breadcrumb\",\"itemListElement\":[{\"@type\":\"ListItem\",\"position\":1,\"name\":\"Portada\",\"item\":\"https:\/\/fundacionrafanadal.quelinka.es\/ca\/\"},{\"@type\":\"ListItem\",\"position\":2,\"name\":\"Coneix-nos\",\"item\":\"https:\/\/fundacionrafanadal.quelinka.es\/ca\/conocenos\/\"},{\"@type\":\"ListItem\",\"position\":3,\"name\":\"Not\u00edcies\",\"item\":\"https:\/\/fundacionrafanadal.quelinka.es\/ca\/conocenos\/noticias\/\"},{\"@type\":\"ListItem\",\"position\":4,\"name\":\"Not\u00edcies 2025\",\"item\":\"https:\/\/fundacionrafanadal.quelinka.es\/ca\/conocenos\/noticias\/noticias-2025\/\"},{\"@type\":\"ListItem\",\"position\":5,\"name\":\"La Fundaci\u00f3 Rafa Nadal assisteix a la gala &#8220;The Power of Postcodes 2025&#8221; del National Postcode Loterij a La Haia\"}]},{\"@type\":\"WebSite\",\"@id\":\"https:\/\/fundacionrafanadal.quelinka.es\/ca\/#website\",\"url\":\"https:\/\/fundacionrafanadal.quelinka.es\/ca\/\",\"name\":\"Fundaci\u00f3n Rafa Nadal\",\"description\":\"A trav\u00e9s del deporte y la educaci\u00f3n, promovemos la integraci\u00f3n y el desarrollo personal y social de ni\u00f1os y j\u00f3venes. En Espa\u00f1a y la India.\",\"publisher\":{\"@id\":\"https:\/\/fundacionrafanadal.quelinka.es\/ca\/#organization\"},\"potentialAction\":[{\"@type\":\"SearchAction\",\"target\":{\"@type\":\"EntryPoint\",\"urlTemplate\":\"https:\/\/fundacionrafanadal.quelinka.es\/ca\/?s={search_term_string}\"},\"query-input\":{\"@type\":\"PropertyValueSpecification\",\"valueRequired\":true,\"valueName\":\"search_term_string\"}}],\"inLanguage\":\"ca\"},{\"@type\":\"Organization\",\"@id\":\"https:\/\/fundacionrafanadal.quelinka.es\/ca\/#organization\",\"name\":\"Fundaci\u00f3n Rafa Nadal\",\"url\":\"https:\/\/fundacionrafanadal.quelinka.es\/ca\/\",\"logo\":{\"@type\":\"ImageObject\",\"inLanguage\":\"ca\",\"@id\":\"https:\/\/fundacionrafanadal.quelinka.es\/ca\/#\/schema\/logo\/image\/\",\"url\":\"https:\/\/fundacionrafanadal.quelinka.es\/wp-content\/uploads\/2022\/09\/logo-frn-web-3.png\",\"contentUrl\":\"https:\/\/fundacionrafanadal.quelinka.es\/wp-content\/uploads\/2022\/09\/logo-frn-web-3.png\",\"width\":551,\"height\":140,\"caption\":\"Fundaci\u00f3n Rafa Nadal\"},\"image\":{\"@id\":\"https:\/\/fundacionrafanadal.quelinka.es\/ca\/#\/schema\/logo\/image\/\"}}]}<\/script>\n<!-- \/ Yoast SEO plugin. -->","yoast_head_json":{"title":"La Fundaci\u00f3 Rafa Nadal assisteix a la gala \"The Power of Postcodes 2025\" del National Postcode Loterij a La Haia - Fundaci\u00f3n Rafa Nadal","robots":{"index":"noindex","follow":"follow","max-snippet":"max-snippet:-1","max-image-preview":"max-image-preview:large","max-video-preview":"max-video-preview:-1"},"og_locale":"ca_ES","og_type":"article","og_title":"La Fundaci\u00f3 Rafa Nadal assisteix a la gala \"The Power of Postcodes 2025\" del National Postcode Loterij a La Haia - Fundaci\u00f3n Rafa Nadal","og_description":"LA FUNDACI\u00d3 RAFA NADAL ASSISTEIX A LA GALA &#8220;THE POWER OF POSTCODES 2025&#8221; DEL NATIONAL POSTCODE LOTERIJ A LA HAIA Jos\u00e9 Ruiz, director adjunt de la Fundaci\u00f3 Rafa Nadal, va ser present a La Haia amb motiu de la gala anual &#8220;The Power of Postcodes 2025&#8221;, organitzada pel nostre aliat National Postcode Loterij. Aquest esdeveniment [&hellip;]","og_url":"https:\/\/fundacionrafanadal.quelinka.es\/ca\/coneix-nos\/noticies\/noticies-2025\/la-fundacio-rafa-nadal-assisteix-a-la-gala-the-power-of-postcodes-2025-del-national-postcode-loterij-a-la-haia\/","og_site_name":"Fundaci\u00f3n Rafa Nadal","article_modified_time":"2025-06-17T09:18:13+00:00","og_image":[{"width":770,"height":617,"url":"https:\/\/fundacionrafanadal.quelinka.es\/wp-content\/uploads\/2025\/06\/Portada_noticia.jpg","type":"image\/jpeg"}],"twitter_card":"summary_large_image","twitter_misc":{"Temps estimat de lectura":"4 minuts"},"schema":{"@context":"https:\/\/schema.org","@graph":[{"@type":"WebPage","@id":"https:\/\/fundacionrafanadal.quelinka.es\/ca\/coneix-nos\/noticies\/noticies-2025\/la-fundacio-rafa-nadal-assisteix-a-la-gala-the-power-of-postcodes-2025-del-national-postcode-loterij-a-la-haia\/","url":"https:\/\/fundacionrafanadal.quelinka.es\/ca\/coneix-nos\/noticies\/noticies-2025\/la-fundacio-rafa-nadal-assisteix-a-la-gala-the-power-of-postcodes-2025-del-national-postcode-loterij-a-la-haia\/","name":"La Fundaci\u00f3 Rafa Nadal assisteix a la gala \"The Power of Postcodes 2025\" del National Postcode Loterij a La Haia - Fundaci\u00f3n Rafa Nadal","isPartOf":{"@id":"https:\/\/fundacionrafanadal.quelinka.es\/ca\/#website"},"primaryImageOfPage":{"@id":"https:\/\/fundacionrafanadal.quelinka.es\/ca\/coneix-nos\/noticies\/noticies-2025\/la-fundacio-rafa-nadal-assisteix-a-la-gala-the-power-of-postcodes-2025-del-national-postcode-loterij-a-la-haia\/#primaryimage"},"image":{"@id":"https:\/\/fundacionrafanadal.quelinka.es\/ca\/coneix-nos\/noticies\/noticies-2025\/la-fundacio-rafa-nadal-assisteix-a-la-gala-the-power-of-postcodes-2025-del-national-postcode-loterij-a-la-haia\/#primaryimage"},"thumbnailUrl":"https:\/\/fundacionrafanadal.quelinka.es\/wp-content\/uploads\/2025\/06\/Portada_noticia.jpg","datePublished":"2025-06-17T08:55:21+00:00","dateModified":"2025-06-17T09:18:13+00:00","breadcrumb":{"@id":"https:\/\/fundacionrafanadal.quelinka.es\/ca\/coneix-nos\/noticies\/noticies-2025\/la-fundacio-rafa-nadal-assisteix-a-la-gala-the-power-of-postcodes-2025-del-national-postcode-loterij-a-la-haia\/#breadcrumb"},"inLanguage":"ca","potentialAction":[{"@type":"ReadAction","target":["https:\/\/fundacionrafanadal.quelinka.es\/ca\/coneix-nos\/noticies\/noticies-2025\/la-fundacio-rafa-nadal-assisteix-a-la-gala-the-power-of-postcodes-2025-del-national-postcode-loterij-a-la-haia\/"]}]},{"@type":"ImageObject","inLanguage":"ca","@id":"https:\/\/fundacionrafanadal.quelinka.es\/ca\/coneix-nos\/noticies\/noticies-2025\/la-fundacio-rafa-nadal-assisteix-a-la-gala-the-power-of-postcodes-2025-del-national-postcode-loterij-a-la-haia\/#primaryimage","url":"https:\/\/fundacionrafanadal.quelinka.es\/wp-content\/uploads\/2025\/06\/Portada_noticia.jpg","contentUrl":"https:\/\/fundacionrafanadal.quelinka.es\/wp-content\/uploads\/2025\/06\/Portada_noticia.jpg","width":770,"height":617},{"@type":"BreadcrumbList","@id":"https:\/\/fundacionrafanadal.quelinka.es\/ca\/coneix-nos\/noticies\/noticies-2025\/la-fundacio-rafa-nadal-assisteix-a-la-gala-the-power-of-postcodes-2025-del-national-postcode-loterij-a-la-haia\/#breadcrumb","itemListElement":[{"@type":"ListItem","position":1,"name":"Portada","item":"https:\/\/fundacionrafanadal.quelinka.es\/ca\/"},{"@type":"ListItem","position":2,"name":"Coneix-nos","item":"https:\/\/fundacionrafanadal.quelinka.es\/ca\/conocenos\/"},{"@type":"ListItem","position":3,"name":"Not\u00edcies","item":"https:\/\/fundacionrafanadal.quelinka.es\/ca\/conocenos\/noticias\/"},{"@type":"ListItem","position":4,"name":"Not\u00edcies 2025","item":"https:\/\/fundacionrafanadal.quelinka.es\/ca\/conocenos\/noticias\/noticias-2025\/"},{"@type":"ListItem","position":5,"name":"La Fundaci\u00f3 Rafa Nadal assisteix a la gala &#8220;The Power of Postcodes 2025&#8221; del National Postcode Loterij a La Haia"}]},{"@type":"WebSite","@id":"https:\/\/fundacionrafanadal.quelinka.es\/ca\/#website","url":"https:\/\/fundacionrafanadal.quelinka.es\/ca\/","name":"Fundaci\u00f3n Rafa Nadal","description":"A trav\u00e9s del deporte y la educaci\u00f3n, promovemos la integraci\u00f3n y el desarrollo personal y social de ni\u00f1os y j\u00f3venes. En Espa\u00f1a y la India.","publisher":{"@id":"https:\/\/fundacionrafanadal.quelinka.es\/ca\/#organization"},"potentialAction":[{"@type":"SearchAction","target":{"@type":"EntryPoint","urlTemplate":"https:\/\/fundacionrafanadal.quelinka.es\/ca\/?s={search_term_string}"},"query-input":{"@type":"PropertyValueSpecification","valueRequired":true,"valueName":"search_term_string"}}],"inLanguage":"ca"},{"@type":"Organization","@id":"https:\/\/fundacionrafanadal.quelinka.es\/ca\/#organization","name":"Fundaci\u00f3n Rafa Nadal","url":"https:\/\/fundacionrafanadal.quelinka.es\/ca\/","logo":{"@type":"ImageObject","inLanguage":"ca","@id":"https:\/\/fundacionrafanadal.quelinka.es\/ca\/#\/schema\/logo\/image\/","url":"https:\/\/fundacionrafanadal.quelinka.es\/wp-content\/uploads\/2022\/09\/logo-frn-web-3.png","contentUrl":"https:\/\/fundacionrafanadal.quelinka.es\/wp-content\/uploads\/2022\/09\/logo-frn-web-3.png","width":551,"height":140,"caption":"Fundaci\u00f3n Rafa Nadal"},"image":{"@id":"https:\/\/fundacionrafanadal.quelinka.es\/ca\/#\/schema\/logo\/image\/"}}]}},"campaignId":"","_links":{"self":[{"href":"https:\/\/fundacionrafanadal.quelinka.es\/ca\/wp-json\/wp\/v2\/pages\/25697","targetHints":{"allow":["GET"]}}],"collection":[{"href":"https:\/\/fundacionrafanadal.quelinka.es\/ca\/wp-json\/wp\/v2\/pages"}],"about":[{"href":"https:\/\/fundacionrafanadal.quelinka.es\/ca\/wp-json\/wp\/v2\/types\/page"}],"author":[{"embeddable":true,"href":"https:\/\/fundacionrafanadal.quelinka.es\/ca\/wp-json\/wp\/v2\/users\/14"}],"replies":[{"embeddable":true,"href":"https:\/\/fundacionrafanadal.quelinka.es\/ca\/wp-json\/wp\/v2\/comments?post=25697"}],"version-history":[{"count":1,"href":"https:\/\/fundacionrafanadal.quelinka.es\/ca\/wp-json\/wp\/v2\/pages\/25697\/revisions"}],"predecessor-version":[{"id":25706,"href":"https:\/\/fundacionrafanadal.quelinka.es\/ca\/wp-json\/wp\/v2\/pages\/25697\/revisions\/25706"}],"up":[{"embeddable":true,"href":"https:\/\/fundacionrafanadal.quelinka.es\/ca\/wp-json\/wp\/v2\/pages\/24097"}],"wp:featuredmedia":[{"embeddable":true,"href":"https:\/\/fundacionrafanadal.quelinka.es\/ca\/wp-json\/wp\/v2\/media\/25700"}],"wp:attachment":[{"href":"https:\/\/fundacionrafanadal.quelinka.es\/ca\/wp-json\/wp\/v2\/media?parent=25697"}],"curies":[{"name":"wp","href":"https:\/\/api.w.org\/{rel}","templated":true}]}}