{"id":27107,"date":"2025-09-24T12:07:59","date_gmt":"2025-09-24T12:07:59","guid":{"rendered":"https:\/\/www.fundacionrafanadal.org\/?page_id=27107"},"modified":"2025-09-24T12:08:24","modified_gmt":"2025-09-24T12:08:24","slug":"xxxv-torneig-de-golf-robinson-classic-a-benefici-de-la-fundacio-rafa-nadal","status":"publish","type":"page","link":"https:\/\/fundacionrafanadal.quelinka.es\/ca\/coneix-nos\/noticies\/noticies-2025\/xxxv-torneig-de-golf-robinson-classic-a-benefici-de-la-fundacio-rafa-nadal\/","title":{"rendered":"XXXV Torneig De Golf Robinson Classic A Benefici De La Fundaci\u00f3 Rafa Nadal"},"content":{"rendered":"\n<div class=\"inherit-container-width wp-block-group is-layout-constrained wp-block-group-is-layout-constrained\"><div class=\"wp-block-group__inner-container\">\n<div class=\"wp-block-media-text alignfull is-stacked-on-mobile is-image-fill has-background\" style=\"background-color:#ddac31\"><figure class=\"wp-block-media-text__media\" style=\"background-image:url(https:\/\/www.fundacionrafanadal.quelinka.es\/wp-content\/uploads\/2022\/07\/ISM08879.png);background-position:50% 50%\"><img loading=\"lazy\" decoding=\"async\" width=\"900\" height=\"399\" src=\"https:\/\/www.fundacionrafanadal.quelinka.es\/wp-content\/uploads\/2022\/07\/ISM08879.png\" alt=\"\" class=\"wp-image-9879 size-full\" srcset=\"https:\/\/fundacionrafanadal.quelinka.es\/wp-content\/uploads\/2022\/07\/ISM08879.png 900w, https:\/\/fundacionrafanadal.quelinka.es\/wp-content\/uploads\/2022\/07\/ISM08879-300x133.png 300w, https:\/\/fundacionrafanadal.quelinka.es\/wp-content\/uploads\/2022\/07\/ISM08879-768x340.png 768w\" sizes=\"auto, (max-width: 900px) 100vw, 900px\" \/><\/figure><div class=\"wp-block-media-text__content\">\n<div style=\"height:30px\" aria-hidden=\"true\" class=\"wp-block-spacer\"><\/div>\n\n\n\n<h2 class=\"has-ast-global-color-5-color has-text-color wp-block-heading\" style=\"font-size:48px\"><strong>Not\u00edcies<\/strong><\/h2>\n\n\n\n<div style=\"height:200px\" aria-hidden=\"true\" class=\"wp-block-spacer\"><\/div>\n<\/div><\/div>\n\n\n\n<p><\/p>\n\n\n<div class=\"wp-block-post-date\"><time datetime=\"2025-09-24T12:07:59+02:00\">24 de setembre de 2025<\/time><\/div>\n\n\n<h2 class=\"wp-block-heading has-medium-font-size\" style=\"text-transform:uppercase\"><strong><strong><strong>XXXV TORNEIG DE GOLF ROBINSON CLASSIC A BENEFICI DE LA FUNDACI\u00d3 RAFA NADAL<\/strong><\/strong><\/strong><\/h2>\n\n\n\n<figure class=\"wp-block-image alignwide size-full\"><img loading=\"lazy\" decoding=\"async\" width=\"2560\" height=\"2048\" src=\"https:\/\/www.fundacionrafanadal.quelinka.es\/wp-content\/uploads\/2025\/09\/Rbs_001-scaled.jpg\" alt=\"\" class=\"wp-image-27110\" srcset=\"https:\/\/fundacionrafanadal.quelinka.es\/wp-content\/uploads\/2025\/09\/Rbs_001-scaled.jpg 2560w, https:\/\/fundacionrafanadal.quelinka.es\/wp-content\/uploads\/2025\/09\/Rbs_001-300x240.jpg 300w, https:\/\/fundacionrafanadal.quelinka.es\/wp-content\/uploads\/2025\/09\/Rbs_001-1024x819.jpg 1024w, https:\/\/fundacionrafanadal.quelinka.es\/wp-content\/uploads\/2025\/09\/Rbs_001-768x614.jpg 768w, https:\/\/fundacionrafanadal.quelinka.es\/wp-content\/uploads\/2025\/09\/Rbs_001-1536x1229.jpg 1536w, https:\/\/fundacionrafanadal.quelinka.es\/wp-content\/uploads\/2025\/09\/Rbs_001-2048x1638.jpg 2048w\" sizes=\"auto, (max-width: 2560px) 100vw, 2560px\" \/><\/figure>\n\n\n\n<h2 class=\"wp-block-heading\"><\/h2>\n\n\n\n<p>El dissabte 6 de setembre, el camp de golf Vall d\u2019Or va tornar a ser escenari del XXXV Torneig de Golf Solidari ROBINSON Classic. El torneig, organitzat pel ROBINSON CALA SERENA, \u00e9s el torneig de golf que m\u00e9s vegades s\u2019ha celebrat a les Balears, des de 1988. Una cita que any rere any guanya protagonisme en el calendari social i esportiu de Mallorca.<\/p>\n\n\n\n<h2 class=\"wp-block-heading\"><strong>En aquesta ocasi\u00f3, la recaptaci\u00f3 va assolir la xifra r\u00e8cord de 180.000 euros, que es destinaran \u00edntegrament als programes educatius i socials que desenvolupa la Fundaci\u00f3 Rafa Nadal a Espanya i l\u2019\u00cdndia.<\/strong><\/h2>\n\n\n\n<p>La jornada va congregar representants institucionals, esportistes i empresaris, que es van sumar als aficionats al golf per compartir un dia marcat per l\u2019esperit solidari. Un dels moments de m\u00e9s expectaci\u00f3 fou la subhasta solid\u00e0ria, en qu\u00e8 es varen licitar equipacions exclusives donades per figures de l\u2019esport, com Rafael Nadal i Roger Federer, contribuint de manera decisiva a la xifra final obtinguda.<\/p>\n\n\n\n<figure class=\"wp-block-image size-large\"><img loading=\"lazy\" decoding=\"async\" width=\"1024\" height=\"820\" src=\"https:\/\/www.fundacionrafanadal.quelinka.es\/wp-content\/uploads\/2025\/09\/RBS_002-1024x820.jpg\" alt=\"\" class=\"wp-image-27112\" srcset=\"https:\/\/fundacionrafanadal.quelinka.es\/wp-content\/uploads\/2025\/09\/RBS_002-1024x820.jpg 1024w, https:\/\/fundacionrafanadal.quelinka.es\/wp-content\/uploads\/2025\/09\/RBS_002-300x240.jpg 300w, https:\/\/fundacionrafanadal.quelinka.es\/wp-content\/uploads\/2025\/09\/RBS_002-768x615.jpg 768w, https:\/\/fundacionrafanadal.quelinka.es\/wp-content\/uploads\/2025\/09\/RBS_002.jpg 1308w\" sizes=\"auto, (max-width: 1024px) 100vw, 1024px\" \/><\/figure>\n\n\n\n<p>El total recaptat \u2014fruit de les inscripcions o \u201cfee\u201d dels jugadors, les donacions particulars i les licitacions realitzades durant l\u2019esdeveniment\u2014 reflecteix la implicaci\u00f3 de la societat mallorquina, de la comunitat golfista del club de golf Vall d\u2019Or i, de manera destacada, del ROBINSON CALA SERENA en el suport a les iniciatives socials de la Fundaci\u00f3.<\/p>\n\n\n\n<p>A m\u00e9s de competir en un entorn privilegiat, els jugadors i assistents varen poder viure una experi\u00e8ncia \u00fanica en un dels camps de golf m\u00e9s emblem\u00e0tics de l\u2019illa, on la voluntat d\u2019ajudar fou present en tot moment.<\/p>\n\n\n\n<p>La cerim\u00f2nia de cloenda tingu\u00e9 com a punt culminant el lliurament simb\u00f2lic del xec, en qu\u00e8 Rafael Nadal agra\u00ed personalment l\u2019esfor\u00e7 de tots els participants, recordant la import\u00e0ncia de continuar col\u00b7laborant per transformar realitats a trav\u00e9s de l\u2019educaci\u00f3 i l\u2019esport.<\/p>\n\n\n\n<p>Amb aquesta trenta-cinquena edici\u00f3, el ROBINSON Classic es consolida com una de les principals cites solid\u00e0ries de Mallorca i amb aquesta s\u00e8rie de tornejos el ROBINSON CALA SERENA ha contribu\u00eft amb m\u00e9s de 680.000 euros a favor de la Fundaci\u00f3 Rafa Nadal.<\/p>\n\n\n\n<figure class=\"wp-block-image size-large\"><img loading=\"lazy\" decoding=\"async\" width=\"1024\" height=\"819\" src=\"https:\/\/www.fundacionrafanadal.quelinka.es\/wp-content\/uploads\/2025\/09\/RBS_003-1024x819.jpg\" alt=\"\" class=\"wp-image-27115\" srcset=\"https:\/\/fundacionrafanadal.quelinka.es\/wp-content\/uploads\/2025\/09\/RBS_003-1024x819.jpg 1024w, https:\/\/fundacionrafanadal.quelinka.es\/wp-content\/uploads\/2025\/09\/RBS_003-300x240.jpg 300w, https:\/\/fundacionrafanadal.quelinka.es\/wp-content\/uploads\/2025\/09\/RBS_003-768x614.jpg 768w, https:\/\/fundacionrafanadal.quelinka.es\/wp-content\/uploads\/2025\/09\/RBS_003.jpg 1334w\" sizes=\"auto, (max-width: 1024px) 100vw, 1024px\" \/><\/figure>\n\n\n\n<p>Des de l\u2019organitzaci\u00f3 s\u2019ha transm\u00e8s un profund agra\u00efment als patrocinadors, col\u00b7laboradors i assistents que han fet possible aquest nou \u00e8xit. Una vegada m\u00e9s, el torneig confirma que la uni\u00f3 entre esport i solidaritat \u00e9s capa\u00e7 de generar un impacte positiu i durador.<\/p>\n\n\n\n<h2 class=\"wp-block-heading\">De cara al futur, la mirada ja est\u00e0 posada en el XXXVI Torneig de Golf ROBINSON Classic, amb la confian\u00e7a que la propera edici\u00f3 tornar\u00e0 a superar expectatives i a refor\u00e7ar aquest comprom\u00eds compartit amb els qui m\u00e9s ho necessiten.<\/h2>\n<\/div><\/div>\n","protected":false},"excerpt":{"rendered":"<p>XXXV TORNEIG DE GOLF ROBINSON CLASSIC A BENEFICI DE LA FUNDACI\u00d3 RAFA NADAL El dissabte 6 de setembre, el camp de golf Vall d\u2019Or va tornar a ser escenari del XXXV Torneig de Golf Solidari ROBINSON Classic. El torneig, organitzat pel ROBINSON CALA SERENA, \u00e9s el torneig de golf que m\u00e9s vegades s\u2019ha celebrat a [&hellip;]<\/p>\n","protected":false},"author":14,"featured_media":27110,"parent":24097,"menu_order":0,"comment_status":"closed","ping_status":"closed","template":"","meta":{"_acf_changed":false,"give_campaign_id":0,"_monsterinsights_skip_tracking":false,"_monsterinsights_sitenote_active":false,"_monsterinsights_sitenote_note":"","_monsterinsights_sitenote_category":0,"site-sidebar-layout":"default","site-content-layout":"","ast-site-content-layout":"default","site-content-style":"default","site-sidebar-style":"default","ast-global-header-display":"","ast-banner-title-visibility":"","ast-main-header-display":"","ast-hfb-above-header-display":"","ast-hfb-below-header-display":"","ast-hfb-mobile-header-display":"","site-post-title":"disabled","ast-breadcrumbs-content":"","ast-featured-img":"","footer-sml-layout":"","ast-disable-related-posts":"","theme-transparent-header-meta":"","adv-header-id-meta":"","stick-header-meta":"","header-above-stick-meta":"","header-main-stick-meta":"","header-below-stick-meta":"","astra-migrate-meta-layouts":"set","ast-page-background-enabled":"default","ast-page-background-meta":{"desktop":{"background-color":"var(--ast-global-color-4)","background-image":"","background-repeat":"repeat","background-position":"center center","background-size":"auto","background-attachment":"scroll","background-type":"","background-media":"","overlay-type":"","overlay-color":"","overlay-opacity":"","overlay-gradient":""},"tablet":{"background-color":"","background-image":"","background-repeat":"repeat","background-position":"center center","background-size":"auto","background-attachment":"scroll","background-type":"","background-media":"","overlay-type":"","overlay-color":"","overlay-opacity":"","overlay-gradient":""},"mobile":{"background-color":"","background-image":"","background-repeat":"repeat","background-position":"center center","background-size":"auto","background-attachment":"scroll","background-type":"","background-media":"","overlay-type":"","overlay-color":"","overlay-opacity":"","overlay-gradient":""}},"ast-content-background-meta":{"desktop":{"background-color":"var(--ast-global-color-5)","background-image":"","background-repeat":"repeat","background-position":"center center","background-size":"auto","background-attachment":"scroll","background-type":"","background-media":"","overlay-type":"","overlay-color":"","overlay-opacity":"","overlay-gradient":""},"tablet":{"background-color":"var(--ast-global-color-5)","background-image":"","background-repeat":"repeat","background-position":"center center","background-size":"auto","background-attachment":"scroll","background-type":"","background-media":"","overlay-type":"","overlay-color":"","overlay-opacity":"","overlay-gradient":""},"mobile":{"background-color":"var(--ast-global-color-5)","background-image":"","background-repeat":"repeat","background-position":"center center","background-size":"auto","background-attachment":"scroll","background-type":"","background-media":"","overlay-type":"","overlay-color":"","overlay-opacity":"","overlay-gradient":""}},"_themeisle_gutenberg_block_has_review":false,"footnotes":""},"class_list":["post-27107","page","type-page","status-publish","has-post-thumbnail","hentry"],"acf":[],"yoast_head":"<!-- This site is optimized with the Yoast SEO plugin v26.8 - https:\/\/yoast.com\/product\/yoast-seo-wordpress\/ -->\n<title>XXXV Torneig De Golf Robinson Classic A Benefici De La Fundaci\u00f3 Rafa Nadal - Fundaci\u00f3n Rafa Nadal<\/title>\n<meta name=\"robots\" content=\"noindex, follow, max-snippet:-1, max-image-preview:large, max-video-preview:-1\" \/>\n<meta property=\"og:locale\" content=\"ca_ES\" \/>\n<meta property=\"og:type\" content=\"article\" \/>\n<meta property=\"og:title\" content=\"XXXV Torneig De Golf Robinson Classic A Benefici De La Fundaci\u00f3 Rafa Nadal - Fundaci\u00f3n Rafa Nadal\" \/>\n<meta property=\"og:description\" content=\"XXXV TORNEIG DE GOLF ROBINSON CLASSIC A BENEFICI DE LA FUNDACI\u00d3 RAFA NADAL El dissabte 6 de setembre, el camp de golf Vall d\u2019Or va tornar a ser escenari del XXXV Torneig de Golf Solidari ROBINSON Classic. El torneig, organitzat pel ROBINSON CALA SERENA, \u00e9s el torneig de golf que m\u00e9s vegades s\u2019ha celebrat a [&hellip;]\" \/>\n<meta property=\"og:url\" content=\"https:\/\/fundacionrafanadal.quelinka.es\/ca\/coneix-nos\/noticies\/noticies-2025\/xxxv-torneig-de-golf-robinson-classic-a-benefici-de-la-fundacio-rafa-nadal\/\" \/>\n<meta property=\"og:site_name\" content=\"Fundaci\u00f3n Rafa Nadal\" \/>\n<meta property=\"article:modified_time\" content=\"2025-09-24T12:08:24+00:00\" \/>\n<meta property=\"og:image\" content=\"https:\/\/fundacionrafanadal.quelinka.es\/wp-content\/uploads\/2025\/09\/Rbs_001-scaled.jpg\" \/>\n\t<meta property=\"og:image:width\" content=\"2560\" \/>\n\t<meta property=\"og:image:height\" content=\"2048\" \/>\n\t<meta property=\"og:image:type\" content=\"image\/jpeg\" \/>\n<meta name=\"twitter:card\" content=\"summary_large_image\" \/>\n<meta name=\"twitter:label1\" content=\"Temps estimat de lectura\" \/>\n\t<meta name=\"twitter:data1\" content=\"6 minuts\" \/>\n<script type=\"application\/ld+json\" class=\"yoast-schema-graph\">{\"@context\":\"https:\/\/schema.org\",\"@graph\":[{\"@type\":\"WebPage\",\"@id\":\"https:\/\/fundacionrafanadal.quelinka.es\/ca\/coneix-nos\/noticies\/noticies-2025\/xxxv-torneig-de-golf-robinson-classic-a-benefici-de-la-fundacio-rafa-nadal\/\",\"url\":\"https:\/\/fundacionrafanadal.quelinka.es\/ca\/coneix-nos\/noticies\/noticies-2025\/xxxv-torneig-de-golf-robinson-classic-a-benefici-de-la-fundacio-rafa-nadal\/\",\"name\":\"XXXV Torneig De Golf Robinson Classic A Benefici De La Fundaci\u00f3 Rafa Nadal - Fundaci\u00f3n Rafa Nadal\",\"isPartOf\":{\"@id\":\"https:\/\/fundacionrafanadal.quelinka.es\/ca\/#website\"},\"primaryImageOfPage\":{\"@id\":\"https:\/\/fundacionrafanadal.quelinka.es\/ca\/coneix-nos\/noticies\/noticies-2025\/xxxv-torneig-de-golf-robinson-classic-a-benefici-de-la-fundacio-rafa-nadal\/#primaryimage\"},\"image\":{\"@id\":\"https:\/\/fundacionrafanadal.quelinka.es\/ca\/coneix-nos\/noticies\/noticies-2025\/xxxv-torneig-de-golf-robinson-classic-a-benefici-de-la-fundacio-rafa-nadal\/#primaryimage\"},\"thumbnailUrl\":\"https:\/\/fundacionrafanadal.quelinka.es\/wp-content\/uploads\/2025\/09\/Rbs_001-scaled.jpg\",\"datePublished\":\"2025-09-24T12:07:59+00:00\",\"dateModified\":\"2025-09-24T12:08:24+00:00\",\"breadcrumb\":{\"@id\":\"https:\/\/fundacionrafanadal.quelinka.es\/ca\/coneix-nos\/noticies\/noticies-2025\/xxxv-torneig-de-golf-robinson-classic-a-benefici-de-la-fundacio-rafa-nadal\/#breadcrumb\"},\"inLanguage\":\"ca\",\"potentialAction\":[{\"@type\":\"ReadAction\",\"target\":[\"https:\/\/fundacionrafanadal.quelinka.es\/ca\/coneix-nos\/noticies\/noticies-2025\/xxxv-torneig-de-golf-robinson-classic-a-benefici-de-la-fundacio-rafa-nadal\/\"]}]},{\"@type\":\"ImageObject\",\"inLanguage\":\"ca\",\"@id\":\"https:\/\/fundacionrafanadal.quelinka.es\/ca\/coneix-nos\/noticies\/noticies-2025\/xxxv-torneig-de-golf-robinson-classic-a-benefici-de-la-fundacio-rafa-nadal\/#primaryimage\",\"url\":\"https:\/\/fundacionrafanadal.quelinka.es\/wp-content\/uploads\/2025\/09\/Rbs_001-scaled.jpg\",\"contentUrl\":\"https:\/\/fundacionrafanadal.quelinka.es\/wp-content\/uploads\/2025\/09\/Rbs_001-scaled.jpg\",\"width\":2560,\"height\":2048},{\"@type\":\"BreadcrumbList\",\"@id\":\"https:\/\/fundacionrafanadal.quelinka.es\/ca\/coneix-nos\/noticies\/noticies-2025\/xxxv-torneig-de-golf-robinson-classic-a-benefici-de-la-fundacio-rafa-nadal\/#breadcrumb\",\"itemListElement\":[{\"@type\":\"ListItem\",\"position\":1,\"name\":\"Portada\",\"item\":\"https:\/\/fundacionrafanadal.quelinka.es\/ca\/\"},{\"@type\":\"ListItem\",\"position\":2,\"name\":\"Coneix-nos\",\"item\":\"https:\/\/fundacionrafanadal.quelinka.es\/ca\/conocenos\/\"},{\"@type\":\"ListItem\",\"position\":3,\"name\":\"Not\u00edcies\",\"item\":\"https:\/\/fundacionrafanadal.quelinka.es\/ca\/conocenos\/noticias\/\"},{\"@type\":\"ListItem\",\"position\":4,\"name\":\"Not\u00edcies 2025\",\"item\":\"https:\/\/fundacionrafanadal.quelinka.es\/ca\/conocenos\/noticias\/noticias-2025\/\"},{\"@type\":\"ListItem\",\"position\":5,\"name\":\"XXXV Torneig De Golf Robinson Classic A Benefici De La Fundaci\u00f3 Rafa Nadal\"}]},{\"@type\":\"WebSite\",\"@id\":\"https:\/\/fundacionrafanadal.quelinka.es\/ca\/#website\",\"url\":\"https:\/\/fundacionrafanadal.quelinka.es\/ca\/\",\"name\":\"Fundaci\u00f3n Rafa Nadal\",\"description\":\"A trav\u00e9s del deporte y la educaci\u00f3n, promovemos la integraci\u00f3n y el desarrollo personal y social de ni\u00f1os y j\u00f3venes. En Espa\u00f1a y la India.\",\"publisher\":{\"@id\":\"https:\/\/fundacionrafanadal.quelinka.es\/ca\/#organization\"},\"potentialAction\":[{\"@type\":\"SearchAction\",\"target\":{\"@type\":\"EntryPoint\",\"urlTemplate\":\"https:\/\/fundacionrafanadal.quelinka.es\/ca\/?s={search_term_string}\"},\"query-input\":{\"@type\":\"PropertyValueSpecification\",\"valueRequired\":true,\"valueName\":\"search_term_string\"}}],\"inLanguage\":\"ca\"},{\"@type\":\"Organization\",\"@id\":\"https:\/\/fundacionrafanadal.quelinka.es\/ca\/#organization\",\"name\":\"Fundaci\u00f3n Rafa Nadal\",\"url\":\"https:\/\/fundacionrafanadal.quelinka.es\/ca\/\",\"logo\":{\"@type\":\"ImageObject\",\"inLanguage\":\"ca\",\"@id\":\"https:\/\/fundacionrafanadal.quelinka.es\/ca\/#\/schema\/logo\/image\/\",\"url\":\"https:\/\/fundacionrafanadal.quelinka.es\/wp-content\/uploads\/2022\/09\/logo-frn-web-3.png\",\"contentUrl\":\"https:\/\/fundacionrafanadal.quelinka.es\/wp-content\/uploads\/2022\/09\/logo-frn-web-3.png\",\"width\":551,\"height\":140,\"caption\":\"Fundaci\u00f3n Rafa Nadal\"},\"image\":{\"@id\":\"https:\/\/fundacionrafanadal.quelinka.es\/ca\/#\/schema\/logo\/image\/\"}}]}<\/script>\n<!-- \/ Yoast SEO plugin. -->","yoast_head_json":{"title":"XXXV Torneig De Golf Robinson Classic A Benefici De La Fundaci\u00f3 Rafa Nadal - Fundaci\u00f3n Rafa Nadal","robots":{"index":"noindex","follow":"follow","max-snippet":"max-snippet:-1","max-image-preview":"max-image-preview:large","max-video-preview":"max-video-preview:-1"},"og_locale":"ca_ES","og_type":"article","og_title":"XXXV Torneig De Golf Robinson Classic A Benefici De La Fundaci\u00f3 Rafa Nadal - Fundaci\u00f3n Rafa Nadal","og_description":"XXXV TORNEIG DE GOLF ROBINSON CLASSIC A BENEFICI DE LA FUNDACI\u00d3 RAFA NADAL El dissabte 6 de setembre, el camp de golf Vall d\u2019Or va tornar a ser escenari del XXXV Torneig de Golf Solidari ROBINSON Classic. El torneig, organitzat pel ROBINSON CALA SERENA, \u00e9s el torneig de golf que m\u00e9s vegades s\u2019ha celebrat a [&hellip;]","og_url":"https:\/\/fundacionrafanadal.quelinka.es\/ca\/coneix-nos\/noticies\/noticies-2025\/xxxv-torneig-de-golf-robinson-classic-a-benefici-de-la-fundacio-rafa-nadal\/","og_site_name":"Fundaci\u00f3n Rafa Nadal","article_modified_time":"2025-09-24T12:08:24+00:00","og_image":[{"width":2560,"height":2048,"url":"https:\/\/fundacionrafanadal.quelinka.es\/wp-content\/uploads\/2025\/09\/Rbs_001-scaled.jpg","type":"image\/jpeg"}],"twitter_card":"summary_large_image","twitter_misc":{"Temps estimat de lectura":"6 minuts"},"schema":{"@context":"https:\/\/schema.org","@graph":[{"@type":"WebPage","@id":"https:\/\/fundacionrafanadal.quelinka.es\/ca\/coneix-nos\/noticies\/noticies-2025\/xxxv-torneig-de-golf-robinson-classic-a-benefici-de-la-fundacio-rafa-nadal\/","url":"https:\/\/fundacionrafanadal.quelinka.es\/ca\/coneix-nos\/noticies\/noticies-2025\/xxxv-torneig-de-golf-robinson-classic-a-benefici-de-la-fundacio-rafa-nadal\/","name":"XXXV Torneig De Golf Robinson Classic A Benefici De La Fundaci\u00f3 Rafa Nadal - Fundaci\u00f3n Rafa Nadal","isPartOf":{"@id":"https:\/\/fundacionrafanadal.quelinka.es\/ca\/#website"},"primaryImageOfPage":{"@id":"https:\/\/fundacionrafanadal.quelinka.es\/ca\/coneix-nos\/noticies\/noticies-2025\/xxxv-torneig-de-golf-robinson-classic-a-benefici-de-la-fundacio-rafa-nadal\/#primaryimage"},"image":{"@id":"https:\/\/fundacionrafanadal.quelinka.es\/ca\/coneix-nos\/noticies\/noticies-2025\/xxxv-torneig-de-golf-robinson-classic-a-benefici-de-la-fundacio-rafa-nadal\/#primaryimage"},"thumbnailUrl":"https:\/\/fundacionrafanadal.quelinka.es\/wp-content\/uploads\/2025\/09\/Rbs_001-scaled.jpg","datePublished":"2025-09-24T12:07:59+00:00","dateModified":"2025-09-24T12:08:24+00:00","breadcrumb":{"@id":"https:\/\/fundacionrafanadal.quelinka.es\/ca\/coneix-nos\/noticies\/noticies-2025\/xxxv-torneig-de-golf-robinson-classic-a-benefici-de-la-fundacio-rafa-nadal\/#breadcrumb"},"inLanguage":"ca","potentialAction":[{"@type":"ReadAction","target":["https:\/\/fundacionrafanadal.quelinka.es\/ca\/coneix-nos\/noticies\/noticies-2025\/xxxv-torneig-de-golf-robinson-classic-a-benefici-de-la-fundacio-rafa-nadal\/"]}]},{"@type":"ImageObject","inLanguage":"ca","@id":"https:\/\/fundacionrafanadal.quelinka.es\/ca\/coneix-nos\/noticies\/noticies-2025\/xxxv-torneig-de-golf-robinson-classic-a-benefici-de-la-fundacio-rafa-nadal\/#primaryimage","url":"https:\/\/fundacionrafanadal.quelinka.es\/wp-content\/uploads\/2025\/09\/Rbs_001-scaled.jpg","contentUrl":"https:\/\/fundacionrafanadal.quelinka.es\/wp-content\/uploads\/2025\/09\/Rbs_001-scaled.jpg","width":2560,"height":2048},{"@type":"BreadcrumbList","@id":"https:\/\/fundacionrafanadal.quelinka.es\/ca\/coneix-nos\/noticies\/noticies-2025\/xxxv-torneig-de-golf-robinson-classic-a-benefici-de-la-fundacio-rafa-nadal\/#breadcrumb","itemListElement":[{"@type":"ListItem","position":1,"name":"Portada","item":"https:\/\/fundacionrafanadal.quelinka.es\/ca\/"},{"@type":"ListItem","position":2,"name":"Coneix-nos","item":"https:\/\/fundacionrafanadal.quelinka.es\/ca\/conocenos\/"},{"@type":"ListItem","position":3,"name":"Not\u00edcies","item":"https:\/\/fundacionrafanadal.quelinka.es\/ca\/conocenos\/noticias\/"},{"@type":"ListItem","position":4,"name":"Not\u00edcies 2025","item":"https:\/\/fundacionrafanadal.quelinka.es\/ca\/conocenos\/noticias\/noticias-2025\/"},{"@type":"ListItem","position":5,"name":"XXXV Torneig De Golf Robinson Classic A Benefici De La Fundaci\u00f3 Rafa Nadal"}]},{"@type":"WebSite","@id":"https:\/\/fundacionrafanadal.quelinka.es\/ca\/#website","url":"https:\/\/fundacionrafanadal.quelinka.es\/ca\/","name":"Fundaci\u00f3n Rafa Nadal","description":"A trav\u00e9s del deporte y la educaci\u00f3n, promovemos la integraci\u00f3n y el desarrollo personal y social de ni\u00f1os y j\u00f3venes. En Espa\u00f1a y la India.","publisher":{"@id":"https:\/\/fundacionrafanadal.quelinka.es\/ca\/#organization"},"potentialAction":[{"@type":"SearchAction","target":{"@type":"EntryPoint","urlTemplate":"https:\/\/fundacionrafanadal.quelinka.es\/ca\/?s={search_term_string}"},"query-input":{"@type":"PropertyValueSpecification","valueRequired":true,"valueName":"search_term_string"}}],"inLanguage":"ca"},{"@type":"Organization","@id":"https:\/\/fundacionrafanadal.quelinka.es\/ca\/#organization","name":"Fundaci\u00f3n Rafa Nadal","url":"https:\/\/fundacionrafanadal.quelinka.es\/ca\/","logo":{"@type":"ImageObject","inLanguage":"ca","@id":"https:\/\/fundacionrafanadal.quelinka.es\/ca\/#\/schema\/logo\/image\/","url":"https:\/\/fundacionrafanadal.quelinka.es\/wp-content\/uploads\/2022\/09\/logo-frn-web-3.png","contentUrl":"https:\/\/fundacionrafanadal.quelinka.es\/wp-content\/uploads\/2022\/09\/logo-frn-web-3.png","width":551,"height":140,"caption":"Fundaci\u00f3n Rafa Nadal"},"image":{"@id":"https:\/\/fundacionrafanadal.quelinka.es\/ca\/#\/schema\/logo\/image\/"}}]}},"campaignId":"","_links":{"self":[{"href":"https:\/\/fundacionrafanadal.quelinka.es\/ca\/wp-json\/wp\/v2\/pages\/27107","targetHints":{"allow":["GET"]}}],"collection":[{"href":"https:\/\/fundacionrafanadal.quelinka.es\/ca\/wp-json\/wp\/v2\/pages"}],"about":[{"href":"https:\/\/fundacionrafanadal.quelinka.es\/ca\/wp-json\/wp\/v2\/types\/page"}],"author":[{"embeddable":true,"href":"https:\/\/fundacionrafanadal.quelinka.es\/ca\/wp-json\/wp\/v2\/users\/14"}],"replies":[{"embeddable":true,"href":"https:\/\/fundacionrafanadal.quelinka.es\/ca\/wp-json\/wp\/v2\/comments?post=27107"}],"version-history":[{"count":1,"href":"https:\/\/fundacionrafanadal.quelinka.es\/ca\/wp-json\/wp\/v2\/pages\/27107\/revisions"}],"predecessor-version":[{"id":27119,"href":"https:\/\/fundacionrafanadal.quelinka.es\/ca\/wp-json\/wp\/v2\/pages\/27107\/revisions\/27119"}],"up":[{"embeddable":true,"href":"https:\/\/fundacionrafanadal.quelinka.es\/ca\/wp-json\/wp\/v2\/pages\/24097"}],"wp:featuredmedia":[{"embeddable":true,"href":"https:\/\/fundacionrafanadal.quelinka.es\/ca\/wp-json\/wp\/v2\/media\/27110"}],"wp:attachment":[{"href":"https:\/\/fundacionrafanadal.quelinka.es\/ca\/wp-json\/wp\/v2\/media?parent=27107"}],"curies":[{"name":"wp","href":"https:\/\/api.w.org\/{rel}","templated":true}]}}