{"id":28120,"date":"2025-11-05T14:58:57","date_gmt":"2025-11-05T12:58:57","guid":{"rendered":"https:\/\/www.fundacionrafanadal.org\/?page_id=28120"},"modified":"2025-11-05T14:59:09","modified_gmt":"2025-11-05T12:59:09","slug":"un-total-de-329-projectes-socials-participen-en-els-iv-premis-fundacio-rafa-nadal","status":"publish","type":"page","link":"https:\/\/fundacionrafanadal.quelinka.es\/ca\/coneix-nos\/noticies\/noticies-2025\/un-total-de-329-projectes-socials-participen-en-els-iv-premis-fundacio-rafa-nadal\/","title":{"rendered":"Un total de 329 projectes socials participen en els IV Premis Fundaci\u00f3 Rafa Nadal"},"content":{"rendered":"\n<div class=\"inherit-container-width wp-block-group is-layout-constrained wp-block-group-is-layout-constrained\"><div class=\"wp-block-group__inner-container\">\n<div class=\"wp-block-media-text alignfull is-stacked-on-mobile is-image-fill has-background\" style=\"background-color:#ddac31\"><figure class=\"wp-block-media-text__media\" style=\"background-image:url(https:\/\/www.fundacionrafanadal.quelinka.es\/wp-content\/uploads\/2022\/07\/ISM08879.png);background-position:50% 50%\"><img loading=\"lazy\" decoding=\"async\" width=\"900\" height=\"399\" src=\"https:\/\/www.fundacionrafanadal.quelinka.es\/wp-content\/uploads\/2022\/07\/ISM08879.png\" alt=\"\" class=\"wp-image-9879 size-full\" srcset=\"https:\/\/fundacionrafanadal.quelinka.es\/wp-content\/uploads\/2022\/07\/ISM08879.png 900w, https:\/\/fundacionrafanadal.quelinka.es\/wp-content\/uploads\/2022\/07\/ISM08879-300x133.png 300w, https:\/\/fundacionrafanadal.quelinka.es\/wp-content\/uploads\/2022\/07\/ISM08879-768x340.png 768w\" sizes=\"auto, (max-width: 900px) 100vw, 900px\" \/><\/figure><div class=\"wp-block-media-text__content\">\n<div style=\"height:30px\" aria-hidden=\"true\" class=\"wp-block-spacer\"><\/div>\n\n\n\n<h2 class=\"has-ast-global-color-5-color has-text-color wp-block-heading\" style=\"font-size:48px\"><strong>Not\u00edcies<\/strong><\/h2>\n\n\n\n<div style=\"height:200px\" aria-hidden=\"true\" class=\"wp-block-spacer\"><\/div>\n<\/div><\/div>\n\n\n\n<p><\/p>\n\n\n<div class=\"wp-block-post-date\"><time datetime=\"2025-11-05T14:58:57+02:00\">5 de novembre de 2025<\/time><\/div>\n\n\n<h2 class=\"wp-block-heading has-medium-font-size\" style=\"text-transform:uppercase\"><strong><strong><strong><strong>UN TOTAL DE 329 PROJECTES SOCIALS PARTICIPEN EN ELS IV PREMIS FUNDACI\u00d3 RAFA NADAL<\/strong><\/strong><\/strong><\/strong><\/h2>\n\n\n\n<figure class=\"wp-block-image alignwide size-full\"><img loading=\"lazy\" decoding=\"async\" width=\"2560\" height=\"2048\" src=\"https:\/\/www.fundacionrafanadal.quelinka.es\/wp-content\/uploads\/2025\/11\/IVPFRN__Mesa-de-trabajo-1-copia-scaled.png\" alt=\"\" class=\"wp-image-28115\" srcset=\"https:\/\/fundacionrafanadal.quelinka.es\/wp-content\/uploads\/2025\/11\/IVPFRN__Mesa-de-trabajo-1-copia-scaled.png 2560w, https:\/\/fundacionrafanadal.quelinka.es\/wp-content\/uploads\/2025\/11\/IVPFRN__Mesa-de-trabajo-1-copia-300x240.png 300w, https:\/\/fundacionrafanadal.quelinka.es\/wp-content\/uploads\/2025\/11\/IVPFRN__Mesa-de-trabajo-1-copia-1024x819.png 1024w, https:\/\/fundacionrafanadal.quelinka.es\/wp-content\/uploads\/2025\/11\/IVPFRN__Mesa-de-trabajo-1-copia-768x614.png 768w, https:\/\/fundacionrafanadal.quelinka.es\/wp-content\/uploads\/2025\/11\/IVPFRN__Mesa-de-trabajo-1-copia-1536x1229.png 1536w, https:\/\/fundacionrafanadal.quelinka.es\/wp-content\/uploads\/2025\/11\/IVPFRN__Mesa-de-trabajo-1-copia-2048x1638.png 2048w\" sizes=\"auto, (max-width: 2560px) 100vw, 2560px\" \/><\/figure>\n\n\n\n<h2 class=\"wp-block-heading\"><\/h2>\n\n\n\n<p>Un any m\u00e9s, la convocat\u00f2ria dels <strong>Premis Fundaci\u00f3 Rafa Nadal<\/strong> ha tancat amb un gran \u00e8xit de participaci\u00f3, consolidant-se com una iniciativa inspiradora de suport a les entitats socials d\u2019Espanya.<\/p>\n\n\n\n<h2 class=\"wp-block-heading\">En aquesta <strong>quarta edici\u00f3<\/strong>, s\u2019han rebut un total de <strong>329 projectes<\/strong>, que reflecteixen el fort comprom\u00eds de les entitats del tercer sector amb <strong>l\u2019educaci\u00f3, la innovaci\u00f3 social, la salut i el benestar, la cooperaci\u00f3 al desenvolupament i l\u2019acci\u00f3 mediambiental<\/strong>, les cinc categories incloses en aquesta convocat\u00f2ria.<\/h2>\n\n\n\n<p>Actualment, l\u2019equip de la <strong>Fundaci\u00f3 Lealtad<\/strong> es troba immers en el proc\u00e9s de <strong>revisi\u00f3 i valoraci\u00f3 de les candidatures<\/strong>, seguint els criteris establerts a les bases de la convocat\u00f2ria. Aquest treball, que es dur\u00e0 a terme durant les properes setmanes, permetr\u00e0 <strong>seleccionar els 10 projectes finalistes de cada categoria<\/strong>.<\/p>\n\n\n\n<p>Al <strong>desembre<\/strong>, el <strong>jurat dels Premis<\/strong>, format per membres del <strong>Patronat de la Fundaci\u00f3 Rafa Nadal<\/strong>, la seva <strong>Presid\u00e8ncia<\/strong> i <strong>representants de Telef\u00f3nica<\/strong>, avaluar\u00e0 detalladament els projectes preseleccionats, incloent-hi les cartes de motivaci\u00f3 i la informaci\u00f3 aportada per cada entitat.<\/p>\n\n\n\n<p>Posteriorment, entre <strong>finals de gener i principis de febrer<\/strong>, se celebrar\u00e0 a <strong>Madrid<\/strong> la tradicional <strong>reuni\u00f3 presencial del jurat<\/strong>, on es dur\u00e0 a terme la votaci\u00f3 final que determinar\u00e0 els <strong>projectes guanyadors<\/strong> de cada categoria.<\/p>\n\n\n\n<p>Els <strong>resultats s\u2019anunciaran a principis de febrer<\/strong> i les entitats seleccionades seran convidades a participar en la <strong>Gala d\u2019entrega de premis<\/strong>, que tindr\u00e0 lloc al <strong>mar\u00e7 a Palma<\/strong>.<\/p>\n\n\n\n<p>Cada projecte guanyador rebr\u00e0 un <strong>premi econ\u00f2mic de 15.000 \u20ac<\/strong> i s\u2019unir\u00e0 al llistat de les <strong>15 entitats<\/strong> ja reconegudes en edicions anteriors dels Premis Fundaci\u00f3 Rafa Nadal. En total, ja s\u2019han destinat <strong>225.000 \u20ac<\/strong>, i amb aquesta edici\u00f3 s\u2019arribar\u00e0 als <strong>300.000 \u20ac<\/strong> en premis econ\u00f2mics per impulsar projectes socials destacats.<\/p>\n\n\n\n<h2 class=\"wp-block-heading\">Des de la <strong>Fundaci\u00f3 Rafa Nadal<\/strong> volem expressar el nostre <strong>agra\u00efment a Telef\u00f3nica<\/strong>, el suport i col\u00b7laboraci\u00f3 de la qual fan possible aquest projecte tan il\u00b7lusionant, i <strong>felicitar totes les entitats participants<\/strong> per la seva dedicaci\u00f3 i comprom\u00eds amb la construcci\u00f3 d\u2019una societat m\u00e9s justa, solid\u00e0ria i inclusiva.<\/h2>\n<\/div><\/div>\n","protected":false},"excerpt":{"rendered":"<p>UN TOTAL DE 329 PROJECTES SOCIALS PARTICIPEN EN ELS IV PREMIS FUNDACI\u00d3 RAFA NADAL Un any m\u00e9s, la convocat\u00f2ria dels Premis Fundaci\u00f3 Rafa Nadal ha tancat amb un gran \u00e8xit de participaci\u00f3, consolidant-se com una iniciativa inspiradora de suport a les entitats socials d\u2019Espanya. En aquesta quarta edici\u00f3, s\u2019han rebut un total de 329 projectes, [&hellip;]<\/p>\n","protected":false},"author":14,"featured_media":28115,"parent":24097,"menu_order":0,"comment_status":"closed","ping_status":"closed","template":"","meta":{"_acf_changed":false,"give_campaign_id":0,"_monsterinsights_skip_tracking":false,"_monsterinsights_sitenote_active":false,"_monsterinsights_sitenote_note":"","_monsterinsights_sitenote_category":0,"site-sidebar-layout":"default","site-content-layout":"","ast-site-content-layout":"default","site-content-style":"default","site-sidebar-style":"default","ast-global-header-display":"","ast-banner-title-visibility":"","ast-main-header-display":"","ast-hfb-above-header-display":"","ast-hfb-below-header-display":"","ast-hfb-mobile-header-display":"","site-post-title":"disabled","ast-breadcrumbs-content":"","ast-featured-img":"","footer-sml-layout":"","ast-disable-related-posts":"","theme-transparent-header-meta":"","adv-header-id-meta":"","stick-header-meta":"","header-above-stick-meta":"","header-main-stick-meta":"","header-below-stick-meta":"","astra-migrate-meta-layouts":"set","ast-page-background-enabled":"default","ast-page-background-meta":{"desktop":{"background-color":"var(--ast-global-color-4)","background-image":"","background-repeat":"repeat","background-position":"center center","background-size":"auto","background-attachment":"scroll","background-type":"","background-media":"","overlay-type":"","overlay-color":"","overlay-opacity":"","overlay-gradient":""},"tablet":{"background-color":"","background-image":"","background-repeat":"repeat","background-position":"center center","background-size":"auto","background-attachment":"scroll","background-type":"","background-media":"","overlay-type":"","overlay-color":"","overlay-opacity":"","overlay-gradient":""},"mobile":{"background-color":"","background-image":"","background-repeat":"repeat","background-position":"center center","background-size":"auto","background-attachment":"scroll","background-type":"","background-media":"","overlay-type":"","overlay-color":"","overlay-opacity":"","overlay-gradient":""}},"ast-content-background-meta":{"desktop":{"background-color":"var(--ast-global-color-5)","background-image":"","background-repeat":"repeat","background-position":"center center","background-size":"auto","background-attachment":"scroll","background-type":"","background-media":"","overlay-type":"","overlay-color":"","overlay-opacity":"","overlay-gradient":""},"tablet":{"background-color":"var(--ast-global-color-5)","background-image":"","background-repeat":"repeat","background-position":"center center","background-size":"auto","background-attachment":"scroll","background-type":"","background-media":"","overlay-type":"","overlay-color":"","overlay-opacity":"","overlay-gradient":""},"mobile":{"background-color":"var(--ast-global-color-5)","background-image":"","background-repeat":"repeat","background-position":"center center","background-size":"auto","background-attachment":"scroll","background-type":"","background-media":"","overlay-type":"","overlay-color":"","overlay-opacity":"","overlay-gradient":""}},"_themeisle_gutenberg_block_has_review":false,"footnotes":""},"class_list":["post-28120","page","type-page","status-publish","has-post-thumbnail","hentry"],"acf":[],"yoast_head":"<!-- This site is optimized with the Yoast SEO plugin v26.8 - https:\/\/yoast.com\/product\/yoast-seo-wordpress\/ -->\n<title>Un total de 329 projectes socials participen en els IV Premis Fundaci\u00f3 Rafa Nadal - Fundaci\u00f3n Rafa Nadal<\/title>\n<meta name=\"robots\" content=\"noindex, follow, max-snippet:-1, max-image-preview:large, max-video-preview:-1\" \/>\n<meta property=\"og:locale\" content=\"ca_ES\" \/>\n<meta property=\"og:type\" content=\"article\" \/>\n<meta property=\"og:title\" content=\"Un total de 329 projectes socials participen en els IV Premis Fundaci\u00f3 Rafa Nadal - Fundaci\u00f3n Rafa Nadal\" \/>\n<meta property=\"og:description\" content=\"UN TOTAL DE 329 PROJECTES SOCIALS PARTICIPEN EN ELS IV PREMIS FUNDACI\u00d3 RAFA NADAL Un any m\u00e9s, la convocat\u00f2ria dels Premis Fundaci\u00f3 Rafa Nadal ha tancat amb un gran \u00e8xit de participaci\u00f3, consolidant-se com una iniciativa inspiradora de suport a les entitats socials d\u2019Espanya. En aquesta quarta edici\u00f3, s\u2019han rebut un total de 329 projectes, [&hellip;]\" \/>\n<meta property=\"og:url\" content=\"https:\/\/fundacionrafanadal.quelinka.es\/ca\/coneix-nos\/noticies\/noticies-2025\/un-total-de-329-projectes-socials-participen-en-els-iv-premis-fundacio-rafa-nadal\/\" \/>\n<meta property=\"og:site_name\" content=\"Fundaci\u00f3n Rafa Nadal\" \/>\n<meta property=\"article:modified_time\" content=\"2025-11-05T12:59:09+00:00\" \/>\n<meta property=\"og:image\" content=\"https:\/\/fundacionrafanadal.quelinka.es\/wp-content\/uploads\/2025\/11\/IVPFRN__Mesa-de-trabajo-1-copia-scaled.png\" \/>\n\t<meta property=\"og:image:width\" content=\"2560\" \/>\n\t<meta property=\"og:image:height\" content=\"2048\" \/>\n\t<meta property=\"og:image:type\" content=\"image\/png\" \/>\n<meta name=\"twitter:card\" content=\"summary_large_image\" \/>\n<meta name=\"twitter:label1\" content=\"Temps estimat de lectura\" \/>\n\t<meta name=\"twitter:data1\" content=\"4 minuts\" \/>\n<script type=\"application\/ld+json\" class=\"yoast-schema-graph\">{\"@context\":\"https:\/\/schema.org\",\"@graph\":[{\"@type\":\"WebPage\",\"@id\":\"https:\/\/fundacionrafanadal.quelinka.es\/ca\/coneix-nos\/noticies\/noticies-2025\/un-total-de-329-projectes-socials-participen-en-els-iv-premis-fundacio-rafa-nadal\/\",\"url\":\"https:\/\/fundacionrafanadal.quelinka.es\/ca\/coneix-nos\/noticies\/noticies-2025\/un-total-de-329-projectes-socials-participen-en-els-iv-premis-fundacio-rafa-nadal\/\",\"name\":\"Un total de 329 projectes socials participen en els IV Premis Fundaci\u00f3 Rafa Nadal - Fundaci\u00f3n Rafa Nadal\",\"isPartOf\":{\"@id\":\"https:\/\/fundacionrafanadal.quelinka.es\/ca\/#website\"},\"primaryImageOfPage\":{\"@id\":\"https:\/\/fundacionrafanadal.quelinka.es\/ca\/coneix-nos\/noticies\/noticies-2025\/un-total-de-329-projectes-socials-participen-en-els-iv-premis-fundacio-rafa-nadal\/#primaryimage\"},\"image\":{\"@id\":\"https:\/\/fundacionrafanadal.quelinka.es\/ca\/coneix-nos\/noticies\/noticies-2025\/un-total-de-329-projectes-socials-participen-en-els-iv-premis-fundacio-rafa-nadal\/#primaryimage\"},\"thumbnailUrl\":\"https:\/\/fundacionrafanadal.quelinka.es\/wp-content\/uploads\/2025\/11\/IVPFRN__Mesa-de-trabajo-1-copia-scaled.png\",\"datePublished\":\"2025-11-05T12:58:57+00:00\",\"dateModified\":\"2025-11-05T12:59:09+00:00\",\"breadcrumb\":{\"@id\":\"https:\/\/fundacionrafanadal.quelinka.es\/ca\/coneix-nos\/noticies\/noticies-2025\/un-total-de-329-projectes-socials-participen-en-els-iv-premis-fundacio-rafa-nadal\/#breadcrumb\"},\"inLanguage\":\"ca\",\"potentialAction\":[{\"@type\":\"ReadAction\",\"target\":[\"https:\/\/fundacionrafanadal.quelinka.es\/ca\/coneix-nos\/noticies\/noticies-2025\/un-total-de-329-projectes-socials-participen-en-els-iv-premis-fundacio-rafa-nadal\/\"]}]},{\"@type\":\"ImageObject\",\"inLanguage\":\"ca\",\"@id\":\"https:\/\/fundacionrafanadal.quelinka.es\/ca\/coneix-nos\/noticies\/noticies-2025\/un-total-de-329-projectes-socials-participen-en-els-iv-premis-fundacio-rafa-nadal\/#primaryimage\",\"url\":\"https:\/\/fundacionrafanadal.quelinka.es\/wp-content\/uploads\/2025\/11\/IVPFRN__Mesa-de-trabajo-1-copia-scaled.png\",\"contentUrl\":\"https:\/\/fundacionrafanadal.quelinka.es\/wp-content\/uploads\/2025\/11\/IVPFRN__Mesa-de-trabajo-1-copia-scaled.png\",\"width\":2560,\"height\":2048},{\"@type\":\"BreadcrumbList\",\"@id\":\"https:\/\/fundacionrafanadal.quelinka.es\/ca\/coneix-nos\/noticies\/noticies-2025\/un-total-de-329-projectes-socials-participen-en-els-iv-premis-fundacio-rafa-nadal\/#breadcrumb\",\"itemListElement\":[{\"@type\":\"ListItem\",\"position\":1,\"name\":\"Portada\",\"item\":\"https:\/\/fundacionrafanadal.quelinka.es\/ca\/\"},{\"@type\":\"ListItem\",\"position\":2,\"name\":\"Coneix-nos\",\"item\":\"https:\/\/fundacionrafanadal.quelinka.es\/ca\/conocenos\/\"},{\"@type\":\"ListItem\",\"position\":3,\"name\":\"Not\u00edcies\",\"item\":\"https:\/\/fundacionrafanadal.quelinka.es\/ca\/conocenos\/noticias\/\"},{\"@type\":\"ListItem\",\"position\":4,\"name\":\"Not\u00edcies 2025\",\"item\":\"https:\/\/fundacionrafanadal.quelinka.es\/ca\/conocenos\/noticias\/noticias-2025\/\"},{\"@type\":\"ListItem\",\"position\":5,\"name\":\"Un total de 329 projectes socials participen en els IV Premis Fundaci\u00f3 Rafa Nadal\"}]},{\"@type\":\"WebSite\",\"@id\":\"https:\/\/fundacionrafanadal.quelinka.es\/ca\/#website\",\"url\":\"https:\/\/fundacionrafanadal.quelinka.es\/ca\/\",\"name\":\"Fundaci\u00f3n Rafa Nadal\",\"description\":\"A trav\u00e9s del deporte y la educaci\u00f3n, promovemos la integraci\u00f3n y el desarrollo personal y social de ni\u00f1os y j\u00f3venes. En Espa\u00f1a y la India.\",\"publisher\":{\"@id\":\"https:\/\/fundacionrafanadal.quelinka.es\/ca\/#organization\"},\"potentialAction\":[{\"@type\":\"SearchAction\",\"target\":{\"@type\":\"EntryPoint\",\"urlTemplate\":\"https:\/\/fundacionrafanadal.quelinka.es\/ca\/?s={search_term_string}\"},\"query-input\":{\"@type\":\"PropertyValueSpecification\",\"valueRequired\":true,\"valueName\":\"search_term_string\"}}],\"inLanguage\":\"ca\"},{\"@type\":\"Organization\",\"@id\":\"https:\/\/fundacionrafanadal.quelinka.es\/ca\/#organization\",\"name\":\"Fundaci\u00f3n Rafa Nadal\",\"url\":\"https:\/\/fundacionrafanadal.quelinka.es\/ca\/\",\"logo\":{\"@type\":\"ImageObject\",\"inLanguage\":\"ca\",\"@id\":\"https:\/\/fundacionrafanadal.quelinka.es\/ca\/#\/schema\/logo\/image\/\",\"url\":\"https:\/\/fundacionrafanadal.quelinka.es\/wp-content\/uploads\/2022\/09\/logo-frn-web-3.png\",\"contentUrl\":\"https:\/\/fundacionrafanadal.quelinka.es\/wp-content\/uploads\/2022\/09\/logo-frn-web-3.png\",\"width\":551,\"height\":140,\"caption\":\"Fundaci\u00f3n Rafa Nadal\"},\"image\":{\"@id\":\"https:\/\/fundacionrafanadal.quelinka.es\/ca\/#\/schema\/logo\/image\/\"}}]}<\/script>\n<!-- \/ Yoast SEO plugin. -->","yoast_head_json":{"title":"Un total de 329 projectes socials participen en els IV Premis Fundaci\u00f3 Rafa Nadal - Fundaci\u00f3n Rafa Nadal","robots":{"index":"noindex","follow":"follow","max-snippet":"max-snippet:-1","max-image-preview":"max-image-preview:large","max-video-preview":"max-video-preview:-1"},"og_locale":"ca_ES","og_type":"article","og_title":"Un total de 329 projectes socials participen en els IV Premis Fundaci\u00f3 Rafa Nadal - Fundaci\u00f3n Rafa Nadal","og_description":"UN TOTAL DE 329 PROJECTES SOCIALS PARTICIPEN EN ELS IV PREMIS FUNDACI\u00d3 RAFA NADAL Un any m\u00e9s, la convocat\u00f2ria dels Premis Fundaci\u00f3 Rafa Nadal ha tancat amb un gran \u00e8xit de participaci\u00f3, consolidant-se com una iniciativa inspiradora de suport a les entitats socials d\u2019Espanya. En aquesta quarta edici\u00f3, s\u2019han rebut un total de 329 projectes, [&hellip;]","og_url":"https:\/\/fundacionrafanadal.quelinka.es\/ca\/coneix-nos\/noticies\/noticies-2025\/un-total-de-329-projectes-socials-participen-en-els-iv-premis-fundacio-rafa-nadal\/","og_site_name":"Fundaci\u00f3n Rafa Nadal","article_modified_time":"2025-11-05T12:59:09+00:00","og_image":[{"width":2560,"height":2048,"url":"https:\/\/fundacionrafanadal.quelinka.es\/wp-content\/uploads\/2025\/11\/IVPFRN__Mesa-de-trabajo-1-copia-scaled.png","type":"image\/png"}],"twitter_card":"summary_large_image","twitter_misc":{"Temps estimat de lectura":"4 minuts"},"schema":{"@context":"https:\/\/schema.org","@graph":[{"@type":"WebPage","@id":"https:\/\/fundacionrafanadal.quelinka.es\/ca\/coneix-nos\/noticies\/noticies-2025\/un-total-de-329-projectes-socials-participen-en-els-iv-premis-fundacio-rafa-nadal\/","url":"https:\/\/fundacionrafanadal.quelinka.es\/ca\/coneix-nos\/noticies\/noticies-2025\/un-total-de-329-projectes-socials-participen-en-els-iv-premis-fundacio-rafa-nadal\/","name":"Un total de 329 projectes socials participen en els IV Premis Fundaci\u00f3 Rafa Nadal - Fundaci\u00f3n Rafa Nadal","isPartOf":{"@id":"https:\/\/fundacionrafanadal.quelinka.es\/ca\/#website"},"primaryImageOfPage":{"@id":"https:\/\/fundacionrafanadal.quelinka.es\/ca\/coneix-nos\/noticies\/noticies-2025\/un-total-de-329-projectes-socials-participen-en-els-iv-premis-fundacio-rafa-nadal\/#primaryimage"},"image":{"@id":"https:\/\/fundacionrafanadal.quelinka.es\/ca\/coneix-nos\/noticies\/noticies-2025\/un-total-de-329-projectes-socials-participen-en-els-iv-premis-fundacio-rafa-nadal\/#primaryimage"},"thumbnailUrl":"https:\/\/fundacionrafanadal.quelinka.es\/wp-content\/uploads\/2025\/11\/IVPFRN__Mesa-de-trabajo-1-copia-scaled.png","datePublished":"2025-11-05T12:58:57+00:00","dateModified":"2025-11-05T12:59:09+00:00","breadcrumb":{"@id":"https:\/\/fundacionrafanadal.quelinka.es\/ca\/coneix-nos\/noticies\/noticies-2025\/un-total-de-329-projectes-socials-participen-en-els-iv-premis-fundacio-rafa-nadal\/#breadcrumb"},"inLanguage":"ca","potentialAction":[{"@type":"ReadAction","target":["https:\/\/fundacionrafanadal.quelinka.es\/ca\/coneix-nos\/noticies\/noticies-2025\/un-total-de-329-projectes-socials-participen-en-els-iv-premis-fundacio-rafa-nadal\/"]}]},{"@type":"ImageObject","inLanguage":"ca","@id":"https:\/\/fundacionrafanadal.quelinka.es\/ca\/coneix-nos\/noticies\/noticies-2025\/un-total-de-329-projectes-socials-participen-en-els-iv-premis-fundacio-rafa-nadal\/#primaryimage","url":"https:\/\/fundacionrafanadal.quelinka.es\/wp-content\/uploads\/2025\/11\/IVPFRN__Mesa-de-trabajo-1-copia-scaled.png","contentUrl":"https:\/\/fundacionrafanadal.quelinka.es\/wp-content\/uploads\/2025\/11\/IVPFRN__Mesa-de-trabajo-1-copia-scaled.png","width":2560,"height":2048},{"@type":"BreadcrumbList","@id":"https:\/\/fundacionrafanadal.quelinka.es\/ca\/coneix-nos\/noticies\/noticies-2025\/un-total-de-329-projectes-socials-participen-en-els-iv-premis-fundacio-rafa-nadal\/#breadcrumb","itemListElement":[{"@type":"ListItem","position":1,"name":"Portada","item":"https:\/\/fundacionrafanadal.quelinka.es\/ca\/"},{"@type":"ListItem","position":2,"name":"Coneix-nos","item":"https:\/\/fundacionrafanadal.quelinka.es\/ca\/conocenos\/"},{"@type":"ListItem","position":3,"name":"Not\u00edcies","item":"https:\/\/fundacionrafanadal.quelinka.es\/ca\/conocenos\/noticias\/"},{"@type":"ListItem","position":4,"name":"Not\u00edcies 2025","item":"https:\/\/fundacionrafanadal.quelinka.es\/ca\/conocenos\/noticias\/noticias-2025\/"},{"@type":"ListItem","position":5,"name":"Un total de 329 projectes socials participen en els IV Premis Fundaci\u00f3 Rafa Nadal"}]},{"@type":"WebSite","@id":"https:\/\/fundacionrafanadal.quelinka.es\/ca\/#website","url":"https:\/\/fundacionrafanadal.quelinka.es\/ca\/","name":"Fundaci\u00f3n Rafa Nadal","description":"A trav\u00e9s del deporte y la educaci\u00f3n, promovemos la integraci\u00f3n y el desarrollo personal y social de ni\u00f1os y j\u00f3venes. En Espa\u00f1a y la India.","publisher":{"@id":"https:\/\/fundacionrafanadal.quelinka.es\/ca\/#organization"},"potentialAction":[{"@type":"SearchAction","target":{"@type":"EntryPoint","urlTemplate":"https:\/\/fundacionrafanadal.quelinka.es\/ca\/?s={search_term_string}"},"query-input":{"@type":"PropertyValueSpecification","valueRequired":true,"valueName":"search_term_string"}}],"inLanguage":"ca"},{"@type":"Organization","@id":"https:\/\/fundacionrafanadal.quelinka.es\/ca\/#organization","name":"Fundaci\u00f3n Rafa Nadal","url":"https:\/\/fundacionrafanadal.quelinka.es\/ca\/","logo":{"@type":"ImageObject","inLanguage":"ca","@id":"https:\/\/fundacionrafanadal.quelinka.es\/ca\/#\/schema\/logo\/image\/","url":"https:\/\/fundacionrafanadal.quelinka.es\/wp-content\/uploads\/2022\/09\/logo-frn-web-3.png","contentUrl":"https:\/\/fundacionrafanadal.quelinka.es\/wp-content\/uploads\/2022\/09\/logo-frn-web-3.png","width":551,"height":140,"caption":"Fundaci\u00f3n Rafa Nadal"},"image":{"@id":"https:\/\/fundacionrafanadal.quelinka.es\/ca\/#\/schema\/logo\/image\/"}}]}},"campaignId":"","_links":{"self":[{"href":"https:\/\/fundacionrafanadal.quelinka.es\/ca\/wp-json\/wp\/v2\/pages\/28120","targetHints":{"allow":["GET"]}}],"collection":[{"href":"https:\/\/fundacionrafanadal.quelinka.es\/ca\/wp-json\/wp\/v2\/pages"}],"about":[{"href":"https:\/\/fundacionrafanadal.quelinka.es\/ca\/wp-json\/wp\/v2\/types\/page"}],"author":[{"embeddable":true,"href":"https:\/\/fundacionrafanadal.quelinka.es\/ca\/wp-json\/wp\/v2\/users\/14"}],"replies":[{"embeddable":true,"href":"https:\/\/fundacionrafanadal.quelinka.es\/ca\/wp-json\/wp\/v2\/comments?post=28120"}],"version-history":[{"count":1,"href":"https:\/\/fundacionrafanadal.quelinka.es\/ca\/wp-json\/wp\/v2\/pages\/28120\/revisions"}],"predecessor-version":[{"id":28126,"href":"https:\/\/fundacionrafanadal.quelinka.es\/ca\/wp-json\/wp\/v2\/pages\/28120\/revisions\/28126"}],"up":[{"embeddable":true,"href":"https:\/\/fundacionrafanadal.quelinka.es\/ca\/wp-json\/wp\/v2\/pages\/24097"}],"wp:featuredmedia":[{"embeddable":true,"href":"https:\/\/fundacionrafanadal.quelinka.es\/ca\/wp-json\/wp\/v2\/media\/28115"}],"wp:attachment":[{"href":"https:\/\/fundacionrafanadal.quelinka.es\/ca\/wp-json\/wp\/v2\/media?parent=28120"}],"curies":[{"name":"wp","href":"https:\/\/api.w.org\/{rel}","templated":true}]}}