{"id":28150,"date":"2025-11-07T10:25:32","date_gmt":"2025-11-07T08:25:32","guid":{"rendered":"https:\/\/www.fundacionrafanadal.org\/?page_id=28150"},"modified":"2025-11-07T10:25:43","modified_gmt":"2025-11-07T08:25:43","slug":"la-fundacio-rafa-nadal-premiada-pel-comite-olimpic-espanyol-per-la-seva-tasca-en-la-reduccio-de-les-desigualtats","status":"publish","type":"page","link":"https:\/\/fundacionrafanadal.quelinka.es\/ca\/coneix-nos\/noticies\/noticies-2025\/la-fundacio-rafa-nadal-premiada-pel-comite-olimpic-espanyol-per-la-seva-tasca-en-la-reduccio-de-les-desigualtats\/","title":{"rendered":"La Fundaci\u00f3 Rafa Nadal, premiada pel Comit\u00e8 Ol\u00edmpic Espanyol per la seva tasca en la reducci\u00f3 de les desigualtats"},"content":{"rendered":"\n<div class=\"inherit-container-width wp-block-group is-layout-constrained wp-block-group-is-layout-constrained\"><div class=\"wp-block-group__inner-container\">\n<div class=\"wp-block-media-text alignfull is-stacked-on-mobile is-image-fill has-background\" style=\"background-color:#ddac31\"><figure class=\"wp-block-media-text__media\" style=\"background-image:url(https:\/\/www.fundacionrafanadal.quelinka.es\/wp-content\/uploads\/2022\/07\/ISM08879.png);background-position:50% 50%\"><img loading=\"lazy\" decoding=\"async\" width=\"900\" height=\"399\" src=\"https:\/\/www.fundacionrafanadal.quelinka.es\/wp-content\/uploads\/2022\/07\/ISM08879.png\" alt=\"\" class=\"wp-image-9879 size-full\" srcset=\"https:\/\/fundacionrafanadal.quelinka.es\/wp-content\/uploads\/2022\/07\/ISM08879.png 900w, https:\/\/fundacionrafanadal.quelinka.es\/wp-content\/uploads\/2022\/07\/ISM08879-300x133.png 300w, https:\/\/fundacionrafanadal.quelinka.es\/wp-content\/uploads\/2022\/07\/ISM08879-768x340.png 768w\" sizes=\"auto, (max-width: 900px) 100vw, 900px\" \/><\/figure><div class=\"wp-block-media-text__content\">\n<div style=\"height:30px\" aria-hidden=\"true\" class=\"wp-block-spacer\"><\/div>\n\n\n\n<h2 class=\"has-ast-global-color-5-color has-text-color wp-block-heading\" style=\"font-size:48px\"><strong>Not\u00edcies<\/strong><\/h2>\n\n\n\n<div style=\"height:200px\" aria-hidden=\"true\" class=\"wp-block-spacer\"><\/div>\n<\/div><\/div>\n\n\n\n<p><\/p>\n\n\n<div class=\"wp-block-post-date\"><time datetime=\"2025-11-07T10:25:32+02:00\">7 de novembre de 2025<\/time><\/div>\n\n\n<h2 class=\"wp-block-heading has-medium-font-size\" style=\"text-transform:uppercase\"><strong><strong><strong><strong>LA FUNDACI\u00d3 RAFA NADAL, PREMIADA PEL COMIT\u00c8 OL\u00cdMPIC ESPANYOL PER LA SEVA TASCA EN LA REDUCCI\u00d3 DE LES DESIGUALTATS<\/strong><\/strong><\/strong><\/strong><\/h2>\n\n\n\n<figure class=\"wp-block-image alignwide size-full\"><img loading=\"lazy\" decoding=\"async\" width=\"2118\" height=\"1694\" src=\"https:\/\/www.fundacionrafanadal.quelinka.es\/wp-content\/uploads\/2025\/11\/PremioCOE_002.jpg\" alt=\"\" class=\"wp-image-28156\" srcset=\"https:\/\/fundacionrafanadal.quelinka.es\/wp-content\/uploads\/2025\/11\/PremioCOE_002.jpg 2118w, https:\/\/fundacionrafanadal.quelinka.es\/wp-content\/uploads\/2025\/11\/PremioCOE_002-300x240.jpg 300w, https:\/\/fundacionrafanadal.quelinka.es\/wp-content\/uploads\/2025\/11\/PremioCOE_002-1024x819.jpg 1024w, https:\/\/fundacionrafanadal.quelinka.es\/wp-content\/uploads\/2025\/11\/PremioCOE_002-768x614.jpg 768w, https:\/\/fundacionrafanadal.quelinka.es\/wp-content\/uploads\/2025\/11\/PremioCOE_002-1536x1229.jpg 1536w, https:\/\/fundacionrafanadal.quelinka.es\/wp-content\/uploads\/2025\/11\/PremioCOE_002-2048x1638.jpg 2048w\" sizes=\"auto, (max-width: 2118px) 100vw, 2118px\" \/><\/figure>\n\n\n\n<h2 class=\"wp-block-heading\"><\/h2>\n\n\n\n<h2 class=\"wp-block-heading\">La <strong>Fundaci\u00f3 Rafa Nadal<\/strong> ha estat reconeguda pel <strong>Comit\u00e8 Ol\u00edmpic Espanyol (COE)<\/strong> en els <strong>II Premis de Sostenibilitat del COE<\/strong>, en la categoria <strong>ODS 10: Reducci\u00f3 de les Desigualtats<\/strong>, per la seva destacada tasca a favor de la <strong>inclusi\u00f3 social a trav\u00e9s de l\u2019esport i l\u2019educaci\u00f3<\/strong>.<\/h2>\n\n\n\n<p>L\u2019acte d\u2019entrega s\u2019ha celebrat aquest dimecres, 6 de novembre, a la seu del COE, a Madrid, en el marc del <strong>V Sport Sustainability Summit<\/strong>, una trobada anual que reuneix representants del m\u00f3n de l\u2019esport, empreses i institucions per compartir aven\u00e7os i bones pr\u00e0ctiques en mat\u00e8ria de sostenibilitat social, mediambiental i econ\u00f2mica.<\/p>\n\n\n\n<p>La Fundaci\u00f3 Rafa Nadal ha estat guardonada pel seu comprom\u00eds amb la igualtat d\u2019oportunitats i per la seva ferma aposta per l\u2019esport com a eina d\u2019integraci\u00f3 social. <strong>Eunate G\u00f3mez<\/strong>, responsable de projectes de la Fundaci\u00f3, ha estat l\u2019encarregada de recollir el reconeixement en nom de l\u2019entitat.<\/p>\n\n\n\n<figure class=\"wp-block-image size-large\"><img loading=\"lazy\" decoding=\"async\" width=\"1024\" height=\"819\" src=\"https:\/\/www.fundacionrafanadal.quelinka.es\/wp-content\/uploads\/2025\/11\/PRemio-COE_001-1024x819.png\" alt=\"\" class=\"wp-image-28152\" srcset=\"https:\/\/fundacionrafanadal.quelinka.es\/wp-content\/uploads\/2025\/11\/PRemio-COE_001-1024x819.png 1024w, https:\/\/fundacionrafanadal.quelinka.es\/wp-content\/uploads\/2025\/11\/PRemio-COE_001-300x240.png 300w, https:\/\/fundacionrafanadal.quelinka.es\/wp-content\/uploads\/2025\/11\/PRemio-COE_001-768x614.png 768w, https:\/\/fundacionrafanadal.quelinka.es\/wp-content\/uploads\/2025\/11\/PRemio-COE_001.png 1530w\" sizes=\"auto, (max-width: 1024px) 100vw, 1024px\" \/><\/figure>\n\n\n\n<p>\u201cPer a nosaltres \u00e9s un orgull rebre aquest premi, que refor\u00e7a la nostra convicci\u00f3 que l\u2019esport i l\u2019educaci\u00f3 s\u00f3n motors de transformaci\u00f3 social que promouen la igualtat i la inclusi\u00f3\u201d, ha destacat la representant de la Fundaci\u00f3 abans de la gala.<\/p>\n\n\n\n<p>A m\u00e9s de la Fundaci\u00f3 Rafa Nadal, el COE ha distingit altres organitzacions en diferents categories vinculades als <strong>Objectius de Desenvolupament Sostenible (ODS)<\/strong> de l\u2019<strong>Agenda 2030 de les Nacions Unides<\/strong>. Entre els premiats hi figuren la <strong>Fundaci\u00f3 Vicente Ferrer (ODS1: Fi de la Pobresa)<\/strong>, <strong>World Central Kitchen (ODS2: Fam Zero)<\/strong>, <strong>Gasol Foundation (ODS3: Salut i Benestar)<\/strong>, la <strong>UCAM (ODS4: Educaci\u00f3 de Qualitat)<\/strong> i <strong>Iberdrola (ODS5: Igualtat de G\u00e8nere)<\/strong>, entre d\u2019altres.<\/p>\n\n\n\n<p>Amb aquests guardons, el <strong>Comit\u00e8 Ol\u00edmpic Espanyol<\/strong> vol <strong>recon\u00e8ixer i donar visibilitat a les entitats que contribueixen activament a un desenvolupament sostenible i responsable<\/strong>, tant dins com fora de l\u2019\u00e0mbit esportiu.<\/p>\n\n\n\n<p>Segons el COE, \u201caquestes iniciatives representen l\u2019esperit de l\u2019olimpisme i el seu comprom\u00eds amb un futur m\u00e9s just, equitatiu i sostenible per a tothom.\u201d<\/p>\n\n\n\n<h2 class=\"wp-block-heading\">La <strong>Fundaci\u00f3 Rafa Nadal<\/strong> centra la seva tasca en programes que promouen el desenvolupament personal i social de nens i joves en situaci\u00f3 de vulnerabilitat, a trav\u00e9s de la pr\u00e0ctica esportiva i l\u2019educaci\u00f3. El seu enfocament integral i l\u2019impacte positiu en la reducci\u00f3 de les desigualtats han estat claus per a la concessi\u00f3 d\u2019aquest guard\u00f3.<\/h2>\n<\/div><\/div>\n","protected":false},"excerpt":{"rendered":"<p>LA FUNDACI\u00d3 RAFA NADAL, PREMIADA PEL COMIT\u00c8 OL\u00cdMPIC ESPANYOL PER LA SEVA TASCA EN LA REDUCCI\u00d3 DE LES DESIGUALTATS La Fundaci\u00f3 Rafa Nadal ha estat reconeguda pel Comit\u00e8 Ol\u00edmpic Espanyol (COE) en els II Premis de Sostenibilitat del COE, en la categoria ODS 10: Reducci\u00f3 de les Desigualtats, per la seva destacada tasca a favor [&hellip;]<\/p>\n","protected":false},"author":14,"featured_media":28156,"parent":24097,"menu_order":0,"comment_status":"closed","ping_status":"closed","template":"","meta":{"_acf_changed":false,"give_campaign_id":0,"_monsterinsights_skip_tracking":false,"_monsterinsights_sitenote_active":false,"_monsterinsights_sitenote_note":"","_monsterinsights_sitenote_category":0,"site-sidebar-layout":"default","site-content-layout":"","ast-site-content-layout":"default","site-content-style":"default","site-sidebar-style":"default","ast-global-header-display":"","ast-banner-title-visibility":"","ast-main-header-display":"","ast-hfb-above-header-display":"","ast-hfb-below-header-display":"","ast-hfb-mobile-header-display":"","site-post-title":"disabled","ast-breadcrumbs-content":"","ast-featured-img":"","footer-sml-layout":"","ast-disable-related-posts":"","theme-transparent-header-meta":"","adv-header-id-meta":"","stick-header-meta":"","header-above-stick-meta":"","header-main-stick-meta":"","header-below-stick-meta":"","astra-migrate-meta-layouts":"set","ast-page-background-enabled":"default","ast-page-background-meta":{"desktop":{"background-color":"var(--ast-global-color-4)","background-image":"","background-repeat":"repeat","background-position":"center center","background-size":"auto","background-attachment":"scroll","background-type":"","background-media":"","overlay-type":"","overlay-color":"","overlay-opacity":"","overlay-gradient":""},"tablet":{"background-color":"","background-image":"","background-repeat":"repeat","background-position":"center center","background-size":"auto","background-attachment":"scroll","background-type":"","background-media":"","overlay-type":"","overlay-color":"","overlay-opacity":"","overlay-gradient":""},"mobile":{"background-color":"","background-image":"","background-repeat":"repeat","background-position":"center center","background-size":"auto","background-attachment":"scroll","background-type":"","background-media":"","overlay-type":"","overlay-color":"","overlay-opacity":"","overlay-gradient":""}},"ast-content-background-meta":{"desktop":{"background-color":"var(--ast-global-color-5)","background-image":"","background-repeat":"repeat","background-position":"center center","background-size":"auto","background-attachment":"scroll","background-type":"","background-media":"","overlay-type":"","overlay-color":"","overlay-opacity":"","overlay-gradient":""},"tablet":{"background-color":"var(--ast-global-color-5)","background-image":"","background-repeat":"repeat","background-position":"center center","background-size":"auto","background-attachment":"scroll","background-type":"","background-media":"","overlay-type":"","overlay-color":"","overlay-opacity":"","overlay-gradient":""},"mobile":{"background-color":"var(--ast-global-color-5)","background-image":"","background-repeat":"repeat","background-position":"center center","background-size":"auto","background-attachment":"scroll","background-type":"","background-media":"","overlay-type":"","overlay-color":"","overlay-opacity":"","overlay-gradient":""}},"_themeisle_gutenberg_block_has_review":false,"footnotes":""},"class_list":["post-28150","page","type-page","status-publish","has-post-thumbnail","hentry"],"acf":[],"yoast_head":"<!-- This site is optimized with the Yoast SEO plugin v26.8 - https:\/\/yoast.com\/product\/yoast-seo-wordpress\/ -->\n<title>La Fundaci\u00f3 Rafa Nadal, premiada pel Comit\u00e8 Ol\u00edmpic Espanyol per la seva tasca en la reducci\u00f3 de les desigualtats - Fundaci\u00f3n Rafa Nadal<\/title>\n<meta name=\"robots\" content=\"noindex, follow, max-snippet:-1, max-image-preview:large, max-video-preview:-1\" \/>\n<meta property=\"og:locale\" content=\"ca_ES\" \/>\n<meta property=\"og:type\" content=\"article\" \/>\n<meta property=\"og:title\" content=\"La Fundaci\u00f3 Rafa Nadal, premiada pel Comit\u00e8 Ol\u00edmpic Espanyol per la seva tasca en la reducci\u00f3 de les desigualtats - Fundaci\u00f3n Rafa Nadal\" \/>\n<meta property=\"og:description\" content=\"LA FUNDACI\u00d3 RAFA NADAL, PREMIADA PEL COMIT\u00c8 OL\u00cdMPIC ESPANYOL PER LA SEVA TASCA EN LA REDUCCI\u00d3 DE LES DESIGUALTATS La Fundaci\u00f3 Rafa Nadal ha estat reconeguda pel Comit\u00e8 Ol\u00edmpic Espanyol (COE) en els II Premis de Sostenibilitat del COE, en la categoria ODS 10: Reducci\u00f3 de les Desigualtats, per la seva destacada tasca a favor [&hellip;]\" \/>\n<meta property=\"og:url\" content=\"https:\/\/fundacionrafanadal.quelinka.es\/ca\/coneix-nos\/noticies\/noticies-2025\/la-fundacio-rafa-nadal-premiada-pel-comite-olimpic-espanyol-per-la-seva-tasca-en-la-reduccio-de-les-desigualtats\/\" \/>\n<meta property=\"og:site_name\" content=\"Fundaci\u00f3n Rafa Nadal\" \/>\n<meta property=\"article:modified_time\" content=\"2025-11-07T08:25:43+00:00\" \/>\n<meta property=\"og:image\" content=\"https:\/\/fundacionrafanadal.quelinka.es\/wp-content\/uploads\/2025\/11\/PremioCOE_002.jpg\" \/>\n\t<meta property=\"og:image:width\" content=\"2118\" \/>\n\t<meta property=\"og:image:height\" content=\"1694\" \/>\n\t<meta property=\"og:image:type\" content=\"image\/jpeg\" \/>\n<meta name=\"twitter:card\" content=\"summary_large_image\" \/>\n<meta name=\"twitter:label1\" content=\"Temps estimat de lectura\" \/>\n\t<meta name=\"twitter:data1\" content=\"5 minuts\" \/>\n<script type=\"application\/ld+json\" class=\"yoast-schema-graph\">{\"@context\":\"https:\/\/schema.org\",\"@graph\":[{\"@type\":\"WebPage\",\"@id\":\"https:\/\/fundacionrafanadal.quelinka.es\/ca\/coneix-nos\/noticies\/noticies-2025\/la-fundacio-rafa-nadal-premiada-pel-comite-olimpic-espanyol-per-la-seva-tasca-en-la-reduccio-de-les-desigualtats\/\",\"url\":\"https:\/\/fundacionrafanadal.quelinka.es\/ca\/coneix-nos\/noticies\/noticies-2025\/la-fundacio-rafa-nadal-premiada-pel-comite-olimpic-espanyol-per-la-seva-tasca-en-la-reduccio-de-les-desigualtats\/\",\"name\":\"La Fundaci\u00f3 Rafa Nadal, premiada pel Comit\u00e8 Ol\u00edmpic Espanyol per la seva tasca en la reducci\u00f3 de les desigualtats - Fundaci\u00f3n Rafa Nadal\",\"isPartOf\":{\"@id\":\"https:\/\/fundacionrafanadal.quelinka.es\/ca\/#website\"},\"primaryImageOfPage\":{\"@id\":\"https:\/\/fundacionrafanadal.quelinka.es\/ca\/coneix-nos\/noticies\/noticies-2025\/la-fundacio-rafa-nadal-premiada-pel-comite-olimpic-espanyol-per-la-seva-tasca-en-la-reduccio-de-les-desigualtats\/#primaryimage\"},\"image\":{\"@id\":\"https:\/\/fundacionrafanadal.quelinka.es\/ca\/coneix-nos\/noticies\/noticies-2025\/la-fundacio-rafa-nadal-premiada-pel-comite-olimpic-espanyol-per-la-seva-tasca-en-la-reduccio-de-les-desigualtats\/#primaryimage\"},\"thumbnailUrl\":\"https:\/\/fundacionrafanadal.quelinka.es\/wp-content\/uploads\/2025\/11\/PremioCOE_002.jpg\",\"datePublished\":\"2025-11-07T08:25:32+00:00\",\"dateModified\":\"2025-11-07T08:25:43+00:00\",\"breadcrumb\":{\"@id\":\"https:\/\/fundacionrafanadal.quelinka.es\/ca\/coneix-nos\/noticies\/noticies-2025\/la-fundacio-rafa-nadal-premiada-pel-comite-olimpic-espanyol-per-la-seva-tasca-en-la-reduccio-de-les-desigualtats\/#breadcrumb\"},\"inLanguage\":\"ca\",\"potentialAction\":[{\"@type\":\"ReadAction\",\"target\":[\"https:\/\/fundacionrafanadal.quelinka.es\/ca\/coneix-nos\/noticies\/noticies-2025\/la-fundacio-rafa-nadal-premiada-pel-comite-olimpic-espanyol-per-la-seva-tasca-en-la-reduccio-de-les-desigualtats\/\"]}]},{\"@type\":\"ImageObject\",\"inLanguage\":\"ca\",\"@id\":\"https:\/\/fundacionrafanadal.quelinka.es\/ca\/coneix-nos\/noticies\/noticies-2025\/la-fundacio-rafa-nadal-premiada-pel-comite-olimpic-espanyol-per-la-seva-tasca-en-la-reduccio-de-les-desigualtats\/#primaryimage\",\"url\":\"https:\/\/fundacionrafanadal.quelinka.es\/wp-content\/uploads\/2025\/11\/PremioCOE_002.jpg\",\"contentUrl\":\"https:\/\/fundacionrafanadal.quelinka.es\/wp-content\/uploads\/2025\/11\/PremioCOE_002.jpg\",\"width\":2118,\"height\":1694},{\"@type\":\"BreadcrumbList\",\"@id\":\"https:\/\/fundacionrafanadal.quelinka.es\/ca\/coneix-nos\/noticies\/noticies-2025\/la-fundacio-rafa-nadal-premiada-pel-comite-olimpic-espanyol-per-la-seva-tasca-en-la-reduccio-de-les-desigualtats\/#breadcrumb\",\"itemListElement\":[{\"@type\":\"ListItem\",\"position\":1,\"name\":\"Portada\",\"item\":\"https:\/\/fundacionrafanadal.quelinka.es\/ca\/\"},{\"@type\":\"ListItem\",\"position\":2,\"name\":\"Coneix-nos\",\"item\":\"https:\/\/fundacionrafanadal.quelinka.es\/ca\/conocenos\/\"},{\"@type\":\"ListItem\",\"position\":3,\"name\":\"Not\u00edcies\",\"item\":\"https:\/\/fundacionrafanadal.quelinka.es\/ca\/conocenos\/noticias\/\"},{\"@type\":\"ListItem\",\"position\":4,\"name\":\"Not\u00edcies 2025\",\"item\":\"https:\/\/fundacionrafanadal.quelinka.es\/ca\/conocenos\/noticias\/noticias-2025\/\"},{\"@type\":\"ListItem\",\"position\":5,\"name\":\"La Fundaci\u00f3 Rafa Nadal, premiada pel Comit\u00e8 Ol\u00edmpic Espanyol per la seva tasca en la reducci\u00f3 de les desigualtats\"}]},{\"@type\":\"WebSite\",\"@id\":\"https:\/\/fundacionrafanadal.quelinka.es\/ca\/#website\",\"url\":\"https:\/\/fundacionrafanadal.quelinka.es\/ca\/\",\"name\":\"Fundaci\u00f3n Rafa Nadal\",\"description\":\"A trav\u00e9s del deporte y la educaci\u00f3n, promovemos la integraci\u00f3n y el desarrollo personal y social de ni\u00f1os y j\u00f3venes. En Espa\u00f1a y la India.\",\"publisher\":{\"@id\":\"https:\/\/fundacionrafanadal.quelinka.es\/ca\/#organization\"},\"potentialAction\":[{\"@type\":\"SearchAction\",\"target\":{\"@type\":\"EntryPoint\",\"urlTemplate\":\"https:\/\/fundacionrafanadal.quelinka.es\/ca\/?s={search_term_string}\"},\"query-input\":{\"@type\":\"PropertyValueSpecification\",\"valueRequired\":true,\"valueName\":\"search_term_string\"}}],\"inLanguage\":\"ca\"},{\"@type\":\"Organization\",\"@id\":\"https:\/\/fundacionrafanadal.quelinka.es\/ca\/#organization\",\"name\":\"Fundaci\u00f3n Rafa Nadal\",\"url\":\"https:\/\/fundacionrafanadal.quelinka.es\/ca\/\",\"logo\":{\"@type\":\"ImageObject\",\"inLanguage\":\"ca\",\"@id\":\"https:\/\/fundacionrafanadal.quelinka.es\/ca\/#\/schema\/logo\/image\/\",\"url\":\"https:\/\/fundacionrafanadal.quelinka.es\/wp-content\/uploads\/2022\/09\/logo-frn-web-3.png\",\"contentUrl\":\"https:\/\/fundacionrafanadal.quelinka.es\/wp-content\/uploads\/2022\/09\/logo-frn-web-3.png\",\"width\":551,\"height\":140,\"caption\":\"Fundaci\u00f3n Rafa Nadal\"},\"image\":{\"@id\":\"https:\/\/fundacionrafanadal.quelinka.es\/ca\/#\/schema\/logo\/image\/\"}}]}<\/script>\n<!-- \/ Yoast SEO plugin. -->","yoast_head_json":{"title":"La Fundaci\u00f3 Rafa Nadal, premiada pel Comit\u00e8 Ol\u00edmpic Espanyol per la seva tasca en la reducci\u00f3 de les desigualtats - Fundaci\u00f3n Rafa Nadal","robots":{"index":"noindex","follow":"follow","max-snippet":"max-snippet:-1","max-image-preview":"max-image-preview:large","max-video-preview":"max-video-preview:-1"},"og_locale":"ca_ES","og_type":"article","og_title":"La Fundaci\u00f3 Rafa Nadal, premiada pel Comit\u00e8 Ol\u00edmpic Espanyol per la seva tasca en la reducci\u00f3 de les desigualtats - Fundaci\u00f3n Rafa Nadal","og_description":"LA FUNDACI\u00d3 RAFA NADAL, PREMIADA PEL COMIT\u00c8 OL\u00cdMPIC ESPANYOL PER LA SEVA TASCA EN LA REDUCCI\u00d3 DE LES DESIGUALTATS La Fundaci\u00f3 Rafa Nadal ha estat reconeguda pel Comit\u00e8 Ol\u00edmpic Espanyol (COE) en els II Premis de Sostenibilitat del COE, en la categoria ODS 10: Reducci\u00f3 de les Desigualtats, per la seva destacada tasca a favor [&hellip;]","og_url":"https:\/\/fundacionrafanadal.quelinka.es\/ca\/coneix-nos\/noticies\/noticies-2025\/la-fundacio-rafa-nadal-premiada-pel-comite-olimpic-espanyol-per-la-seva-tasca-en-la-reduccio-de-les-desigualtats\/","og_site_name":"Fundaci\u00f3n Rafa Nadal","article_modified_time":"2025-11-07T08:25:43+00:00","og_image":[{"width":2118,"height":1694,"url":"https:\/\/fundacionrafanadal.quelinka.es\/wp-content\/uploads\/2025\/11\/PremioCOE_002.jpg","type":"image\/jpeg"}],"twitter_card":"summary_large_image","twitter_misc":{"Temps estimat de lectura":"5 minuts"},"schema":{"@context":"https:\/\/schema.org","@graph":[{"@type":"WebPage","@id":"https:\/\/fundacionrafanadal.quelinka.es\/ca\/coneix-nos\/noticies\/noticies-2025\/la-fundacio-rafa-nadal-premiada-pel-comite-olimpic-espanyol-per-la-seva-tasca-en-la-reduccio-de-les-desigualtats\/","url":"https:\/\/fundacionrafanadal.quelinka.es\/ca\/coneix-nos\/noticies\/noticies-2025\/la-fundacio-rafa-nadal-premiada-pel-comite-olimpic-espanyol-per-la-seva-tasca-en-la-reduccio-de-les-desigualtats\/","name":"La Fundaci\u00f3 Rafa Nadal, premiada pel Comit\u00e8 Ol\u00edmpic Espanyol per la seva tasca en la reducci\u00f3 de les desigualtats - Fundaci\u00f3n Rafa Nadal","isPartOf":{"@id":"https:\/\/fundacionrafanadal.quelinka.es\/ca\/#website"},"primaryImageOfPage":{"@id":"https:\/\/fundacionrafanadal.quelinka.es\/ca\/coneix-nos\/noticies\/noticies-2025\/la-fundacio-rafa-nadal-premiada-pel-comite-olimpic-espanyol-per-la-seva-tasca-en-la-reduccio-de-les-desigualtats\/#primaryimage"},"image":{"@id":"https:\/\/fundacionrafanadal.quelinka.es\/ca\/coneix-nos\/noticies\/noticies-2025\/la-fundacio-rafa-nadal-premiada-pel-comite-olimpic-espanyol-per-la-seva-tasca-en-la-reduccio-de-les-desigualtats\/#primaryimage"},"thumbnailUrl":"https:\/\/fundacionrafanadal.quelinka.es\/wp-content\/uploads\/2025\/11\/PremioCOE_002.jpg","datePublished":"2025-11-07T08:25:32+00:00","dateModified":"2025-11-07T08:25:43+00:00","breadcrumb":{"@id":"https:\/\/fundacionrafanadal.quelinka.es\/ca\/coneix-nos\/noticies\/noticies-2025\/la-fundacio-rafa-nadal-premiada-pel-comite-olimpic-espanyol-per-la-seva-tasca-en-la-reduccio-de-les-desigualtats\/#breadcrumb"},"inLanguage":"ca","potentialAction":[{"@type":"ReadAction","target":["https:\/\/fundacionrafanadal.quelinka.es\/ca\/coneix-nos\/noticies\/noticies-2025\/la-fundacio-rafa-nadal-premiada-pel-comite-olimpic-espanyol-per-la-seva-tasca-en-la-reduccio-de-les-desigualtats\/"]}]},{"@type":"ImageObject","inLanguage":"ca","@id":"https:\/\/fundacionrafanadal.quelinka.es\/ca\/coneix-nos\/noticies\/noticies-2025\/la-fundacio-rafa-nadal-premiada-pel-comite-olimpic-espanyol-per-la-seva-tasca-en-la-reduccio-de-les-desigualtats\/#primaryimage","url":"https:\/\/fundacionrafanadal.quelinka.es\/wp-content\/uploads\/2025\/11\/PremioCOE_002.jpg","contentUrl":"https:\/\/fundacionrafanadal.quelinka.es\/wp-content\/uploads\/2025\/11\/PremioCOE_002.jpg","width":2118,"height":1694},{"@type":"BreadcrumbList","@id":"https:\/\/fundacionrafanadal.quelinka.es\/ca\/coneix-nos\/noticies\/noticies-2025\/la-fundacio-rafa-nadal-premiada-pel-comite-olimpic-espanyol-per-la-seva-tasca-en-la-reduccio-de-les-desigualtats\/#breadcrumb","itemListElement":[{"@type":"ListItem","position":1,"name":"Portada","item":"https:\/\/fundacionrafanadal.quelinka.es\/ca\/"},{"@type":"ListItem","position":2,"name":"Coneix-nos","item":"https:\/\/fundacionrafanadal.quelinka.es\/ca\/conocenos\/"},{"@type":"ListItem","position":3,"name":"Not\u00edcies","item":"https:\/\/fundacionrafanadal.quelinka.es\/ca\/conocenos\/noticias\/"},{"@type":"ListItem","position":4,"name":"Not\u00edcies 2025","item":"https:\/\/fundacionrafanadal.quelinka.es\/ca\/conocenos\/noticias\/noticias-2025\/"},{"@type":"ListItem","position":5,"name":"La Fundaci\u00f3 Rafa Nadal, premiada pel Comit\u00e8 Ol\u00edmpic Espanyol per la seva tasca en la reducci\u00f3 de les desigualtats"}]},{"@type":"WebSite","@id":"https:\/\/fundacionrafanadal.quelinka.es\/ca\/#website","url":"https:\/\/fundacionrafanadal.quelinka.es\/ca\/","name":"Fundaci\u00f3n Rafa Nadal","description":"A trav\u00e9s del deporte y la educaci\u00f3n, promovemos la integraci\u00f3n y el desarrollo personal y social de ni\u00f1os y j\u00f3venes. En Espa\u00f1a y la India.","publisher":{"@id":"https:\/\/fundacionrafanadal.quelinka.es\/ca\/#organization"},"potentialAction":[{"@type":"SearchAction","target":{"@type":"EntryPoint","urlTemplate":"https:\/\/fundacionrafanadal.quelinka.es\/ca\/?s={search_term_string}"},"query-input":{"@type":"PropertyValueSpecification","valueRequired":true,"valueName":"search_term_string"}}],"inLanguage":"ca"},{"@type":"Organization","@id":"https:\/\/fundacionrafanadal.quelinka.es\/ca\/#organization","name":"Fundaci\u00f3n Rafa Nadal","url":"https:\/\/fundacionrafanadal.quelinka.es\/ca\/","logo":{"@type":"ImageObject","inLanguage":"ca","@id":"https:\/\/fundacionrafanadal.quelinka.es\/ca\/#\/schema\/logo\/image\/","url":"https:\/\/fundacionrafanadal.quelinka.es\/wp-content\/uploads\/2022\/09\/logo-frn-web-3.png","contentUrl":"https:\/\/fundacionrafanadal.quelinka.es\/wp-content\/uploads\/2022\/09\/logo-frn-web-3.png","width":551,"height":140,"caption":"Fundaci\u00f3n Rafa Nadal"},"image":{"@id":"https:\/\/fundacionrafanadal.quelinka.es\/ca\/#\/schema\/logo\/image\/"}}]}},"campaignId":"","_links":{"self":[{"href":"https:\/\/fundacionrafanadal.quelinka.es\/ca\/wp-json\/wp\/v2\/pages\/28150","targetHints":{"allow":["GET"]}}],"collection":[{"href":"https:\/\/fundacionrafanadal.quelinka.es\/ca\/wp-json\/wp\/v2\/pages"}],"about":[{"href":"https:\/\/fundacionrafanadal.quelinka.es\/ca\/wp-json\/wp\/v2\/types\/page"}],"author":[{"embeddable":true,"href":"https:\/\/fundacionrafanadal.quelinka.es\/ca\/wp-json\/wp\/v2\/users\/14"}],"replies":[{"embeddable":true,"href":"https:\/\/fundacionrafanadal.quelinka.es\/ca\/wp-json\/wp\/v2\/comments?post=28150"}],"version-history":[{"count":1,"href":"https:\/\/fundacionrafanadal.quelinka.es\/ca\/wp-json\/wp\/v2\/pages\/28150\/revisions"}],"predecessor-version":[{"id":28160,"href":"https:\/\/fundacionrafanadal.quelinka.es\/ca\/wp-json\/wp\/v2\/pages\/28150\/revisions\/28160"}],"up":[{"embeddable":true,"href":"https:\/\/fundacionrafanadal.quelinka.es\/ca\/wp-json\/wp\/v2\/pages\/24097"}],"wp:featuredmedia":[{"embeddable":true,"href":"https:\/\/fundacionrafanadal.quelinka.es\/ca\/wp-json\/wp\/v2\/media\/28156"}],"wp:attachment":[{"href":"https:\/\/fundacionrafanadal.quelinka.es\/ca\/wp-json\/wp\/v2\/media?parent=28150"}],"curies":[{"name":"wp","href":"https:\/\/api.w.org\/{rel}","templated":true}]}}