{"id":28286,"date":"2025-11-14T10:51:51","date_gmt":"2025-11-14T08:51:51","guid":{"rendered":"https:\/\/www.fundacionrafanadal.org\/?page_id=28286"},"modified":"2025-11-14T10:52:06","modified_gmt":"2025-11-14T08:52:06","slug":"la-fundacio-rafa-nadal-i-clinica-baviera-renoven-el-seu-compromis-amb-la-salut-visual-infantil","status":"publish","type":"page","link":"https:\/\/fundacionrafanadal.quelinka.es\/ca\/coneix-nos\/noticies\/noticies-2025\/la-fundacio-rafa-nadal-i-clinica-baviera-renoven-el-seu-compromis-amb-la-salut-visual-infantil\/","title":{"rendered":"La Fundaci\u00f3 Rafa Nadal i Cl\u00ednica Baviera renoven el seu comprom\u00eds amb la salut visual infantil"},"content":{"rendered":"\n<div class=\"inherit-container-width wp-block-group is-layout-constrained wp-block-group-is-layout-constrained\"><div class=\"wp-block-group__inner-container\">\n<div class=\"wp-block-media-text alignfull is-stacked-on-mobile is-image-fill has-background\" style=\"background-color:#ddac31\"><figure class=\"wp-block-media-text__media\" style=\"background-image:url(https:\/\/www.fundacionrafanadal.quelinka.es\/wp-content\/uploads\/2022\/07\/ISM08879.png);background-position:50% 50%\"><img loading=\"lazy\" decoding=\"async\" width=\"900\" height=\"399\" src=\"https:\/\/www.fundacionrafanadal.quelinka.es\/wp-content\/uploads\/2022\/07\/ISM08879.png\" alt=\"\" class=\"wp-image-9879 size-full\" srcset=\"https:\/\/fundacionrafanadal.quelinka.es\/wp-content\/uploads\/2022\/07\/ISM08879.png 900w, https:\/\/fundacionrafanadal.quelinka.es\/wp-content\/uploads\/2022\/07\/ISM08879-300x133.png 300w, https:\/\/fundacionrafanadal.quelinka.es\/wp-content\/uploads\/2022\/07\/ISM08879-768x340.png 768w\" sizes=\"auto, (max-width: 900px) 100vw, 900px\" \/><\/figure><div class=\"wp-block-media-text__content\">\n<div style=\"height:30px\" aria-hidden=\"true\" class=\"wp-block-spacer\"><\/div>\n\n\n\n<h2 class=\"has-ast-global-color-5-color has-text-color wp-block-heading\" style=\"font-size:48px\"><strong>Not\u00edcies<\/strong><\/h2>\n\n\n\n<div style=\"height:200px\" aria-hidden=\"true\" class=\"wp-block-spacer\"><\/div>\n<\/div><\/div>\n\n\n\n<p><\/p>\n\n\n<div class=\"wp-block-post-date\"><time datetime=\"2025-11-14T10:51:51+02:00\">14 de novembre de 2025<\/time><\/div>\n\n\n<h2 class=\"wp-block-heading has-medium-font-size\" style=\"text-transform:uppercase\"><strong><strong><strong><strong>LA FUNDACI\u00d3 RAFA NADAL I CL\u00cdNICA BAVIERA RENOVEN EL SEU COMPROM\u00cdS AMB LA SALUT VISUAL INFANTIL<\/strong><\/strong><\/strong><\/strong><\/h2>\n\n\n\n<figure class=\"wp-block-image alignwide size-full\"><img loading=\"lazy\" decoding=\"async\" width=\"1000\" height=\"800\" src=\"https:\/\/www.fundacionrafanadal.quelinka.es\/wp-content\/uploads\/2025\/11\/IMG_4959_b.jpg\" alt=\"\" class=\"wp-image-28289\" srcset=\"https:\/\/fundacionrafanadal.quelinka.es\/wp-content\/uploads\/2025\/11\/IMG_4959_b.jpg 1000w, https:\/\/fundacionrafanadal.quelinka.es\/wp-content\/uploads\/2025\/11\/IMG_4959_b-300x240.jpg 300w, https:\/\/fundacionrafanadal.quelinka.es\/wp-content\/uploads\/2025\/11\/IMG_4959_b-768x614.jpg 768w\" sizes=\"auto, (max-width: 1000px) 100vw, 1000px\" \/><\/figure>\n\n\n\n<h2 class=\"wp-block-heading\"><\/h2>\n\n\n\n<p>La <strong>Fundaci\u00f3 Rafa Nadal<\/strong>, en col\u00b7laboraci\u00f3 amb <strong>Cl\u00ednica Baviera<\/strong> i <strong>Fundaci\u00f3 Baviera Responsable<\/strong>, impulsa una nova edici\u00f3 de les <strong>revisions \u00f2ptiques anuals<\/strong> adre\u00e7ades als infants i adolescents que formen part dels <strong>Centres Fundaci\u00f3 Rafa Nadal<\/strong> de Madrid, Val\u00e8ncia i Palma.<\/p>\n\n\n\n<p>Aquesta alian\u00e7a, que vetlla per la salut visual dels menors, t\u00e9 com a objectiu <strong>prevenir i detectar possibles problemes de visi\u00f3<\/strong>, essencials per al seu correcte desenvolupament, aprenentatge i benestar f\u00edsic i emocional.<\/p>\n\n\n\n<p>L\u2019any passat es van dur a terme <strong>tres jornades de revisi\u00f3 a cada centre<\/strong>, atenent un total de <strong>402 infants i adolescents<\/strong>. Enguany, l\u2019equip professional de Cl\u00ednica Baviera tornar\u00e0 a despla\u00e7ar-se als tres centres per fer les revisions, refor\u00e7ant aix\u00ed la import\u00e0ncia de fer-ne un <strong>seguiment anual<\/strong> durant la inf\u00e0ncia i l\u2019adolesc\u00e8ncia.<\/p>\n\n\n\n<p>Les dates previstes per a les revisions s\u00f3n:<\/p>\n\n\n\n<ul class=\"wp-block-list\">\n<li><strong>17 i 18 de novembre:<\/strong> Centre Fundaci\u00f3 Rafa Nadal de <strong>Val\u00e8ncia<\/strong><\/li>\n\n\n\n<li><strong>16 i 17 de desembre:<\/strong> Centre Fundaci\u00f3 Rafa Nadal de <strong>Madrid<\/strong><\/li>\n\n\n\n<li><strong>9, 10 i 11 de mar\u00e7:<\/strong> Centre Fundaci\u00f3 Rafa Nadal de <strong>Palma<\/strong><\/li>\n<\/ul>\n\n\n\n<p>Durant les jornades, tots els nens i nenes rebran unes ulleres de sol per protegir la seva vista i, aquells que presentin problemes visuals que requereixin una revisi\u00f3 oftalmol\u00f2gica m\u00e9s profunda, seran atesos als centres de <strong>Cl\u00ednica Baviera<\/strong>. A m\u00e9s, els menors que necessitin ulleres podran obtenir-les de manera totalment gratu\u00efta a les \u00f2ptiques indicades associades a la <strong>Fundaci\u00f3 Ruta de la Llum<\/strong>, en col\u00b7laboraci\u00f3 tamb\u00e9 amb la <strong>Fundaci\u00f3 OneSight EssilorLuxottica.<\/strong><\/p>\n\n\n\n<p>Aquesta iniciativa reflecteix el comprom\u00eds de les tres entitats amb la <strong>salut, l\u2019educaci\u00f3 i el benestar integral<\/strong> de la inf\u00e0ncia. La salut visual \u00e9s clau perqu\u00e8 els infants puguin <strong>aprendre, estudiar i desenvolupar-se plenament<\/strong>, contribuint aix\u00ed al seu benestar i qualitat de vida.<\/p>\n\n\n\n<h2 class=\"wp-block-heading\">\u201cGr\u00e0cies a aquesta alian\u00e7a amb Cl\u00ednica Baviera i Fundaci\u00f3 Baviera Responsable, continuem sumant esfor\u00e7os per cuidar la salut dels nostres infants i adolescents. Veure-hi b\u00e9 tamb\u00e9 \u00e9s viure millor\u201d, destaquen des de la Fundaci\u00f3 Rafa Nadal.<\/h2>\n<\/div><\/div>\n","protected":false},"excerpt":{"rendered":"<p>LA FUNDACI\u00d3 RAFA NADAL I CL\u00cdNICA BAVIERA RENOVEN EL SEU COMPROM\u00cdS AMB LA SALUT VISUAL INFANTIL La Fundaci\u00f3 Rafa Nadal, en col\u00b7laboraci\u00f3 amb Cl\u00ednica Baviera i Fundaci\u00f3 Baviera Responsable, impulsa una nova edici\u00f3 de les revisions \u00f2ptiques anuals adre\u00e7ades als infants i adolescents que formen part dels Centres Fundaci\u00f3 Rafa Nadal de Madrid, Val\u00e8ncia i [&hellip;]<\/p>\n","protected":false},"author":14,"featured_media":28289,"parent":24097,"menu_order":0,"comment_status":"closed","ping_status":"closed","template":"","meta":{"_acf_changed":false,"give_campaign_id":0,"_monsterinsights_skip_tracking":false,"_monsterinsights_sitenote_active":false,"_monsterinsights_sitenote_note":"","_monsterinsights_sitenote_category":0,"site-sidebar-layout":"default","site-content-layout":"","ast-site-content-layout":"default","site-content-style":"default","site-sidebar-style":"default","ast-global-header-display":"","ast-banner-title-visibility":"","ast-main-header-display":"","ast-hfb-above-header-display":"","ast-hfb-below-header-display":"","ast-hfb-mobile-header-display":"","site-post-title":"disabled","ast-breadcrumbs-content":"","ast-featured-img":"","footer-sml-layout":"","ast-disable-related-posts":"","theme-transparent-header-meta":"","adv-header-id-meta":"","stick-header-meta":"","header-above-stick-meta":"","header-main-stick-meta":"","header-below-stick-meta":"","astra-migrate-meta-layouts":"set","ast-page-background-enabled":"default","ast-page-background-meta":{"desktop":{"background-color":"var(--ast-global-color-4)","background-image":"","background-repeat":"repeat","background-position":"center center","background-size":"auto","background-attachment":"scroll","background-type":"","background-media":"","overlay-type":"","overlay-color":"","overlay-opacity":"","overlay-gradient":""},"tablet":{"background-color":"","background-image":"","background-repeat":"repeat","background-position":"center center","background-size":"auto","background-attachment":"scroll","background-type":"","background-media":"","overlay-type":"","overlay-color":"","overlay-opacity":"","overlay-gradient":""},"mobile":{"background-color":"","background-image":"","background-repeat":"repeat","background-position":"center center","background-size":"auto","background-attachment":"scroll","background-type":"","background-media":"","overlay-type":"","overlay-color":"","overlay-opacity":"","overlay-gradient":""}},"ast-content-background-meta":{"desktop":{"background-color":"var(--ast-global-color-5)","background-image":"","background-repeat":"repeat","background-position":"center center","background-size":"auto","background-attachment":"scroll","background-type":"","background-media":"","overlay-type":"","overlay-color":"","overlay-opacity":"","overlay-gradient":""},"tablet":{"background-color":"var(--ast-global-color-5)","background-image":"","background-repeat":"repeat","background-position":"center center","background-size":"auto","background-attachment":"scroll","background-type":"","background-media":"","overlay-type":"","overlay-color":"","overlay-opacity":"","overlay-gradient":""},"mobile":{"background-color":"var(--ast-global-color-5)","background-image":"","background-repeat":"repeat","background-position":"center center","background-size":"auto","background-attachment":"scroll","background-type":"","background-media":"","overlay-type":"","overlay-color":"","overlay-opacity":"","overlay-gradient":""}},"_themeisle_gutenberg_block_has_review":false,"footnotes":""},"class_list":["post-28286","page","type-page","status-publish","has-post-thumbnail","hentry"],"acf":[],"yoast_head":"<!-- This site is optimized with the Yoast SEO plugin v26.8 - https:\/\/yoast.com\/product\/yoast-seo-wordpress\/ -->\n<title>La Fundaci\u00f3 Rafa Nadal i Cl\u00ednica Baviera renoven el seu comprom\u00eds amb la salut visual infantil - Fundaci\u00f3n Rafa Nadal<\/title>\n<meta name=\"robots\" content=\"noindex, follow, max-snippet:-1, max-image-preview:large, max-video-preview:-1\" \/>\n<meta property=\"og:locale\" content=\"ca_ES\" \/>\n<meta property=\"og:type\" content=\"article\" \/>\n<meta property=\"og:title\" content=\"La Fundaci\u00f3 Rafa Nadal i Cl\u00ednica Baviera renoven el seu comprom\u00eds amb la salut visual infantil - Fundaci\u00f3n Rafa Nadal\" \/>\n<meta property=\"og:description\" content=\"LA FUNDACI\u00d3 RAFA NADAL I CL\u00cdNICA BAVIERA RENOVEN EL SEU COMPROM\u00cdS AMB LA SALUT VISUAL INFANTIL La Fundaci\u00f3 Rafa Nadal, en col\u00b7laboraci\u00f3 amb Cl\u00ednica Baviera i Fundaci\u00f3 Baviera Responsable, impulsa una nova edici\u00f3 de les revisions \u00f2ptiques anuals adre\u00e7ades als infants i adolescents que formen part dels Centres Fundaci\u00f3 Rafa Nadal de Madrid, Val\u00e8ncia i [&hellip;]\" \/>\n<meta property=\"og:url\" content=\"https:\/\/fundacionrafanadal.quelinka.es\/ca\/coneix-nos\/noticies\/noticies-2025\/la-fundacio-rafa-nadal-i-clinica-baviera-renoven-el-seu-compromis-amb-la-salut-visual-infantil\/\" \/>\n<meta property=\"og:site_name\" content=\"Fundaci\u00f3n Rafa Nadal\" \/>\n<meta property=\"article:modified_time\" content=\"2025-11-14T08:52:06+00:00\" \/>\n<meta property=\"og:image\" content=\"https:\/\/fundacionrafanadal.quelinka.es\/wp-content\/uploads\/2025\/11\/IMG_4959_b.jpg\" \/>\n\t<meta property=\"og:image:width\" content=\"1000\" \/>\n\t<meta property=\"og:image:height\" content=\"800\" \/>\n\t<meta property=\"og:image:type\" content=\"image\/jpeg\" \/>\n<meta name=\"twitter:card\" content=\"summary_large_image\" \/>\n<meta name=\"twitter:label1\" content=\"Temps estimat de lectura\" \/>\n\t<meta name=\"twitter:data1\" content=\"4 minuts\" \/>\n<script type=\"application\/ld+json\" class=\"yoast-schema-graph\">{\"@context\":\"https:\/\/schema.org\",\"@graph\":[{\"@type\":\"WebPage\",\"@id\":\"https:\/\/fundacionrafanadal.quelinka.es\/ca\/coneix-nos\/noticies\/noticies-2025\/la-fundacio-rafa-nadal-i-clinica-baviera-renoven-el-seu-compromis-amb-la-salut-visual-infantil\/\",\"url\":\"https:\/\/fundacionrafanadal.quelinka.es\/ca\/coneix-nos\/noticies\/noticies-2025\/la-fundacio-rafa-nadal-i-clinica-baviera-renoven-el-seu-compromis-amb-la-salut-visual-infantil\/\",\"name\":\"La Fundaci\u00f3 Rafa Nadal i Cl\u00ednica Baviera renoven el seu comprom\u00eds amb la salut visual infantil - Fundaci\u00f3n Rafa Nadal\",\"isPartOf\":{\"@id\":\"https:\/\/fundacionrafanadal.quelinka.es\/ca\/#website\"},\"primaryImageOfPage\":{\"@id\":\"https:\/\/fundacionrafanadal.quelinka.es\/ca\/coneix-nos\/noticies\/noticies-2025\/la-fundacio-rafa-nadal-i-clinica-baviera-renoven-el-seu-compromis-amb-la-salut-visual-infantil\/#primaryimage\"},\"image\":{\"@id\":\"https:\/\/fundacionrafanadal.quelinka.es\/ca\/coneix-nos\/noticies\/noticies-2025\/la-fundacio-rafa-nadal-i-clinica-baviera-renoven-el-seu-compromis-amb-la-salut-visual-infantil\/#primaryimage\"},\"thumbnailUrl\":\"https:\/\/fundacionrafanadal.quelinka.es\/wp-content\/uploads\/2025\/11\/IMG_4959_b.jpg\",\"datePublished\":\"2025-11-14T08:51:51+00:00\",\"dateModified\":\"2025-11-14T08:52:06+00:00\",\"breadcrumb\":{\"@id\":\"https:\/\/fundacionrafanadal.quelinka.es\/ca\/coneix-nos\/noticies\/noticies-2025\/la-fundacio-rafa-nadal-i-clinica-baviera-renoven-el-seu-compromis-amb-la-salut-visual-infantil\/#breadcrumb\"},\"inLanguage\":\"ca\",\"potentialAction\":[{\"@type\":\"ReadAction\",\"target\":[\"https:\/\/fundacionrafanadal.quelinka.es\/ca\/coneix-nos\/noticies\/noticies-2025\/la-fundacio-rafa-nadal-i-clinica-baviera-renoven-el-seu-compromis-amb-la-salut-visual-infantil\/\"]}]},{\"@type\":\"ImageObject\",\"inLanguage\":\"ca\",\"@id\":\"https:\/\/fundacionrafanadal.quelinka.es\/ca\/coneix-nos\/noticies\/noticies-2025\/la-fundacio-rafa-nadal-i-clinica-baviera-renoven-el-seu-compromis-amb-la-salut-visual-infantil\/#primaryimage\",\"url\":\"https:\/\/fundacionrafanadal.quelinka.es\/wp-content\/uploads\/2025\/11\/IMG_4959_b.jpg\",\"contentUrl\":\"https:\/\/fundacionrafanadal.quelinka.es\/wp-content\/uploads\/2025\/11\/IMG_4959_b.jpg\",\"width\":1000,\"height\":800},{\"@type\":\"BreadcrumbList\",\"@id\":\"https:\/\/fundacionrafanadal.quelinka.es\/ca\/coneix-nos\/noticies\/noticies-2025\/la-fundacio-rafa-nadal-i-clinica-baviera-renoven-el-seu-compromis-amb-la-salut-visual-infantil\/#breadcrumb\",\"itemListElement\":[{\"@type\":\"ListItem\",\"position\":1,\"name\":\"Portada\",\"item\":\"https:\/\/fundacionrafanadal.quelinka.es\/ca\/\"},{\"@type\":\"ListItem\",\"position\":2,\"name\":\"Coneix-nos\",\"item\":\"https:\/\/fundacionrafanadal.quelinka.es\/ca\/conocenos\/\"},{\"@type\":\"ListItem\",\"position\":3,\"name\":\"Not\u00edcies\",\"item\":\"https:\/\/fundacionrafanadal.quelinka.es\/ca\/conocenos\/noticias\/\"},{\"@type\":\"ListItem\",\"position\":4,\"name\":\"Not\u00edcies 2025\",\"item\":\"https:\/\/fundacionrafanadal.quelinka.es\/ca\/conocenos\/noticias\/noticias-2025\/\"},{\"@type\":\"ListItem\",\"position\":5,\"name\":\"La Fundaci\u00f3 Rafa Nadal i Cl\u00ednica Baviera renoven el seu comprom\u00eds amb la salut visual infantil\"}]},{\"@type\":\"WebSite\",\"@id\":\"https:\/\/fundacionrafanadal.quelinka.es\/ca\/#website\",\"url\":\"https:\/\/fundacionrafanadal.quelinka.es\/ca\/\",\"name\":\"Fundaci\u00f3n Rafa Nadal\",\"description\":\"A trav\u00e9s del deporte y la educaci\u00f3n, promovemos la integraci\u00f3n y el desarrollo personal y social de ni\u00f1os y j\u00f3venes. En Espa\u00f1a y la India.\",\"publisher\":{\"@id\":\"https:\/\/fundacionrafanadal.quelinka.es\/ca\/#organization\"},\"potentialAction\":[{\"@type\":\"SearchAction\",\"target\":{\"@type\":\"EntryPoint\",\"urlTemplate\":\"https:\/\/fundacionrafanadal.quelinka.es\/ca\/?s={search_term_string}\"},\"query-input\":{\"@type\":\"PropertyValueSpecification\",\"valueRequired\":true,\"valueName\":\"search_term_string\"}}],\"inLanguage\":\"ca\"},{\"@type\":\"Organization\",\"@id\":\"https:\/\/fundacionrafanadal.quelinka.es\/ca\/#organization\",\"name\":\"Fundaci\u00f3n Rafa Nadal\",\"url\":\"https:\/\/fundacionrafanadal.quelinka.es\/ca\/\",\"logo\":{\"@type\":\"ImageObject\",\"inLanguage\":\"ca\",\"@id\":\"https:\/\/fundacionrafanadal.quelinka.es\/ca\/#\/schema\/logo\/image\/\",\"url\":\"https:\/\/fundacionrafanadal.quelinka.es\/wp-content\/uploads\/2022\/09\/logo-frn-web-3.png\",\"contentUrl\":\"https:\/\/fundacionrafanadal.quelinka.es\/wp-content\/uploads\/2022\/09\/logo-frn-web-3.png\",\"width\":551,\"height\":140,\"caption\":\"Fundaci\u00f3n Rafa Nadal\"},\"image\":{\"@id\":\"https:\/\/fundacionrafanadal.quelinka.es\/ca\/#\/schema\/logo\/image\/\"}}]}<\/script>\n<!-- \/ Yoast SEO plugin. -->","yoast_head_json":{"title":"La Fundaci\u00f3 Rafa Nadal i Cl\u00ednica Baviera renoven el seu comprom\u00eds amb la salut visual infantil - Fundaci\u00f3n Rafa Nadal","robots":{"index":"noindex","follow":"follow","max-snippet":"max-snippet:-1","max-image-preview":"max-image-preview:large","max-video-preview":"max-video-preview:-1"},"og_locale":"ca_ES","og_type":"article","og_title":"La Fundaci\u00f3 Rafa Nadal i Cl\u00ednica Baviera renoven el seu comprom\u00eds amb la salut visual infantil - Fundaci\u00f3n Rafa Nadal","og_description":"LA FUNDACI\u00d3 RAFA NADAL I CL\u00cdNICA BAVIERA RENOVEN EL SEU COMPROM\u00cdS AMB LA SALUT VISUAL INFANTIL La Fundaci\u00f3 Rafa Nadal, en col\u00b7laboraci\u00f3 amb Cl\u00ednica Baviera i Fundaci\u00f3 Baviera Responsable, impulsa una nova edici\u00f3 de les revisions \u00f2ptiques anuals adre\u00e7ades als infants i adolescents que formen part dels Centres Fundaci\u00f3 Rafa Nadal de Madrid, Val\u00e8ncia i [&hellip;]","og_url":"https:\/\/fundacionrafanadal.quelinka.es\/ca\/coneix-nos\/noticies\/noticies-2025\/la-fundacio-rafa-nadal-i-clinica-baviera-renoven-el-seu-compromis-amb-la-salut-visual-infantil\/","og_site_name":"Fundaci\u00f3n Rafa Nadal","article_modified_time":"2025-11-14T08:52:06+00:00","og_image":[{"width":1000,"height":800,"url":"https:\/\/fundacionrafanadal.quelinka.es\/wp-content\/uploads\/2025\/11\/IMG_4959_b.jpg","type":"image\/jpeg"}],"twitter_card":"summary_large_image","twitter_misc":{"Temps estimat de lectura":"4 minuts"},"schema":{"@context":"https:\/\/schema.org","@graph":[{"@type":"WebPage","@id":"https:\/\/fundacionrafanadal.quelinka.es\/ca\/coneix-nos\/noticies\/noticies-2025\/la-fundacio-rafa-nadal-i-clinica-baviera-renoven-el-seu-compromis-amb-la-salut-visual-infantil\/","url":"https:\/\/fundacionrafanadal.quelinka.es\/ca\/coneix-nos\/noticies\/noticies-2025\/la-fundacio-rafa-nadal-i-clinica-baviera-renoven-el-seu-compromis-amb-la-salut-visual-infantil\/","name":"La Fundaci\u00f3 Rafa Nadal i Cl\u00ednica Baviera renoven el seu comprom\u00eds amb la salut visual infantil - Fundaci\u00f3n Rafa Nadal","isPartOf":{"@id":"https:\/\/fundacionrafanadal.quelinka.es\/ca\/#website"},"primaryImageOfPage":{"@id":"https:\/\/fundacionrafanadal.quelinka.es\/ca\/coneix-nos\/noticies\/noticies-2025\/la-fundacio-rafa-nadal-i-clinica-baviera-renoven-el-seu-compromis-amb-la-salut-visual-infantil\/#primaryimage"},"image":{"@id":"https:\/\/fundacionrafanadal.quelinka.es\/ca\/coneix-nos\/noticies\/noticies-2025\/la-fundacio-rafa-nadal-i-clinica-baviera-renoven-el-seu-compromis-amb-la-salut-visual-infantil\/#primaryimage"},"thumbnailUrl":"https:\/\/fundacionrafanadal.quelinka.es\/wp-content\/uploads\/2025\/11\/IMG_4959_b.jpg","datePublished":"2025-11-14T08:51:51+00:00","dateModified":"2025-11-14T08:52:06+00:00","breadcrumb":{"@id":"https:\/\/fundacionrafanadal.quelinka.es\/ca\/coneix-nos\/noticies\/noticies-2025\/la-fundacio-rafa-nadal-i-clinica-baviera-renoven-el-seu-compromis-amb-la-salut-visual-infantil\/#breadcrumb"},"inLanguage":"ca","potentialAction":[{"@type":"ReadAction","target":["https:\/\/fundacionrafanadal.quelinka.es\/ca\/coneix-nos\/noticies\/noticies-2025\/la-fundacio-rafa-nadal-i-clinica-baviera-renoven-el-seu-compromis-amb-la-salut-visual-infantil\/"]}]},{"@type":"ImageObject","inLanguage":"ca","@id":"https:\/\/fundacionrafanadal.quelinka.es\/ca\/coneix-nos\/noticies\/noticies-2025\/la-fundacio-rafa-nadal-i-clinica-baviera-renoven-el-seu-compromis-amb-la-salut-visual-infantil\/#primaryimage","url":"https:\/\/fundacionrafanadal.quelinka.es\/wp-content\/uploads\/2025\/11\/IMG_4959_b.jpg","contentUrl":"https:\/\/fundacionrafanadal.quelinka.es\/wp-content\/uploads\/2025\/11\/IMG_4959_b.jpg","width":1000,"height":800},{"@type":"BreadcrumbList","@id":"https:\/\/fundacionrafanadal.quelinka.es\/ca\/coneix-nos\/noticies\/noticies-2025\/la-fundacio-rafa-nadal-i-clinica-baviera-renoven-el-seu-compromis-amb-la-salut-visual-infantil\/#breadcrumb","itemListElement":[{"@type":"ListItem","position":1,"name":"Portada","item":"https:\/\/fundacionrafanadal.quelinka.es\/ca\/"},{"@type":"ListItem","position":2,"name":"Coneix-nos","item":"https:\/\/fundacionrafanadal.quelinka.es\/ca\/conocenos\/"},{"@type":"ListItem","position":3,"name":"Not\u00edcies","item":"https:\/\/fundacionrafanadal.quelinka.es\/ca\/conocenos\/noticias\/"},{"@type":"ListItem","position":4,"name":"Not\u00edcies 2025","item":"https:\/\/fundacionrafanadal.quelinka.es\/ca\/conocenos\/noticias\/noticias-2025\/"},{"@type":"ListItem","position":5,"name":"La Fundaci\u00f3 Rafa Nadal i Cl\u00ednica Baviera renoven el seu comprom\u00eds amb la salut visual infantil"}]},{"@type":"WebSite","@id":"https:\/\/fundacionrafanadal.quelinka.es\/ca\/#website","url":"https:\/\/fundacionrafanadal.quelinka.es\/ca\/","name":"Fundaci\u00f3n Rafa Nadal","description":"A trav\u00e9s del deporte y la educaci\u00f3n, promovemos la integraci\u00f3n y el desarrollo personal y social de ni\u00f1os y j\u00f3venes. En Espa\u00f1a y la India.","publisher":{"@id":"https:\/\/fundacionrafanadal.quelinka.es\/ca\/#organization"},"potentialAction":[{"@type":"SearchAction","target":{"@type":"EntryPoint","urlTemplate":"https:\/\/fundacionrafanadal.quelinka.es\/ca\/?s={search_term_string}"},"query-input":{"@type":"PropertyValueSpecification","valueRequired":true,"valueName":"search_term_string"}}],"inLanguage":"ca"},{"@type":"Organization","@id":"https:\/\/fundacionrafanadal.quelinka.es\/ca\/#organization","name":"Fundaci\u00f3n Rafa Nadal","url":"https:\/\/fundacionrafanadal.quelinka.es\/ca\/","logo":{"@type":"ImageObject","inLanguage":"ca","@id":"https:\/\/fundacionrafanadal.quelinka.es\/ca\/#\/schema\/logo\/image\/","url":"https:\/\/fundacionrafanadal.quelinka.es\/wp-content\/uploads\/2022\/09\/logo-frn-web-3.png","contentUrl":"https:\/\/fundacionrafanadal.quelinka.es\/wp-content\/uploads\/2022\/09\/logo-frn-web-3.png","width":551,"height":140,"caption":"Fundaci\u00f3n Rafa Nadal"},"image":{"@id":"https:\/\/fundacionrafanadal.quelinka.es\/ca\/#\/schema\/logo\/image\/"}}]}},"campaignId":"","_links":{"self":[{"href":"https:\/\/fundacionrafanadal.quelinka.es\/ca\/wp-json\/wp\/v2\/pages\/28286","targetHints":{"allow":["GET"]}}],"collection":[{"href":"https:\/\/fundacionrafanadal.quelinka.es\/ca\/wp-json\/wp\/v2\/pages"}],"about":[{"href":"https:\/\/fundacionrafanadal.quelinka.es\/ca\/wp-json\/wp\/v2\/types\/page"}],"author":[{"embeddable":true,"href":"https:\/\/fundacionrafanadal.quelinka.es\/ca\/wp-json\/wp\/v2\/users\/14"}],"replies":[{"embeddable":true,"href":"https:\/\/fundacionrafanadal.quelinka.es\/ca\/wp-json\/wp\/v2\/comments?post=28286"}],"version-history":[{"count":1,"href":"https:\/\/fundacionrafanadal.quelinka.es\/ca\/wp-json\/wp\/v2\/pages\/28286\/revisions"}],"predecessor-version":[{"id":28293,"href":"https:\/\/fundacionrafanadal.quelinka.es\/ca\/wp-json\/wp\/v2\/pages\/28286\/revisions\/28293"}],"up":[{"embeddable":true,"href":"https:\/\/fundacionrafanadal.quelinka.es\/ca\/wp-json\/wp\/v2\/pages\/24097"}],"wp:featuredmedia":[{"embeddable":true,"href":"https:\/\/fundacionrafanadal.quelinka.es\/ca\/wp-json\/wp\/v2\/media\/28289"}],"wp:attachment":[{"href":"https:\/\/fundacionrafanadal.quelinka.es\/ca\/wp-json\/wp\/v2\/media?parent=28286"}],"curies":[{"name":"wp","href":"https:\/\/api.w.org\/{rel}","templated":true}]}}