{"id":28355,"date":"2025-11-26T17:38:10","date_gmt":"2025-11-26T15:38:10","guid":{"rendered":"https:\/\/www.fundacionrafanadal.org\/?page_id=28355"},"modified":"2025-11-26T17:38:23","modified_gmt":"2025-11-26T15:38:23","slug":"la-krajicek-foundation-visita-el-centre-fundacio-rafa-nadal-de-palma-per-compartir-experiencies-i-bones-practiques","status":"publish","type":"page","link":"https:\/\/fundacionrafanadal.quelinka.es\/ca\/coneix-nos\/noticies\/noticies-2025\/la-krajicek-foundation-visita-el-centre-fundacio-rafa-nadal-de-palma-per-compartir-experiencies-i-bones-practiques\/","title":{"rendered":"La Krajicek Foundation visita el Centre Fundaci\u00f3 Rafa Nadal de Palma per compartir experi\u00e8ncies i bones pr\u00e0ctiques"},"content":{"rendered":"\n<div class=\"inherit-container-width wp-block-group is-layout-constrained wp-block-group-is-layout-constrained\"><div class=\"wp-block-group__inner-container\">\n<div class=\"wp-block-media-text alignfull is-stacked-on-mobile is-image-fill has-background\" style=\"background-color:#ddac31\"><figure class=\"wp-block-media-text__media\" style=\"background-image:url(https:\/\/www.fundacionrafanadal.quelinka.es\/wp-content\/uploads\/2022\/07\/ISM08879.png);background-position:50% 50%\"><img loading=\"lazy\" decoding=\"async\" width=\"900\" height=\"399\" src=\"https:\/\/www.fundacionrafanadal.quelinka.es\/wp-content\/uploads\/2022\/07\/ISM08879.png\" alt=\"\" class=\"wp-image-9879 size-full\" srcset=\"https:\/\/fundacionrafanadal.quelinka.es\/wp-content\/uploads\/2022\/07\/ISM08879.png 900w, https:\/\/fundacionrafanadal.quelinka.es\/wp-content\/uploads\/2022\/07\/ISM08879-300x133.png 300w, https:\/\/fundacionrafanadal.quelinka.es\/wp-content\/uploads\/2022\/07\/ISM08879-768x340.png 768w\" sizes=\"auto, (max-width: 900px) 100vw, 900px\" \/><\/figure><div class=\"wp-block-media-text__content\">\n<div style=\"height:30px\" aria-hidden=\"true\" class=\"wp-block-spacer\"><\/div>\n\n\n\n<h2 class=\"has-ast-global-color-5-color has-text-color wp-block-heading\" style=\"font-size:48px\"><strong>Not\u00edcies<\/strong><\/h2>\n\n\n\n<div style=\"height:200px\" aria-hidden=\"true\" class=\"wp-block-spacer\"><\/div>\n<\/div><\/div>\n\n\n\n<p><\/p>\n\n\n<div class=\"wp-block-post-date\"><time datetime=\"2025-11-26T17:38:10+02:00\">26 de novembre de 2025<\/time><\/div>\n\n\n<h2 class=\"wp-block-heading has-medium-font-size\" style=\"text-transform:uppercase\"><strong><strong><strong><strong>LA KRAJICEK FOUNDATION VISITA EL CENTRE FUNDACI\u00d3 RAFA NADAL DE PALMA PER COMPARTIR EXPERI\u00c8NCIES I BONES PR\u00c0CTIQUES<\/strong><\/strong><\/strong><\/strong><\/h2>\n\n\n\n<figure class=\"wp-block-image alignwide size-full\"><img loading=\"lazy\" decoding=\"async\" width=\"1396\" height=\"1117\" src=\"https:\/\/www.fundacionrafanadal.quelinka.es\/wp-content\/uploads\/2025\/11\/Krajicek003.jpg\" alt=\"\" class=\"wp-image-28364\" srcset=\"https:\/\/fundacionrafanadal.quelinka.es\/wp-content\/uploads\/2025\/11\/Krajicek003.jpg 1396w, https:\/\/fundacionrafanadal.quelinka.es\/wp-content\/uploads\/2025\/11\/Krajicek003-300x240.jpg 300w, https:\/\/fundacionrafanadal.quelinka.es\/wp-content\/uploads\/2025\/11\/Krajicek003-1024x819.jpg 1024w, https:\/\/fundacionrafanadal.quelinka.es\/wp-content\/uploads\/2025\/11\/Krajicek003-768x615.jpg 768w\" sizes=\"auto, (max-width: 1396px) 100vw, 1396px\" \/><\/figure>\n\n\n\n<h2 class=\"wp-block-heading\"><\/h2>\n\n\n\n<p>El passat <strong>24 de novembre<\/strong>, l\u2019equip de la <strong>Krajicek Foundation<\/strong> va visitar el <strong>Centre Fundaci\u00f3 Rafa Nadal<\/strong> <strong>de Palma<\/strong> en una jornada dedicada a l\u2019intercanvi d\u2019experi\u00e8ncies i metodologies sobre com l\u2019esport pot esdevenir un motor d\u2019oportunitats per a la inf\u00e0ncia en situaci\u00f3 de vulnerabilitat.<\/p>\n\n\n\n<p>La <strong>Krajicek Foundation<\/strong>, amb seu als Pa\u00efsos Baixos, treballa des del 1997 per oferir a infants i joves de barris desafavorits espais esportius segurs i de qualitat \u2014els anomenats <em>Krajicek Playgrounds<\/em>\u2014, aix\u00ed com programes educatius i de lideratge que impulsen la inclusi\u00f3 social i el desenvolupament personal mitjan\u00e7ant l\u2019activitat f\u00edsica.<\/p>\n\n\n\n<p>La delegaci\u00f3 va ser rebuda per <strong>Jos\u00e9 Antonio Ruiz<\/strong>, director adjunt de la Fundaci\u00f3 Rafa Nadal, i <strong>Eunate G\u00f3mez<\/strong>, responsable de projectes, juntament amb tot l\u2019equip professional del Centre Fundaci\u00f3 Rafa Nadal de Palma.<\/p>\n\n\n\n<p>Durant la jornada, ambdues entitats van compartir <strong>bones pr\u00e0ctiques i enfocaments metodol\u00f2gics sobre com l\u2019esport pot convertir-se en una eina de transformaci\u00f3 social<\/strong>, especialment en contextos on infants i adolescents es troben en risc d\u2019exclusi\u00f3. Igualment, van destacar <strong>la import\u00e0ncia d\u2019impulsar espais segurs i de protecci\u00f3 per a la inf\u00e0ncia<\/strong>, on se sentin lliures, cuidades i amb la confian\u00e7a necess\u00e0ria per practicar esport i participar en activitats d\u2019oci saludable.<\/p>\n\n\n\n<figure class=\"wp-block-gallery has-nested-images columns-default is-cropped wp-block-gallery-1 is-layout-flex wp-block-gallery-is-layout-flex\">\n<figure class=\"wp-block-image size-large\"><img loading=\"lazy\" decoding=\"async\" width=\"1024\" height=\"819\" data-id=\"28358\" src=\"https:\/\/www.fundacionrafanadal.quelinka.es\/wp-content\/uploads\/2025\/11\/Krajicek001-1024x819.jpg\" alt=\"\" class=\"wp-image-28358\" srcset=\"https:\/\/fundacionrafanadal.quelinka.es\/wp-content\/uploads\/2025\/11\/Krajicek001-1024x819.jpg 1024w, https:\/\/fundacionrafanadal.quelinka.es\/wp-content\/uploads\/2025\/11\/Krajicek001-300x240.jpg 300w, https:\/\/fundacionrafanadal.quelinka.es\/wp-content\/uploads\/2025\/11\/Krajicek001-768x614.jpg 768w, https:\/\/fundacionrafanadal.quelinka.es\/wp-content\/uploads\/2025\/11\/Krajicek001.jpg 1500w\" sizes=\"auto, (max-width: 1024px) 100vw, 1024px\" \/><\/figure>\n\n\n\n<figure class=\"wp-block-image size-large\"><img loading=\"lazy\" decoding=\"async\" width=\"1024\" height=\"819\" data-id=\"28361\" src=\"https:\/\/www.fundacionrafanadal.quelinka.es\/wp-content\/uploads\/2025\/11\/Krajicek002-1024x819.jpg\" alt=\"\" class=\"wp-image-28361\" srcset=\"https:\/\/fundacionrafanadal.quelinka.es\/wp-content\/uploads\/2025\/11\/Krajicek002-1024x819.jpg 1024w, https:\/\/fundacionrafanadal.quelinka.es\/wp-content\/uploads\/2025\/11\/Krajicek002-300x240.jpg 300w, https:\/\/fundacionrafanadal.quelinka.es\/wp-content\/uploads\/2025\/11\/Krajicek002-768x614.jpg 768w, https:\/\/fundacionrafanadal.quelinka.es\/wp-content\/uploads\/2025\/11\/Krajicek002.jpg 1416w\" sizes=\"auto, (max-width: 1024px) 100vw, 1024px\" \/><\/figure>\n\n\n\n<figure class=\"wp-block-image size-large\"><img loading=\"lazy\" decoding=\"async\" width=\"1024\" height=\"819\" data-id=\"28367\" src=\"https:\/\/www.fundacionrafanadal.quelinka.es\/wp-content\/uploads\/2025\/11\/Krajicek004-1024x819.jpg\" alt=\"\" class=\"wp-image-28367\" srcset=\"https:\/\/fundacionrafanadal.quelinka.es\/wp-content\/uploads\/2025\/11\/Krajicek004-1024x819.jpg 1024w, https:\/\/fundacionrafanadal.quelinka.es\/wp-content\/uploads\/2025\/11\/Krajicek004-300x240.jpg 300w, https:\/\/fundacionrafanadal.quelinka.es\/wp-content\/uploads\/2025\/11\/Krajicek004-768x615.jpg 768w, https:\/\/fundacionrafanadal.quelinka.es\/wp-content\/uploads\/2025\/11\/Krajicek004.jpg 1421w\" sizes=\"auto, (max-width: 1024px) 100vw, 1024px\" \/><\/figure>\n<\/figure>\n\n\n\n<p>Despr\u00e9s de la trobada institucional, l\u2019equip de la Krajicek Foundation va tenir l\u2019oportunitat de con\u00e8ixer de primera m\u00e0 les <strong>activitats esportives, educatives i de suport psicosocial <\/strong>que conformen la intervenci\u00f3 integral del projecte del Centre Fundaci\u00f3 Rafa Nadal. Els visitants van poder observar les din\u00e0miques en qu\u00e8 participen di\u00e0riament els menors i com el programa combina la pr\u00e0ctica esportiva amb el refor\u00e7 educatiu i l\u2019acompanyament emocional per afavorir el seu desenvolupament global.<\/p>\n\n\n\n<h2 class=\"wp-block-heading\">La visita va suposar un important punt de contacte entre ambdues organitzacions, centrat a <strong>compartir experi\u00e8ncies i aprendre m\u00fatuament sobre l\u2019\u00fas de l\u2019esport com a eina de desenvolupament.<\/strong> Aquesta trobada va refermar el comprom\u00eds compartit de generar entorns segurs, saludables i plens d\u2019oportunitats per a la inf\u00e0ncia.<\/h2>\n<\/div><\/div>\n","protected":false},"excerpt":{"rendered":"<p>LA KRAJICEK FOUNDATION VISITA EL CENTRE FUNDACI\u00d3 RAFA NADAL DE PALMA PER COMPARTIR EXPERI\u00c8NCIES I BONES PR\u00c0CTIQUES El passat 24 de novembre, l\u2019equip de la Krajicek Foundation va visitar el Centre Fundaci\u00f3 Rafa Nadal de Palma en una jornada dedicada a l\u2019intercanvi d\u2019experi\u00e8ncies i metodologies sobre com l\u2019esport pot esdevenir un motor d\u2019oportunitats per a [&hellip;]<\/p>\n","protected":false},"author":14,"featured_media":28364,"parent":24097,"menu_order":0,"comment_status":"closed","ping_status":"closed","template":"","meta":{"_acf_changed":false,"give_campaign_id":0,"_monsterinsights_skip_tracking":false,"_monsterinsights_sitenote_active":false,"_monsterinsights_sitenote_note":"","_monsterinsights_sitenote_category":0,"site-sidebar-layout":"default","site-content-layout":"","ast-site-content-layout":"default","site-content-style":"default","site-sidebar-style":"default","ast-global-header-display":"","ast-banner-title-visibility":"","ast-main-header-display":"","ast-hfb-above-header-display":"","ast-hfb-below-header-display":"","ast-hfb-mobile-header-display":"","site-post-title":"disabled","ast-breadcrumbs-content":"","ast-featured-img":"","footer-sml-layout":"","ast-disable-related-posts":"","theme-transparent-header-meta":"","adv-header-id-meta":"","stick-header-meta":"","header-above-stick-meta":"","header-main-stick-meta":"","header-below-stick-meta":"","astra-migrate-meta-layouts":"set","ast-page-background-enabled":"default","ast-page-background-meta":{"desktop":{"background-color":"var(--ast-global-color-4)","background-image":"","background-repeat":"repeat","background-position":"center center","background-size":"auto","background-attachment":"scroll","background-type":"","background-media":"","overlay-type":"","overlay-color":"","overlay-opacity":"","overlay-gradient":""},"tablet":{"background-color":"","background-image":"","background-repeat":"repeat","background-position":"center center","background-size":"auto","background-attachment":"scroll","background-type":"","background-media":"","overlay-type":"","overlay-color":"","overlay-opacity":"","overlay-gradient":""},"mobile":{"background-color":"","background-image":"","background-repeat":"repeat","background-position":"center center","background-size":"auto","background-attachment":"scroll","background-type":"","background-media":"","overlay-type":"","overlay-color":"","overlay-opacity":"","overlay-gradient":""}},"ast-content-background-meta":{"desktop":{"background-color":"var(--ast-global-color-5)","background-image":"","background-repeat":"repeat","background-position":"center center","background-size":"auto","background-attachment":"scroll","background-type":"","background-media":"","overlay-type":"","overlay-color":"","overlay-opacity":"","overlay-gradient":""},"tablet":{"background-color":"var(--ast-global-color-5)","background-image":"","background-repeat":"repeat","background-position":"center center","background-size":"auto","background-attachment":"scroll","background-type":"","background-media":"","overlay-type":"","overlay-color":"","overlay-opacity":"","overlay-gradient":""},"mobile":{"background-color":"var(--ast-global-color-5)","background-image":"","background-repeat":"repeat","background-position":"center center","background-size":"auto","background-attachment":"scroll","background-type":"","background-media":"","overlay-type":"","overlay-color":"","overlay-opacity":"","overlay-gradient":""}},"_themeisle_gutenberg_block_has_review":false,"footnotes":""},"class_list":["post-28355","page","type-page","status-publish","has-post-thumbnail","hentry"],"acf":[],"yoast_head":"<!-- This site is optimized with the Yoast SEO plugin v26.8 - https:\/\/yoast.com\/product\/yoast-seo-wordpress\/ -->\n<title>La Krajicek Foundation visita el Centre Fundaci\u00f3 Rafa Nadal de Palma per compartir experi\u00e8ncies i bones pr\u00e0ctiques - Fundaci\u00f3n Rafa Nadal<\/title>\n<meta name=\"robots\" content=\"noindex, follow, max-snippet:-1, max-image-preview:large, max-video-preview:-1\" \/>\n<meta property=\"og:locale\" content=\"ca_ES\" \/>\n<meta property=\"og:type\" content=\"article\" \/>\n<meta property=\"og:title\" content=\"La Krajicek Foundation visita el Centre Fundaci\u00f3 Rafa Nadal de Palma per compartir experi\u00e8ncies i bones pr\u00e0ctiques - Fundaci\u00f3n Rafa Nadal\" \/>\n<meta property=\"og:description\" content=\"LA KRAJICEK FOUNDATION VISITA EL CENTRE FUNDACI\u00d3 RAFA NADAL DE PALMA PER COMPARTIR EXPERI\u00c8NCIES I BONES PR\u00c0CTIQUES El passat 24 de novembre, l\u2019equip de la Krajicek Foundation va visitar el Centre Fundaci\u00f3 Rafa Nadal de Palma en una jornada dedicada a l\u2019intercanvi d\u2019experi\u00e8ncies i metodologies sobre com l\u2019esport pot esdevenir un motor d\u2019oportunitats per a [&hellip;]\" \/>\n<meta property=\"og:url\" content=\"https:\/\/fundacionrafanadal.quelinka.es\/ca\/coneix-nos\/noticies\/noticies-2025\/la-krajicek-foundation-visita-el-centre-fundacio-rafa-nadal-de-palma-per-compartir-experiencies-i-bones-practiques\/\" \/>\n<meta property=\"og:site_name\" content=\"Fundaci\u00f3n Rafa Nadal\" \/>\n<meta property=\"article:modified_time\" content=\"2025-11-26T15:38:23+00:00\" \/>\n<meta property=\"og:image\" content=\"https:\/\/fundacionrafanadal.quelinka.es\/wp-content\/uploads\/2025\/11\/Krajicek003.jpg\" \/>\n\t<meta property=\"og:image:width\" content=\"1396\" \/>\n\t<meta property=\"og:image:height\" content=\"1117\" \/>\n\t<meta property=\"og:image:type\" content=\"image\/jpeg\" \/>\n<meta name=\"twitter:card\" content=\"summary_large_image\" \/>\n<meta name=\"twitter:label1\" content=\"Temps estimat de lectura\" \/>\n\t<meta name=\"twitter:data1\" content=\"5 minuts\" \/>\n<script type=\"application\/ld+json\" class=\"yoast-schema-graph\">{\"@context\":\"https:\/\/schema.org\",\"@graph\":[{\"@type\":\"WebPage\",\"@id\":\"https:\/\/fundacionrafanadal.quelinka.es\/ca\/coneix-nos\/noticies\/noticies-2025\/la-krajicek-foundation-visita-el-centre-fundacio-rafa-nadal-de-palma-per-compartir-experiencies-i-bones-practiques\/\",\"url\":\"https:\/\/fundacionrafanadal.quelinka.es\/ca\/coneix-nos\/noticies\/noticies-2025\/la-krajicek-foundation-visita-el-centre-fundacio-rafa-nadal-de-palma-per-compartir-experiencies-i-bones-practiques\/\",\"name\":\"La Krajicek Foundation visita el Centre Fundaci\u00f3 Rafa Nadal de Palma per compartir experi\u00e8ncies i bones pr\u00e0ctiques - Fundaci\u00f3n Rafa Nadal\",\"isPartOf\":{\"@id\":\"https:\/\/fundacionrafanadal.quelinka.es\/ca\/#website\"},\"primaryImageOfPage\":{\"@id\":\"https:\/\/fundacionrafanadal.quelinka.es\/ca\/coneix-nos\/noticies\/noticies-2025\/la-krajicek-foundation-visita-el-centre-fundacio-rafa-nadal-de-palma-per-compartir-experiencies-i-bones-practiques\/#primaryimage\"},\"image\":{\"@id\":\"https:\/\/fundacionrafanadal.quelinka.es\/ca\/coneix-nos\/noticies\/noticies-2025\/la-krajicek-foundation-visita-el-centre-fundacio-rafa-nadal-de-palma-per-compartir-experiencies-i-bones-practiques\/#primaryimage\"},\"thumbnailUrl\":\"https:\/\/fundacionrafanadal.quelinka.es\/wp-content\/uploads\/2025\/11\/Krajicek003.jpg\",\"datePublished\":\"2025-11-26T15:38:10+00:00\",\"dateModified\":\"2025-11-26T15:38:23+00:00\",\"breadcrumb\":{\"@id\":\"https:\/\/fundacionrafanadal.quelinka.es\/ca\/coneix-nos\/noticies\/noticies-2025\/la-krajicek-foundation-visita-el-centre-fundacio-rafa-nadal-de-palma-per-compartir-experiencies-i-bones-practiques\/#breadcrumb\"},\"inLanguage\":\"ca\",\"potentialAction\":[{\"@type\":\"ReadAction\",\"target\":[\"https:\/\/fundacionrafanadal.quelinka.es\/ca\/coneix-nos\/noticies\/noticies-2025\/la-krajicek-foundation-visita-el-centre-fundacio-rafa-nadal-de-palma-per-compartir-experiencies-i-bones-practiques\/\"]}]},{\"@type\":\"ImageObject\",\"inLanguage\":\"ca\",\"@id\":\"https:\/\/fundacionrafanadal.quelinka.es\/ca\/coneix-nos\/noticies\/noticies-2025\/la-krajicek-foundation-visita-el-centre-fundacio-rafa-nadal-de-palma-per-compartir-experiencies-i-bones-practiques\/#primaryimage\",\"url\":\"https:\/\/fundacionrafanadal.quelinka.es\/wp-content\/uploads\/2025\/11\/Krajicek003.jpg\",\"contentUrl\":\"https:\/\/fundacionrafanadal.quelinka.es\/wp-content\/uploads\/2025\/11\/Krajicek003.jpg\",\"width\":1396,\"height\":1117},{\"@type\":\"BreadcrumbList\",\"@id\":\"https:\/\/fundacionrafanadal.quelinka.es\/ca\/coneix-nos\/noticies\/noticies-2025\/la-krajicek-foundation-visita-el-centre-fundacio-rafa-nadal-de-palma-per-compartir-experiencies-i-bones-practiques\/#breadcrumb\",\"itemListElement\":[{\"@type\":\"ListItem\",\"position\":1,\"name\":\"Portada\",\"item\":\"https:\/\/fundacionrafanadal.quelinka.es\/ca\/\"},{\"@type\":\"ListItem\",\"position\":2,\"name\":\"Coneix-nos\",\"item\":\"https:\/\/fundacionrafanadal.quelinka.es\/ca\/conocenos\/\"},{\"@type\":\"ListItem\",\"position\":3,\"name\":\"Not\u00edcies\",\"item\":\"https:\/\/fundacionrafanadal.quelinka.es\/ca\/conocenos\/noticias\/\"},{\"@type\":\"ListItem\",\"position\":4,\"name\":\"Not\u00edcies 2025\",\"item\":\"https:\/\/fundacionrafanadal.quelinka.es\/ca\/conocenos\/noticias\/noticias-2025\/\"},{\"@type\":\"ListItem\",\"position\":5,\"name\":\"La Krajicek Foundation visita el Centre Fundaci\u00f3 Rafa Nadal de Palma per compartir experi\u00e8ncies i bones pr\u00e0ctiques\"}]},{\"@type\":\"WebSite\",\"@id\":\"https:\/\/fundacionrafanadal.quelinka.es\/ca\/#website\",\"url\":\"https:\/\/fundacionrafanadal.quelinka.es\/ca\/\",\"name\":\"Fundaci\u00f3n Rafa Nadal\",\"description\":\"A trav\u00e9s del deporte y la educaci\u00f3n, promovemos la integraci\u00f3n y el desarrollo personal y social de ni\u00f1os y j\u00f3venes. En Espa\u00f1a y la India.\",\"publisher\":{\"@id\":\"https:\/\/fundacionrafanadal.quelinka.es\/ca\/#organization\"},\"potentialAction\":[{\"@type\":\"SearchAction\",\"target\":{\"@type\":\"EntryPoint\",\"urlTemplate\":\"https:\/\/fundacionrafanadal.quelinka.es\/ca\/?s={search_term_string}\"},\"query-input\":{\"@type\":\"PropertyValueSpecification\",\"valueRequired\":true,\"valueName\":\"search_term_string\"}}],\"inLanguage\":\"ca\"},{\"@type\":\"Organization\",\"@id\":\"https:\/\/fundacionrafanadal.quelinka.es\/ca\/#organization\",\"name\":\"Fundaci\u00f3n Rafa Nadal\",\"url\":\"https:\/\/fundacionrafanadal.quelinka.es\/ca\/\",\"logo\":{\"@type\":\"ImageObject\",\"inLanguage\":\"ca\",\"@id\":\"https:\/\/fundacionrafanadal.quelinka.es\/ca\/#\/schema\/logo\/image\/\",\"url\":\"https:\/\/fundacionrafanadal.quelinka.es\/wp-content\/uploads\/2022\/09\/logo-frn-web-3.png\",\"contentUrl\":\"https:\/\/fundacionrafanadal.quelinka.es\/wp-content\/uploads\/2022\/09\/logo-frn-web-3.png\",\"width\":551,\"height\":140,\"caption\":\"Fundaci\u00f3n Rafa Nadal\"},\"image\":{\"@id\":\"https:\/\/fundacionrafanadal.quelinka.es\/ca\/#\/schema\/logo\/image\/\"}}]}<\/script>\n<!-- \/ Yoast SEO plugin. -->","yoast_head_json":{"title":"La Krajicek Foundation visita el Centre Fundaci\u00f3 Rafa Nadal de Palma per compartir experi\u00e8ncies i bones pr\u00e0ctiques - Fundaci\u00f3n Rafa Nadal","robots":{"index":"noindex","follow":"follow","max-snippet":"max-snippet:-1","max-image-preview":"max-image-preview:large","max-video-preview":"max-video-preview:-1"},"og_locale":"ca_ES","og_type":"article","og_title":"La Krajicek Foundation visita el Centre Fundaci\u00f3 Rafa Nadal de Palma per compartir experi\u00e8ncies i bones pr\u00e0ctiques - Fundaci\u00f3n Rafa Nadal","og_description":"LA KRAJICEK FOUNDATION VISITA EL CENTRE FUNDACI\u00d3 RAFA NADAL DE PALMA PER COMPARTIR EXPERI\u00c8NCIES I BONES PR\u00c0CTIQUES El passat 24 de novembre, l\u2019equip de la Krajicek Foundation va visitar el Centre Fundaci\u00f3 Rafa Nadal de Palma en una jornada dedicada a l\u2019intercanvi d\u2019experi\u00e8ncies i metodologies sobre com l\u2019esport pot esdevenir un motor d\u2019oportunitats per a [&hellip;]","og_url":"https:\/\/fundacionrafanadal.quelinka.es\/ca\/coneix-nos\/noticies\/noticies-2025\/la-krajicek-foundation-visita-el-centre-fundacio-rafa-nadal-de-palma-per-compartir-experiencies-i-bones-practiques\/","og_site_name":"Fundaci\u00f3n Rafa Nadal","article_modified_time":"2025-11-26T15:38:23+00:00","og_image":[{"width":1396,"height":1117,"url":"https:\/\/fundacionrafanadal.quelinka.es\/wp-content\/uploads\/2025\/11\/Krajicek003.jpg","type":"image\/jpeg"}],"twitter_card":"summary_large_image","twitter_misc":{"Temps estimat de lectura":"5 minuts"},"schema":{"@context":"https:\/\/schema.org","@graph":[{"@type":"WebPage","@id":"https:\/\/fundacionrafanadal.quelinka.es\/ca\/coneix-nos\/noticies\/noticies-2025\/la-krajicek-foundation-visita-el-centre-fundacio-rafa-nadal-de-palma-per-compartir-experiencies-i-bones-practiques\/","url":"https:\/\/fundacionrafanadal.quelinka.es\/ca\/coneix-nos\/noticies\/noticies-2025\/la-krajicek-foundation-visita-el-centre-fundacio-rafa-nadal-de-palma-per-compartir-experiencies-i-bones-practiques\/","name":"La Krajicek Foundation visita el Centre Fundaci\u00f3 Rafa Nadal de Palma per compartir experi\u00e8ncies i bones pr\u00e0ctiques - Fundaci\u00f3n Rafa Nadal","isPartOf":{"@id":"https:\/\/fundacionrafanadal.quelinka.es\/ca\/#website"},"primaryImageOfPage":{"@id":"https:\/\/fundacionrafanadal.quelinka.es\/ca\/coneix-nos\/noticies\/noticies-2025\/la-krajicek-foundation-visita-el-centre-fundacio-rafa-nadal-de-palma-per-compartir-experiencies-i-bones-practiques\/#primaryimage"},"image":{"@id":"https:\/\/fundacionrafanadal.quelinka.es\/ca\/coneix-nos\/noticies\/noticies-2025\/la-krajicek-foundation-visita-el-centre-fundacio-rafa-nadal-de-palma-per-compartir-experiencies-i-bones-practiques\/#primaryimage"},"thumbnailUrl":"https:\/\/fundacionrafanadal.quelinka.es\/wp-content\/uploads\/2025\/11\/Krajicek003.jpg","datePublished":"2025-11-26T15:38:10+00:00","dateModified":"2025-11-26T15:38:23+00:00","breadcrumb":{"@id":"https:\/\/fundacionrafanadal.quelinka.es\/ca\/coneix-nos\/noticies\/noticies-2025\/la-krajicek-foundation-visita-el-centre-fundacio-rafa-nadal-de-palma-per-compartir-experiencies-i-bones-practiques\/#breadcrumb"},"inLanguage":"ca","potentialAction":[{"@type":"ReadAction","target":["https:\/\/fundacionrafanadal.quelinka.es\/ca\/coneix-nos\/noticies\/noticies-2025\/la-krajicek-foundation-visita-el-centre-fundacio-rafa-nadal-de-palma-per-compartir-experiencies-i-bones-practiques\/"]}]},{"@type":"ImageObject","inLanguage":"ca","@id":"https:\/\/fundacionrafanadal.quelinka.es\/ca\/coneix-nos\/noticies\/noticies-2025\/la-krajicek-foundation-visita-el-centre-fundacio-rafa-nadal-de-palma-per-compartir-experiencies-i-bones-practiques\/#primaryimage","url":"https:\/\/fundacionrafanadal.quelinka.es\/wp-content\/uploads\/2025\/11\/Krajicek003.jpg","contentUrl":"https:\/\/fundacionrafanadal.quelinka.es\/wp-content\/uploads\/2025\/11\/Krajicek003.jpg","width":1396,"height":1117},{"@type":"BreadcrumbList","@id":"https:\/\/fundacionrafanadal.quelinka.es\/ca\/coneix-nos\/noticies\/noticies-2025\/la-krajicek-foundation-visita-el-centre-fundacio-rafa-nadal-de-palma-per-compartir-experiencies-i-bones-practiques\/#breadcrumb","itemListElement":[{"@type":"ListItem","position":1,"name":"Portada","item":"https:\/\/fundacionrafanadal.quelinka.es\/ca\/"},{"@type":"ListItem","position":2,"name":"Coneix-nos","item":"https:\/\/fundacionrafanadal.quelinka.es\/ca\/conocenos\/"},{"@type":"ListItem","position":3,"name":"Not\u00edcies","item":"https:\/\/fundacionrafanadal.quelinka.es\/ca\/conocenos\/noticias\/"},{"@type":"ListItem","position":4,"name":"Not\u00edcies 2025","item":"https:\/\/fundacionrafanadal.quelinka.es\/ca\/conocenos\/noticias\/noticias-2025\/"},{"@type":"ListItem","position":5,"name":"La Krajicek Foundation visita el Centre Fundaci\u00f3 Rafa Nadal de Palma per compartir experi\u00e8ncies i bones pr\u00e0ctiques"}]},{"@type":"WebSite","@id":"https:\/\/fundacionrafanadal.quelinka.es\/ca\/#website","url":"https:\/\/fundacionrafanadal.quelinka.es\/ca\/","name":"Fundaci\u00f3n Rafa Nadal","description":"A trav\u00e9s del deporte y la educaci\u00f3n, promovemos la integraci\u00f3n y el desarrollo personal y social de ni\u00f1os y j\u00f3venes. En Espa\u00f1a y la India.","publisher":{"@id":"https:\/\/fundacionrafanadal.quelinka.es\/ca\/#organization"},"potentialAction":[{"@type":"SearchAction","target":{"@type":"EntryPoint","urlTemplate":"https:\/\/fundacionrafanadal.quelinka.es\/ca\/?s={search_term_string}"},"query-input":{"@type":"PropertyValueSpecification","valueRequired":true,"valueName":"search_term_string"}}],"inLanguage":"ca"},{"@type":"Organization","@id":"https:\/\/fundacionrafanadal.quelinka.es\/ca\/#organization","name":"Fundaci\u00f3n Rafa Nadal","url":"https:\/\/fundacionrafanadal.quelinka.es\/ca\/","logo":{"@type":"ImageObject","inLanguage":"ca","@id":"https:\/\/fundacionrafanadal.quelinka.es\/ca\/#\/schema\/logo\/image\/","url":"https:\/\/fundacionrafanadal.quelinka.es\/wp-content\/uploads\/2022\/09\/logo-frn-web-3.png","contentUrl":"https:\/\/fundacionrafanadal.quelinka.es\/wp-content\/uploads\/2022\/09\/logo-frn-web-3.png","width":551,"height":140,"caption":"Fundaci\u00f3n Rafa Nadal"},"image":{"@id":"https:\/\/fundacionrafanadal.quelinka.es\/ca\/#\/schema\/logo\/image\/"}}]}},"campaignId":"","_links":{"self":[{"href":"https:\/\/fundacionrafanadal.quelinka.es\/ca\/wp-json\/wp\/v2\/pages\/28355","targetHints":{"allow":["GET"]}}],"collection":[{"href":"https:\/\/fundacionrafanadal.quelinka.es\/ca\/wp-json\/wp\/v2\/pages"}],"about":[{"href":"https:\/\/fundacionrafanadal.quelinka.es\/ca\/wp-json\/wp\/v2\/types\/page"}],"author":[{"embeddable":true,"href":"https:\/\/fundacionrafanadal.quelinka.es\/ca\/wp-json\/wp\/v2\/users\/14"}],"replies":[{"embeddable":true,"href":"https:\/\/fundacionrafanadal.quelinka.es\/ca\/wp-json\/wp\/v2\/comments?post=28355"}],"version-history":[{"count":1,"href":"https:\/\/fundacionrafanadal.quelinka.es\/ca\/wp-json\/wp\/v2\/pages\/28355\/revisions"}],"predecessor-version":[{"id":28374,"href":"https:\/\/fundacionrafanadal.quelinka.es\/ca\/wp-json\/wp\/v2\/pages\/28355\/revisions\/28374"}],"up":[{"embeddable":true,"href":"https:\/\/fundacionrafanadal.quelinka.es\/ca\/wp-json\/wp\/v2\/pages\/24097"}],"wp:featuredmedia":[{"embeddable":true,"href":"https:\/\/fundacionrafanadal.quelinka.es\/ca\/wp-json\/wp\/v2\/media\/28364"}],"wp:attachment":[{"href":"https:\/\/fundacionrafanadal.quelinka.es\/ca\/wp-json\/wp\/v2\/media?parent=28355"}],"curies":[{"name":"wp","href":"https:\/\/api.w.org\/{rel}","templated":true}]}}