{"id":28406,"date":"2025-12-02T14:15:37","date_gmt":"2025-12-02T12:15:37","guid":{"rendered":"https:\/\/www.fundacionrafanadal.org\/?page_id=28406"},"modified":"2025-12-02T14:52:39","modified_gmt":"2025-12-02T12:52:39","slug":"la-fundacio-rafa-nadal-guardonada-amb-el-premi-as-esport-en-positiu-a-la-gala-premis-as-2025","status":"publish","type":"page","link":"https:\/\/fundacionrafanadal.quelinka.es\/ca\/coneix-nos\/noticies\/noticies-2025\/la-fundacio-rafa-nadal-guardonada-amb-el-premi-as-esport-en-positiu-a-la-gala-premis-as-2025\/","title":{"rendered":"La Fundaci\u00f3 Rafa Nadal, guardonada amb el Premi AS Esport en Positiu a la Gala Premis AS 2025"},"content":{"rendered":"\n<div class=\"inherit-container-width wp-block-group is-layout-constrained wp-block-group-is-layout-constrained\"><div class=\"wp-block-group__inner-container\">\n<div class=\"wp-block-media-text alignfull is-stacked-on-mobile is-image-fill has-background\" style=\"background-color:#ddac31\"><figure class=\"wp-block-media-text__media\" style=\"background-image:url(https:\/\/www.fundacionrafanadal.quelinka.es\/wp-content\/uploads\/2022\/07\/ISM08879.png);background-position:50% 50%\"><img loading=\"lazy\" decoding=\"async\" width=\"900\" height=\"399\" src=\"https:\/\/www.fundacionrafanadal.quelinka.es\/wp-content\/uploads\/2022\/07\/ISM08879.png\" alt=\"\" class=\"wp-image-9879 size-full\" srcset=\"https:\/\/fundacionrafanadal.quelinka.es\/wp-content\/uploads\/2022\/07\/ISM08879.png 900w, https:\/\/fundacionrafanadal.quelinka.es\/wp-content\/uploads\/2022\/07\/ISM08879-300x133.png 300w, https:\/\/fundacionrafanadal.quelinka.es\/wp-content\/uploads\/2022\/07\/ISM08879-768x340.png 768w\" sizes=\"auto, (max-width: 900px) 100vw, 900px\" \/><\/figure><div class=\"wp-block-media-text__content\">\n<div style=\"height:30px\" aria-hidden=\"true\" class=\"wp-block-spacer\"><\/div>\n\n\n\n<h2 class=\"has-ast-global-color-5-color has-text-color wp-block-heading\" style=\"font-size:48px\"><strong>Not\u00edcies<\/strong><\/h2>\n\n\n\n<div style=\"height:200px\" aria-hidden=\"true\" class=\"wp-block-spacer\"><\/div>\n<\/div><\/div>\n\n\n\n<p><\/p>\n\n\n<div class=\"wp-block-post-date\"><time datetime=\"2025-12-02T14:15:37+02:00\">2 de desembre de 2025<\/time><\/div>\n\n\n<h2 class=\"wp-block-heading has-medium-font-size\" style=\"text-transform:uppercase\"><strong><strong><strong><strong>LA FUNDACI\u00d3 RAFA NADAL, GUARDONADA AMB EL PREMI AS ESPORT EN POSITIU A LA GALA PREMIS AS 2025<\/strong><\/strong><\/strong><\/strong><\/h2>\n\n\n\n<figure class=\"wp-block-image alignwide size-full\"><img loading=\"lazy\" decoding=\"async\" width=\"1200\" height=\"960\" src=\"https:\/\/www.fundacionrafanadal.quelinka.es\/wp-content\/uploads\/2025\/12\/GALA2025_10347-251202_b.jpg\" alt=\"\" class=\"wp-image-28437\" srcset=\"https:\/\/fundacionrafanadal.quelinka.es\/wp-content\/uploads\/2025\/12\/GALA2025_10347-251202_b.jpg 1200w, https:\/\/fundacionrafanadal.quelinka.es\/wp-content\/uploads\/2025\/12\/GALA2025_10347-251202_b-300x240.jpg 300w, https:\/\/fundacionrafanadal.quelinka.es\/wp-content\/uploads\/2025\/12\/GALA2025_10347-251202_b-1024x819.jpg 1024w, https:\/\/fundacionrafanadal.quelinka.es\/wp-content\/uploads\/2025\/12\/GALA2025_10347-251202_b-768x614.jpg 768w\" sizes=\"auto, (max-width: 1200px) 100vw, 1200px\" \/><\/figure>\n\n\n\n<h2 class=\"wp-block-heading\"><\/h2>\n\n\n\n<p>La Fundaci\u00f3 Rafa Nadal ha estat reconeguda a la Gala Premis AS 2025 amb el Premi AS Esport en Positiu, un guard\u00f3 que posa en valor el nostre comprom\u00eds amb la utilitzaci\u00f3 de l\u2019esport com a eina de transformaci\u00f3 social. Aquest reconeixement refor\u00e7a la missi\u00f3 que duem a terme des de fa quinze anys: oferir oportunitats a infants i joves en situaci\u00f3 de vulnerabilitat a trav\u00e9s de programes esportius, educatius i de benestar.<\/p>\n\n\n\n<p>El premi va ser lliurat durant una cerim\u00f2nia en qu\u00e8 van destacar grans figures de l\u2019esport nacional i internacional. Per a nosaltres, rebre aquest reconeixement suposa un impuls per continuar treballant en projectes que fomentin el desenvolupament personal, la igualtat d\u2019oportunitats i la inclusi\u00f3 social.<\/p>\n\n\n\n<h2 class=\"wp-block-heading\"><strong>Uns premis que celebren els valors de l\u2019esport<\/strong><\/h2>\n\n\n\n<p>En aquesta edici\u00f3, el Premi AS Llegenda va ser per a Rafa Nadal, la traject\u00f2ria i els valors del qual continuen inspirant dins i fora de les pistes. En les diverses categories dels Premis AS de l\u2019Esport tamb\u00e9 van ser reconeguts esportistes i entitats que han brillat al llarg de l\u2019any:<\/p>\n\n\n\n<p>\u2022 Marc M\u00e1rquez (motociclisme)<br>\u2022 Mar\u00eda P\u00e9rez (atletisme)<br>\u2022 Ciclisme femen\u00ed espanyol<br>\u2022 Selecci\u00f3 masculina de waterpolo<br>\u2022 Seleccions femenines de b\u00e0squet<br>\u2022 Iris Ti\u00f3 (nataci\u00f3 art\u00edstica)<br>\u2022 Alex Palou (automobilisme)<br>\u2022 Albert Torres (ciclisme en pista)<\/p>\n\n\n\n<p>En la categoria de Premis AS Traject\u00f2ria, els guardonats van ser grans referents del futbol mundial: Rapha\u00ebl Varane, Jes\u00fas Navas, Fernando Torres i Ra\u00fal Gonz\u00e1lez.<\/p>\n\n\n\n<p>El Premi AS Promesa va recaure en l\u2019atleta Ander Garaiar, mentre que el Premi AS Paral\u00edmpic va ser per a Mart\u00edn de la Puente (tennis), exemple de superaci\u00f3 i excel\u00b7l\u00e8ncia esportiva.<\/p>\n\n\n\n<p>Juntament amb la Fundaci\u00f3 Rafa Nadal, l\u2019esportista Carolina Mar\u00edn tamb\u00e9 va ser distingida en la categoria Premis AS Esport en Positiu, per la seva capacitat d\u2019inspirar i transmetre valors a trav\u00e9s de l\u2019esport.<\/p>\n\n\n\n<h2 class=\"wp-block-heading\"><strong>Un reconeixement que ens anima a continuar<\/strong><\/h2>\n\n\n\n<p>Des de la Fundaci\u00f3 Rafa Nadal volem agrair sincerament aquest guard\u00f3.<\/p>\n\n\n\n<figure class=\"wp-block-gallery has-nested-images columns-default is-cropped wp-block-gallery-1 is-layout-flex wp-block-gallery-is-layout-flex\">\n<figure class=\"wp-block-image size-large\"><img loading=\"lazy\" decoding=\"async\" width=\"1024\" height=\"819\" data-id=\"28443\" src=\"https:\/\/www.fundacionrafanadal.quelinka.es\/wp-content\/uploads\/2025\/12\/todos_b-1024x819.jpg\" alt=\"\" class=\"wp-image-28443\" srcset=\"https:\/\/fundacionrafanadal.quelinka.es\/wp-content\/uploads\/2025\/12\/todos_b-1024x819.jpg 1024w, https:\/\/fundacionrafanadal.quelinka.es\/wp-content\/uploads\/2025\/12\/todos_b-300x240.jpg 300w, https:\/\/fundacionrafanadal.quelinka.es\/wp-content\/uploads\/2025\/12\/todos_b-768x614.jpg 768w, https:\/\/fundacionrafanadal.quelinka.es\/wp-content\/uploads\/2025\/12\/todos_b.jpg 1200w\" sizes=\"auto, (max-width: 1024px) 100vw, 1024px\" \/><\/figure>\n\n\n\n<figure class=\"wp-block-image size-large\"><img loading=\"lazy\" decoding=\"async\" width=\"1024\" height=\"819\" data-id=\"28440\" src=\"https:\/\/www.fundacionrafanadal.quelinka.es\/wp-content\/uploads\/2025\/12\/GALA2025_10349-251202_b-1024x819.jpg\" alt=\"\" class=\"wp-image-28440\" srcset=\"https:\/\/fundacionrafanadal.quelinka.es\/wp-content\/uploads\/2025\/12\/GALA2025_10349-251202_b-1024x819.jpg 1024w, https:\/\/fundacionrafanadal.quelinka.es\/wp-content\/uploads\/2025\/12\/GALA2025_10349-251202_b-300x240.jpg 300w, https:\/\/fundacionrafanadal.quelinka.es\/wp-content\/uploads\/2025\/12\/GALA2025_10349-251202_b-768x614.jpg 768w, https:\/\/fundacionrafanadal.quelinka.es\/wp-content\/uploads\/2025\/12\/GALA2025_10349-251202_b.jpg 1200w\" sizes=\"auto, (max-width: 1024px) 100vw, 1024px\" \/><\/figure>\n<\/figure>\n\n\n\n<h2 class=\"wp-block-heading\">El rebem en nom de totes les persones que formen part dels nostres projectes: participants, fam\u00edlies, equips professionals i col\u00b7laboradors. Aquest premi ens anima a continuar treballant perqu\u00e8 l\u2019esport segueixi sent un vehicle de canvi social real i durador.<\/h2>\n<\/div><\/div>\n","protected":false},"excerpt":{"rendered":"<p>LA FUNDACI\u00d3 RAFA NADAL, GUARDONADA AMB EL PREMI AS ESPORT EN POSITIU A LA GALA PREMIS AS 2025 La Fundaci\u00f3 Rafa Nadal ha estat reconeguda a la Gala Premis AS 2025 amb el Premi AS Esport en Positiu, un guard\u00f3 que posa en valor el nostre comprom\u00eds amb la utilitzaci\u00f3 de l\u2019esport com a eina [&hellip;]<\/p>\n","protected":false},"author":14,"featured_media":28437,"parent":24097,"menu_order":0,"comment_status":"closed","ping_status":"closed","template":"","meta":{"_acf_changed":false,"give_campaign_id":0,"_monsterinsights_skip_tracking":false,"_monsterinsights_sitenote_active":false,"_monsterinsights_sitenote_note":"","_monsterinsights_sitenote_category":0,"site-sidebar-layout":"default","site-content-layout":"","ast-site-content-layout":"default","site-content-style":"default","site-sidebar-style":"default","ast-global-header-display":"","ast-banner-title-visibility":"","ast-main-header-display":"","ast-hfb-above-header-display":"","ast-hfb-below-header-display":"","ast-hfb-mobile-header-display":"","site-post-title":"disabled","ast-breadcrumbs-content":"","ast-featured-img":"","footer-sml-layout":"","ast-disable-related-posts":"","theme-transparent-header-meta":"","adv-header-id-meta":"","stick-header-meta":"","header-above-stick-meta":"","header-main-stick-meta":"","header-below-stick-meta":"","astra-migrate-meta-layouts":"set","ast-page-background-enabled":"default","ast-page-background-meta":{"desktop":{"background-color":"var(--ast-global-color-4)","background-image":"","background-repeat":"repeat","background-position":"center center","background-size":"auto","background-attachment":"scroll","background-type":"","background-media":"","overlay-type":"","overlay-color":"","overlay-opacity":"","overlay-gradient":""},"tablet":{"background-color":"","background-image":"","background-repeat":"repeat","background-position":"center center","background-size":"auto","background-attachment":"scroll","background-type":"","background-media":"","overlay-type":"","overlay-color":"","overlay-opacity":"","overlay-gradient":""},"mobile":{"background-color":"","background-image":"","background-repeat":"repeat","background-position":"center center","background-size":"auto","background-attachment":"scroll","background-type":"","background-media":"","overlay-type":"","overlay-color":"","overlay-opacity":"","overlay-gradient":""}},"ast-content-background-meta":{"desktop":{"background-color":"var(--ast-global-color-5)","background-image":"","background-repeat":"repeat","background-position":"center center","background-size":"auto","background-attachment":"scroll","background-type":"","background-media":"","overlay-type":"","overlay-color":"","overlay-opacity":"","overlay-gradient":""},"tablet":{"background-color":"var(--ast-global-color-5)","background-image":"","background-repeat":"repeat","background-position":"center center","background-size":"auto","background-attachment":"scroll","background-type":"","background-media":"","overlay-type":"","overlay-color":"","overlay-opacity":"","overlay-gradient":""},"mobile":{"background-color":"var(--ast-global-color-5)","background-image":"","background-repeat":"repeat","background-position":"center center","background-size":"auto","background-attachment":"scroll","background-type":"","background-media":"","overlay-type":"","overlay-color":"","overlay-opacity":"","overlay-gradient":""}},"_themeisle_gutenberg_block_has_review":false,"footnotes":""},"class_list":["post-28406","page","type-page","status-publish","has-post-thumbnail","hentry"],"acf":[],"yoast_head":"<!-- This site is optimized with the Yoast SEO plugin v26.8 - https:\/\/yoast.com\/product\/yoast-seo-wordpress\/ -->\n<title>La Fundaci\u00f3 Rafa Nadal, guardonada amb el Premi AS Esport en Positiu a la Gala Premis AS 2025 - Fundaci\u00f3n Rafa Nadal<\/title>\n<meta name=\"robots\" content=\"noindex, follow, max-snippet:-1, max-image-preview:large, max-video-preview:-1\" \/>\n<meta property=\"og:locale\" content=\"ca_ES\" \/>\n<meta property=\"og:type\" content=\"article\" \/>\n<meta property=\"og:title\" content=\"La Fundaci\u00f3 Rafa Nadal, guardonada amb el Premi AS Esport en Positiu a la Gala Premis AS 2025 - Fundaci\u00f3n Rafa Nadal\" \/>\n<meta property=\"og:description\" content=\"LA FUNDACI\u00d3 RAFA NADAL, GUARDONADA AMB EL PREMI AS ESPORT EN POSITIU A LA GALA PREMIS AS 2025 La Fundaci\u00f3 Rafa Nadal ha estat reconeguda a la Gala Premis AS 2025 amb el Premi AS Esport en Positiu, un guard\u00f3 que posa en valor el nostre comprom\u00eds amb la utilitzaci\u00f3 de l\u2019esport com a eina [&hellip;]\" \/>\n<meta property=\"og:url\" content=\"https:\/\/fundacionrafanadal.quelinka.es\/ca\/coneix-nos\/noticies\/noticies-2025\/la-fundacio-rafa-nadal-guardonada-amb-el-premi-as-esport-en-positiu-a-la-gala-premis-as-2025\/\" \/>\n<meta property=\"og:site_name\" content=\"Fundaci\u00f3n Rafa Nadal\" \/>\n<meta property=\"article:modified_time\" content=\"2025-12-02T12:52:39+00:00\" \/>\n<meta property=\"og:image\" content=\"https:\/\/fundacionrafanadal.quelinka.es\/wp-content\/uploads\/2025\/12\/GALA2025_10347-251202_b.jpg\" \/>\n\t<meta property=\"og:image:width\" content=\"1200\" \/>\n\t<meta property=\"og:image:height\" content=\"960\" \/>\n\t<meta property=\"og:image:type\" content=\"image\/jpeg\" \/>\n<meta name=\"twitter:card\" content=\"summary_large_image\" \/>\n<meta name=\"twitter:label1\" content=\"Temps estimat de lectura\" \/>\n\t<meta name=\"twitter:data1\" content=\"5 minuts\" \/>\n<script type=\"application\/ld+json\" class=\"yoast-schema-graph\">{\"@context\":\"https:\/\/schema.org\",\"@graph\":[{\"@type\":\"WebPage\",\"@id\":\"https:\/\/fundacionrafanadal.quelinka.es\/ca\/coneix-nos\/noticies\/noticies-2025\/la-fundacio-rafa-nadal-guardonada-amb-el-premi-as-esport-en-positiu-a-la-gala-premis-as-2025\/\",\"url\":\"https:\/\/fundacionrafanadal.quelinka.es\/ca\/coneix-nos\/noticies\/noticies-2025\/la-fundacio-rafa-nadal-guardonada-amb-el-premi-as-esport-en-positiu-a-la-gala-premis-as-2025\/\",\"name\":\"La Fundaci\u00f3 Rafa Nadal, guardonada amb el Premi AS Esport en Positiu a la Gala Premis AS 2025 - Fundaci\u00f3n Rafa Nadal\",\"isPartOf\":{\"@id\":\"https:\/\/fundacionrafanadal.quelinka.es\/ca\/#website\"},\"primaryImageOfPage\":{\"@id\":\"https:\/\/fundacionrafanadal.quelinka.es\/ca\/coneix-nos\/noticies\/noticies-2025\/la-fundacio-rafa-nadal-guardonada-amb-el-premi-as-esport-en-positiu-a-la-gala-premis-as-2025\/#primaryimage\"},\"image\":{\"@id\":\"https:\/\/fundacionrafanadal.quelinka.es\/ca\/coneix-nos\/noticies\/noticies-2025\/la-fundacio-rafa-nadal-guardonada-amb-el-premi-as-esport-en-positiu-a-la-gala-premis-as-2025\/#primaryimage\"},\"thumbnailUrl\":\"https:\/\/fundacionrafanadal.quelinka.es\/wp-content\/uploads\/2025\/12\/GALA2025_10347-251202_b.jpg\",\"datePublished\":\"2025-12-02T12:15:37+00:00\",\"dateModified\":\"2025-12-02T12:52:39+00:00\",\"breadcrumb\":{\"@id\":\"https:\/\/fundacionrafanadal.quelinka.es\/ca\/coneix-nos\/noticies\/noticies-2025\/la-fundacio-rafa-nadal-guardonada-amb-el-premi-as-esport-en-positiu-a-la-gala-premis-as-2025\/#breadcrumb\"},\"inLanguage\":\"ca\",\"potentialAction\":[{\"@type\":\"ReadAction\",\"target\":[\"https:\/\/fundacionrafanadal.quelinka.es\/ca\/coneix-nos\/noticies\/noticies-2025\/la-fundacio-rafa-nadal-guardonada-amb-el-premi-as-esport-en-positiu-a-la-gala-premis-as-2025\/\"]}]},{\"@type\":\"ImageObject\",\"inLanguage\":\"ca\",\"@id\":\"https:\/\/fundacionrafanadal.quelinka.es\/ca\/coneix-nos\/noticies\/noticies-2025\/la-fundacio-rafa-nadal-guardonada-amb-el-premi-as-esport-en-positiu-a-la-gala-premis-as-2025\/#primaryimage\",\"url\":\"https:\/\/fundacionrafanadal.quelinka.es\/wp-content\/uploads\/2025\/12\/GALA2025_10347-251202_b.jpg\",\"contentUrl\":\"https:\/\/fundacionrafanadal.quelinka.es\/wp-content\/uploads\/2025\/12\/GALA2025_10347-251202_b.jpg\",\"width\":1200,\"height\":960,\"caption\":\"01\/12\/25 GALAAS 2025 GALA AS PREMIOAS PREMIOS AS DEL DEPORTE ENTREGA PREMIOS RAFAEL NADAL PILAR GIL VICEPRESIDENTE PRISA CEO PRISA MEDIA PATROCINIOS PATROCINADOR RAFAEL FERNANDEZ DE ALARCON DIRECTOR DE MARKETING GLOBAL DE TELEFONICA\"},{\"@type\":\"BreadcrumbList\",\"@id\":\"https:\/\/fundacionrafanadal.quelinka.es\/ca\/coneix-nos\/noticies\/noticies-2025\/la-fundacio-rafa-nadal-guardonada-amb-el-premi-as-esport-en-positiu-a-la-gala-premis-as-2025\/#breadcrumb\",\"itemListElement\":[{\"@type\":\"ListItem\",\"position\":1,\"name\":\"Portada\",\"item\":\"https:\/\/fundacionrafanadal.quelinka.es\/ca\/\"},{\"@type\":\"ListItem\",\"position\":2,\"name\":\"Coneix-nos\",\"item\":\"https:\/\/fundacionrafanadal.quelinka.es\/ca\/conocenos\/\"},{\"@type\":\"ListItem\",\"position\":3,\"name\":\"Not\u00edcies\",\"item\":\"https:\/\/fundacionrafanadal.quelinka.es\/ca\/conocenos\/noticias\/\"},{\"@type\":\"ListItem\",\"position\":4,\"name\":\"Not\u00edcies 2025\",\"item\":\"https:\/\/fundacionrafanadal.quelinka.es\/ca\/conocenos\/noticias\/noticias-2025\/\"},{\"@type\":\"ListItem\",\"position\":5,\"name\":\"La Fundaci\u00f3 Rafa Nadal, guardonada amb el Premi AS Esport en Positiu a la Gala Premis AS 2025\"}]},{\"@type\":\"WebSite\",\"@id\":\"https:\/\/fundacionrafanadal.quelinka.es\/ca\/#website\",\"url\":\"https:\/\/fundacionrafanadal.quelinka.es\/ca\/\",\"name\":\"Fundaci\u00f3n Rafa Nadal\",\"description\":\"A trav\u00e9s del deporte y la educaci\u00f3n, promovemos la integraci\u00f3n y el desarrollo personal y social de ni\u00f1os y j\u00f3venes. En Espa\u00f1a y la India.\",\"publisher\":{\"@id\":\"https:\/\/fundacionrafanadal.quelinka.es\/ca\/#organization\"},\"potentialAction\":[{\"@type\":\"SearchAction\",\"target\":{\"@type\":\"EntryPoint\",\"urlTemplate\":\"https:\/\/fundacionrafanadal.quelinka.es\/ca\/?s={search_term_string}\"},\"query-input\":{\"@type\":\"PropertyValueSpecification\",\"valueRequired\":true,\"valueName\":\"search_term_string\"}}],\"inLanguage\":\"ca\"},{\"@type\":\"Organization\",\"@id\":\"https:\/\/fundacionrafanadal.quelinka.es\/ca\/#organization\",\"name\":\"Fundaci\u00f3n Rafa Nadal\",\"url\":\"https:\/\/fundacionrafanadal.quelinka.es\/ca\/\",\"logo\":{\"@type\":\"ImageObject\",\"inLanguage\":\"ca\",\"@id\":\"https:\/\/fundacionrafanadal.quelinka.es\/ca\/#\/schema\/logo\/image\/\",\"url\":\"https:\/\/fundacionrafanadal.quelinka.es\/wp-content\/uploads\/2022\/09\/logo-frn-web-3.png\",\"contentUrl\":\"https:\/\/fundacionrafanadal.quelinka.es\/wp-content\/uploads\/2022\/09\/logo-frn-web-3.png\",\"width\":551,\"height\":140,\"caption\":\"Fundaci\u00f3n Rafa Nadal\"},\"image\":{\"@id\":\"https:\/\/fundacionrafanadal.quelinka.es\/ca\/#\/schema\/logo\/image\/\"}}]}<\/script>\n<!-- \/ Yoast SEO plugin. -->","yoast_head_json":{"title":"La Fundaci\u00f3 Rafa Nadal, guardonada amb el Premi AS Esport en Positiu a la Gala Premis AS 2025 - Fundaci\u00f3n Rafa Nadal","robots":{"index":"noindex","follow":"follow","max-snippet":"max-snippet:-1","max-image-preview":"max-image-preview:large","max-video-preview":"max-video-preview:-1"},"og_locale":"ca_ES","og_type":"article","og_title":"La Fundaci\u00f3 Rafa Nadal, guardonada amb el Premi AS Esport en Positiu a la Gala Premis AS 2025 - Fundaci\u00f3n Rafa Nadal","og_description":"LA FUNDACI\u00d3 RAFA NADAL, GUARDONADA AMB EL PREMI AS ESPORT EN POSITIU A LA GALA PREMIS AS 2025 La Fundaci\u00f3 Rafa Nadal ha estat reconeguda a la Gala Premis AS 2025 amb el Premi AS Esport en Positiu, un guard\u00f3 que posa en valor el nostre comprom\u00eds amb la utilitzaci\u00f3 de l\u2019esport com a eina [&hellip;]","og_url":"https:\/\/fundacionrafanadal.quelinka.es\/ca\/coneix-nos\/noticies\/noticies-2025\/la-fundacio-rafa-nadal-guardonada-amb-el-premi-as-esport-en-positiu-a-la-gala-premis-as-2025\/","og_site_name":"Fundaci\u00f3n Rafa Nadal","article_modified_time":"2025-12-02T12:52:39+00:00","og_image":[{"width":1200,"height":960,"url":"https:\/\/fundacionrafanadal.quelinka.es\/wp-content\/uploads\/2025\/12\/GALA2025_10347-251202_b.jpg","type":"image\/jpeg"}],"twitter_card":"summary_large_image","twitter_misc":{"Temps estimat de lectura":"5 minuts"},"schema":{"@context":"https:\/\/schema.org","@graph":[{"@type":"WebPage","@id":"https:\/\/fundacionrafanadal.quelinka.es\/ca\/coneix-nos\/noticies\/noticies-2025\/la-fundacio-rafa-nadal-guardonada-amb-el-premi-as-esport-en-positiu-a-la-gala-premis-as-2025\/","url":"https:\/\/fundacionrafanadal.quelinka.es\/ca\/coneix-nos\/noticies\/noticies-2025\/la-fundacio-rafa-nadal-guardonada-amb-el-premi-as-esport-en-positiu-a-la-gala-premis-as-2025\/","name":"La Fundaci\u00f3 Rafa Nadal, guardonada amb el Premi AS Esport en Positiu a la Gala Premis AS 2025 - Fundaci\u00f3n Rafa Nadal","isPartOf":{"@id":"https:\/\/fundacionrafanadal.quelinka.es\/ca\/#website"},"primaryImageOfPage":{"@id":"https:\/\/fundacionrafanadal.quelinka.es\/ca\/coneix-nos\/noticies\/noticies-2025\/la-fundacio-rafa-nadal-guardonada-amb-el-premi-as-esport-en-positiu-a-la-gala-premis-as-2025\/#primaryimage"},"image":{"@id":"https:\/\/fundacionrafanadal.quelinka.es\/ca\/coneix-nos\/noticies\/noticies-2025\/la-fundacio-rafa-nadal-guardonada-amb-el-premi-as-esport-en-positiu-a-la-gala-premis-as-2025\/#primaryimage"},"thumbnailUrl":"https:\/\/fundacionrafanadal.quelinka.es\/wp-content\/uploads\/2025\/12\/GALA2025_10347-251202_b.jpg","datePublished":"2025-12-02T12:15:37+00:00","dateModified":"2025-12-02T12:52:39+00:00","breadcrumb":{"@id":"https:\/\/fundacionrafanadal.quelinka.es\/ca\/coneix-nos\/noticies\/noticies-2025\/la-fundacio-rafa-nadal-guardonada-amb-el-premi-as-esport-en-positiu-a-la-gala-premis-as-2025\/#breadcrumb"},"inLanguage":"ca","potentialAction":[{"@type":"ReadAction","target":["https:\/\/fundacionrafanadal.quelinka.es\/ca\/coneix-nos\/noticies\/noticies-2025\/la-fundacio-rafa-nadal-guardonada-amb-el-premi-as-esport-en-positiu-a-la-gala-premis-as-2025\/"]}]},{"@type":"ImageObject","inLanguage":"ca","@id":"https:\/\/fundacionrafanadal.quelinka.es\/ca\/coneix-nos\/noticies\/noticies-2025\/la-fundacio-rafa-nadal-guardonada-amb-el-premi-as-esport-en-positiu-a-la-gala-premis-as-2025\/#primaryimage","url":"https:\/\/fundacionrafanadal.quelinka.es\/wp-content\/uploads\/2025\/12\/GALA2025_10347-251202_b.jpg","contentUrl":"https:\/\/fundacionrafanadal.quelinka.es\/wp-content\/uploads\/2025\/12\/GALA2025_10347-251202_b.jpg","width":1200,"height":960,"caption":"01\/12\/25 GALAAS 2025 GALA AS PREMIOAS PREMIOS AS DEL DEPORTE ENTREGA PREMIOS RAFAEL NADAL PILAR GIL VICEPRESIDENTE PRISA CEO PRISA MEDIA PATROCINIOS PATROCINADOR RAFAEL FERNANDEZ DE ALARCON DIRECTOR DE MARKETING GLOBAL DE TELEFONICA"},{"@type":"BreadcrumbList","@id":"https:\/\/fundacionrafanadal.quelinka.es\/ca\/coneix-nos\/noticies\/noticies-2025\/la-fundacio-rafa-nadal-guardonada-amb-el-premi-as-esport-en-positiu-a-la-gala-premis-as-2025\/#breadcrumb","itemListElement":[{"@type":"ListItem","position":1,"name":"Portada","item":"https:\/\/fundacionrafanadal.quelinka.es\/ca\/"},{"@type":"ListItem","position":2,"name":"Coneix-nos","item":"https:\/\/fundacionrafanadal.quelinka.es\/ca\/conocenos\/"},{"@type":"ListItem","position":3,"name":"Not\u00edcies","item":"https:\/\/fundacionrafanadal.quelinka.es\/ca\/conocenos\/noticias\/"},{"@type":"ListItem","position":4,"name":"Not\u00edcies 2025","item":"https:\/\/fundacionrafanadal.quelinka.es\/ca\/conocenos\/noticias\/noticias-2025\/"},{"@type":"ListItem","position":5,"name":"La Fundaci\u00f3 Rafa Nadal, guardonada amb el Premi AS Esport en Positiu a la Gala Premis AS 2025"}]},{"@type":"WebSite","@id":"https:\/\/fundacionrafanadal.quelinka.es\/ca\/#website","url":"https:\/\/fundacionrafanadal.quelinka.es\/ca\/","name":"Fundaci\u00f3n Rafa Nadal","description":"A trav\u00e9s del deporte y la educaci\u00f3n, promovemos la integraci\u00f3n y el desarrollo personal y social de ni\u00f1os y j\u00f3venes. En Espa\u00f1a y la India.","publisher":{"@id":"https:\/\/fundacionrafanadal.quelinka.es\/ca\/#organization"},"potentialAction":[{"@type":"SearchAction","target":{"@type":"EntryPoint","urlTemplate":"https:\/\/fundacionrafanadal.quelinka.es\/ca\/?s={search_term_string}"},"query-input":{"@type":"PropertyValueSpecification","valueRequired":true,"valueName":"search_term_string"}}],"inLanguage":"ca"},{"@type":"Organization","@id":"https:\/\/fundacionrafanadal.quelinka.es\/ca\/#organization","name":"Fundaci\u00f3n Rafa Nadal","url":"https:\/\/fundacionrafanadal.quelinka.es\/ca\/","logo":{"@type":"ImageObject","inLanguage":"ca","@id":"https:\/\/fundacionrafanadal.quelinka.es\/ca\/#\/schema\/logo\/image\/","url":"https:\/\/fundacionrafanadal.quelinka.es\/wp-content\/uploads\/2022\/09\/logo-frn-web-3.png","contentUrl":"https:\/\/fundacionrafanadal.quelinka.es\/wp-content\/uploads\/2022\/09\/logo-frn-web-3.png","width":551,"height":140,"caption":"Fundaci\u00f3n Rafa Nadal"},"image":{"@id":"https:\/\/fundacionrafanadal.quelinka.es\/ca\/#\/schema\/logo\/image\/"}}]}},"campaignId":"","_links":{"self":[{"href":"https:\/\/fundacionrafanadal.quelinka.es\/ca\/wp-json\/wp\/v2\/pages\/28406","targetHints":{"allow":["GET"]}}],"collection":[{"href":"https:\/\/fundacionrafanadal.quelinka.es\/ca\/wp-json\/wp\/v2\/pages"}],"about":[{"href":"https:\/\/fundacionrafanadal.quelinka.es\/ca\/wp-json\/wp\/v2\/types\/page"}],"author":[{"embeddable":true,"href":"https:\/\/fundacionrafanadal.quelinka.es\/ca\/wp-json\/wp\/v2\/users\/14"}],"replies":[{"embeddable":true,"href":"https:\/\/fundacionrafanadal.quelinka.es\/ca\/wp-json\/wp\/v2\/comments?post=28406"}],"version-history":[{"count":3,"href":"https:\/\/fundacionrafanadal.quelinka.es\/ca\/wp-json\/wp\/v2\/pages\/28406\/revisions"}],"predecessor-version":[{"id":28448,"href":"https:\/\/fundacionrafanadal.quelinka.es\/ca\/wp-json\/wp\/v2\/pages\/28406\/revisions\/28448"}],"up":[{"embeddable":true,"href":"https:\/\/fundacionrafanadal.quelinka.es\/ca\/wp-json\/wp\/v2\/pages\/24097"}],"wp:featuredmedia":[{"embeddable":true,"href":"https:\/\/fundacionrafanadal.quelinka.es\/ca\/wp-json\/wp\/v2\/media\/28437"}],"wp:attachment":[{"href":"https:\/\/fundacionrafanadal.quelinka.es\/ca\/wp-json\/wp\/v2\/media?parent=28406"}],"curies":[{"name":"wp","href":"https:\/\/api.w.org\/{rel}","templated":true}]}}