{"id":2926,"date":"2022-03-23T16:27:03","date_gmt":"2022-03-23T16:27:03","guid":{"rendered":"https:\/\/www.fundacionrafanadal.org\/fundacio-rafa-nadal\/partners\/"},"modified":"2025-02-14T10:38:09","modified_gmt":"2025-02-14T10:38:09","slug":"partners","status":"publish","type":"page","link":"https:\/\/fundacionrafanadal.quelinka.es\/ca\/que-fem\/partners\/","title":{"rendered":"Partners"},"content":{"rendered":"\n<figure class=\"wp-block-image alignfull size-large\"><img loading=\"lazy\" decoding=\"async\" width=\"1024\" height=\"261\" src=\"https:\/\/www.fundacionrafanadal.quelinka.es\/wp-content\/uploads\/2022\/06\/cabecera_aliados-1024x261.jpg\" alt=\"\" class=\"wp-image-9637\" srcset=\"https:\/\/fundacionrafanadal.quelinka.es\/wp-content\/uploads\/2022\/06\/cabecera_aliados-1024x261.jpg 1024w, https:\/\/fundacionrafanadal.quelinka.es\/wp-content\/uploads\/2022\/06\/cabecera_aliados-300x76.jpg 300w, https:\/\/fundacionrafanadal.quelinka.es\/wp-content\/uploads\/2022\/06\/cabecera_aliados-768x195.jpg 768w, https:\/\/fundacionrafanadal.quelinka.es\/wp-content\/uploads\/2022\/06\/cabecera_aliados-1536x391.jpg 1536w, https:\/\/fundacionrafanadal.quelinka.es\/wp-content\/uploads\/2022\/06\/cabecera_aliados.jpg 1800w\" sizes=\"auto, (max-width: 1024px) 100vw, 1024px\" \/><\/figure>\n\n\n\n<div style=\"height:15px\" aria-hidden=\"true\" class=\"wp-block-spacer\"><\/div>\n\n\n\n<h2 class=\"wp-block-heading has-text-align-center has-large-font-size\"><strong>Partners<\/strong><\/h2>\n\n\n\n<div class=\"wp-block-media-text alignwide is-stacked-on-mobile blck-partners\"><figure class=\"wp-block-media-text__media\"><img loading=\"lazy\" decoding=\"async\" width=\"756\" height=\"399\" src=\"https:\/\/www.fundacionrafanadal.quelinka.es\/wp-content\/uploads\/2022\/06\/FVF_WEB.png\" alt=\"\" class=\"wp-image-9586 size-medium\" srcset=\"https:\/\/fundacionrafanadal.quelinka.es\/wp-content\/uploads\/2022\/06\/FVF_WEB.png 756w, https:\/\/fundacionrafanadal.quelinka.es\/wp-content\/uploads\/2022\/06\/FVF_WEB-300x158.png 300w\" sizes=\"auto, (max-width: 756px) 100vw, 756px\" \/><\/figure><div class=\"wp-block-media-text__content\">\n<h2 class=\"wp-block-heading\"><strong>Fundaci\u00f3n Vicente Ferrer<\/strong><\/h2>\n\n\n\n<p>ONG de desenvolupament compromesa des de fa m\u00e9s de 50 anys amb el proc\u00e9s de transformaci\u00f3 d&#8217;una de les zones m\u00e9s empobrides del sud de l&#8217;\u00cdndia. El 2010 vam decidir treballar amb ells i posar en marxa el projecte NETS a Anantapur, on atenem 250 nens i nenes a l&#8217;any mitjan\u00e7ant activitats esportives de tennis i activitats educatives d&#8217;angl\u00e8s i inform\u00e0tica.<\/p>\n<\/div><\/div>\n\n\n\n<div class=\"wp-block-media-text alignwide has-media-on-the-right is-stacked-on-mobile blck-partners\"><div class=\"wp-block-media-text__content\">\n<h2 class=\"wp-block-heading\"><strong>Special Olympics<\/strong><\/h2>\n\n\n\n<p>Organitzaci\u00f3 mundial que proporciona des de fa m\u00e9s de 50 anys oportunitats d&#8217;integraci\u00f3 per a persones amb discapacitat intel\u00b7lectual a trav\u00e9s de l&#8217;esport. El 2010 ens sumem a ells per posar en marxa el projecte M\u00e1s Que Tenis en qu\u00e8 donem suport a joves esportistes a trav\u00e9s d&#8217;entrenaments regulars de tennis a 20 escoles a tot Espanya.<\/p>\n<\/div><figure class=\"wp-block-media-text__media\"><img loading=\"lazy\" decoding=\"async\" width=\"756\" height=\"399\" src=\"https:\/\/www.fundacionrafanadal.quelinka.es\/wp-content\/uploads\/2022\/06\/specialOL_web.png\" alt=\"\" class=\"wp-image-9589 size-full\" srcset=\"https:\/\/fundacionrafanadal.quelinka.es\/wp-content\/uploads\/2022\/06\/specialOL_web.png 756w, https:\/\/fundacionrafanadal.quelinka.es\/wp-content\/uploads\/2022\/06\/specialOL_web-300x158.png 300w\" sizes=\"auto, (max-width: 756px) 100vw, 756px\" \/><\/figure><\/div>\n\n\n\n<div class=\"wp-block-media-text alignwide is-stacked-on-mobile blck-partners\"><figure class=\"wp-block-media-text__media\"><img loading=\"lazy\" decoding=\"async\" width=\"756\" height=\"399\" src=\"https:\/\/www.fundacionrafanadal.quelinka.es\/wp-content\/uploads\/2022\/06\/diagrama_web.png\" alt=\"\" class=\"wp-image-9583 size-full\" srcset=\"https:\/\/fundacionrafanadal.quelinka.es\/wp-content\/uploads\/2022\/06\/diagrama_web.png 756w, https:\/\/fundacionrafanadal.quelinka.es\/wp-content\/uploads\/2022\/06\/diagrama_web-300x158.png 300w\" sizes=\"auto, (max-width: 756px) 100vw, 756px\" \/><\/figure><div class=\"wp-block-media-text__content\">\n<h2 class=\"wp-block-heading\"><strong>Fundaci\u00f3n Diagrama<\/strong><\/h2>\n\n\n\n<p>Entitat sense \u00e0nim de lucre que treballa des de 1991 en l&#8217;atenci\u00f3 de les necessitats de persones vulnerables o en dificultat social, sempre des de la defensa i la promoci\u00f3 dels Drets Humans. Ens donem suport a la seva experi\u00e8ncia per a la gesti\u00f3 dels nostres Centres Fundaci\u00f3 Rafa Nadal.<\/p>\n<\/div><\/div>\n\n\n\n<div class=\"wp-block-media-text alignwide has-media-on-the-right is-stacked-on-mobile blck-partners\"><div class=\"wp-block-media-text__content\">\n<h3 class=\"wp-block-heading\"><strong>Fundaci\u00f3n<\/strong> <strong>Tenis Barcelona<\/strong><\/h3>\n\n\n\n<p>La Fundaci\u00f3 Tennis Barcelona va n\u00e9ixer el 2019 per impulsar i fer cr\u00e9ixer l&#8217;acci\u00f3 solid\u00e0ria existent al RCTB-1899. La Fundaci\u00f3 va iniciar el seu propi programa, Tennis amb Valors, a Barcelona, \u200b\u200boferint classes de tennis cada setmana a nens, nenes i joves en risc d&#8217;exclusi\u00f3. Ens hem aliat amb ells per impulsar el projecte Play All.<\/p>\n<\/div><figure class=\"wp-block-media-text__media\"><img loading=\"lazy\" decoding=\"async\" width=\"690\" height=\"400\" src=\"https:\/\/www.fundacionrafanadal.quelinka.es\/wp-content\/uploads\/2023\/01\/LOGO-PARTNER-FTB.png\" alt=\"\" class=\"wp-image-15068 size-full\" srcset=\"https:\/\/fundacionrafanadal.quelinka.es\/wp-content\/uploads\/2023\/01\/LOGO-PARTNER-FTB.png 690w, https:\/\/fundacionrafanadal.quelinka.es\/wp-content\/uploads\/2023\/01\/LOGO-PARTNER-FTB-300x174.png 300w\" sizes=\"auto, (max-width: 690px) 100vw, 690px\" \/><\/figure><\/div>\n\n\n\n<div style=\"height:50px\" aria-hidden=\"true\" class=\"wp-block-spacer\"><\/div>\n","protected":false},"excerpt":{"rendered":"<p>Partners Fundaci\u00f3n Vicente Ferrer ONG de desenvolupament compromesa des de fa m\u00e9s de 50 anys amb el proc\u00e9s de transformaci\u00f3 d&#8217;una de les zones m\u00e9s empobrides del sud de l&#8217;\u00cdndia. El 2010 vam decidir treballar amb ells i posar en marxa el projecte NETS a Anantapur, on atenem 250 nens i nenes a l&#8217;any mitjan\u00e7ant [&hellip;]<\/p>\n","protected":false},"author":1,"featured_media":0,"parent":2933,"menu_order":3,"comment_status":"closed","ping_status":"closed","template":"","meta":{"_acf_changed":false,"give_campaign_id":0,"_monsterinsights_skip_tracking":false,"_monsterinsights_sitenote_active":false,"_monsterinsights_sitenote_note":"","_monsterinsights_sitenote_category":0,"site-sidebar-layout":"default","site-content-layout":"","ast-site-content-layout":"default","site-content-style":"default","site-sidebar-style":"default","ast-global-header-display":"","ast-banner-title-visibility":"","ast-main-header-display":"","ast-hfb-above-header-display":"","ast-hfb-below-header-display":"","ast-hfb-mobile-header-display":"","site-post-title":"disabled","ast-breadcrumbs-content":"","ast-featured-img":"","footer-sml-layout":"","ast-disable-related-posts":"","theme-transparent-header-meta":"","adv-header-id-meta":"","stick-header-meta":"","header-above-stick-meta":"","header-main-stick-meta":"","header-below-stick-meta":"","astra-migrate-meta-layouts":"set","ast-page-background-enabled":"default","ast-page-background-meta":{"desktop":{"background-color":"var(--ast-global-color-4)","background-image":"","background-repeat":"repeat","background-position":"center center","background-size":"auto","background-attachment":"scroll","background-type":"","background-media":"","overlay-type":"","overlay-color":"","overlay-opacity":"","overlay-gradient":""},"tablet":{"background-color":"","background-image":"","background-repeat":"repeat","background-position":"center center","background-size":"auto","background-attachment":"scroll","background-type":"","background-media":"","overlay-type":"","overlay-color":"","overlay-opacity":"","overlay-gradient":""},"mobile":{"background-color":"","background-image":"","background-repeat":"repeat","background-position":"center center","background-size":"auto","background-attachment":"scroll","background-type":"","background-media":"","overlay-type":"","overlay-color":"","overlay-opacity":"","overlay-gradient":""}},"ast-content-background-meta":{"desktop":{"background-color":"var(--ast-global-color-5)","background-image":"","background-repeat":"repeat","background-position":"center center","background-size":"auto","background-attachment":"scroll","background-type":"","background-media":"","overlay-type":"","overlay-color":"","overlay-opacity":"","overlay-gradient":""},"tablet":{"background-color":"var(--ast-global-color-5)","background-image":"","background-repeat":"repeat","background-position":"center center","background-size":"auto","background-attachment":"scroll","background-type":"","background-media":"","overlay-type":"","overlay-color":"","overlay-opacity":"","overlay-gradient":""},"mobile":{"background-color":"var(--ast-global-color-5)","background-image":"","background-repeat":"repeat","background-position":"center center","background-size":"auto","background-attachment":"scroll","background-type":"","background-media":"","overlay-type":"","overlay-color":"","overlay-opacity":"","overlay-gradient":""}},"_themeisle_gutenberg_block_has_review":false,"footnotes":""},"class_list":["post-2926","page","type-page","status-publish","hentry"],"acf":[],"yoast_head":"<!-- This site is optimized with the Yoast SEO plugin v26.8 - https:\/\/yoast.com\/product\/yoast-seo-wordpress\/ -->\n<title>Partners - Fundaci\u00f3n Rafa Nadal<\/title>\n<meta name=\"robots\" content=\"noindex, follow, max-snippet:-1, max-image-preview:large, max-video-preview:-1\" \/>\n<meta property=\"og:locale\" content=\"ca_ES\" \/>\n<meta property=\"og:type\" content=\"article\" \/>\n<meta property=\"og:title\" content=\"Partners - Fundaci\u00f3n Rafa Nadal\" \/>\n<meta property=\"og:description\" content=\"Partners Fundaci\u00f3n Vicente Ferrer ONG de desenvolupament compromesa des de fa m\u00e9s de 50 anys amb el proc\u00e9s de transformaci\u00f3 d&#8217;una de les zones m\u00e9s empobrides del sud de l&#8217;\u00cdndia. El 2010 vam decidir treballar amb ells i posar en marxa el projecte NETS a Anantapur, on atenem 250 nens i nenes a l&#8217;any mitjan\u00e7ant [&hellip;]\" \/>\n<meta property=\"og:url\" content=\"https:\/\/fundacionrafanadal.quelinka.es\/ca\/que-fem\/partners\/\" \/>\n<meta property=\"og:site_name\" content=\"Fundaci\u00f3n Rafa Nadal\" \/>\n<meta property=\"article:modified_time\" content=\"2025-02-14T10:38:09+00:00\" \/>\n<meta property=\"og:image\" content=\"https:\/\/www.fundacionrafanadal.quelinka.es\/wp-content\/uploads\/2022\/06\/cabecera_aliados-1024x261.jpg\" \/>\n<meta name=\"twitter:card\" content=\"summary_large_image\" \/>\n<meta name=\"twitter:label1\" content=\"Temps estimat de lectura\" \/>\n\t<meta name=\"twitter:data1\" content=\"3 minuts\" \/>\n<script type=\"application\/ld+json\" class=\"yoast-schema-graph\">{\"@context\":\"https:\/\/schema.org\",\"@graph\":[{\"@type\":\"WebPage\",\"@id\":\"https:\/\/fundacionrafanadal.quelinka.es\/ca\/que-fem\/partners\/\",\"url\":\"https:\/\/fundacionrafanadal.quelinka.es\/ca\/que-fem\/partners\/\",\"name\":\"Partners - Fundaci\u00f3n Rafa Nadal\",\"isPartOf\":{\"@id\":\"https:\/\/fundacionrafanadal.quelinka.es\/ca\/#website\"},\"primaryImageOfPage\":{\"@id\":\"https:\/\/fundacionrafanadal.quelinka.es\/ca\/que-fem\/partners\/#primaryimage\"},\"image\":{\"@id\":\"https:\/\/fundacionrafanadal.quelinka.es\/ca\/que-fem\/partners\/#primaryimage\"},\"thumbnailUrl\":\"https:\/\/www.fundacionrafanadal.quelinka.es\/wp-content\/uploads\/2022\/06\/cabecera_aliados-1024x261.jpg\",\"datePublished\":\"2022-03-23T16:27:03+00:00\",\"dateModified\":\"2025-02-14T10:38:09+00:00\",\"breadcrumb\":{\"@id\":\"https:\/\/fundacionrafanadal.quelinka.es\/ca\/que-fem\/partners\/#breadcrumb\"},\"inLanguage\":\"ca\",\"potentialAction\":[{\"@type\":\"ReadAction\",\"target\":[\"https:\/\/fundacionrafanadal.quelinka.es\/ca\/que-fem\/partners\/\"]}]},{\"@type\":\"ImageObject\",\"inLanguage\":\"ca\",\"@id\":\"https:\/\/fundacionrafanadal.quelinka.es\/ca\/que-fem\/partners\/#primaryimage\",\"url\":\"https:\/\/www.fundacionrafanadal.quelinka.es\/wp-content\/uploads\/2022\/06\/cabecera_aliados-1024x261.jpg\",\"contentUrl\":\"https:\/\/www.fundacionrafanadal.quelinka.es\/wp-content\/uploads\/2022\/06\/cabecera_aliados-1024x261.jpg\"},{\"@type\":\"BreadcrumbList\",\"@id\":\"https:\/\/fundacionrafanadal.quelinka.es\/ca\/que-fem\/partners\/#breadcrumb\",\"itemListElement\":[{\"@type\":\"ListItem\",\"position\":1,\"name\":\"Portada\",\"item\":\"https:\/\/fundacionrafanadal.quelinka.es\/ca\/\"},{\"@type\":\"ListItem\",\"position\":2,\"name\":\"Qu\u00e8 fem?\",\"item\":\"https:\/\/fundacionrafanadal.quelinka.es\/ca\/que-hacemos\/\"},{\"@type\":\"ListItem\",\"position\":3,\"name\":\"Partners\"}]},{\"@type\":\"WebSite\",\"@id\":\"https:\/\/fundacionrafanadal.quelinka.es\/ca\/#website\",\"url\":\"https:\/\/fundacionrafanadal.quelinka.es\/ca\/\",\"name\":\"Fundaci\u00f3n Rafa Nadal\",\"description\":\"A trav\u00e9s del deporte y la educaci\u00f3n, promovemos la integraci\u00f3n y el desarrollo personal y social de ni\u00f1os y j\u00f3venes. En Espa\u00f1a y la India.\",\"publisher\":{\"@id\":\"https:\/\/fundacionrafanadal.quelinka.es\/ca\/#organization\"},\"potentialAction\":[{\"@type\":\"SearchAction\",\"target\":{\"@type\":\"EntryPoint\",\"urlTemplate\":\"https:\/\/fundacionrafanadal.quelinka.es\/ca\/?s={search_term_string}\"},\"query-input\":{\"@type\":\"PropertyValueSpecification\",\"valueRequired\":true,\"valueName\":\"search_term_string\"}}],\"inLanguage\":\"ca\"},{\"@type\":\"Organization\",\"@id\":\"https:\/\/fundacionrafanadal.quelinka.es\/ca\/#organization\",\"name\":\"Fundaci\u00f3n Rafa Nadal\",\"url\":\"https:\/\/fundacionrafanadal.quelinka.es\/ca\/\",\"logo\":{\"@type\":\"ImageObject\",\"inLanguage\":\"ca\",\"@id\":\"https:\/\/fundacionrafanadal.quelinka.es\/ca\/#\/schema\/logo\/image\/\",\"url\":\"https:\/\/fundacionrafanadal.quelinka.es\/wp-content\/uploads\/2022\/09\/logo-frn-web-3.png\",\"contentUrl\":\"https:\/\/fundacionrafanadal.quelinka.es\/wp-content\/uploads\/2022\/09\/logo-frn-web-3.png\",\"width\":551,\"height\":140,\"caption\":\"Fundaci\u00f3n Rafa Nadal\"},\"image\":{\"@id\":\"https:\/\/fundacionrafanadal.quelinka.es\/ca\/#\/schema\/logo\/image\/\"}}]}<\/script>\n<!-- \/ Yoast SEO plugin. -->","yoast_head_json":{"title":"Partners - Fundaci\u00f3n Rafa Nadal","robots":{"index":"noindex","follow":"follow","max-snippet":"max-snippet:-1","max-image-preview":"max-image-preview:large","max-video-preview":"max-video-preview:-1"},"og_locale":"ca_ES","og_type":"article","og_title":"Partners - Fundaci\u00f3n Rafa Nadal","og_description":"Partners Fundaci\u00f3n Vicente Ferrer ONG de desenvolupament compromesa des de fa m\u00e9s de 50 anys amb el proc\u00e9s de transformaci\u00f3 d&#8217;una de les zones m\u00e9s empobrides del sud de l&#8217;\u00cdndia. El 2010 vam decidir treballar amb ells i posar en marxa el projecte NETS a Anantapur, on atenem 250 nens i nenes a l&#8217;any mitjan\u00e7ant [&hellip;]","og_url":"https:\/\/fundacionrafanadal.quelinka.es\/ca\/que-fem\/partners\/","og_site_name":"Fundaci\u00f3n Rafa Nadal","article_modified_time":"2025-02-14T10:38:09+00:00","og_image":[{"url":"https:\/\/www.fundacionrafanadal.quelinka.es\/wp-content\/uploads\/2022\/06\/cabecera_aliados-1024x261.jpg","type":"","width":"","height":""}],"twitter_card":"summary_large_image","twitter_misc":{"Temps estimat de lectura":"3 minuts"},"schema":{"@context":"https:\/\/schema.org","@graph":[{"@type":"WebPage","@id":"https:\/\/fundacionrafanadal.quelinka.es\/ca\/que-fem\/partners\/","url":"https:\/\/fundacionrafanadal.quelinka.es\/ca\/que-fem\/partners\/","name":"Partners - Fundaci\u00f3n Rafa Nadal","isPartOf":{"@id":"https:\/\/fundacionrafanadal.quelinka.es\/ca\/#website"},"primaryImageOfPage":{"@id":"https:\/\/fundacionrafanadal.quelinka.es\/ca\/que-fem\/partners\/#primaryimage"},"image":{"@id":"https:\/\/fundacionrafanadal.quelinka.es\/ca\/que-fem\/partners\/#primaryimage"},"thumbnailUrl":"https:\/\/www.fundacionrafanadal.quelinka.es\/wp-content\/uploads\/2022\/06\/cabecera_aliados-1024x261.jpg","datePublished":"2022-03-23T16:27:03+00:00","dateModified":"2025-02-14T10:38:09+00:00","breadcrumb":{"@id":"https:\/\/fundacionrafanadal.quelinka.es\/ca\/que-fem\/partners\/#breadcrumb"},"inLanguage":"ca","potentialAction":[{"@type":"ReadAction","target":["https:\/\/fundacionrafanadal.quelinka.es\/ca\/que-fem\/partners\/"]}]},{"@type":"ImageObject","inLanguage":"ca","@id":"https:\/\/fundacionrafanadal.quelinka.es\/ca\/que-fem\/partners\/#primaryimage","url":"https:\/\/www.fundacionrafanadal.quelinka.es\/wp-content\/uploads\/2022\/06\/cabecera_aliados-1024x261.jpg","contentUrl":"https:\/\/www.fundacionrafanadal.quelinka.es\/wp-content\/uploads\/2022\/06\/cabecera_aliados-1024x261.jpg"},{"@type":"BreadcrumbList","@id":"https:\/\/fundacionrafanadal.quelinka.es\/ca\/que-fem\/partners\/#breadcrumb","itemListElement":[{"@type":"ListItem","position":1,"name":"Portada","item":"https:\/\/fundacionrafanadal.quelinka.es\/ca\/"},{"@type":"ListItem","position":2,"name":"Qu\u00e8 fem?","item":"https:\/\/fundacionrafanadal.quelinka.es\/ca\/que-hacemos\/"},{"@type":"ListItem","position":3,"name":"Partners"}]},{"@type":"WebSite","@id":"https:\/\/fundacionrafanadal.quelinka.es\/ca\/#website","url":"https:\/\/fundacionrafanadal.quelinka.es\/ca\/","name":"Fundaci\u00f3n Rafa Nadal","description":"A trav\u00e9s del deporte y la educaci\u00f3n, promovemos la integraci\u00f3n y el desarrollo personal y social de ni\u00f1os y j\u00f3venes. En Espa\u00f1a y la India.","publisher":{"@id":"https:\/\/fundacionrafanadal.quelinka.es\/ca\/#organization"},"potentialAction":[{"@type":"SearchAction","target":{"@type":"EntryPoint","urlTemplate":"https:\/\/fundacionrafanadal.quelinka.es\/ca\/?s={search_term_string}"},"query-input":{"@type":"PropertyValueSpecification","valueRequired":true,"valueName":"search_term_string"}}],"inLanguage":"ca"},{"@type":"Organization","@id":"https:\/\/fundacionrafanadal.quelinka.es\/ca\/#organization","name":"Fundaci\u00f3n Rafa Nadal","url":"https:\/\/fundacionrafanadal.quelinka.es\/ca\/","logo":{"@type":"ImageObject","inLanguage":"ca","@id":"https:\/\/fundacionrafanadal.quelinka.es\/ca\/#\/schema\/logo\/image\/","url":"https:\/\/fundacionrafanadal.quelinka.es\/wp-content\/uploads\/2022\/09\/logo-frn-web-3.png","contentUrl":"https:\/\/fundacionrafanadal.quelinka.es\/wp-content\/uploads\/2022\/09\/logo-frn-web-3.png","width":551,"height":140,"caption":"Fundaci\u00f3n Rafa Nadal"},"image":{"@id":"https:\/\/fundacionrafanadal.quelinka.es\/ca\/#\/schema\/logo\/image\/"}}]}},"campaignId":"","_links":{"self":[{"href":"https:\/\/fundacionrafanadal.quelinka.es\/ca\/wp-json\/wp\/v2\/pages\/2926","targetHints":{"allow":["GET"]}}],"collection":[{"href":"https:\/\/fundacionrafanadal.quelinka.es\/ca\/wp-json\/wp\/v2\/pages"}],"about":[{"href":"https:\/\/fundacionrafanadal.quelinka.es\/ca\/wp-json\/wp\/v2\/types\/page"}],"author":[{"embeddable":true,"href":"https:\/\/fundacionrafanadal.quelinka.es\/ca\/wp-json\/wp\/v2\/users\/1"}],"replies":[{"embeddable":true,"href":"https:\/\/fundacionrafanadal.quelinka.es\/ca\/wp-json\/wp\/v2\/comments?post=2926"}],"version-history":[{"count":22,"href":"https:\/\/fundacionrafanadal.quelinka.es\/ca\/wp-json\/wp\/v2\/pages\/2926\/revisions"}],"predecessor-version":[{"id":24275,"href":"https:\/\/fundacionrafanadal.quelinka.es\/ca\/wp-json\/wp\/v2\/pages\/2926\/revisions\/24275"}],"up":[{"embeddable":true,"href":"https:\/\/fundacionrafanadal.quelinka.es\/ca\/wp-json\/wp\/v2\/pages\/2933"}],"wp:attachment":[{"href":"https:\/\/fundacionrafanadal.quelinka.es\/ca\/wp-json\/wp\/v2\/media?parent=2926"}],"curies":[{"name":"wp","href":"https:\/\/api.w.org\/{rel}","templated":true}]}}