{"id":2939,"date":"2022-03-23T16:34:50","date_gmt":"2022-03-23T16:34:50","guid":{"rendered":"https:\/\/www.fundacionrafanadal.org\/que-hacemos\/impacto-transformador\/"},"modified":"2025-07-31T14:05:33","modified_gmt":"2025-07-31T14:05:33","slug":"impacte-transformador","status":"publish","type":"page","link":"https:\/\/fundacionrafanadal.quelinka.es\/ca\/que-fem\/impacte-transformador\/","title":{"rendered":"Impacte transformador"},"content":{"rendered":"\n<figure class=\"wp-block-image alignfull size-large\"><img loading=\"lazy\" decoding=\"async\" width=\"1024\" height=\"261\" src=\"https:\/\/www.fundacionrafanadal.quelinka.es\/wp-content\/uploads\/2022\/07\/MQT008-1024x261.jpg\" alt=\"\" class=\"wp-image-9791\" srcset=\"https:\/\/fundacionrafanadal.quelinka.es\/wp-content\/uploads\/2022\/07\/MQT008-1024x261.jpg 1024w, https:\/\/fundacionrafanadal.quelinka.es\/wp-content\/uploads\/2022\/07\/MQT008-300x77.jpg 300w, https:\/\/fundacionrafanadal.quelinka.es\/wp-content\/uploads\/2022\/07\/MQT008-768x196.jpg 768w, https:\/\/fundacionrafanadal.quelinka.es\/wp-content\/uploads\/2022\/07\/MQT008-1536x392.jpg 1536w, https:\/\/fundacionrafanadal.quelinka.es\/wp-content\/uploads\/2022\/07\/MQT008.jpg 1800w\" sizes=\"auto, (max-width: 1024px) 100vw, 1024px\" \/><\/figure>\n\n\n\n<div class=\"inherit-container-width wp-block-group is-layout-constrained wp-block-group-is-layout-constrained\"><div class=\"wp-block-group__inner-container\">\n<h2 class=\"wp-block-heading has-text-align-center\"><strong>Impacte transformador<\/strong><\/h2>\n\n\n\n<p>Cada petit pas que fem a la fundaci\u00f3 ho fem amb la seguretat que la nostra tasca ajudar\u00e0 les persones m\u00e9s vulnerables. Darrere de cada projecte hi ha \u00e9ssers humans, hist\u00f2ries de vida que ens impulsen a donar respostes i cercar solucions a les diferents problem\u00e0tiques que ens trobem.<\/p>\n\n\n\n<p>Per aix\u00f2, cadascuna de les iniciatives que duem a terme t\u00e9 com a eix central les persones i el nostre comprom\u00eds \u00e9s amb elles. Treballem per garantir la igualtat d&#8217;oportunitats de tots els col\u00b7lectius que atenem. Volem generar un impacte transformador.<\/p>\n\n\n\n<p>L&#8217;esport i l&#8217;educaci\u00f3 s\u00f3n els nostres pilars fonamentals per a aquesta transformaci\u00f3 que far\u00e0 que els nens, les nenes i els adolescents arribin tan lluny com es ho proposin. Per tot aix\u00f2, a la fundaci\u00f3 creem i codisenyem programes a Espanya i \u00cdndia juntament amb experts i partners. Amb la nostra tasca volem brindar un acc\u00e9s inclusiu a l&#8217;educaci\u00f3, avan\u00e7ar cap a la reducci\u00f3 de les desigualtats i garantir la bona salut i el benestar de totes les persones que atenem.<\/p>\n\n\n\n<p>El nostre objectiu tamb\u00e9 \u00e9s identificar el talent \u00fanic en cadascun, i donar-los suport i assistir-los en tots els assumptes relacionats amb el seu ple desenvolupament f\u00edsic, psicol\u00f2gic i emocional.<\/p>\n\n\n\n<p class=\"textInterliniat\" style=\"font-size:18px\"><strong>Desenvolupem diferents projectes a Espanya i l&#8217;\u00cdndia amb els qu\u00e8 contribu\u00efm directament a assolir quatre dels 17 Objectius de Desenvolupament Sostenible m\u00e9s importants, que alhora es converteixen en els nostres quatre grans eixos d&#8217;impacte.<\/strong><\/p>\n<\/div><\/div>\n\n\n\n<div class=\"wp-block-columns alignwide blcks-ods is-layout-flex wp-container-core-columns-is-layout-28f84493 wp-block-columns-is-layout-flex\">\n<div class=\"wp-block-column blck-ods3 is-layout-flow wp-block-column-is-layout-flow\">\n<figure class=\"wp-block-image size-full\"><img loading=\"lazy\" decoding=\"async\" width=\"900\" height=\"694\" src=\"https:\/\/www.fundacionrafanadal.quelinka.es\/wp-content\/uploads\/2025\/07\/ODS_SALUD.png\" alt=\"\" class=\"wp-image-26884\" srcset=\"https:\/\/fundacionrafanadal.quelinka.es\/wp-content\/uploads\/2025\/07\/ODS_SALUD.png 900w, https:\/\/fundacionrafanadal.quelinka.es\/wp-content\/uploads\/2025\/07\/ODS_SALUD-300x231.png 300w, https:\/\/fundacionrafanadal.quelinka.es\/wp-content\/uploads\/2025\/07\/ODS_SALUD-768x592.png 768w\" sizes=\"auto, (max-width: 900px) 100vw, 900px\" \/><figcaption class=\"wp-element-caption\">La promoci\u00f3 de la pr\u00e0ctica d&#8217;activitat f\u00edsica regular \u00e9s una de les bases de tots els nostres projectes. Fomentem que els menors i els joves mantinguin h\u00e0bits de vida saludable, acompanyats d&#8217;una higiene i nutrici\u00f3 adequades i defensem els beneficis f\u00edsics, psicol\u00f2gics i socials que comporta practicar esport.<\/figcaption><\/figure>\n<\/div>\n\n\n\n<div class=\"wp-block-column blck-ods4 is-layout-flow wp-block-column-is-layout-flow\">\n<figure class=\"wp-block-image size-full\"><img loading=\"lazy\" decoding=\"async\" width=\"900\" height=\"694\" src=\"https:\/\/www.fundacionrafanadal.quelinka.es\/wp-content\/uploads\/2025\/07\/ODS_EDU.png\" alt=\"\" class=\"wp-image-26878\" srcset=\"https:\/\/fundacionrafanadal.quelinka.es\/wp-content\/uploads\/2025\/07\/ODS_EDU.png 900w, https:\/\/fundacionrafanadal.quelinka.es\/wp-content\/uploads\/2025\/07\/ODS_EDU-300x231.png 300w, https:\/\/fundacionrafanadal.quelinka.es\/wp-content\/uploads\/2025\/07\/ODS_EDU-768x592.png 768w\" sizes=\"auto, (max-width: 900px) 100vw, 900px\" \/><figcaption class=\"wp-element-caption\">L&#8217;educaci\u00f3 de qualitat no nom\u00e9s \u00e9s l&#8217;educaci\u00f3 acad\u00e8mica, tamb\u00e9 inclou l&#8217;educaci\u00f3 no formal, l&#8217;educaci\u00f3 en valors, l&#8217;educaci\u00f3 f\u00edsica i l&#8217;educaci\u00f3 emocional. Aspectes que treballem a tots els nostres projectes utilitzant sempre com a vehicle conductor l&#8217;esport.<\/figcaption><\/figure>\n<\/div>\n<\/div>\n\n\n\n<div class=\"wp-block-columns alignwide blcks-ods is-layout-flex wp-container-core-columns-is-layout-28f84493 wp-block-columns-is-layout-flex\">\n<div class=\"wp-block-column blck-ods10 is-layout-flow wp-block-column-is-layout-flow\">\n<figure class=\"wp-block-image size-full\"><img loading=\"lazy\" decoding=\"async\" width=\"900\" height=\"694\" src=\"https:\/\/www.fundacionrafanadal.quelinka.es\/wp-content\/uploads\/2025\/07\/ODS_desigualdades.png\" alt=\"\" class=\"wp-image-26887\" srcset=\"https:\/\/fundacionrafanadal.quelinka.es\/wp-content\/uploads\/2025\/07\/ODS_desigualdades.png 900w, https:\/\/fundacionrafanadal.quelinka.es\/wp-content\/uploads\/2025\/07\/ODS_desigualdades-300x231.png 300w, https:\/\/fundacionrafanadal.quelinka.es\/wp-content\/uploads\/2025\/07\/ODS_desigualdades-768x592.png 768w\" sizes=\"auto, (max-width: 900px) 100vw, 900px\" \/><figcaption class=\"wp-element-caption\">Promovem acc\u00e9s a igualtat d&#8217;oportunitats a tots els nostres beneficiaris independentment de la seva condici\u00f3, contribuint aix\u00ed a la seva inclusi\u00f3 dins la societat.<\/figcaption><\/figure>\n<\/div>\n\n\n\n<div class=\"wp-block-column blck-ods17 is-layout-flow wp-block-column-is-layout-flow\">\n<figure class=\"wp-block-image size-full\"><img loading=\"lazy\" decoding=\"async\" width=\"900\" height=\"694\" src=\"https:\/\/www.fundacionrafanadal.quelinka.es\/wp-content\/uploads\/2025\/07\/ODS_alianzas.png\" alt=\"\" class=\"wp-image-26872\" srcset=\"https:\/\/fundacionrafanadal.quelinka.es\/wp-content\/uploads\/2025\/07\/ODS_alianzas.png 900w, https:\/\/fundacionrafanadal.quelinka.es\/wp-content\/uploads\/2025\/07\/ODS_alianzas-300x231.png 300w, https:\/\/fundacionrafanadal.quelinka.es\/wp-content\/uploads\/2025\/07\/ODS_alianzas-768x592.png 768w\" sizes=\"auto, (max-width: 900px) 100vw, 900px\" \/><figcaption class=\"wp-element-caption\">El nostre sistema de treball sempre s&#8217;ha basat a donar-nos suport en col\u00b7laboradors, aliats i altres institucions per treballar en xarxa per un mateix objectiu i potenciar el nostre abast al m\u00e0xim.<\/figcaption><\/figure>\n<\/div>\n<\/div>\n\n\n\n<div style=\"height:100px\" aria-hidden=\"true\" class=\"wp-block-spacer\"><\/div>\n","protected":false},"excerpt":{"rendered":"<p>Impacte transformador Cada petit pas que fem a la fundaci\u00f3 ho fem amb la seguretat que la nostra tasca ajudar\u00e0 les persones m\u00e9s vulnerables. Darrere de cada projecte hi ha \u00e9ssers humans, hist\u00f2ries de vida que ens impulsen a donar respostes i cercar solucions a les diferents problem\u00e0tiques que ens trobem. Per aix\u00f2, cadascuna de [&hellip;]<\/p>\n","protected":false},"author":1,"featured_media":0,"parent":2933,"menu_order":1,"comment_status":"closed","ping_status":"closed","template":"","meta":{"_acf_changed":false,"give_campaign_id":0,"_monsterinsights_skip_tracking":false,"_monsterinsights_sitenote_active":false,"_monsterinsights_sitenote_note":"","_monsterinsights_sitenote_category":0,"site-sidebar-layout":"default","site-content-layout":"","ast-site-content-layout":"default","site-content-style":"default","site-sidebar-style":"default","ast-global-header-display":"","ast-banner-title-visibility":"","ast-main-header-display":"","ast-hfb-above-header-display":"","ast-hfb-below-header-display":"","ast-hfb-mobile-header-display":"","site-post-title":"disabled","ast-breadcrumbs-content":"","ast-featured-img":"","footer-sml-layout":"","ast-disable-related-posts":"","theme-transparent-header-meta":"","adv-header-id-meta":"","stick-header-meta":"","header-above-stick-meta":"","header-main-stick-meta":"","header-below-stick-meta":"","astra-migrate-meta-layouts":"set","ast-page-background-enabled":"default","ast-page-background-meta":{"desktop":{"background-color":"var(--ast-global-color-4)","background-image":"","background-repeat":"repeat","background-position":"center center","background-size":"auto","background-attachment":"scroll","background-type":"","background-media":"","overlay-type":"","overlay-color":"","overlay-opacity":"","overlay-gradient":""},"tablet":{"background-color":"","background-image":"","background-repeat":"repeat","background-position":"center center","background-size":"auto","background-attachment":"scroll","background-type":"","background-media":"","overlay-type":"","overlay-color":"","overlay-opacity":"","overlay-gradient":""},"mobile":{"background-color":"","background-image":"","background-repeat":"repeat","background-position":"center center","background-size":"auto","background-attachment":"scroll","background-type":"","background-media":"","overlay-type":"","overlay-color":"","overlay-opacity":"","overlay-gradient":""}},"ast-content-background-meta":{"desktop":{"background-color":"var(--ast-global-color-5)","background-image":"","background-repeat":"repeat","background-position":"center center","background-size":"auto","background-attachment":"scroll","background-type":"","background-media":"","overlay-type":"","overlay-color":"","overlay-opacity":"","overlay-gradient":""},"tablet":{"background-color":"var(--ast-global-color-5)","background-image":"","background-repeat":"repeat","background-position":"center center","background-size":"auto","background-attachment":"scroll","background-type":"","background-media":"","overlay-type":"","overlay-color":"","overlay-opacity":"","overlay-gradient":""},"mobile":{"background-color":"var(--ast-global-color-5)","background-image":"","background-repeat":"repeat","background-position":"center center","background-size":"auto","background-attachment":"scroll","background-type":"","background-media":"","overlay-type":"","overlay-color":"","overlay-opacity":"","overlay-gradient":""}},"_themeisle_gutenberg_block_has_review":false,"footnotes":""},"class_list":["post-2939","page","type-page","status-publish","hentry"],"acf":[],"yoast_head":"<!-- This site is optimized with the Yoast SEO plugin v26.8 - https:\/\/yoast.com\/product\/yoast-seo-wordpress\/ -->\n<title>Impacte transformador - Fundaci\u00f3n Rafa Nadal<\/title>\n<meta name=\"robots\" content=\"noindex, follow, max-snippet:-1, max-image-preview:large, max-video-preview:-1\" \/>\n<meta property=\"og:locale\" content=\"ca_ES\" \/>\n<meta property=\"og:type\" content=\"article\" \/>\n<meta property=\"og:title\" content=\"Impacte transformador - Fundaci\u00f3n Rafa Nadal\" \/>\n<meta property=\"og:description\" content=\"Impacte transformador Cada petit pas que fem a la fundaci\u00f3 ho fem amb la seguretat que la nostra tasca ajudar\u00e0 les persones m\u00e9s vulnerables. Darrere de cada projecte hi ha \u00e9ssers humans, hist\u00f2ries de vida que ens impulsen a donar respostes i cercar solucions a les diferents problem\u00e0tiques que ens trobem. Per aix\u00f2, cadascuna de [&hellip;]\" \/>\n<meta property=\"og:url\" content=\"https:\/\/fundacionrafanadal.quelinka.es\/ca\/que-fem\/impacte-transformador\/\" \/>\n<meta property=\"og:site_name\" content=\"Fundaci\u00f3n Rafa Nadal\" \/>\n<meta property=\"article:modified_time\" content=\"2025-07-31T14:05:33+00:00\" \/>\n<meta property=\"og:image\" content=\"https:\/\/www.fundacionrafanadal.quelinka.es\/wp-content\/uploads\/2022\/07\/MQT008-1024x261.jpg\" \/>\n<meta name=\"twitter:card\" content=\"summary_large_image\" \/>\n<meta name=\"twitter:label1\" content=\"Temps estimat de lectura\" \/>\n\t<meta name=\"twitter:data1\" content=\"3 minuts\" \/>\n<script type=\"application\/ld+json\" class=\"yoast-schema-graph\">{\"@context\":\"https:\/\/schema.org\",\"@graph\":[{\"@type\":\"WebPage\",\"@id\":\"https:\/\/fundacionrafanadal.quelinka.es\/ca\/que-fem\/impacte-transformador\/\",\"url\":\"https:\/\/fundacionrafanadal.quelinka.es\/ca\/que-fem\/impacte-transformador\/\",\"name\":\"Impacte transformador - Fundaci\u00f3n Rafa Nadal\",\"isPartOf\":{\"@id\":\"https:\/\/fundacionrafanadal.quelinka.es\/ca\/#website\"},\"primaryImageOfPage\":{\"@id\":\"https:\/\/fundacionrafanadal.quelinka.es\/ca\/que-fem\/impacte-transformador\/#primaryimage\"},\"image\":{\"@id\":\"https:\/\/fundacionrafanadal.quelinka.es\/ca\/que-fem\/impacte-transformador\/#primaryimage\"},\"thumbnailUrl\":\"https:\/\/www.fundacionrafanadal.quelinka.es\/wp-content\/uploads\/2022\/07\/MQT008-1024x261.jpg\",\"datePublished\":\"2022-03-23T16:34:50+00:00\",\"dateModified\":\"2025-07-31T14:05:33+00:00\",\"breadcrumb\":{\"@id\":\"https:\/\/fundacionrafanadal.quelinka.es\/ca\/que-fem\/impacte-transformador\/#breadcrumb\"},\"inLanguage\":\"ca\",\"potentialAction\":[{\"@type\":\"ReadAction\",\"target\":[\"https:\/\/fundacionrafanadal.quelinka.es\/ca\/que-fem\/impacte-transformador\/\"]}]},{\"@type\":\"ImageObject\",\"inLanguage\":\"ca\",\"@id\":\"https:\/\/fundacionrafanadal.quelinka.es\/ca\/que-fem\/impacte-transformador\/#primaryimage\",\"url\":\"https:\/\/www.fundacionrafanadal.quelinka.es\/wp-content\/uploads\/2022\/07\/MQT008-1024x261.jpg\",\"contentUrl\":\"https:\/\/www.fundacionrafanadal.quelinka.es\/wp-content\/uploads\/2022\/07\/MQT008-1024x261.jpg\"},{\"@type\":\"BreadcrumbList\",\"@id\":\"https:\/\/fundacionrafanadal.quelinka.es\/ca\/que-fem\/impacte-transformador\/#breadcrumb\",\"itemListElement\":[{\"@type\":\"ListItem\",\"position\":1,\"name\":\"Portada\",\"item\":\"https:\/\/fundacionrafanadal.quelinka.es\/ca\/\"},{\"@type\":\"ListItem\",\"position\":2,\"name\":\"Qu\u00e8 fem?\",\"item\":\"https:\/\/fundacionrafanadal.quelinka.es\/ca\/que-hacemos\/\"},{\"@type\":\"ListItem\",\"position\":3,\"name\":\"Impacte transformador\"}]},{\"@type\":\"WebSite\",\"@id\":\"https:\/\/fundacionrafanadal.quelinka.es\/ca\/#website\",\"url\":\"https:\/\/fundacionrafanadal.quelinka.es\/ca\/\",\"name\":\"Fundaci\u00f3n Rafa Nadal\",\"description\":\"A trav\u00e9s del deporte y la educaci\u00f3n, promovemos la integraci\u00f3n y el desarrollo personal y social de ni\u00f1os y j\u00f3venes. En Espa\u00f1a y la India.\",\"publisher\":{\"@id\":\"https:\/\/fundacionrafanadal.quelinka.es\/ca\/#organization\"},\"potentialAction\":[{\"@type\":\"SearchAction\",\"target\":{\"@type\":\"EntryPoint\",\"urlTemplate\":\"https:\/\/fundacionrafanadal.quelinka.es\/ca\/?s={search_term_string}\"},\"query-input\":{\"@type\":\"PropertyValueSpecification\",\"valueRequired\":true,\"valueName\":\"search_term_string\"}}],\"inLanguage\":\"ca\"},{\"@type\":\"Organization\",\"@id\":\"https:\/\/fundacionrafanadal.quelinka.es\/ca\/#organization\",\"name\":\"Fundaci\u00f3n Rafa Nadal\",\"url\":\"https:\/\/fundacionrafanadal.quelinka.es\/ca\/\",\"logo\":{\"@type\":\"ImageObject\",\"inLanguage\":\"ca\",\"@id\":\"https:\/\/fundacionrafanadal.quelinka.es\/ca\/#\/schema\/logo\/image\/\",\"url\":\"https:\/\/fundacionrafanadal.quelinka.es\/wp-content\/uploads\/2022\/09\/logo-frn-web-3.png\",\"contentUrl\":\"https:\/\/fundacionrafanadal.quelinka.es\/wp-content\/uploads\/2022\/09\/logo-frn-web-3.png\",\"width\":551,\"height\":140,\"caption\":\"Fundaci\u00f3n Rafa Nadal\"},\"image\":{\"@id\":\"https:\/\/fundacionrafanadal.quelinka.es\/ca\/#\/schema\/logo\/image\/\"}}]}<\/script>\n<!-- \/ Yoast SEO plugin. -->","yoast_head_json":{"title":"Impacte transformador - Fundaci\u00f3n Rafa Nadal","robots":{"index":"noindex","follow":"follow","max-snippet":"max-snippet:-1","max-image-preview":"max-image-preview:large","max-video-preview":"max-video-preview:-1"},"og_locale":"ca_ES","og_type":"article","og_title":"Impacte transformador - Fundaci\u00f3n Rafa Nadal","og_description":"Impacte transformador Cada petit pas que fem a la fundaci\u00f3 ho fem amb la seguretat que la nostra tasca ajudar\u00e0 les persones m\u00e9s vulnerables. Darrere de cada projecte hi ha \u00e9ssers humans, hist\u00f2ries de vida que ens impulsen a donar respostes i cercar solucions a les diferents problem\u00e0tiques que ens trobem. Per aix\u00f2, cadascuna de [&hellip;]","og_url":"https:\/\/fundacionrafanadal.quelinka.es\/ca\/que-fem\/impacte-transformador\/","og_site_name":"Fundaci\u00f3n Rafa Nadal","article_modified_time":"2025-07-31T14:05:33+00:00","og_image":[{"url":"https:\/\/www.fundacionrafanadal.quelinka.es\/wp-content\/uploads\/2022\/07\/MQT008-1024x261.jpg","type":"","width":"","height":""}],"twitter_card":"summary_large_image","twitter_misc":{"Temps estimat de lectura":"3 minuts"},"schema":{"@context":"https:\/\/schema.org","@graph":[{"@type":"WebPage","@id":"https:\/\/fundacionrafanadal.quelinka.es\/ca\/que-fem\/impacte-transformador\/","url":"https:\/\/fundacionrafanadal.quelinka.es\/ca\/que-fem\/impacte-transformador\/","name":"Impacte transformador - Fundaci\u00f3n Rafa Nadal","isPartOf":{"@id":"https:\/\/fundacionrafanadal.quelinka.es\/ca\/#website"},"primaryImageOfPage":{"@id":"https:\/\/fundacionrafanadal.quelinka.es\/ca\/que-fem\/impacte-transformador\/#primaryimage"},"image":{"@id":"https:\/\/fundacionrafanadal.quelinka.es\/ca\/que-fem\/impacte-transformador\/#primaryimage"},"thumbnailUrl":"https:\/\/www.fundacionrafanadal.quelinka.es\/wp-content\/uploads\/2022\/07\/MQT008-1024x261.jpg","datePublished":"2022-03-23T16:34:50+00:00","dateModified":"2025-07-31T14:05:33+00:00","breadcrumb":{"@id":"https:\/\/fundacionrafanadal.quelinka.es\/ca\/que-fem\/impacte-transformador\/#breadcrumb"},"inLanguage":"ca","potentialAction":[{"@type":"ReadAction","target":["https:\/\/fundacionrafanadal.quelinka.es\/ca\/que-fem\/impacte-transformador\/"]}]},{"@type":"ImageObject","inLanguage":"ca","@id":"https:\/\/fundacionrafanadal.quelinka.es\/ca\/que-fem\/impacte-transformador\/#primaryimage","url":"https:\/\/www.fundacionrafanadal.quelinka.es\/wp-content\/uploads\/2022\/07\/MQT008-1024x261.jpg","contentUrl":"https:\/\/www.fundacionrafanadal.quelinka.es\/wp-content\/uploads\/2022\/07\/MQT008-1024x261.jpg"},{"@type":"BreadcrumbList","@id":"https:\/\/fundacionrafanadal.quelinka.es\/ca\/que-fem\/impacte-transformador\/#breadcrumb","itemListElement":[{"@type":"ListItem","position":1,"name":"Portada","item":"https:\/\/fundacionrafanadal.quelinka.es\/ca\/"},{"@type":"ListItem","position":2,"name":"Qu\u00e8 fem?","item":"https:\/\/fundacionrafanadal.quelinka.es\/ca\/que-hacemos\/"},{"@type":"ListItem","position":3,"name":"Impacte transformador"}]},{"@type":"WebSite","@id":"https:\/\/fundacionrafanadal.quelinka.es\/ca\/#website","url":"https:\/\/fundacionrafanadal.quelinka.es\/ca\/","name":"Fundaci\u00f3n Rafa Nadal","description":"A trav\u00e9s del deporte y la educaci\u00f3n, promovemos la integraci\u00f3n y el desarrollo personal y social de ni\u00f1os y j\u00f3venes. En Espa\u00f1a y la India.","publisher":{"@id":"https:\/\/fundacionrafanadal.quelinka.es\/ca\/#organization"},"potentialAction":[{"@type":"SearchAction","target":{"@type":"EntryPoint","urlTemplate":"https:\/\/fundacionrafanadal.quelinka.es\/ca\/?s={search_term_string}"},"query-input":{"@type":"PropertyValueSpecification","valueRequired":true,"valueName":"search_term_string"}}],"inLanguage":"ca"},{"@type":"Organization","@id":"https:\/\/fundacionrafanadal.quelinka.es\/ca\/#organization","name":"Fundaci\u00f3n Rafa Nadal","url":"https:\/\/fundacionrafanadal.quelinka.es\/ca\/","logo":{"@type":"ImageObject","inLanguage":"ca","@id":"https:\/\/fundacionrafanadal.quelinka.es\/ca\/#\/schema\/logo\/image\/","url":"https:\/\/fundacionrafanadal.quelinka.es\/wp-content\/uploads\/2022\/09\/logo-frn-web-3.png","contentUrl":"https:\/\/fundacionrafanadal.quelinka.es\/wp-content\/uploads\/2022\/09\/logo-frn-web-3.png","width":551,"height":140,"caption":"Fundaci\u00f3n Rafa Nadal"},"image":{"@id":"https:\/\/fundacionrafanadal.quelinka.es\/ca\/#\/schema\/logo\/image\/"}}]}},"campaignId":"","_links":{"self":[{"href":"https:\/\/fundacionrafanadal.quelinka.es\/ca\/wp-json\/wp\/v2\/pages\/2939","targetHints":{"allow":["GET"]}}],"collection":[{"href":"https:\/\/fundacionrafanadal.quelinka.es\/ca\/wp-json\/wp\/v2\/pages"}],"about":[{"href":"https:\/\/fundacionrafanadal.quelinka.es\/ca\/wp-json\/wp\/v2\/types\/page"}],"author":[{"embeddable":true,"href":"https:\/\/fundacionrafanadal.quelinka.es\/ca\/wp-json\/wp\/v2\/users\/1"}],"replies":[{"embeddable":true,"href":"https:\/\/fundacionrafanadal.quelinka.es\/ca\/wp-json\/wp\/v2\/comments?post=2939"}],"version-history":[{"count":26,"href":"https:\/\/fundacionrafanadal.quelinka.es\/ca\/wp-json\/wp\/v2\/pages\/2939\/revisions"}],"predecessor-version":[{"id":26892,"href":"https:\/\/fundacionrafanadal.quelinka.es\/ca\/wp-json\/wp\/v2\/pages\/2939\/revisions\/26892"}],"up":[{"embeddable":true,"href":"https:\/\/fundacionrafanadal.quelinka.es\/ca\/wp-json\/wp\/v2\/pages\/2933"}],"wp:attachment":[{"href":"https:\/\/fundacionrafanadal.quelinka.es\/ca\/wp-json\/wp\/v2\/media?parent=2939"}],"curies":[{"name":"wp","href":"https:\/\/api.w.org\/{rel}","templated":true}]}}