{"id":2961,"date":"2022-03-23T16:48:13","date_gmt":"2022-03-23T16:48:13","guid":{"rendered":"https:\/\/www.fundacionrafanadal.org\/comunicacion\/"},"modified":"2025-07-31T14:15:23","modified_gmt":"2025-07-31T14:15:23","slug":"coneix-nos","status":"publish","type":"page","link":"https:\/\/fundacionrafanadal.quelinka.es\/ca\/coneix-nos\/","title":{"rendered":"Coneix-nos"},"content":{"rendered":"\n<div class=\"inherit-container-width wp-block-group alignfull comunica-blog has-background is-layout-constrained wp-block-group-is-layout-constrained\" style=\"background-color:#6c96bd\"><div class=\"wp-block-group__inner-container\">\n<h2 class=\"wp-block-heading has-text-align-center has-ast-global-color-5-color has-text-color has-x-large-font-size\"><strong>Blog<\/strong><\/h2>\n\n\n\n<p class=\"has-text-align-center has-ast-global-color-5-color has-text-color\">Segueix el dia a dia dels projectes de la Fundaci\u00f3 Rafa Nadal!<\/p>\n\n\n\n<div style=\"height:30px\" aria-hidden=\"true\" class=\"wp-block-spacer\"><\/div>\n\n\n<style>.wp-show-posts-columns#wpsp-4371 {margin-left: -2em; }.wp-show-posts-columns#wpsp-4371 .wp-show-posts-inner {margin: 0 0 2em 2em; }<\/style><section id=\"wpsp-4371\" class=\" wp-show-posts-columns wp-show-posts\" style=\"\"><article class=\" wp-show-posts-single post-29187 post type-post status-publish format-standard has-post-thumbnail hentry category-bienestar-2-ca category-centro-fundacion-rafa-nadal-ca category-deporte-2-ca category-educacion-2-ca category-igualdad-ca category-infancia-ca category-proyectos-2-ca category-salud-ca category-valores-ca tag-actividad-fisica-ca tag-aprendizaje-ca tag-companerismo-ca tag-deporte-ca tag-desarrollo-ca tag-educacion-ca tag-infancia-ca tag-ninos-ca tag-valores-ca wpsp-col-4\" itemtype=\"http:\/\/schema.org\/CreativeWork\" itemscope><div class=\"wp-show-posts-inner\" style=\"\">\t\t<div class=\"wp-show-posts-image  wpsp-image-center \">\n\t\t\t<a href=\"https:\/\/fundacionrafanadal.quelinka.es\/ca\/una-jornada-inoblidable-a-la-hexagon-cup-per-al-centre-fundacio-rafa-nadal-de-madrid\/\"  title=\"Una jornada inoblidable a la Hexagon Cup per al Centre Fundaci\u00f3 Rafa Nadal de Madrid\">\t\t\t\t\t<img decoding=\"async\" src=\"https:\/\/fundacionrafanadal.quelinka.es\/wp-content\/uploads\/2026\/02\/Hexagon_001-300x180.jpg\" alt=\"Una jornada inoblidable a la Hexagon Cup per al Centre Fundaci\u00f3 Rafa Nadal de Madrid\" itemprop=\"image\" class=\"center\" \/>\n\t\t\t\t<\/a>\t\t<\/div>\n\t\t\t\t\t\t\t\t<header class=\"wp-show-posts-entry-header\">\n\t\t\t\t\t\t\t<h2 class=\"wp-show-posts-entry-title\" itemprop=\"headline\"><a href=\"https:\/\/fundacionrafanadal.quelinka.es\/ca\/una-jornada-inoblidable-a-la-hexagon-cup-per-al-centre-fundacio-rafa-nadal-de-madrid\/\" rel=\"bookmark\">Una jornada inoblidable a la Hexagon Cup per al Centre Fundaci\u00f3 Rafa Nadal de Madrid<\/a><\/h2>\t\t\t\t\t\t<\/header><!-- .entry-header -->\n\t\t\t\t\t<div class=\"wpsp-read-more\"><a title=\"Una jornada inoblidable a la Hexagon Cup per al Centre Fundaci\u00f3 Rafa Nadal de Madrid\" class=\"wp-show-posts-read-more\" href=\"https:\/\/fundacionrafanadal.quelinka.es\/ca\/una-jornada-inoblidable-a-la-hexagon-cup-per-al-centre-fundacio-rafa-nadal-de-madrid\/\">Saber m\u00e1s<\/a><\/div><\/div><!-- wp-show-posts-inner --><\/article><article class=\" wp-show-posts-single post-29129 post type-post status-publish format-standard has-post-thumbnail hentry category-centro-fundacion-rafa-nadal-ca category-deporte-2-ca category-proyectos-2-ca tag-actividad-fisica-ca tag-aprendizaje-ca tag-companerismo-ca tag-deporte-ca tag-desarrollo-ca tag-educacion-ca tag-infancia-ca tag-ninos-ca tag-valores-ca wpsp-col-4\" itemtype=\"http:\/\/schema.org\/CreativeWork\" itemscope><div class=\"wp-show-posts-inner\" style=\"\">\t\t<div class=\"wp-show-posts-image  wpsp-image-center \">\n\t\t\t<a href=\"https:\/\/fundacionrafanadal.quelinka.es\/ca\/petits-habits-grans-canvis-construint-benestar-emocional\/\"  title=\"Petits h\u00e0bits, grans canvis: construint benestar emocional\">\t\t\t\t\t<img decoding=\"async\" src=\"https:\/\/fundacionrafanadal.quelinka.es\/wp-content\/uploads\/2026\/01\/IMG_8052-scaled-300x180.jpg\" alt=\"Petits h\u00e0bits, grans canvis: construint benestar emocional\" itemprop=\"image\" class=\"center\" \/>\n\t\t\t\t<\/a>\t\t<\/div>\n\t\t\t\t\t\t\t\t<header class=\"wp-show-posts-entry-header\">\n\t\t\t\t\t\t\t<h2 class=\"wp-show-posts-entry-title\" itemprop=\"headline\"><a href=\"https:\/\/fundacionrafanadal.quelinka.es\/ca\/petits-habits-grans-canvis-construint-benestar-emocional\/\" rel=\"bookmark\">Petits h\u00e0bits, grans canvis: construint benestar emocional<\/a><\/h2>\t\t\t\t\t\t<\/header><!-- .entry-header -->\n\t\t\t\t\t<div class=\"wpsp-read-more\"><a title=\"Petits h\u00e0bits, grans canvis: construint benestar emocional\" class=\"wp-show-posts-read-more\" href=\"https:\/\/fundacionrafanadal.quelinka.es\/ca\/petits-habits-grans-canvis-construint-benestar-emocional\/\">Saber m\u00e1s<\/a><\/div><\/div><!-- wp-show-posts-inner --><\/article><article class=\" wp-show-posts-single post-29089 post type-post status-publish format-standard has-post-thumbnail hentry category-bienestar-2-ca category-deporte-2-ca category-educacion-2-ca category-habitos-ca category-igualdad-ca category-integracion-ca category-mas-que-tenis-ca category-proyectos-2-ca category-salud-ca category-testimonios-ca category-valores-ca tag-actividad-fisica-ca tag-aprendizaje-ca tag-companerismo-ca tag-deporte-ca tag-desarrollo-ca tag-educacion-ca tag-infancia-ca tag-tenis-ca tag-valores-ca wpsp-col-4\" itemtype=\"http:\/\/schema.org\/CreativeWork\" itemscope><div class=\"wp-show-posts-inner\" style=\"\">\t\t<div class=\"wp-show-posts-image  wpsp-image-center \">\n\t\t\t<a href=\"https:\/\/fundacionrafanadal.quelinka.es\/ca\/la-importancia-de-la-regularitat-en-lentrenament-per-a-persones-amb-discapacitat-intellectual\/\"  title=\"La import\u00e0ncia de la regularitat en l\u2019entrenament per a persones amb discapacitat intel\u00b7lectual\">\t\t\t\t\t<img decoding=\"async\" src=\"https:\/\/fundacionrafanadal.quelinka.es\/wp-content\/uploads\/2026\/01\/IMG_8756-300x180.jpg\" alt=\"La import\u00e0ncia de la regularitat en l\u2019entrenament per a persones amb discapacitat intel\u00b7lectual\" itemprop=\"image\" class=\"center\" \/>\n\t\t\t\t<\/a>\t\t<\/div>\n\t\t\t\t\t\t\t\t<header class=\"wp-show-posts-entry-header\">\n\t\t\t\t\t\t\t<h2 class=\"wp-show-posts-entry-title\" itemprop=\"headline\"><a href=\"https:\/\/fundacionrafanadal.quelinka.es\/ca\/la-importancia-de-la-regularitat-en-lentrenament-per-a-persones-amb-discapacitat-intellectual\/\" rel=\"bookmark\">La import\u00e0ncia de la regularitat en l\u2019entrenament per a persones amb discapacitat intel\u00b7lectual<\/a><\/h2>\t\t\t\t\t\t<\/header><!-- .entry-header -->\n\t\t\t\t\t<div class=\"wpsp-read-more\"><a title=\"La import\u00e0ncia de la regularitat en l\u2019entrenament per a persones amb discapacitat intel\u00b7lectual\" class=\"wp-show-posts-read-more\" href=\"https:\/\/fundacionrafanadal.quelinka.es\/ca\/la-importancia-de-la-regularitat-en-lentrenament-per-a-persones-amb-discapacitat-intellectual\/\">Saber m\u00e1s<\/a><\/div><\/div><!-- wp-show-posts-inner --><\/article><div class=\"wpsp-clear\"><\/div><\/section><!-- .wp-show-posts -->\n<\/div><\/div>\n\n\n\n<div class=\"wp-block-columns alignfull comunica-noticias is-layout-flex wp-container-core-columns-is-layout-28f84493 wp-block-columns-is-layout-flex\">\n<div class=\"wp-block-column col-noticias is-layout-flow wp-block-column-is-layout-flow\">\n<h3 class=\"wp-block-heading\">Not\u00edcies<\/h3>\n\n\n\n<p>Assabenta&#8217;t de totes les not\u00edcies relacionades amb la fundaci\u00f3<\/p>\n\n\n\n<p><a href=\"https:\/\/www.fundacionrafanadal.quelinka.es\/ca\/coneix-nos\/noticies\/\">Saber m\u00e9s<\/a><\/p>\n\n\n\n<div style=\"height:46px\" aria-hidden=\"true\" class=\"wp-block-spacer\"><\/div>\n<\/div>\n\n\n\n<div class=\"wp-block-column col-actualidad is-layout-flow wp-block-column-is-layout-flow\">\n<h2 class=\"wp-block-heading has-text-align-center has-text-color has-x-large-font-size\" style=\"color:#ddac31\"><strong>#<\/strong>ACTUALITAT<\/h2>\n<\/div>\n<\/div>\n\n\n\n<div class=\"inherit-container-width wp-block-group alignfull comunica-transparencia is-layout-constrained wp-block-group-is-layout-constrained\"><div class=\"wp-block-group__inner-container\">\n<div class=\"wp-block-cover alignfull is-light has-ast-global-color-5-color has-text-color has-link-color wp-elements-548be905797aa25920cd1acc69783caa has-aspect-ratio\" style=\"min-height:460px;aspect-ratio:16\/9;min-height:unset;\"><img loading=\"lazy\" decoding=\"async\" width=\"1000\" height=\"1250\" class=\"wp-block-cover__image-background wp-image-25753 size-full\" alt=\"\" src=\"https:\/\/www.fundacionrafanadal.quelinka.es\/wp-content\/uploads\/2025\/06\/PA0014_b.jpg\" data-object-fit=\"cover\" srcset=\"https:\/\/fundacionrafanadal.quelinka.es\/wp-content\/uploads\/2025\/06\/PA0014_b.jpg 1000w, https:\/\/fundacionrafanadal.quelinka.es\/wp-content\/uploads\/2025\/06\/PA0014_b-240x300.jpg 240w, https:\/\/fundacionrafanadal.quelinka.es\/wp-content\/uploads\/2025\/06\/PA0014_b-819x1024.jpg 819w, https:\/\/fundacionrafanadal.quelinka.es\/wp-content\/uploads\/2025\/06\/PA0014_b-768x960.jpg 768w\" sizes=\"auto, (max-width: 1000px) 100vw, 1000px\" \/><span aria-hidden=\"true\" class=\"wp-block-cover__background has-background-dim-0 has-background-dim\" style=\"background-color:#a37380\"><\/span><div class=\"wp-block-cover__inner-container is-layout-flow wp-block-cover-is-layout-flow\">\n<h2 class=\"wp-block-heading has-text-align-center has-ast-global-color-5-color has-text-color has-link-color has-large-font-size wp-elements-7731e2b472279fa0e8a7be13fcc83904\"><strong>Reconeixements<\/strong><\/h2>\n\n\n\n<div style=\"height:11px\" aria-hidden=\"true\" class=\"wp-block-spacer\"><\/div>\n\n\n\n<p class=\"has-text-align-center texto-premios has-ast-global-color-5-color has-text-color has-link-color wp-elements-49eb2c4afe4b8c67c0b25a14eaa95786\" style=\"font-size:18px\"><strong>Els guardons que rebem ens reafirmen en la bona feina feta i ens impulsen a continuar.<\/strong><\/p>\n\n\n\n<p class=\"has-text-align-center lnk-white has-ast-global-color-5-color has-text-color\"><a href=\"https:\/\/www.fundacionrafanadal.quelinka.es\/ca\/coneix-nos\/reconeixements\/\">Saber m\u00e9s<\/a><\/p>\n<\/div><\/div>\n\n\n\n<div class=\"wp-block-columns alignfull comunica-gobernanza has-ast-global-color-6-background-color has-background is-layout-flex wp-container-core-columns-is-layout-28f84493 wp-block-columns-is-layout-flex\">\n<div class=\"wp-block-column col-gobernanza has-ast-global-color-6-background-color has-background is-layout-flow wp-block-column-is-layout-flow\">\n<div style=\"height:44px\" aria-hidden=\"true\" class=\"wp-block-spacer\"><\/div>\n\n\n\n<p class=\"has-text-align-center has-large-font-size\">Estudis<\/p>\n\n\n\n<p class=\"has-text-align-center has-ast-global-color-8-color has-text-color has-small-font-size\">Estudis d&#8217;investigaci\u00f3 en col\u00b7laboraci\u00f3 amb universitats.<\/p>\n\n\n\n<p class=\"has-text-align-center has-ast-global-color-5-color has-text-color\"><a href=\"https:\/\/www.fundacionrafanadal.quelinka.es\/ca\/estudis\/\">Saber m\u00e9s<\/a><\/p>\n\n\n\n<div style=\"height:44px\" aria-hidden=\"true\" class=\"wp-block-spacer\"><\/div>\n<\/div>\n<\/div>\n<\/div><\/div>\n\n\n\n<div class=\"wp-block-columns alignfull comunica-gobernanza has-ast-global-color-8-background-color has-background is-layout-flex wp-container-core-columns-is-layout-28f84493 wp-block-columns-is-layout-flex\">\n<div class=\"wp-block-column col-gobernanza has-ast-global-color-5-background-color has-background is-layout-flow wp-block-column-is-layout-flow\">\n<div class=\"inherit-container-width wp-block-group is-layout-constrained wp-block-group-is-layout-constrained\"><div class=\"wp-block-group__inner-container\">\n<h3 class=\"wp-block-heading\">Des\u00e8 Aniversari<\/h3>\n\n\n\n<p class=\"textInterliniat3 has-large-font-size\"><strong>El poder transformador de l&#8217;esport<\/strong><\/p>\n\n\n\n<p><a href=\"https:\/\/www.fundacionrafanadal.quelinka.es\/memoria-10-aniversario\/\">Saber m\u00e9s<\/a><\/p>\n<\/div><\/div>\n<\/div>\n\n\n\n<div class=\"wp-block-column col-memorias is-layout-flow wp-block-column-is-layout-flow\">\n<div class=\"inherit-container-width wp-block-group is-layout-constrained wp-block-group-is-layout-constrained\"><div class=\"wp-block-group__inner-container\">\n<h3 class=\"wp-block-heading has-ast-global-color-5-color has-text-color\">Mem\u00f2ries<\/h3>\n\n\n\n<p class=\"has-ast-global-color-5-color has-text-color has-small-font-size\">Fem balan\u00e7 de la nostra activitat a les mem\u00f2ries anuals que resumeixen els resultats, accions i activitats dutes a terme.<\/p>\n\n\n\n<p class=\"has-ast-global-color-5-color has-text-color\"><a href=\"https:\/\/www.fundacionrafanadal.quelinka.es\/ca\/coneix-nos\/memorias\/\">Saber m\u00e9s<\/a><\/p>\n\n\n\n<div style=\"height:100px\" aria-hidden=\"true\" class=\"wp-block-spacer\"><\/div>\n<\/div><\/div>\n<\/div>\n<\/div>\n","protected":false},"excerpt":{"rendered":"<p>Blog Segueix el dia a dia dels projectes de la Fundaci\u00f3 Rafa Nadal! Not\u00edcies Assabenta&#8217;t de totes les not\u00edcies relacionades amb la fundaci\u00f3 Saber m\u00e9s #ACTUALITAT Estudis Estudis d&#8217;investigaci\u00f3 en col\u00b7laboraci\u00f3 amb universitats. Saber m\u00e9s Des\u00e8 Aniversari El poder transformador de l&#8217;esport Saber m\u00e9s Mem\u00f2ries Fem balan\u00e7 de la nostra activitat a les mem\u00f2ries anuals [&hellip;]<\/p>\n","protected":false},"author":1,"featured_media":0,"parent":0,"menu_order":0,"comment_status":"closed","ping_status":"closed","template":"","meta":{"_acf_changed":false,"give_campaign_id":0,"_monsterinsights_skip_tracking":false,"_monsterinsights_sitenote_active":false,"_monsterinsights_sitenote_note":"","_monsterinsights_sitenote_category":0,"site-sidebar-layout":"default","site-content-layout":"","ast-site-content-layout":"default","site-content-style":"default","site-sidebar-style":"default","ast-global-header-display":"","ast-banner-title-visibility":"","ast-main-header-display":"","ast-hfb-above-header-display":"","ast-hfb-below-header-display":"","ast-hfb-mobile-header-display":"","site-post-title":"disabled","ast-breadcrumbs-content":"","ast-featured-img":"","footer-sml-layout":"","ast-disable-related-posts":"","theme-transparent-header-meta":"","adv-header-id-meta":"","stick-header-meta":"","header-above-stick-meta":"","header-main-stick-meta":"","header-below-stick-meta":"","astra-migrate-meta-layouts":"set","ast-page-background-enabled":"default","ast-page-background-meta":{"desktop":{"background-color":"var(--ast-global-color-4)","background-image":"","background-repeat":"repeat","background-position":"center center","background-size":"auto","background-attachment":"scroll","background-type":"","background-media":"","overlay-type":"","overlay-color":"","overlay-opacity":"","overlay-gradient":""},"tablet":{"background-color":"","background-image":"","background-repeat":"repeat","background-position":"center center","background-size":"auto","background-attachment":"scroll","background-type":"","background-media":"","overlay-type":"","overlay-color":"","overlay-opacity":"","overlay-gradient":""},"mobile":{"background-color":"","background-image":"","background-repeat":"repeat","background-position":"center center","background-size":"auto","background-attachment":"scroll","background-type":"","background-media":"","overlay-type":"","overlay-color":"","overlay-opacity":"","overlay-gradient":""}},"ast-content-background-meta":{"desktop":{"background-color":"var(--ast-global-color-5)","background-image":"","background-repeat":"repeat","background-position":"center center","background-size":"auto","background-attachment":"scroll","background-type":"","background-media":"","overlay-type":"","overlay-color":"","overlay-opacity":"","overlay-gradient":""},"tablet":{"background-color":"var(--ast-global-color-5)","background-image":"","background-repeat":"repeat","background-position":"center center","background-size":"auto","background-attachment":"scroll","background-type":"","background-media":"","overlay-type":"","overlay-color":"","overlay-opacity":"","overlay-gradient":""},"mobile":{"background-color":"var(--ast-global-color-5)","background-image":"","background-repeat":"repeat","background-position":"center center","background-size":"auto","background-attachment":"scroll","background-type":"","background-media":"","overlay-type":"","overlay-color":"","overlay-opacity":"","overlay-gradient":""}},"_themeisle_gutenberg_block_has_review":false,"footnotes":""},"class_list":["post-2961","page","type-page","status-publish","hentry"],"acf":[],"yoast_head":"<!-- This site is optimized with the Yoast SEO plugin v26.8 - https:\/\/yoast.com\/product\/yoast-seo-wordpress\/ -->\n<title>Coneix-nos - Fundaci\u00f3n Rafa Nadal<\/title>\n<meta name=\"robots\" content=\"noindex, follow, max-snippet:-1, max-image-preview:large, max-video-preview:-1\" \/>\n<meta property=\"og:locale\" content=\"ca_ES\" \/>\n<meta property=\"og:type\" content=\"article\" \/>\n<meta property=\"og:title\" content=\"Coneix-nos - Fundaci\u00f3n Rafa Nadal\" \/>\n<meta property=\"og:description\" content=\"Blog Segueix el dia a dia dels projectes de la Fundaci\u00f3 Rafa Nadal! Not\u00edcies Assabenta&#8217;t de totes les not\u00edcies relacionades amb la fundaci\u00f3 Saber m\u00e9s #ACTUALITAT Estudis Estudis d&#8217;investigaci\u00f3 en col\u00b7laboraci\u00f3 amb universitats. Saber m\u00e9s Des\u00e8 Aniversari El poder transformador de l&#8217;esport Saber m\u00e9s Mem\u00f2ries Fem balan\u00e7 de la nostra activitat a les mem\u00f2ries anuals [&hellip;]\" \/>\n<meta property=\"og:url\" content=\"https:\/\/fundacionrafanadal.quelinka.es\/ca\/coneix-nos\/\" \/>\n<meta property=\"og:site_name\" content=\"Fundaci\u00f3n Rafa Nadal\" \/>\n<meta property=\"article:modified_time\" content=\"2025-07-31T14:15:23+00:00\" \/>\n<meta property=\"og:image\" content=\"https:\/\/www.fundacionrafanadal.quelinka.es\/wp-content\/uploads\/2025\/06\/PA0014_b.jpg\" \/>\n<meta name=\"twitter:card\" content=\"summary_large_image\" \/>\n<meta name=\"twitter:label1\" content=\"Temps estimat de lectura\" \/>\n\t<meta name=\"twitter:data1\" content=\"1 minut\" \/>\n<script type=\"application\/ld+json\" class=\"yoast-schema-graph\">{\"@context\":\"https:\/\/schema.org\",\"@graph\":[{\"@type\":\"WebPage\",\"@id\":\"https:\/\/fundacionrafanadal.quelinka.es\/ca\/coneix-nos\/\",\"url\":\"https:\/\/fundacionrafanadal.quelinka.es\/ca\/coneix-nos\/\",\"name\":\"Coneix-nos - Fundaci\u00f3n Rafa Nadal\",\"isPartOf\":{\"@id\":\"https:\/\/fundacionrafanadal.quelinka.es\/ca\/#website\"},\"primaryImageOfPage\":{\"@id\":\"https:\/\/fundacionrafanadal.quelinka.es\/ca\/coneix-nos\/#primaryimage\"},\"image\":{\"@id\":\"https:\/\/fundacionrafanadal.quelinka.es\/ca\/coneix-nos\/#primaryimage\"},\"thumbnailUrl\":\"https:\/\/www.fundacionrafanadal.quelinka.es\/wp-content\/uploads\/2025\/06\/PA0014_b.jpg\",\"datePublished\":\"2022-03-23T16:48:13+00:00\",\"dateModified\":\"2025-07-31T14:15:23+00:00\",\"breadcrumb\":{\"@id\":\"https:\/\/fundacionrafanadal.quelinka.es\/ca\/coneix-nos\/#breadcrumb\"},\"inLanguage\":\"ca\",\"potentialAction\":[{\"@type\":\"ReadAction\",\"target\":[\"https:\/\/fundacionrafanadal.quelinka.es\/ca\/coneix-nos\/\"]}]},{\"@type\":\"ImageObject\",\"inLanguage\":\"ca\",\"@id\":\"https:\/\/fundacionrafanadal.quelinka.es\/ca\/coneix-nos\/#primaryimage\",\"url\":\"https:\/\/www.fundacionrafanadal.quelinka.es\/wp-content\/uploads\/2025\/06\/PA0014_b.jpg\",\"contentUrl\":\"https:\/\/www.fundacionrafanadal.quelinka.es\/wp-content\/uploads\/2025\/06\/PA0014_b.jpg\"},{\"@type\":\"BreadcrumbList\",\"@id\":\"https:\/\/fundacionrafanadal.quelinka.es\/ca\/coneix-nos\/#breadcrumb\",\"itemListElement\":[{\"@type\":\"ListItem\",\"position\":1,\"name\":\"Portada\",\"item\":\"https:\/\/fundacionrafanadal.quelinka.es\/ca\/\"},{\"@type\":\"ListItem\",\"position\":2,\"name\":\"Coneix-nos\"}]},{\"@type\":\"WebSite\",\"@id\":\"https:\/\/fundacionrafanadal.quelinka.es\/ca\/#website\",\"url\":\"https:\/\/fundacionrafanadal.quelinka.es\/ca\/\",\"name\":\"Fundaci\u00f3n Rafa Nadal\",\"description\":\"A trav\u00e9s del deporte y la educaci\u00f3n, promovemos la integraci\u00f3n y el desarrollo personal y social de ni\u00f1os y j\u00f3venes. En Espa\u00f1a y la India.\",\"publisher\":{\"@id\":\"https:\/\/fundacionrafanadal.quelinka.es\/ca\/#organization\"},\"potentialAction\":[{\"@type\":\"SearchAction\",\"target\":{\"@type\":\"EntryPoint\",\"urlTemplate\":\"https:\/\/fundacionrafanadal.quelinka.es\/ca\/?s={search_term_string}\"},\"query-input\":{\"@type\":\"PropertyValueSpecification\",\"valueRequired\":true,\"valueName\":\"search_term_string\"}}],\"inLanguage\":\"ca\"},{\"@type\":\"Organization\",\"@id\":\"https:\/\/fundacionrafanadal.quelinka.es\/ca\/#organization\",\"name\":\"Fundaci\u00f3n Rafa Nadal\",\"url\":\"https:\/\/fundacionrafanadal.quelinka.es\/ca\/\",\"logo\":{\"@type\":\"ImageObject\",\"inLanguage\":\"ca\",\"@id\":\"https:\/\/fundacionrafanadal.quelinka.es\/ca\/#\/schema\/logo\/image\/\",\"url\":\"https:\/\/fundacionrafanadal.quelinka.es\/wp-content\/uploads\/2022\/09\/logo-frn-web-3.png\",\"contentUrl\":\"https:\/\/fundacionrafanadal.quelinka.es\/wp-content\/uploads\/2022\/09\/logo-frn-web-3.png\",\"width\":551,\"height\":140,\"caption\":\"Fundaci\u00f3n Rafa Nadal\"},\"image\":{\"@id\":\"https:\/\/fundacionrafanadal.quelinka.es\/ca\/#\/schema\/logo\/image\/\"}}]}<\/script>\n<!-- \/ Yoast SEO plugin. -->","yoast_head_json":{"title":"Coneix-nos - Fundaci\u00f3n Rafa Nadal","robots":{"index":"noindex","follow":"follow","max-snippet":"max-snippet:-1","max-image-preview":"max-image-preview:large","max-video-preview":"max-video-preview:-1"},"og_locale":"ca_ES","og_type":"article","og_title":"Coneix-nos - Fundaci\u00f3n Rafa Nadal","og_description":"Blog Segueix el dia a dia dels projectes de la Fundaci\u00f3 Rafa Nadal! Not\u00edcies Assabenta&#8217;t de totes les not\u00edcies relacionades amb la fundaci\u00f3 Saber m\u00e9s #ACTUALITAT Estudis Estudis d&#8217;investigaci\u00f3 en col\u00b7laboraci\u00f3 amb universitats. Saber m\u00e9s Des\u00e8 Aniversari El poder transformador de l&#8217;esport Saber m\u00e9s Mem\u00f2ries Fem balan\u00e7 de la nostra activitat a les mem\u00f2ries anuals [&hellip;]","og_url":"https:\/\/fundacionrafanadal.quelinka.es\/ca\/coneix-nos\/","og_site_name":"Fundaci\u00f3n Rafa Nadal","article_modified_time":"2025-07-31T14:15:23+00:00","og_image":[{"url":"https:\/\/www.fundacionrafanadal.quelinka.es\/wp-content\/uploads\/2025\/06\/PA0014_b.jpg","type":"","width":"","height":""}],"twitter_card":"summary_large_image","twitter_misc":{"Temps estimat de lectura":"1 minut"},"schema":{"@context":"https:\/\/schema.org","@graph":[{"@type":"WebPage","@id":"https:\/\/fundacionrafanadal.quelinka.es\/ca\/coneix-nos\/","url":"https:\/\/fundacionrafanadal.quelinka.es\/ca\/coneix-nos\/","name":"Coneix-nos - Fundaci\u00f3n Rafa Nadal","isPartOf":{"@id":"https:\/\/fundacionrafanadal.quelinka.es\/ca\/#website"},"primaryImageOfPage":{"@id":"https:\/\/fundacionrafanadal.quelinka.es\/ca\/coneix-nos\/#primaryimage"},"image":{"@id":"https:\/\/fundacionrafanadal.quelinka.es\/ca\/coneix-nos\/#primaryimage"},"thumbnailUrl":"https:\/\/www.fundacionrafanadal.quelinka.es\/wp-content\/uploads\/2025\/06\/PA0014_b.jpg","datePublished":"2022-03-23T16:48:13+00:00","dateModified":"2025-07-31T14:15:23+00:00","breadcrumb":{"@id":"https:\/\/fundacionrafanadal.quelinka.es\/ca\/coneix-nos\/#breadcrumb"},"inLanguage":"ca","potentialAction":[{"@type":"ReadAction","target":["https:\/\/fundacionrafanadal.quelinka.es\/ca\/coneix-nos\/"]}]},{"@type":"ImageObject","inLanguage":"ca","@id":"https:\/\/fundacionrafanadal.quelinka.es\/ca\/coneix-nos\/#primaryimage","url":"https:\/\/www.fundacionrafanadal.quelinka.es\/wp-content\/uploads\/2025\/06\/PA0014_b.jpg","contentUrl":"https:\/\/www.fundacionrafanadal.quelinka.es\/wp-content\/uploads\/2025\/06\/PA0014_b.jpg"},{"@type":"BreadcrumbList","@id":"https:\/\/fundacionrafanadal.quelinka.es\/ca\/coneix-nos\/#breadcrumb","itemListElement":[{"@type":"ListItem","position":1,"name":"Portada","item":"https:\/\/fundacionrafanadal.quelinka.es\/ca\/"},{"@type":"ListItem","position":2,"name":"Coneix-nos"}]},{"@type":"WebSite","@id":"https:\/\/fundacionrafanadal.quelinka.es\/ca\/#website","url":"https:\/\/fundacionrafanadal.quelinka.es\/ca\/","name":"Fundaci\u00f3n Rafa Nadal","description":"A trav\u00e9s del deporte y la educaci\u00f3n, promovemos la integraci\u00f3n y el desarrollo personal y social de ni\u00f1os y j\u00f3venes. En Espa\u00f1a y la India.","publisher":{"@id":"https:\/\/fundacionrafanadal.quelinka.es\/ca\/#organization"},"potentialAction":[{"@type":"SearchAction","target":{"@type":"EntryPoint","urlTemplate":"https:\/\/fundacionrafanadal.quelinka.es\/ca\/?s={search_term_string}"},"query-input":{"@type":"PropertyValueSpecification","valueRequired":true,"valueName":"search_term_string"}}],"inLanguage":"ca"},{"@type":"Organization","@id":"https:\/\/fundacionrafanadal.quelinka.es\/ca\/#organization","name":"Fundaci\u00f3n Rafa Nadal","url":"https:\/\/fundacionrafanadal.quelinka.es\/ca\/","logo":{"@type":"ImageObject","inLanguage":"ca","@id":"https:\/\/fundacionrafanadal.quelinka.es\/ca\/#\/schema\/logo\/image\/","url":"https:\/\/fundacionrafanadal.quelinka.es\/wp-content\/uploads\/2022\/09\/logo-frn-web-3.png","contentUrl":"https:\/\/fundacionrafanadal.quelinka.es\/wp-content\/uploads\/2022\/09\/logo-frn-web-3.png","width":551,"height":140,"caption":"Fundaci\u00f3n Rafa Nadal"},"image":{"@id":"https:\/\/fundacionrafanadal.quelinka.es\/ca\/#\/schema\/logo\/image\/"}}]}},"campaignId":"","_links":{"self":[{"href":"https:\/\/fundacionrafanadal.quelinka.es\/ca\/wp-json\/wp\/v2\/pages\/2961","targetHints":{"allow":["GET"]}}],"collection":[{"href":"https:\/\/fundacionrafanadal.quelinka.es\/ca\/wp-json\/wp\/v2\/pages"}],"about":[{"href":"https:\/\/fundacionrafanadal.quelinka.es\/ca\/wp-json\/wp\/v2\/types\/page"}],"author":[{"embeddable":true,"href":"https:\/\/fundacionrafanadal.quelinka.es\/ca\/wp-json\/wp\/v2\/users\/1"}],"replies":[{"embeddable":true,"href":"https:\/\/fundacionrafanadal.quelinka.es\/ca\/wp-json\/wp\/v2\/comments?post=2961"}],"version-history":[{"count":11,"href":"https:\/\/fundacionrafanadal.quelinka.es\/ca\/wp-json\/wp\/v2\/pages\/2961\/revisions"}],"predecessor-version":[{"id":26903,"href":"https:\/\/fundacionrafanadal.quelinka.es\/ca\/wp-json\/wp\/v2\/pages\/2961\/revisions\/26903"}],"wp:attachment":[{"href":"https:\/\/fundacionrafanadal.quelinka.es\/ca\/wp-json\/wp\/v2\/media?parent=2961"}],"curies":[{"name":"wp","href":"https:\/\/api.w.org\/{rel}","templated":true}]}}