{"id":3120,"date":"2022-03-24T09:25:14","date_gmt":"2022-03-24T09:25:14","guid":{"rendered":"https:\/\/www.fundacionrafanadal.org\/?page_id=3120"},"modified":"2022-09-13T08:13:39","modified_gmt":"2022-09-13T08:13:39","slug":"nota-legal","status":"publish","type":"page","link":"https:\/\/fundacionrafanadal.quelinka.es\/ca\/nota-legal\/","title":{"rendered":"Nota legal"},"content":{"rendered":"\n<p>Aquestes condicions es podran modificar per tal d\u2019adaptar-les als canvis normatius que, si escau, es produeixin. Si es modifiquen les condicions legals del portal, es far\u00e0 constar en aquest apartat.<\/p>\n\n\n\n<p><strong>I.- INFORMACI\u00d3 PERQU\u00c8 ES COMPLEXI LA LLEI DE SERVEIS DE LA SOCIETAT DE LA INFORMACI\u00d3 I DEL COMER\u00c7 ELECTR\u00d2NIC\u2013 L34\/2002- (LSSICE):<\/strong><br><br>La Fundaci\u00f3 Rafa Nadal \u00e9s la responsable del portal www.fundacionrafanadal.com<\/p>\n\n\n\n<p>La Fundaci\u00f3 Rafa Nadal es va constituir mitjan\u00e7ant escriptura p\u00fablica de data 20 de novembre de 2007 autoritzada pel notari de Palma de Mallorca D. Miguel Mulet Ferragut, i es troba inscrita al registre de fundacions assistencials del Ministeri de Treball i Afers Socials amb el n\u00famero 07-0053. Els usuaris poden fer servir l\u2019adre\u00e7a postal:<\/p>\n\n\n\n<p>FUNDACI\u00d3 RAFA NADAL<br>Ctra. Cales de Mallorca KM 1,2<br>07500, Manacor (Espa\u00f1a)<\/p>\n\n\n\n<p>El CIF de la Fundaci\u00f3 Rafa Nadal \u00e9s el G-57533473<\/p>\n\n\n\n<p><strong>II.- PROPIETAT INTEL\u00b7LECTUAL<\/strong>:<br><br>Es comunica a l\u2019usuari que tots els elements del portal www.fundacionrafanadal.com estan protegits per les disposicions de propietat intel\u00b7lectual i industrial, i, per tant, el text, el disseny, les imatges, les marques, els noms comercials, els logotips, etc. s\u00f3n titularitat de la Fundaci\u00f3 Rafa Nadal o han estat cedits o llicenciats a aquesta entitat. En conseq\u00fc\u00e8ncia, no es podran fer servir sense el consentiment dels titulars dels drets corresponents.<\/p>\n\n\n\n<p><strong>III.- COOKIES:<\/strong><br><br>Les cookies que es fan servir al portal no permeten aconseguir dades personals.<\/p>\n\n\n\n<p><strong>IV.- ENLLA\u00c7OS<\/strong> <strong>(LINKS):<\/strong><br><br>La Fundaci\u00f3 Rafa Nadal haur\u00e0 d\u2019autoritzar expressament i per escrit l\u2019establiment d\u2019enlla\u00e7os en un altre portal dirigits al portal www.fundacionrafanadal.com<\/p>\n\n\n\n<p>L\u2019establiment d\u2019un enlla\u00e7 al portal www.fundacionrafanadal.com que dirigeixi l\u2019usuari a un altre portal no implica l\u2019acceptaci\u00f3 ni l\u2019aprovaci\u00f3 per part de la Fundaci\u00f3 Rafa Nadal dels continguts del portal enlla\u00e7at, si b\u00e9, i en compliment de la normativa vigent, la Fundaci\u00f3 Rafa Nadal, en cas de constatar qualsevol contingut il\u00b7legal, suprimir\u00e0 l\u2019enlla\u00e7 i ho comunicar\u00e0 a les autoritats pertinents.<\/p>\n\n\n\n<p><strong>V.- DADES PERSONALS PUBLICADES A TRAV\u00c9S DEL PORTAL:<\/strong><br><br>Les dades de persones f\u00edsiques publicades a trav\u00e9s del portal www.fundacionrafanadal.com no es podran fer servir en cap cas sense el consentiment dels titulars. La Fundaci\u00f3 Rafa Nadal t\u00e9 exclusivament el consentiment per introduir aquestes dades al portal, per\u00f2 no atorga cap llic\u00e8ncia perqu\u00e8 en facin \u00fas tercers.<\/p>\n\n\n\n<p><strong>VI.- RESPONSABILITAT DE LA FUNDACI\u00d3 RAFA NADAL COM A PRESTADOR D\u2019UN SERVEI DE LA SOCIETAT DE LA INFORMACI\u00d3:<\/strong><br><br>La Fundaci\u00f3 Rafa Nadal, com a titular del portal www.fundacionrafanadal.com, respondr\u00e0 en els termes i amb els l\u00edmits establerts als articles 13 i seg\u00fcents de la Llei 34\/2002, d\u201911 de juliol, de serveis de la societat de la informaci\u00f3 i del comer\u00e7 electr\u00f2nic.<\/p>\n\n\n\n<p><strong>VII.- LEGISLACI\u00d3 APLICABLE I JURISDICCI\u00d3 COMPETENT:<\/strong><br><br>Les relacions establertes com a conseq\u00fc\u00e8ncia de l\u2019\u00fas del portal www.fundacionrafanadal.com es regiran pel que disposa la normativa espanyola vigent que resulti d\u2019aplicaci\u00f3.<\/p>\n\n\n\n<p>Les parts, renunciant al fur que els pogu\u00e9s correspondre, acorden resoldre qualsevol controv\u00e8rsia relacionada amb l\u2019\u00fas del portal www.fundacionrafanadal.com als jutjats i tribunals de la ciutat de Barcelona. L\u2019acc\u00e9s al portal implica l\u2019acceptaci\u00f3 expressa d\u2019aquesta pol\u00edtica legal.<\/p>\n\n\n\n<div style=\"height:100px\" aria-hidden=\"true\" class=\"wp-block-spacer\"><\/div>\n","protected":false},"excerpt":{"rendered":"<p>Aquestes condicions es podran modificar per tal d\u2019adaptar-les als canvis normatius que, si escau, es produeixin. Si es modifiquen les condicions legals del portal, es far\u00e0 constar en aquest apartat. I.- INFORMACI\u00d3 PERQU\u00c8 ES COMPLEXI LA LLEI DE SERVEIS DE LA SOCIETAT DE LA INFORMACI\u00d3 I DEL COMER\u00c7 ELECTR\u00d2NIC\u2013 L34\/2002- (LSSICE): La Fundaci\u00f3 Rafa Nadal [&hellip;]<\/p>\n","protected":false},"author":1,"featured_media":0,"parent":0,"menu_order":0,"comment_status":"closed","ping_status":"closed","template":"","meta":{"_acf_changed":false,"give_campaign_id":0,"_monsterinsights_skip_tracking":false,"_monsterinsights_sitenote_active":false,"_monsterinsights_sitenote_note":"","_monsterinsights_sitenote_category":0,"site-sidebar-layout":"default","site-content-layout":"plain-container","ast-site-content-layout":"default","site-content-style":"default","site-sidebar-style":"default","ast-global-header-display":"","ast-banner-title-visibility":"","ast-main-header-display":"","ast-hfb-above-header-display":"","ast-hfb-below-header-display":"","ast-hfb-mobile-header-display":"","site-post-title":"","ast-breadcrumbs-content":"","ast-featured-img":"","footer-sml-layout":"","ast-disable-related-posts":"","theme-transparent-header-meta":"","adv-header-id-meta":"","stick-header-meta":"","header-above-stick-meta":"","header-main-stick-meta":"","header-below-stick-meta":"","astra-migrate-meta-layouts":"default","ast-page-background-enabled":"default","ast-page-background-meta":{"desktop":{"background-color":"var(--ast-global-color-4)","background-image":"","background-repeat":"repeat","background-position":"center center","background-size":"auto","background-attachment":"scroll","background-type":"","background-media":"","overlay-type":"","overlay-color":"","overlay-opacity":"","overlay-gradient":""},"tablet":{"background-color":"","background-image":"","background-repeat":"repeat","background-position":"center center","background-size":"auto","background-attachment":"scroll","background-type":"","background-media":"","overlay-type":"","overlay-color":"","overlay-opacity":"","overlay-gradient":""},"mobile":{"background-color":"","background-image":"","background-repeat":"repeat","background-position":"center center","background-size":"auto","background-attachment":"scroll","background-type":"","background-media":"","overlay-type":"","overlay-color":"","overlay-opacity":"","overlay-gradient":""}},"ast-content-background-meta":{"desktop":{"background-color":"var(--ast-global-color-5)","background-image":"","background-repeat":"repeat","background-position":"center center","background-size":"auto","background-attachment":"scroll","background-type":"","background-media":"","overlay-type":"","overlay-color":"","overlay-opacity":"","overlay-gradient":""},"tablet":{"background-color":"var(--ast-global-color-5)","background-image":"","background-repeat":"repeat","background-position":"center center","background-size":"auto","background-attachment":"scroll","background-type":"","background-media":"","overlay-type":"","overlay-color":"","overlay-opacity":"","overlay-gradient":""},"mobile":{"background-color":"var(--ast-global-color-5)","background-image":"","background-repeat":"repeat","background-position":"center center","background-size":"auto","background-attachment":"scroll","background-type":"","background-media":"","overlay-type":"","overlay-color":"","overlay-opacity":"","overlay-gradient":""}},"_themeisle_gutenberg_block_has_review":false,"footnotes":""},"class_list":["post-3120","page","type-page","status-publish","hentry"],"acf":[],"yoast_head":"<!-- This site is optimized with the Yoast SEO plugin v26.8 - https:\/\/yoast.com\/product\/yoast-seo-wordpress\/ -->\n<title>Nota legal - Fundaci\u00f3n Rafa Nadal<\/title>\n<meta name=\"robots\" content=\"noindex, follow, max-snippet:-1, max-image-preview:large, max-video-preview:-1\" \/>\n<meta property=\"og:locale\" content=\"ca_ES\" \/>\n<meta property=\"og:type\" content=\"article\" \/>\n<meta property=\"og:title\" content=\"Nota legal - Fundaci\u00f3n Rafa Nadal\" \/>\n<meta property=\"og:description\" content=\"Aquestes condicions es podran modificar per tal d\u2019adaptar-les als canvis normatius que, si escau, es produeixin. Si es modifiquen les condicions legals del portal, es far\u00e0 constar en aquest apartat. I.- INFORMACI\u00d3 PERQU\u00c8 ES COMPLEXI LA LLEI DE SERVEIS DE LA SOCIETAT DE LA INFORMACI\u00d3 I DEL COMER\u00c7 ELECTR\u00d2NIC\u2013 L34\/2002- (LSSICE): La Fundaci\u00f3 Rafa Nadal [&hellip;]\" \/>\n<meta property=\"og:url\" content=\"https:\/\/fundacionrafanadal.quelinka.es\/ca\/nota-legal\/\" \/>\n<meta property=\"og:site_name\" content=\"Fundaci\u00f3n Rafa Nadal\" \/>\n<meta property=\"article:modified_time\" content=\"2022-09-13T08:13:39+00:00\" \/>\n<meta name=\"twitter:card\" content=\"summary_large_image\" \/>\n<meta name=\"twitter:label1\" content=\"Temps estimat de lectura\" \/>\n\t<meta name=\"twitter:data1\" content=\"3 minuts\" \/>\n<script type=\"application\/ld+json\" class=\"yoast-schema-graph\">{\"@context\":\"https:\/\/schema.org\",\"@graph\":[{\"@type\":\"WebPage\",\"@id\":\"https:\/\/fundacionrafanadal.quelinka.es\/ca\/nota-legal\/\",\"url\":\"https:\/\/fundacionrafanadal.quelinka.es\/ca\/nota-legal\/\",\"name\":\"Nota legal - Fundaci\u00f3n Rafa Nadal\",\"isPartOf\":{\"@id\":\"https:\/\/fundacionrafanadal.quelinka.es\/ca\/#website\"},\"datePublished\":\"2022-03-24T09:25:14+00:00\",\"dateModified\":\"2022-09-13T08:13:39+00:00\",\"breadcrumb\":{\"@id\":\"https:\/\/fundacionrafanadal.quelinka.es\/ca\/nota-legal\/#breadcrumb\"},\"inLanguage\":\"ca\",\"potentialAction\":[{\"@type\":\"ReadAction\",\"target\":[\"https:\/\/fundacionrafanadal.quelinka.es\/ca\/nota-legal\/\"]}]},{\"@type\":\"BreadcrumbList\",\"@id\":\"https:\/\/fundacionrafanadal.quelinka.es\/ca\/nota-legal\/#breadcrumb\",\"itemListElement\":[{\"@type\":\"ListItem\",\"position\":1,\"name\":\"Portada\",\"item\":\"https:\/\/fundacionrafanadal.quelinka.es\/ca\/\"},{\"@type\":\"ListItem\",\"position\":2,\"name\":\"Nota legal\"}]},{\"@type\":\"WebSite\",\"@id\":\"https:\/\/fundacionrafanadal.quelinka.es\/ca\/#website\",\"url\":\"https:\/\/fundacionrafanadal.quelinka.es\/ca\/\",\"name\":\"Fundaci\u00f3n Rafa Nadal\",\"description\":\"A trav\u00e9s del deporte y la educaci\u00f3n, promovemos la integraci\u00f3n y el desarrollo personal y social de ni\u00f1os y j\u00f3venes. En Espa\u00f1a y la India.\",\"publisher\":{\"@id\":\"https:\/\/fundacionrafanadal.quelinka.es\/ca\/#organization\"},\"potentialAction\":[{\"@type\":\"SearchAction\",\"target\":{\"@type\":\"EntryPoint\",\"urlTemplate\":\"https:\/\/fundacionrafanadal.quelinka.es\/ca\/?s={search_term_string}\"},\"query-input\":{\"@type\":\"PropertyValueSpecification\",\"valueRequired\":true,\"valueName\":\"search_term_string\"}}],\"inLanguage\":\"ca\"},{\"@type\":\"Organization\",\"@id\":\"https:\/\/fundacionrafanadal.quelinka.es\/ca\/#organization\",\"name\":\"Fundaci\u00f3n Rafa Nadal\",\"url\":\"https:\/\/fundacionrafanadal.quelinka.es\/ca\/\",\"logo\":{\"@type\":\"ImageObject\",\"inLanguage\":\"ca\",\"@id\":\"https:\/\/fundacionrafanadal.quelinka.es\/ca\/#\/schema\/logo\/image\/\",\"url\":\"https:\/\/fundacionrafanadal.quelinka.es\/wp-content\/uploads\/2022\/09\/logo-frn-web-3.png\",\"contentUrl\":\"https:\/\/fundacionrafanadal.quelinka.es\/wp-content\/uploads\/2022\/09\/logo-frn-web-3.png\",\"width\":551,\"height\":140,\"caption\":\"Fundaci\u00f3n Rafa Nadal\"},\"image\":{\"@id\":\"https:\/\/fundacionrafanadal.quelinka.es\/ca\/#\/schema\/logo\/image\/\"}}]}<\/script>\n<!-- \/ Yoast SEO plugin. -->","yoast_head_json":{"title":"Nota legal - Fundaci\u00f3n Rafa Nadal","robots":{"index":"noindex","follow":"follow","max-snippet":"max-snippet:-1","max-image-preview":"max-image-preview:large","max-video-preview":"max-video-preview:-1"},"og_locale":"ca_ES","og_type":"article","og_title":"Nota legal - Fundaci\u00f3n Rafa Nadal","og_description":"Aquestes condicions es podran modificar per tal d\u2019adaptar-les als canvis normatius que, si escau, es produeixin. Si es modifiquen les condicions legals del portal, es far\u00e0 constar en aquest apartat. I.- INFORMACI\u00d3 PERQU\u00c8 ES COMPLEXI LA LLEI DE SERVEIS DE LA SOCIETAT DE LA INFORMACI\u00d3 I DEL COMER\u00c7 ELECTR\u00d2NIC\u2013 L34\/2002- (LSSICE): La Fundaci\u00f3 Rafa Nadal [&hellip;]","og_url":"https:\/\/fundacionrafanadal.quelinka.es\/ca\/nota-legal\/","og_site_name":"Fundaci\u00f3n Rafa Nadal","article_modified_time":"2022-09-13T08:13:39+00:00","twitter_card":"summary_large_image","twitter_misc":{"Temps estimat de lectura":"3 minuts"},"schema":{"@context":"https:\/\/schema.org","@graph":[{"@type":"WebPage","@id":"https:\/\/fundacionrafanadal.quelinka.es\/ca\/nota-legal\/","url":"https:\/\/fundacionrafanadal.quelinka.es\/ca\/nota-legal\/","name":"Nota legal - Fundaci\u00f3n Rafa Nadal","isPartOf":{"@id":"https:\/\/fundacionrafanadal.quelinka.es\/ca\/#website"},"datePublished":"2022-03-24T09:25:14+00:00","dateModified":"2022-09-13T08:13:39+00:00","breadcrumb":{"@id":"https:\/\/fundacionrafanadal.quelinka.es\/ca\/nota-legal\/#breadcrumb"},"inLanguage":"ca","potentialAction":[{"@type":"ReadAction","target":["https:\/\/fundacionrafanadal.quelinka.es\/ca\/nota-legal\/"]}]},{"@type":"BreadcrumbList","@id":"https:\/\/fundacionrafanadal.quelinka.es\/ca\/nota-legal\/#breadcrumb","itemListElement":[{"@type":"ListItem","position":1,"name":"Portada","item":"https:\/\/fundacionrafanadal.quelinka.es\/ca\/"},{"@type":"ListItem","position":2,"name":"Nota legal"}]},{"@type":"WebSite","@id":"https:\/\/fundacionrafanadal.quelinka.es\/ca\/#website","url":"https:\/\/fundacionrafanadal.quelinka.es\/ca\/","name":"Fundaci\u00f3n Rafa Nadal","description":"A trav\u00e9s del deporte y la educaci\u00f3n, promovemos la integraci\u00f3n y el desarrollo personal y social de ni\u00f1os y j\u00f3venes. En Espa\u00f1a y la India.","publisher":{"@id":"https:\/\/fundacionrafanadal.quelinka.es\/ca\/#organization"},"potentialAction":[{"@type":"SearchAction","target":{"@type":"EntryPoint","urlTemplate":"https:\/\/fundacionrafanadal.quelinka.es\/ca\/?s={search_term_string}"},"query-input":{"@type":"PropertyValueSpecification","valueRequired":true,"valueName":"search_term_string"}}],"inLanguage":"ca"},{"@type":"Organization","@id":"https:\/\/fundacionrafanadal.quelinka.es\/ca\/#organization","name":"Fundaci\u00f3n Rafa Nadal","url":"https:\/\/fundacionrafanadal.quelinka.es\/ca\/","logo":{"@type":"ImageObject","inLanguage":"ca","@id":"https:\/\/fundacionrafanadal.quelinka.es\/ca\/#\/schema\/logo\/image\/","url":"https:\/\/fundacionrafanadal.quelinka.es\/wp-content\/uploads\/2022\/09\/logo-frn-web-3.png","contentUrl":"https:\/\/fundacionrafanadal.quelinka.es\/wp-content\/uploads\/2022\/09\/logo-frn-web-3.png","width":551,"height":140,"caption":"Fundaci\u00f3n Rafa Nadal"},"image":{"@id":"https:\/\/fundacionrafanadal.quelinka.es\/ca\/#\/schema\/logo\/image\/"}}]}},"campaignId":"","_links":{"self":[{"href":"https:\/\/fundacionrafanadal.quelinka.es\/ca\/wp-json\/wp\/v2\/pages\/3120","targetHints":{"allow":["GET"]}}],"collection":[{"href":"https:\/\/fundacionrafanadal.quelinka.es\/ca\/wp-json\/wp\/v2\/pages"}],"about":[{"href":"https:\/\/fundacionrafanadal.quelinka.es\/ca\/wp-json\/wp\/v2\/types\/page"}],"author":[{"embeddable":true,"href":"https:\/\/fundacionrafanadal.quelinka.es\/ca\/wp-json\/wp\/v2\/users\/1"}],"replies":[{"embeddable":true,"href":"https:\/\/fundacionrafanadal.quelinka.es\/ca\/wp-json\/wp\/v2\/comments?post=3120"}],"version-history":[{"count":3,"href":"https:\/\/fundacionrafanadal.quelinka.es\/ca\/wp-json\/wp\/v2\/pages\/3120\/revisions"}],"predecessor-version":[{"id":11522,"href":"https:\/\/fundacionrafanadal.quelinka.es\/ca\/wp-json\/wp\/v2\/pages\/3120\/revisions\/11522"}],"wp:attachment":[{"href":"https:\/\/fundacionrafanadal.quelinka.es\/ca\/wp-json\/wp\/v2\/media?parent=3120"}],"curies":[{"name":"wp","href":"https:\/\/api.w.org\/{rel}","templated":true}]}}