{"id":6273,"date":"2022-03-30T15:08:35","date_gmt":"2022-03-30T15:08:35","guid":{"rendered":"https:\/\/www.fundacionrafanadal.org\/?page_id=6273"},"modified":"2025-07-30T08:47:35","modified_gmt":"2025-07-30T08:47:35","slug":"projectes","status":"publish","type":"page","link":"https:\/\/fundacionrafanadal.quelinka.es\/ca\/que-fem\/projectes\/","title":{"rendered":"Projectes"},"content":{"rendered":"\n<figure class=\"wp-block-image alignfull size-large\"><img loading=\"lazy\" decoding=\"async\" width=\"1024\" height=\"261\" src=\"https:\/\/www.fundacionrafanadal.quelinka.es\/wp-content\/uploads\/2022\/04\/cabecera-proyectos-1024x261.jpg\" alt=\"\" class=\"wp-image-3770\" srcset=\"https:\/\/fundacionrafanadal.quelinka.es\/wp-content\/uploads\/2022\/04\/cabecera-proyectos-1024x261.jpg 1024w, https:\/\/fundacionrafanadal.quelinka.es\/wp-content\/uploads\/2022\/04\/cabecera-proyectos-300x76.jpg 300w, https:\/\/fundacionrafanadal.quelinka.es\/wp-content\/uploads\/2022\/04\/cabecera-proyectos-768x195.jpg 768w, https:\/\/fundacionrafanadal.quelinka.es\/wp-content\/uploads\/2022\/04\/cabecera-proyectos-1536x391.jpg 1536w, https:\/\/fundacionrafanadal.quelinka.es\/wp-content\/uploads\/2022\/04\/cabecera-proyectos.jpg 1800w\" sizes=\"auto, (max-width: 1024px) 100vw, 1024px\" \/><\/figure>\n\n\n\n<div style=\"height:50px\" aria-hidden=\"true\" class=\"wp-block-spacer\"><\/div>\n\n\n\n<h2 class=\"wp-block-heading has-text-align-center has-x-large-font-size\"><strong>Projectes<\/strong><\/h2>\n\n\n\n<div style=\"height:21px\" aria-hidden=\"true\" class=\"wp-block-spacer\"><\/div>\n\n\n\n<div class=\"wp-block-columns alignfull is-layout-flex wp-container-core-columns-is-layout-28f84493 wp-block-columns-is-layout-flex\">\n<div class=\"wp-block-column is-vertically-aligned-center has-background is-layout-flow wp-block-column-is-layout-flow\" style=\"background-color:#667e70;padding-top:var(--wp--preset--spacing--80);padding-right:var(--wp--preset--spacing--20);padding-bottom:var(--wp--preset--spacing--80);padding-left:var(--wp--preset--spacing--20)\">\n<p class=\"has-text-align-center textInterliniat3 has-ast-global-color-5-color has-text-color has-link-color has-large-font-size wp-elements-c4897f75913fe02801314954b114d7c9\"><strong>Desenvolupem diferents projectes a Espanya i \u00cdndia on utilitzem l&#8217;esport i l&#8217;educaci\u00f3 com a pilars de la nostra intervenci\u00f3.<\/strong><\/p>\n<\/div>\n<\/div>\n\n\n\n<div class=\"wp-block-media-text alignfull has-media-on-the-right is-stacked-on-mobile is-image-fill-element proy-blck-cfrn has-ast-global-color-8-background-color has-background\" style=\"grid-template-columns:auto 62%\"><div class=\"wp-block-media-text__content\">\n<p class=\"has-ast-global-color-5-color has-text-color has-medium-font-size\"><a href=\"https:\/\/www.fundacionrafanadal.quelinka.es\/ca\/que-fem\/projectes\/centres-fundacio-rafa-nadal\/\">Centres Fundaci\u00f3 Rafa Nadal<\/a><\/p>\n<\/div><figure class=\"wp-block-media-text__media\"><a href=\"https:\/\/www.fundacionrafanadal.quelinka.es\/ca\/que-fem\/projectes\/centres-fundacio-rafa-nadal\/\"><img loading=\"lazy\" decoding=\"async\" width=\"1000\" height=\"512\" src=\"https:\/\/www.fundacionrafanadal.quelinka.es\/wp-content\/uploads\/2025\/07\/CFRN_general.png\" alt=\"\" class=\"wp-image-26754 size-full\" style=\"object-position:52% 19%\" srcset=\"https:\/\/fundacionrafanadal.quelinka.es\/wp-content\/uploads\/2025\/07\/CFRN_general.png 1000w, https:\/\/fundacionrafanadal.quelinka.es\/wp-content\/uploads\/2025\/07\/CFRN_general-300x154.png 300w, https:\/\/fundacionrafanadal.quelinka.es\/wp-content\/uploads\/2025\/07\/CFRN_general-768x393.png 768w\" sizes=\"auto, (max-width: 1000px) 100vw, 1000px\" \/><\/a><\/figure><\/div>\n\n\n\n<div class=\"wp-block-media-text alignfull is-stacked-on-mobile is-image-fill-element proy-blck-nets\" style=\"grid-template-columns:62% auto\"><figure class=\"wp-block-media-text__media\"><a href=\"https:\/\/www.fundacionrafanadal.quelinka.es\/ca\/que-fem\/projectes\/nets\/\"><img loading=\"lazy\" decoding=\"async\" width=\"1000\" height=\"511\" src=\"https:\/\/www.fundacionrafanadal.quelinka.es\/wp-content\/uploads\/2025\/07\/MQT_general.png\" alt=\"\" class=\"wp-image-26751 size-full\" style=\"object-position:51% 29%\" srcset=\"https:\/\/fundacionrafanadal.quelinka.es\/wp-content\/uploads\/2025\/07\/MQT_general.png 1000w, https:\/\/fundacionrafanadal.quelinka.es\/wp-content\/uploads\/2025\/07\/MQT_general-300x153.png 300w, https:\/\/fundacionrafanadal.quelinka.es\/wp-content\/uploads\/2025\/07\/MQT_general-768x392.png 768w\" sizes=\"auto, (max-width: 1000px) 100vw, 1000px\" \/><\/a><\/figure><div class=\"wp-block-media-text__content\">\n<p class=\"has-text-align-right has-ast-global-color-8-color has-text-color has-medium-font-size\"><a href=\"https:\/\/www.fundacionrafanadal.quelinka.es\/ca\/que-fem\/projectes\/nets\/\">Nadal Educational Tennis School<\/a><\/p>\n<\/div><\/div>\n\n\n\n<div class=\"wp-block-media-text alignfull has-media-on-the-right is-stacked-on-mobile is-image-fill-element proy-blck-cfrn has-ast-global-color-8-background-color has-background\" style=\"grid-template-columns:auto 62%\"><div class=\"wp-block-media-text__content\">\n<p class=\"has-ast-global-color-5-color has-text-color has-medium-font-size\"><a href=\"https:\/\/www.fundacionrafanadal.quelinka.es\/ca\/que-fem\/projectes\/mes-que-tenis\/\">M\u00e9s Que Tennis<\/a><\/p>\n<\/div><figure class=\"wp-block-media-text__media\"><a href=\"https:\/\/www.fundacionrafanadal.quelinka.es\/ca\/que-fem\/projectes\/mes-que-tenis\/\"><img loading=\"lazy\" decoding=\"async\" width=\"1000\" height=\"512\" src=\"https:\/\/www.fundacionrafanadal.quelinka.es\/wp-content\/uploads\/2025\/07\/MQT_general_ok.png\" alt=\"\" class=\"wp-image-26760 size-full\" style=\"object-position:48% 45%\" srcset=\"https:\/\/fundacionrafanadal.quelinka.es\/wp-content\/uploads\/2025\/07\/MQT_general_ok.png 1000w, https:\/\/fundacionrafanadal.quelinka.es\/wp-content\/uploads\/2025\/07\/MQT_general_ok-300x154.png 300w, https:\/\/fundacionrafanadal.quelinka.es\/wp-content\/uploads\/2025\/07\/MQT_general_ok-768x393.png 768w\" sizes=\"auto, (max-width: 1000px) 100vw, 1000px\" \/><\/a><\/figure><\/div>\n\n\n\n<div class=\"wp-block-media-text alignfull is-stacked-on-mobile is-image-fill-element proy-blck-nets\" style=\"grid-template-columns:62% auto\"><figure class=\"wp-block-media-text__media\"><a href=\"https:\/\/www.fundacionrafanadal.quelinka.es\/ca\/que-fem\/projectes\/studyplay\/\"><img loading=\"lazy\" decoding=\"async\" width=\"1000\" height=\"512\" src=\"https:\/\/www.fundacionrafanadal.quelinka.es\/wp-content\/uploads\/2025\/07\/playall_gen.png\" alt=\"\" class=\"wp-image-26763 size-full\" style=\"object-position:47% 37%\" srcset=\"https:\/\/fundacionrafanadal.quelinka.es\/wp-content\/uploads\/2025\/07\/playall_gen.png 1000w, https:\/\/fundacionrafanadal.quelinka.es\/wp-content\/uploads\/2025\/07\/playall_gen-300x154.png 300w, https:\/\/fundacionrafanadal.quelinka.es\/wp-content\/uploads\/2025\/07\/playall_gen-768x393.png 768w\" sizes=\"auto, (max-width: 1000px) 100vw, 1000px\" \/><\/a><\/figure><div class=\"wp-block-media-text__content\">\n<p class=\"has-text-align-right has-ast-global-color-8-color has-text-color has-medium-font-size\"><a href=\"https:\/\/www.fundacionrafanadal.quelinka.es\/ca\/que-fem\/projectes\/play-all\/\">Play All<\/a><\/p>\n<\/div><\/div>\n","protected":false},"excerpt":{"rendered":"<p>Projectes Desenvolupem diferents projectes a Espanya i \u00cdndia on utilitzem l&#8217;esport i l&#8217;educaci\u00f3 com a pilars de la nostra intervenci\u00f3. Centres Fundaci\u00f3 Rafa Nadal Nadal Educational Tennis School M\u00e9s Que Tennis Play All<\/p>\n","protected":false},"author":1,"featured_media":0,"parent":2933,"menu_order":2,"comment_status":"closed","ping_status":"closed","template":"","meta":{"_acf_changed":false,"give_campaign_id":0,"_monsterinsights_skip_tracking":false,"_monsterinsights_sitenote_active":false,"_monsterinsights_sitenote_note":"","_monsterinsights_sitenote_category":0,"site-sidebar-layout":"default","site-content-layout":"","ast-site-content-layout":"default","site-content-style":"default","site-sidebar-style":"default","ast-global-header-display":"","ast-banner-title-visibility":"","ast-main-header-display":"","ast-hfb-above-header-display":"","ast-hfb-below-header-display":"","ast-hfb-mobile-header-display":"","site-post-title":"disabled","ast-breadcrumbs-content":"","ast-featured-img":"","footer-sml-layout":"","ast-disable-related-posts":"","theme-transparent-header-meta":"","adv-header-id-meta":"","stick-header-meta":"","header-above-stick-meta":"","header-main-stick-meta":"","header-below-stick-meta":"","astra-migrate-meta-layouts":"set","ast-page-background-enabled":"default","ast-page-background-meta":{"desktop":{"background-color":"var(--ast-global-color-4)","background-image":"","background-repeat":"repeat","background-position":"center center","background-size":"auto","background-attachment":"scroll","background-type":"","background-media":"","overlay-type":"","overlay-color":"","overlay-opacity":"","overlay-gradient":""},"tablet":{"background-color":"","background-image":"","background-repeat":"repeat","background-position":"center center","background-size":"auto","background-attachment":"scroll","background-type":"","background-media":"","overlay-type":"","overlay-color":"","overlay-opacity":"","overlay-gradient":""},"mobile":{"background-color":"","background-image":"","background-repeat":"repeat","background-position":"center center","background-size":"auto","background-attachment":"scroll","background-type":"","background-media":"","overlay-type":"","overlay-color":"","overlay-opacity":"","overlay-gradient":""}},"ast-content-background-meta":{"desktop":{"background-color":"var(--ast-global-color-5)","background-image":"","background-repeat":"repeat","background-position":"center center","background-size":"auto","background-attachment":"scroll","background-type":"","background-media":"","overlay-type":"","overlay-color":"","overlay-opacity":"","overlay-gradient":""},"tablet":{"background-color":"var(--ast-global-color-5)","background-image":"","background-repeat":"repeat","background-position":"center center","background-size":"auto","background-attachment":"scroll","background-type":"","background-media":"","overlay-type":"","overlay-color":"","overlay-opacity":"","overlay-gradient":""},"mobile":{"background-color":"var(--ast-global-color-5)","background-image":"","background-repeat":"repeat","background-position":"center center","background-size":"auto","background-attachment":"scroll","background-type":"","background-media":"","overlay-type":"","overlay-color":"","overlay-opacity":"","overlay-gradient":""}},"_themeisle_gutenberg_block_has_review":false,"footnotes":""},"class_list":["post-6273","page","type-page","status-publish","hentry"],"acf":[],"yoast_head":"<!-- This site is optimized with the Yoast SEO plugin v26.8 - https:\/\/yoast.com\/product\/yoast-seo-wordpress\/ -->\n<title>Projectes - Fundaci\u00f3n Rafa Nadal<\/title>\n<meta name=\"robots\" content=\"noindex, follow, max-snippet:-1, max-image-preview:large, max-video-preview:-1\" \/>\n<meta property=\"og:locale\" content=\"ca_ES\" \/>\n<meta property=\"og:type\" content=\"article\" \/>\n<meta property=\"og:title\" content=\"Projectes - Fundaci\u00f3n Rafa Nadal\" \/>\n<meta property=\"og:description\" content=\"Projectes Desenvolupem diferents projectes a Espanya i \u00cdndia on utilitzem l&#8217;esport i l&#8217;educaci\u00f3 com a pilars de la nostra intervenci\u00f3. Centres Fundaci\u00f3 Rafa Nadal Nadal Educational Tennis School M\u00e9s Que Tennis Play All\" \/>\n<meta property=\"og:url\" content=\"https:\/\/fundacionrafanadal.quelinka.es\/ca\/que-fem\/projectes\/\" \/>\n<meta property=\"og:site_name\" content=\"Fundaci\u00f3n Rafa Nadal\" \/>\n<meta property=\"article:modified_time\" content=\"2025-07-30T08:47:35+00:00\" \/>\n<meta property=\"og:image\" content=\"https:\/\/www.fundacionrafanadal.quelinka.es\/wp-content\/uploads\/2022\/04\/cabecera-proyectos-1024x261.jpg\" \/>\n<meta name=\"twitter:card\" content=\"summary_large_image\" \/>\n<meta name=\"twitter:label1\" content=\"Temps estimat de lectura\" \/>\n\t<meta name=\"twitter:data1\" content=\"2 minuts\" \/>\n<script type=\"application\/ld+json\" class=\"yoast-schema-graph\">{\"@context\":\"https:\/\/schema.org\",\"@graph\":[{\"@type\":\"WebPage\",\"@id\":\"https:\/\/fundacionrafanadal.quelinka.es\/ca\/que-fem\/projectes\/\",\"url\":\"https:\/\/fundacionrafanadal.quelinka.es\/ca\/que-fem\/projectes\/\",\"name\":\"Projectes - Fundaci\u00f3n Rafa Nadal\",\"isPartOf\":{\"@id\":\"https:\/\/fundacionrafanadal.quelinka.es\/ca\/#website\"},\"primaryImageOfPage\":{\"@id\":\"https:\/\/fundacionrafanadal.quelinka.es\/ca\/que-fem\/projectes\/#primaryimage\"},\"image\":{\"@id\":\"https:\/\/fundacionrafanadal.quelinka.es\/ca\/que-fem\/projectes\/#primaryimage\"},\"thumbnailUrl\":\"https:\/\/www.fundacionrafanadal.quelinka.es\/wp-content\/uploads\/2022\/04\/cabecera-proyectos-1024x261.jpg\",\"datePublished\":\"2022-03-30T15:08:35+00:00\",\"dateModified\":\"2025-07-30T08:47:35+00:00\",\"breadcrumb\":{\"@id\":\"https:\/\/fundacionrafanadal.quelinka.es\/ca\/que-fem\/projectes\/#breadcrumb\"},\"inLanguage\":\"ca\",\"potentialAction\":[{\"@type\":\"ReadAction\",\"target\":[\"https:\/\/fundacionrafanadal.quelinka.es\/ca\/que-fem\/projectes\/\"]}]},{\"@type\":\"ImageObject\",\"inLanguage\":\"ca\",\"@id\":\"https:\/\/fundacionrafanadal.quelinka.es\/ca\/que-fem\/projectes\/#primaryimage\",\"url\":\"https:\/\/www.fundacionrafanadal.quelinka.es\/wp-content\/uploads\/2022\/04\/cabecera-proyectos-1024x261.jpg\",\"contentUrl\":\"https:\/\/www.fundacionrafanadal.quelinka.es\/wp-content\/uploads\/2022\/04\/cabecera-proyectos-1024x261.jpg\"},{\"@type\":\"BreadcrumbList\",\"@id\":\"https:\/\/fundacionrafanadal.quelinka.es\/ca\/que-fem\/projectes\/#breadcrumb\",\"itemListElement\":[{\"@type\":\"ListItem\",\"position\":1,\"name\":\"Portada\",\"item\":\"https:\/\/fundacionrafanadal.quelinka.es\/ca\/\"},{\"@type\":\"ListItem\",\"position\":2,\"name\":\"Qu\u00e8 fem?\",\"item\":\"https:\/\/fundacionrafanadal.quelinka.es\/ca\/que-hacemos\/\"},{\"@type\":\"ListItem\",\"position\":3,\"name\":\"Projectes\"}]},{\"@type\":\"WebSite\",\"@id\":\"https:\/\/fundacionrafanadal.quelinka.es\/ca\/#website\",\"url\":\"https:\/\/fundacionrafanadal.quelinka.es\/ca\/\",\"name\":\"Fundaci\u00f3n Rafa Nadal\",\"description\":\"A trav\u00e9s del deporte y la educaci\u00f3n, promovemos la integraci\u00f3n y el desarrollo personal y social de ni\u00f1os y j\u00f3venes. En Espa\u00f1a y la India.\",\"publisher\":{\"@id\":\"https:\/\/fundacionrafanadal.quelinka.es\/ca\/#organization\"},\"potentialAction\":[{\"@type\":\"SearchAction\",\"target\":{\"@type\":\"EntryPoint\",\"urlTemplate\":\"https:\/\/fundacionrafanadal.quelinka.es\/ca\/?s={search_term_string}\"},\"query-input\":{\"@type\":\"PropertyValueSpecification\",\"valueRequired\":true,\"valueName\":\"search_term_string\"}}],\"inLanguage\":\"ca\"},{\"@type\":\"Organization\",\"@id\":\"https:\/\/fundacionrafanadal.quelinka.es\/ca\/#organization\",\"name\":\"Fundaci\u00f3n Rafa Nadal\",\"url\":\"https:\/\/fundacionrafanadal.quelinka.es\/ca\/\",\"logo\":{\"@type\":\"ImageObject\",\"inLanguage\":\"ca\",\"@id\":\"https:\/\/fundacionrafanadal.quelinka.es\/ca\/#\/schema\/logo\/image\/\",\"url\":\"https:\/\/fundacionrafanadal.quelinka.es\/wp-content\/uploads\/2022\/09\/logo-frn-web-3.png\",\"contentUrl\":\"https:\/\/fundacionrafanadal.quelinka.es\/wp-content\/uploads\/2022\/09\/logo-frn-web-3.png\",\"width\":551,\"height\":140,\"caption\":\"Fundaci\u00f3n Rafa Nadal\"},\"image\":{\"@id\":\"https:\/\/fundacionrafanadal.quelinka.es\/ca\/#\/schema\/logo\/image\/\"}}]}<\/script>\n<!-- \/ Yoast SEO plugin. -->","yoast_head_json":{"title":"Projectes - Fundaci\u00f3n Rafa Nadal","robots":{"index":"noindex","follow":"follow","max-snippet":"max-snippet:-1","max-image-preview":"max-image-preview:large","max-video-preview":"max-video-preview:-1"},"og_locale":"ca_ES","og_type":"article","og_title":"Projectes - Fundaci\u00f3n Rafa Nadal","og_description":"Projectes Desenvolupem diferents projectes a Espanya i \u00cdndia on utilitzem l&#8217;esport i l&#8217;educaci\u00f3 com a pilars de la nostra intervenci\u00f3. Centres Fundaci\u00f3 Rafa Nadal Nadal Educational Tennis School M\u00e9s Que Tennis Play All","og_url":"https:\/\/fundacionrafanadal.quelinka.es\/ca\/que-fem\/projectes\/","og_site_name":"Fundaci\u00f3n Rafa Nadal","article_modified_time":"2025-07-30T08:47:35+00:00","og_image":[{"url":"https:\/\/www.fundacionrafanadal.quelinka.es\/wp-content\/uploads\/2022\/04\/cabecera-proyectos-1024x261.jpg","type":"","width":"","height":""}],"twitter_card":"summary_large_image","twitter_misc":{"Temps estimat de lectura":"2 minuts"},"schema":{"@context":"https:\/\/schema.org","@graph":[{"@type":"WebPage","@id":"https:\/\/fundacionrafanadal.quelinka.es\/ca\/que-fem\/projectes\/","url":"https:\/\/fundacionrafanadal.quelinka.es\/ca\/que-fem\/projectes\/","name":"Projectes - Fundaci\u00f3n Rafa Nadal","isPartOf":{"@id":"https:\/\/fundacionrafanadal.quelinka.es\/ca\/#website"},"primaryImageOfPage":{"@id":"https:\/\/fundacionrafanadal.quelinka.es\/ca\/que-fem\/projectes\/#primaryimage"},"image":{"@id":"https:\/\/fundacionrafanadal.quelinka.es\/ca\/que-fem\/projectes\/#primaryimage"},"thumbnailUrl":"https:\/\/www.fundacionrafanadal.quelinka.es\/wp-content\/uploads\/2022\/04\/cabecera-proyectos-1024x261.jpg","datePublished":"2022-03-30T15:08:35+00:00","dateModified":"2025-07-30T08:47:35+00:00","breadcrumb":{"@id":"https:\/\/fundacionrafanadal.quelinka.es\/ca\/que-fem\/projectes\/#breadcrumb"},"inLanguage":"ca","potentialAction":[{"@type":"ReadAction","target":["https:\/\/fundacionrafanadal.quelinka.es\/ca\/que-fem\/projectes\/"]}]},{"@type":"ImageObject","inLanguage":"ca","@id":"https:\/\/fundacionrafanadal.quelinka.es\/ca\/que-fem\/projectes\/#primaryimage","url":"https:\/\/www.fundacionrafanadal.quelinka.es\/wp-content\/uploads\/2022\/04\/cabecera-proyectos-1024x261.jpg","contentUrl":"https:\/\/www.fundacionrafanadal.quelinka.es\/wp-content\/uploads\/2022\/04\/cabecera-proyectos-1024x261.jpg"},{"@type":"BreadcrumbList","@id":"https:\/\/fundacionrafanadal.quelinka.es\/ca\/que-fem\/projectes\/#breadcrumb","itemListElement":[{"@type":"ListItem","position":1,"name":"Portada","item":"https:\/\/fundacionrafanadal.quelinka.es\/ca\/"},{"@type":"ListItem","position":2,"name":"Qu\u00e8 fem?","item":"https:\/\/fundacionrafanadal.quelinka.es\/ca\/que-hacemos\/"},{"@type":"ListItem","position":3,"name":"Projectes"}]},{"@type":"WebSite","@id":"https:\/\/fundacionrafanadal.quelinka.es\/ca\/#website","url":"https:\/\/fundacionrafanadal.quelinka.es\/ca\/","name":"Fundaci\u00f3n Rafa Nadal","description":"A trav\u00e9s del deporte y la educaci\u00f3n, promovemos la integraci\u00f3n y el desarrollo personal y social de ni\u00f1os y j\u00f3venes. En Espa\u00f1a y la India.","publisher":{"@id":"https:\/\/fundacionrafanadal.quelinka.es\/ca\/#organization"},"potentialAction":[{"@type":"SearchAction","target":{"@type":"EntryPoint","urlTemplate":"https:\/\/fundacionrafanadal.quelinka.es\/ca\/?s={search_term_string}"},"query-input":{"@type":"PropertyValueSpecification","valueRequired":true,"valueName":"search_term_string"}}],"inLanguage":"ca"},{"@type":"Organization","@id":"https:\/\/fundacionrafanadal.quelinka.es\/ca\/#organization","name":"Fundaci\u00f3n Rafa Nadal","url":"https:\/\/fundacionrafanadal.quelinka.es\/ca\/","logo":{"@type":"ImageObject","inLanguage":"ca","@id":"https:\/\/fundacionrafanadal.quelinka.es\/ca\/#\/schema\/logo\/image\/","url":"https:\/\/fundacionrafanadal.quelinka.es\/wp-content\/uploads\/2022\/09\/logo-frn-web-3.png","contentUrl":"https:\/\/fundacionrafanadal.quelinka.es\/wp-content\/uploads\/2022\/09\/logo-frn-web-3.png","width":551,"height":140,"caption":"Fundaci\u00f3n Rafa Nadal"},"image":{"@id":"https:\/\/fundacionrafanadal.quelinka.es\/ca\/#\/schema\/logo\/image\/"}}]}},"campaignId":"","_links":{"self":[{"href":"https:\/\/fundacionrafanadal.quelinka.es\/ca\/wp-json\/wp\/v2\/pages\/6273","targetHints":{"allow":["GET"]}}],"collection":[{"href":"https:\/\/fundacionrafanadal.quelinka.es\/ca\/wp-json\/wp\/v2\/pages"}],"about":[{"href":"https:\/\/fundacionrafanadal.quelinka.es\/ca\/wp-json\/wp\/v2\/types\/page"}],"author":[{"embeddable":true,"href":"https:\/\/fundacionrafanadal.quelinka.es\/ca\/wp-json\/wp\/v2\/users\/1"}],"replies":[{"embeddable":true,"href":"https:\/\/fundacionrafanadal.quelinka.es\/ca\/wp-json\/wp\/v2\/comments?post=6273"}],"version-history":[{"count":12,"href":"https:\/\/fundacionrafanadal.quelinka.es\/ca\/wp-json\/wp\/v2\/pages\/6273\/revisions"}],"predecessor-version":[{"id":26773,"href":"https:\/\/fundacionrafanadal.quelinka.es\/ca\/wp-json\/wp\/v2\/pages\/6273\/revisions\/26773"}],"up":[{"embeddable":true,"href":"https:\/\/fundacionrafanadal.quelinka.es\/ca\/wp-json\/wp\/v2\/pages\/2933"}],"wp:attachment":[{"href":"https:\/\/fundacionrafanadal.quelinka.es\/ca\/wp-json\/wp\/v2\/media?parent=6273"}],"curies":[{"name":"wp","href":"https:\/\/api.w.org\/{rel}","templated":true}]}}