{"id":7367,"date":"2021-09-29T09:21:00","date_gmt":"2021-09-29T09:21:00","guid":{"rendered":"https:\/\/www.fundacionrafanadal.org\/?page_id=7367"},"modified":"2022-05-30T09:27:09","modified_gmt":"2022-05-30T09:27:09","slug":"la-fundacio-rafa-nadal-participa-en-lesdeveniment-lesport-trenca-el-cercle","status":"publish","type":"page","link":"https:\/\/fundacionrafanadal.quelinka.es\/ca\/coneix-nos\/noticies\/noticies-2021\/la-fundacio-rafa-nadal-participa-en-lesdeveniment-lesport-trenca-el-cercle\/","title":{"rendered":"La Fundaci\u00f3 Rafa Nadal participa en l&#8217;esdeveniment \u201cL&#8217;esport trenca el cercle\u201d"},"content":{"rendered":"\n<div class=\"wp-block-media-text alignfull is-stacked-on-mobile is-image-fill has-background\" style=\"background-color:#ddac31\"><figure class=\"wp-block-media-text__media\" style=\"background-image:url(https:\/\/www.fundacionrafanadal.quelinka.es\/wp-content\/uploads\/2022\/07\/ISM08879.png);background-position:50% 50%\"><img loading=\"lazy\" decoding=\"async\" width=\"900\" height=\"399\" src=\"https:\/\/www.fundacionrafanadal.quelinka.es\/wp-content\/uploads\/2022\/07\/ISM08879.png\" alt=\"\" class=\"wp-image-9879 size-full\" srcset=\"https:\/\/fundacionrafanadal.quelinka.es\/wp-content\/uploads\/2022\/07\/ISM08879.png 900w, https:\/\/fundacionrafanadal.quelinka.es\/wp-content\/uploads\/2022\/07\/ISM08879-300x133.png 300w, https:\/\/fundacionrafanadal.quelinka.es\/wp-content\/uploads\/2022\/07\/ISM08879-768x340.png 768w\" sizes=\"auto, (max-width: 900px) 100vw, 900px\" \/><\/figure><div class=\"wp-block-media-text__content\">\n<div style=\"height:30px\" aria-hidden=\"true\" class=\"wp-block-spacer\"><\/div>\n\n\n\n<h2 class=\"has-ast-global-color-5-color has-text-color wp-block-heading\" style=\"font-size:48px\"><strong>Not\u00edcies<\/strong><\/h2>\n\n\n\n<div style=\"height:200px\" aria-hidden=\"true\" class=\"wp-block-spacer\"><\/div>\n<\/div><\/div>\n\n\n\n<div style=\"height:100px\" aria-hidden=\"true\" class=\"wp-block-spacer\"><\/div>\n\n\n\n<div class=\"inherit-container-width wp-block-group is-layout-constrained wp-block-group-is-layout-constrained\"><div class=\"wp-block-group__inner-container\"><div class=\"wp-block-post-date\"><time datetime=\"2021-09-29T09:21:00+02:00\">29 de setembre de 2021<\/time><\/div>\n\n\n<h2 class=\"alignwide has-medium-font-size wp-block-heading\" style=\"text-transform:uppercase\"><strong>La Fundaci\u00f3 Rafa Nadal participa en l&#8217;esdeveniment \u201cL&#8217;esport trenca el cercle\u201d<\/strong><\/h2>\n\n\n\n<figure class=\"wp-block-image alignwide size-large\"><img loading=\"lazy\" decoding=\"async\" width=\"1024\" height=\"722\" src=\"https:\/\/www.fundacionrafanadal.quelinka.es\/wp-content\/uploads\/2022\/05\/2021-deporte-rompe-circulo-1024x722.jpg\" alt=\"\" class=\"wp-image-7382\" srcset=\"https:\/\/fundacionrafanadal.quelinka.es\/wp-content\/uploads\/2022\/05\/2021-deporte-rompe-circulo-1024x722.jpg 1024w, https:\/\/fundacionrafanadal.quelinka.es\/wp-content\/uploads\/2022\/05\/2021-deporte-rompe-circulo-300x212.jpg 300w, https:\/\/fundacionrafanadal.quelinka.es\/wp-content\/uploads\/2022\/05\/2021-deporte-rompe-circulo-768x541.jpg 768w, https:\/\/fundacionrafanadal.quelinka.es\/wp-content\/uploads\/2022\/05\/2021-deporte-rompe-circulo.jpg 1200w\" sizes=\"auto, (max-width: 1024px) 100vw, 1024px\" \/><\/figure>\n\n\n\n<p><strong>Ana Mar\u00eda&nbsp;Parera<\/strong>, presidenta de la Fundaci\u00f3 Rafa Nadal i&nbsp;<strong>Mar\u00eda Francisca Perell\u00f3<\/strong>, directora de la Fundaci\u00f3 Rafa Nadal, han assistit a l&#8217;acte \u201cL&#8217;esport trenca el cercle\u201d organitzat per l&#8217;Alt Comissionat contra la Pobresa Infantil i el Consell Superior d&#8217;Esports en el marc de l&#8217;Alian\u00e7a Pa\u00eds Pobresa Infantil Zero.<\/p>\n\n\n\n<p>L&#8217;esdeveniment celebrat en el&nbsp;<strong>Palau de la Moncloa<\/strong>&nbsp;el dijous 29 de setembre de 2021, presidit per Pedro S\u00e1nchez, President del Govern, t\u00e9 com a objectiu&nbsp;<strong>combatre la pobresa infantil<\/strong>&nbsp;a Espanya visibilitzant la pobresa infantil i posant-la en el centre del debat p\u00fablic.<\/p>\n\n\n\n<p>Hem comptat amb la pres\u00e8ncia de l&#8217;atleta&nbsp;<strong>Ana&nbsp;Peleteiro<\/strong>, el gimnasta&nbsp;<strong>Ray Zapata&nbsp;<\/strong>i l&#8217;atleta paral\u00edmpica&nbsp;<strong>Desir\u00e9e Vila<\/strong>&nbsp;que han conversat sobre la import\u00e0ncia de l&#8217;esport en el desenvolupament i en la transmissi\u00f3 dels valors durant la inf\u00e0ncia.<\/p>\n\n\n\n<p>Dins de la Setmana Europea de l&#8217;Esport, l&#8217;Alt Comissionat contra la Pobresa Infantil i el Consell Superior d&#8217;Esports impulsen aquest esdeveniment per a&nbsp;<strong>visibilitzar les diferents actuacions sobre les causes conjunturals i estructurals de la pobresa infantil<\/strong>&nbsp;<strong>a Espanya<\/strong>, articulant pol\u00edtiques p\u00fabliques amb perspectiva d&#8217;inf\u00e0ncia vulnerable amb l&#8217;objectiu que tots els nens, nenes i adolescents del nostre pa\u00eds tinguin les mateixes oportunitats de futur.<\/p>\n\n\n\n<p>Des de la&nbsp;<strong>Fundaci\u00f3 Rafa Nadal<\/strong>&nbsp;combreguem amb els mateixos objectius i per aix\u00f2 som un dels 75 aliats d&#8217;aquesta iniciativa que busca&nbsp;<strong>trencar el cercle de la pobresa infantil ja que tots els nens i nenes tenen dret a cr\u00e9ixer sans, segurs i feli\u00e7os, sense importar el seu origen.<\/strong><\/p>\n\n\n\n<p>L&#8217;Alian\u00e7a Pa\u00eds Pobresa Infantil Zero neix amb dues metes:&nbsp;<strong>garantir una educaci\u00f3 inclusiva i de qualitat i generar entorns saludables, positius i segurs.<\/strong><\/p>\n\n\n\n<p>Amb m\u00e9s de 10 anys de traject\u00f2ria, des de la Fundaci\u00f3 Rafa Nadal continuem&nbsp;<strong>sumant esfor\u00e7os per a aconseguir aquests objectius<\/strong>, tenint com a base els nostres projectes d&#8217;educaci\u00f3 i desenvolupament a trav\u00e9s de l&#8217;esport.<\/p>\n<\/div><\/div>\n","protected":false},"excerpt":{"rendered":"<p>La Fundaci\u00f3 Rafa Nadal participa en l&#8217;esdeveniment \u201cL&#8217;esport trenca el cercle\u201d Ana Mar\u00eda&nbsp;Parera, presidenta de la Fundaci\u00f3 Rafa Nadal i&nbsp;Mar\u00eda Francisca Perell\u00f3, directora de la Fundaci\u00f3 Rafa Nadal, han assistit a l&#8217;acte \u201cL&#8217;esport trenca el cercle\u201d organitzat per l&#8217;Alt Comissionat contra la Pobresa Infantil i el Consell Superior d&#8217;Esports en el marc de l&#8217;Alian\u00e7a Pa\u00eds [&hellip;]<\/p>\n","protected":false},"author":1,"featured_media":7385,"parent":7311,"menu_order":0,"comment_status":"closed","ping_status":"closed","template":"","meta":{"_acf_changed":false,"give_campaign_id":0,"_monsterinsights_skip_tracking":false,"_monsterinsights_sitenote_active":false,"_monsterinsights_sitenote_note":"","_monsterinsights_sitenote_category":0,"site-sidebar-layout":"default","site-content-layout":"","ast-site-content-layout":"default","site-content-style":"default","site-sidebar-style":"default","ast-global-header-display":"","ast-banner-title-visibility":"","ast-main-header-display":"","ast-hfb-above-header-display":"","ast-hfb-below-header-display":"","ast-hfb-mobile-header-display":"","site-post-title":"disabled","ast-breadcrumbs-content":"","ast-featured-img":"disabled","footer-sml-layout":"","ast-disable-related-posts":"","theme-transparent-header-meta":"","adv-header-id-meta":"","stick-header-meta":"","header-above-stick-meta":"","header-main-stick-meta":"","header-below-stick-meta":"","astra-migrate-meta-layouts":"default","ast-page-background-enabled":"default","ast-page-background-meta":{"desktop":{"background-color":"var(--ast-global-color-4)","background-image":"","background-repeat":"repeat","background-position":"center center","background-size":"auto","background-attachment":"scroll","background-type":"","background-media":"","overlay-type":"","overlay-color":"","overlay-opacity":"","overlay-gradient":""},"tablet":{"background-color":"","background-image":"","background-repeat":"repeat","background-position":"center center","background-size":"auto","background-attachment":"scroll","background-type":"","background-media":"","overlay-type":"","overlay-color":"","overlay-opacity":"","overlay-gradient":""},"mobile":{"background-color":"","background-image":"","background-repeat":"repeat","background-position":"center center","background-size":"auto","background-attachment":"scroll","background-type":"","background-media":"","overlay-type":"","overlay-color":"","overlay-opacity":"","overlay-gradient":""}},"ast-content-background-meta":{"desktop":{"background-color":"var(--ast-global-color-5)","background-image":"","background-repeat":"repeat","background-position":"center center","background-size":"auto","background-attachment":"scroll","background-type":"","background-media":"","overlay-type":"","overlay-color":"","overlay-opacity":"","overlay-gradient":""},"tablet":{"background-color":"var(--ast-global-color-5)","background-image":"","background-repeat":"repeat","background-position":"center center","background-size":"auto","background-attachment":"scroll","background-type":"","background-media":"","overlay-type":"","overlay-color":"","overlay-opacity":"","overlay-gradient":""},"mobile":{"background-color":"var(--ast-global-color-5)","background-image":"","background-repeat":"repeat","background-position":"center center","background-size":"auto","background-attachment":"scroll","background-type":"","background-media":"","overlay-type":"","overlay-color":"","overlay-opacity":"","overlay-gradient":""}},"_themeisle_gutenberg_block_has_review":false,"footnotes":""},"class_list":["post-7367","page","type-page","status-publish","has-post-thumbnail","hentry"],"acf":[],"yoast_head":"<!-- This site is optimized with the Yoast SEO plugin v26.8 - https:\/\/yoast.com\/product\/yoast-seo-wordpress\/ -->\n<title>La Fundaci\u00f3 Rafa Nadal participa en l&#039;esdeveniment \u201cL&#039;esport trenca el cercle\u201d - Fundaci\u00f3n Rafa Nadal<\/title>\n<meta name=\"robots\" content=\"noindex, follow, max-snippet:-1, max-image-preview:large, max-video-preview:-1\" \/>\n<meta property=\"og:locale\" content=\"ca_ES\" \/>\n<meta property=\"og:type\" content=\"article\" \/>\n<meta property=\"og:title\" content=\"La Fundaci\u00f3 Rafa Nadal participa en l&#039;esdeveniment \u201cL&#039;esport trenca el cercle\u201d - Fundaci\u00f3n Rafa Nadal\" \/>\n<meta property=\"og:description\" content=\"La Fundaci\u00f3 Rafa Nadal participa en l&#8217;esdeveniment \u201cL&#8217;esport trenca el cercle\u201d Ana Mar\u00eda&nbsp;Parera, presidenta de la Fundaci\u00f3 Rafa Nadal i&nbsp;Mar\u00eda Francisca Perell\u00f3, directora de la Fundaci\u00f3 Rafa Nadal, han assistit a l&#8217;acte \u201cL&#8217;esport trenca el cercle\u201d organitzat per l&#8217;Alt Comissionat contra la Pobresa Infantil i el Consell Superior d&#8217;Esports en el marc de l&#8217;Alian\u00e7a Pa\u00eds [&hellip;]\" \/>\n<meta property=\"og:url\" content=\"https:\/\/fundacionrafanadal.quelinka.es\/ca\/coneix-nos\/noticies\/noticies-2021\/la-fundacio-rafa-nadal-participa-en-lesdeveniment-lesport-trenca-el-cercle\/\" \/>\n<meta property=\"og:site_name\" content=\"Fundaci\u00f3n Rafa Nadal\" \/>\n<meta property=\"article:modified_time\" content=\"2022-05-30T09:27:09+00:00\" \/>\n<meta property=\"og:image\" content=\"https:\/\/fundacionrafanadal.quelinka.es\/wp-content\/uploads\/2022\/05\/2021-deporte-rompe-circulo-th.jpg\" \/>\n\t<meta property=\"og:image:width\" content=\"300\" \/>\n\t<meta property=\"og:image:height\" content=\"199\" \/>\n\t<meta property=\"og:image:type\" content=\"image\/jpeg\" \/>\n<meta name=\"twitter:card\" content=\"summary_large_image\" \/>\n<meta name=\"twitter:label1\" content=\"Temps estimat de lectura\" \/>\n\t<meta name=\"twitter:data1\" content=\"2 minuts\" \/>\n<script type=\"application\/ld+json\" class=\"yoast-schema-graph\">{\"@context\":\"https:\/\/schema.org\",\"@graph\":[{\"@type\":\"WebPage\",\"@id\":\"https:\/\/fundacionrafanadal.quelinka.es\/ca\/coneix-nos\/noticies\/noticies-2021\/la-fundacio-rafa-nadal-participa-en-lesdeveniment-lesport-trenca-el-cercle\/\",\"url\":\"https:\/\/fundacionrafanadal.quelinka.es\/ca\/coneix-nos\/noticies\/noticies-2021\/la-fundacio-rafa-nadal-participa-en-lesdeveniment-lesport-trenca-el-cercle\/\",\"name\":\"La Fundaci\u00f3 Rafa Nadal participa en l'esdeveniment \u201cL'esport trenca el cercle\u201d - Fundaci\u00f3n Rafa Nadal\",\"isPartOf\":{\"@id\":\"https:\/\/fundacionrafanadal.quelinka.es\/ca\/#website\"},\"primaryImageOfPage\":{\"@id\":\"https:\/\/fundacionrafanadal.quelinka.es\/ca\/coneix-nos\/noticies\/noticies-2021\/la-fundacio-rafa-nadal-participa-en-lesdeveniment-lesport-trenca-el-cercle\/#primaryimage\"},\"image\":{\"@id\":\"https:\/\/fundacionrafanadal.quelinka.es\/ca\/coneix-nos\/noticies\/noticies-2021\/la-fundacio-rafa-nadal-participa-en-lesdeveniment-lesport-trenca-el-cercle\/#primaryimage\"},\"thumbnailUrl\":\"https:\/\/fundacionrafanadal.quelinka.es\/wp-content\/uploads\/2022\/05\/2021-deporte-rompe-circulo-th.jpg\",\"datePublished\":\"2021-09-29T09:21:00+00:00\",\"dateModified\":\"2022-05-30T09:27:09+00:00\",\"breadcrumb\":{\"@id\":\"https:\/\/fundacionrafanadal.quelinka.es\/ca\/coneix-nos\/noticies\/noticies-2021\/la-fundacio-rafa-nadal-participa-en-lesdeveniment-lesport-trenca-el-cercle\/#breadcrumb\"},\"inLanguage\":\"ca\",\"potentialAction\":[{\"@type\":\"ReadAction\",\"target\":[\"https:\/\/fundacionrafanadal.quelinka.es\/ca\/coneix-nos\/noticies\/noticies-2021\/la-fundacio-rafa-nadal-participa-en-lesdeveniment-lesport-trenca-el-cercle\/\"]}]},{\"@type\":\"ImageObject\",\"inLanguage\":\"ca\",\"@id\":\"https:\/\/fundacionrafanadal.quelinka.es\/ca\/coneix-nos\/noticies\/noticies-2021\/la-fundacio-rafa-nadal-participa-en-lesdeveniment-lesport-trenca-el-cercle\/#primaryimage\",\"url\":\"https:\/\/fundacionrafanadal.quelinka.es\/wp-content\/uploads\/2022\/05\/2021-deporte-rompe-circulo-th.jpg\",\"contentUrl\":\"https:\/\/fundacionrafanadal.quelinka.es\/wp-content\/uploads\/2022\/05\/2021-deporte-rompe-circulo-th.jpg\",\"width\":300,\"height\":199},{\"@type\":\"BreadcrumbList\",\"@id\":\"https:\/\/fundacionrafanadal.quelinka.es\/ca\/coneix-nos\/noticies\/noticies-2021\/la-fundacio-rafa-nadal-participa-en-lesdeveniment-lesport-trenca-el-cercle\/#breadcrumb\",\"itemListElement\":[{\"@type\":\"ListItem\",\"position\":1,\"name\":\"Portada\",\"item\":\"https:\/\/fundacionrafanadal.quelinka.es\/ca\/\"},{\"@type\":\"ListItem\",\"position\":2,\"name\":\"Coneix-nos\",\"item\":\"https:\/\/fundacionrafanadal.quelinka.es\/ca\/conocenos\/\"},{\"@type\":\"ListItem\",\"position\":3,\"name\":\"Not\u00edcies\",\"item\":\"https:\/\/fundacionrafanadal.quelinka.es\/ca\/conocenos\/noticias\/\"},{\"@type\":\"ListItem\",\"position\":4,\"name\":\"Not\u00edcies 2021\",\"item\":\"https:\/\/fundacionrafanadal.quelinka.es\/ca\/conocenos\/noticias\/noticias-2021\/\"},{\"@type\":\"ListItem\",\"position\":5,\"name\":\"La Fundaci\u00f3 Rafa Nadal participa en l&#8217;esdeveniment \u201cL&#8217;esport trenca el cercle\u201d\"}]},{\"@type\":\"WebSite\",\"@id\":\"https:\/\/fundacionrafanadal.quelinka.es\/ca\/#website\",\"url\":\"https:\/\/fundacionrafanadal.quelinka.es\/ca\/\",\"name\":\"Fundaci\u00f3n Rafa Nadal\",\"description\":\"A trav\u00e9s del deporte y la educaci\u00f3n, promovemos la integraci\u00f3n y el desarrollo personal y social de ni\u00f1os y j\u00f3venes. En Espa\u00f1a y la India.\",\"publisher\":{\"@id\":\"https:\/\/fundacionrafanadal.quelinka.es\/ca\/#organization\"},\"potentialAction\":[{\"@type\":\"SearchAction\",\"target\":{\"@type\":\"EntryPoint\",\"urlTemplate\":\"https:\/\/fundacionrafanadal.quelinka.es\/ca\/?s={search_term_string}\"},\"query-input\":{\"@type\":\"PropertyValueSpecification\",\"valueRequired\":true,\"valueName\":\"search_term_string\"}}],\"inLanguage\":\"ca\"},{\"@type\":\"Organization\",\"@id\":\"https:\/\/fundacionrafanadal.quelinka.es\/ca\/#organization\",\"name\":\"Fundaci\u00f3n Rafa Nadal\",\"url\":\"https:\/\/fundacionrafanadal.quelinka.es\/ca\/\",\"logo\":{\"@type\":\"ImageObject\",\"inLanguage\":\"ca\",\"@id\":\"https:\/\/fundacionrafanadal.quelinka.es\/ca\/#\/schema\/logo\/image\/\",\"url\":\"https:\/\/fundacionrafanadal.quelinka.es\/wp-content\/uploads\/2022\/09\/logo-frn-web-3.png\",\"contentUrl\":\"https:\/\/fundacionrafanadal.quelinka.es\/wp-content\/uploads\/2022\/09\/logo-frn-web-3.png\",\"width\":551,\"height\":140,\"caption\":\"Fundaci\u00f3n Rafa Nadal\"},\"image\":{\"@id\":\"https:\/\/fundacionrafanadal.quelinka.es\/ca\/#\/schema\/logo\/image\/\"}}]}<\/script>\n<!-- \/ Yoast SEO plugin. -->","yoast_head_json":{"title":"La Fundaci\u00f3 Rafa Nadal participa en l'esdeveniment \u201cL'esport trenca el cercle\u201d - Fundaci\u00f3n Rafa Nadal","robots":{"index":"noindex","follow":"follow","max-snippet":"max-snippet:-1","max-image-preview":"max-image-preview:large","max-video-preview":"max-video-preview:-1"},"og_locale":"ca_ES","og_type":"article","og_title":"La Fundaci\u00f3 Rafa Nadal participa en l'esdeveniment \u201cL'esport trenca el cercle\u201d - Fundaci\u00f3n Rafa Nadal","og_description":"La Fundaci\u00f3 Rafa Nadal participa en l&#8217;esdeveniment \u201cL&#8217;esport trenca el cercle\u201d Ana Mar\u00eda&nbsp;Parera, presidenta de la Fundaci\u00f3 Rafa Nadal i&nbsp;Mar\u00eda Francisca Perell\u00f3, directora de la Fundaci\u00f3 Rafa Nadal, han assistit a l&#8217;acte \u201cL&#8217;esport trenca el cercle\u201d organitzat per l&#8217;Alt Comissionat contra la Pobresa Infantil i el Consell Superior d&#8217;Esports en el marc de l&#8217;Alian\u00e7a Pa\u00eds [&hellip;]","og_url":"https:\/\/fundacionrafanadal.quelinka.es\/ca\/coneix-nos\/noticies\/noticies-2021\/la-fundacio-rafa-nadal-participa-en-lesdeveniment-lesport-trenca-el-cercle\/","og_site_name":"Fundaci\u00f3n Rafa Nadal","article_modified_time":"2022-05-30T09:27:09+00:00","og_image":[{"width":300,"height":199,"url":"https:\/\/fundacionrafanadal.quelinka.es\/wp-content\/uploads\/2022\/05\/2021-deporte-rompe-circulo-th.jpg","type":"image\/jpeg"}],"twitter_card":"summary_large_image","twitter_misc":{"Temps estimat de lectura":"2 minuts"},"schema":{"@context":"https:\/\/schema.org","@graph":[{"@type":"WebPage","@id":"https:\/\/fundacionrafanadal.quelinka.es\/ca\/coneix-nos\/noticies\/noticies-2021\/la-fundacio-rafa-nadal-participa-en-lesdeveniment-lesport-trenca-el-cercle\/","url":"https:\/\/fundacionrafanadal.quelinka.es\/ca\/coneix-nos\/noticies\/noticies-2021\/la-fundacio-rafa-nadal-participa-en-lesdeveniment-lesport-trenca-el-cercle\/","name":"La Fundaci\u00f3 Rafa Nadal participa en l'esdeveniment \u201cL'esport trenca el cercle\u201d - Fundaci\u00f3n Rafa Nadal","isPartOf":{"@id":"https:\/\/fundacionrafanadal.quelinka.es\/ca\/#website"},"primaryImageOfPage":{"@id":"https:\/\/fundacionrafanadal.quelinka.es\/ca\/coneix-nos\/noticies\/noticies-2021\/la-fundacio-rafa-nadal-participa-en-lesdeveniment-lesport-trenca-el-cercle\/#primaryimage"},"image":{"@id":"https:\/\/fundacionrafanadal.quelinka.es\/ca\/coneix-nos\/noticies\/noticies-2021\/la-fundacio-rafa-nadal-participa-en-lesdeveniment-lesport-trenca-el-cercle\/#primaryimage"},"thumbnailUrl":"https:\/\/fundacionrafanadal.quelinka.es\/wp-content\/uploads\/2022\/05\/2021-deporte-rompe-circulo-th.jpg","datePublished":"2021-09-29T09:21:00+00:00","dateModified":"2022-05-30T09:27:09+00:00","breadcrumb":{"@id":"https:\/\/fundacionrafanadal.quelinka.es\/ca\/coneix-nos\/noticies\/noticies-2021\/la-fundacio-rafa-nadal-participa-en-lesdeveniment-lesport-trenca-el-cercle\/#breadcrumb"},"inLanguage":"ca","potentialAction":[{"@type":"ReadAction","target":["https:\/\/fundacionrafanadal.quelinka.es\/ca\/coneix-nos\/noticies\/noticies-2021\/la-fundacio-rafa-nadal-participa-en-lesdeveniment-lesport-trenca-el-cercle\/"]}]},{"@type":"ImageObject","inLanguage":"ca","@id":"https:\/\/fundacionrafanadal.quelinka.es\/ca\/coneix-nos\/noticies\/noticies-2021\/la-fundacio-rafa-nadal-participa-en-lesdeveniment-lesport-trenca-el-cercle\/#primaryimage","url":"https:\/\/fundacionrafanadal.quelinka.es\/wp-content\/uploads\/2022\/05\/2021-deporte-rompe-circulo-th.jpg","contentUrl":"https:\/\/fundacionrafanadal.quelinka.es\/wp-content\/uploads\/2022\/05\/2021-deporte-rompe-circulo-th.jpg","width":300,"height":199},{"@type":"BreadcrumbList","@id":"https:\/\/fundacionrafanadal.quelinka.es\/ca\/coneix-nos\/noticies\/noticies-2021\/la-fundacio-rafa-nadal-participa-en-lesdeveniment-lesport-trenca-el-cercle\/#breadcrumb","itemListElement":[{"@type":"ListItem","position":1,"name":"Portada","item":"https:\/\/fundacionrafanadal.quelinka.es\/ca\/"},{"@type":"ListItem","position":2,"name":"Coneix-nos","item":"https:\/\/fundacionrafanadal.quelinka.es\/ca\/conocenos\/"},{"@type":"ListItem","position":3,"name":"Not\u00edcies","item":"https:\/\/fundacionrafanadal.quelinka.es\/ca\/conocenos\/noticias\/"},{"@type":"ListItem","position":4,"name":"Not\u00edcies 2021","item":"https:\/\/fundacionrafanadal.quelinka.es\/ca\/conocenos\/noticias\/noticias-2021\/"},{"@type":"ListItem","position":5,"name":"La Fundaci\u00f3 Rafa Nadal participa en l&#8217;esdeveniment \u201cL&#8217;esport trenca el cercle\u201d"}]},{"@type":"WebSite","@id":"https:\/\/fundacionrafanadal.quelinka.es\/ca\/#website","url":"https:\/\/fundacionrafanadal.quelinka.es\/ca\/","name":"Fundaci\u00f3n Rafa Nadal","description":"A trav\u00e9s del deporte y la educaci\u00f3n, promovemos la integraci\u00f3n y el desarrollo personal y social de ni\u00f1os y j\u00f3venes. En Espa\u00f1a y la India.","publisher":{"@id":"https:\/\/fundacionrafanadal.quelinka.es\/ca\/#organization"},"potentialAction":[{"@type":"SearchAction","target":{"@type":"EntryPoint","urlTemplate":"https:\/\/fundacionrafanadal.quelinka.es\/ca\/?s={search_term_string}"},"query-input":{"@type":"PropertyValueSpecification","valueRequired":true,"valueName":"search_term_string"}}],"inLanguage":"ca"},{"@type":"Organization","@id":"https:\/\/fundacionrafanadal.quelinka.es\/ca\/#organization","name":"Fundaci\u00f3n Rafa Nadal","url":"https:\/\/fundacionrafanadal.quelinka.es\/ca\/","logo":{"@type":"ImageObject","inLanguage":"ca","@id":"https:\/\/fundacionrafanadal.quelinka.es\/ca\/#\/schema\/logo\/image\/","url":"https:\/\/fundacionrafanadal.quelinka.es\/wp-content\/uploads\/2022\/09\/logo-frn-web-3.png","contentUrl":"https:\/\/fundacionrafanadal.quelinka.es\/wp-content\/uploads\/2022\/09\/logo-frn-web-3.png","width":551,"height":140,"caption":"Fundaci\u00f3n Rafa Nadal"},"image":{"@id":"https:\/\/fundacionrafanadal.quelinka.es\/ca\/#\/schema\/logo\/image\/"}}]}},"campaignId":"","_links":{"self":[{"href":"https:\/\/fundacionrafanadal.quelinka.es\/ca\/wp-json\/wp\/v2\/pages\/7367","targetHints":{"allow":["GET"]}}],"collection":[{"href":"https:\/\/fundacionrafanadal.quelinka.es\/ca\/wp-json\/wp\/v2\/pages"}],"about":[{"href":"https:\/\/fundacionrafanadal.quelinka.es\/ca\/wp-json\/wp\/v2\/types\/page"}],"author":[{"embeddable":true,"href":"https:\/\/fundacionrafanadal.quelinka.es\/ca\/wp-json\/wp\/v2\/users\/1"}],"replies":[{"embeddable":true,"href":"https:\/\/fundacionrafanadal.quelinka.es\/ca\/wp-json\/wp\/v2\/comments?post=7367"}],"version-history":[{"count":1,"href":"https:\/\/fundacionrafanadal.quelinka.es\/ca\/wp-json\/wp\/v2\/pages\/7367\/revisions"}],"predecessor-version":[{"id":7400,"href":"https:\/\/fundacionrafanadal.quelinka.es\/ca\/wp-json\/wp\/v2\/pages\/7367\/revisions\/7400"}],"up":[{"embeddable":true,"href":"https:\/\/fundacionrafanadal.quelinka.es\/ca\/wp-json\/wp\/v2\/pages\/7311"}],"wp:featuredmedia":[{"embeddable":true,"href":"https:\/\/fundacionrafanadal.quelinka.es\/ca\/wp-json\/wp\/v2\/media\/7385"}],"wp:attachment":[{"href":"https:\/\/fundacionrafanadal.quelinka.es\/ca\/wp-json\/wp\/v2\/media?parent=7367"}],"curies":[{"name":"wp","href":"https:\/\/api.w.org\/{rel}","templated":true}]}}