{"id":7437,"date":"2020-12-16T14:13:00","date_gmt":"2020-12-16T14:13:00","guid":{"rendered":"https:\/\/www.fundacionrafanadal.org\/?page_id=7437"},"modified":"2022-05-30T14:22:23","modified_gmt":"2022-05-30T14:22:23","slug":"el-2020-mes-de-70-000-euros-en-beques-per-compaginar-esport-i-estudis-als-eua","status":"publish","type":"page","link":"https:\/\/fundacionrafanadal.quelinka.es\/ca\/coneix-nos\/noticies\/noticies-2020\/el-2020-mes-de-70-000-euros-en-beques-per-compaginar-esport-i-estudis-als-eua\/","title":{"rendered":"El 2020, m\u00e9s de 70.000 euros en beques per compaginar esport i estudis als EUA"},"content":{"rendered":"\n<div class=\"wp-block-media-text alignfull is-stacked-on-mobile is-image-fill has-background\" style=\"background-color:#ddac31\"><figure class=\"wp-block-media-text__media\" style=\"background-image:url(https:\/\/www.fundacionrafanadal.quelinka.es\/wp-content\/uploads\/2022\/07\/ISM08879.png);background-position:50% 50%\"><img loading=\"lazy\" decoding=\"async\" width=\"900\" height=\"399\" src=\"https:\/\/www.fundacionrafanadal.quelinka.es\/wp-content\/uploads\/2022\/07\/ISM08879.png\" alt=\"\" class=\"wp-image-9879 size-full\" srcset=\"https:\/\/fundacionrafanadal.quelinka.es\/wp-content\/uploads\/2022\/07\/ISM08879.png 900w, https:\/\/fundacionrafanadal.quelinka.es\/wp-content\/uploads\/2022\/07\/ISM08879-300x133.png 300w, https:\/\/fundacionrafanadal.quelinka.es\/wp-content\/uploads\/2022\/07\/ISM08879-768x340.png 768w\" sizes=\"auto, (max-width: 900px) 100vw, 900px\" \/><\/figure><div class=\"wp-block-media-text__content\">\n<div style=\"height:30px\" aria-hidden=\"true\" class=\"wp-block-spacer\"><\/div>\n\n\n\n<h2 class=\"has-ast-global-color-5-color has-text-color wp-block-heading\" style=\"font-size:48px\"><strong>Not\u00edcies<\/strong><\/h2>\n\n\n\n<div style=\"height:200px\" aria-hidden=\"true\" class=\"wp-block-spacer\"><\/div>\n<\/div><\/div>\n\n\n\n<div style=\"height:100px\" aria-hidden=\"true\" class=\"wp-block-spacer\"><\/div>\n\n\n\n<div class=\"inherit-container-width wp-block-group is-layout-constrained wp-block-group-is-layout-constrained\"><div class=\"wp-block-group__inner-container\"><div class=\"wp-block-post-date\"><time datetime=\"2020-12-16T14:13:00+02:00\">16 de desembre de 2020<\/time><\/div>\n\n\n<h2 class=\"alignwide has-medium-font-size wp-block-heading\" style=\"text-transform:uppercase\"><strong>El 2020, m\u00e9s de 70.000 euros en beques per compaginar esport i estudis als EUA<\/strong><\/h2>\n\n\n\n<figure class=\"wp-block-image alignwide size-large\"><img loading=\"lazy\" decoding=\"async\" width=\"1024\" height=\"682\" src=\"https:\/\/www.fundacionrafanadal.quelinka.es\/wp-content\/uploads\/2022\/05\/fundacion-rafa-nadal-becas2020-1024x682.jpg\" alt=\"\" class=\"wp-image-7587\" srcset=\"https:\/\/fundacionrafanadal.quelinka.es\/wp-content\/uploads\/2022\/05\/fundacion-rafa-nadal-becas2020-1024x682.jpg 1024w, https:\/\/fundacionrafanadal.quelinka.es\/wp-content\/uploads\/2022\/05\/fundacion-rafa-nadal-becas2020-300x200.jpg 300w, https:\/\/fundacionrafanadal.quelinka.es\/wp-content\/uploads\/2022\/05\/fundacion-rafa-nadal-becas2020-768x512.jpg 768w, https:\/\/fundacionrafanadal.quelinka.es\/wp-content\/uploads\/2022\/05\/fundacion-rafa-nadal-becas2020.jpg 1280w\" sizes=\"auto, (max-width: 1024px) 100vw, 1024px\" \/><\/figure>\n\n\n\n<p>Al llarg de&nbsp;<strong>2020<\/strong>, i tot i la pand\u00e8mia, des de la Fundaci\u00f3 Rafa Nadal ens hem mantingut ferms en l&#8217;objectiu d&#8217;ajudar a que joves espanyols puguin&nbsp;<strong>compaginar els estudis universitaris amb els entrenaments i la competici\u00f3 esportiva a un alt nivell<\/strong>. En el marc del programa&nbsp;<strong><a href=\"https:\/\/www.fundacionrafanadal.quelinka.es\/ca\/proyecto-study-and-play.asp\" target=\"_blank\" rel=\"noreferrer noopener\">Study and Play<\/a><\/strong>, hem concedit beques per valor de&nbsp;<strong>70.000 euros<\/strong>, gr\u00e0cies a les quals 20 nois i noies han pogut entrar a una universitat d&#8217;<strong>Estats Units<\/strong>, on l&#8217;esport universitari t\u00e9 un paper destacat en la societat.<\/p>\n\n\n\n<p>Des de l&#8217;inici del programa, hem becat a al voltant de 100 joves, concedint&nbsp;<strong>ajudes econ\u00f2miques directes per valor de 360.000 euros<\/strong>; beques addicionals a les que ofereixen les mateixes universitats nord-americanes.<\/p>\n\n\n\n<p><strong>El 2020, han estat 20 els estudiants que s&#8217;han beneficiat d&#8217;aquestes beques:<\/strong>&nbsp;11 nois i 9 noies. El 70% s\u00f3n tennistes, i el 30% restant es dedica a altres disciplines com b\u00e0squet, atletisme, o futbol. Tots ells estan actualment vivint l&#8217;experi\u00e8ncia universit\u00e0ria als Estats Units: cursant majorit\u00e0riament estudis de Business o Enginyeria.<\/p>\n\n\n\n<p>Guillem \u00e9s un dels becats, i actualment aquesta compaginant la nataci\u00f3 amb la carrera d&#8217;Empresarials. &#8220;<em>\u00c9s una&nbsp;<strong>experi\u00e8ncia de pel\u00b7l\u00edcula<\/strong>, de la qual&nbsp;<strong>nom\u00e9s pots aprendre coses positives<\/strong>&nbsp;i que segur em serviran molt en el meu futur<\/em>&#8220;, explica.<\/p>\n<\/div><\/div>\n","protected":false},"excerpt":{"rendered":"<p>El 2020, m\u00e9s de 70.000 euros en beques per compaginar esport i estudis als EUA Al llarg de&nbsp;2020, i tot i la pand\u00e8mia, des de la Fundaci\u00f3 Rafa Nadal ens hem mantingut ferms en l&#8217;objectiu d&#8217;ajudar a que joves espanyols puguin&nbsp;compaginar els estudis universitaris amb els entrenaments i la competici\u00f3 esportiva a un alt nivell. [&hellip;]<\/p>\n","protected":false},"author":1,"featured_media":7590,"parent":7431,"menu_order":0,"comment_status":"closed","ping_status":"closed","template":"","meta":{"_acf_changed":false,"give_campaign_id":0,"_monsterinsights_skip_tracking":false,"_monsterinsights_sitenote_active":false,"_monsterinsights_sitenote_note":"","_monsterinsights_sitenote_category":0,"site-sidebar-layout":"default","site-content-layout":"","ast-site-content-layout":"default","site-content-style":"default","site-sidebar-style":"default","ast-global-header-display":"","ast-banner-title-visibility":"","ast-main-header-display":"","ast-hfb-above-header-display":"","ast-hfb-below-header-display":"","ast-hfb-mobile-header-display":"","site-post-title":"disabled","ast-breadcrumbs-content":"","ast-featured-img":"disabled","footer-sml-layout":"","ast-disable-related-posts":"","theme-transparent-header-meta":"","adv-header-id-meta":"","stick-header-meta":"","header-above-stick-meta":"","header-main-stick-meta":"","header-below-stick-meta":"","astra-migrate-meta-layouts":"default","ast-page-background-enabled":"default","ast-page-background-meta":{"desktop":{"background-color":"var(--ast-global-color-4)","background-image":"","background-repeat":"repeat","background-position":"center center","background-size":"auto","background-attachment":"scroll","background-type":"","background-media":"","overlay-type":"","overlay-color":"","overlay-opacity":"","overlay-gradient":""},"tablet":{"background-color":"","background-image":"","background-repeat":"repeat","background-position":"center center","background-size":"auto","background-attachment":"scroll","background-type":"","background-media":"","overlay-type":"","overlay-color":"","overlay-opacity":"","overlay-gradient":""},"mobile":{"background-color":"","background-image":"","background-repeat":"repeat","background-position":"center center","background-size":"auto","background-attachment":"scroll","background-type":"","background-media":"","overlay-type":"","overlay-color":"","overlay-opacity":"","overlay-gradient":""}},"ast-content-background-meta":{"desktop":{"background-color":"var(--ast-global-color-5)","background-image":"","background-repeat":"repeat","background-position":"center center","background-size":"auto","background-attachment":"scroll","background-type":"","background-media":"","overlay-type":"","overlay-color":"","overlay-opacity":"","overlay-gradient":""},"tablet":{"background-color":"var(--ast-global-color-5)","background-image":"","background-repeat":"repeat","background-position":"center center","background-size":"auto","background-attachment":"scroll","background-type":"","background-media":"","overlay-type":"","overlay-color":"","overlay-opacity":"","overlay-gradient":""},"mobile":{"background-color":"var(--ast-global-color-5)","background-image":"","background-repeat":"repeat","background-position":"center center","background-size":"auto","background-attachment":"scroll","background-type":"","background-media":"","overlay-type":"","overlay-color":"","overlay-opacity":"","overlay-gradient":""}},"_themeisle_gutenberg_block_has_review":false,"footnotes":""},"class_list":["post-7437","page","type-page","status-publish","has-post-thumbnail","hentry"],"acf":[],"yoast_head":"<!-- This site is optimized with the Yoast SEO plugin v26.8 - https:\/\/yoast.com\/product\/yoast-seo-wordpress\/ -->\n<title>El 2020, m\u00e9s de 70.000 euros en beques per compaginar esport i estudis als EUA - Fundaci\u00f3n Rafa Nadal<\/title>\n<meta name=\"robots\" content=\"noindex, follow, max-snippet:-1, max-image-preview:large, max-video-preview:-1\" \/>\n<meta property=\"og:locale\" content=\"ca_ES\" \/>\n<meta property=\"og:type\" content=\"article\" \/>\n<meta property=\"og:title\" content=\"El 2020, m\u00e9s de 70.000 euros en beques per compaginar esport i estudis als EUA - Fundaci\u00f3n Rafa Nadal\" \/>\n<meta property=\"og:description\" content=\"El 2020, m\u00e9s de 70.000 euros en beques per compaginar esport i estudis als EUA Al llarg de&nbsp;2020, i tot i la pand\u00e8mia, des de la Fundaci\u00f3 Rafa Nadal ens hem mantingut ferms en l&#8217;objectiu d&#8217;ajudar a que joves espanyols puguin&nbsp;compaginar els estudis universitaris amb els entrenaments i la competici\u00f3 esportiva a un alt nivell. [&hellip;]\" \/>\n<meta property=\"og:url\" content=\"https:\/\/fundacionrafanadal.quelinka.es\/ca\/coneix-nos\/noticies\/noticies-2020\/el-2020-mes-de-70-000-euros-en-beques-per-compaginar-esport-i-estudis-als-eua\/\" \/>\n<meta property=\"og:site_name\" content=\"Fundaci\u00f3n Rafa Nadal\" \/>\n<meta property=\"article:modified_time\" content=\"2022-05-30T14:22:23+00:00\" \/>\n<meta property=\"og:image\" content=\"https:\/\/fundacionrafanadal.quelinka.es\/wp-content\/uploads\/2022\/05\/fundacion-rafa-nadal-becas2020-th.jpg\" \/>\n\t<meta property=\"og:image:width\" content=\"300\" \/>\n\t<meta property=\"og:image:height\" content=\"199\" \/>\n\t<meta property=\"og:image:type\" content=\"image\/jpeg\" \/>\n<meta name=\"twitter:card\" content=\"summary_large_image\" \/>\n<meta name=\"twitter:label1\" content=\"Temps estimat de lectura\" \/>\n\t<meta name=\"twitter:data1\" content=\"2 minuts\" \/>\n<script type=\"application\/ld+json\" class=\"yoast-schema-graph\">{\"@context\":\"https:\/\/schema.org\",\"@graph\":[{\"@type\":\"WebPage\",\"@id\":\"https:\/\/fundacionrafanadal.quelinka.es\/ca\/coneix-nos\/noticies\/noticies-2020\/el-2020-mes-de-70-000-euros-en-beques-per-compaginar-esport-i-estudis-als-eua\/\",\"url\":\"https:\/\/fundacionrafanadal.quelinka.es\/ca\/coneix-nos\/noticies\/noticies-2020\/el-2020-mes-de-70-000-euros-en-beques-per-compaginar-esport-i-estudis-als-eua\/\",\"name\":\"El 2020, m\u00e9s de 70.000 euros en beques per compaginar esport i estudis als EUA - Fundaci\u00f3n Rafa Nadal\",\"isPartOf\":{\"@id\":\"https:\/\/fundacionrafanadal.quelinka.es\/ca\/#website\"},\"primaryImageOfPage\":{\"@id\":\"https:\/\/fundacionrafanadal.quelinka.es\/ca\/coneix-nos\/noticies\/noticies-2020\/el-2020-mes-de-70-000-euros-en-beques-per-compaginar-esport-i-estudis-als-eua\/#primaryimage\"},\"image\":{\"@id\":\"https:\/\/fundacionrafanadal.quelinka.es\/ca\/coneix-nos\/noticies\/noticies-2020\/el-2020-mes-de-70-000-euros-en-beques-per-compaginar-esport-i-estudis-als-eua\/#primaryimage\"},\"thumbnailUrl\":\"https:\/\/fundacionrafanadal.quelinka.es\/wp-content\/uploads\/2022\/05\/fundacion-rafa-nadal-becas2020-th.jpg\",\"datePublished\":\"2020-12-16T14:13:00+00:00\",\"dateModified\":\"2022-05-30T14:22:23+00:00\",\"breadcrumb\":{\"@id\":\"https:\/\/fundacionrafanadal.quelinka.es\/ca\/coneix-nos\/noticies\/noticies-2020\/el-2020-mes-de-70-000-euros-en-beques-per-compaginar-esport-i-estudis-als-eua\/#breadcrumb\"},\"inLanguage\":\"ca\",\"potentialAction\":[{\"@type\":\"ReadAction\",\"target\":[\"https:\/\/fundacionrafanadal.quelinka.es\/ca\/coneix-nos\/noticies\/noticies-2020\/el-2020-mes-de-70-000-euros-en-beques-per-compaginar-esport-i-estudis-als-eua\/\"]}]},{\"@type\":\"ImageObject\",\"inLanguage\":\"ca\",\"@id\":\"https:\/\/fundacionrafanadal.quelinka.es\/ca\/coneix-nos\/noticies\/noticies-2020\/el-2020-mes-de-70-000-euros-en-beques-per-compaginar-esport-i-estudis-als-eua\/#primaryimage\",\"url\":\"https:\/\/fundacionrafanadal.quelinka.es\/wp-content\/uploads\/2022\/05\/fundacion-rafa-nadal-becas2020-th.jpg\",\"contentUrl\":\"https:\/\/fundacionrafanadal.quelinka.es\/wp-content\/uploads\/2022\/05\/fundacion-rafa-nadal-becas2020-th.jpg\",\"width\":300,\"height\":199},{\"@type\":\"BreadcrumbList\",\"@id\":\"https:\/\/fundacionrafanadal.quelinka.es\/ca\/coneix-nos\/noticies\/noticies-2020\/el-2020-mes-de-70-000-euros-en-beques-per-compaginar-esport-i-estudis-als-eua\/#breadcrumb\",\"itemListElement\":[{\"@type\":\"ListItem\",\"position\":1,\"name\":\"Portada\",\"item\":\"https:\/\/fundacionrafanadal.quelinka.es\/ca\/\"},{\"@type\":\"ListItem\",\"position\":2,\"name\":\"Coneix-nos\",\"item\":\"https:\/\/fundacionrafanadal.quelinka.es\/ca\/conocenos\/\"},{\"@type\":\"ListItem\",\"position\":3,\"name\":\"Not\u00edcies\",\"item\":\"https:\/\/fundacionrafanadal.quelinka.es\/ca\/conocenos\/noticias\/\"},{\"@type\":\"ListItem\",\"position\":4,\"name\":\"Not\u00edcies 2020\",\"item\":\"https:\/\/fundacionrafanadal.quelinka.es\/ca\/coneix-nos\/noticies\/noticies-2020\/\"},{\"@type\":\"ListItem\",\"position\":5,\"name\":\"El 2020, m\u00e9s de 70.000 euros en beques per compaginar esport i estudis als EUA\"}]},{\"@type\":\"WebSite\",\"@id\":\"https:\/\/fundacionrafanadal.quelinka.es\/ca\/#website\",\"url\":\"https:\/\/fundacionrafanadal.quelinka.es\/ca\/\",\"name\":\"Fundaci\u00f3n Rafa Nadal\",\"description\":\"A trav\u00e9s del deporte y la educaci\u00f3n, promovemos la integraci\u00f3n y el desarrollo personal y social de ni\u00f1os y j\u00f3venes. En Espa\u00f1a y la India.\",\"publisher\":{\"@id\":\"https:\/\/fundacionrafanadal.quelinka.es\/ca\/#organization\"},\"potentialAction\":[{\"@type\":\"SearchAction\",\"target\":{\"@type\":\"EntryPoint\",\"urlTemplate\":\"https:\/\/fundacionrafanadal.quelinka.es\/ca\/?s={search_term_string}\"},\"query-input\":{\"@type\":\"PropertyValueSpecification\",\"valueRequired\":true,\"valueName\":\"search_term_string\"}}],\"inLanguage\":\"ca\"},{\"@type\":\"Organization\",\"@id\":\"https:\/\/fundacionrafanadal.quelinka.es\/ca\/#organization\",\"name\":\"Fundaci\u00f3n Rafa Nadal\",\"url\":\"https:\/\/fundacionrafanadal.quelinka.es\/ca\/\",\"logo\":{\"@type\":\"ImageObject\",\"inLanguage\":\"ca\",\"@id\":\"https:\/\/fundacionrafanadal.quelinka.es\/ca\/#\/schema\/logo\/image\/\",\"url\":\"https:\/\/fundacionrafanadal.quelinka.es\/wp-content\/uploads\/2022\/09\/logo-frn-web-3.png\",\"contentUrl\":\"https:\/\/fundacionrafanadal.quelinka.es\/wp-content\/uploads\/2022\/09\/logo-frn-web-3.png\",\"width\":551,\"height\":140,\"caption\":\"Fundaci\u00f3n Rafa Nadal\"},\"image\":{\"@id\":\"https:\/\/fundacionrafanadal.quelinka.es\/ca\/#\/schema\/logo\/image\/\"}}]}<\/script>\n<!-- \/ Yoast SEO plugin. -->","yoast_head_json":{"title":"El 2020, m\u00e9s de 70.000 euros en beques per compaginar esport i estudis als EUA - Fundaci\u00f3n Rafa Nadal","robots":{"index":"noindex","follow":"follow","max-snippet":"max-snippet:-1","max-image-preview":"max-image-preview:large","max-video-preview":"max-video-preview:-1"},"og_locale":"ca_ES","og_type":"article","og_title":"El 2020, m\u00e9s de 70.000 euros en beques per compaginar esport i estudis als EUA - Fundaci\u00f3n Rafa Nadal","og_description":"El 2020, m\u00e9s de 70.000 euros en beques per compaginar esport i estudis als EUA Al llarg de&nbsp;2020, i tot i la pand\u00e8mia, des de la Fundaci\u00f3 Rafa Nadal ens hem mantingut ferms en l&#8217;objectiu d&#8217;ajudar a que joves espanyols puguin&nbsp;compaginar els estudis universitaris amb els entrenaments i la competici\u00f3 esportiva a un alt nivell. [&hellip;]","og_url":"https:\/\/fundacionrafanadal.quelinka.es\/ca\/coneix-nos\/noticies\/noticies-2020\/el-2020-mes-de-70-000-euros-en-beques-per-compaginar-esport-i-estudis-als-eua\/","og_site_name":"Fundaci\u00f3n Rafa Nadal","article_modified_time":"2022-05-30T14:22:23+00:00","og_image":[{"width":300,"height":199,"url":"https:\/\/fundacionrafanadal.quelinka.es\/wp-content\/uploads\/2022\/05\/fundacion-rafa-nadal-becas2020-th.jpg","type":"image\/jpeg"}],"twitter_card":"summary_large_image","twitter_misc":{"Temps estimat de lectura":"2 minuts"},"schema":{"@context":"https:\/\/schema.org","@graph":[{"@type":"WebPage","@id":"https:\/\/fundacionrafanadal.quelinka.es\/ca\/coneix-nos\/noticies\/noticies-2020\/el-2020-mes-de-70-000-euros-en-beques-per-compaginar-esport-i-estudis-als-eua\/","url":"https:\/\/fundacionrafanadal.quelinka.es\/ca\/coneix-nos\/noticies\/noticies-2020\/el-2020-mes-de-70-000-euros-en-beques-per-compaginar-esport-i-estudis-als-eua\/","name":"El 2020, m\u00e9s de 70.000 euros en beques per compaginar esport i estudis als EUA - Fundaci\u00f3n Rafa Nadal","isPartOf":{"@id":"https:\/\/fundacionrafanadal.quelinka.es\/ca\/#website"},"primaryImageOfPage":{"@id":"https:\/\/fundacionrafanadal.quelinka.es\/ca\/coneix-nos\/noticies\/noticies-2020\/el-2020-mes-de-70-000-euros-en-beques-per-compaginar-esport-i-estudis-als-eua\/#primaryimage"},"image":{"@id":"https:\/\/fundacionrafanadal.quelinka.es\/ca\/coneix-nos\/noticies\/noticies-2020\/el-2020-mes-de-70-000-euros-en-beques-per-compaginar-esport-i-estudis-als-eua\/#primaryimage"},"thumbnailUrl":"https:\/\/fundacionrafanadal.quelinka.es\/wp-content\/uploads\/2022\/05\/fundacion-rafa-nadal-becas2020-th.jpg","datePublished":"2020-12-16T14:13:00+00:00","dateModified":"2022-05-30T14:22:23+00:00","breadcrumb":{"@id":"https:\/\/fundacionrafanadal.quelinka.es\/ca\/coneix-nos\/noticies\/noticies-2020\/el-2020-mes-de-70-000-euros-en-beques-per-compaginar-esport-i-estudis-als-eua\/#breadcrumb"},"inLanguage":"ca","potentialAction":[{"@type":"ReadAction","target":["https:\/\/fundacionrafanadal.quelinka.es\/ca\/coneix-nos\/noticies\/noticies-2020\/el-2020-mes-de-70-000-euros-en-beques-per-compaginar-esport-i-estudis-als-eua\/"]}]},{"@type":"ImageObject","inLanguage":"ca","@id":"https:\/\/fundacionrafanadal.quelinka.es\/ca\/coneix-nos\/noticies\/noticies-2020\/el-2020-mes-de-70-000-euros-en-beques-per-compaginar-esport-i-estudis-als-eua\/#primaryimage","url":"https:\/\/fundacionrafanadal.quelinka.es\/wp-content\/uploads\/2022\/05\/fundacion-rafa-nadal-becas2020-th.jpg","contentUrl":"https:\/\/fundacionrafanadal.quelinka.es\/wp-content\/uploads\/2022\/05\/fundacion-rafa-nadal-becas2020-th.jpg","width":300,"height":199},{"@type":"BreadcrumbList","@id":"https:\/\/fundacionrafanadal.quelinka.es\/ca\/coneix-nos\/noticies\/noticies-2020\/el-2020-mes-de-70-000-euros-en-beques-per-compaginar-esport-i-estudis-als-eua\/#breadcrumb","itemListElement":[{"@type":"ListItem","position":1,"name":"Portada","item":"https:\/\/fundacionrafanadal.quelinka.es\/ca\/"},{"@type":"ListItem","position":2,"name":"Coneix-nos","item":"https:\/\/fundacionrafanadal.quelinka.es\/ca\/conocenos\/"},{"@type":"ListItem","position":3,"name":"Not\u00edcies","item":"https:\/\/fundacionrafanadal.quelinka.es\/ca\/conocenos\/noticias\/"},{"@type":"ListItem","position":4,"name":"Not\u00edcies 2020","item":"https:\/\/fundacionrafanadal.quelinka.es\/ca\/coneix-nos\/noticies\/noticies-2020\/"},{"@type":"ListItem","position":5,"name":"El 2020, m\u00e9s de 70.000 euros en beques per compaginar esport i estudis als EUA"}]},{"@type":"WebSite","@id":"https:\/\/fundacionrafanadal.quelinka.es\/ca\/#website","url":"https:\/\/fundacionrafanadal.quelinka.es\/ca\/","name":"Fundaci\u00f3n Rafa Nadal","description":"A trav\u00e9s del deporte y la educaci\u00f3n, promovemos la integraci\u00f3n y el desarrollo personal y social de ni\u00f1os y j\u00f3venes. En Espa\u00f1a y la India.","publisher":{"@id":"https:\/\/fundacionrafanadal.quelinka.es\/ca\/#organization"},"potentialAction":[{"@type":"SearchAction","target":{"@type":"EntryPoint","urlTemplate":"https:\/\/fundacionrafanadal.quelinka.es\/ca\/?s={search_term_string}"},"query-input":{"@type":"PropertyValueSpecification","valueRequired":true,"valueName":"search_term_string"}}],"inLanguage":"ca"},{"@type":"Organization","@id":"https:\/\/fundacionrafanadal.quelinka.es\/ca\/#organization","name":"Fundaci\u00f3n Rafa Nadal","url":"https:\/\/fundacionrafanadal.quelinka.es\/ca\/","logo":{"@type":"ImageObject","inLanguage":"ca","@id":"https:\/\/fundacionrafanadal.quelinka.es\/ca\/#\/schema\/logo\/image\/","url":"https:\/\/fundacionrafanadal.quelinka.es\/wp-content\/uploads\/2022\/09\/logo-frn-web-3.png","contentUrl":"https:\/\/fundacionrafanadal.quelinka.es\/wp-content\/uploads\/2022\/09\/logo-frn-web-3.png","width":551,"height":140,"caption":"Fundaci\u00f3n Rafa Nadal"},"image":{"@id":"https:\/\/fundacionrafanadal.quelinka.es\/ca\/#\/schema\/logo\/image\/"}}]}},"campaignId":"","_links":{"self":[{"href":"https:\/\/fundacionrafanadal.quelinka.es\/ca\/wp-json\/wp\/v2\/pages\/7437","targetHints":{"allow":["GET"]}}],"collection":[{"href":"https:\/\/fundacionrafanadal.quelinka.es\/ca\/wp-json\/wp\/v2\/pages"}],"about":[{"href":"https:\/\/fundacionrafanadal.quelinka.es\/ca\/wp-json\/wp\/v2\/types\/page"}],"author":[{"embeddable":true,"href":"https:\/\/fundacionrafanadal.quelinka.es\/ca\/wp-json\/wp\/v2\/users\/1"}],"replies":[{"embeddable":true,"href":"https:\/\/fundacionrafanadal.quelinka.es\/ca\/wp-json\/wp\/v2\/comments?post=7437"}],"version-history":[{"count":1,"href":"https:\/\/fundacionrafanadal.quelinka.es\/ca\/wp-json\/wp\/v2\/pages\/7437\/revisions"}],"predecessor-version":[{"id":7605,"href":"https:\/\/fundacionrafanadal.quelinka.es\/ca\/wp-json\/wp\/v2\/pages\/7437\/revisions\/7605"}],"up":[{"embeddable":true,"href":"https:\/\/fundacionrafanadal.quelinka.es\/ca\/wp-json\/wp\/v2\/pages\/7431"}],"wp:featuredmedia":[{"embeddable":true,"href":"https:\/\/fundacionrafanadal.quelinka.es\/ca\/wp-json\/wp\/v2\/media\/7590"}],"wp:attachment":[{"href":"https:\/\/fundacionrafanadal.quelinka.es\/ca\/wp-json\/wp\/v2\/media?parent=7437"}],"curies":[{"name":"wp","href":"https:\/\/api.w.org\/{rel}","templated":true}]}}