{"id":7727,"date":"2020-09-23T13:33:00","date_gmt":"2020-09-23T13:33:00","guid":{"rendered":"https:\/\/www.fundacionrafanadal.org\/?page_id=7727"},"modified":"2022-05-31T13:36:41","modified_gmt":"2022-05-31T13:36:41","slug":"rafa-nadal-collaborara-amb-el-banc-daliments-de-mallorca-a-traves-de-la-seva-fundacio-i-de-la-seva-academia","status":"publish","type":"page","link":"https:\/\/fundacionrafanadal.quelinka.es\/ca\/coneix-nos\/noticies\/noticies-2020\/rafa-nadal-collaborara-amb-el-banc-daliments-de-mallorca-a-traves-de-la-seva-fundacio-i-de-la-seva-academia\/","title":{"rendered":"Rafa Nadal col\u00b7laborar\u00e0 amb el Banc d&#8217;Aliments de Mallorca a trav\u00e9s de la seva fundaci\u00f3 i de la seva acad\u00e8mia"},"content":{"rendered":"\n<div class=\"wp-block-media-text alignfull is-stacked-on-mobile is-image-fill has-background\" style=\"background-color:#ddac31\"><figure class=\"wp-block-media-text__media\" style=\"background-image:url(https:\/\/www.fundacionrafanadal.quelinka.es\/wp-content\/uploads\/2022\/07\/ISM08879.png);background-position:50% 50%\"><img loading=\"lazy\" decoding=\"async\" width=\"900\" height=\"399\" src=\"https:\/\/www.fundacionrafanadal.quelinka.es\/wp-content\/uploads\/2022\/07\/ISM08879.png\" alt=\"\" class=\"wp-image-9879 size-full\" srcset=\"https:\/\/fundacionrafanadal.quelinka.es\/wp-content\/uploads\/2022\/07\/ISM08879.png 900w, https:\/\/fundacionrafanadal.quelinka.es\/wp-content\/uploads\/2022\/07\/ISM08879-300x133.png 300w, https:\/\/fundacionrafanadal.quelinka.es\/wp-content\/uploads\/2022\/07\/ISM08879-768x340.png 768w\" sizes=\"auto, (max-width: 900px) 100vw, 900px\" \/><\/figure><div class=\"wp-block-media-text__content\">\n<div style=\"height:30px\" aria-hidden=\"true\" class=\"wp-block-spacer\"><\/div>\n\n\n\n<h2 class=\"has-ast-global-color-5-color has-text-color wp-block-heading\" style=\"font-size:48px\"><strong>Not\u00edcies<\/strong><\/h2>\n\n\n\n<div style=\"height:200px\" aria-hidden=\"true\" class=\"wp-block-spacer\"><\/div>\n<\/div><\/div>\n\n\n\n<div style=\"height:100px\" aria-hidden=\"true\" class=\"wp-block-spacer\"><\/div>\n\n\n\n<div class=\"inherit-container-width wp-block-group is-layout-constrained wp-block-group-is-layout-constrained\"><div class=\"wp-block-group__inner-container\"><div class=\"wp-block-post-date\"><time datetime=\"2020-09-23T13:33:00+02:00\">23 de setembre de 2020<\/time><\/div>\n\n\n<h2 class=\"alignwide has-medium-font-size wp-block-heading\" style=\"text-transform:uppercase\"><strong>Rafa Nadal col\u00b7laborar\u00e0 amb el Banc d&#8217;Aliments de Mallorca a trav\u00e9s de la seva fundaci\u00f3 i de la seva acad\u00e8mia<\/strong><\/h2>\n\n\n\n<figure class=\"wp-block-image alignwide size-large\"><img loading=\"lazy\" decoding=\"async\" width=\"1024\" height=\"484\" src=\"https:\/\/www.fundacionrafanadal.quelinka.es\/wp-content\/uploads\/2022\/05\/2020-banco-alimentos-1024x484.jpg\" alt=\"\" class=\"wp-image-7449\" srcset=\"https:\/\/fundacionrafanadal.quelinka.es\/wp-content\/uploads\/2022\/05\/2020-banco-alimentos-1024x484.jpg 1024w, https:\/\/fundacionrafanadal.quelinka.es\/wp-content\/uploads\/2022\/05\/2020-banco-alimentos-300x142.jpg 300w, https:\/\/fundacionrafanadal.quelinka.es\/wp-content\/uploads\/2022\/05\/2020-banco-alimentos-768x363.jpg 768w, https:\/\/fundacionrafanadal.quelinka.es\/wp-content\/uploads\/2022\/05\/2020-banco-alimentos-1536x727.jpg 1536w, https:\/\/fundacionrafanadal.quelinka.es\/wp-content\/uploads\/2022\/05\/2020-banco-alimentos.jpg 1600w\" sizes=\"auto, (max-width: 1024px) 100vw, 1024px\" \/><\/figure>\n\n\n\n<p>El tennista&nbsp;<strong>Rafa Nadal<\/strong>, nomenat recentment&nbsp;<strong>ambaixador honor\u00edfic del Banc d&#8217;Aliments de Mallorca<\/strong>, col\u00b7laborar\u00e0 amb aquesta entitat a trav\u00e9s de la seva fundaci\u00f3 i de la seva acad\u00e8mia, amb la voluntat de contribuir a que les fam\u00edlies i persones en situaci\u00f3 de precarietat puguin&nbsp;<strong>satisfer una necessitat tan b\u00e0sica com \u00e9s l&#8217;alimentaci\u00f3<\/strong>.<\/p>\n\n\n\n<p>Rafa Nadal: \u201c<em>Des de la meva fundaci\u00f3 i des de l&#8217;acad\u00e8mia ens sumem a la labor del Banc d&#8217;Aliments. Entenem que la labor que realitza aquesta instituci\u00f3 \u00e9s molt important sempre, per\u00f2 m\u00e9s encara avui dia amb la situaci\u00f3 que tenim actualment, per tots coneguda<\/em>.\u201d<\/p>\n\n\n\n<p>A causa de la crisi sanit\u00e0ria, social i econ\u00f2mica que estem vivint degut a la pand\u00e8mia, a Mallorca s\u00f3n ja m\u00e9s de&nbsp;<strong>25.000 les persones<\/strong>&nbsp;que reben productes alimentaris per part del Banc d&#8217;Aliments, un 24% m\u00e9s que a l&#8217;inici de l&#8217;any.<\/p>\n\n\n\n<p>D&#8217;una banda, la&nbsp;<strong>Fundaci\u00f3 Rafa Nadal far\u00e0 una donaci\u00f3 equivalent a 3.000 kg de menjar<\/strong>&nbsp;en productes de primera necessitat. \u201c<em>El Banc d&#8217;Aliments de Mallorca duu a terme des de fa anys una&nbsp;<\/em><em>magn\u00edfica<\/em><em>&nbsp;labor, m\u00e9s necess\u00e0ria que mai. \u00c9s una satisfacci\u00f3 poder contribuir&nbsp;<\/em><em>a<\/em><em>&nbsp;que persones del nostre entorn puguin comptar amb aquesta ajuda en alimentaci\u00f3<\/em>\u201d, explica Maria Francisca Perell\u00f3, Directora de la Fundaci\u00f3 Rafa Nadal.<\/p>\n\n\n\n<p>La Fundaci\u00f3, que enguany celebra el seu 10\u00e8 aniversari, contribueix tamb\u00e9 a fomentar una alimentaci\u00f3 sana i regular en nens i joves en el marc dels seus projectes. Tal \u00e9s el cas del&nbsp;<strong><a href=\"https:\/\/www.fundacionrafanadal.quelinka.es\/ca\/proyecto-centro-fundacion-rafa-nadal.asp\" target=\"_blank\" rel=\"noreferrer noopener\">Centre Fundaci\u00f3 Rafa Nadal de Palma<\/a><\/strong>, situat en el barri de la&nbsp;Soledat, on s&#8217;atenen 250 menors vulnerables des de l&#8217;\u00e0mbit esportiu, educatiu i psicoterap\u00e8utic, incloent a m\u00e9s el refor\u00e7 nutricional.<\/p>\n\n\n\n<p>Paral\u00b7lelament, la&nbsp;<strong><a href=\"https:\/\/www.rafanadalacademy.com\/nosotros\" target=\"_blank\" rel=\"noreferrer noopener\">Rafa Nadal&nbsp;Academy&nbsp;by&nbsp;Movistar<\/a><\/strong>&nbsp;t\u00e9 previst dur a terme&nbsp;<strong>accions de recaptaci\u00f3 d&#8217;aliments<\/strong>&nbsp;en diferents moments de l&#8217;any, fomentant tamb\u00e9 el voluntariat com a part del programa formatiu i educatiu dels seus jugadors.<\/p>\n\n\n\n<p>\u201c<em>\u00c9s un honor per a la Fundaci\u00f3 Banc d&#8217;Aliments de Mallorca que Rafa Nadal hagi acceptat ser el nostre ambaixador honor\u00edfic; el primer en aquests 25 anys.&nbsp;<strong>Valorem molt la seva immensa qualitat humana<\/strong>,&nbsp;<\/em><em>accentuada en aquests temps que ens toca viure<\/em>\u201d, afirma Raimundo de&nbsp;Montis, President de l&#8217;entitat.<\/p>\n\n\n\n<p>El&nbsp;<strong>Banc d&#8217;Aliments de Mallorca<\/strong>&nbsp;\u00e9s una fundaci\u00f3 sense \u00e0nim de lucre que des de 1995 treballa amb la finalitat d&#8217;ajudar a les persones que resideixen a Mallorca i que per l&#8217;una o l&#8217;altra ra\u00f3 necessiten&nbsp;<strong>suport per a cobrir la seva necessitat m\u00e9s b\u00e0sica, alimentar-se<\/strong>.<\/p>\n<\/div><\/div>\n","protected":false},"excerpt":{"rendered":"<p>Rafa Nadal col\u00b7laborar\u00e0 amb el Banc d&#8217;Aliments de Mallorca a trav\u00e9s de la seva fundaci\u00f3 i de la seva acad\u00e8mia El tennista&nbsp;Rafa Nadal, nomenat recentment&nbsp;ambaixador honor\u00edfic del Banc d&#8217;Aliments de Mallorca, col\u00b7laborar\u00e0 amb aquesta entitat a trav\u00e9s de la seva fundaci\u00f3 i de la seva acad\u00e8mia, amb la voluntat de contribuir a que les fam\u00edlies [&hellip;]<\/p>\n","protected":false},"author":1,"featured_media":7452,"parent":7431,"menu_order":0,"comment_status":"closed","ping_status":"closed","template":"","meta":{"_acf_changed":false,"give_campaign_id":0,"_monsterinsights_skip_tracking":false,"_monsterinsights_sitenote_active":false,"_monsterinsights_sitenote_note":"","_monsterinsights_sitenote_category":0,"site-sidebar-layout":"default","site-content-layout":"","ast-site-content-layout":"default","site-content-style":"default","site-sidebar-style":"default","ast-global-header-display":"","ast-banner-title-visibility":"","ast-main-header-display":"","ast-hfb-above-header-display":"","ast-hfb-below-header-display":"","ast-hfb-mobile-header-display":"","site-post-title":"disabled","ast-breadcrumbs-content":"","ast-featured-img":"disabled","footer-sml-layout":"","ast-disable-related-posts":"","theme-transparent-header-meta":"","adv-header-id-meta":"","stick-header-meta":"","header-above-stick-meta":"","header-main-stick-meta":"","header-below-stick-meta":"","astra-migrate-meta-layouts":"default","ast-page-background-enabled":"default","ast-page-background-meta":{"desktop":{"background-color":"var(--ast-global-color-4)","background-image":"","background-repeat":"repeat","background-position":"center center","background-size":"auto","background-attachment":"scroll","background-type":"","background-media":"","overlay-type":"","overlay-color":"","overlay-opacity":"","overlay-gradient":""},"tablet":{"background-color":"","background-image":"","background-repeat":"repeat","background-position":"center center","background-size":"auto","background-attachment":"scroll","background-type":"","background-media":"","overlay-type":"","overlay-color":"","overlay-opacity":"","overlay-gradient":""},"mobile":{"background-color":"","background-image":"","background-repeat":"repeat","background-position":"center center","background-size":"auto","background-attachment":"scroll","background-type":"","background-media":"","overlay-type":"","overlay-color":"","overlay-opacity":"","overlay-gradient":""}},"ast-content-background-meta":{"desktop":{"background-color":"var(--ast-global-color-5)","background-image":"","background-repeat":"repeat","background-position":"center center","background-size":"auto","background-attachment":"scroll","background-type":"","background-media":"","overlay-type":"","overlay-color":"","overlay-opacity":"","overlay-gradient":""},"tablet":{"background-color":"var(--ast-global-color-5)","background-image":"","background-repeat":"repeat","background-position":"center center","background-size":"auto","background-attachment":"scroll","background-type":"","background-media":"","overlay-type":"","overlay-color":"","overlay-opacity":"","overlay-gradient":""},"mobile":{"background-color":"var(--ast-global-color-5)","background-image":"","background-repeat":"repeat","background-position":"center center","background-size":"auto","background-attachment":"scroll","background-type":"","background-media":"","overlay-type":"","overlay-color":"","overlay-opacity":"","overlay-gradient":""}},"_themeisle_gutenberg_block_has_review":false,"footnotes":""},"class_list":["post-7727","page","type-page","status-publish","has-post-thumbnail","hentry"],"acf":[],"yoast_head":"<!-- This site is optimized with the Yoast SEO plugin v26.8 - https:\/\/yoast.com\/product\/yoast-seo-wordpress\/ -->\n<title>Rafa Nadal col\u00b7laborar\u00e0 amb el Banc d&#039;Aliments de Mallorca a trav\u00e9s de la seva fundaci\u00f3 i de la seva acad\u00e8mia - Fundaci\u00f3n Rafa Nadal<\/title>\n<meta name=\"robots\" content=\"noindex, follow, max-snippet:-1, max-image-preview:large, max-video-preview:-1\" \/>\n<meta property=\"og:locale\" content=\"ca_ES\" \/>\n<meta property=\"og:type\" content=\"article\" \/>\n<meta property=\"og:title\" content=\"Rafa Nadal col\u00b7laborar\u00e0 amb el Banc d&#039;Aliments de Mallorca a trav\u00e9s de la seva fundaci\u00f3 i de la seva acad\u00e8mia - Fundaci\u00f3n Rafa Nadal\" \/>\n<meta property=\"og:description\" content=\"Rafa Nadal col\u00b7laborar\u00e0 amb el Banc d&#8217;Aliments de Mallorca a trav\u00e9s de la seva fundaci\u00f3 i de la seva acad\u00e8mia El tennista&nbsp;Rafa Nadal, nomenat recentment&nbsp;ambaixador honor\u00edfic del Banc d&#8217;Aliments de Mallorca, col\u00b7laborar\u00e0 amb aquesta entitat a trav\u00e9s de la seva fundaci\u00f3 i de la seva acad\u00e8mia, amb la voluntat de contribuir a que les fam\u00edlies [&hellip;]\" \/>\n<meta property=\"og:url\" content=\"https:\/\/fundacionrafanadal.quelinka.es\/ca\/coneix-nos\/noticies\/noticies-2020\/rafa-nadal-collaborara-amb-el-banc-daliments-de-mallorca-a-traves-de-la-seva-fundacio-i-de-la-seva-academia\/\" \/>\n<meta property=\"og:site_name\" content=\"Fundaci\u00f3n Rafa Nadal\" \/>\n<meta property=\"article:modified_time\" content=\"2022-05-31T13:36:41+00:00\" \/>\n<meta property=\"og:image\" content=\"https:\/\/fundacionrafanadal.quelinka.es\/wp-content\/uploads\/2022\/05\/2020-banco-alimentos-th.jpg\" \/>\n\t<meta property=\"og:image:width\" content=\"300\" \/>\n\t<meta property=\"og:image:height\" content=\"199\" \/>\n\t<meta property=\"og:image:type\" content=\"image\/jpeg\" \/>\n<meta name=\"twitter:card\" content=\"summary_large_image\" \/>\n<meta name=\"twitter:label1\" content=\"Temps estimat de lectura\" \/>\n\t<meta name=\"twitter:data1\" content=\"3 minuts\" \/>\n<script type=\"application\/ld+json\" class=\"yoast-schema-graph\">{\"@context\":\"https:\/\/schema.org\",\"@graph\":[{\"@type\":\"WebPage\",\"@id\":\"https:\/\/fundacionrafanadal.quelinka.es\/ca\/coneix-nos\/noticies\/noticies-2020\/rafa-nadal-collaborara-amb-el-banc-daliments-de-mallorca-a-traves-de-la-seva-fundacio-i-de-la-seva-academia\/\",\"url\":\"https:\/\/fundacionrafanadal.quelinka.es\/ca\/coneix-nos\/noticies\/noticies-2020\/rafa-nadal-collaborara-amb-el-banc-daliments-de-mallorca-a-traves-de-la-seva-fundacio-i-de-la-seva-academia\/\",\"name\":\"Rafa Nadal col\u00b7laborar\u00e0 amb el Banc d'Aliments de Mallorca a trav\u00e9s de la seva fundaci\u00f3 i de la seva acad\u00e8mia - Fundaci\u00f3n Rafa Nadal\",\"isPartOf\":{\"@id\":\"https:\/\/fundacionrafanadal.quelinka.es\/ca\/#website\"},\"primaryImageOfPage\":{\"@id\":\"https:\/\/fundacionrafanadal.quelinka.es\/ca\/coneix-nos\/noticies\/noticies-2020\/rafa-nadal-collaborara-amb-el-banc-daliments-de-mallorca-a-traves-de-la-seva-fundacio-i-de-la-seva-academia\/#primaryimage\"},\"image\":{\"@id\":\"https:\/\/fundacionrafanadal.quelinka.es\/ca\/coneix-nos\/noticies\/noticies-2020\/rafa-nadal-collaborara-amb-el-banc-daliments-de-mallorca-a-traves-de-la-seva-fundacio-i-de-la-seva-academia\/#primaryimage\"},\"thumbnailUrl\":\"https:\/\/fundacionrafanadal.quelinka.es\/wp-content\/uploads\/2022\/05\/2020-banco-alimentos-th.jpg\",\"datePublished\":\"2020-09-23T13:33:00+00:00\",\"dateModified\":\"2022-05-31T13:36:41+00:00\",\"breadcrumb\":{\"@id\":\"https:\/\/fundacionrafanadal.quelinka.es\/ca\/coneix-nos\/noticies\/noticies-2020\/rafa-nadal-collaborara-amb-el-banc-daliments-de-mallorca-a-traves-de-la-seva-fundacio-i-de-la-seva-academia\/#breadcrumb\"},\"inLanguage\":\"ca\",\"potentialAction\":[{\"@type\":\"ReadAction\",\"target\":[\"https:\/\/fundacionrafanadal.quelinka.es\/ca\/coneix-nos\/noticies\/noticies-2020\/rafa-nadal-collaborara-amb-el-banc-daliments-de-mallorca-a-traves-de-la-seva-fundacio-i-de-la-seva-academia\/\"]}]},{\"@type\":\"ImageObject\",\"inLanguage\":\"ca\",\"@id\":\"https:\/\/fundacionrafanadal.quelinka.es\/ca\/coneix-nos\/noticies\/noticies-2020\/rafa-nadal-collaborara-amb-el-banc-daliments-de-mallorca-a-traves-de-la-seva-fundacio-i-de-la-seva-academia\/#primaryimage\",\"url\":\"https:\/\/fundacionrafanadal.quelinka.es\/wp-content\/uploads\/2022\/05\/2020-banco-alimentos-th.jpg\",\"contentUrl\":\"https:\/\/fundacionrafanadal.quelinka.es\/wp-content\/uploads\/2022\/05\/2020-banco-alimentos-th.jpg\",\"width\":300,\"height\":199},{\"@type\":\"BreadcrumbList\",\"@id\":\"https:\/\/fundacionrafanadal.quelinka.es\/ca\/coneix-nos\/noticies\/noticies-2020\/rafa-nadal-collaborara-amb-el-banc-daliments-de-mallorca-a-traves-de-la-seva-fundacio-i-de-la-seva-academia\/#breadcrumb\",\"itemListElement\":[{\"@type\":\"ListItem\",\"position\":1,\"name\":\"Portada\",\"item\":\"https:\/\/fundacionrafanadal.quelinka.es\/ca\/\"},{\"@type\":\"ListItem\",\"position\":2,\"name\":\"Coneix-nos\",\"item\":\"https:\/\/fundacionrafanadal.quelinka.es\/ca\/conocenos\/\"},{\"@type\":\"ListItem\",\"position\":3,\"name\":\"Not\u00edcies\",\"item\":\"https:\/\/fundacionrafanadal.quelinka.es\/ca\/conocenos\/noticias\/\"},{\"@type\":\"ListItem\",\"position\":4,\"name\":\"Not\u00edcies 2020\",\"item\":\"https:\/\/fundacionrafanadal.quelinka.es\/ca\/coneix-nos\/noticies\/noticies-2020\/\"},{\"@type\":\"ListItem\",\"position\":5,\"name\":\"Rafa Nadal col\u00b7laborar\u00e0 amb el Banc d&#8217;Aliments de Mallorca a trav\u00e9s de la seva fundaci\u00f3 i de la seva acad\u00e8mia\"}]},{\"@type\":\"WebSite\",\"@id\":\"https:\/\/fundacionrafanadal.quelinka.es\/ca\/#website\",\"url\":\"https:\/\/fundacionrafanadal.quelinka.es\/ca\/\",\"name\":\"Fundaci\u00f3n Rafa Nadal\",\"description\":\"A trav\u00e9s del deporte y la educaci\u00f3n, promovemos la integraci\u00f3n y el desarrollo personal y social de ni\u00f1os y j\u00f3venes. En Espa\u00f1a y la India.\",\"publisher\":{\"@id\":\"https:\/\/fundacionrafanadal.quelinka.es\/ca\/#organization\"},\"potentialAction\":[{\"@type\":\"SearchAction\",\"target\":{\"@type\":\"EntryPoint\",\"urlTemplate\":\"https:\/\/fundacionrafanadal.quelinka.es\/ca\/?s={search_term_string}\"},\"query-input\":{\"@type\":\"PropertyValueSpecification\",\"valueRequired\":true,\"valueName\":\"search_term_string\"}}],\"inLanguage\":\"ca\"},{\"@type\":\"Organization\",\"@id\":\"https:\/\/fundacionrafanadal.quelinka.es\/ca\/#organization\",\"name\":\"Fundaci\u00f3n Rafa Nadal\",\"url\":\"https:\/\/fundacionrafanadal.quelinka.es\/ca\/\",\"logo\":{\"@type\":\"ImageObject\",\"inLanguage\":\"ca\",\"@id\":\"https:\/\/fundacionrafanadal.quelinka.es\/ca\/#\/schema\/logo\/image\/\",\"url\":\"https:\/\/fundacionrafanadal.quelinka.es\/wp-content\/uploads\/2022\/09\/logo-frn-web-3.png\",\"contentUrl\":\"https:\/\/fundacionrafanadal.quelinka.es\/wp-content\/uploads\/2022\/09\/logo-frn-web-3.png\",\"width\":551,\"height\":140,\"caption\":\"Fundaci\u00f3n Rafa Nadal\"},\"image\":{\"@id\":\"https:\/\/fundacionrafanadal.quelinka.es\/ca\/#\/schema\/logo\/image\/\"}}]}<\/script>\n<!-- \/ Yoast SEO plugin. -->","yoast_head_json":{"title":"Rafa Nadal col\u00b7laborar\u00e0 amb el Banc d'Aliments de Mallorca a trav\u00e9s de la seva fundaci\u00f3 i de la seva acad\u00e8mia - Fundaci\u00f3n Rafa Nadal","robots":{"index":"noindex","follow":"follow","max-snippet":"max-snippet:-1","max-image-preview":"max-image-preview:large","max-video-preview":"max-video-preview:-1"},"og_locale":"ca_ES","og_type":"article","og_title":"Rafa Nadal col\u00b7laborar\u00e0 amb el Banc d'Aliments de Mallorca a trav\u00e9s de la seva fundaci\u00f3 i de la seva acad\u00e8mia - Fundaci\u00f3n Rafa Nadal","og_description":"Rafa Nadal col\u00b7laborar\u00e0 amb el Banc d&#8217;Aliments de Mallorca a trav\u00e9s de la seva fundaci\u00f3 i de la seva acad\u00e8mia El tennista&nbsp;Rafa Nadal, nomenat recentment&nbsp;ambaixador honor\u00edfic del Banc d&#8217;Aliments de Mallorca, col\u00b7laborar\u00e0 amb aquesta entitat a trav\u00e9s de la seva fundaci\u00f3 i de la seva acad\u00e8mia, amb la voluntat de contribuir a que les fam\u00edlies [&hellip;]","og_url":"https:\/\/fundacionrafanadal.quelinka.es\/ca\/coneix-nos\/noticies\/noticies-2020\/rafa-nadal-collaborara-amb-el-banc-daliments-de-mallorca-a-traves-de-la-seva-fundacio-i-de-la-seva-academia\/","og_site_name":"Fundaci\u00f3n Rafa Nadal","article_modified_time":"2022-05-31T13:36:41+00:00","og_image":[{"width":300,"height":199,"url":"https:\/\/fundacionrafanadal.quelinka.es\/wp-content\/uploads\/2022\/05\/2020-banco-alimentos-th.jpg","type":"image\/jpeg"}],"twitter_card":"summary_large_image","twitter_misc":{"Temps estimat de lectura":"3 minuts"},"schema":{"@context":"https:\/\/schema.org","@graph":[{"@type":"WebPage","@id":"https:\/\/fundacionrafanadal.quelinka.es\/ca\/coneix-nos\/noticies\/noticies-2020\/rafa-nadal-collaborara-amb-el-banc-daliments-de-mallorca-a-traves-de-la-seva-fundacio-i-de-la-seva-academia\/","url":"https:\/\/fundacionrafanadal.quelinka.es\/ca\/coneix-nos\/noticies\/noticies-2020\/rafa-nadal-collaborara-amb-el-banc-daliments-de-mallorca-a-traves-de-la-seva-fundacio-i-de-la-seva-academia\/","name":"Rafa Nadal col\u00b7laborar\u00e0 amb el Banc d'Aliments de Mallorca a trav\u00e9s de la seva fundaci\u00f3 i de la seva acad\u00e8mia - Fundaci\u00f3n Rafa Nadal","isPartOf":{"@id":"https:\/\/fundacionrafanadal.quelinka.es\/ca\/#website"},"primaryImageOfPage":{"@id":"https:\/\/fundacionrafanadal.quelinka.es\/ca\/coneix-nos\/noticies\/noticies-2020\/rafa-nadal-collaborara-amb-el-banc-daliments-de-mallorca-a-traves-de-la-seva-fundacio-i-de-la-seva-academia\/#primaryimage"},"image":{"@id":"https:\/\/fundacionrafanadal.quelinka.es\/ca\/coneix-nos\/noticies\/noticies-2020\/rafa-nadal-collaborara-amb-el-banc-daliments-de-mallorca-a-traves-de-la-seva-fundacio-i-de-la-seva-academia\/#primaryimage"},"thumbnailUrl":"https:\/\/fundacionrafanadal.quelinka.es\/wp-content\/uploads\/2022\/05\/2020-banco-alimentos-th.jpg","datePublished":"2020-09-23T13:33:00+00:00","dateModified":"2022-05-31T13:36:41+00:00","breadcrumb":{"@id":"https:\/\/fundacionrafanadal.quelinka.es\/ca\/coneix-nos\/noticies\/noticies-2020\/rafa-nadal-collaborara-amb-el-banc-daliments-de-mallorca-a-traves-de-la-seva-fundacio-i-de-la-seva-academia\/#breadcrumb"},"inLanguage":"ca","potentialAction":[{"@type":"ReadAction","target":["https:\/\/fundacionrafanadal.quelinka.es\/ca\/coneix-nos\/noticies\/noticies-2020\/rafa-nadal-collaborara-amb-el-banc-daliments-de-mallorca-a-traves-de-la-seva-fundacio-i-de-la-seva-academia\/"]}]},{"@type":"ImageObject","inLanguage":"ca","@id":"https:\/\/fundacionrafanadal.quelinka.es\/ca\/coneix-nos\/noticies\/noticies-2020\/rafa-nadal-collaborara-amb-el-banc-daliments-de-mallorca-a-traves-de-la-seva-fundacio-i-de-la-seva-academia\/#primaryimage","url":"https:\/\/fundacionrafanadal.quelinka.es\/wp-content\/uploads\/2022\/05\/2020-banco-alimentos-th.jpg","contentUrl":"https:\/\/fundacionrafanadal.quelinka.es\/wp-content\/uploads\/2022\/05\/2020-banco-alimentos-th.jpg","width":300,"height":199},{"@type":"BreadcrumbList","@id":"https:\/\/fundacionrafanadal.quelinka.es\/ca\/coneix-nos\/noticies\/noticies-2020\/rafa-nadal-collaborara-amb-el-banc-daliments-de-mallorca-a-traves-de-la-seva-fundacio-i-de-la-seva-academia\/#breadcrumb","itemListElement":[{"@type":"ListItem","position":1,"name":"Portada","item":"https:\/\/fundacionrafanadal.quelinka.es\/ca\/"},{"@type":"ListItem","position":2,"name":"Coneix-nos","item":"https:\/\/fundacionrafanadal.quelinka.es\/ca\/conocenos\/"},{"@type":"ListItem","position":3,"name":"Not\u00edcies","item":"https:\/\/fundacionrafanadal.quelinka.es\/ca\/conocenos\/noticias\/"},{"@type":"ListItem","position":4,"name":"Not\u00edcies 2020","item":"https:\/\/fundacionrafanadal.quelinka.es\/ca\/coneix-nos\/noticies\/noticies-2020\/"},{"@type":"ListItem","position":5,"name":"Rafa Nadal col\u00b7laborar\u00e0 amb el Banc d&#8217;Aliments de Mallorca a trav\u00e9s de la seva fundaci\u00f3 i de la seva acad\u00e8mia"}]},{"@type":"WebSite","@id":"https:\/\/fundacionrafanadal.quelinka.es\/ca\/#website","url":"https:\/\/fundacionrafanadal.quelinka.es\/ca\/","name":"Fundaci\u00f3n Rafa Nadal","description":"A trav\u00e9s del deporte y la educaci\u00f3n, promovemos la integraci\u00f3n y el desarrollo personal y social de ni\u00f1os y j\u00f3venes. En Espa\u00f1a y la India.","publisher":{"@id":"https:\/\/fundacionrafanadal.quelinka.es\/ca\/#organization"},"potentialAction":[{"@type":"SearchAction","target":{"@type":"EntryPoint","urlTemplate":"https:\/\/fundacionrafanadal.quelinka.es\/ca\/?s={search_term_string}"},"query-input":{"@type":"PropertyValueSpecification","valueRequired":true,"valueName":"search_term_string"}}],"inLanguage":"ca"},{"@type":"Organization","@id":"https:\/\/fundacionrafanadal.quelinka.es\/ca\/#organization","name":"Fundaci\u00f3n Rafa Nadal","url":"https:\/\/fundacionrafanadal.quelinka.es\/ca\/","logo":{"@type":"ImageObject","inLanguage":"ca","@id":"https:\/\/fundacionrafanadal.quelinka.es\/ca\/#\/schema\/logo\/image\/","url":"https:\/\/fundacionrafanadal.quelinka.es\/wp-content\/uploads\/2022\/09\/logo-frn-web-3.png","contentUrl":"https:\/\/fundacionrafanadal.quelinka.es\/wp-content\/uploads\/2022\/09\/logo-frn-web-3.png","width":551,"height":140,"caption":"Fundaci\u00f3n Rafa Nadal"},"image":{"@id":"https:\/\/fundacionrafanadal.quelinka.es\/ca\/#\/schema\/logo\/image\/"}}]}},"campaignId":"","_links":{"self":[{"href":"https:\/\/fundacionrafanadal.quelinka.es\/ca\/wp-json\/wp\/v2\/pages\/7727","targetHints":{"allow":["GET"]}}],"collection":[{"href":"https:\/\/fundacionrafanadal.quelinka.es\/ca\/wp-json\/wp\/v2\/pages"}],"about":[{"href":"https:\/\/fundacionrafanadal.quelinka.es\/ca\/wp-json\/wp\/v2\/types\/page"}],"author":[{"embeddable":true,"href":"https:\/\/fundacionrafanadal.quelinka.es\/ca\/wp-json\/wp\/v2\/users\/1"}],"replies":[{"embeddable":true,"href":"https:\/\/fundacionrafanadal.quelinka.es\/ca\/wp-json\/wp\/v2\/comments?post=7727"}],"version-history":[{"count":1,"href":"https:\/\/fundacionrafanadal.quelinka.es\/ca\/wp-json\/wp\/v2\/pages\/7727\/revisions"}],"predecessor-version":[{"id":7730,"href":"https:\/\/fundacionrafanadal.quelinka.es\/ca\/wp-json\/wp\/v2\/pages\/7727\/revisions\/7730"}],"up":[{"embeddable":true,"href":"https:\/\/fundacionrafanadal.quelinka.es\/ca\/wp-json\/wp\/v2\/pages\/7431"}],"wp:featuredmedia":[{"embeddable":true,"href":"https:\/\/fundacionrafanadal.quelinka.es\/ca\/wp-json\/wp\/v2\/media\/7452"}],"wp:attachment":[{"href":"https:\/\/fundacionrafanadal.quelinka.es\/ca\/wp-json\/wp\/v2\/media?parent=7727"}],"curies":[{"name":"wp","href":"https:\/\/api.w.org\/{rel}","templated":true}]}}