{"id":7800,"date":"2020-04-14T14:38:00","date_gmt":"2020-04-14T14:38:00","guid":{"rendered":"https:\/\/www.fundacionrafanadal.org\/?page_id=7800"},"modified":"2022-06-23T13:53:31","modified_gmt":"2022-06-23T13:53:31","slug":"compromesos-amb-els-menors-dels-centres-fundacio-rafa-nadal-tambe-durant-lestat-dalarma","status":"publish","type":"page","link":"https:\/\/fundacionrafanadal.quelinka.es\/ca\/coneix-nos\/noticies\/noticies-2020\/compromesos-amb-els-menors-dels-centres-fundacio-rafa-nadal-tambe-durant-lestat-dalarma\/","title":{"rendered":"Compromesos amb els menors dels Centres Fundaci\u00f3 Rafa Nadal, tamb\u00e9 durant l&#8217;estat d&#8217;alarma"},"content":{"rendered":"\n<div class=\"wp-block-media-text alignfull is-stacked-on-mobile is-image-fill has-background\" style=\"background-color:#ddac31\"><figure class=\"wp-block-media-text__media\" style=\"background-image:url(https:\/\/www.fundacionrafanadal.quelinka.es\/wp-content\/uploads\/2022\/07\/ISM08879.png);background-position:50% 50%\"><img loading=\"lazy\" decoding=\"async\" width=\"900\" height=\"399\" src=\"https:\/\/www.fundacionrafanadal.quelinka.es\/wp-content\/uploads\/2022\/07\/ISM08879.png\" alt=\"\" class=\"wp-image-9879 size-full\" srcset=\"https:\/\/fundacionrafanadal.quelinka.es\/wp-content\/uploads\/2022\/07\/ISM08879.png 900w, https:\/\/fundacionrafanadal.quelinka.es\/wp-content\/uploads\/2022\/07\/ISM08879-300x133.png 300w, https:\/\/fundacionrafanadal.quelinka.es\/wp-content\/uploads\/2022\/07\/ISM08879-768x340.png 768w\" sizes=\"auto, (max-width: 900px) 100vw, 900px\" \/><\/figure><div class=\"wp-block-media-text__content\">\n<div style=\"height:30px\" aria-hidden=\"true\" class=\"wp-block-spacer\"><\/div>\n\n\n\n<h2 class=\"has-ast-global-color-5-color has-text-color wp-block-heading\" style=\"font-size:48px\"><strong>Not\u00edcies<\/strong><\/h2>\n\n\n\n<div style=\"height:200px\" aria-hidden=\"true\" class=\"wp-block-spacer\"><\/div>\n<\/div><\/div>\n\n\n\n<div style=\"height:100px\" aria-hidden=\"true\" class=\"wp-block-spacer\"><\/div>\n\n\n\n<div class=\"inherit-container-width wp-block-group is-layout-constrained wp-block-group-is-layout-constrained\"><div class=\"wp-block-group__inner-container\"><div class=\"wp-block-post-date\"><time datetime=\"2020-04-14T14:38:00+02:00\">14 d&#8217;abril de 2020<\/time><\/div>\n\n\n<h2 class=\"alignwide has-medium-font-size wp-block-heading\" style=\"text-transform:uppercase\"><strong>Compromesos amb els menors dels Centres Fundaci\u00f3 Rafa Nadal, tamb\u00e9 durant l&#8217;estat d&#8217;alarma<\/strong><\/h2>\n\n\n\n<figure class=\"wp-block-image alignwide size-large\"><img loading=\"lazy\" decoding=\"async\" width=\"1024\" height=\"768\" src=\"https:\/\/www.fundacionrafanadal.quelinka.es\/wp-content\/uploads\/2022\/05\/2020-cfrn-estado-alarma-1024x768.jpg\" alt=\"\" class=\"wp-image-7455\" srcset=\"https:\/\/fundacionrafanadal.quelinka.es\/wp-content\/uploads\/2022\/05\/2020-cfrn-estado-alarma-1024x768.jpg 1024w, https:\/\/fundacionrafanadal.quelinka.es\/wp-content\/uploads\/2022\/05\/2020-cfrn-estado-alarma-300x225.jpg 300w, https:\/\/fundacionrafanadal.quelinka.es\/wp-content\/uploads\/2022\/05\/2020-cfrn-estado-alarma-768x576.jpg 768w, https:\/\/fundacionrafanadal.quelinka.es\/wp-content\/uploads\/2022\/05\/2020-cfrn-estado-alarma-1536x1152.jpg 1536w, https:\/\/fundacionrafanadal.quelinka.es\/wp-content\/uploads\/2022\/05\/2020-cfrn-estado-alarma.jpg 1600w\" sizes=\"auto, (max-width: 1024px) 100vw, 1024px\" \/><\/figure>\n\n\n\n<p>Davant la situaci\u00f3 d&#8217;estat d&#8217;alarma per la crisi sanit\u00e0ria&nbsp;COVID-19, des de la Fundaci\u00f3 Rafa Nadal seguim compromesos i involucrats en el desenvolupament i benestar dels nens i nenes, i les seves fam\u00edlies, que atenem en els nostres centres educatius de Palma i Val\u00e8ncia.<\/p>\n\n\n\n<p>En el cas del&nbsp;<a href=\"https:\/\/www.fundacionrafanadal.quelinka.es\/ca\/proyecto-centro-fundacion-rafa-nadal.asp\" target=\"_blank\" rel=\"noreferrer noopener\">Centre Fundaci\u00f3 Rafa Nadal de Palma<\/a>, hem lliurat ajudes econ\u00f2miques destinades a l&#8217;adquisici\u00f3 de productes b\u00e0sics d&#8217;alimentaci\u00f3 i higiene a aquelles fam\u00edlies que estan travessant una situaci\u00f3 especialment dif\u00edcil amb motiu de la crisi que estem vivint. Concretament, hem lliurat 28 ajudes econ\u00f2miques en format de targeta banc\u00e0ria, amb les quals es beneficien 123 persones, de les quals 68 s\u00f3n menors.<\/p>\n\n\n\n<p>D&#8217;altra banda, els nens i nenes del&nbsp;<a href=\"https:\/\/www.fundacionrafanadal.quelinka.es\/ca\/proyecto-centro-fundacion-rafa-nadal-valencia.asp\" target=\"_blank\" rel=\"noreferrer noopener\">Centre Fundaci\u00f3 Rafa Nadal de Val\u00e8ncia<\/a>&nbsp;han rebut un kit de material escolar amb la finalitat de garantir l&#8217;acc\u00e9s als productes b\u00e0sics per a poder continuar els seus estudis des de casa. Addicionalment, els professionals del centre han fet arribar als menors, activitats i continguts impresos de diverses mat\u00e8ries dels diferents centres educatius per tal que puguin continuar aprenent, ja que un alt percentatge de fam\u00edlies no t\u00e9 els mitjans per a accedir a les plataformes d&#8217;aprenentatge online.<\/p>\n\n\n\n<p>En aquest cas, s&#8217;han lliurat 48 ajudes en esp\u00e8cie en format de kit de material escolar, arribant aix\u00ed a la totalitat dels menors atesos en el centre. En els pr\u00f2xims dies, lliurarem 30 kits m\u00e9s a nens i nenes del barri de&nbsp;Natzaret&nbsp;que no participen en el projecte, per\u00f2 tamb\u00e9 tenen aquesta necessitat.<\/p>\n\n\n\n<figure class=\"wp-block-gallery alignwide has-nested-images columns-default is-cropped wp-block-gallery-1 is-layout-flex wp-block-gallery-is-layout-flex\">\n<figure class=\"wp-block-image size-large\"><img loading=\"lazy\" decoding=\"async\" width=\"765\" height=\"1024\" data-id=\"9376\" src=\"https:\/\/www.fundacionrafanadal.quelinka.es\/wp-content\/uploads\/2022\/06\/cfrn-estado-alarma-2020-1.jpg\" alt=\"\" class=\"wp-image-9376\" srcset=\"https:\/\/fundacionrafanadal.quelinka.es\/wp-content\/uploads\/2022\/06\/cfrn-estado-alarma-2020-1.jpg 765w, https:\/\/fundacionrafanadal.quelinka.es\/wp-content\/uploads\/2022\/06\/cfrn-estado-alarma-2020-1-224x300.jpg 224w\" sizes=\"auto, (max-width: 765px) 100vw, 765px\" \/><\/figure>\n\n\n\n<figure class=\"wp-block-image size-large\"><img loading=\"lazy\" decoding=\"async\" width=\"900\" height=\"675\" data-id=\"9374\" src=\"https:\/\/www.fundacionrafanadal.quelinka.es\/wp-content\/uploads\/2022\/06\/cfrn-estado-alarma-2020-2.jpg\" alt=\"\" class=\"wp-image-9374\" srcset=\"https:\/\/fundacionrafanadal.quelinka.es\/wp-content\/uploads\/2022\/06\/cfrn-estado-alarma-2020-2.jpg 900w, https:\/\/fundacionrafanadal.quelinka.es\/wp-content\/uploads\/2022\/06\/cfrn-estado-alarma-2020-2-300x225.jpg 300w, https:\/\/fundacionrafanadal.quelinka.es\/wp-content\/uploads\/2022\/06\/cfrn-estado-alarma-2020-2-768x576.jpg 768w\" sizes=\"auto, (max-width: 900px) 100vw, 900px\" \/><\/figure>\n<\/figure>\n<\/div><\/div>\n","protected":false},"excerpt":{"rendered":"<p>Compromesos amb els menors dels Centres Fundaci\u00f3 Rafa Nadal, tamb\u00e9 durant l&#8217;estat d&#8217;alarma Davant la situaci\u00f3 d&#8217;estat d&#8217;alarma per la crisi sanit\u00e0ria&nbsp;COVID-19, des de la Fundaci\u00f3 Rafa Nadal seguim compromesos i involucrats en el desenvolupament i benestar dels nens i nenes, i les seves fam\u00edlies, que atenem en els nostres centres educatius de Palma i [&hellip;]<\/p>\n","protected":false},"author":1,"featured_media":7458,"parent":7431,"menu_order":0,"comment_status":"closed","ping_status":"closed","template":"","meta":{"_acf_changed":false,"give_campaign_id":0,"_monsterinsights_skip_tracking":false,"_monsterinsights_sitenote_active":false,"_monsterinsights_sitenote_note":"","_monsterinsights_sitenote_category":0,"site-sidebar-layout":"default","site-content-layout":"","ast-site-content-layout":"default","site-content-style":"default","site-sidebar-style":"default","ast-global-header-display":"","ast-banner-title-visibility":"","ast-main-header-display":"","ast-hfb-above-header-display":"","ast-hfb-below-header-display":"","ast-hfb-mobile-header-display":"","site-post-title":"disabled","ast-breadcrumbs-content":"","ast-featured-img":"disabled","footer-sml-layout":"","ast-disable-related-posts":"","theme-transparent-header-meta":"","adv-header-id-meta":"","stick-header-meta":"","header-above-stick-meta":"","header-main-stick-meta":"","header-below-stick-meta":"","astra-migrate-meta-layouts":"default","ast-page-background-enabled":"default","ast-page-background-meta":{"desktop":{"background-color":"var(--ast-global-color-4)","background-image":"","background-repeat":"repeat","background-position":"center center","background-size":"auto","background-attachment":"scroll","background-type":"","background-media":"","overlay-type":"","overlay-color":"","overlay-opacity":"","overlay-gradient":""},"tablet":{"background-color":"","background-image":"","background-repeat":"repeat","background-position":"center center","background-size":"auto","background-attachment":"scroll","background-type":"","background-media":"","overlay-type":"","overlay-color":"","overlay-opacity":"","overlay-gradient":""},"mobile":{"background-color":"","background-image":"","background-repeat":"repeat","background-position":"center center","background-size":"auto","background-attachment":"scroll","background-type":"","background-media":"","overlay-type":"","overlay-color":"","overlay-opacity":"","overlay-gradient":""}},"ast-content-background-meta":{"desktop":{"background-color":"var(--ast-global-color-5)","background-image":"","background-repeat":"repeat","background-position":"center center","background-size":"auto","background-attachment":"scroll","background-type":"","background-media":"","overlay-type":"","overlay-color":"","overlay-opacity":"","overlay-gradient":""},"tablet":{"background-color":"var(--ast-global-color-5)","background-image":"","background-repeat":"repeat","background-position":"center center","background-size":"auto","background-attachment":"scroll","background-type":"","background-media":"","overlay-type":"","overlay-color":"","overlay-opacity":"","overlay-gradient":""},"mobile":{"background-color":"var(--ast-global-color-5)","background-image":"","background-repeat":"repeat","background-position":"center center","background-size":"auto","background-attachment":"scroll","background-type":"","background-media":"","overlay-type":"","overlay-color":"","overlay-opacity":"","overlay-gradient":""}},"_themeisle_gutenberg_block_has_review":false,"footnotes":""},"class_list":["post-7800","page","type-page","status-publish","has-post-thumbnail","hentry"],"acf":[],"yoast_head":"<!-- This site is optimized with the Yoast SEO plugin v26.8 - https:\/\/yoast.com\/product\/yoast-seo-wordpress\/ -->\n<title>Compromesos amb els menors dels Centres Fundaci\u00f3 Rafa Nadal, tamb\u00e9 durant l&#039;estat d&#039;alarma - Fundaci\u00f3n Rafa Nadal<\/title>\n<meta name=\"robots\" content=\"noindex, follow, max-snippet:-1, max-image-preview:large, max-video-preview:-1\" \/>\n<meta property=\"og:locale\" content=\"ca_ES\" \/>\n<meta property=\"og:type\" content=\"article\" \/>\n<meta property=\"og:title\" content=\"Compromesos amb els menors dels Centres Fundaci\u00f3 Rafa Nadal, tamb\u00e9 durant l&#039;estat d&#039;alarma - Fundaci\u00f3n Rafa Nadal\" \/>\n<meta property=\"og:description\" content=\"Compromesos amb els menors dels Centres Fundaci\u00f3 Rafa Nadal, tamb\u00e9 durant l&#8217;estat d&#8217;alarma Davant la situaci\u00f3 d&#8217;estat d&#8217;alarma per la crisi sanit\u00e0ria&nbsp;COVID-19, des de la Fundaci\u00f3 Rafa Nadal seguim compromesos i involucrats en el desenvolupament i benestar dels nens i nenes, i les seves fam\u00edlies, que atenem en els nostres centres educatius de Palma i [&hellip;]\" \/>\n<meta property=\"og:url\" content=\"https:\/\/fundacionrafanadal.quelinka.es\/ca\/coneix-nos\/noticies\/noticies-2020\/compromesos-amb-els-menors-dels-centres-fundacio-rafa-nadal-tambe-durant-lestat-dalarma\/\" \/>\n<meta property=\"og:site_name\" content=\"Fundaci\u00f3n Rafa Nadal\" \/>\n<meta property=\"article:modified_time\" content=\"2022-06-23T13:53:31+00:00\" \/>\n<meta property=\"og:image\" content=\"https:\/\/fundacionrafanadal.quelinka.es\/wp-content\/uploads\/2022\/05\/2020-cfrn-estado-alarma-th.jpg\" \/>\n\t<meta property=\"og:image:width\" content=\"300\" \/>\n\t<meta property=\"og:image:height\" content=\"199\" \/>\n\t<meta property=\"og:image:type\" content=\"image\/jpeg\" \/>\n<meta name=\"twitter:card\" content=\"summary_large_image\" \/>\n<meta name=\"twitter:label1\" content=\"Temps estimat de lectura\" \/>\n\t<meta name=\"twitter:data1\" content=\"2 minuts\" \/>\n<script type=\"application\/ld+json\" class=\"yoast-schema-graph\">{\"@context\":\"https:\/\/schema.org\",\"@graph\":[{\"@type\":\"WebPage\",\"@id\":\"https:\/\/fundacionrafanadal.quelinka.es\/ca\/coneix-nos\/noticies\/noticies-2020\/compromesos-amb-els-menors-dels-centres-fundacio-rafa-nadal-tambe-durant-lestat-dalarma\/\",\"url\":\"https:\/\/fundacionrafanadal.quelinka.es\/ca\/coneix-nos\/noticies\/noticies-2020\/compromesos-amb-els-menors-dels-centres-fundacio-rafa-nadal-tambe-durant-lestat-dalarma\/\",\"name\":\"Compromesos amb els menors dels Centres Fundaci\u00f3 Rafa Nadal, tamb\u00e9 durant l'estat d'alarma - Fundaci\u00f3n Rafa Nadal\",\"isPartOf\":{\"@id\":\"https:\/\/fundacionrafanadal.quelinka.es\/ca\/#website\"},\"primaryImageOfPage\":{\"@id\":\"https:\/\/fundacionrafanadal.quelinka.es\/ca\/coneix-nos\/noticies\/noticies-2020\/compromesos-amb-els-menors-dels-centres-fundacio-rafa-nadal-tambe-durant-lestat-dalarma\/#primaryimage\"},\"image\":{\"@id\":\"https:\/\/fundacionrafanadal.quelinka.es\/ca\/coneix-nos\/noticies\/noticies-2020\/compromesos-amb-els-menors-dels-centres-fundacio-rafa-nadal-tambe-durant-lestat-dalarma\/#primaryimage\"},\"thumbnailUrl\":\"https:\/\/fundacionrafanadal.quelinka.es\/wp-content\/uploads\/2022\/05\/2020-cfrn-estado-alarma-th.jpg\",\"datePublished\":\"2020-04-14T14:38:00+00:00\",\"dateModified\":\"2022-06-23T13:53:31+00:00\",\"breadcrumb\":{\"@id\":\"https:\/\/fundacionrafanadal.quelinka.es\/ca\/coneix-nos\/noticies\/noticies-2020\/compromesos-amb-els-menors-dels-centres-fundacio-rafa-nadal-tambe-durant-lestat-dalarma\/#breadcrumb\"},\"inLanguage\":\"ca\",\"potentialAction\":[{\"@type\":\"ReadAction\",\"target\":[\"https:\/\/fundacionrafanadal.quelinka.es\/ca\/coneix-nos\/noticies\/noticies-2020\/compromesos-amb-els-menors-dels-centres-fundacio-rafa-nadal-tambe-durant-lestat-dalarma\/\"]}]},{\"@type\":\"ImageObject\",\"inLanguage\":\"ca\",\"@id\":\"https:\/\/fundacionrafanadal.quelinka.es\/ca\/coneix-nos\/noticies\/noticies-2020\/compromesos-amb-els-menors-dels-centres-fundacio-rafa-nadal-tambe-durant-lestat-dalarma\/#primaryimage\",\"url\":\"https:\/\/fundacionrafanadal.quelinka.es\/wp-content\/uploads\/2022\/05\/2020-cfrn-estado-alarma-th.jpg\",\"contentUrl\":\"https:\/\/fundacionrafanadal.quelinka.es\/wp-content\/uploads\/2022\/05\/2020-cfrn-estado-alarma-th.jpg\",\"width\":300,\"height\":199},{\"@type\":\"BreadcrumbList\",\"@id\":\"https:\/\/fundacionrafanadal.quelinka.es\/ca\/coneix-nos\/noticies\/noticies-2020\/compromesos-amb-els-menors-dels-centres-fundacio-rafa-nadal-tambe-durant-lestat-dalarma\/#breadcrumb\",\"itemListElement\":[{\"@type\":\"ListItem\",\"position\":1,\"name\":\"Portada\",\"item\":\"https:\/\/fundacionrafanadal.quelinka.es\/ca\/\"},{\"@type\":\"ListItem\",\"position\":2,\"name\":\"Coneix-nos\",\"item\":\"https:\/\/fundacionrafanadal.quelinka.es\/ca\/conocenos\/\"},{\"@type\":\"ListItem\",\"position\":3,\"name\":\"Not\u00edcies\",\"item\":\"https:\/\/fundacionrafanadal.quelinka.es\/ca\/conocenos\/noticias\/\"},{\"@type\":\"ListItem\",\"position\":4,\"name\":\"Not\u00edcies 2020\",\"item\":\"https:\/\/fundacionrafanadal.quelinka.es\/ca\/coneix-nos\/noticies\/noticies-2020\/\"},{\"@type\":\"ListItem\",\"position\":5,\"name\":\"Compromesos amb els menors dels Centres Fundaci\u00f3 Rafa Nadal, tamb\u00e9 durant l&#8217;estat d&#8217;alarma\"}]},{\"@type\":\"WebSite\",\"@id\":\"https:\/\/fundacionrafanadal.quelinka.es\/ca\/#website\",\"url\":\"https:\/\/fundacionrafanadal.quelinka.es\/ca\/\",\"name\":\"Fundaci\u00f3n Rafa Nadal\",\"description\":\"A trav\u00e9s del deporte y la educaci\u00f3n, promovemos la integraci\u00f3n y el desarrollo personal y social de ni\u00f1os y j\u00f3venes. En Espa\u00f1a y la India.\",\"publisher\":{\"@id\":\"https:\/\/fundacionrafanadal.quelinka.es\/ca\/#organization\"},\"potentialAction\":[{\"@type\":\"SearchAction\",\"target\":{\"@type\":\"EntryPoint\",\"urlTemplate\":\"https:\/\/fundacionrafanadal.quelinka.es\/ca\/?s={search_term_string}\"},\"query-input\":{\"@type\":\"PropertyValueSpecification\",\"valueRequired\":true,\"valueName\":\"search_term_string\"}}],\"inLanguage\":\"ca\"},{\"@type\":\"Organization\",\"@id\":\"https:\/\/fundacionrafanadal.quelinka.es\/ca\/#organization\",\"name\":\"Fundaci\u00f3n Rafa Nadal\",\"url\":\"https:\/\/fundacionrafanadal.quelinka.es\/ca\/\",\"logo\":{\"@type\":\"ImageObject\",\"inLanguage\":\"ca\",\"@id\":\"https:\/\/fundacionrafanadal.quelinka.es\/ca\/#\/schema\/logo\/image\/\",\"url\":\"https:\/\/fundacionrafanadal.quelinka.es\/wp-content\/uploads\/2022\/09\/logo-frn-web-3.png\",\"contentUrl\":\"https:\/\/fundacionrafanadal.quelinka.es\/wp-content\/uploads\/2022\/09\/logo-frn-web-3.png\",\"width\":551,\"height\":140,\"caption\":\"Fundaci\u00f3n Rafa Nadal\"},\"image\":{\"@id\":\"https:\/\/fundacionrafanadal.quelinka.es\/ca\/#\/schema\/logo\/image\/\"}}]}<\/script>\n<!-- \/ Yoast SEO plugin. -->","yoast_head_json":{"title":"Compromesos amb els menors dels Centres Fundaci\u00f3 Rafa Nadal, tamb\u00e9 durant l'estat d'alarma - Fundaci\u00f3n Rafa Nadal","robots":{"index":"noindex","follow":"follow","max-snippet":"max-snippet:-1","max-image-preview":"max-image-preview:large","max-video-preview":"max-video-preview:-1"},"og_locale":"ca_ES","og_type":"article","og_title":"Compromesos amb els menors dels Centres Fundaci\u00f3 Rafa Nadal, tamb\u00e9 durant l'estat d'alarma - Fundaci\u00f3n Rafa Nadal","og_description":"Compromesos amb els menors dels Centres Fundaci\u00f3 Rafa Nadal, tamb\u00e9 durant l&#8217;estat d&#8217;alarma Davant la situaci\u00f3 d&#8217;estat d&#8217;alarma per la crisi sanit\u00e0ria&nbsp;COVID-19, des de la Fundaci\u00f3 Rafa Nadal seguim compromesos i involucrats en el desenvolupament i benestar dels nens i nenes, i les seves fam\u00edlies, que atenem en els nostres centres educatius de Palma i [&hellip;]","og_url":"https:\/\/fundacionrafanadal.quelinka.es\/ca\/coneix-nos\/noticies\/noticies-2020\/compromesos-amb-els-menors-dels-centres-fundacio-rafa-nadal-tambe-durant-lestat-dalarma\/","og_site_name":"Fundaci\u00f3n Rafa Nadal","article_modified_time":"2022-06-23T13:53:31+00:00","og_image":[{"width":300,"height":199,"url":"https:\/\/fundacionrafanadal.quelinka.es\/wp-content\/uploads\/2022\/05\/2020-cfrn-estado-alarma-th.jpg","type":"image\/jpeg"}],"twitter_card":"summary_large_image","twitter_misc":{"Temps estimat de lectura":"2 minuts"},"schema":{"@context":"https:\/\/schema.org","@graph":[{"@type":"WebPage","@id":"https:\/\/fundacionrafanadal.quelinka.es\/ca\/coneix-nos\/noticies\/noticies-2020\/compromesos-amb-els-menors-dels-centres-fundacio-rafa-nadal-tambe-durant-lestat-dalarma\/","url":"https:\/\/fundacionrafanadal.quelinka.es\/ca\/coneix-nos\/noticies\/noticies-2020\/compromesos-amb-els-menors-dels-centres-fundacio-rafa-nadal-tambe-durant-lestat-dalarma\/","name":"Compromesos amb els menors dels Centres Fundaci\u00f3 Rafa Nadal, tamb\u00e9 durant l'estat d'alarma - Fundaci\u00f3n Rafa Nadal","isPartOf":{"@id":"https:\/\/fundacionrafanadal.quelinka.es\/ca\/#website"},"primaryImageOfPage":{"@id":"https:\/\/fundacionrafanadal.quelinka.es\/ca\/coneix-nos\/noticies\/noticies-2020\/compromesos-amb-els-menors-dels-centres-fundacio-rafa-nadal-tambe-durant-lestat-dalarma\/#primaryimage"},"image":{"@id":"https:\/\/fundacionrafanadal.quelinka.es\/ca\/coneix-nos\/noticies\/noticies-2020\/compromesos-amb-els-menors-dels-centres-fundacio-rafa-nadal-tambe-durant-lestat-dalarma\/#primaryimage"},"thumbnailUrl":"https:\/\/fundacionrafanadal.quelinka.es\/wp-content\/uploads\/2022\/05\/2020-cfrn-estado-alarma-th.jpg","datePublished":"2020-04-14T14:38:00+00:00","dateModified":"2022-06-23T13:53:31+00:00","breadcrumb":{"@id":"https:\/\/fundacionrafanadal.quelinka.es\/ca\/coneix-nos\/noticies\/noticies-2020\/compromesos-amb-els-menors-dels-centres-fundacio-rafa-nadal-tambe-durant-lestat-dalarma\/#breadcrumb"},"inLanguage":"ca","potentialAction":[{"@type":"ReadAction","target":["https:\/\/fundacionrafanadal.quelinka.es\/ca\/coneix-nos\/noticies\/noticies-2020\/compromesos-amb-els-menors-dels-centres-fundacio-rafa-nadal-tambe-durant-lestat-dalarma\/"]}]},{"@type":"ImageObject","inLanguage":"ca","@id":"https:\/\/fundacionrafanadal.quelinka.es\/ca\/coneix-nos\/noticies\/noticies-2020\/compromesos-amb-els-menors-dels-centres-fundacio-rafa-nadal-tambe-durant-lestat-dalarma\/#primaryimage","url":"https:\/\/fundacionrafanadal.quelinka.es\/wp-content\/uploads\/2022\/05\/2020-cfrn-estado-alarma-th.jpg","contentUrl":"https:\/\/fundacionrafanadal.quelinka.es\/wp-content\/uploads\/2022\/05\/2020-cfrn-estado-alarma-th.jpg","width":300,"height":199},{"@type":"BreadcrumbList","@id":"https:\/\/fundacionrafanadal.quelinka.es\/ca\/coneix-nos\/noticies\/noticies-2020\/compromesos-amb-els-menors-dels-centres-fundacio-rafa-nadal-tambe-durant-lestat-dalarma\/#breadcrumb","itemListElement":[{"@type":"ListItem","position":1,"name":"Portada","item":"https:\/\/fundacionrafanadal.quelinka.es\/ca\/"},{"@type":"ListItem","position":2,"name":"Coneix-nos","item":"https:\/\/fundacionrafanadal.quelinka.es\/ca\/conocenos\/"},{"@type":"ListItem","position":3,"name":"Not\u00edcies","item":"https:\/\/fundacionrafanadal.quelinka.es\/ca\/conocenos\/noticias\/"},{"@type":"ListItem","position":4,"name":"Not\u00edcies 2020","item":"https:\/\/fundacionrafanadal.quelinka.es\/ca\/coneix-nos\/noticies\/noticies-2020\/"},{"@type":"ListItem","position":5,"name":"Compromesos amb els menors dels Centres Fundaci\u00f3 Rafa Nadal, tamb\u00e9 durant l&#8217;estat d&#8217;alarma"}]},{"@type":"WebSite","@id":"https:\/\/fundacionrafanadal.quelinka.es\/ca\/#website","url":"https:\/\/fundacionrafanadal.quelinka.es\/ca\/","name":"Fundaci\u00f3n Rafa Nadal","description":"A trav\u00e9s del deporte y la educaci\u00f3n, promovemos la integraci\u00f3n y el desarrollo personal y social de ni\u00f1os y j\u00f3venes. En Espa\u00f1a y la India.","publisher":{"@id":"https:\/\/fundacionrafanadal.quelinka.es\/ca\/#organization"},"potentialAction":[{"@type":"SearchAction","target":{"@type":"EntryPoint","urlTemplate":"https:\/\/fundacionrafanadal.quelinka.es\/ca\/?s={search_term_string}"},"query-input":{"@type":"PropertyValueSpecification","valueRequired":true,"valueName":"search_term_string"}}],"inLanguage":"ca"},{"@type":"Organization","@id":"https:\/\/fundacionrafanadal.quelinka.es\/ca\/#organization","name":"Fundaci\u00f3n Rafa Nadal","url":"https:\/\/fundacionrafanadal.quelinka.es\/ca\/","logo":{"@type":"ImageObject","inLanguage":"ca","@id":"https:\/\/fundacionrafanadal.quelinka.es\/ca\/#\/schema\/logo\/image\/","url":"https:\/\/fundacionrafanadal.quelinka.es\/wp-content\/uploads\/2022\/09\/logo-frn-web-3.png","contentUrl":"https:\/\/fundacionrafanadal.quelinka.es\/wp-content\/uploads\/2022\/09\/logo-frn-web-3.png","width":551,"height":140,"caption":"Fundaci\u00f3n Rafa Nadal"},"image":{"@id":"https:\/\/fundacionrafanadal.quelinka.es\/ca\/#\/schema\/logo\/image\/"}}]}},"campaignId":"","_links":{"self":[{"href":"https:\/\/fundacionrafanadal.quelinka.es\/ca\/wp-json\/wp\/v2\/pages\/7800","targetHints":{"allow":["GET"]}}],"collection":[{"href":"https:\/\/fundacionrafanadal.quelinka.es\/ca\/wp-json\/wp\/v2\/pages"}],"about":[{"href":"https:\/\/fundacionrafanadal.quelinka.es\/ca\/wp-json\/wp\/v2\/types\/page"}],"author":[{"embeddable":true,"href":"https:\/\/fundacionrafanadal.quelinka.es\/ca\/wp-json\/wp\/v2\/users\/1"}],"replies":[{"embeddable":true,"href":"https:\/\/fundacionrafanadal.quelinka.es\/ca\/wp-json\/wp\/v2\/comments?post=7800"}],"version-history":[{"count":2,"href":"https:\/\/fundacionrafanadal.quelinka.es\/ca\/wp-json\/wp\/v2\/pages\/7800\/revisions"}],"predecessor-version":[{"id":9487,"href":"https:\/\/fundacionrafanadal.quelinka.es\/ca\/wp-json\/wp\/v2\/pages\/7800\/revisions\/9487"}],"up":[{"embeddable":true,"href":"https:\/\/fundacionrafanadal.quelinka.es\/ca\/wp-json\/wp\/v2\/pages\/7431"}],"wp:featuredmedia":[{"embeddable":true,"href":"https:\/\/fundacionrafanadal.quelinka.es\/ca\/wp-json\/wp\/v2\/media\/7458"}],"wp:attachment":[{"href":"https:\/\/fundacionrafanadal.quelinka.es\/ca\/wp-json\/wp\/v2\/media?parent=7800"}],"curies":[{"name":"wp","href":"https:\/\/api.w.org\/{rel}","templated":true}]}}