{"id":7881,"date":"2019-10-17T15:59:00","date_gmt":"2019-10-17T15:59:00","guid":{"rendered":"https:\/\/www.fundacionrafanadal.org\/?page_id=7881"},"modified":"2022-05-31T16:02:45","modified_gmt":"2022-05-31T16:02:45","slug":"fundacio-rafa-nadal-i-fundacio-vicente-ferrer-un-binomi-de-treball-conjunt-on-esport-i-educacio-tenen-un-poder-transformador","status":"publish","type":"page","link":"https:\/\/fundacionrafanadal.quelinka.es\/ca\/coneix-nos\/noticies\/noticies-2019\/fundacio-rafa-nadal-i-fundacio-vicente-ferrer-un-binomi-de-treball-conjunt-on-esport-i-educacio-tenen-un-poder-transformador\/","title":{"rendered":"Fundaci\u00f3 Rafa Nadal i Fundaci\u00f3 Vicente Ferrer: un binomi de treball conjunt on esport i educaci\u00f3 tenen un poder transformador"},"content":{"rendered":"\n<div class=\"wp-block-media-text alignfull is-stacked-on-mobile is-image-fill has-background\" style=\"background-color:#ddac31\"><figure class=\"wp-block-media-text__media\" style=\"background-image:url(https:\/\/www.fundacionrafanadal.quelinka.es\/wp-content\/uploads\/2022\/07\/ISM08879.png);background-position:50% 50%\"><img loading=\"lazy\" decoding=\"async\" width=\"900\" height=\"399\" src=\"https:\/\/www.fundacionrafanadal.quelinka.es\/wp-content\/uploads\/2022\/07\/ISM08879.png\" alt=\"\" class=\"wp-image-9879 size-full\" srcset=\"https:\/\/fundacionrafanadal.quelinka.es\/wp-content\/uploads\/2022\/07\/ISM08879.png 900w, https:\/\/fundacionrafanadal.quelinka.es\/wp-content\/uploads\/2022\/07\/ISM08879-300x133.png 300w, https:\/\/fundacionrafanadal.quelinka.es\/wp-content\/uploads\/2022\/07\/ISM08879-768x340.png 768w\" sizes=\"auto, (max-width: 900px) 100vw, 900px\" \/><\/figure><div class=\"wp-block-media-text__content\">\n<div style=\"height:30px\" aria-hidden=\"true\" class=\"wp-block-spacer\"><\/div>\n\n\n\n<h2 class=\"has-ast-global-color-5-color has-text-color wp-block-heading\" style=\"font-size:48px\"><strong>Not\u00edcies<\/strong><\/h2>\n\n\n\n<div style=\"height:200px\" aria-hidden=\"true\" class=\"wp-block-spacer\"><\/div>\n<\/div><\/div>\n\n\n\n<div style=\"height:100px\" aria-hidden=\"true\" class=\"wp-block-spacer\"><\/div>\n\n\n\n<div class=\"inherit-container-width wp-block-group is-layout-constrained wp-block-group-is-layout-constrained\"><div class=\"wp-block-group__inner-container\"><div class=\"wp-block-post-date\"><time datetime=\"2019-10-17T15:59:00+02:00\">17 d&#8217;octubre de 2019<\/time><\/div>\n\n\n<h2 class=\"alignwide has-medium-font-size wp-block-heading\" style=\"text-transform:uppercase\"><strong>Fundaci\u00f3 Rafa Nadal i Fundaci\u00f3 Vicente Ferrer: un binomi de treball conjunt on esport i educaci\u00f3 tenen un poder transformador<\/strong><\/h2>\n\n\n\n<figure class=\"wp-block-image alignwide size-large\"><img loading=\"lazy\" decoding=\"async\" width=\"1024\" height=\"576\" src=\"https:\/\/www.fundacionrafanadal.quelinka.es\/wp-content\/uploads\/2022\/05\/2019-fundacion-vicente-ferrer-1024x576.jpg\" alt=\"\" class=\"wp-image-7884\" srcset=\"https:\/\/fundacionrafanadal.quelinka.es\/wp-content\/uploads\/2022\/05\/2019-fundacion-vicente-ferrer-1024x576.jpg 1024w, https:\/\/fundacionrafanadal.quelinka.es\/wp-content\/uploads\/2022\/05\/2019-fundacion-vicente-ferrer-300x169.jpg 300w, https:\/\/fundacionrafanadal.quelinka.es\/wp-content\/uploads\/2022\/05\/2019-fundacion-vicente-ferrer-768x432.jpg 768w, https:\/\/fundacionrafanadal.quelinka.es\/wp-content\/uploads\/2022\/05\/2019-fundacion-vicente-ferrer-1536x864.jpg 1536w, https:\/\/fundacionrafanadal.quelinka.es\/wp-content\/uploads\/2022\/05\/2019-fundacion-vicente-ferrer.jpg 1600w\" sizes=\"auto, (max-width: 1024px) 100vw, 1024px\" \/><\/figure>\n\n\n\n<p>Despr\u00e9s de deu anys de col\u00b7laboraci\u00f3, la Fundaci\u00f3 Rafa Nadal i la Fundaci\u00f3 Vicente Ferrer hem renovat l&#8217;acord entre les dues entitats, apostant aix\u00ed per prosseguir amb el projecte conjunt dut a terme al districte d\u2019Anantapur, a l&#8217;\u00cdndia. El projecte&nbsp;<a href=\"https:\/\/www.fundacionrafanadal.quelinka.es\/ca\/proyecto-nets.asp\">NETS<\/a>&nbsp;(Nadal&nbsp;Educational&nbsp;Tennis&nbsp;School), t\u00e9 per objectiu millorar la vida de centenars de nens i nenes, amb la pr\u00e0ctica del tennis com a part de la seva educaci\u00f3 integral.<\/p>\n\n\n\n<p>En aquest centre educatiu i de tennis, veiem dia a dia com la uni\u00f3 entre Educaci\u00f3 i Esport \u00e9s clau pel canvi personal i comunitari. Tots dos elements es complementen, de tal manera que la part acad\u00e8mica s&#8217;uneix a la rutina f\u00edsica di\u00e0ria, que aporta benestar i salut (a nivell individual), alhora que prop\u00edcia una major cohesi\u00f3 social, conviv\u00e8ncia i harmonia des de molt joves.<\/p>\n\n\n\n<p>Gr\u00e0cies a&nbsp;NETS, nens i nenes de la zona tenen l&#8217;oportunitat de practicar tennis, i estudiar angl\u00e8s i inform\u00e0tica; a trav\u00e9s de les quals adquireixen aptituds i valors i reforcen la seva integraci\u00f3 i cohesi\u00f3 social, independent de la seva casta o g\u00e8nere. A m\u00e9s, el projecte facilita altres activitats a tot l&#8217;alumnat com s\u00f3n sortides culturals i esportives, revisions m\u00e8diques, un suplement nutricional diari, i la possibilitat d&#8217;un intercanvi cultural amb la Rafa Nadal&nbsp;Academy&nbsp;by&nbsp;Movistar.<\/p>\n\n\n\n<p>El centre compta amb 5 pistes de tennis (2 d&#8217;elles sint\u00e8tiques, que redueixen ostensiblement la despesa d&#8217;aigua en una zona tan \u00e0rida com&nbsp;Andhra&nbsp;Pradesh), perqu\u00e8 puguin practicar tennis els 255 estudiants que tenim com a objectiu per a aquest curs.<\/p>\n\n\n\n<p>El treball conjunt entre la Fundaci\u00f3 Rafa Nadal i la Fundaci\u00f3 Vicente Ferrer treu a relluir&nbsp;<a href=\"https:\/\/www.fundacionrafanadal.quelinka.es\/index.php\/el-tenis-un-trampolin-a-una-vida-mejor-para-pallavi\/\" target=\"_blank\" rel=\"noreferrer noopener\">hist\u00f2ries inspiradores<\/a>, com la d&#8217;una de les estudiants de&nbsp;NETS,&nbsp;Pallavi. Origin\u00e0ria d&#8217;un petit poble pr\u00f2xim a&nbsp;Anantapur&nbsp;i provinent d&#8217;una fam\u00edlia amb pocs recursos, la seva vida va comen\u00e7ar a donar un gir el 2010, moment en el qual va decidir unir-se a l&#8217;escola. En aquests anys de formaci\u00f3, els seus \u00e8xits i perseveran\u00e7a a l&#8217;escola han fet possible que aquest any passi a formar part del grup d&#8217;entrenadors.<\/p>\n<\/div><\/div>\n","protected":false},"excerpt":{"rendered":"<p>Fundaci\u00f3 Rafa Nadal i Fundaci\u00f3 Vicente Ferrer: un binomi de treball conjunt on esport i educaci\u00f3 tenen un poder transformador Despr\u00e9s de deu anys de col\u00b7laboraci\u00f3, la Fundaci\u00f3 Rafa Nadal i la Fundaci\u00f3 Vicente Ferrer hem renovat l&#8217;acord entre les dues entitats, apostant aix\u00ed per prosseguir amb el projecte conjunt dut a terme al districte [&hellip;]<\/p>\n","protected":false},"author":1,"featured_media":7887,"parent":7828,"menu_order":0,"comment_status":"closed","ping_status":"closed","template":"","meta":{"_acf_changed":false,"give_campaign_id":0,"_monsterinsights_skip_tracking":false,"_monsterinsights_sitenote_active":false,"_monsterinsights_sitenote_note":"","_monsterinsights_sitenote_category":0,"site-sidebar-layout":"default","site-content-layout":"","ast-site-content-layout":"default","site-content-style":"default","site-sidebar-style":"default","ast-global-header-display":"","ast-banner-title-visibility":"","ast-main-header-display":"","ast-hfb-above-header-display":"","ast-hfb-below-header-display":"","ast-hfb-mobile-header-display":"","site-post-title":"disabled","ast-breadcrumbs-content":"","ast-featured-img":"disabled","footer-sml-layout":"","ast-disable-related-posts":"","theme-transparent-header-meta":"","adv-header-id-meta":"","stick-header-meta":"","header-above-stick-meta":"","header-main-stick-meta":"","header-below-stick-meta":"","astra-migrate-meta-layouts":"default","ast-page-background-enabled":"default","ast-page-background-meta":{"desktop":{"background-color":"var(--ast-global-color-4)","background-image":"","background-repeat":"repeat","background-position":"center center","background-size":"auto","background-attachment":"scroll","background-type":"","background-media":"","overlay-type":"","overlay-color":"","overlay-opacity":"","overlay-gradient":""},"tablet":{"background-color":"","background-image":"","background-repeat":"repeat","background-position":"center center","background-size":"auto","background-attachment":"scroll","background-type":"","background-media":"","overlay-type":"","overlay-color":"","overlay-opacity":"","overlay-gradient":""},"mobile":{"background-color":"","background-image":"","background-repeat":"repeat","background-position":"center center","background-size":"auto","background-attachment":"scroll","background-type":"","background-media":"","overlay-type":"","overlay-color":"","overlay-opacity":"","overlay-gradient":""}},"ast-content-background-meta":{"desktop":{"background-color":"var(--ast-global-color-5)","background-image":"","background-repeat":"repeat","background-position":"center center","background-size":"auto","background-attachment":"scroll","background-type":"","background-media":"","overlay-type":"","overlay-color":"","overlay-opacity":"","overlay-gradient":""},"tablet":{"background-color":"var(--ast-global-color-5)","background-image":"","background-repeat":"repeat","background-position":"center center","background-size":"auto","background-attachment":"scroll","background-type":"","background-media":"","overlay-type":"","overlay-color":"","overlay-opacity":"","overlay-gradient":""},"mobile":{"background-color":"var(--ast-global-color-5)","background-image":"","background-repeat":"repeat","background-position":"center center","background-size":"auto","background-attachment":"scroll","background-type":"","background-media":"","overlay-type":"","overlay-color":"","overlay-opacity":"","overlay-gradient":""}},"_themeisle_gutenberg_block_has_review":false,"footnotes":""},"class_list":["post-7881","page","type-page","status-publish","has-post-thumbnail","hentry"],"acf":[],"yoast_head":"<!-- This site is optimized with the Yoast SEO plugin v26.8 - https:\/\/yoast.com\/product\/yoast-seo-wordpress\/ -->\n<title>Fundaci\u00f3 Rafa Nadal i Fundaci\u00f3 Vicente Ferrer: un binomi de treball conjunt on esport i educaci\u00f3 tenen un poder transformador - Fundaci\u00f3n Rafa Nadal<\/title>\n<meta name=\"robots\" content=\"noindex, follow, max-snippet:-1, max-image-preview:large, max-video-preview:-1\" \/>\n<meta property=\"og:locale\" content=\"ca_ES\" \/>\n<meta property=\"og:type\" content=\"article\" \/>\n<meta property=\"og:title\" content=\"Fundaci\u00f3 Rafa Nadal i Fundaci\u00f3 Vicente Ferrer: un binomi de treball conjunt on esport i educaci\u00f3 tenen un poder transformador - Fundaci\u00f3n Rafa Nadal\" \/>\n<meta property=\"og:description\" content=\"Fundaci\u00f3 Rafa Nadal i Fundaci\u00f3 Vicente Ferrer: un binomi de treball conjunt on esport i educaci\u00f3 tenen un poder transformador Despr\u00e9s de deu anys de col\u00b7laboraci\u00f3, la Fundaci\u00f3 Rafa Nadal i la Fundaci\u00f3 Vicente Ferrer hem renovat l&#8217;acord entre les dues entitats, apostant aix\u00ed per prosseguir amb el projecte conjunt dut a terme al districte [&hellip;]\" \/>\n<meta property=\"og:url\" content=\"https:\/\/fundacionrafanadal.quelinka.es\/ca\/coneix-nos\/noticies\/noticies-2019\/fundacio-rafa-nadal-i-fundacio-vicente-ferrer-un-binomi-de-treball-conjunt-on-esport-i-educacio-tenen-un-poder-transformador\/\" \/>\n<meta property=\"og:site_name\" content=\"Fundaci\u00f3n Rafa Nadal\" \/>\n<meta property=\"article:modified_time\" content=\"2022-05-31T16:02:45+00:00\" \/>\n<meta property=\"og:image\" content=\"https:\/\/fundacionrafanadal.quelinka.es\/wp-content\/uploads\/2022\/05\/2019-fundacion-vicente-ferrer-th.jpg\" \/>\n\t<meta property=\"og:image:width\" content=\"300\" \/>\n\t<meta property=\"og:image:height\" content=\"199\" \/>\n\t<meta property=\"og:image:type\" content=\"image\/jpeg\" \/>\n<meta name=\"twitter:card\" content=\"summary_large_image\" \/>\n<meta name=\"twitter:label1\" content=\"Temps estimat de lectura\" \/>\n\t<meta name=\"twitter:data1\" content=\"2 minuts\" \/>\n<script type=\"application\/ld+json\" class=\"yoast-schema-graph\">{\"@context\":\"https:\/\/schema.org\",\"@graph\":[{\"@type\":\"WebPage\",\"@id\":\"https:\/\/fundacionrafanadal.quelinka.es\/ca\/coneix-nos\/noticies\/noticies-2019\/fundacio-rafa-nadal-i-fundacio-vicente-ferrer-un-binomi-de-treball-conjunt-on-esport-i-educacio-tenen-un-poder-transformador\/\",\"url\":\"https:\/\/fundacionrafanadal.quelinka.es\/ca\/coneix-nos\/noticies\/noticies-2019\/fundacio-rafa-nadal-i-fundacio-vicente-ferrer-un-binomi-de-treball-conjunt-on-esport-i-educacio-tenen-un-poder-transformador\/\",\"name\":\"Fundaci\u00f3 Rafa Nadal i Fundaci\u00f3 Vicente Ferrer: un binomi de treball conjunt on esport i educaci\u00f3 tenen un poder transformador - Fundaci\u00f3n Rafa Nadal\",\"isPartOf\":{\"@id\":\"https:\/\/fundacionrafanadal.quelinka.es\/ca\/#website\"},\"primaryImageOfPage\":{\"@id\":\"https:\/\/fundacionrafanadal.quelinka.es\/ca\/coneix-nos\/noticies\/noticies-2019\/fundacio-rafa-nadal-i-fundacio-vicente-ferrer-un-binomi-de-treball-conjunt-on-esport-i-educacio-tenen-un-poder-transformador\/#primaryimage\"},\"image\":{\"@id\":\"https:\/\/fundacionrafanadal.quelinka.es\/ca\/coneix-nos\/noticies\/noticies-2019\/fundacio-rafa-nadal-i-fundacio-vicente-ferrer-un-binomi-de-treball-conjunt-on-esport-i-educacio-tenen-un-poder-transformador\/#primaryimage\"},\"thumbnailUrl\":\"https:\/\/fundacionrafanadal.quelinka.es\/wp-content\/uploads\/2022\/05\/2019-fundacion-vicente-ferrer-th.jpg\",\"datePublished\":\"2019-10-17T15:59:00+00:00\",\"dateModified\":\"2022-05-31T16:02:45+00:00\",\"breadcrumb\":{\"@id\":\"https:\/\/fundacionrafanadal.quelinka.es\/ca\/coneix-nos\/noticies\/noticies-2019\/fundacio-rafa-nadal-i-fundacio-vicente-ferrer-un-binomi-de-treball-conjunt-on-esport-i-educacio-tenen-un-poder-transformador\/#breadcrumb\"},\"inLanguage\":\"ca\",\"potentialAction\":[{\"@type\":\"ReadAction\",\"target\":[\"https:\/\/fundacionrafanadal.quelinka.es\/ca\/coneix-nos\/noticies\/noticies-2019\/fundacio-rafa-nadal-i-fundacio-vicente-ferrer-un-binomi-de-treball-conjunt-on-esport-i-educacio-tenen-un-poder-transformador\/\"]}]},{\"@type\":\"ImageObject\",\"inLanguage\":\"ca\",\"@id\":\"https:\/\/fundacionrafanadal.quelinka.es\/ca\/coneix-nos\/noticies\/noticies-2019\/fundacio-rafa-nadal-i-fundacio-vicente-ferrer-un-binomi-de-treball-conjunt-on-esport-i-educacio-tenen-un-poder-transformador\/#primaryimage\",\"url\":\"https:\/\/fundacionrafanadal.quelinka.es\/wp-content\/uploads\/2022\/05\/2019-fundacion-vicente-ferrer-th.jpg\",\"contentUrl\":\"https:\/\/fundacionrafanadal.quelinka.es\/wp-content\/uploads\/2022\/05\/2019-fundacion-vicente-ferrer-th.jpg\",\"width\":300,\"height\":199},{\"@type\":\"BreadcrumbList\",\"@id\":\"https:\/\/fundacionrafanadal.quelinka.es\/ca\/coneix-nos\/noticies\/noticies-2019\/fundacio-rafa-nadal-i-fundacio-vicente-ferrer-un-binomi-de-treball-conjunt-on-esport-i-educacio-tenen-un-poder-transformador\/#breadcrumb\",\"itemListElement\":[{\"@type\":\"ListItem\",\"position\":1,\"name\":\"Portada\",\"item\":\"https:\/\/fundacionrafanadal.quelinka.es\/ca\/\"},{\"@type\":\"ListItem\",\"position\":2,\"name\":\"Coneix-nos\",\"item\":\"https:\/\/fundacionrafanadal.quelinka.es\/ca\/conocenos\/\"},{\"@type\":\"ListItem\",\"position\":3,\"name\":\"Not\u00edcies\",\"item\":\"https:\/\/fundacionrafanadal.quelinka.es\/ca\/conocenos\/noticias\/\"},{\"@type\":\"ListItem\",\"position\":4,\"name\":\"Not\u00edcies 2019\",\"item\":\"https:\/\/fundacionrafanadal.quelinka.es\/ca\/conocenos\/noticias\/noticias-2019\/\"},{\"@type\":\"ListItem\",\"position\":5,\"name\":\"Fundaci\u00f3 Rafa Nadal i Fundaci\u00f3 Vicente Ferrer: un binomi de treball conjunt on esport i educaci\u00f3 tenen un poder transformador\"}]},{\"@type\":\"WebSite\",\"@id\":\"https:\/\/fundacionrafanadal.quelinka.es\/ca\/#website\",\"url\":\"https:\/\/fundacionrafanadal.quelinka.es\/ca\/\",\"name\":\"Fundaci\u00f3n Rafa Nadal\",\"description\":\"A trav\u00e9s del deporte y la educaci\u00f3n, promovemos la integraci\u00f3n y el desarrollo personal y social de ni\u00f1os y j\u00f3venes. En Espa\u00f1a y la India.\",\"publisher\":{\"@id\":\"https:\/\/fundacionrafanadal.quelinka.es\/ca\/#organization\"},\"potentialAction\":[{\"@type\":\"SearchAction\",\"target\":{\"@type\":\"EntryPoint\",\"urlTemplate\":\"https:\/\/fundacionrafanadal.quelinka.es\/ca\/?s={search_term_string}\"},\"query-input\":{\"@type\":\"PropertyValueSpecification\",\"valueRequired\":true,\"valueName\":\"search_term_string\"}}],\"inLanguage\":\"ca\"},{\"@type\":\"Organization\",\"@id\":\"https:\/\/fundacionrafanadal.quelinka.es\/ca\/#organization\",\"name\":\"Fundaci\u00f3n Rafa Nadal\",\"url\":\"https:\/\/fundacionrafanadal.quelinka.es\/ca\/\",\"logo\":{\"@type\":\"ImageObject\",\"inLanguage\":\"ca\",\"@id\":\"https:\/\/fundacionrafanadal.quelinka.es\/ca\/#\/schema\/logo\/image\/\",\"url\":\"https:\/\/fundacionrafanadal.quelinka.es\/wp-content\/uploads\/2022\/09\/logo-frn-web-3.png\",\"contentUrl\":\"https:\/\/fundacionrafanadal.quelinka.es\/wp-content\/uploads\/2022\/09\/logo-frn-web-3.png\",\"width\":551,\"height\":140,\"caption\":\"Fundaci\u00f3n Rafa Nadal\"},\"image\":{\"@id\":\"https:\/\/fundacionrafanadal.quelinka.es\/ca\/#\/schema\/logo\/image\/\"}}]}<\/script>\n<!-- \/ Yoast SEO plugin. -->","yoast_head_json":{"title":"Fundaci\u00f3 Rafa Nadal i Fundaci\u00f3 Vicente Ferrer: un binomi de treball conjunt on esport i educaci\u00f3 tenen un poder transformador - Fundaci\u00f3n Rafa Nadal","robots":{"index":"noindex","follow":"follow","max-snippet":"max-snippet:-1","max-image-preview":"max-image-preview:large","max-video-preview":"max-video-preview:-1"},"og_locale":"ca_ES","og_type":"article","og_title":"Fundaci\u00f3 Rafa Nadal i Fundaci\u00f3 Vicente Ferrer: un binomi de treball conjunt on esport i educaci\u00f3 tenen un poder transformador - Fundaci\u00f3n Rafa Nadal","og_description":"Fundaci\u00f3 Rafa Nadal i Fundaci\u00f3 Vicente Ferrer: un binomi de treball conjunt on esport i educaci\u00f3 tenen un poder transformador Despr\u00e9s de deu anys de col\u00b7laboraci\u00f3, la Fundaci\u00f3 Rafa Nadal i la Fundaci\u00f3 Vicente Ferrer hem renovat l&#8217;acord entre les dues entitats, apostant aix\u00ed per prosseguir amb el projecte conjunt dut a terme al districte [&hellip;]","og_url":"https:\/\/fundacionrafanadal.quelinka.es\/ca\/coneix-nos\/noticies\/noticies-2019\/fundacio-rafa-nadal-i-fundacio-vicente-ferrer-un-binomi-de-treball-conjunt-on-esport-i-educacio-tenen-un-poder-transformador\/","og_site_name":"Fundaci\u00f3n Rafa Nadal","article_modified_time":"2022-05-31T16:02:45+00:00","og_image":[{"width":300,"height":199,"url":"https:\/\/fundacionrafanadal.quelinka.es\/wp-content\/uploads\/2022\/05\/2019-fundacion-vicente-ferrer-th.jpg","type":"image\/jpeg"}],"twitter_card":"summary_large_image","twitter_misc":{"Temps estimat de lectura":"2 minuts"},"schema":{"@context":"https:\/\/schema.org","@graph":[{"@type":"WebPage","@id":"https:\/\/fundacionrafanadal.quelinka.es\/ca\/coneix-nos\/noticies\/noticies-2019\/fundacio-rafa-nadal-i-fundacio-vicente-ferrer-un-binomi-de-treball-conjunt-on-esport-i-educacio-tenen-un-poder-transformador\/","url":"https:\/\/fundacionrafanadal.quelinka.es\/ca\/coneix-nos\/noticies\/noticies-2019\/fundacio-rafa-nadal-i-fundacio-vicente-ferrer-un-binomi-de-treball-conjunt-on-esport-i-educacio-tenen-un-poder-transformador\/","name":"Fundaci\u00f3 Rafa Nadal i Fundaci\u00f3 Vicente Ferrer: un binomi de treball conjunt on esport i educaci\u00f3 tenen un poder transformador - Fundaci\u00f3n Rafa Nadal","isPartOf":{"@id":"https:\/\/fundacionrafanadal.quelinka.es\/ca\/#website"},"primaryImageOfPage":{"@id":"https:\/\/fundacionrafanadal.quelinka.es\/ca\/coneix-nos\/noticies\/noticies-2019\/fundacio-rafa-nadal-i-fundacio-vicente-ferrer-un-binomi-de-treball-conjunt-on-esport-i-educacio-tenen-un-poder-transformador\/#primaryimage"},"image":{"@id":"https:\/\/fundacionrafanadal.quelinka.es\/ca\/coneix-nos\/noticies\/noticies-2019\/fundacio-rafa-nadal-i-fundacio-vicente-ferrer-un-binomi-de-treball-conjunt-on-esport-i-educacio-tenen-un-poder-transformador\/#primaryimage"},"thumbnailUrl":"https:\/\/fundacionrafanadal.quelinka.es\/wp-content\/uploads\/2022\/05\/2019-fundacion-vicente-ferrer-th.jpg","datePublished":"2019-10-17T15:59:00+00:00","dateModified":"2022-05-31T16:02:45+00:00","breadcrumb":{"@id":"https:\/\/fundacionrafanadal.quelinka.es\/ca\/coneix-nos\/noticies\/noticies-2019\/fundacio-rafa-nadal-i-fundacio-vicente-ferrer-un-binomi-de-treball-conjunt-on-esport-i-educacio-tenen-un-poder-transformador\/#breadcrumb"},"inLanguage":"ca","potentialAction":[{"@type":"ReadAction","target":["https:\/\/fundacionrafanadal.quelinka.es\/ca\/coneix-nos\/noticies\/noticies-2019\/fundacio-rafa-nadal-i-fundacio-vicente-ferrer-un-binomi-de-treball-conjunt-on-esport-i-educacio-tenen-un-poder-transformador\/"]}]},{"@type":"ImageObject","inLanguage":"ca","@id":"https:\/\/fundacionrafanadal.quelinka.es\/ca\/coneix-nos\/noticies\/noticies-2019\/fundacio-rafa-nadal-i-fundacio-vicente-ferrer-un-binomi-de-treball-conjunt-on-esport-i-educacio-tenen-un-poder-transformador\/#primaryimage","url":"https:\/\/fundacionrafanadal.quelinka.es\/wp-content\/uploads\/2022\/05\/2019-fundacion-vicente-ferrer-th.jpg","contentUrl":"https:\/\/fundacionrafanadal.quelinka.es\/wp-content\/uploads\/2022\/05\/2019-fundacion-vicente-ferrer-th.jpg","width":300,"height":199},{"@type":"BreadcrumbList","@id":"https:\/\/fundacionrafanadal.quelinka.es\/ca\/coneix-nos\/noticies\/noticies-2019\/fundacio-rafa-nadal-i-fundacio-vicente-ferrer-un-binomi-de-treball-conjunt-on-esport-i-educacio-tenen-un-poder-transformador\/#breadcrumb","itemListElement":[{"@type":"ListItem","position":1,"name":"Portada","item":"https:\/\/fundacionrafanadal.quelinka.es\/ca\/"},{"@type":"ListItem","position":2,"name":"Coneix-nos","item":"https:\/\/fundacionrafanadal.quelinka.es\/ca\/conocenos\/"},{"@type":"ListItem","position":3,"name":"Not\u00edcies","item":"https:\/\/fundacionrafanadal.quelinka.es\/ca\/conocenos\/noticias\/"},{"@type":"ListItem","position":4,"name":"Not\u00edcies 2019","item":"https:\/\/fundacionrafanadal.quelinka.es\/ca\/conocenos\/noticias\/noticias-2019\/"},{"@type":"ListItem","position":5,"name":"Fundaci\u00f3 Rafa Nadal i Fundaci\u00f3 Vicente Ferrer: un binomi de treball conjunt on esport i educaci\u00f3 tenen un poder transformador"}]},{"@type":"WebSite","@id":"https:\/\/fundacionrafanadal.quelinka.es\/ca\/#website","url":"https:\/\/fundacionrafanadal.quelinka.es\/ca\/","name":"Fundaci\u00f3n Rafa Nadal","description":"A trav\u00e9s del deporte y la educaci\u00f3n, promovemos la integraci\u00f3n y el desarrollo personal y social de ni\u00f1os y j\u00f3venes. En Espa\u00f1a y la India.","publisher":{"@id":"https:\/\/fundacionrafanadal.quelinka.es\/ca\/#organization"},"potentialAction":[{"@type":"SearchAction","target":{"@type":"EntryPoint","urlTemplate":"https:\/\/fundacionrafanadal.quelinka.es\/ca\/?s={search_term_string}"},"query-input":{"@type":"PropertyValueSpecification","valueRequired":true,"valueName":"search_term_string"}}],"inLanguage":"ca"},{"@type":"Organization","@id":"https:\/\/fundacionrafanadal.quelinka.es\/ca\/#organization","name":"Fundaci\u00f3n Rafa Nadal","url":"https:\/\/fundacionrafanadal.quelinka.es\/ca\/","logo":{"@type":"ImageObject","inLanguage":"ca","@id":"https:\/\/fundacionrafanadal.quelinka.es\/ca\/#\/schema\/logo\/image\/","url":"https:\/\/fundacionrafanadal.quelinka.es\/wp-content\/uploads\/2022\/09\/logo-frn-web-3.png","contentUrl":"https:\/\/fundacionrafanadal.quelinka.es\/wp-content\/uploads\/2022\/09\/logo-frn-web-3.png","width":551,"height":140,"caption":"Fundaci\u00f3n Rafa Nadal"},"image":{"@id":"https:\/\/fundacionrafanadal.quelinka.es\/ca\/#\/schema\/logo\/image\/"}}]}},"campaignId":"","_links":{"self":[{"href":"https:\/\/fundacionrafanadal.quelinka.es\/ca\/wp-json\/wp\/v2\/pages\/7881","targetHints":{"allow":["GET"]}}],"collection":[{"href":"https:\/\/fundacionrafanadal.quelinka.es\/ca\/wp-json\/wp\/v2\/pages"}],"about":[{"href":"https:\/\/fundacionrafanadal.quelinka.es\/ca\/wp-json\/wp\/v2\/types\/page"}],"author":[{"embeddable":true,"href":"https:\/\/fundacionrafanadal.quelinka.es\/ca\/wp-json\/wp\/v2\/users\/1"}],"replies":[{"embeddable":true,"href":"https:\/\/fundacionrafanadal.quelinka.es\/ca\/wp-json\/wp\/v2\/comments?post=7881"}],"version-history":[{"count":1,"href":"https:\/\/fundacionrafanadal.quelinka.es\/ca\/wp-json\/wp\/v2\/pages\/7881\/revisions"}],"predecessor-version":[{"id":7890,"href":"https:\/\/fundacionrafanadal.quelinka.es\/ca\/wp-json\/wp\/v2\/pages\/7881\/revisions\/7890"}],"up":[{"embeddable":true,"href":"https:\/\/fundacionrafanadal.quelinka.es\/ca\/wp-json\/wp\/v2\/pages\/7828"}],"wp:featuredmedia":[{"embeddable":true,"href":"https:\/\/fundacionrafanadal.quelinka.es\/ca\/wp-json\/wp\/v2\/media\/7887"}],"wp:attachment":[{"href":"https:\/\/fundacionrafanadal.quelinka.es\/ca\/wp-json\/wp\/v2\/media?parent=7881"}],"curies":[{"name":"wp","href":"https:\/\/api.w.org\/{rel}","templated":true}]}}