{"id":8013,"date":"2019-09-18T07:48:00","date_gmt":"2019-09-18T07:48:00","guid":{"rendered":"https:\/\/www.fundacionrafanadal.org\/?page_id=8013"},"modified":"2022-06-23T13:23:49","modified_gmt":"2022-06-23T13:23:49","slug":"esportistes-olimpics-i-menors-vulnerables-junts-en-la-3a-jornada-mes-enlla-de-lesport","status":"publish","type":"page","link":"https:\/\/fundacionrafanadal.quelinka.es\/ca\/coneix-nos\/noticies\/noticies-2019\/esportistes-olimpics-i-menors-vulnerables-junts-en-la-3a-jornada-mes-enlla-de-lesport\/","title":{"rendered":"Esportistes ol\u00edmpics i menors vulnerables, junts en la 3a jornada M\u00e9s Enll\u00e0 de l\u2019Esport"},"content":{"rendered":"\n<div class=\"wp-block-media-text alignfull is-stacked-on-mobile is-image-fill has-background\" style=\"background-color:#ddac31\"><figure class=\"wp-block-media-text__media\" style=\"background-image:url(https:\/\/www.fundacionrafanadal.quelinka.es\/wp-content\/uploads\/2022\/07\/ISM08879.png);background-position:50% 50%\"><img loading=\"lazy\" decoding=\"async\" width=\"900\" height=\"399\" src=\"https:\/\/www.fundacionrafanadal.quelinka.es\/wp-content\/uploads\/2022\/07\/ISM08879.png\" alt=\"\" class=\"wp-image-9879 size-full\" srcset=\"https:\/\/fundacionrafanadal.quelinka.es\/wp-content\/uploads\/2022\/07\/ISM08879.png 900w, https:\/\/fundacionrafanadal.quelinka.es\/wp-content\/uploads\/2022\/07\/ISM08879-300x133.png 300w, https:\/\/fundacionrafanadal.quelinka.es\/wp-content\/uploads\/2022\/07\/ISM08879-768x340.png 768w\" sizes=\"auto, (max-width: 900px) 100vw, 900px\" \/><\/figure><div class=\"wp-block-media-text__content\">\n<div style=\"height:30px\" aria-hidden=\"true\" class=\"wp-block-spacer\"><\/div>\n\n\n\n<h2 class=\"has-ast-global-color-5-color has-text-color wp-block-heading\" style=\"font-size:48px\"><strong>Not\u00edcies<\/strong><\/h2>\n\n\n\n<div style=\"height:200px\" aria-hidden=\"true\" class=\"wp-block-spacer\"><\/div>\n<\/div><\/div>\n\n\n\n<div style=\"height:100px\" aria-hidden=\"true\" class=\"wp-block-spacer\"><\/div>\n\n\n\n<div class=\"inherit-container-width wp-block-group is-layout-constrained wp-block-group-is-layout-constrained\"><div class=\"wp-block-group__inner-container\"><div class=\"wp-block-post-date\"><time datetime=\"2019-09-18T07:48:00+02:00\">18 de setembre de 2019<\/time><\/div>\n\n\n<h2 class=\"alignwide has-medium-font-size wp-block-heading\" style=\"text-transform:uppercase\"><strong>Esportistes ol\u00edmpics i menors vulnerables, junts en la 3a jornada M\u00e9s Enll\u00e0 de l\u2019Esport<\/strong><\/h2>\n\n\n\n<figure class=\"wp-block-image alignwide size-large\"><img loading=\"lazy\" decoding=\"async\" width=\"1024\" height=\"576\" src=\"https:\/\/www.fundacionrafanadal.quelinka.es\/wp-content\/uploads\/2022\/06\/2019-3a-jornada-mas-alla-del-deporte-1024x576.jpg\" alt=\"\" class=\"wp-image-8016\" srcset=\"https:\/\/fundacionrafanadal.quelinka.es\/wp-content\/uploads\/2022\/06\/2019-3a-jornada-mas-alla-del-deporte-1024x576.jpg 1024w, https:\/\/fundacionrafanadal.quelinka.es\/wp-content\/uploads\/2022\/06\/2019-3a-jornada-mas-alla-del-deporte-300x169.jpg 300w, https:\/\/fundacionrafanadal.quelinka.es\/wp-content\/uploads\/2022\/06\/2019-3a-jornada-mas-alla-del-deporte-768x432.jpg 768w, https:\/\/fundacionrafanadal.quelinka.es\/wp-content\/uploads\/2022\/06\/2019-3a-jornada-mas-alla-del-deporte-1536x864.jpg 1536w, https:\/\/fundacionrafanadal.quelinka.es\/wp-content\/uploads\/2022\/06\/2019-3a-jornada-mas-alla-del-deporte.jpg 1600w\" sizes=\"auto, (max-width: 1024px) 100vw, 1024px\" \/><\/figure>\n\n\n\n<p><strong>La Fundaci\u00f3 Rafa Nadal i Telef\u00f3nica<\/strong>, a trav\u00e9s del seu programa&nbsp;Podium, han celebrat la jornada&nbsp;<strong>M\u00e9s enll\u00e0 de l&#8217;Esport<\/strong>, que ha tingut lloc&nbsp;<strong>per tercer any al centre per a menors vulnerables<\/strong>&nbsp;que la fundaci\u00f3 del tennista t\u00e9 a Palma. Amb l&#8217;objectiu d&#8217;acostar l&#8217;esport ol\u00edmpic i els seus valors als nens i nenes, la iniciativa ha comptat amb la participaci\u00f3 de diversos esportistes, entre ells Nuria Cabanillas, or ol\u00edmpic en&nbsp;<strong>gimn\u00e0stica r\u00edtmica<\/strong>&nbsp;a Atlanta 1996.<\/p>\n\n\n\n<p>La tamb\u00e9 gimnasta&nbsp;Polina&nbsp;Berezina&nbsp;(jove promesa de l&#8217;esport ol\u00edmpic espanyol, pertanyent al programa&nbsp;Podium&nbsp;de Telef\u00f3nica) i la&nbsp;<strong>boxadora<\/strong>&nbsp;Jennifer Miranda (nou vegades campiona d&#8217;Espanya i 9a del m\u00f3n a Corea 2015) han estat alguns dels altres esportistes que han compartit el mat\u00ed amb els gaireb\u00e9&nbsp;<strong>70 nens i nenes<\/strong>&nbsp;que participen en l&#8217;Escola d&#8217;Estiu del Centre Fundaci\u00f3 Rafa Nadal.<\/p>\n\n\n\n<p>La jornada ha comptat amb tres parts principals: una&nbsp;<strong>xerrada sobre els valors de l&#8217;esport<\/strong>; una&nbsp;<strong>exhibici\u00f3 de gimn\u00e0stica r\u00edtmica i de boxa<\/strong>, i pr\u00e0ctica de totes dues disciplines per part dels menors, guiats pels esportistes. &#8220;<em>Valors com l&#8217;esfor\u00e7 i la const\u00e0ncia s\u00f3n eines que us ajudaran a aconseguir all\u00f2 que us proposeu<\/em>\u201d, ha dit Jennifer Miranda als nens i nenes.<\/p>\n\n\n\n<figure class=\"wp-block-gallery alignwide has-nested-images columns-2 is-cropped wp-block-gallery-1 is-layout-flex wp-block-gallery-is-layout-flex\">\n<figure class=\"wp-block-image size-large\"><img loading=\"lazy\" decoding=\"async\" width=\"900\" height=\"599\" data-id=\"9456\" src=\"https:\/\/www.fundacionrafanadal.quelinka.es\/wp-content\/uploads\/2022\/06\/2019-3a-jornada-mas-alla-del-deporte-1-1.jpg\" alt=\"\" class=\"wp-image-9456\" srcset=\"https:\/\/fundacionrafanadal.quelinka.es\/wp-content\/uploads\/2022\/06\/2019-3a-jornada-mas-alla-del-deporte-1-1.jpg 900w, https:\/\/fundacionrafanadal.quelinka.es\/wp-content\/uploads\/2022\/06\/2019-3a-jornada-mas-alla-del-deporte-1-1-300x200.jpg 300w, https:\/\/fundacionrafanadal.quelinka.es\/wp-content\/uploads\/2022\/06\/2019-3a-jornada-mas-alla-del-deporte-1-1-768x511.jpg 768w\" sizes=\"auto, (max-width: 900px) 100vw, 900px\" \/><\/figure>\n\n\n\n<figure class=\"wp-block-image size-large\"><img loading=\"lazy\" decoding=\"async\" width=\"900\" height=\"598\" data-id=\"9459\" src=\"https:\/\/www.fundacionrafanadal.quelinka.es\/wp-content\/uploads\/2022\/06\/2019-3a-jornada-mas-alla-del-deporte-2-1.jpg\" alt=\"\" class=\"wp-image-9459\" srcset=\"https:\/\/fundacionrafanadal.quelinka.es\/wp-content\/uploads\/2022\/06\/2019-3a-jornada-mas-alla-del-deporte-2-1.jpg 900w, https:\/\/fundacionrafanadal.quelinka.es\/wp-content\/uploads\/2022\/06\/2019-3a-jornada-mas-alla-del-deporte-2-1-300x199.jpg 300w, https:\/\/fundacionrafanadal.quelinka.es\/wp-content\/uploads\/2022\/06\/2019-3a-jornada-mas-alla-del-deporte-2-1-768x510.jpg 768w\" sizes=\"auto, (max-width: 900px) 100vw, 900px\" \/><\/figure>\n\n\n\n<figure class=\"wp-block-image size-large\"><img loading=\"lazy\" decoding=\"async\" width=\"900\" height=\"599\" data-id=\"9453\" src=\"https:\/\/www.fundacionrafanadal.quelinka.es\/wp-content\/uploads\/2022\/06\/2019-3a-jornada-mas-alla-del-deporte-3-1.jpg\" alt=\"\" class=\"wp-image-9453\" srcset=\"https:\/\/fundacionrafanadal.quelinka.es\/wp-content\/uploads\/2022\/06\/2019-3a-jornada-mas-alla-del-deporte-3-1.jpg 900w, https:\/\/fundacionrafanadal.quelinka.es\/wp-content\/uploads\/2022\/06\/2019-3a-jornada-mas-alla-del-deporte-3-1-300x200.jpg 300w, https:\/\/fundacionrafanadal.quelinka.es\/wp-content\/uploads\/2022\/06\/2019-3a-jornada-mas-alla-del-deporte-3-1-768x511.jpg 768w\" sizes=\"auto, (max-width: 900px) 100vw, 900px\" \/><\/figure>\n\n\n\n<figure class=\"wp-block-image size-large\"><img loading=\"lazy\" decoding=\"async\" width=\"900\" height=\"598\" data-id=\"9462\" src=\"https:\/\/www.fundacionrafanadal.quelinka.es\/wp-content\/uploads\/2022\/06\/2019-3a-jornada-mas-alla-del-deporte-4-1.jpg\" alt=\"\" class=\"wp-image-9462\" srcset=\"https:\/\/fundacionrafanadal.quelinka.es\/wp-content\/uploads\/2022\/06\/2019-3a-jornada-mas-alla-del-deporte-4-1.jpg 900w, https:\/\/fundacionrafanadal.quelinka.es\/wp-content\/uploads\/2022\/06\/2019-3a-jornada-mas-alla-del-deporte-4-1-300x199.jpg 300w, https:\/\/fundacionrafanadal.quelinka.es\/wp-content\/uploads\/2022\/06\/2019-3a-jornada-mas-alla-del-deporte-4-1-768x510.jpg 768w\" sizes=\"auto, (max-width: 900px) 100vw, 900px\" \/><\/figure>\n<\/figure>\n<\/div><\/div>\n","protected":false},"excerpt":{"rendered":"<p>Esportistes ol\u00edmpics i menors vulnerables, junts en la 3a jornada M\u00e9s Enll\u00e0 de l\u2019Esport La Fundaci\u00f3 Rafa Nadal i Telef\u00f3nica, a trav\u00e9s del seu programa&nbsp;Podium, han celebrat la jornada&nbsp;M\u00e9s enll\u00e0 de l&#8217;Esport, que ha tingut lloc&nbsp;per tercer any al centre per a menors vulnerables&nbsp;que la fundaci\u00f3 del tennista t\u00e9 a Palma. Amb l&#8217;objectiu d&#8217;acostar l&#8217;esport [&hellip;]<\/p>\n","protected":false},"author":1,"featured_media":8019,"parent":7828,"menu_order":0,"comment_status":"closed","ping_status":"closed","template":"","meta":{"_acf_changed":false,"give_campaign_id":0,"_monsterinsights_skip_tracking":false,"_monsterinsights_sitenote_active":false,"_monsterinsights_sitenote_note":"","_monsterinsights_sitenote_category":0,"site-sidebar-layout":"default","site-content-layout":"","ast-site-content-layout":"default","site-content-style":"default","site-sidebar-style":"default","ast-global-header-display":"","ast-banner-title-visibility":"","ast-main-header-display":"","ast-hfb-above-header-display":"","ast-hfb-below-header-display":"","ast-hfb-mobile-header-display":"","site-post-title":"disabled","ast-breadcrumbs-content":"","ast-featured-img":"disabled","footer-sml-layout":"","ast-disable-related-posts":"","theme-transparent-header-meta":"","adv-header-id-meta":"","stick-header-meta":"","header-above-stick-meta":"","header-main-stick-meta":"","header-below-stick-meta":"","astra-migrate-meta-layouts":"default","ast-page-background-enabled":"default","ast-page-background-meta":{"desktop":{"background-color":"var(--ast-global-color-4)","background-image":"","background-repeat":"repeat","background-position":"center center","background-size":"auto","background-attachment":"scroll","background-type":"","background-media":"","overlay-type":"","overlay-color":"","overlay-opacity":"","overlay-gradient":""},"tablet":{"background-color":"","background-image":"","background-repeat":"repeat","background-position":"center center","background-size":"auto","background-attachment":"scroll","background-type":"","background-media":"","overlay-type":"","overlay-color":"","overlay-opacity":"","overlay-gradient":""},"mobile":{"background-color":"","background-image":"","background-repeat":"repeat","background-position":"center center","background-size":"auto","background-attachment":"scroll","background-type":"","background-media":"","overlay-type":"","overlay-color":"","overlay-opacity":"","overlay-gradient":""}},"ast-content-background-meta":{"desktop":{"background-color":"var(--ast-global-color-5)","background-image":"","background-repeat":"repeat","background-position":"center center","background-size":"auto","background-attachment":"scroll","background-type":"","background-media":"","overlay-type":"","overlay-color":"","overlay-opacity":"","overlay-gradient":""},"tablet":{"background-color":"var(--ast-global-color-5)","background-image":"","background-repeat":"repeat","background-position":"center center","background-size":"auto","background-attachment":"scroll","background-type":"","background-media":"","overlay-type":"","overlay-color":"","overlay-opacity":"","overlay-gradient":""},"mobile":{"background-color":"var(--ast-global-color-5)","background-image":"","background-repeat":"repeat","background-position":"center center","background-size":"auto","background-attachment":"scroll","background-type":"","background-media":"","overlay-type":"","overlay-color":"","overlay-opacity":"","overlay-gradient":""}},"_themeisle_gutenberg_block_has_review":false,"footnotes":""},"class_list":["post-8013","page","type-page","status-publish","has-post-thumbnail","hentry"],"acf":[],"yoast_head":"<!-- This site is optimized with the Yoast SEO plugin v26.8 - https:\/\/yoast.com\/product\/yoast-seo-wordpress\/ -->\n<title>Esportistes ol\u00edmpics i menors vulnerables, junts en la 3a jornada M\u00e9s Enll\u00e0 de l\u2019Esport - Fundaci\u00f3n Rafa Nadal<\/title>\n<meta name=\"robots\" content=\"noindex, follow, max-snippet:-1, max-image-preview:large, max-video-preview:-1\" \/>\n<meta property=\"og:locale\" content=\"ca_ES\" \/>\n<meta property=\"og:type\" content=\"article\" \/>\n<meta property=\"og:title\" content=\"Esportistes ol\u00edmpics i menors vulnerables, junts en la 3a jornada M\u00e9s Enll\u00e0 de l\u2019Esport - Fundaci\u00f3n Rafa Nadal\" \/>\n<meta property=\"og:description\" content=\"Esportistes ol\u00edmpics i menors vulnerables, junts en la 3a jornada M\u00e9s Enll\u00e0 de l\u2019Esport La Fundaci\u00f3 Rafa Nadal i Telef\u00f3nica, a trav\u00e9s del seu programa&nbsp;Podium, han celebrat la jornada&nbsp;M\u00e9s enll\u00e0 de l&#8217;Esport, que ha tingut lloc&nbsp;per tercer any al centre per a menors vulnerables&nbsp;que la fundaci\u00f3 del tennista t\u00e9 a Palma. Amb l&#8217;objectiu d&#8217;acostar l&#8217;esport [&hellip;]\" \/>\n<meta property=\"og:url\" content=\"https:\/\/fundacionrafanadal.quelinka.es\/ca\/coneix-nos\/noticies\/noticies-2019\/esportistes-olimpics-i-menors-vulnerables-junts-en-la-3a-jornada-mes-enlla-de-lesport\/\" \/>\n<meta property=\"og:site_name\" content=\"Fundaci\u00f3n Rafa Nadal\" \/>\n<meta property=\"article:modified_time\" content=\"2022-06-23T13:23:49+00:00\" \/>\n<meta property=\"og:image\" content=\"https:\/\/fundacionrafanadal.quelinka.es\/wp-content\/uploads\/2022\/06\/2019-3a-jornada-mas-alla-del-deporte-th.jpg\" \/>\n\t<meta property=\"og:image:width\" content=\"300\" \/>\n\t<meta property=\"og:image:height\" content=\"199\" \/>\n\t<meta property=\"og:image:type\" content=\"image\/jpeg\" \/>\n<meta name=\"twitter:card\" content=\"summary_large_image\" \/>\n<meta name=\"twitter:label1\" content=\"Temps estimat de lectura\" \/>\n\t<meta name=\"twitter:data1\" content=\"2 minuts\" \/>\n<script type=\"application\/ld+json\" class=\"yoast-schema-graph\">{\"@context\":\"https:\/\/schema.org\",\"@graph\":[{\"@type\":\"WebPage\",\"@id\":\"https:\/\/fundacionrafanadal.quelinka.es\/ca\/coneix-nos\/noticies\/noticies-2019\/esportistes-olimpics-i-menors-vulnerables-junts-en-la-3a-jornada-mes-enlla-de-lesport\/\",\"url\":\"https:\/\/fundacionrafanadal.quelinka.es\/ca\/coneix-nos\/noticies\/noticies-2019\/esportistes-olimpics-i-menors-vulnerables-junts-en-la-3a-jornada-mes-enlla-de-lesport\/\",\"name\":\"Esportistes ol\u00edmpics i menors vulnerables, junts en la 3a jornada M\u00e9s Enll\u00e0 de l\u2019Esport - Fundaci\u00f3n Rafa Nadal\",\"isPartOf\":{\"@id\":\"https:\/\/fundacionrafanadal.quelinka.es\/ca\/#website\"},\"primaryImageOfPage\":{\"@id\":\"https:\/\/fundacionrafanadal.quelinka.es\/ca\/coneix-nos\/noticies\/noticies-2019\/esportistes-olimpics-i-menors-vulnerables-junts-en-la-3a-jornada-mes-enlla-de-lesport\/#primaryimage\"},\"image\":{\"@id\":\"https:\/\/fundacionrafanadal.quelinka.es\/ca\/coneix-nos\/noticies\/noticies-2019\/esportistes-olimpics-i-menors-vulnerables-junts-en-la-3a-jornada-mes-enlla-de-lesport\/#primaryimage\"},\"thumbnailUrl\":\"https:\/\/fundacionrafanadal.quelinka.es\/wp-content\/uploads\/2022\/06\/2019-3a-jornada-mas-alla-del-deporte-th.jpg\",\"datePublished\":\"2019-09-18T07:48:00+00:00\",\"dateModified\":\"2022-06-23T13:23:49+00:00\",\"breadcrumb\":{\"@id\":\"https:\/\/fundacionrafanadal.quelinka.es\/ca\/coneix-nos\/noticies\/noticies-2019\/esportistes-olimpics-i-menors-vulnerables-junts-en-la-3a-jornada-mes-enlla-de-lesport\/#breadcrumb\"},\"inLanguage\":\"ca\",\"potentialAction\":[{\"@type\":\"ReadAction\",\"target\":[\"https:\/\/fundacionrafanadal.quelinka.es\/ca\/coneix-nos\/noticies\/noticies-2019\/esportistes-olimpics-i-menors-vulnerables-junts-en-la-3a-jornada-mes-enlla-de-lesport\/\"]}]},{\"@type\":\"ImageObject\",\"inLanguage\":\"ca\",\"@id\":\"https:\/\/fundacionrafanadal.quelinka.es\/ca\/coneix-nos\/noticies\/noticies-2019\/esportistes-olimpics-i-menors-vulnerables-junts-en-la-3a-jornada-mes-enlla-de-lesport\/#primaryimage\",\"url\":\"https:\/\/fundacionrafanadal.quelinka.es\/wp-content\/uploads\/2022\/06\/2019-3a-jornada-mas-alla-del-deporte-th.jpg\",\"contentUrl\":\"https:\/\/fundacionrafanadal.quelinka.es\/wp-content\/uploads\/2022\/06\/2019-3a-jornada-mas-alla-del-deporte-th.jpg\",\"width\":300,\"height\":199},{\"@type\":\"BreadcrumbList\",\"@id\":\"https:\/\/fundacionrafanadal.quelinka.es\/ca\/coneix-nos\/noticies\/noticies-2019\/esportistes-olimpics-i-menors-vulnerables-junts-en-la-3a-jornada-mes-enlla-de-lesport\/#breadcrumb\",\"itemListElement\":[{\"@type\":\"ListItem\",\"position\":1,\"name\":\"Portada\",\"item\":\"https:\/\/fundacionrafanadal.quelinka.es\/ca\/\"},{\"@type\":\"ListItem\",\"position\":2,\"name\":\"Coneix-nos\",\"item\":\"https:\/\/fundacionrafanadal.quelinka.es\/ca\/conocenos\/\"},{\"@type\":\"ListItem\",\"position\":3,\"name\":\"Not\u00edcies\",\"item\":\"https:\/\/fundacionrafanadal.quelinka.es\/ca\/conocenos\/noticias\/\"},{\"@type\":\"ListItem\",\"position\":4,\"name\":\"Not\u00edcies 2019\",\"item\":\"https:\/\/fundacionrafanadal.quelinka.es\/ca\/conocenos\/noticias\/noticias-2019\/\"},{\"@type\":\"ListItem\",\"position\":5,\"name\":\"Esportistes ol\u00edmpics i menors vulnerables, junts en la 3a jornada M\u00e9s Enll\u00e0 de l\u2019Esport\"}]},{\"@type\":\"WebSite\",\"@id\":\"https:\/\/fundacionrafanadal.quelinka.es\/ca\/#website\",\"url\":\"https:\/\/fundacionrafanadal.quelinka.es\/ca\/\",\"name\":\"Fundaci\u00f3n Rafa Nadal\",\"description\":\"A trav\u00e9s del deporte y la educaci\u00f3n, promovemos la integraci\u00f3n y el desarrollo personal y social de ni\u00f1os y j\u00f3venes. En Espa\u00f1a y la India.\",\"publisher\":{\"@id\":\"https:\/\/fundacionrafanadal.quelinka.es\/ca\/#organization\"},\"potentialAction\":[{\"@type\":\"SearchAction\",\"target\":{\"@type\":\"EntryPoint\",\"urlTemplate\":\"https:\/\/fundacionrafanadal.quelinka.es\/ca\/?s={search_term_string}\"},\"query-input\":{\"@type\":\"PropertyValueSpecification\",\"valueRequired\":true,\"valueName\":\"search_term_string\"}}],\"inLanguage\":\"ca\"},{\"@type\":\"Organization\",\"@id\":\"https:\/\/fundacionrafanadal.quelinka.es\/ca\/#organization\",\"name\":\"Fundaci\u00f3n Rafa Nadal\",\"url\":\"https:\/\/fundacionrafanadal.quelinka.es\/ca\/\",\"logo\":{\"@type\":\"ImageObject\",\"inLanguage\":\"ca\",\"@id\":\"https:\/\/fundacionrafanadal.quelinka.es\/ca\/#\/schema\/logo\/image\/\",\"url\":\"https:\/\/fundacionrafanadal.quelinka.es\/wp-content\/uploads\/2022\/09\/logo-frn-web-3.png\",\"contentUrl\":\"https:\/\/fundacionrafanadal.quelinka.es\/wp-content\/uploads\/2022\/09\/logo-frn-web-3.png\",\"width\":551,\"height\":140,\"caption\":\"Fundaci\u00f3n Rafa Nadal\"},\"image\":{\"@id\":\"https:\/\/fundacionrafanadal.quelinka.es\/ca\/#\/schema\/logo\/image\/\"}}]}<\/script>\n<!-- \/ Yoast SEO plugin. -->","yoast_head_json":{"title":"Esportistes ol\u00edmpics i menors vulnerables, junts en la 3a jornada M\u00e9s Enll\u00e0 de l\u2019Esport - Fundaci\u00f3n Rafa Nadal","robots":{"index":"noindex","follow":"follow","max-snippet":"max-snippet:-1","max-image-preview":"max-image-preview:large","max-video-preview":"max-video-preview:-1"},"og_locale":"ca_ES","og_type":"article","og_title":"Esportistes ol\u00edmpics i menors vulnerables, junts en la 3a jornada M\u00e9s Enll\u00e0 de l\u2019Esport - Fundaci\u00f3n Rafa Nadal","og_description":"Esportistes ol\u00edmpics i menors vulnerables, junts en la 3a jornada M\u00e9s Enll\u00e0 de l\u2019Esport La Fundaci\u00f3 Rafa Nadal i Telef\u00f3nica, a trav\u00e9s del seu programa&nbsp;Podium, han celebrat la jornada&nbsp;M\u00e9s enll\u00e0 de l&#8217;Esport, que ha tingut lloc&nbsp;per tercer any al centre per a menors vulnerables&nbsp;que la fundaci\u00f3 del tennista t\u00e9 a Palma. Amb l&#8217;objectiu d&#8217;acostar l&#8217;esport [&hellip;]","og_url":"https:\/\/fundacionrafanadal.quelinka.es\/ca\/coneix-nos\/noticies\/noticies-2019\/esportistes-olimpics-i-menors-vulnerables-junts-en-la-3a-jornada-mes-enlla-de-lesport\/","og_site_name":"Fundaci\u00f3n Rafa Nadal","article_modified_time":"2022-06-23T13:23:49+00:00","og_image":[{"width":300,"height":199,"url":"https:\/\/fundacionrafanadal.quelinka.es\/wp-content\/uploads\/2022\/06\/2019-3a-jornada-mas-alla-del-deporte-th.jpg","type":"image\/jpeg"}],"twitter_card":"summary_large_image","twitter_misc":{"Temps estimat de lectura":"2 minuts"},"schema":{"@context":"https:\/\/schema.org","@graph":[{"@type":"WebPage","@id":"https:\/\/fundacionrafanadal.quelinka.es\/ca\/coneix-nos\/noticies\/noticies-2019\/esportistes-olimpics-i-menors-vulnerables-junts-en-la-3a-jornada-mes-enlla-de-lesport\/","url":"https:\/\/fundacionrafanadal.quelinka.es\/ca\/coneix-nos\/noticies\/noticies-2019\/esportistes-olimpics-i-menors-vulnerables-junts-en-la-3a-jornada-mes-enlla-de-lesport\/","name":"Esportistes ol\u00edmpics i menors vulnerables, junts en la 3a jornada M\u00e9s Enll\u00e0 de l\u2019Esport - Fundaci\u00f3n Rafa Nadal","isPartOf":{"@id":"https:\/\/fundacionrafanadal.quelinka.es\/ca\/#website"},"primaryImageOfPage":{"@id":"https:\/\/fundacionrafanadal.quelinka.es\/ca\/coneix-nos\/noticies\/noticies-2019\/esportistes-olimpics-i-menors-vulnerables-junts-en-la-3a-jornada-mes-enlla-de-lesport\/#primaryimage"},"image":{"@id":"https:\/\/fundacionrafanadal.quelinka.es\/ca\/coneix-nos\/noticies\/noticies-2019\/esportistes-olimpics-i-menors-vulnerables-junts-en-la-3a-jornada-mes-enlla-de-lesport\/#primaryimage"},"thumbnailUrl":"https:\/\/fundacionrafanadal.quelinka.es\/wp-content\/uploads\/2022\/06\/2019-3a-jornada-mas-alla-del-deporte-th.jpg","datePublished":"2019-09-18T07:48:00+00:00","dateModified":"2022-06-23T13:23:49+00:00","breadcrumb":{"@id":"https:\/\/fundacionrafanadal.quelinka.es\/ca\/coneix-nos\/noticies\/noticies-2019\/esportistes-olimpics-i-menors-vulnerables-junts-en-la-3a-jornada-mes-enlla-de-lesport\/#breadcrumb"},"inLanguage":"ca","potentialAction":[{"@type":"ReadAction","target":["https:\/\/fundacionrafanadal.quelinka.es\/ca\/coneix-nos\/noticies\/noticies-2019\/esportistes-olimpics-i-menors-vulnerables-junts-en-la-3a-jornada-mes-enlla-de-lesport\/"]}]},{"@type":"ImageObject","inLanguage":"ca","@id":"https:\/\/fundacionrafanadal.quelinka.es\/ca\/coneix-nos\/noticies\/noticies-2019\/esportistes-olimpics-i-menors-vulnerables-junts-en-la-3a-jornada-mes-enlla-de-lesport\/#primaryimage","url":"https:\/\/fundacionrafanadal.quelinka.es\/wp-content\/uploads\/2022\/06\/2019-3a-jornada-mas-alla-del-deporte-th.jpg","contentUrl":"https:\/\/fundacionrafanadal.quelinka.es\/wp-content\/uploads\/2022\/06\/2019-3a-jornada-mas-alla-del-deporte-th.jpg","width":300,"height":199},{"@type":"BreadcrumbList","@id":"https:\/\/fundacionrafanadal.quelinka.es\/ca\/coneix-nos\/noticies\/noticies-2019\/esportistes-olimpics-i-menors-vulnerables-junts-en-la-3a-jornada-mes-enlla-de-lesport\/#breadcrumb","itemListElement":[{"@type":"ListItem","position":1,"name":"Portada","item":"https:\/\/fundacionrafanadal.quelinka.es\/ca\/"},{"@type":"ListItem","position":2,"name":"Coneix-nos","item":"https:\/\/fundacionrafanadal.quelinka.es\/ca\/conocenos\/"},{"@type":"ListItem","position":3,"name":"Not\u00edcies","item":"https:\/\/fundacionrafanadal.quelinka.es\/ca\/conocenos\/noticias\/"},{"@type":"ListItem","position":4,"name":"Not\u00edcies 2019","item":"https:\/\/fundacionrafanadal.quelinka.es\/ca\/conocenos\/noticias\/noticias-2019\/"},{"@type":"ListItem","position":5,"name":"Esportistes ol\u00edmpics i menors vulnerables, junts en la 3a jornada M\u00e9s Enll\u00e0 de l\u2019Esport"}]},{"@type":"WebSite","@id":"https:\/\/fundacionrafanadal.quelinka.es\/ca\/#website","url":"https:\/\/fundacionrafanadal.quelinka.es\/ca\/","name":"Fundaci\u00f3n Rafa Nadal","description":"A trav\u00e9s del deporte y la educaci\u00f3n, promovemos la integraci\u00f3n y el desarrollo personal y social de ni\u00f1os y j\u00f3venes. En Espa\u00f1a y la India.","publisher":{"@id":"https:\/\/fundacionrafanadal.quelinka.es\/ca\/#organization"},"potentialAction":[{"@type":"SearchAction","target":{"@type":"EntryPoint","urlTemplate":"https:\/\/fundacionrafanadal.quelinka.es\/ca\/?s={search_term_string}"},"query-input":{"@type":"PropertyValueSpecification","valueRequired":true,"valueName":"search_term_string"}}],"inLanguage":"ca"},{"@type":"Organization","@id":"https:\/\/fundacionrafanadal.quelinka.es\/ca\/#organization","name":"Fundaci\u00f3n Rafa Nadal","url":"https:\/\/fundacionrafanadal.quelinka.es\/ca\/","logo":{"@type":"ImageObject","inLanguage":"ca","@id":"https:\/\/fundacionrafanadal.quelinka.es\/ca\/#\/schema\/logo\/image\/","url":"https:\/\/fundacionrafanadal.quelinka.es\/wp-content\/uploads\/2022\/09\/logo-frn-web-3.png","contentUrl":"https:\/\/fundacionrafanadal.quelinka.es\/wp-content\/uploads\/2022\/09\/logo-frn-web-3.png","width":551,"height":140,"caption":"Fundaci\u00f3n Rafa Nadal"},"image":{"@id":"https:\/\/fundacionrafanadal.quelinka.es\/ca\/#\/schema\/logo\/image\/"}}]}},"campaignId":"","_links":{"self":[{"href":"https:\/\/fundacionrafanadal.quelinka.es\/ca\/wp-json\/wp\/v2\/pages\/8013","targetHints":{"allow":["GET"]}}],"collection":[{"href":"https:\/\/fundacionrafanadal.quelinka.es\/ca\/wp-json\/wp\/v2\/pages"}],"about":[{"href":"https:\/\/fundacionrafanadal.quelinka.es\/ca\/wp-json\/wp\/v2\/types\/page"}],"author":[{"embeddable":true,"href":"https:\/\/fundacionrafanadal.quelinka.es\/ca\/wp-json\/wp\/v2\/users\/1"}],"replies":[{"embeddable":true,"href":"https:\/\/fundacionrafanadal.quelinka.es\/ca\/wp-json\/wp\/v2\/comments?post=8013"}],"version-history":[{"count":2,"href":"https:\/\/fundacionrafanadal.quelinka.es\/ca\/wp-json\/wp\/v2\/pages\/8013\/revisions"}],"predecessor-version":[{"id":9466,"href":"https:\/\/fundacionrafanadal.quelinka.es\/ca\/wp-json\/wp\/v2\/pages\/8013\/revisions\/9466"}],"up":[{"embeddable":true,"href":"https:\/\/fundacionrafanadal.quelinka.es\/ca\/wp-json\/wp\/v2\/pages\/7828"}],"wp:featuredmedia":[{"embeddable":true,"href":"https:\/\/fundacionrafanadal.quelinka.es\/ca\/wp-json\/wp\/v2\/media\/8019"}],"wp:attachment":[{"href":"https:\/\/fundacionrafanadal.quelinka.es\/ca\/wp-json\/wp\/v2\/media?parent=8013"}],"curies":[{"name":"wp","href":"https:\/\/api.w.org\/{rel}","templated":true}]}}