{"id":8071,"date":"2019-05-22T08:12:00","date_gmt":"2019-05-22T08:12:00","guid":{"rendered":"https:\/\/www.fundacionrafanadal.org\/?page_id=8071"},"modified":"2022-06-01T08:18:33","modified_gmt":"2022-06-01T08:18:33","slug":"la-fundacio-rafa-nadal-amb-heliocare-ciencia-medica-i-tecnologia-aplicada-a-la-proteccio-de-la-pell","status":"publish","type":"page","link":"https:\/\/fundacionrafanadal.quelinka.es\/ca\/coneix-nos\/noticies\/noticies-2019\/la-fundacio-rafa-nadal-amb-heliocare-ciencia-medica-i-tecnologia-aplicada-a-la-proteccio-de-la-pell\/","title":{"rendered":"La Fundaci\u00f3 Rafa Nadal amb Heliocare, ci\u00e8ncia m\u00e8dica i tecnologia aplicada a la protecci\u00f3 de la pell"},"content":{"rendered":"\n<div class=\"wp-block-media-text alignfull is-stacked-on-mobile is-image-fill has-background\" style=\"background-color:#ddac31\"><figure class=\"wp-block-media-text__media\" style=\"background-image:url(https:\/\/www.fundacionrafanadal.quelinka.es\/wp-content\/uploads\/2022\/07\/ISM08879.png);background-position:50% 50%\"><img loading=\"lazy\" decoding=\"async\" width=\"900\" height=\"399\" src=\"https:\/\/www.fundacionrafanadal.quelinka.es\/wp-content\/uploads\/2022\/07\/ISM08879.png\" alt=\"\" class=\"wp-image-9879 size-full\" srcset=\"https:\/\/fundacionrafanadal.quelinka.es\/wp-content\/uploads\/2022\/07\/ISM08879.png 900w, https:\/\/fundacionrafanadal.quelinka.es\/wp-content\/uploads\/2022\/07\/ISM08879-300x133.png 300w, https:\/\/fundacionrafanadal.quelinka.es\/wp-content\/uploads\/2022\/07\/ISM08879-768x340.png 768w\" sizes=\"auto, (max-width: 900px) 100vw, 900px\" \/><\/figure><div class=\"wp-block-media-text__content\">\n<div style=\"height:30px\" aria-hidden=\"true\" class=\"wp-block-spacer\"><\/div>\n\n\n\n<h2 class=\"has-ast-global-color-5-color has-text-color wp-block-heading\" style=\"font-size:48px\"><strong>Not\u00edcies<\/strong><\/h2>\n\n\n\n<div style=\"height:200px\" aria-hidden=\"true\" class=\"wp-block-spacer\"><\/div>\n<\/div><\/div>\n\n\n\n<div style=\"height:100px\" aria-hidden=\"true\" class=\"wp-block-spacer\"><\/div>\n\n\n\n<div class=\"inherit-container-width wp-block-group is-layout-constrained wp-block-group-is-layout-constrained\"><div class=\"wp-block-group__inner-container\"><div class=\"wp-block-post-date\"><time datetime=\"2019-05-22T08:12:00+02:00\">22 de maig de 2019<\/time><\/div>\n\n\n<h2 class=\"alignwide has-medium-font-size wp-block-heading\" style=\"text-transform:uppercase\"><strong>La Fundaci\u00f3 Rafa Nadal amb Heliocare, ci\u00e8ncia m\u00e8dica i tecnologia aplicada a la protecci\u00f3 de la pell<\/strong><\/h2>\n\n\n\n<figure class=\"wp-block-image alignwide size-large\"><img loading=\"lazy\" decoding=\"async\" width=\"1024\" height=\"576\" src=\"https:\/\/www.fundacionrafanadal.quelinka.es\/wp-content\/uploads\/2022\/06\/2019-con-cantabria-labs-heliocare-1024x576.jpg\" alt=\"\" class=\"wp-image-8074\" srcset=\"https:\/\/fundacionrafanadal.quelinka.es\/wp-content\/uploads\/2022\/06\/2019-con-cantabria-labs-heliocare-1024x576.jpg 1024w, https:\/\/fundacionrafanadal.quelinka.es\/wp-content\/uploads\/2022\/06\/2019-con-cantabria-labs-heliocare-300x169.jpg 300w, https:\/\/fundacionrafanadal.quelinka.es\/wp-content\/uploads\/2022\/06\/2019-con-cantabria-labs-heliocare-768x432.jpg 768w, https:\/\/fundacionrafanadal.quelinka.es\/wp-content\/uploads\/2022\/06\/2019-con-cantabria-labs-heliocare-1536x864.jpg 1536w, https:\/\/fundacionrafanadal.quelinka.es\/wp-content\/uploads\/2022\/06\/2019-con-cantabria-labs-heliocare.jpg 1600w\" sizes=\"auto, (max-width: 1024px) 100vw, 1024px\" \/><\/figure>\n\n\n\n<p>La companyia farmac\u00e8utica&nbsp;<a href=\"https:\/\/www.cantabrialabs.es\/\" target=\"_blank\" rel=\"noreferrer noopener\">Cantabria Labs<\/a>&nbsp;ha signat un acord amb Rafael Nadal, gr\u00e0cies al qual el tennista brindar\u00e0 el seu suport per a conscienciar sobre la import\u00e0ncia d&#8217;una bona&nbsp;fotoprotecci\u00f3&nbsp;i una vida al sol saludable. Aquesta col\u00b7laboraci\u00f3 tamb\u00e9 engloba a la Fundaci\u00f3 Rafa Nadal, aix\u00ed com el circuit juvenil de tennis&nbsp;<a href=\"https:\/\/www.rafanadaltour.com\/esp\/default.asp\" target=\"_blank\" rel=\"noreferrer noopener\">Rafa Nadal Tour by Mapfre<\/a>, i a la&nbsp;<a href=\"https:\/\/www.rafanadalacademy.com\/\" target=\"_blank\" rel=\"noreferrer noopener\">Rafa Nadal Academy by Movistar<\/a>, centre esportiu de refer\u00e8ncia a nivell mundial.<\/p>\n\n\n\n<p>\u201c<em>S\u00e9 que arribo tard en quant al mal solar que pot tenir la meva pell despr\u00e9s de no haver pogut tenir uns bons h\u00e0bits de protecci\u00f3, per\u00f2 crec que mai \u00e9s tard per a fer les coses millor<\/em>&#8220;, va comentar Rafael Nadal en la signatura de l&#8217;acord.<\/p>\n\n\n\n<p>&#8220;<em>Per a Cant\u00e0bria&nbsp;Labs&nbsp;poder comptar amb la figura de Rafael Nadal com a ambaixador \u00e9s una gran oportunitat. Volem que les persones es facin eco, com en Rafael, de la import\u00e0ncia dels efectes nocius del sol, de com els pot ajudar el dermat\u00f2leg a l&#8217;hora de cuidar la salut de la pell i el farmac\u00e8utic per a transmetre els consells necessaris per a una&nbsp;fotoprotecci\u00f3n&nbsp;360\u00b0 via oral i t\u00f2pica<\/em>&#8220;, va comentar Juan&nbsp;Matji, President del laboratori farmac\u00e8utic.<\/p>\n\n\n\n<p>Al llarg dels propers mesos es revelaran les pr\u00f2ximes iniciatives entorn a aquesta col\u00b7laboraci\u00f3, per a complir l&#8217;objectiu de prevenir problemes greus de la pell i el prop\u00f2sit del laboratori de cuidar la salut i qualitat de vida de les persones amb l&#8217;emprenedoria, la ci\u00e8ncia i la proximitat com a senyes d&#8217;identitat<\/p>\n<\/div><\/div>\n","protected":false},"excerpt":{"rendered":"<p>La Fundaci\u00f3 Rafa Nadal amb Heliocare, ci\u00e8ncia m\u00e8dica i tecnologia aplicada a la protecci\u00f3 de la pell La companyia farmac\u00e8utica&nbsp;Cantabria Labs&nbsp;ha signat un acord amb Rafael Nadal, gr\u00e0cies al qual el tennista brindar\u00e0 el seu suport per a conscienciar sobre la import\u00e0ncia d&#8217;una bona&nbsp;fotoprotecci\u00f3&nbsp;i una vida al sol saludable. Aquesta col\u00b7laboraci\u00f3 tamb\u00e9 engloba a la [&hellip;]<\/p>\n","protected":false},"author":1,"featured_media":8077,"parent":7828,"menu_order":0,"comment_status":"closed","ping_status":"closed","template":"","meta":{"_acf_changed":false,"give_campaign_id":0,"_monsterinsights_skip_tracking":false,"_monsterinsights_sitenote_active":false,"_monsterinsights_sitenote_note":"","_monsterinsights_sitenote_category":0,"site-sidebar-layout":"default","site-content-layout":"","ast-site-content-layout":"default","site-content-style":"default","site-sidebar-style":"default","ast-global-header-display":"","ast-banner-title-visibility":"","ast-main-header-display":"","ast-hfb-above-header-display":"","ast-hfb-below-header-display":"","ast-hfb-mobile-header-display":"","site-post-title":"disabled","ast-breadcrumbs-content":"","ast-featured-img":"disabled","footer-sml-layout":"","ast-disable-related-posts":"","theme-transparent-header-meta":"","adv-header-id-meta":"","stick-header-meta":"","header-above-stick-meta":"","header-main-stick-meta":"","header-below-stick-meta":"","astra-migrate-meta-layouts":"default","ast-page-background-enabled":"default","ast-page-background-meta":{"desktop":{"background-color":"var(--ast-global-color-4)","background-image":"","background-repeat":"repeat","background-position":"center center","background-size":"auto","background-attachment":"scroll","background-type":"","background-media":"","overlay-type":"","overlay-color":"","overlay-opacity":"","overlay-gradient":""},"tablet":{"background-color":"","background-image":"","background-repeat":"repeat","background-position":"center center","background-size":"auto","background-attachment":"scroll","background-type":"","background-media":"","overlay-type":"","overlay-color":"","overlay-opacity":"","overlay-gradient":""},"mobile":{"background-color":"","background-image":"","background-repeat":"repeat","background-position":"center center","background-size":"auto","background-attachment":"scroll","background-type":"","background-media":"","overlay-type":"","overlay-color":"","overlay-opacity":"","overlay-gradient":""}},"ast-content-background-meta":{"desktop":{"background-color":"var(--ast-global-color-5)","background-image":"","background-repeat":"repeat","background-position":"center center","background-size":"auto","background-attachment":"scroll","background-type":"","background-media":"","overlay-type":"","overlay-color":"","overlay-opacity":"","overlay-gradient":""},"tablet":{"background-color":"var(--ast-global-color-5)","background-image":"","background-repeat":"repeat","background-position":"center center","background-size":"auto","background-attachment":"scroll","background-type":"","background-media":"","overlay-type":"","overlay-color":"","overlay-opacity":"","overlay-gradient":""},"mobile":{"background-color":"var(--ast-global-color-5)","background-image":"","background-repeat":"repeat","background-position":"center center","background-size":"auto","background-attachment":"scroll","background-type":"","background-media":"","overlay-type":"","overlay-color":"","overlay-opacity":"","overlay-gradient":""}},"_themeisle_gutenberg_block_has_review":false,"footnotes":""},"class_list":["post-8071","page","type-page","status-publish","has-post-thumbnail","hentry"],"acf":[],"yoast_head":"<!-- This site is optimized with the Yoast SEO plugin v26.8 - https:\/\/yoast.com\/product\/yoast-seo-wordpress\/ -->\n<title>La Fundaci\u00f3 Rafa Nadal amb Heliocare, ci\u00e8ncia m\u00e8dica i tecnologia aplicada a la protecci\u00f3 de la pell - Fundaci\u00f3n Rafa Nadal<\/title>\n<meta name=\"robots\" content=\"noindex, follow, max-snippet:-1, max-image-preview:large, max-video-preview:-1\" \/>\n<meta property=\"og:locale\" content=\"ca_ES\" \/>\n<meta property=\"og:type\" content=\"article\" \/>\n<meta property=\"og:title\" content=\"La Fundaci\u00f3 Rafa Nadal amb Heliocare, ci\u00e8ncia m\u00e8dica i tecnologia aplicada a la protecci\u00f3 de la pell - Fundaci\u00f3n Rafa Nadal\" \/>\n<meta property=\"og:description\" content=\"La Fundaci\u00f3 Rafa Nadal amb Heliocare, ci\u00e8ncia m\u00e8dica i tecnologia aplicada a la protecci\u00f3 de la pell La companyia farmac\u00e8utica&nbsp;Cantabria Labs&nbsp;ha signat un acord amb Rafael Nadal, gr\u00e0cies al qual el tennista brindar\u00e0 el seu suport per a conscienciar sobre la import\u00e0ncia d&#8217;una bona&nbsp;fotoprotecci\u00f3&nbsp;i una vida al sol saludable. Aquesta col\u00b7laboraci\u00f3 tamb\u00e9 engloba a la [&hellip;]\" \/>\n<meta property=\"og:url\" content=\"https:\/\/fundacionrafanadal.quelinka.es\/ca\/coneix-nos\/noticies\/noticies-2019\/la-fundacio-rafa-nadal-amb-heliocare-ciencia-medica-i-tecnologia-aplicada-a-la-proteccio-de-la-pell\/\" \/>\n<meta property=\"og:site_name\" content=\"Fundaci\u00f3n Rafa Nadal\" \/>\n<meta property=\"article:modified_time\" content=\"2022-06-01T08:18:33+00:00\" \/>\n<meta property=\"og:image\" content=\"https:\/\/fundacionrafanadal.quelinka.es\/wp-content\/uploads\/2022\/06\/2019-con-cantabria-labs-heliocare-th.jpg\" \/>\n\t<meta property=\"og:image:width\" content=\"300\" \/>\n\t<meta property=\"og:image:height\" content=\"199\" \/>\n\t<meta property=\"og:image:type\" content=\"image\/jpeg\" \/>\n<meta name=\"twitter:card\" content=\"summary_large_image\" \/>\n<meta name=\"twitter:label1\" content=\"Temps estimat de lectura\" \/>\n\t<meta name=\"twitter:data1\" content=\"2 minuts\" \/>\n<script type=\"application\/ld+json\" class=\"yoast-schema-graph\">{\"@context\":\"https:\/\/schema.org\",\"@graph\":[{\"@type\":\"WebPage\",\"@id\":\"https:\/\/fundacionrafanadal.quelinka.es\/ca\/coneix-nos\/noticies\/noticies-2019\/la-fundacio-rafa-nadal-amb-heliocare-ciencia-medica-i-tecnologia-aplicada-a-la-proteccio-de-la-pell\/\",\"url\":\"https:\/\/fundacionrafanadal.quelinka.es\/ca\/coneix-nos\/noticies\/noticies-2019\/la-fundacio-rafa-nadal-amb-heliocare-ciencia-medica-i-tecnologia-aplicada-a-la-proteccio-de-la-pell\/\",\"name\":\"La Fundaci\u00f3 Rafa Nadal amb Heliocare, ci\u00e8ncia m\u00e8dica i tecnologia aplicada a la protecci\u00f3 de la pell - Fundaci\u00f3n Rafa Nadal\",\"isPartOf\":{\"@id\":\"https:\/\/fundacionrafanadal.quelinka.es\/ca\/#website\"},\"primaryImageOfPage\":{\"@id\":\"https:\/\/fundacionrafanadal.quelinka.es\/ca\/coneix-nos\/noticies\/noticies-2019\/la-fundacio-rafa-nadal-amb-heliocare-ciencia-medica-i-tecnologia-aplicada-a-la-proteccio-de-la-pell\/#primaryimage\"},\"image\":{\"@id\":\"https:\/\/fundacionrafanadal.quelinka.es\/ca\/coneix-nos\/noticies\/noticies-2019\/la-fundacio-rafa-nadal-amb-heliocare-ciencia-medica-i-tecnologia-aplicada-a-la-proteccio-de-la-pell\/#primaryimage\"},\"thumbnailUrl\":\"https:\/\/fundacionrafanadal.quelinka.es\/wp-content\/uploads\/2022\/06\/2019-con-cantabria-labs-heliocare-th.jpg\",\"datePublished\":\"2019-05-22T08:12:00+00:00\",\"dateModified\":\"2022-06-01T08:18:33+00:00\",\"breadcrumb\":{\"@id\":\"https:\/\/fundacionrafanadal.quelinka.es\/ca\/coneix-nos\/noticies\/noticies-2019\/la-fundacio-rafa-nadal-amb-heliocare-ciencia-medica-i-tecnologia-aplicada-a-la-proteccio-de-la-pell\/#breadcrumb\"},\"inLanguage\":\"ca\",\"potentialAction\":[{\"@type\":\"ReadAction\",\"target\":[\"https:\/\/fundacionrafanadal.quelinka.es\/ca\/coneix-nos\/noticies\/noticies-2019\/la-fundacio-rafa-nadal-amb-heliocare-ciencia-medica-i-tecnologia-aplicada-a-la-proteccio-de-la-pell\/\"]}]},{\"@type\":\"ImageObject\",\"inLanguage\":\"ca\",\"@id\":\"https:\/\/fundacionrafanadal.quelinka.es\/ca\/coneix-nos\/noticies\/noticies-2019\/la-fundacio-rafa-nadal-amb-heliocare-ciencia-medica-i-tecnologia-aplicada-a-la-proteccio-de-la-pell\/#primaryimage\",\"url\":\"https:\/\/fundacionrafanadal.quelinka.es\/wp-content\/uploads\/2022\/06\/2019-con-cantabria-labs-heliocare-th.jpg\",\"contentUrl\":\"https:\/\/fundacionrafanadal.quelinka.es\/wp-content\/uploads\/2022\/06\/2019-con-cantabria-labs-heliocare-th.jpg\",\"width\":300,\"height\":199},{\"@type\":\"BreadcrumbList\",\"@id\":\"https:\/\/fundacionrafanadal.quelinka.es\/ca\/coneix-nos\/noticies\/noticies-2019\/la-fundacio-rafa-nadal-amb-heliocare-ciencia-medica-i-tecnologia-aplicada-a-la-proteccio-de-la-pell\/#breadcrumb\",\"itemListElement\":[{\"@type\":\"ListItem\",\"position\":1,\"name\":\"Portada\",\"item\":\"https:\/\/fundacionrafanadal.quelinka.es\/ca\/\"},{\"@type\":\"ListItem\",\"position\":2,\"name\":\"Coneix-nos\",\"item\":\"https:\/\/fundacionrafanadal.quelinka.es\/ca\/conocenos\/\"},{\"@type\":\"ListItem\",\"position\":3,\"name\":\"Not\u00edcies\",\"item\":\"https:\/\/fundacionrafanadal.quelinka.es\/ca\/conocenos\/noticias\/\"},{\"@type\":\"ListItem\",\"position\":4,\"name\":\"Not\u00edcies 2019\",\"item\":\"https:\/\/fundacionrafanadal.quelinka.es\/ca\/conocenos\/noticias\/noticias-2019\/\"},{\"@type\":\"ListItem\",\"position\":5,\"name\":\"La Fundaci\u00f3 Rafa Nadal amb Heliocare, ci\u00e8ncia m\u00e8dica i tecnologia aplicada a la protecci\u00f3 de la pell\"}]},{\"@type\":\"WebSite\",\"@id\":\"https:\/\/fundacionrafanadal.quelinka.es\/ca\/#website\",\"url\":\"https:\/\/fundacionrafanadal.quelinka.es\/ca\/\",\"name\":\"Fundaci\u00f3n Rafa Nadal\",\"description\":\"A trav\u00e9s del deporte y la educaci\u00f3n, promovemos la integraci\u00f3n y el desarrollo personal y social de ni\u00f1os y j\u00f3venes. En Espa\u00f1a y la India.\",\"publisher\":{\"@id\":\"https:\/\/fundacionrafanadal.quelinka.es\/ca\/#organization\"},\"potentialAction\":[{\"@type\":\"SearchAction\",\"target\":{\"@type\":\"EntryPoint\",\"urlTemplate\":\"https:\/\/fundacionrafanadal.quelinka.es\/ca\/?s={search_term_string}\"},\"query-input\":{\"@type\":\"PropertyValueSpecification\",\"valueRequired\":true,\"valueName\":\"search_term_string\"}}],\"inLanguage\":\"ca\"},{\"@type\":\"Organization\",\"@id\":\"https:\/\/fundacionrafanadal.quelinka.es\/ca\/#organization\",\"name\":\"Fundaci\u00f3n Rafa Nadal\",\"url\":\"https:\/\/fundacionrafanadal.quelinka.es\/ca\/\",\"logo\":{\"@type\":\"ImageObject\",\"inLanguage\":\"ca\",\"@id\":\"https:\/\/fundacionrafanadal.quelinka.es\/ca\/#\/schema\/logo\/image\/\",\"url\":\"https:\/\/fundacionrafanadal.quelinka.es\/wp-content\/uploads\/2022\/09\/logo-frn-web-3.png\",\"contentUrl\":\"https:\/\/fundacionrafanadal.quelinka.es\/wp-content\/uploads\/2022\/09\/logo-frn-web-3.png\",\"width\":551,\"height\":140,\"caption\":\"Fundaci\u00f3n Rafa Nadal\"},\"image\":{\"@id\":\"https:\/\/fundacionrafanadal.quelinka.es\/ca\/#\/schema\/logo\/image\/\"}}]}<\/script>\n<!-- \/ Yoast SEO plugin. -->","yoast_head_json":{"title":"La Fundaci\u00f3 Rafa Nadal amb Heliocare, ci\u00e8ncia m\u00e8dica i tecnologia aplicada a la protecci\u00f3 de la pell - Fundaci\u00f3n Rafa Nadal","robots":{"index":"noindex","follow":"follow","max-snippet":"max-snippet:-1","max-image-preview":"max-image-preview:large","max-video-preview":"max-video-preview:-1"},"og_locale":"ca_ES","og_type":"article","og_title":"La Fundaci\u00f3 Rafa Nadal amb Heliocare, ci\u00e8ncia m\u00e8dica i tecnologia aplicada a la protecci\u00f3 de la pell - Fundaci\u00f3n Rafa Nadal","og_description":"La Fundaci\u00f3 Rafa Nadal amb Heliocare, ci\u00e8ncia m\u00e8dica i tecnologia aplicada a la protecci\u00f3 de la pell La companyia farmac\u00e8utica&nbsp;Cantabria Labs&nbsp;ha signat un acord amb Rafael Nadal, gr\u00e0cies al qual el tennista brindar\u00e0 el seu suport per a conscienciar sobre la import\u00e0ncia d&#8217;una bona&nbsp;fotoprotecci\u00f3&nbsp;i una vida al sol saludable. Aquesta col\u00b7laboraci\u00f3 tamb\u00e9 engloba a la [&hellip;]","og_url":"https:\/\/fundacionrafanadal.quelinka.es\/ca\/coneix-nos\/noticies\/noticies-2019\/la-fundacio-rafa-nadal-amb-heliocare-ciencia-medica-i-tecnologia-aplicada-a-la-proteccio-de-la-pell\/","og_site_name":"Fundaci\u00f3n Rafa Nadal","article_modified_time":"2022-06-01T08:18:33+00:00","og_image":[{"width":300,"height":199,"url":"https:\/\/fundacionrafanadal.quelinka.es\/wp-content\/uploads\/2022\/06\/2019-con-cantabria-labs-heliocare-th.jpg","type":"image\/jpeg"}],"twitter_card":"summary_large_image","twitter_misc":{"Temps estimat de lectura":"2 minuts"},"schema":{"@context":"https:\/\/schema.org","@graph":[{"@type":"WebPage","@id":"https:\/\/fundacionrafanadal.quelinka.es\/ca\/coneix-nos\/noticies\/noticies-2019\/la-fundacio-rafa-nadal-amb-heliocare-ciencia-medica-i-tecnologia-aplicada-a-la-proteccio-de-la-pell\/","url":"https:\/\/fundacionrafanadal.quelinka.es\/ca\/coneix-nos\/noticies\/noticies-2019\/la-fundacio-rafa-nadal-amb-heliocare-ciencia-medica-i-tecnologia-aplicada-a-la-proteccio-de-la-pell\/","name":"La Fundaci\u00f3 Rafa Nadal amb Heliocare, ci\u00e8ncia m\u00e8dica i tecnologia aplicada a la protecci\u00f3 de la pell - Fundaci\u00f3n Rafa Nadal","isPartOf":{"@id":"https:\/\/fundacionrafanadal.quelinka.es\/ca\/#website"},"primaryImageOfPage":{"@id":"https:\/\/fundacionrafanadal.quelinka.es\/ca\/coneix-nos\/noticies\/noticies-2019\/la-fundacio-rafa-nadal-amb-heliocare-ciencia-medica-i-tecnologia-aplicada-a-la-proteccio-de-la-pell\/#primaryimage"},"image":{"@id":"https:\/\/fundacionrafanadal.quelinka.es\/ca\/coneix-nos\/noticies\/noticies-2019\/la-fundacio-rafa-nadal-amb-heliocare-ciencia-medica-i-tecnologia-aplicada-a-la-proteccio-de-la-pell\/#primaryimage"},"thumbnailUrl":"https:\/\/fundacionrafanadal.quelinka.es\/wp-content\/uploads\/2022\/06\/2019-con-cantabria-labs-heliocare-th.jpg","datePublished":"2019-05-22T08:12:00+00:00","dateModified":"2022-06-01T08:18:33+00:00","breadcrumb":{"@id":"https:\/\/fundacionrafanadal.quelinka.es\/ca\/coneix-nos\/noticies\/noticies-2019\/la-fundacio-rafa-nadal-amb-heliocare-ciencia-medica-i-tecnologia-aplicada-a-la-proteccio-de-la-pell\/#breadcrumb"},"inLanguage":"ca","potentialAction":[{"@type":"ReadAction","target":["https:\/\/fundacionrafanadal.quelinka.es\/ca\/coneix-nos\/noticies\/noticies-2019\/la-fundacio-rafa-nadal-amb-heliocare-ciencia-medica-i-tecnologia-aplicada-a-la-proteccio-de-la-pell\/"]}]},{"@type":"ImageObject","inLanguage":"ca","@id":"https:\/\/fundacionrafanadal.quelinka.es\/ca\/coneix-nos\/noticies\/noticies-2019\/la-fundacio-rafa-nadal-amb-heliocare-ciencia-medica-i-tecnologia-aplicada-a-la-proteccio-de-la-pell\/#primaryimage","url":"https:\/\/fundacionrafanadal.quelinka.es\/wp-content\/uploads\/2022\/06\/2019-con-cantabria-labs-heliocare-th.jpg","contentUrl":"https:\/\/fundacionrafanadal.quelinka.es\/wp-content\/uploads\/2022\/06\/2019-con-cantabria-labs-heliocare-th.jpg","width":300,"height":199},{"@type":"BreadcrumbList","@id":"https:\/\/fundacionrafanadal.quelinka.es\/ca\/coneix-nos\/noticies\/noticies-2019\/la-fundacio-rafa-nadal-amb-heliocare-ciencia-medica-i-tecnologia-aplicada-a-la-proteccio-de-la-pell\/#breadcrumb","itemListElement":[{"@type":"ListItem","position":1,"name":"Portada","item":"https:\/\/fundacionrafanadal.quelinka.es\/ca\/"},{"@type":"ListItem","position":2,"name":"Coneix-nos","item":"https:\/\/fundacionrafanadal.quelinka.es\/ca\/conocenos\/"},{"@type":"ListItem","position":3,"name":"Not\u00edcies","item":"https:\/\/fundacionrafanadal.quelinka.es\/ca\/conocenos\/noticias\/"},{"@type":"ListItem","position":4,"name":"Not\u00edcies 2019","item":"https:\/\/fundacionrafanadal.quelinka.es\/ca\/conocenos\/noticias\/noticias-2019\/"},{"@type":"ListItem","position":5,"name":"La Fundaci\u00f3 Rafa Nadal amb Heliocare, ci\u00e8ncia m\u00e8dica i tecnologia aplicada a la protecci\u00f3 de la pell"}]},{"@type":"WebSite","@id":"https:\/\/fundacionrafanadal.quelinka.es\/ca\/#website","url":"https:\/\/fundacionrafanadal.quelinka.es\/ca\/","name":"Fundaci\u00f3n Rafa Nadal","description":"A trav\u00e9s del deporte y la educaci\u00f3n, promovemos la integraci\u00f3n y el desarrollo personal y social de ni\u00f1os y j\u00f3venes. En Espa\u00f1a y la India.","publisher":{"@id":"https:\/\/fundacionrafanadal.quelinka.es\/ca\/#organization"},"potentialAction":[{"@type":"SearchAction","target":{"@type":"EntryPoint","urlTemplate":"https:\/\/fundacionrafanadal.quelinka.es\/ca\/?s={search_term_string}"},"query-input":{"@type":"PropertyValueSpecification","valueRequired":true,"valueName":"search_term_string"}}],"inLanguage":"ca"},{"@type":"Organization","@id":"https:\/\/fundacionrafanadal.quelinka.es\/ca\/#organization","name":"Fundaci\u00f3n Rafa Nadal","url":"https:\/\/fundacionrafanadal.quelinka.es\/ca\/","logo":{"@type":"ImageObject","inLanguage":"ca","@id":"https:\/\/fundacionrafanadal.quelinka.es\/ca\/#\/schema\/logo\/image\/","url":"https:\/\/fundacionrafanadal.quelinka.es\/wp-content\/uploads\/2022\/09\/logo-frn-web-3.png","contentUrl":"https:\/\/fundacionrafanadal.quelinka.es\/wp-content\/uploads\/2022\/09\/logo-frn-web-3.png","width":551,"height":140,"caption":"Fundaci\u00f3n Rafa Nadal"},"image":{"@id":"https:\/\/fundacionrafanadal.quelinka.es\/ca\/#\/schema\/logo\/image\/"}}]}},"campaignId":"","_links":{"self":[{"href":"https:\/\/fundacionrafanadal.quelinka.es\/ca\/wp-json\/wp\/v2\/pages\/8071","targetHints":{"allow":["GET"]}}],"collection":[{"href":"https:\/\/fundacionrafanadal.quelinka.es\/ca\/wp-json\/wp\/v2\/pages"}],"about":[{"href":"https:\/\/fundacionrafanadal.quelinka.es\/ca\/wp-json\/wp\/v2\/types\/page"}],"author":[{"embeddable":true,"href":"https:\/\/fundacionrafanadal.quelinka.es\/ca\/wp-json\/wp\/v2\/users\/1"}],"replies":[{"embeddable":true,"href":"https:\/\/fundacionrafanadal.quelinka.es\/ca\/wp-json\/wp\/v2\/comments?post=8071"}],"version-history":[{"count":1,"href":"https:\/\/fundacionrafanadal.quelinka.es\/ca\/wp-json\/wp\/v2\/pages\/8071\/revisions"}],"predecessor-version":[{"id":8080,"href":"https:\/\/fundacionrafanadal.quelinka.es\/ca\/wp-json\/wp\/v2\/pages\/8071\/revisions\/8080"}],"up":[{"embeddable":true,"href":"https:\/\/fundacionrafanadal.quelinka.es\/ca\/wp-json\/wp\/v2\/pages\/7828"}],"wp:featuredmedia":[{"embeddable":true,"href":"https:\/\/fundacionrafanadal.quelinka.es\/ca\/wp-json\/wp\/v2\/media\/8077"}],"wp:attachment":[{"href":"https:\/\/fundacionrafanadal.quelinka.es\/ca\/wp-json\/wp\/v2\/media?parent=8071"}],"curies":[{"name":"wp","href":"https:\/\/api.w.org\/{rel}","templated":true}]}}