{"id":8083,"date":"2019-04-08T08:21:00","date_gmt":"2019-04-08T08:21:00","guid":{"rendered":"https:\/\/www.fundacionrafanadal.org\/?page_id=8083"},"modified":"2022-06-01T08:42:59","modified_gmt":"2022-06-01T08:42:59","slug":"500-participants-a-la-carrera-de-la-fundacio-rafa-nadal-que-ha-unit-esport-i-solidaritat-a-palma","status":"publish","type":"page","link":"https:\/\/fundacionrafanadal.quelinka.es\/ca\/coneix-nos\/noticies\/noticies-2019\/500-participants-a-la-carrera-de-la-fundacio-rafa-nadal-que-ha-unit-esport-i-solidaritat-a-palma\/","title":{"rendered":"500 participants a la carrera de la Fundaci\u00f3 Rafa Nadal, que ha unit esport i solidaritat a Palma"},"content":{"rendered":"\n<div class=\"wp-block-media-text alignfull is-stacked-on-mobile is-image-fill has-background\" style=\"background-color:#ddac31\"><figure class=\"wp-block-media-text__media\" style=\"background-image:url(https:\/\/www.fundacionrafanadal.quelinka.es\/wp-content\/uploads\/2022\/07\/ISM08879.png);background-position:50% 50%\"><img loading=\"lazy\" decoding=\"async\" width=\"900\" height=\"399\" src=\"https:\/\/www.fundacionrafanadal.quelinka.es\/wp-content\/uploads\/2022\/07\/ISM08879.png\" alt=\"\" class=\"wp-image-9879 size-full\" srcset=\"https:\/\/fundacionrafanadal.quelinka.es\/wp-content\/uploads\/2022\/07\/ISM08879.png 900w, https:\/\/fundacionrafanadal.quelinka.es\/wp-content\/uploads\/2022\/07\/ISM08879-300x133.png 300w, https:\/\/fundacionrafanadal.quelinka.es\/wp-content\/uploads\/2022\/07\/ISM08879-768x340.png 768w\" sizes=\"auto, (max-width: 900px) 100vw, 900px\" \/><\/figure><div class=\"wp-block-media-text__content\">\n<div style=\"height:30px\" aria-hidden=\"true\" class=\"wp-block-spacer\"><\/div>\n\n\n\n<h2 class=\"has-ast-global-color-5-color has-text-color wp-block-heading\" style=\"font-size:48px\"><strong>Not\u00edcies<\/strong><\/h2>\n\n\n\n<div style=\"height:200px\" aria-hidden=\"true\" class=\"wp-block-spacer\"><\/div>\n<\/div><\/div>\n\n\n\n<div style=\"height:100px\" aria-hidden=\"true\" class=\"wp-block-spacer\"><\/div>\n\n\n\n<div class=\"inherit-container-width wp-block-group is-layout-constrained wp-block-group-is-layout-constrained\"><div class=\"wp-block-group__inner-container\"><div class=\"wp-block-post-date\"><time datetime=\"2019-04-08T08:21:00+02:00\">8 d&#8217;abril de 2019<\/time><\/div>\n\n\n<h2 class=\"alignwide has-medium-font-size wp-block-heading\" style=\"text-transform:uppercase\"><strong>500 participants a la carrera de la Fundaci\u00f3 Rafa Nadal, que ha unit esport i solidaritat a Palma<\/strong><\/h2>\n\n\n\n<figure class=\"wp-block-image alignwide size-large\"><img loading=\"lazy\" decoding=\"async\" width=\"1024\" height=\"576\" src=\"https:\/\/www.fundacionrafanadal.quelinka.es\/wp-content\/uploads\/2022\/06\/2019-carrera-millor-junts-feta-1024x576.jpg\" alt=\"\" class=\"wp-image-8086\" srcset=\"https:\/\/fundacionrafanadal.quelinka.es\/wp-content\/uploads\/2022\/06\/2019-carrera-millor-junts-feta-1024x576.jpg 1024w, https:\/\/fundacionrafanadal.quelinka.es\/wp-content\/uploads\/2022\/06\/2019-carrera-millor-junts-feta-300x169.jpg 300w, https:\/\/fundacionrafanadal.quelinka.es\/wp-content\/uploads\/2022\/06\/2019-carrera-millor-junts-feta-768x432.jpg 768w, https:\/\/fundacionrafanadal.quelinka.es\/wp-content\/uploads\/2022\/06\/2019-carrera-millor-junts-feta-1536x864.jpg 1536w, https:\/\/fundacionrafanadal.quelinka.es\/wp-content\/uploads\/2022\/06\/2019-carrera-millor-junts-feta.jpg 1600w\" sizes=\"auto, (max-width: 1024px) 100vw, 1024px\" \/><\/figure>\n\n\n\n<p>El dissabte 6 d&#8217;abril ha tingut lloc a Palma la carrera solid\u00e0ria de la Fundaci\u00f3 Rafa Nadal, que en la seva tercera edici\u00f3 ha reunit a prop de 500 participants de totes les edats. Esport, diversi\u00f3 i solidaritat s&#8217;han unit en una jornada que ha tingut com a principal objectiu la recaptaci\u00f3 de fons per als nens i joves vulnerables atesos en el Centre Fundaci\u00f3 Rafa Nadal, situat en una de les zones m\u00e9s desfavorides de la capital mallorquina, i per on a transcorregut la carrera.<br>&nbsp;<br>Amb el nom de&nbsp;Millor&nbsp;Junts, l&#8217;esdeveniment ha comptat amb quatre categories, amb diferents dist\u00e0ncies i modalitats amb l&#8217;objectiu que qualsevol persona pogu\u00e9s participar en aquesta jornada esportiva: infantil (750m), juvenil (3km), s\u00e8nior (7km) i marxa n\u00f2rdica (3km). El punt de sortida de totes les categories ha estat el Palau de Congressos de Palma, gestionat per Meli\u00e0&nbsp;Hotels&nbsp;Internacional. A la zona de meta, situada davant el Centre Fundaci\u00f3 Rafa Nadal, \u00e9s on ha tingut lloc el lliurament de premis, amenitzat per Els 40 Principales i les mascotes de K\u00e0tmandu&nbsp;Park, entre altres.&nbsp;<br><br>En total s&#8217;han lliurat 44 trofeus i premis: 42 d&#8217;ells individuals als tres primers classificats mascul\u00ed i femen\u00ed de diferents franges d&#8217;edat, i 2 premis grupals als centres educatius amb major participaci\u00f3. Tots ells han rebut els premis de la m\u00e0 d&#8217;Ana Maria&nbsp;Parera, Presidenta de la Fundaci\u00f3 Rafa Nadal, i Lourdes Ripoll, Vicepresidenta adjunta al&nbsp;CEO&nbsp;i&nbsp;RSC&nbsp;de Meli\u00e0&nbsp;Hotels&nbsp;International.&nbsp;<\/p>\n\n\n\n<p><strong>El suport dels col\u00b7laboradors<\/strong><br>A m\u00e9s de comptar amb el patrocini de Meli\u00e0&nbsp;Hotels&nbsp;Internacional, han estat nombroses les empreses que amb el seu suport han fet possible la celebraci\u00f3 d&#8217;aquesta tercera edici\u00f3 de la carrera.&nbsp;Ravanetto, El Corte Ingl\u00e9s, K\u00e0tmandu&nbsp;Park,&nbsp;Only&nbsp;Water,&nbsp;HotelSA, Rafa Nadal&nbsp;Sports&nbsp;Centre, Nike, ACB,&nbsp;ToyBoard,&nbsp;Technogym, Els 40 Principales, Leguas Producciones, Quely i Western Water Park. A m\u00e9s,&nbsp;Millor&nbsp;Junts&nbsp;ha comptat amb la col\u00b7laboraci\u00f3 de la Fundaci\u00f3 Diagrama, Federaci\u00f3 d&#8217;Atletisme de les Illes Balears, Ajuntament de Palma i Consell de Mallorca.<\/p>\n\n\n\n[ngg src=&#8221;galleries&#8221; ids=&#8221;14&#8243; display=&#8221;basic_thumbnail&#8221; thumbnail_crop=&#8221;0&#8243; number_of_columns=&#8221;2&#8243;]\n<\/div><\/div>\n","protected":false},"excerpt":{"rendered":"<p>500 participants a la carrera de la Fundaci\u00f3 Rafa Nadal, que ha unit esport i solidaritat a Palma El dissabte 6 d&#8217;abril ha tingut lloc a Palma la carrera solid\u00e0ria de la Fundaci\u00f3 Rafa Nadal, que en la seva tercera edici\u00f3 ha reunit a prop de 500 participants de totes les edats. Esport, diversi\u00f3 i [&hellip;]<\/p>\n","protected":false},"author":1,"featured_media":8092,"parent":7828,"menu_order":0,"comment_status":"closed","ping_status":"closed","template":"","meta":{"_acf_changed":false,"give_campaign_id":0,"_monsterinsights_skip_tracking":false,"_monsterinsights_sitenote_active":false,"_monsterinsights_sitenote_note":"","_monsterinsights_sitenote_category":0,"site-sidebar-layout":"default","site-content-layout":"","ast-site-content-layout":"default","site-content-style":"default","site-sidebar-style":"default","ast-global-header-display":"","ast-banner-title-visibility":"","ast-main-header-display":"","ast-hfb-above-header-display":"","ast-hfb-below-header-display":"","ast-hfb-mobile-header-display":"","site-post-title":"disabled","ast-breadcrumbs-content":"","ast-featured-img":"disabled","footer-sml-layout":"","ast-disable-related-posts":"","theme-transparent-header-meta":"","adv-header-id-meta":"","stick-header-meta":"","header-above-stick-meta":"","header-main-stick-meta":"","header-below-stick-meta":"","astra-migrate-meta-layouts":"default","ast-page-background-enabled":"default","ast-page-background-meta":{"desktop":{"background-color":"var(--ast-global-color-4)","background-image":"","background-repeat":"repeat","background-position":"center center","background-size":"auto","background-attachment":"scroll","background-type":"","background-media":"","overlay-type":"","overlay-color":"","overlay-opacity":"","overlay-gradient":""},"tablet":{"background-color":"","background-image":"","background-repeat":"repeat","background-position":"center center","background-size":"auto","background-attachment":"scroll","background-type":"","background-media":"","overlay-type":"","overlay-color":"","overlay-opacity":"","overlay-gradient":""},"mobile":{"background-color":"","background-image":"","background-repeat":"repeat","background-position":"center center","background-size":"auto","background-attachment":"scroll","background-type":"","background-media":"","overlay-type":"","overlay-color":"","overlay-opacity":"","overlay-gradient":""}},"ast-content-background-meta":{"desktop":{"background-color":"var(--ast-global-color-5)","background-image":"","background-repeat":"repeat","background-position":"center center","background-size":"auto","background-attachment":"scroll","background-type":"","background-media":"","overlay-type":"","overlay-color":"","overlay-opacity":"","overlay-gradient":""},"tablet":{"background-color":"var(--ast-global-color-5)","background-image":"","background-repeat":"repeat","background-position":"center center","background-size":"auto","background-attachment":"scroll","background-type":"","background-media":"","overlay-type":"","overlay-color":"","overlay-opacity":"","overlay-gradient":""},"mobile":{"background-color":"var(--ast-global-color-5)","background-image":"","background-repeat":"repeat","background-position":"center center","background-size":"auto","background-attachment":"scroll","background-type":"","background-media":"","overlay-type":"","overlay-color":"","overlay-opacity":"","overlay-gradient":""}},"_themeisle_gutenberg_block_has_review":false,"footnotes":""},"class_list":["post-8083","page","type-page","status-publish","has-post-thumbnail","hentry"],"acf":[],"yoast_head":"<!-- This site is optimized with the Yoast SEO plugin v26.8 - https:\/\/yoast.com\/product\/yoast-seo-wordpress\/ -->\n<title>500 participants a la carrera de la Fundaci\u00f3 Rafa Nadal, que ha unit esport i solidaritat a Palma - Fundaci\u00f3n Rafa Nadal<\/title>\n<meta name=\"robots\" content=\"noindex, follow, max-snippet:-1, max-image-preview:large, max-video-preview:-1\" \/>\n<meta property=\"og:locale\" content=\"ca_ES\" \/>\n<meta property=\"og:type\" content=\"article\" \/>\n<meta property=\"og:title\" content=\"500 participants a la carrera de la Fundaci\u00f3 Rafa Nadal, que ha unit esport i solidaritat a Palma - Fundaci\u00f3n Rafa Nadal\" \/>\n<meta property=\"og:description\" content=\"500 participants a la carrera de la Fundaci\u00f3 Rafa Nadal, que ha unit esport i solidaritat a Palma El dissabte 6 d&#8217;abril ha tingut lloc a Palma la carrera solid\u00e0ria de la Fundaci\u00f3 Rafa Nadal, que en la seva tercera edici\u00f3 ha reunit a prop de 500 participants de totes les edats. Esport, diversi\u00f3 i [&hellip;]\" \/>\n<meta property=\"og:url\" content=\"https:\/\/fundacionrafanadal.quelinka.es\/ca\/coneix-nos\/noticies\/noticies-2019\/500-participants-a-la-carrera-de-la-fundacio-rafa-nadal-que-ha-unit-esport-i-solidaritat-a-palma\/\" \/>\n<meta property=\"og:site_name\" content=\"Fundaci\u00f3n Rafa Nadal\" \/>\n<meta property=\"article:modified_time\" content=\"2022-06-01T08:42:59+00:00\" \/>\n<meta property=\"og:image\" content=\"https:\/\/fundacionrafanadal.quelinka.es\/wp-content\/uploads\/2022\/06\/2019-carrera-millor-junts-feta-th.jpg\" \/>\n\t<meta property=\"og:image:width\" content=\"300\" \/>\n\t<meta property=\"og:image:height\" content=\"199\" \/>\n\t<meta property=\"og:image:type\" content=\"image\/jpeg\" \/>\n<meta name=\"twitter:card\" content=\"summary_large_image\" \/>\n<meta name=\"twitter:label1\" content=\"Temps estimat de lectura\" \/>\n\t<meta name=\"twitter:data1\" content=\"2 minuts\" \/>\n<script type=\"application\/ld+json\" class=\"yoast-schema-graph\">{\"@context\":\"https:\/\/schema.org\",\"@graph\":[{\"@type\":\"WebPage\",\"@id\":\"https:\/\/fundacionrafanadal.quelinka.es\/ca\/coneix-nos\/noticies\/noticies-2019\/500-participants-a-la-carrera-de-la-fundacio-rafa-nadal-que-ha-unit-esport-i-solidaritat-a-palma\/\",\"url\":\"https:\/\/fundacionrafanadal.quelinka.es\/ca\/coneix-nos\/noticies\/noticies-2019\/500-participants-a-la-carrera-de-la-fundacio-rafa-nadal-que-ha-unit-esport-i-solidaritat-a-palma\/\",\"name\":\"500 participants a la carrera de la Fundaci\u00f3 Rafa Nadal, que ha unit esport i solidaritat a Palma - Fundaci\u00f3n Rafa Nadal\",\"isPartOf\":{\"@id\":\"https:\/\/fundacionrafanadal.quelinka.es\/ca\/#website\"},\"primaryImageOfPage\":{\"@id\":\"https:\/\/fundacionrafanadal.quelinka.es\/ca\/coneix-nos\/noticies\/noticies-2019\/500-participants-a-la-carrera-de-la-fundacio-rafa-nadal-que-ha-unit-esport-i-solidaritat-a-palma\/#primaryimage\"},\"image\":{\"@id\":\"https:\/\/fundacionrafanadal.quelinka.es\/ca\/coneix-nos\/noticies\/noticies-2019\/500-participants-a-la-carrera-de-la-fundacio-rafa-nadal-que-ha-unit-esport-i-solidaritat-a-palma\/#primaryimage\"},\"thumbnailUrl\":\"https:\/\/fundacionrafanadal.quelinka.es\/wp-content\/uploads\/2022\/06\/2019-carrera-millor-junts-feta-th.jpg\",\"datePublished\":\"2019-04-08T08:21:00+00:00\",\"dateModified\":\"2022-06-01T08:42:59+00:00\",\"breadcrumb\":{\"@id\":\"https:\/\/fundacionrafanadal.quelinka.es\/ca\/coneix-nos\/noticies\/noticies-2019\/500-participants-a-la-carrera-de-la-fundacio-rafa-nadal-que-ha-unit-esport-i-solidaritat-a-palma\/#breadcrumb\"},\"inLanguage\":\"ca\",\"potentialAction\":[{\"@type\":\"ReadAction\",\"target\":[\"https:\/\/fundacionrafanadal.quelinka.es\/ca\/coneix-nos\/noticies\/noticies-2019\/500-participants-a-la-carrera-de-la-fundacio-rafa-nadal-que-ha-unit-esport-i-solidaritat-a-palma\/\"]}]},{\"@type\":\"ImageObject\",\"inLanguage\":\"ca\",\"@id\":\"https:\/\/fundacionrafanadal.quelinka.es\/ca\/coneix-nos\/noticies\/noticies-2019\/500-participants-a-la-carrera-de-la-fundacio-rafa-nadal-que-ha-unit-esport-i-solidaritat-a-palma\/#primaryimage\",\"url\":\"https:\/\/fundacionrafanadal.quelinka.es\/wp-content\/uploads\/2022\/06\/2019-carrera-millor-junts-feta-th.jpg\",\"contentUrl\":\"https:\/\/fundacionrafanadal.quelinka.es\/wp-content\/uploads\/2022\/06\/2019-carrera-millor-junts-feta-th.jpg\",\"width\":300,\"height\":199},{\"@type\":\"BreadcrumbList\",\"@id\":\"https:\/\/fundacionrafanadal.quelinka.es\/ca\/coneix-nos\/noticies\/noticies-2019\/500-participants-a-la-carrera-de-la-fundacio-rafa-nadal-que-ha-unit-esport-i-solidaritat-a-palma\/#breadcrumb\",\"itemListElement\":[{\"@type\":\"ListItem\",\"position\":1,\"name\":\"Portada\",\"item\":\"https:\/\/fundacionrafanadal.quelinka.es\/ca\/\"},{\"@type\":\"ListItem\",\"position\":2,\"name\":\"Coneix-nos\",\"item\":\"https:\/\/fundacionrafanadal.quelinka.es\/ca\/conocenos\/\"},{\"@type\":\"ListItem\",\"position\":3,\"name\":\"Not\u00edcies\",\"item\":\"https:\/\/fundacionrafanadal.quelinka.es\/ca\/conocenos\/noticias\/\"},{\"@type\":\"ListItem\",\"position\":4,\"name\":\"Not\u00edcies 2019\",\"item\":\"https:\/\/fundacionrafanadal.quelinka.es\/ca\/conocenos\/noticias\/noticias-2019\/\"},{\"@type\":\"ListItem\",\"position\":5,\"name\":\"500 participants a la carrera de la Fundaci\u00f3 Rafa Nadal, que ha unit esport i solidaritat a Palma\"}]},{\"@type\":\"WebSite\",\"@id\":\"https:\/\/fundacionrafanadal.quelinka.es\/ca\/#website\",\"url\":\"https:\/\/fundacionrafanadal.quelinka.es\/ca\/\",\"name\":\"Fundaci\u00f3n Rafa Nadal\",\"description\":\"A trav\u00e9s del deporte y la educaci\u00f3n, promovemos la integraci\u00f3n y el desarrollo personal y social de ni\u00f1os y j\u00f3venes. En Espa\u00f1a y la India.\",\"publisher\":{\"@id\":\"https:\/\/fundacionrafanadal.quelinka.es\/ca\/#organization\"},\"potentialAction\":[{\"@type\":\"SearchAction\",\"target\":{\"@type\":\"EntryPoint\",\"urlTemplate\":\"https:\/\/fundacionrafanadal.quelinka.es\/ca\/?s={search_term_string}\"},\"query-input\":{\"@type\":\"PropertyValueSpecification\",\"valueRequired\":true,\"valueName\":\"search_term_string\"}}],\"inLanguage\":\"ca\"},{\"@type\":\"Organization\",\"@id\":\"https:\/\/fundacionrafanadal.quelinka.es\/ca\/#organization\",\"name\":\"Fundaci\u00f3n Rafa Nadal\",\"url\":\"https:\/\/fundacionrafanadal.quelinka.es\/ca\/\",\"logo\":{\"@type\":\"ImageObject\",\"inLanguage\":\"ca\",\"@id\":\"https:\/\/fundacionrafanadal.quelinka.es\/ca\/#\/schema\/logo\/image\/\",\"url\":\"https:\/\/fundacionrafanadal.quelinka.es\/wp-content\/uploads\/2022\/09\/logo-frn-web-3.png\",\"contentUrl\":\"https:\/\/fundacionrafanadal.quelinka.es\/wp-content\/uploads\/2022\/09\/logo-frn-web-3.png\",\"width\":551,\"height\":140,\"caption\":\"Fundaci\u00f3n Rafa Nadal\"},\"image\":{\"@id\":\"https:\/\/fundacionrafanadal.quelinka.es\/ca\/#\/schema\/logo\/image\/\"}}]}<\/script>\n<!-- \/ Yoast SEO plugin. -->","yoast_head_json":{"title":"500 participants a la carrera de la Fundaci\u00f3 Rafa Nadal, que ha unit esport i solidaritat a Palma - Fundaci\u00f3n Rafa Nadal","robots":{"index":"noindex","follow":"follow","max-snippet":"max-snippet:-1","max-image-preview":"max-image-preview:large","max-video-preview":"max-video-preview:-1"},"og_locale":"ca_ES","og_type":"article","og_title":"500 participants a la carrera de la Fundaci\u00f3 Rafa Nadal, que ha unit esport i solidaritat a Palma - Fundaci\u00f3n Rafa Nadal","og_description":"500 participants a la carrera de la Fundaci\u00f3 Rafa Nadal, que ha unit esport i solidaritat a Palma El dissabte 6 d&#8217;abril ha tingut lloc a Palma la carrera solid\u00e0ria de la Fundaci\u00f3 Rafa Nadal, que en la seva tercera edici\u00f3 ha reunit a prop de 500 participants de totes les edats. Esport, diversi\u00f3 i [&hellip;]","og_url":"https:\/\/fundacionrafanadal.quelinka.es\/ca\/coneix-nos\/noticies\/noticies-2019\/500-participants-a-la-carrera-de-la-fundacio-rafa-nadal-que-ha-unit-esport-i-solidaritat-a-palma\/","og_site_name":"Fundaci\u00f3n Rafa Nadal","article_modified_time":"2022-06-01T08:42:59+00:00","og_image":[{"width":300,"height":199,"url":"https:\/\/fundacionrafanadal.quelinka.es\/wp-content\/uploads\/2022\/06\/2019-carrera-millor-junts-feta-th.jpg","type":"image\/jpeg"}],"twitter_card":"summary_large_image","twitter_misc":{"Temps estimat de lectura":"2 minuts"},"schema":{"@context":"https:\/\/schema.org","@graph":[{"@type":"WebPage","@id":"https:\/\/fundacionrafanadal.quelinka.es\/ca\/coneix-nos\/noticies\/noticies-2019\/500-participants-a-la-carrera-de-la-fundacio-rafa-nadal-que-ha-unit-esport-i-solidaritat-a-palma\/","url":"https:\/\/fundacionrafanadal.quelinka.es\/ca\/coneix-nos\/noticies\/noticies-2019\/500-participants-a-la-carrera-de-la-fundacio-rafa-nadal-que-ha-unit-esport-i-solidaritat-a-palma\/","name":"500 participants a la carrera de la Fundaci\u00f3 Rafa Nadal, que ha unit esport i solidaritat a Palma - Fundaci\u00f3n Rafa Nadal","isPartOf":{"@id":"https:\/\/fundacionrafanadal.quelinka.es\/ca\/#website"},"primaryImageOfPage":{"@id":"https:\/\/fundacionrafanadal.quelinka.es\/ca\/coneix-nos\/noticies\/noticies-2019\/500-participants-a-la-carrera-de-la-fundacio-rafa-nadal-que-ha-unit-esport-i-solidaritat-a-palma\/#primaryimage"},"image":{"@id":"https:\/\/fundacionrafanadal.quelinka.es\/ca\/coneix-nos\/noticies\/noticies-2019\/500-participants-a-la-carrera-de-la-fundacio-rafa-nadal-que-ha-unit-esport-i-solidaritat-a-palma\/#primaryimage"},"thumbnailUrl":"https:\/\/fundacionrafanadal.quelinka.es\/wp-content\/uploads\/2022\/06\/2019-carrera-millor-junts-feta-th.jpg","datePublished":"2019-04-08T08:21:00+00:00","dateModified":"2022-06-01T08:42:59+00:00","breadcrumb":{"@id":"https:\/\/fundacionrafanadal.quelinka.es\/ca\/coneix-nos\/noticies\/noticies-2019\/500-participants-a-la-carrera-de-la-fundacio-rafa-nadal-que-ha-unit-esport-i-solidaritat-a-palma\/#breadcrumb"},"inLanguage":"ca","potentialAction":[{"@type":"ReadAction","target":["https:\/\/fundacionrafanadal.quelinka.es\/ca\/coneix-nos\/noticies\/noticies-2019\/500-participants-a-la-carrera-de-la-fundacio-rafa-nadal-que-ha-unit-esport-i-solidaritat-a-palma\/"]}]},{"@type":"ImageObject","inLanguage":"ca","@id":"https:\/\/fundacionrafanadal.quelinka.es\/ca\/coneix-nos\/noticies\/noticies-2019\/500-participants-a-la-carrera-de-la-fundacio-rafa-nadal-que-ha-unit-esport-i-solidaritat-a-palma\/#primaryimage","url":"https:\/\/fundacionrafanadal.quelinka.es\/wp-content\/uploads\/2022\/06\/2019-carrera-millor-junts-feta-th.jpg","contentUrl":"https:\/\/fundacionrafanadal.quelinka.es\/wp-content\/uploads\/2022\/06\/2019-carrera-millor-junts-feta-th.jpg","width":300,"height":199},{"@type":"BreadcrumbList","@id":"https:\/\/fundacionrafanadal.quelinka.es\/ca\/coneix-nos\/noticies\/noticies-2019\/500-participants-a-la-carrera-de-la-fundacio-rafa-nadal-que-ha-unit-esport-i-solidaritat-a-palma\/#breadcrumb","itemListElement":[{"@type":"ListItem","position":1,"name":"Portada","item":"https:\/\/fundacionrafanadal.quelinka.es\/ca\/"},{"@type":"ListItem","position":2,"name":"Coneix-nos","item":"https:\/\/fundacionrafanadal.quelinka.es\/ca\/conocenos\/"},{"@type":"ListItem","position":3,"name":"Not\u00edcies","item":"https:\/\/fundacionrafanadal.quelinka.es\/ca\/conocenos\/noticias\/"},{"@type":"ListItem","position":4,"name":"Not\u00edcies 2019","item":"https:\/\/fundacionrafanadal.quelinka.es\/ca\/conocenos\/noticias\/noticias-2019\/"},{"@type":"ListItem","position":5,"name":"500 participants a la carrera de la Fundaci\u00f3 Rafa Nadal, que ha unit esport i solidaritat a Palma"}]},{"@type":"WebSite","@id":"https:\/\/fundacionrafanadal.quelinka.es\/ca\/#website","url":"https:\/\/fundacionrafanadal.quelinka.es\/ca\/","name":"Fundaci\u00f3n Rafa Nadal","description":"A trav\u00e9s del deporte y la educaci\u00f3n, promovemos la integraci\u00f3n y el desarrollo personal y social de ni\u00f1os y j\u00f3venes. En Espa\u00f1a y la India.","publisher":{"@id":"https:\/\/fundacionrafanadal.quelinka.es\/ca\/#organization"},"potentialAction":[{"@type":"SearchAction","target":{"@type":"EntryPoint","urlTemplate":"https:\/\/fundacionrafanadal.quelinka.es\/ca\/?s={search_term_string}"},"query-input":{"@type":"PropertyValueSpecification","valueRequired":true,"valueName":"search_term_string"}}],"inLanguage":"ca"},{"@type":"Organization","@id":"https:\/\/fundacionrafanadal.quelinka.es\/ca\/#organization","name":"Fundaci\u00f3n Rafa Nadal","url":"https:\/\/fundacionrafanadal.quelinka.es\/ca\/","logo":{"@type":"ImageObject","inLanguage":"ca","@id":"https:\/\/fundacionrafanadal.quelinka.es\/ca\/#\/schema\/logo\/image\/","url":"https:\/\/fundacionrafanadal.quelinka.es\/wp-content\/uploads\/2022\/09\/logo-frn-web-3.png","contentUrl":"https:\/\/fundacionrafanadal.quelinka.es\/wp-content\/uploads\/2022\/09\/logo-frn-web-3.png","width":551,"height":140,"caption":"Fundaci\u00f3n Rafa Nadal"},"image":{"@id":"https:\/\/fundacionrafanadal.quelinka.es\/ca\/#\/schema\/logo\/image\/"}}]}},"campaignId":"","_links":{"self":[{"href":"https:\/\/fundacionrafanadal.quelinka.es\/ca\/wp-json\/wp\/v2\/pages\/8083","targetHints":{"allow":["GET"]}}],"collection":[{"href":"https:\/\/fundacionrafanadal.quelinka.es\/ca\/wp-json\/wp\/v2\/pages"}],"about":[{"href":"https:\/\/fundacionrafanadal.quelinka.es\/ca\/wp-json\/wp\/v2\/types\/page"}],"author":[{"embeddable":true,"href":"https:\/\/fundacionrafanadal.quelinka.es\/ca\/wp-json\/wp\/v2\/users\/1"}],"replies":[{"embeddable":true,"href":"https:\/\/fundacionrafanadal.quelinka.es\/ca\/wp-json\/wp\/v2\/comments?post=8083"}],"version-history":[{"count":1,"href":"https:\/\/fundacionrafanadal.quelinka.es\/ca\/wp-json\/wp\/v2\/pages\/8083\/revisions"}],"predecessor-version":[{"id":8104,"href":"https:\/\/fundacionrafanadal.quelinka.es\/ca\/wp-json\/wp\/v2\/pages\/8083\/revisions\/8104"}],"up":[{"embeddable":true,"href":"https:\/\/fundacionrafanadal.quelinka.es\/ca\/wp-json\/wp\/v2\/pages\/7828"}],"wp:featuredmedia":[{"embeddable":true,"href":"https:\/\/fundacionrafanadal.quelinka.es\/ca\/wp-json\/wp\/v2\/media\/8092"}],"wp:attachment":[{"href":"https:\/\/fundacionrafanadal.quelinka.es\/ca\/wp-json\/wp\/v2\/media?parent=8083"}],"curies":[{"name":"wp","href":"https:\/\/api.w.org\/{rel}","templated":true}]}}