{"id":8199,"date":"2018-09-24T09:41:00","date_gmt":"2018-09-24T09:41:00","guid":{"rendered":"https:\/\/www.fundacionrafanadal.org\/?page_id=8199"},"modified":"2022-06-01T10:20:33","modified_gmt":"2022-06-01T10:20:33","slug":"fi-de-la-5a-edicio-del-rafa-nadal-tour-by-mapfre-a-benefici-de-la-fundacio","status":"publish","type":"page","link":"https:\/\/fundacionrafanadal.quelinka.es\/ca\/coneix-nos\/noticies\/noticies-2018\/fi-de-la-5a-edicio-del-rafa-nadal-tour-by-mapfre-a-benefici-de-la-fundacio\/","title":{"rendered":"Fi de la 5\u00aa edici\u00f3 del Rafa Nadal Tour by Mapfre, a benefici de la fundaci\u00f3"},"content":{"rendered":"\n<div class=\"wp-block-media-text alignfull is-stacked-on-mobile is-image-fill has-background\" style=\"background-color:#ddac31\"><figure class=\"wp-block-media-text__media\" style=\"background-image:url(https:\/\/www.fundacionrafanadal.quelinka.es\/wp-content\/uploads\/2022\/07\/ISM08879.png);background-position:50% 50%\"><img loading=\"lazy\" decoding=\"async\" width=\"900\" height=\"399\" src=\"https:\/\/www.fundacionrafanadal.quelinka.es\/wp-content\/uploads\/2022\/07\/ISM08879.png\" alt=\"\" class=\"wp-image-9879 size-full\" srcset=\"https:\/\/fundacionrafanadal.quelinka.es\/wp-content\/uploads\/2022\/07\/ISM08879.png 900w, https:\/\/fundacionrafanadal.quelinka.es\/wp-content\/uploads\/2022\/07\/ISM08879-300x133.png 300w, https:\/\/fundacionrafanadal.quelinka.es\/wp-content\/uploads\/2022\/07\/ISM08879-768x340.png 768w\" sizes=\"auto, (max-width: 900px) 100vw, 900px\" \/><\/figure><div class=\"wp-block-media-text__content\">\n<div style=\"height:30px\" aria-hidden=\"true\" class=\"wp-block-spacer\"><\/div>\n\n\n\n<h2 class=\"has-ast-global-color-5-color has-text-color wp-block-heading\" style=\"font-size:48px\"><strong>Not\u00edcies<\/strong><\/h2>\n\n\n\n<div style=\"height:200px\" aria-hidden=\"true\" class=\"wp-block-spacer\"><\/div>\n<\/div><\/div>\n\n\n\n<div style=\"height:100px\" aria-hidden=\"true\" class=\"wp-block-spacer\"><\/div>\n\n\n\n<div class=\"inherit-container-width wp-block-group is-layout-constrained wp-block-group-is-layout-constrained\"><div class=\"wp-block-group__inner-container\"><div class=\"wp-block-post-date\"><time datetime=\"2018-09-24T09:41:00+02:00\">24 de setembre de 2018<\/time><\/div>\n\n\n<h2 class=\"alignwide has-medium-font-size wp-block-heading\" style=\"text-transform:uppercase\"><strong>Fi de la 5\u00aa edici\u00f3 del Rafa Nadal Tour by Mapfre, a benefici de la fundaci\u00f3<\/strong><\/h2>\n\n\n\n<figure class=\"wp-block-image alignwide size-large\"><img loading=\"lazy\" decoding=\"async\" width=\"1024\" height=\"663\" src=\"https:\/\/www.fundacionrafanadal.quelinka.es\/wp-content\/uploads\/2022\/06\/2018-fin-quinta-edicion-tour-1-1024x663.jpg\" alt=\"\" class=\"wp-image-8202\" srcset=\"https:\/\/fundacionrafanadal.quelinka.es\/wp-content\/uploads\/2022\/06\/2018-fin-quinta-edicion-tour-1-1024x663.jpg 1024w, https:\/\/fundacionrafanadal.quelinka.es\/wp-content\/uploads\/2022\/06\/2018-fin-quinta-edicion-tour-1-300x194.jpg 300w, https:\/\/fundacionrafanadal.quelinka.es\/wp-content\/uploads\/2022\/06\/2018-fin-quinta-edicion-tour-1-768x497.jpg 768w, https:\/\/fundacionrafanadal.quelinka.es\/wp-content\/uploads\/2022\/06\/2018-fin-quinta-edicion-tour-1-1536x995.jpg 1536w, https:\/\/fundacionrafanadal.quelinka.es\/wp-content\/uploads\/2022\/06\/2018-fin-quinta-edicion-tour-1.jpg 1600w\" sizes=\"auto, (max-width: 1024px) 100vw, 1024px\" \/><\/figure>\n\n\n\n<p>El&nbsp;<strong>circuit juvenil de tenis&nbsp;<a href=\"https:\/\/www.rafanadaltour.com\/esp\/default.asp\">Rafa Nadal Tour by Mapfre<\/a><\/strong>&nbsp;ha celebrat del 19 al 22 de setembre l&#8217;etapa final de la seva cinquena edici\u00f3. 32 joves tenistes han participat en aquest master, celebrat a la&nbsp;<strong><a href=\"https:\/\/rafanadalacademy.com\/\">Rafa Nadal Academy by Movistar<\/a><\/strong>, a Manacor (Mallorca). El Rafa Nadal Tour by Mapfre \u00e9s un&nbsp;<strong>circuit solidari<\/strong>, i \u00e9s que la totalitat dels beneficis econ\u00f2mics es destinen a finan\u00e7ar els projectes d&#8217;educaci\u00f3 i esport de la&nbsp;<strong>Fundaci\u00f3 Rafa Nadal,<\/strong>&nbsp;a Espanya i l&#8217;\u00cdndia.<\/p>\n\n\n\n<p>Rafael Nadal, present tant en el sorteig dels quadres com en el lliurament de premis, va dirigir unes paraules als participants: \u201c<em>Recordo els anys en el que participava en tornejos juvenils com uns dels millors de la meva vida; espero que vosaltres estigueu gaudint tamb\u00e9 d&#8217;aquesta experi\u00e8ncia gr\u00e0cies al Rafa Nadal Tour by Mapfre\u201d. \u201cMolta sort a tots i passeu-ho molt b\u00e9, que \u00e9s el m\u00e9s important<\/em>\u201d, va afegir.<\/p>\n\n\n\n<p>Paral\u00b7lelament a la competici\u00f3 ten\u00edstica, durant el master s&#8217;han dut a terme activitats i din\u00e0miques de&nbsp;<strong>promoci\u00f3 dels valors de l&#8217;esport<\/strong>, un pilar essencial del circuit i que li d\u00f3na singularitat. Exemple d&#8217;aix\u00f2 \u00e9s el fet que 4 dels 32 participants al master es van classificar al ser els guanyadors del&nbsp;<strong>Trofeu de Valors<\/strong>, sent aix\u00ed els jugadors que al llarg dels tornejos previs van posar en pr\u00e0ctica uns valors, una actitud i un comportament m\u00e9s positiu.<\/p>\n\n\n\n<p>Pr\u00e8viament al master, aquesta 5\u00aa edici\u00f3 del Rafa Nadal Tour by Mapfre ha estat formada per sis tornejos, disputats en diferents ciutats espanyoles al llarg de l&#8217;any: Barcelona, Sevilla, Valldoreix (Barcelona), Zaragoza, Alacant i Madrid. En total, s&#8217;han registrat&nbsp;<strong>2.500 inscripcions<\/strong>, que s&#8217;han tradu\u00eft en un total d&#8217;<strong>1.500 participants<\/strong>&nbsp;\u2013ja que un mateix jugador pot haver-se inscrit en m\u00e9s d&#8217;un torneig-. Cal destacar tamb\u00e9 que els tenistes participants han estat de&nbsp;<strong>51 nacionalitats<\/strong>&nbsp;diferents.<\/p>\n<\/div><\/div>\n","protected":false},"excerpt":{"rendered":"<p>Fi de la 5\u00aa edici\u00f3 del Rafa Nadal Tour by Mapfre, a benefici de la fundaci\u00f3 El&nbsp;circuit juvenil de tenis&nbsp;Rafa Nadal Tour by Mapfre&nbsp;ha celebrat del 19 al 22 de setembre l&#8217;etapa final de la seva cinquena edici\u00f3. 32 joves tenistes han participat en aquest master, celebrat a la&nbsp;Rafa Nadal Academy by Movistar, a Manacor [&hellip;]<\/p>\n","protected":false},"author":1,"featured_media":8225,"parent":8171,"menu_order":0,"comment_status":"closed","ping_status":"closed","template":"","meta":{"_acf_changed":false,"give_campaign_id":0,"_monsterinsights_skip_tracking":false,"_monsterinsights_sitenote_active":false,"_monsterinsights_sitenote_note":"","_monsterinsights_sitenote_category":0,"site-sidebar-layout":"default","site-content-layout":"","ast-site-content-layout":"default","site-content-style":"default","site-sidebar-style":"default","ast-global-header-display":"","ast-banner-title-visibility":"","ast-main-header-display":"","ast-hfb-above-header-display":"","ast-hfb-below-header-display":"","ast-hfb-mobile-header-display":"","site-post-title":"disabled","ast-breadcrumbs-content":"","ast-featured-img":"disabled","footer-sml-layout":"","ast-disable-related-posts":"","theme-transparent-header-meta":"","adv-header-id-meta":"","stick-header-meta":"","header-above-stick-meta":"","header-main-stick-meta":"","header-below-stick-meta":"","astra-migrate-meta-layouts":"default","ast-page-background-enabled":"default","ast-page-background-meta":{"desktop":{"background-color":"var(--ast-global-color-4)","background-image":"","background-repeat":"repeat","background-position":"center center","background-size":"auto","background-attachment":"scroll","background-type":"","background-media":"","overlay-type":"","overlay-color":"","overlay-opacity":"","overlay-gradient":""},"tablet":{"background-color":"","background-image":"","background-repeat":"repeat","background-position":"center center","background-size":"auto","background-attachment":"scroll","background-type":"","background-media":"","overlay-type":"","overlay-color":"","overlay-opacity":"","overlay-gradient":""},"mobile":{"background-color":"","background-image":"","background-repeat":"repeat","background-position":"center center","background-size":"auto","background-attachment":"scroll","background-type":"","background-media":"","overlay-type":"","overlay-color":"","overlay-opacity":"","overlay-gradient":""}},"ast-content-background-meta":{"desktop":{"background-color":"var(--ast-global-color-5)","background-image":"","background-repeat":"repeat","background-position":"center center","background-size":"auto","background-attachment":"scroll","background-type":"","background-media":"","overlay-type":"","overlay-color":"","overlay-opacity":"","overlay-gradient":""},"tablet":{"background-color":"var(--ast-global-color-5)","background-image":"","background-repeat":"repeat","background-position":"center center","background-size":"auto","background-attachment":"scroll","background-type":"","background-media":"","overlay-type":"","overlay-color":"","overlay-opacity":"","overlay-gradient":""},"mobile":{"background-color":"var(--ast-global-color-5)","background-image":"","background-repeat":"repeat","background-position":"center center","background-size":"auto","background-attachment":"scroll","background-type":"","background-media":"","overlay-type":"","overlay-color":"","overlay-opacity":"","overlay-gradient":""}},"_themeisle_gutenberg_block_has_review":false,"footnotes":""},"class_list":["post-8199","page","type-page","status-publish","has-post-thumbnail","hentry"],"acf":[],"yoast_head":"<!-- This site is optimized with the Yoast SEO plugin v26.8 - https:\/\/yoast.com\/product\/yoast-seo-wordpress\/ -->\n<title>Fi de la 5\u00aa edici\u00f3 del Rafa Nadal Tour by Mapfre, a benefici de la fundaci\u00f3 - Fundaci\u00f3n Rafa Nadal<\/title>\n<meta name=\"robots\" content=\"noindex, follow, max-snippet:-1, max-image-preview:large, max-video-preview:-1\" \/>\n<meta property=\"og:locale\" content=\"ca_ES\" \/>\n<meta property=\"og:type\" content=\"article\" \/>\n<meta property=\"og:title\" content=\"Fi de la 5\u00aa edici\u00f3 del Rafa Nadal Tour by Mapfre, a benefici de la fundaci\u00f3 - Fundaci\u00f3n Rafa Nadal\" \/>\n<meta property=\"og:description\" content=\"Fi de la 5\u00aa edici\u00f3 del Rafa Nadal Tour by Mapfre, a benefici de la fundaci\u00f3 El&nbsp;circuit juvenil de tenis&nbsp;Rafa Nadal Tour by Mapfre&nbsp;ha celebrat del 19 al 22 de setembre l&#8217;etapa final de la seva cinquena edici\u00f3. 32 joves tenistes han participat en aquest master, celebrat a la&nbsp;Rafa Nadal Academy by Movistar, a Manacor [&hellip;]\" \/>\n<meta property=\"og:url\" content=\"https:\/\/fundacionrafanadal.quelinka.es\/ca\/coneix-nos\/noticies\/noticies-2018\/fi-de-la-5a-edicio-del-rafa-nadal-tour-by-mapfre-a-benefici-de-la-fundacio\/\" \/>\n<meta property=\"og:site_name\" content=\"Fundaci\u00f3n Rafa Nadal\" \/>\n<meta property=\"article:modified_time\" content=\"2022-06-01T10:20:33+00:00\" \/>\n<meta property=\"og:image\" content=\"https:\/\/fundacionrafanadal.quelinka.es\/wp-content\/uploads\/2022\/06\/2018-fin-quinta-edicion-tour-1-th-1.jpg\" \/>\n\t<meta property=\"og:image:width\" content=\"300\" \/>\n\t<meta property=\"og:image:height\" content=\"199\" \/>\n\t<meta property=\"og:image:type\" content=\"image\/jpeg\" \/>\n<meta name=\"twitter:card\" content=\"summary_large_image\" \/>\n<meta name=\"twitter:label1\" content=\"Temps estimat de lectura\" \/>\n\t<meta name=\"twitter:data1\" content=\"2 minuts\" \/>\n<script type=\"application\/ld+json\" class=\"yoast-schema-graph\">{\"@context\":\"https:\/\/schema.org\",\"@graph\":[{\"@type\":\"WebPage\",\"@id\":\"https:\/\/fundacionrafanadal.quelinka.es\/ca\/coneix-nos\/noticies\/noticies-2018\/fi-de-la-5a-edicio-del-rafa-nadal-tour-by-mapfre-a-benefici-de-la-fundacio\/\",\"url\":\"https:\/\/fundacionrafanadal.quelinka.es\/ca\/coneix-nos\/noticies\/noticies-2018\/fi-de-la-5a-edicio-del-rafa-nadal-tour-by-mapfre-a-benefici-de-la-fundacio\/\",\"name\":\"Fi de la 5\u00aa edici\u00f3 del Rafa Nadal Tour by Mapfre, a benefici de la fundaci\u00f3 - Fundaci\u00f3n Rafa Nadal\",\"isPartOf\":{\"@id\":\"https:\/\/fundacionrafanadal.quelinka.es\/ca\/#website\"},\"primaryImageOfPage\":{\"@id\":\"https:\/\/fundacionrafanadal.quelinka.es\/ca\/coneix-nos\/noticies\/noticies-2018\/fi-de-la-5a-edicio-del-rafa-nadal-tour-by-mapfre-a-benefici-de-la-fundacio\/#primaryimage\"},\"image\":{\"@id\":\"https:\/\/fundacionrafanadal.quelinka.es\/ca\/coneix-nos\/noticies\/noticies-2018\/fi-de-la-5a-edicio-del-rafa-nadal-tour-by-mapfre-a-benefici-de-la-fundacio\/#primaryimage\"},\"thumbnailUrl\":\"https:\/\/fundacionrafanadal.quelinka.es\/wp-content\/uploads\/2022\/06\/2018-fin-quinta-edicion-tour-1-th-1.jpg\",\"datePublished\":\"2018-09-24T09:41:00+00:00\",\"dateModified\":\"2022-06-01T10:20:33+00:00\",\"breadcrumb\":{\"@id\":\"https:\/\/fundacionrafanadal.quelinka.es\/ca\/coneix-nos\/noticies\/noticies-2018\/fi-de-la-5a-edicio-del-rafa-nadal-tour-by-mapfre-a-benefici-de-la-fundacio\/#breadcrumb\"},\"inLanguage\":\"ca\",\"potentialAction\":[{\"@type\":\"ReadAction\",\"target\":[\"https:\/\/fundacionrafanadal.quelinka.es\/ca\/coneix-nos\/noticies\/noticies-2018\/fi-de-la-5a-edicio-del-rafa-nadal-tour-by-mapfre-a-benefici-de-la-fundacio\/\"]}]},{\"@type\":\"ImageObject\",\"inLanguage\":\"ca\",\"@id\":\"https:\/\/fundacionrafanadal.quelinka.es\/ca\/coneix-nos\/noticies\/noticies-2018\/fi-de-la-5a-edicio-del-rafa-nadal-tour-by-mapfre-a-benefici-de-la-fundacio\/#primaryimage\",\"url\":\"https:\/\/fundacionrafanadal.quelinka.es\/wp-content\/uploads\/2022\/06\/2018-fin-quinta-edicion-tour-1-th-1.jpg\",\"contentUrl\":\"https:\/\/fundacionrafanadal.quelinka.es\/wp-content\/uploads\/2022\/06\/2018-fin-quinta-edicion-tour-1-th-1.jpg\",\"width\":300,\"height\":199},{\"@type\":\"BreadcrumbList\",\"@id\":\"https:\/\/fundacionrafanadal.quelinka.es\/ca\/coneix-nos\/noticies\/noticies-2018\/fi-de-la-5a-edicio-del-rafa-nadal-tour-by-mapfre-a-benefici-de-la-fundacio\/#breadcrumb\",\"itemListElement\":[{\"@type\":\"ListItem\",\"position\":1,\"name\":\"Portada\",\"item\":\"https:\/\/fundacionrafanadal.quelinka.es\/ca\/\"},{\"@type\":\"ListItem\",\"position\":2,\"name\":\"Coneix-nos\",\"item\":\"https:\/\/fundacionrafanadal.quelinka.es\/ca\/conocenos\/\"},{\"@type\":\"ListItem\",\"position\":3,\"name\":\"Not\u00edcies\",\"item\":\"https:\/\/fundacionrafanadal.quelinka.es\/ca\/conocenos\/noticias\/\"},{\"@type\":\"ListItem\",\"position\":4,\"name\":\"Not\u00edcies 2018\",\"item\":\"https:\/\/fundacionrafanadal.quelinka.es\/ca\/coneix-nos\/noticies\/noticies-2018\/\"},{\"@type\":\"ListItem\",\"position\":5,\"name\":\"Fi de la 5\u00aa edici\u00f3 del Rafa Nadal Tour by Mapfre, a benefici de la fundaci\u00f3\"}]},{\"@type\":\"WebSite\",\"@id\":\"https:\/\/fundacionrafanadal.quelinka.es\/ca\/#website\",\"url\":\"https:\/\/fundacionrafanadal.quelinka.es\/ca\/\",\"name\":\"Fundaci\u00f3n Rafa Nadal\",\"description\":\"A trav\u00e9s del deporte y la educaci\u00f3n, promovemos la integraci\u00f3n y el desarrollo personal y social de ni\u00f1os y j\u00f3venes. En Espa\u00f1a y la India.\",\"publisher\":{\"@id\":\"https:\/\/fundacionrafanadal.quelinka.es\/ca\/#organization\"},\"potentialAction\":[{\"@type\":\"SearchAction\",\"target\":{\"@type\":\"EntryPoint\",\"urlTemplate\":\"https:\/\/fundacionrafanadal.quelinka.es\/ca\/?s={search_term_string}\"},\"query-input\":{\"@type\":\"PropertyValueSpecification\",\"valueRequired\":true,\"valueName\":\"search_term_string\"}}],\"inLanguage\":\"ca\"},{\"@type\":\"Organization\",\"@id\":\"https:\/\/fundacionrafanadal.quelinka.es\/ca\/#organization\",\"name\":\"Fundaci\u00f3n Rafa Nadal\",\"url\":\"https:\/\/fundacionrafanadal.quelinka.es\/ca\/\",\"logo\":{\"@type\":\"ImageObject\",\"inLanguage\":\"ca\",\"@id\":\"https:\/\/fundacionrafanadal.quelinka.es\/ca\/#\/schema\/logo\/image\/\",\"url\":\"https:\/\/fundacionrafanadal.quelinka.es\/wp-content\/uploads\/2022\/09\/logo-frn-web-3.png\",\"contentUrl\":\"https:\/\/fundacionrafanadal.quelinka.es\/wp-content\/uploads\/2022\/09\/logo-frn-web-3.png\",\"width\":551,\"height\":140,\"caption\":\"Fundaci\u00f3n Rafa Nadal\"},\"image\":{\"@id\":\"https:\/\/fundacionrafanadal.quelinka.es\/ca\/#\/schema\/logo\/image\/\"}}]}<\/script>\n<!-- \/ Yoast SEO plugin. -->","yoast_head_json":{"title":"Fi de la 5\u00aa edici\u00f3 del Rafa Nadal Tour by Mapfre, a benefici de la fundaci\u00f3 - Fundaci\u00f3n Rafa Nadal","robots":{"index":"noindex","follow":"follow","max-snippet":"max-snippet:-1","max-image-preview":"max-image-preview:large","max-video-preview":"max-video-preview:-1"},"og_locale":"ca_ES","og_type":"article","og_title":"Fi de la 5\u00aa edici\u00f3 del Rafa Nadal Tour by Mapfre, a benefici de la fundaci\u00f3 - Fundaci\u00f3n Rafa Nadal","og_description":"Fi de la 5\u00aa edici\u00f3 del Rafa Nadal Tour by Mapfre, a benefici de la fundaci\u00f3 El&nbsp;circuit juvenil de tenis&nbsp;Rafa Nadal Tour by Mapfre&nbsp;ha celebrat del 19 al 22 de setembre l&#8217;etapa final de la seva cinquena edici\u00f3. 32 joves tenistes han participat en aquest master, celebrat a la&nbsp;Rafa Nadal Academy by Movistar, a Manacor [&hellip;]","og_url":"https:\/\/fundacionrafanadal.quelinka.es\/ca\/coneix-nos\/noticies\/noticies-2018\/fi-de-la-5a-edicio-del-rafa-nadal-tour-by-mapfre-a-benefici-de-la-fundacio\/","og_site_name":"Fundaci\u00f3n Rafa Nadal","article_modified_time":"2022-06-01T10:20:33+00:00","og_image":[{"width":300,"height":199,"url":"https:\/\/fundacionrafanadal.quelinka.es\/wp-content\/uploads\/2022\/06\/2018-fin-quinta-edicion-tour-1-th-1.jpg","type":"image\/jpeg"}],"twitter_card":"summary_large_image","twitter_misc":{"Temps estimat de lectura":"2 minuts"},"schema":{"@context":"https:\/\/schema.org","@graph":[{"@type":"WebPage","@id":"https:\/\/fundacionrafanadal.quelinka.es\/ca\/coneix-nos\/noticies\/noticies-2018\/fi-de-la-5a-edicio-del-rafa-nadal-tour-by-mapfre-a-benefici-de-la-fundacio\/","url":"https:\/\/fundacionrafanadal.quelinka.es\/ca\/coneix-nos\/noticies\/noticies-2018\/fi-de-la-5a-edicio-del-rafa-nadal-tour-by-mapfre-a-benefici-de-la-fundacio\/","name":"Fi de la 5\u00aa edici\u00f3 del Rafa Nadal Tour by Mapfre, a benefici de la fundaci\u00f3 - Fundaci\u00f3n Rafa Nadal","isPartOf":{"@id":"https:\/\/fundacionrafanadal.quelinka.es\/ca\/#website"},"primaryImageOfPage":{"@id":"https:\/\/fundacionrafanadal.quelinka.es\/ca\/coneix-nos\/noticies\/noticies-2018\/fi-de-la-5a-edicio-del-rafa-nadal-tour-by-mapfre-a-benefici-de-la-fundacio\/#primaryimage"},"image":{"@id":"https:\/\/fundacionrafanadal.quelinka.es\/ca\/coneix-nos\/noticies\/noticies-2018\/fi-de-la-5a-edicio-del-rafa-nadal-tour-by-mapfre-a-benefici-de-la-fundacio\/#primaryimage"},"thumbnailUrl":"https:\/\/fundacionrafanadal.quelinka.es\/wp-content\/uploads\/2022\/06\/2018-fin-quinta-edicion-tour-1-th-1.jpg","datePublished":"2018-09-24T09:41:00+00:00","dateModified":"2022-06-01T10:20:33+00:00","breadcrumb":{"@id":"https:\/\/fundacionrafanadal.quelinka.es\/ca\/coneix-nos\/noticies\/noticies-2018\/fi-de-la-5a-edicio-del-rafa-nadal-tour-by-mapfre-a-benefici-de-la-fundacio\/#breadcrumb"},"inLanguage":"ca","potentialAction":[{"@type":"ReadAction","target":["https:\/\/fundacionrafanadal.quelinka.es\/ca\/coneix-nos\/noticies\/noticies-2018\/fi-de-la-5a-edicio-del-rafa-nadal-tour-by-mapfre-a-benefici-de-la-fundacio\/"]}]},{"@type":"ImageObject","inLanguage":"ca","@id":"https:\/\/fundacionrafanadal.quelinka.es\/ca\/coneix-nos\/noticies\/noticies-2018\/fi-de-la-5a-edicio-del-rafa-nadal-tour-by-mapfre-a-benefici-de-la-fundacio\/#primaryimage","url":"https:\/\/fundacionrafanadal.quelinka.es\/wp-content\/uploads\/2022\/06\/2018-fin-quinta-edicion-tour-1-th-1.jpg","contentUrl":"https:\/\/fundacionrafanadal.quelinka.es\/wp-content\/uploads\/2022\/06\/2018-fin-quinta-edicion-tour-1-th-1.jpg","width":300,"height":199},{"@type":"BreadcrumbList","@id":"https:\/\/fundacionrafanadal.quelinka.es\/ca\/coneix-nos\/noticies\/noticies-2018\/fi-de-la-5a-edicio-del-rafa-nadal-tour-by-mapfre-a-benefici-de-la-fundacio\/#breadcrumb","itemListElement":[{"@type":"ListItem","position":1,"name":"Portada","item":"https:\/\/fundacionrafanadal.quelinka.es\/ca\/"},{"@type":"ListItem","position":2,"name":"Coneix-nos","item":"https:\/\/fundacionrafanadal.quelinka.es\/ca\/conocenos\/"},{"@type":"ListItem","position":3,"name":"Not\u00edcies","item":"https:\/\/fundacionrafanadal.quelinka.es\/ca\/conocenos\/noticias\/"},{"@type":"ListItem","position":4,"name":"Not\u00edcies 2018","item":"https:\/\/fundacionrafanadal.quelinka.es\/ca\/coneix-nos\/noticies\/noticies-2018\/"},{"@type":"ListItem","position":5,"name":"Fi de la 5\u00aa edici\u00f3 del Rafa Nadal Tour by Mapfre, a benefici de la fundaci\u00f3"}]},{"@type":"WebSite","@id":"https:\/\/fundacionrafanadal.quelinka.es\/ca\/#website","url":"https:\/\/fundacionrafanadal.quelinka.es\/ca\/","name":"Fundaci\u00f3n Rafa Nadal","description":"A trav\u00e9s del deporte y la educaci\u00f3n, promovemos la integraci\u00f3n y el desarrollo personal y social de ni\u00f1os y j\u00f3venes. En Espa\u00f1a y la India.","publisher":{"@id":"https:\/\/fundacionrafanadal.quelinka.es\/ca\/#organization"},"potentialAction":[{"@type":"SearchAction","target":{"@type":"EntryPoint","urlTemplate":"https:\/\/fundacionrafanadal.quelinka.es\/ca\/?s={search_term_string}"},"query-input":{"@type":"PropertyValueSpecification","valueRequired":true,"valueName":"search_term_string"}}],"inLanguage":"ca"},{"@type":"Organization","@id":"https:\/\/fundacionrafanadal.quelinka.es\/ca\/#organization","name":"Fundaci\u00f3n Rafa Nadal","url":"https:\/\/fundacionrafanadal.quelinka.es\/ca\/","logo":{"@type":"ImageObject","inLanguage":"ca","@id":"https:\/\/fundacionrafanadal.quelinka.es\/ca\/#\/schema\/logo\/image\/","url":"https:\/\/fundacionrafanadal.quelinka.es\/wp-content\/uploads\/2022\/09\/logo-frn-web-3.png","contentUrl":"https:\/\/fundacionrafanadal.quelinka.es\/wp-content\/uploads\/2022\/09\/logo-frn-web-3.png","width":551,"height":140,"caption":"Fundaci\u00f3n Rafa Nadal"},"image":{"@id":"https:\/\/fundacionrafanadal.quelinka.es\/ca\/#\/schema\/logo\/image\/"}}]}},"campaignId":"","_links":{"self":[{"href":"https:\/\/fundacionrafanadal.quelinka.es\/ca\/wp-json\/wp\/v2\/pages\/8199","targetHints":{"allow":["GET"]}}],"collection":[{"href":"https:\/\/fundacionrafanadal.quelinka.es\/ca\/wp-json\/wp\/v2\/pages"}],"about":[{"href":"https:\/\/fundacionrafanadal.quelinka.es\/ca\/wp-json\/wp\/v2\/types\/page"}],"author":[{"embeddable":true,"href":"https:\/\/fundacionrafanadal.quelinka.es\/ca\/wp-json\/wp\/v2\/users\/1"}],"replies":[{"embeddable":true,"href":"https:\/\/fundacionrafanadal.quelinka.es\/ca\/wp-json\/wp\/v2\/comments?post=8199"}],"version-history":[{"count":2,"href":"https:\/\/fundacionrafanadal.quelinka.es\/ca\/wp-json\/wp\/v2\/pages\/8199\/revisions"}],"predecessor-version":[{"id":8209,"href":"https:\/\/fundacionrafanadal.quelinka.es\/ca\/wp-json\/wp\/v2\/pages\/8199\/revisions\/8209"}],"up":[{"embeddable":true,"href":"https:\/\/fundacionrafanadal.quelinka.es\/ca\/wp-json\/wp\/v2\/pages\/8171"}],"wp:featuredmedia":[{"embeddable":true,"href":"https:\/\/fundacionrafanadal.quelinka.es\/ca\/wp-json\/wp\/v2\/media\/8225"}],"wp:attachment":[{"href":"https:\/\/fundacionrafanadal.quelinka.es\/ca\/wp-json\/wp\/v2\/media?parent=8199"}],"curies":[{"name":"wp","href":"https:\/\/api.w.org\/{rel}","templated":true}]}}