{"id":8390,"date":"2017-10-09T14:58:00","date_gmt":"2017-10-09T14:58:00","guid":{"rendered":"https:\/\/www.fundacionrafanadal.org\/?page_id=8390"},"modified":"2022-06-01T15:01:29","modified_gmt":"2022-06-01T15:01:29","slug":"el-coordinador-del-centre-educativo-anantapur-visita-als-alumnes-de-la-rafa-nadal-academy-by-movistar","status":"publish","type":"page","link":"https:\/\/fundacionrafanadal.quelinka.es\/ca\/coneix-nos\/noticies\/noticies-2017\/el-coordinador-del-centre-educativo-anantapur-visita-als-alumnes-de-la-rafa-nadal-academy-by-movistar\/","title":{"rendered":"El coordinador del centre educativo Anantapur visita als alumnes de la Rafa Nadal Academy by Movistar"},"content":{"rendered":"\n<div class=\"wp-block-media-text alignfull is-stacked-on-mobile is-image-fill has-background\" style=\"background-color:#ddac31\"><figure class=\"wp-block-media-text__media\" style=\"background-image:url(https:\/\/www.fundacionrafanadal.quelinka.es\/wp-content\/uploads\/2022\/07\/ISM08879.png);background-position:50% 50%\"><img loading=\"lazy\" decoding=\"async\" width=\"900\" height=\"399\" src=\"https:\/\/www.fundacionrafanadal.quelinka.es\/wp-content\/uploads\/2022\/07\/ISM08879.png\" alt=\"\" class=\"wp-image-9879 size-full\" srcset=\"https:\/\/fundacionrafanadal.quelinka.es\/wp-content\/uploads\/2022\/07\/ISM08879.png 900w, https:\/\/fundacionrafanadal.quelinka.es\/wp-content\/uploads\/2022\/07\/ISM08879-300x133.png 300w, https:\/\/fundacionrafanadal.quelinka.es\/wp-content\/uploads\/2022\/07\/ISM08879-768x340.png 768w\" sizes=\"auto, (max-width: 900px) 100vw, 900px\" \/><\/figure><div class=\"wp-block-media-text__content\">\n<div style=\"height:30px\" aria-hidden=\"true\" class=\"wp-block-spacer\"><\/div>\n\n\n\n<h2 class=\"has-ast-global-color-5-color has-text-color wp-block-heading\" style=\"font-size:48px\"><strong>Not\u00edcies<\/strong><\/h2>\n\n\n\n<div style=\"height:200px\" aria-hidden=\"true\" class=\"wp-block-spacer\"><\/div>\n<\/div><\/div>\n\n\n\n<div style=\"height:100px\" aria-hidden=\"true\" class=\"wp-block-spacer\"><\/div>\n\n\n\n<div class=\"inherit-container-width wp-block-group is-layout-constrained wp-block-group-is-layout-constrained\"><div class=\"wp-block-group__inner-container\"><div class=\"wp-block-post-date\"><time datetime=\"2017-10-09T14:58:00+02:00\">9 d&#8217;octubre de 2017<\/time><\/div>\n\n\n<h2 class=\"alignwide has-medium-font-size wp-block-heading\" style=\"text-transform:uppercase\"><strong>El coordinador del centre educativo Anantapur visita als alumnes de la Rafa Nadal Academy by Movistar<\/strong><\/h2>\n\n\n\n<figure class=\"wp-block-image alignwide size-large\"><img loading=\"lazy\" decoding=\"async\" width=\"1024\" height=\"640\" src=\"https:\/\/www.fundacionrafanadal.quelinka.es\/wp-content\/uploads\/2022\/06\/visita-a-los-alumnos-de-la-rnacademy-by-movistar-1024x640.jpg\" alt=\"\" class=\"wp-image-8393\" srcset=\"https:\/\/fundacionrafanadal.quelinka.es\/wp-content\/uploads\/2022\/06\/visita-a-los-alumnos-de-la-rnacademy-by-movistar-1024x640.jpg 1024w, https:\/\/fundacionrafanadal.quelinka.es\/wp-content\/uploads\/2022\/06\/visita-a-los-alumnos-de-la-rnacademy-by-movistar-300x188.jpg 300w, https:\/\/fundacionrafanadal.quelinka.es\/wp-content\/uploads\/2022\/06\/visita-a-los-alumnos-de-la-rnacademy-by-movistar-768x480.jpg 768w, https:\/\/fundacionrafanadal.quelinka.es\/wp-content\/uploads\/2022\/06\/visita-a-los-alumnos-de-la-rnacademy-by-movistar-1536x960.jpg 1536w, https:\/\/fundacionrafanadal.quelinka.es\/wp-content\/uploads\/2022\/06\/visita-a-los-alumnos-de-la-rnacademy-by-movistar.jpg 1600w\" sizes=\"auto, (max-width: 1024px) 100vw, 1024px\" \/><\/figure>\n\n\n\n<p>El coordinador del projecte&nbsp;<a href=\"https:\/\/www.fundacionrafanadal.quelinka.es\/cat\/proyectos\/1_centro-educativo-anantapur\" target=\"_blank\" rel=\"noreferrer noopener\"><strong>Centre Educatiu Anantapur<\/strong><\/a>, Xisco Mercadal, ha visitat als estudiants de middle school i high school de la&nbsp;<a href=\"https:\/\/rafanadalacademy.com\/ai-school-of-mallorca\/\" target=\"_blank\" rel=\"noreferrer noopener\"><strong>American International School of Mallorca (AISM)<\/strong><\/a>, col\u00b7legi americ\u00e0 de la&nbsp;<a href=\"https:\/\/rafanadalacademy.com\/\" target=\"_blank\" rel=\"noreferrer noopener\"><strong>Rafa Nadal Academy by Movistar<\/strong><\/a>, per explicar-los la seva experi\u00e8ncia i tasca en aquest projecte que des de la Fundaci\u00f3 Rafa Nadal impulsem a la \u00cdndia des de l&#8217;any 2010.<\/p>\n\n\n\n<p>L&#8217;objectiu d&#8217;aquesta visita \u00e9s que els alumnes de l&#8217;Acad\u00e8mia coneguin de primera m\u00e0 tots els projectes i accions socials que t\u00e9 la Fundaci\u00f3 Rafa Nadal. A trav\u00e9s del programa de valors que s&#8217;imparteix a l&#8217;Acad\u00e8mia, els estudiants han d&#8217;aportar noves idees i iniciatives per ajudar a millorar la vida dels nens i joves que es beneficien dels projectes que desenvolupa la Fundaci\u00f3. D&#8217;aquesta manera, els alumnes estan m\u00e9s implicats en la labor de la Fundaci\u00f3 i, alhora, estan treballant valors com a l\u2019esfor\u00e7, el companyerisme, o la solidaritat; a m\u00e9s de treballar la consci\u00e8ncia social.<\/p>\n<\/div><\/div>\n","protected":false},"excerpt":{"rendered":"<p>El coordinador del centre educativo Anantapur visita als alumnes de la Rafa Nadal Academy by Movistar El coordinador del projecte&nbsp;Centre Educatiu Anantapur, Xisco Mercadal, ha visitat als estudiants de middle school i high school de la&nbsp;American International School of Mallorca (AISM), col\u00b7legi americ\u00e0 de la&nbsp;Rafa Nadal Academy by Movistar, per explicar-los la seva experi\u00e8ncia i [&hellip;]<\/p>\n","protected":false},"author":1,"featured_media":8396,"parent":8344,"menu_order":0,"comment_status":"closed","ping_status":"closed","template":"","meta":{"_acf_changed":false,"give_campaign_id":0,"_monsterinsights_skip_tracking":false,"_monsterinsights_sitenote_active":false,"_monsterinsights_sitenote_note":"","_monsterinsights_sitenote_category":0,"site-sidebar-layout":"default","site-content-layout":"","ast-site-content-layout":"default","site-content-style":"default","site-sidebar-style":"default","ast-global-header-display":"","ast-banner-title-visibility":"","ast-main-header-display":"","ast-hfb-above-header-display":"","ast-hfb-below-header-display":"","ast-hfb-mobile-header-display":"","site-post-title":"disabled","ast-breadcrumbs-content":"","ast-featured-img":"disabled","footer-sml-layout":"","ast-disable-related-posts":"","theme-transparent-header-meta":"","adv-header-id-meta":"","stick-header-meta":"","header-above-stick-meta":"","header-main-stick-meta":"","header-below-stick-meta":"","astra-migrate-meta-layouts":"default","ast-page-background-enabled":"default","ast-page-background-meta":{"desktop":{"background-color":"var(--ast-global-color-4)","background-image":"","background-repeat":"repeat","background-position":"center center","background-size":"auto","background-attachment":"scroll","background-type":"","background-media":"","overlay-type":"","overlay-color":"","overlay-opacity":"","overlay-gradient":""},"tablet":{"background-color":"","background-image":"","background-repeat":"repeat","background-position":"center center","background-size":"auto","background-attachment":"scroll","background-type":"","background-media":"","overlay-type":"","overlay-color":"","overlay-opacity":"","overlay-gradient":""},"mobile":{"background-color":"","background-image":"","background-repeat":"repeat","background-position":"center center","background-size":"auto","background-attachment":"scroll","background-type":"","background-media":"","overlay-type":"","overlay-color":"","overlay-opacity":"","overlay-gradient":""}},"ast-content-background-meta":{"desktop":{"background-color":"var(--ast-global-color-5)","background-image":"","background-repeat":"repeat","background-position":"center center","background-size":"auto","background-attachment":"scroll","background-type":"","background-media":"","overlay-type":"","overlay-color":"","overlay-opacity":"","overlay-gradient":""},"tablet":{"background-color":"var(--ast-global-color-5)","background-image":"","background-repeat":"repeat","background-position":"center center","background-size":"auto","background-attachment":"scroll","background-type":"","background-media":"","overlay-type":"","overlay-color":"","overlay-opacity":"","overlay-gradient":""},"mobile":{"background-color":"var(--ast-global-color-5)","background-image":"","background-repeat":"repeat","background-position":"center center","background-size":"auto","background-attachment":"scroll","background-type":"","background-media":"","overlay-type":"","overlay-color":"","overlay-opacity":"","overlay-gradient":""}},"_themeisle_gutenberg_block_has_review":false,"footnotes":""},"class_list":["post-8390","page","type-page","status-publish","has-post-thumbnail","hentry"],"acf":[],"yoast_head":"<!-- This site is optimized with the Yoast SEO plugin v26.8 - https:\/\/yoast.com\/product\/yoast-seo-wordpress\/ -->\n<title>El coordinador del centre educativo Anantapur visita als alumnes de la Rafa Nadal Academy by Movistar - Fundaci\u00f3n Rafa Nadal<\/title>\n<meta name=\"robots\" content=\"noindex, follow, max-snippet:-1, max-image-preview:large, max-video-preview:-1\" \/>\n<meta property=\"og:locale\" content=\"ca_ES\" \/>\n<meta property=\"og:type\" content=\"article\" \/>\n<meta property=\"og:title\" content=\"El coordinador del centre educativo Anantapur visita als alumnes de la Rafa Nadal Academy by Movistar - Fundaci\u00f3n Rafa Nadal\" \/>\n<meta property=\"og:description\" content=\"El coordinador del centre educativo Anantapur visita als alumnes de la Rafa Nadal Academy by Movistar El coordinador del projecte&nbsp;Centre Educatiu Anantapur, Xisco Mercadal, ha visitat als estudiants de middle school i high school de la&nbsp;American International School of Mallorca (AISM), col\u00b7legi americ\u00e0 de la&nbsp;Rafa Nadal Academy by Movistar, per explicar-los la seva experi\u00e8ncia i [&hellip;]\" \/>\n<meta property=\"og:url\" content=\"https:\/\/fundacionrafanadal.quelinka.es\/ca\/coneix-nos\/noticies\/noticies-2017\/el-coordinador-del-centre-educativo-anantapur-visita-als-alumnes-de-la-rafa-nadal-academy-by-movistar\/\" \/>\n<meta property=\"og:site_name\" content=\"Fundaci\u00f3n Rafa Nadal\" \/>\n<meta property=\"article:modified_time\" content=\"2022-06-01T15:01:29+00:00\" \/>\n<meta property=\"og:image\" content=\"https:\/\/fundacionrafanadal.quelinka.es\/wp-content\/uploads\/2022\/06\/visita-a-los-alumnos-de-la-rnacademy-by-movistar-th.jpg\" \/>\n\t<meta property=\"og:image:width\" content=\"300\" \/>\n\t<meta property=\"og:image:height\" content=\"199\" \/>\n\t<meta property=\"og:image:type\" content=\"image\/jpeg\" \/>\n<meta name=\"twitter:card\" content=\"summary_large_image\" \/>\n<meta name=\"twitter:label1\" content=\"Temps estimat de lectura\" \/>\n\t<meta name=\"twitter:data1\" content=\"1 minut\" \/>\n<script type=\"application\/ld+json\" class=\"yoast-schema-graph\">{\"@context\":\"https:\/\/schema.org\",\"@graph\":[{\"@type\":\"WebPage\",\"@id\":\"https:\/\/fundacionrafanadal.quelinka.es\/ca\/coneix-nos\/noticies\/noticies-2017\/el-coordinador-del-centre-educativo-anantapur-visita-als-alumnes-de-la-rafa-nadal-academy-by-movistar\/\",\"url\":\"https:\/\/fundacionrafanadal.quelinka.es\/ca\/coneix-nos\/noticies\/noticies-2017\/el-coordinador-del-centre-educativo-anantapur-visita-als-alumnes-de-la-rafa-nadal-academy-by-movistar\/\",\"name\":\"El coordinador del centre educativo Anantapur visita als alumnes de la Rafa Nadal Academy by Movistar - Fundaci\u00f3n Rafa Nadal\",\"isPartOf\":{\"@id\":\"https:\/\/fundacionrafanadal.quelinka.es\/ca\/#website\"},\"primaryImageOfPage\":{\"@id\":\"https:\/\/fundacionrafanadal.quelinka.es\/ca\/coneix-nos\/noticies\/noticies-2017\/el-coordinador-del-centre-educativo-anantapur-visita-als-alumnes-de-la-rafa-nadal-academy-by-movistar\/#primaryimage\"},\"image\":{\"@id\":\"https:\/\/fundacionrafanadal.quelinka.es\/ca\/coneix-nos\/noticies\/noticies-2017\/el-coordinador-del-centre-educativo-anantapur-visita-als-alumnes-de-la-rafa-nadal-academy-by-movistar\/#primaryimage\"},\"thumbnailUrl\":\"https:\/\/fundacionrafanadal.quelinka.es\/wp-content\/uploads\/2022\/06\/visita-a-los-alumnos-de-la-rnacademy-by-movistar-th.jpg\",\"datePublished\":\"2017-10-09T14:58:00+00:00\",\"dateModified\":\"2022-06-01T15:01:29+00:00\",\"breadcrumb\":{\"@id\":\"https:\/\/fundacionrafanadal.quelinka.es\/ca\/coneix-nos\/noticies\/noticies-2017\/el-coordinador-del-centre-educativo-anantapur-visita-als-alumnes-de-la-rafa-nadal-academy-by-movistar\/#breadcrumb\"},\"inLanguage\":\"ca\",\"potentialAction\":[{\"@type\":\"ReadAction\",\"target\":[\"https:\/\/fundacionrafanadal.quelinka.es\/ca\/coneix-nos\/noticies\/noticies-2017\/el-coordinador-del-centre-educativo-anantapur-visita-als-alumnes-de-la-rafa-nadal-academy-by-movistar\/\"]}]},{\"@type\":\"ImageObject\",\"inLanguage\":\"ca\",\"@id\":\"https:\/\/fundacionrafanadal.quelinka.es\/ca\/coneix-nos\/noticies\/noticies-2017\/el-coordinador-del-centre-educativo-anantapur-visita-als-alumnes-de-la-rafa-nadal-academy-by-movistar\/#primaryimage\",\"url\":\"https:\/\/fundacionrafanadal.quelinka.es\/wp-content\/uploads\/2022\/06\/visita-a-los-alumnos-de-la-rnacademy-by-movistar-th.jpg\",\"contentUrl\":\"https:\/\/fundacionrafanadal.quelinka.es\/wp-content\/uploads\/2022\/06\/visita-a-los-alumnos-de-la-rnacademy-by-movistar-th.jpg\",\"width\":300,\"height\":199},{\"@type\":\"BreadcrumbList\",\"@id\":\"https:\/\/fundacionrafanadal.quelinka.es\/ca\/coneix-nos\/noticies\/noticies-2017\/el-coordinador-del-centre-educativo-anantapur-visita-als-alumnes-de-la-rafa-nadal-academy-by-movistar\/#breadcrumb\",\"itemListElement\":[{\"@type\":\"ListItem\",\"position\":1,\"name\":\"Portada\",\"item\":\"https:\/\/fundacionrafanadal.quelinka.es\/ca\/\"},{\"@type\":\"ListItem\",\"position\":2,\"name\":\"Coneix-nos\",\"item\":\"https:\/\/fundacionrafanadal.quelinka.es\/ca\/conocenos\/\"},{\"@type\":\"ListItem\",\"position\":3,\"name\":\"Not\u00edcies\",\"item\":\"https:\/\/fundacionrafanadal.quelinka.es\/ca\/conocenos\/noticias\/\"},{\"@type\":\"ListItem\",\"position\":4,\"name\":\"Not\u00edcies 2017\",\"item\":\"https:\/\/fundacionrafanadal.quelinka.es\/ca\/coneix-nos\/noticies\/noticies-2017\/\"},{\"@type\":\"ListItem\",\"position\":5,\"name\":\"El coordinador del centre educativo Anantapur visita als alumnes de la Rafa Nadal Academy by Movistar\"}]},{\"@type\":\"WebSite\",\"@id\":\"https:\/\/fundacionrafanadal.quelinka.es\/ca\/#website\",\"url\":\"https:\/\/fundacionrafanadal.quelinka.es\/ca\/\",\"name\":\"Fundaci\u00f3n Rafa Nadal\",\"description\":\"A trav\u00e9s del deporte y la educaci\u00f3n, promovemos la integraci\u00f3n y el desarrollo personal y social de ni\u00f1os y j\u00f3venes. En Espa\u00f1a y la India.\",\"publisher\":{\"@id\":\"https:\/\/fundacionrafanadal.quelinka.es\/ca\/#organization\"},\"potentialAction\":[{\"@type\":\"SearchAction\",\"target\":{\"@type\":\"EntryPoint\",\"urlTemplate\":\"https:\/\/fundacionrafanadal.quelinka.es\/ca\/?s={search_term_string}\"},\"query-input\":{\"@type\":\"PropertyValueSpecification\",\"valueRequired\":true,\"valueName\":\"search_term_string\"}}],\"inLanguage\":\"ca\"},{\"@type\":\"Organization\",\"@id\":\"https:\/\/fundacionrafanadal.quelinka.es\/ca\/#organization\",\"name\":\"Fundaci\u00f3n Rafa Nadal\",\"url\":\"https:\/\/fundacionrafanadal.quelinka.es\/ca\/\",\"logo\":{\"@type\":\"ImageObject\",\"inLanguage\":\"ca\",\"@id\":\"https:\/\/fundacionrafanadal.quelinka.es\/ca\/#\/schema\/logo\/image\/\",\"url\":\"https:\/\/fundacionrafanadal.quelinka.es\/wp-content\/uploads\/2022\/09\/logo-frn-web-3.png\",\"contentUrl\":\"https:\/\/fundacionrafanadal.quelinka.es\/wp-content\/uploads\/2022\/09\/logo-frn-web-3.png\",\"width\":551,\"height\":140,\"caption\":\"Fundaci\u00f3n Rafa Nadal\"},\"image\":{\"@id\":\"https:\/\/fundacionrafanadal.quelinka.es\/ca\/#\/schema\/logo\/image\/\"}}]}<\/script>\n<!-- \/ Yoast SEO plugin. -->","yoast_head_json":{"title":"El coordinador del centre educativo Anantapur visita als alumnes de la Rafa Nadal Academy by Movistar - Fundaci\u00f3n Rafa Nadal","robots":{"index":"noindex","follow":"follow","max-snippet":"max-snippet:-1","max-image-preview":"max-image-preview:large","max-video-preview":"max-video-preview:-1"},"og_locale":"ca_ES","og_type":"article","og_title":"El coordinador del centre educativo Anantapur visita als alumnes de la Rafa Nadal Academy by Movistar - Fundaci\u00f3n Rafa Nadal","og_description":"El coordinador del centre educativo Anantapur visita als alumnes de la Rafa Nadal Academy by Movistar El coordinador del projecte&nbsp;Centre Educatiu Anantapur, Xisco Mercadal, ha visitat als estudiants de middle school i high school de la&nbsp;American International School of Mallorca (AISM), col\u00b7legi americ\u00e0 de la&nbsp;Rafa Nadal Academy by Movistar, per explicar-los la seva experi\u00e8ncia i [&hellip;]","og_url":"https:\/\/fundacionrafanadal.quelinka.es\/ca\/coneix-nos\/noticies\/noticies-2017\/el-coordinador-del-centre-educativo-anantapur-visita-als-alumnes-de-la-rafa-nadal-academy-by-movistar\/","og_site_name":"Fundaci\u00f3n Rafa Nadal","article_modified_time":"2022-06-01T15:01:29+00:00","og_image":[{"width":300,"height":199,"url":"https:\/\/fundacionrafanadal.quelinka.es\/wp-content\/uploads\/2022\/06\/visita-a-los-alumnos-de-la-rnacademy-by-movistar-th.jpg","type":"image\/jpeg"}],"twitter_card":"summary_large_image","twitter_misc":{"Temps estimat de lectura":"1 minut"},"schema":{"@context":"https:\/\/schema.org","@graph":[{"@type":"WebPage","@id":"https:\/\/fundacionrafanadal.quelinka.es\/ca\/coneix-nos\/noticies\/noticies-2017\/el-coordinador-del-centre-educativo-anantapur-visita-als-alumnes-de-la-rafa-nadal-academy-by-movistar\/","url":"https:\/\/fundacionrafanadal.quelinka.es\/ca\/coneix-nos\/noticies\/noticies-2017\/el-coordinador-del-centre-educativo-anantapur-visita-als-alumnes-de-la-rafa-nadal-academy-by-movistar\/","name":"El coordinador del centre educativo Anantapur visita als alumnes de la Rafa Nadal Academy by Movistar - Fundaci\u00f3n Rafa Nadal","isPartOf":{"@id":"https:\/\/fundacionrafanadal.quelinka.es\/ca\/#website"},"primaryImageOfPage":{"@id":"https:\/\/fundacionrafanadal.quelinka.es\/ca\/coneix-nos\/noticies\/noticies-2017\/el-coordinador-del-centre-educativo-anantapur-visita-als-alumnes-de-la-rafa-nadal-academy-by-movistar\/#primaryimage"},"image":{"@id":"https:\/\/fundacionrafanadal.quelinka.es\/ca\/coneix-nos\/noticies\/noticies-2017\/el-coordinador-del-centre-educativo-anantapur-visita-als-alumnes-de-la-rafa-nadal-academy-by-movistar\/#primaryimage"},"thumbnailUrl":"https:\/\/fundacionrafanadal.quelinka.es\/wp-content\/uploads\/2022\/06\/visita-a-los-alumnos-de-la-rnacademy-by-movistar-th.jpg","datePublished":"2017-10-09T14:58:00+00:00","dateModified":"2022-06-01T15:01:29+00:00","breadcrumb":{"@id":"https:\/\/fundacionrafanadal.quelinka.es\/ca\/coneix-nos\/noticies\/noticies-2017\/el-coordinador-del-centre-educativo-anantapur-visita-als-alumnes-de-la-rafa-nadal-academy-by-movistar\/#breadcrumb"},"inLanguage":"ca","potentialAction":[{"@type":"ReadAction","target":["https:\/\/fundacionrafanadal.quelinka.es\/ca\/coneix-nos\/noticies\/noticies-2017\/el-coordinador-del-centre-educativo-anantapur-visita-als-alumnes-de-la-rafa-nadal-academy-by-movistar\/"]}]},{"@type":"ImageObject","inLanguage":"ca","@id":"https:\/\/fundacionrafanadal.quelinka.es\/ca\/coneix-nos\/noticies\/noticies-2017\/el-coordinador-del-centre-educativo-anantapur-visita-als-alumnes-de-la-rafa-nadal-academy-by-movistar\/#primaryimage","url":"https:\/\/fundacionrafanadal.quelinka.es\/wp-content\/uploads\/2022\/06\/visita-a-los-alumnos-de-la-rnacademy-by-movistar-th.jpg","contentUrl":"https:\/\/fundacionrafanadal.quelinka.es\/wp-content\/uploads\/2022\/06\/visita-a-los-alumnos-de-la-rnacademy-by-movistar-th.jpg","width":300,"height":199},{"@type":"BreadcrumbList","@id":"https:\/\/fundacionrafanadal.quelinka.es\/ca\/coneix-nos\/noticies\/noticies-2017\/el-coordinador-del-centre-educativo-anantapur-visita-als-alumnes-de-la-rafa-nadal-academy-by-movistar\/#breadcrumb","itemListElement":[{"@type":"ListItem","position":1,"name":"Portada","item":"https:\/\/fundacionrafanadal.quelinka.es\/ca\/"},{"@type":"ListItem","position":2,"name":"Coneix-nos","item":"https:\/\/fundacionrafanadal.quelinka.es\/ca\/conocenos\/"},{"@type":"ListItem","position":3,"name":"Not\u00edcies","item":"https:\/\/fundacionrafanadal.quelinka.es\/ca\/conocenos\/noticias\/"},{"@type":"ListItem","position":4,"name":"Not\u00edcies 2017","item":"https:\/\/fundacionrafanadal.quelinka.es\/ca\/coneix-nos\/noticies\/noticies-2017\/"},{"@type":"ListItem","position":5,"name":"El coordinador del centre educativo Anantapur visita als alumnes de la Rafa Nadal Academy by Movistar"}]},{"@type":"WebSite","@id":"https:\/\/fundacionrafanadal.quelinka.es\/ca\/#website","url":"https:\/\/fundacionrafanadal.quelinka.es\/ca\/","name":"Fundaci\u00f3n Rafa Nadal","description":"A trav\u00e9s del deporte y la educaci\u00f3n, promovemos la integraci\u00f3n y el desarrollo personal y social de ni\u00f1os y j\u00f3venes. En Espa\u00f1a y la India.","publisher":{"@id":"https:\/\/fundacionrafanadal.quelinka.es\/ca\/#organization"},"potentialAction":[{"@type":"SearchAction","target":{"@type":"EntryPoint","urlTemplate":"https:\/\/fundacionrafanadal.quelinka.es\/ca\/?s={search_term_string}"},"query-input":{"@type":"PropertyValueSpecification","valueRequired":true,"valueName":"search_term_string"}}],"inLanguage":"ca"},{"@type":"Organization","@id":"https:\/\/fundacionrafanadal.quelinka.es\/ca\/#organization","name":"Fundaci\u00f3n Rafa Nadal","url":"https:\/\/fundacionrafanadal.quelinka.es\/ca\/","logo":{"@type":"ImageObject","inLanguage":"ca","@id":"https:\/\/fundacionrafanadal.quelinka.es\/ca\/#\/schema\/logo\/image\/","url":"https:\/\/fundacionrafanadal.quelinka.es\/wp-content\/uploads\/2022\/09\/logo-frn-web-3.png","contentUrl":"https:\/\/fundacionrafanadal.quelinka.es\/wp-content\/uploads\/2022\/09\/logo-frn-web-3.png","width":551,"height":140,"caption":"Fundaci\u00f3n Rafa Nadal"},"image":{"@id":"https:\/\/fundacionrafanadal.quelinka.es\/ca\/#\/schema\/logo\/image\/"}}]}},"campaignId":"","_links":{"self":[{"href":"https:\/\/fundacionrafanadal.quelinka.es\/ca\/wp-json\/wp\/v2\/pages\/8390","targetHints":{"allow":["GET"]}}],"collection":[{"href":"https:\/\/fundacionrafanadal.quelinka.es\/ca\/wp-json\/wp\/v2\/pages"}],"about":[{"href":"https:\/\/fundacionrafanadal.quelinka.es\/ca\/wp-json\/wp\/v2\/types\/page"}],"author":[{"embeddable":true,"href":"https:\/\/fundacionrafanadal.quelinka.es\/ca\/wp-json\/wp\/v2\/users\/1"}],"replies":[{"embeddable":true,"href":"https:\/\/fundacionrafanadal.quelinka.es\/ca\/wp-json\/wp\/v2\/comments?post=8390"}],"version-history":[{"count":1,"href":"https:\/\/fundacionrafanadal.quelinka.es\/ca\/wp-json\/wp\/v2\/pages\/8390\/revisions"}],"predecessor-version":[{"id":8399,"href":"https:\/\/fundacionrafanadal.quelinka.es\/ca\/wp-json\/wp\/v2\/pages\/8390\/revisions\/8399"}],"up":[{"embeddable":true,"href":"https:\/\/fundacionrafanadal.quelinka.es\/ca\/wp-json\/wp\/v2\/pages\/8344"}],"wp:featuredmedia":[{"embeddable":true,"href":"https:\/\/fundacionrafanadal.quelinka.es\/ca\/wp-json\/wp\/v2\/media\/8396"}],"wp:attachment":[{"href":"https:\/\/fundacionrafanadal.quelinka.es\/ca\/wp-json\/wp\/v2\/media?parent=8390"}],"curies":[{"name":"wp","href":"https:\/\/api.w.org\/{rel}","templated":true}]}}