{"id":8475,"date":"2017-04-05T15:43:00","date_gmt":"2017-04-05T15:43:00","guid":{"rendered":"https:\/\/www.fundacionrafanadal.org\/?page_id=8475"},"modified":"2022-06-01T15:48:08","modified_gmt":"2022-06-01T15:48:08","slug":"neix-la-cursa-solidaria-millor-junts-impulsada-per-la-fundacio-rafa-nadal","status":"publish","type":"page","link":"https:\/\/fundacionrafanadal.quelinka.es\/ca\/coneix-nos\/noticies\/noticies-2017\/neix-la-cursa-solidaria-millor-junts-impulsada-per-la-fundacio-rafa-nadal\/","title":{"rendered":"Neix la cursa solid\u00e0ria Millor Junts, impulsada per la Fundaci\u00f3 Rafa Nadal"},"content":{"rendered":"\n<div class=\"wp-block-media-text alignfull is-stacked-on-mobile is-image-fill has-background\" style=\"background-color:#ddac31\"><figure class=\"wp-block-media-text__media\" style=\"background-image:url(https:\/\/www.fundacionrafanadal.quelinka.es\/wp-content\/uploads\/2022\/07\/ISM08879.png);background-position:50% 50%\"><img loading=\"lazy\" decoding=\"async\" width=\"900\" height=\"399\" src=\"https:\/\/www.fundacionrafanadal.quelinka.es\/wp-content\/uploads\/2022\/07\/ISM08879.png\" alt=\"\" class=\"wp-image-9879 size-full\" srcset=\"https:\/\/fundacionrafanadal.quelinka.es\/wp-content\/uploads\/2022\/07\/ISM08879.png 900w, https:\/\/fundacionrafanadal.quelinka.es\/wp-content\/uploads\/2022\/07\/ISM08879-300x133.png 300w, https:\/\/fundacionrafanadal.quelinka.es\/wp-content\/uploads\/2022\/07\/ISM08879-768x340.png 768w\" sizes=\"auto, (max-width: 900px) 100vw, 900px\" \/><\/figure><div class=\"wp-block-media-text__content\">\n<div style=\"height:30px\" aria-hidden=\"true\" class=\"wp-block-spacer\"><\/div>\n\n\n\n<h2 class=\"has-ast-global-color-5-color has-text-color wp-block-heading\" style=\"font-size:48px\"><strong>Not\u00edcies<\/strong><\/h2>\n\n\n\n<div style=\"height:200px\" aria-hidden=\"true\" class=\"wp-block-spacer\"><\/div>\n<\/div><\/div>\n\n\n\n<div style=\"height:100px\" aria-hidden=\"true\" class=\"wp-block-spacer\"><\/div>\n\n\n\n<div class=\"inherit-container-width wp-block-group is-layout-constrained wp-block-group-is-layout-constrained\"><div class=\"wp-block-group__inner-container\"><div class=\"wp-block-post-date\"><time datetime=\"2017-04-05T15:43:00+02:00\">5 d&#8217;abril de 2017<\/time><\/div>\n\n\n<h2 class=\"alignwide has-medium-font-size wp-block-heading\" style=\"text-transform:uppercase\"><strong>Neix la cursa solid\u00e0ria Millor Junts, impulsada per la Fundaci\u00f3 Rafa Nadal<\/strong><\/h2>\n\n\n\n<figure class=\"wp-block-image alignwide size-large\"><img loading=\"lazy\" decoding=\"async\" width=\"1024\" height=\"640\" src=\"https:\/\/www.fundacionrafanadal.quelinka.es\/wp-content\/uploads\/2022\/06\/fundacion-rafa-nadal-cursa-millor-junts-2017-1024x640.jpg\" alt=\"\" class=\"wp-image-8478\" srcset=\"https:\/\/fundacionrafanadal.quelinka.es\/wp-content\/uploads\/2022\/06\/fundacion-rafa-nadal-cursa-millor-junts-2017-1024x640.jpg 1024w, https:\/\/fundacionrafanadal.quelinka.es\/wp-content\/uploads\/2022\/06\/fundacion-rafa-nadal-cursa-millor-junts-2017-300x188.jpg 300w, https:\/\/fundacionrafanadal.quelinka.es\/wp-content\/uploads\/2022\/06\/fundacion-rafa-nadal-cursa-millor-junts-2017-768x480.jpg 768w, https:\/\/fundacionrafanadal.quelinka.es\/wp-content\/uploads\/2022\/06\/fundacion-rafa-nadal-cursa-millor-junts-2017-1536x960.jpg 1536w, https:\/\/fundacionrafanadal.quelinka.es\/wp-content\/uploads\/2022\/06\/fundacion-rafa-nadal-cursa-millor-junts-2017.jpg 1600w\" sizes=\"auto, (max-width: 1024px) 100vw, 1024px\" \/><\/figure>\n\n\n\n<p>La ciutat de Palma acollir\u00e0 el proper 27 de maig la primera edici\u00f3 de la carrera solid\u00e0ria Millor Junts, promoguda per la&nbsp;<a href=\"http:\/\/www.fundacionrafanadal.quelinka.es\/cat\/proyectos\/6_centro-de-desarrollo-social-cds\/el-proyecto\"><strong>Fundaci\u00f3 Rafa Nadal<\/strong><\/a>&nbsp;amb la voluntat de promocionar l&#8217;activitat f\u00edsica saludable i els valors de l&#8217;esport. Aquest esdeveniment, del que Meli\u00e0 Hotels Internacional \u00e9s el principal patrocinador, permetr\u00e0 a m\u00e9s recollir fons que es destinaran al Centre Fundaci\u00f3 Rafa Nadal, on s&#8217;atenen a nens i joves socialment vulnerables de la ciutat.<\/p>\n\n\n\n<p>La carrera, que transcorrer\u00e0 pels carrers dels barris de Nou Llevant i La Soledat, tindr\u00e0 tres recorreguts \u2013de 7 km, 3 km i 750m-, amb l&#8217;objectiu que tothom pugui prendre part d&#8217;aquesta jornada esportiva i l\u00fadica. El punt de sortida de la carrera ser\u00e0 el complex del nou Palau de Congressos de Palma, gestionat per Meli\u00e1 Hotel Internacional, mentre que la zona de meta se situar\u00e0 en Centre Fundaci\u00f3 Rafa Nadal, on a m\u00e9s hi haur\u00e0 activitats l\u00fadiques i infantils, que amenitzaran la prova.<\/p>\n\n\n\n<p>Les inscripcions a qualsevol de les tres categories poden realitzar-se a trav\u00e9s del portal&nbsp;<a href=\"http:\/\/www.elitechip.net\/index.php?zwshow=compdet&amp;idcomp=5885061&amp;compsec=\" target=\"_blank\" rel=\"noreferrer noopener\"><strong>www.elitechip.net<\/strong><\/a>. El cost de la inscripci\u00f3 \u00e9s de 10 euros, amb la possibilitat de realitzar una donaci\u00f3 major, que es destinar\u00e0 a fins ben\u00e8fics. Addicionalment, aquells que vulguin col\u00b7laborar amb la causa solid\u00e0ria sense participar en la carrera, tenen a la seva disposici\u00f3 el Dorsal 0; una alternativa per formar part de l&#8217;esdeveniment sense necessitat d&#8217;estar present.<\/p>\n\n\n\n<p>La Fundaci\u00f3 Rafa Nadal i Meli\u00e1 Hotels Internacional, ambdues organitzacions amb pres\u00e8ncia al barri, uneixen esfor\u00e7os amb la voluntat d&#8217;influir positivament en el seu entorn m\u00e9s proper, potenciant la celebraci\u00f3 d&#8217;activitats en aquesta zona i contribuint aix\u00ed a la millora del barri i a la qualitat de vida dels seus habitants.<\/p>\n<\/div><\/div>\n","protected":false},"excerpt":{"rendered":"<p>Neix la cursa solid\u00e0ria Millor Junts, impulsada per la Fundaci\u00f3 Rafa Nadal La ciutat de Palma acollir\u00e0 el proper 27 de maig la primera edici\u00f3 de la carrera solid\u00e0ria Millor Junts, promoguda per la&nbsp;Fundaci\u00f3 Rafa Nadal&nbsp;amb la voluntat de promocionar l&#8217;activitat f\u00edsica saludable i els valors de l&#8217;esport. Aquest esdeveniment, del que Meli\u00e0 Hotels Internacional [&hellip;]<\/p>\n","protected":false},"author":1,"featured_media":8481,"parent":8344,"menu_order":0,"comment_status":"closed","ping_status":"closed","template":"","meta":{"_acf_changed":false,"give_campaign_id":0,"_monsterinsights_skip_tracking":false,"_monsterinsights_sitenote_active":false,"_monsterinsights_sitenote_note":"","_monsterinsights_sitenote_category":0,"site-sidebar-layout":"default","site-content-layout":"","ast-site-content-layout":"default","site-content-style":"default","site-sidebar-style":"default","ast-global-header-display":"","ast-banner-title-visibility":"","ast-main-header-display":"","ast-hfb-above-header-display":"","ast-hfb-below-header-display":"","ast-hfb-mobile-header-display":"","site-post-title":"disabled","ast-breadcrumbs-content":"","ast-featured-img":"disabled","footer-sml-layout":"","ast-disable-related-posts":"","theme-transparent-header-meta":"","adv-header-id-meta":"","stick-header-meta":"","header-above-stick-meta":"","header-main-stick-meta":"","header-below-stick-meta":"","astra-migrate-meta-layouts":"default","ast-page-background-enabled":"default","ast-page-background-meta":{"desktop":{"background-color":"var(--ast-global-color-4)","background-image":"","background-repeat":"repeat","background-position":"center center","background-size":"auto","background-attachment":"scroll","background-type":"","background-media":"","overlay-type":"","overlay-color":"","overlay-opacity":"","overlay-gradient":""},"tablet":{"background-color":"","background-image":"","background-repeat":"repeat","background-position":"center center","background-size":"auto","background-attachment":"scroll","background-type":"","background-media":"","overlay-type":"","overlay-color":"","overlay-opacity":"","overlay-gradient":""},"mobile":{"background-color":"","background-image":"","background-repeat":"repeat","background-position":"center center","background-size":"auto","background-attachment":"scroll","background-type":"","background-media":"","overlay-type":"","overlay-color":"","overlay-opacity":"","overlay-gradient":""}},"ast-content-background-meta":{"desktop":{"background-color":"var(--ast-global-color-5)","background-image":"","background-repeat":"repeat","background-position":"center center","background-size":"auto","background-attachment":"scroll","background-type":"","background-media":"","overlay-type":"","overlay-color":"","overlay-opacity":"","overlay-gradient":""},"tablet":{"background-color":"var(--ast-global-color-5)","background-image":"","background-repeat":"repeat","background-position":"center center","background-size":"auto","background-attachment":"scroll","background-type":"","background-media":"","overlay-type":"","overlay-color":"","overlay-opacity":"","overlay-gradient":""},"mobile":{"background-color":"var(--ast-global-color-5)","background-image":"","background-repeat":"repeat","background-position":"center center","background-size":"auto","background-attachment":"scroll","background-type":"","background-media":"","overlay-type":"","overlay-color":"","overlay-opacity":"","overlay-gradient":""}},"_themeisle_gutenberg_block_has_review":false,"footnotes":""},"class_list":["post-8475","page","type-page","status-publish","has-post-thumbnail","hentry"],"acf":[],"yoast_head":"<!-- This site is optimized with the Yoast SEO plugin v26.8 - https:\/\/yoast.com\/product\/yoast-seo-wordpress\/ -->\n<title>Neix la cursa solid\u00e0ria Millor Junts, impulsada per la Fundaci\u00f3 Rafa Nadal - Fundaci\u00f3n Rafa Nadal<\/title>\n<meta name=\"robots\" content=\"noindex, follow, max-snippet:-1, max-image-preview:large, max-video-preview:-1\" \/>\n<meta property=\"og:locale\" content=\"ca_ES\" \/>\n<meta property=\"og:type\" content=\"article\" \/>\n<meta property=\"og:title\" content=\"Neix la cursa solid\u00e0ria Millor Junts, impulsada per la Fundaci\u00f3 Rafa Nadal - Fundaci\u00f3n Rafa Nadal\" \/>\n<meta property=\"og:description\" content=\"Neix la cursa solid\u00e0ria Millor Junts, impulsada per la Fundaci\u00f3 Rafa Nadal La ciutat de Palma acollir\u00e0 el proper 27 de maig la primera edici\u00f3 de la carrera solid\u00e0ria Millor Junts, promoguda per la&nbsp;Fundaci\u00f3 Rafa Nadal&nbsp;amb la voluntat de promocionar l&#8217;activitat f\u00edsica saludable i els valors de l&#8217;esport. Aquest esdeveniment, del que Meli\u00e0 Hotels Internacional [&hellip;]\" \/>\n<meta property=\"og:url\" content=\"https:\/\/fundacionrafanadal.quelinka.es\/ca\/coneix-nos\/noticies\/noticies-2017\/neix-la-cursa-solidaria-millor-junts-impulsada-per-la-fundacio-rafa-nadal\/\" \/>\n<meta property=\"og:site_name\" content=\"Fundaci\u00f3n Rafa Nadal\" \/>\n<meta property=\"article:modified_time\" content=\"2022-06-01T15:48:08+00:00\" \/>\n<meta property=\"og:image\" content=\"https:\/\/fundacionrafanadal.quelinka.es\/wp-content\/uploads\/2022\/06\/fundacion-rafa-nadal-cursa-millor-junts-2017-th.jpg\" \/>\n\t<meta property=\"og:image:width\" content=\"300\" \/>\n\t<meta property=\"og:image:height\" content=\"199\" \/>\n\t<meta property=\"og:image:type\" content=\"image\/jpeg\" \/>\n<meta name=\"twitter:card\" content=\"summary_large_image\" \/>\n<meta name=\"twitter:label1\" content=\"Temps estimat de lectura\" \/>\n\t<meta name=\"twitter:data1\" content=\"2 minuts\" \/>\n<script type=\"application\/ld+json\" class=\"yoast-schema-graph\">{\"@context\":\"https:\/\/schema.org\",\"@graph\":[{\"@type\":\"WebPage\",\"@id\":\"https:\/\/fundacionrafanadal.quelinka.es\/ca\/coneix-nos\/noticies\/noticies-2017\/neix-la-cursa-solidaria-millor-junts-impulsada-per-la-fundacio-rafa-nadal\/\",\"url\":\"https:\/\/fundacionrafanadal.quelinka.es\/ca\/coneix-nos\/noticies\/noticies-2017\/neix-la-cursa-solidaria-millor-junts-impulsada-per-la-fundacio-rafa-nadal\/\",\"name\":\"Neix la cursa solid\u00e0ria Millor Junts, impulsada per la Fundaci\u00f3 Rafa Nadal - Fundaci\u00f3n Rafa Nadal\",\"isPartOf\":{\"@id\":\"https:\/\/fundacionrafanadal.quelinka.es\/ca\/#website\"},\"primaryImageOfPage\":{\"@id\":\"https:\/\/fundacionrafanadal.quelinka.es\/ca\/coneix-nos\/noticies\/noticies-2017\/neix-la-cursa-solidaria-millor-junts-impulsada-per-la-fundacio-rafa-nadal\/#primaryimage\"},\"image\":{\"@id\":\"https:\/\/fundacionrafanadal.quelinka.es\/ca\/coneix-nos\/noticies\/noticies-2017\/neix-la-cursa-solidaria-millor-junts-impulsada-per-la-fundacio-rafa-nadal\/#primaryimage\"},\"thumbnailUrl\":\"https:\/\/fundacionrafanadal.quelinka.es\/wp-content\/uploads\/2022\/06\/fundacion-rafa-nadal-cursa-millor-junts-2017-th.jpg\",\"datePublished\":\"2017-04-05T15:43:00+00:00\",\"dateModified\":\"2022-06-01T15:48:08+00:00\",\"breadcrumb\":{\"@id\":\"https:\/\/fundacionrafanadal.quelinka.es\/ca\/coneix-nos\/noticies\/noticies-2017\/neix-la-cursa-solidaria-millor-junts-impulsada-per-la-fundacio-rafa-nadal\/#breadcrumb\"},\"inLanguage\":\"ca\",\"potentialAction\":[{\"@type\":\"ReadAction\",\"target\":[\"https:\/\/fundacionrafanadal.quelinka.es\/ca\/coneix-nos\/noticies\/noticies-2017\/neix-la-cursa-solidaria-millor-junts-impulsada-per-la-fundacio-rafa-nadal\/\"]}]},{\"@type\":\"ImageObject\",\"inLanguage\":\"ca\",\"@id\":\"https:\/\/fundacionrafanadal.quelinka.es\/ca\/coneix-nos\/noticies\/noticies-2017\/neix-la-cursa-solidaria-millor-junts-impulsada-per-la-fundacio-rafa-nadal\/#primaryimage\",\"url\":\"https:\/\/fundacionrafanadal.quelinka.es\/wp-content\/uploads\/2022\/06\/fundacion-rafa-nadal-cursa-millor-junts-2017-th.jpg\",\"contentUrl\":\"https:\/\/fundacionrafanadal.quelinka.es\/wp-content\/uploads\/2022\/06\/fundacion-rafa-nadal-cursa-millor-junts-2017-th.jpg\",\"width\":300,\"height\":199},{\"@type\":\"BreadcrumbList\",\"@id\":\"https:\/\/fundacionrafanadal.quelinka.es\/ca\/coneix-nos\/noticies\/noticies-2017\/neix-la-cursa-solidaria-millor-junts-impulsada-per-la-fundacio-rafa-nadal\/#breadcrumb\",\"itemListElement\":[{\"@type\":\"ListItem\",\"position\":1,\"name\":\"Portada\",\"item\":\"https:\/\/fundacionrafanadal.quelinka.es\/ca\/\"},{\"@type\":\"ListItem\",\"position\":2,\"name\":\"Coneix-nos\",\"item\":\"https:\/\/fundacionrafanadal.quelinka.es\/ca\/conocenos\/\"},{\"@type\":\"ListItem\",\"position\":3,\"name\":\"Not\u00edcies\",\"item\":\"https:\/\/fundacionrafanadal.quelinka.es\/ca\/conocenos\/noticias\/\"},{\"@type\":\"ListItem\",\"position\":4,\"name\":\"Not\u00edcies 2017\",\"item\":\"https:\/\/fundacionrafanadal.quelinka.es\/ca\/coneix-nos\/noticies\/noticies-2017\/\"},{\"@type\":\"ListItem\",\"position\":5,\"name\":\"Neix la cursa solid\u00e0ria Millor Junts, impulsada per la Fundaci\u00f3 Rafa Nadal\"}]},{\"@type\":\"WebSite\",\"@id\":\"https:\/\/fundacionrafanadal.quelinka.es\/ca\/#website\",\"url\":\"https:\/\/fundacionrafanadal.quelinka.es\/ca\/\",\"name\":\"Fundaci\u00f3n Rafa Nadal\",\"description\":\"A trav\u00e9s del deporte y la educaci\u00f3n, promovemos la integraci\u00f3n y el desarrollo personal y social de ni\u00f1os y j\u00f3venes. En Espa\u00f1a y la India.\",\"publisher\":{\"@id\":\"https:\/\/fundacionrafanadal.quelinka.es\/ca\/#organization\"},\"potentialAction\":[{\"@type\":\"SearchAction\",\"target\":{\"@type\":\"EntryPoint\",\"urlTemplate\":\"https:\/\/fundacionrafanadal.quelinka.es\/ca\/?s={search_term_string}\"},\"query-input\":{\"@type\":\"PropertyValueSpecification\",\"valueRequired\":true,\"valueName\":\"search_term_string\"}}],\"inLanguage\":\"ca\"},{\"@type\":\"Organization\",\"@id\":\"https:\/\/fundacionrafanadal.quelinka.es\/ca\/#organization\",\"name\":\"Fundaci\u00f3n Rafa Nadal\",\"url\":\"https:\/\/fundacionrafanadal.quelinka.es\/ca\/\",\"logo\":{\"@type\":\"ImageObject\",\"inLanguage\":\"ca\",\"@id\":\"https:\/\/fundacionrafanadal.quelinka.es\/ca\/#\/schema\/logo\/image\/\",\"url\":\"https:\/\/fundacionrafanadal.quelinka.es\/wp-content\/uploads\/2022\/09\/logo-frn-web-3.png\",\"contentUrl\":\"https:\/\/fundacionrafanadal.quelinka.es\/wp-content\/uploads\/2022\/09\/logo-frn-web-3.png\",\"width\":551,\"height\":140,\"caption\":\"Fundaci\u00f3n Rafa Nadal\"},\"image\":{\"@id\":\"https:\/\/fundacionrafanadal.quelinka.es\/ca\/#\/schema\/logo\/image\/\"}}]}<\/script>\n<!-- \/ Yoast SEO plugin. -->","yoast_head_json":{"title":"Neix la cursa solid\u00e0ria Millor Junts, impulsada per la Fundaci\u00f3 Rafa Nadal - Fundaci\u00f3n Rafa Nadal","robots":{"index":"noindex","follow":"follow","max-snippet":"max-snippet:-1","max-image-preview":"max-image-preview:large","max-video-preview":"max-video-preview:-1"},"og_locale":"ca_ES","og_type":"article","og_title":"Neix la cursa solid\u00e0ria Millor Junts, impulsada per la Fundaci\u00f3 Rafa Nadal - Fundaci\u00f3n Rafa Nadal","og_description":"Neix la cursa solid\u00e0ria Millor Junts, impulsada per la Fundaci\u00f3 Rafa Nadal La ciutat de Palma acollir\u00e0 el proper 27 de maig la primera edici\u00f3 de la carrera solid\u00e0ria Millor Junts, promoguda per la&nbsp;Fundaci\u00f3 Rafa Nadal&nbsp;amb la voluntat de promocionar l&#8217;activitat f\u00edsica saludable i els valors de l&#8217;esport. Aquest esdeveniment, del que Meli\u00e0 Hotels Internacional [&hellip;]","og_url":"https:\/\/fundacionrafanadal.quelinka.es\/ca\/coneix-nos\/noticies\/noticies-2017\/neix-la-cursa-solidaria-millor-junts-impulsada-per-la-fundacio-rafa-nadal\/","og_site_name":"Fundaci\u00f3n Rafa Nadal","article_modified_time":"2022-06-01T15:48:08+00:00","og_image":[{"width":300,"height":199,"url":"https:\/\/fundacionrafanadal.quelinka.es\/wp-content\/uploads\/2022\/06\/fundacion-rafa-nadal-cursa-millor-junts-2017-th.jpg","type":"image\/jpeg"}],"twitter_card":"summary_large_image","twitter_misc":{"Temps estimat de lectura":"2 minuts"},"schema":{"@context":"https:\/\/schema.org","@graph":[{"@type":"WebPage","@id":"https:\/\/fundacionrafanadal.quelinka.es\/ca\/coneix-nos\/noticies\/noticies-2017\/neix-la-cursa-solidaria-millor-junts-impulsada-per-la-fundacio-rafa-nadal\/","url":"https:\/\/fundacionrafanadal.quelinka.es\/ca\/coneix-nos\/noticies\/noticies-2017\/neix-la-cursa-solidaria-millor-junts-impulsada-per-la-fundacio-rafa-nadal\/","name":"Neix la cursa solid\u00e0ria Millor Junts, impulsada per la Fundaci\u00f3 Rafa Nadal - Fundaci\u00f3n Rafa Nadal","isPartOf":{"@id":"https:\/\/fundacionrafanadal.quelinka.es\/ca\/#website"},"primaryImageOfPage":{"@id":"https:\/\/fundacionrafanadal.quelinka.es\/ca\/coneix-nos\/noticies\/noticies-2017\/neix-la-cursa-solidaria-millor-junts-impulsada-per-la-fundacio-rafa-nadal\/#primaryimage"},"image":{"@id":"https:\/\/fundacionrafanadal.quelinka.es\/ca\/coneix-nos\/noticies\/noticies-2017\/neix-la-cursa-solidaria-millor-junts-impulsada-per-la-fundacio-rafa-nadal\/#primaryimage"},"thumbnailUrl":"https:\/\/fundacionrafanadal.quelinka.es\/wp-content\/uploads\/2022\/06\/fundacion-rafa-nadal-cursa-millor-junts-2017-th.jpg","datePublished":"2017-04-05T15:43:00+00:00","dateModified":"2022-06-01T15:48:08+00:00","breadcrumb":{"@id":"https:\/\/fundacionrafanadal.quelinka.es\/ca\/coneix-nos\/noticies\/noticies-2017\/neix-la-cursa-solidaria-millor-junts-impulsada-per-la-fundacio-rafa-nadal\/#breadcrumb"},"inLanguage":"ca","potentialAction":[{"@type":"ReadAction","target":["https:\/\/fundacionrafanadal.quelinka.es\/ca\/coneix-nos\/noticies\/noticies-2017\/neix-la-cursa-solidaria-millor-junts-impulsada-per-la-fundacio-rafa-nadal\/"]}]},{"@type":"ImageObject","inLanguage":"ca","@id":"https:\/\/fundacionrafanadal.quelinka.es\/ca\/coneix-nos\/noticies\/noticies-2017\/neix-la-cursa-solidaria-millor-junts-impulsada-per-la-fundacio-rafa-nadal\/#primaryimage","url":"https:\/\/fundacionrafanadal.quelinka.es\/wp-content\/uploads\/2022\/06\/fundacion-rafa-nadal-cursa-millor-junts-2017-th.jpg","contentUrl":"https:\/\/fundacionrafanadal.quelinka.es\/wp-content\/uploads\/2022\/06\/fundacion-rafa-nadal-cursa-millor-junts-2017-th.jpg","width":300,"height":199},{"@type":"BreadcrumbList","@id":"https:\/\/fundacionrafanadal.quelinka.es\/ca\/coneix-nos\/noticies\/noticies-2017\/neix-la-cursa-solidaria-millor-junts-impulsada-per-la-fundacio-rafa-nadal\/#breadcrumb","itemListElement":[{"@type":"ListItem","position":1,"name":"Portada","item":"https:\/\/fundacionrafanadal.quelinka.es\/ca\/"},{"@type":"ListItem","position":2,"name":"Coneix-nos","item":"https:\/\/fundacionrafanadal.quelinka.es\/ca\/conocenos\/"},{"@type":"ListItem","position":3,"name":"Not\u00edcies","item":"https:\/\/fundacionrafanadal.quelinka.es\/ca\/conocenos\/noticias\/"},{"@type":"ListItem","position":4,"name":"Not\u00edcies 2017","item":"https:\/\/fundacionrafanadal.quelinka.es\/ca\/coneix-nos\/noticies\/noticies-2017\/"},{"@type":"ListItem","position":5,"name":"Neix la cursa solid\u00e0ria Millor Junts, impulsada per la Fundaci\u00f3 Rafa Nadal"}]},{"@type":"WebSite","@id":"https:\/\/fundacionrafanadal.quelinka.es\/ca\/#website","url":"https:\/\/fundacionrafanadal.quelinka.es\/ca\/","name":"Fundaci\u00f3n Rafa Nadal","description":"A trav\u00e9s del deporte y la educaci\u00f3n, promovemos la integraci\u00f3n y el desarrollo personal y social de ni\u00f1os y j\u00f3venes. En Espa\u00f1a y la India.","publisher":{"@id":"https:\/\/fundacionrafanadal.quelinka.es\/ca\/#organization"},"potentialAction":[{"@type":"SearchAction","target":{"@type":"EntryPoint","urlTemplate":"https:\/\/fundacionrafanadal.quelinka.es\/ca\/?s={search_term_string}"},"query-input":{"@type":"PropertyValueSpecification","valueRequired":true,"valueName":"search_term_string"}}],"inLanguage":"ca"},{"@type":"Organization","@id":"https:\/\/fundacionrafanadal.quelinka.es\/ca\/#organization","name":"Fundaci\u00f3n Rafa Nadal","url":"https:\/\/fundacionrafanadal.quelinka.es\/ca\/","logo":{"@type":"ImageObject","inLanguage":"ca","@id":"https:\/\/fundacionrafanadal.quelinka.es\/ca\/#\/schema\/logo\/image\/","url":"https:\/\/fundacionrafanadal.quelinka.es\/wp-content\/uploads\/2022\/09\/logo-frn-web-3.png","contentUrl":"https:\/\/fundacionrafanadal.quelinka.es\/wp-content\/uploads\/2022\/09\/logo-frn-web-3.png","width":551,"height":140,"caption":"Fundaci\u00f3n Rafa Nadal"},"image":{"@id":"https:\/\/fundacionrafanadal.quelinka.es\/ca\/#\/schema\/logo\/image\/"}}]}},"campaignId":"","_links":{"self":[{"href":"https:\/\/fundacionrafanadal.quelinka.es\/ca\/wp-json\/wp\/v2\/pages\/8475","targetHints":{"allow":["GET"]}}],"collection":[{"href":"https:\/\/fundacionrafanadal.quelinka.es\/ca\/wp-json\/wp\/v2\/pages"}],"about":[{"href":"https:\/\/fundacionrafanadal.quelinka.es\/ca\/wp-json\/wp\/v2\/types\/page"}],"author":[{"embeddable":true,"href":"https:\/\/fundacionrafanadal.quelinka.es\/ca\/wp-json\/wp\/v2\/users\/1"}],"replies":[{"embeddable":true,"href":"https:\/\/fundacionrafanadal.quelinka.es\/ca\/wp-json\/wp\/v2\/comments?post=8475"}],"version-history":[{"count":1,"href":"https:\/\/fundacionrafanadal.quelinka.es\/ca\/wp-json\/wp\/v2\/pages\/8475\/revisions"}],"predecessor-version":[{"id":8485,"href":"https:\/\/fundacionrafanadal.quelinka.es\/ca\/wp-json\/wp\/v2\/pages\/8475\/revisions\/8485"}],"up":[{"embeddable":true,"href":"https:\/\/fundacionrafanadal.quelinka.es\/ca\/wp-json\/wp\/v2\/pages\/8344"}],"wp:featuredmedia":[{"embeddable":true,"href":"https:\/\/fundacionrafanadal.quelinka.es\/ca\/wp-json\/wp\/v2\/media\/8481"}],"wp:attachment":[{"href":"https:\/\/fundacionrafanadal.quelinka.es\/ca\/wp-json\/wp\/v2\/media?parent=8475"}],"curies":[{"name":"wp","href":"https:\/\/api.w.org\/{rel}","templated":true}]}}