{"id":10331,"date":"2022-07-06T10:48:00","date_gmt":"2022-07-06T10:48:00","guid":{"rendered":"https:\/\/www.fundacionrafanadal.org\/?page_id=10331"},"modified":"2022-07-08T11:00:42","modified_gmt":"2022-07-08T11:00:42","slug":"el-centro-fundacion-rafa-nadal-recibe-la-visita-del-area-de-cultura-y-bienestar-del-ayuntamiento-de-palma-de-mallorca","status":"publish","type":"page","link":"https:\/\/fundacionrafanadal.quelinka.es\/en\/get-to-know\/news\/news-2022\/el-centro-fundacion-rafa-nadal-recibe-la-visita-del-area-de-cultura-y-bienestar-del-ayuntamiento-de-palma-de-mallorca\/","title":{"rendered":"The Rafa Nadal Foundation Center is visited by the Culture and Welfare Area of the Palma de Mallorca city Council"},"content":{"rendered":"\n<div class=\"wp-block-media-text alignfull is-stacked-on-mobile is-image-fill has-background\" style=\"background-color:#ddac31\"><figure class=\"wp-block-media-text__media\" style=\"background-image:url(https:\/\/www.fundacionrafanadal.quelinka.es\/wp-content\/uploads\/2022\/07\/ISM08879.png);background-position:50% 50%\"><img loading=\"lazy\" decoding=\"async\" width=\"900\" height=\"399\" src=\"https:\/\/www.fundacionrafanadal.quelinka.es\/wp-content\/uploads\/2022\/07\/ISM08879.png\" alt=\"\" class=\"wp-image-9879 size-full\" srcset=\"https:\/\/fundacionrafanadal.quelinka.es\/wp-content\/uploads\/2022\/07\/ISM08879.png 900w, https:\/\/fundacionrafanadal.quelinka.es\/wp-content\/uploads\/2022\/07\/ISM08879-300x133.png 300w, https:\/\/fundacionrafanadal.quelinka.es\/wp-content\/uploads\/2022\/07\/ISM08879-768x340.png 768w\" sizes=\"auto, (max-width: 900px) 100vw, 900px\" \/><\/figure><div class=\"wp-block-media-text__content\">\n<div style=\"height:30px\" aria-hidden=\"true\" class=\"wp-block-spacer\"><\/div>\n\n\n\n<h2 class=\"has-ast-global-color-5-color has-text-color wp-block-heading\" style=\"font-size:48px\"><strong>News<\/strong><\/h2>\n\n\n\n<div style=\"height:200px\" aria-hidden=\"true\" class=\"wp-block-spacer\"><\/div>\n<\/div><\/div>\n\n\n\n<div style=\"height:50px\" aria-hidden=\"true\" class=\"wp-block-spacer\"><\/div>\n\n\n\n<div class=\"inherit-container-width wp-block-group is-layout-constrained wp-block-group-is-layout-constrained\"><div class=\"wp-block-group__inner-container\"><div class=\"wp-block-post-date\"><time datetime=\"2022-07-06T10:48:00+02:00\">6 de July de 2022<\/time><\/div>\n\n\n<h2 class=\"has-medium-font-size wp-block-heading\" style=\"text-transform:uppercase\"><strong>The Rafa Nadal Foundation Center is visited by the Culture and Welfare Area of the Palma de Mallorca city Council<\/strong><\/h2>\n\n\n\n<figure class=\"wp-block-image alignwide size-full\"><img loading=\"lazy\" decoding=\"async\" width=\"960\" height=\"768\" src=\"https:\/\/www.fundacionrafanadal.quelinka.es\/wp-content\/uploads\/2022\/07\/VISITA-AJUNTAMENT.jpg\" alt=\"\" class=\"wp-image-10326\" srcset=\"https:\/\/fundacionrafanadal.quelinka.es\/wp-content\/uploads\/2022\/07\/VISITA-AJUNTAMENT.jpg 960w, https:\/\/fundacionrafanadal.quelinka.es\/wp-content\/uploads\/2022\/07\/VISITA-AJUNTAMENT-300x240.jpg 300w, https:\/\/fundacionrafanadal.quelinka.es\/wp-content\/uploads\/2022\/07\/VISITA-AJUNTAMENT-768x614.jpg 768w\" sizes=\"auto, (max-width: 960px) 100vw, 960px\" \/><\/figure>\n\n\n\n<p>Antoni Noguera, Deputy Mayor for Culture and Social Welfare, and Catalina Trobat, General Coordinator of Social Welfare for Palma City Council, paid a courtesy visit to the Rafa Nadal Foundation Center located in the Nou Llevant \u2013 La Soledat neighbourhood.<\/p>\n\n\n\n<p>They have been received by Eunate G\u00f3mez, Project Manager of the Rafa Nadal Foundation and \u00cd\u00f1igo Mart\u00ednez de San Vicente, director of the Center.<\/p>\n\n\n\n<p>Currently, the Rafa Nadal Foundation Center in Palma de Mallorca attends to around 250 minors between the ages of 5 and 17 each year. The project has been present in the district since 2014 and the impact on the neighborhood is increasing.<\/p>\n\n\n\n<p>The main objective of this visit has been to strengthen the support of the city&#8217;s institutions for the foundation&#8217;s project and to carry out a small follow-up of the networking system with the different agents of change in the area.<\/p>\n\n\n\n<p>The Rafa Nadal Foundation Center in Palma de Mallorca receives referrals of cases of families in vulnerable situations who need a comprehensive support resource. For this reason, the team is in constant contact with the Social Services area dependent on the City Council.<\/p>\n<\/div><\/div>\n","protected":false},"excerpt":{"rendered":"<p>The Rafa Nadal Foundation Center is visited by the Culture and Welfare Area of the Palma de Mallorca city Council Antoni Noguera, Deputy Mayor for Culture and Social Welfare, and Catalina Trobat, General Coordinator of Social Welfare for Palma City Council, paid a courtesy visit to the Rafa Nadal Foundation Center located in the Nou [&hellip;]<\/p>\n","protected":false},"author":1,"featured_media":10325,"parent":7300,"menu_order":0,"comment_status":"closed","ping_status":"closed","template":"","meta":{"_acf_changed":false,"give_campaign_id":0,"_monsterinsights_skip_tracking":false,"_monsterinsights_sitenote_active":false,"_monsterinsights_sitenote_note":"","_monsterinsights_sitenote_category":0,"site-sidebar-layout":"default","site-content-layout":"","ast-site-content-layout":"default","site-content-style":"default","site-sidebar-style":"default","ast-global-header-display":"","ast-banner-title-visibility":"","ast-main-header-display":"","ast-hfb-above-header-display":"","ast-hfb-below-header-display":"","ast-hfb-mobile-header-display":"","site-post-title":"disabled","ast-breadcrumbs-content":"","ast-featured-img":"disabled","footer-sml-layout":"","ast-disable-related-posts":"","theme-transparent-header-meta":"","adv-header-id-meta":"","stick-header-meta":"","header-above-stick-meta":"","header-main-stick-meta":"","header-below-stick-meta":"","astra-migrate-meta-layouts":"default","ast-page-background-enabled":"default","ast-page-background-meta":{"desktop":{"background-color":"var(--ast-global-color-4)","background-image":"","background-repeat":"repeat","background-position":"center center","background-size":"auto","background-attachment":"scroll","background-type":"","background-media":"","overlay-type":"","overlay-color":"","overlay-opacity":"","overlay-gradient":""},"tablet":{"background-color":"","background-image":"","background-repeat":"repeat","background-position":"center center","background-size":"auto","background-attachment":"scroll","background-type":"","background-media":"","overlay-type":"","overlay-color":"","overlay-opacity":"","overlay-gradient":""},"mobile":{"background-color":"","background-image":"","background-repeat":"repeat","background-position":"center center","background-size":"auto","background-attachment":"scroll","background-type":"","background-media":"","overlay-type":"","overlay-color":"","overlay-opacity":"","overlay-gradient":""}},"ast-content-background-meta":{"desktop":{"background-color":"var(--ast-global-color-5)","background-image":"","background-repeat":"repeat","background-position":"center center","background-size":"auto","background-attachment":"scroll","background-type":"","background-media":"","overlay-type":"","overlay-color":"","overlay-opacity":"","overlay-gradient":""},"tablet":{"background-color":"var(--ast-global-color-5)","background-image":"","background-repeat":"repeat","background-position":"center center","background-size":"auto","background-attachment":"scroll","background-type":"","background-media":"","overlay-type":"","overlay-color":"","overlay-opacity":"","overlay-gradient":""},"mobile":{"background-color":"var(--ast-global-color-5)","background-image":"","background-repeat":"repeat","background-position":"center center","background-size":"auto","background-attachment":"scroll","background-type":"","background-media":"","overlay-type":"","overlay-color":"","overlay-opacity":"","overlay-gradient":""}},"_themeisle_gutenberg_block_has_review":false,"footnotes":""},"class_list":["post-10331","page","type-page","status-publish","has-post-thumbnail","hentry"],"acf":[],"yoast_head":"<!-- This site is optimized with the Yoast SEO plugin v26.8 - https:\/\/yoast.com\/product\/yoast-seo-wordpress\/ -->\n<title>The Rafa Nadal Foundation Center is visited by the Culture and Welfare Area of the Palma de Mallorca city Council - Fundaci\u00f3n Rafa Nadal<\/title>\n<meta name=\"robots\" content=\"noindex, follow, max-snippet:-1, max-image-preview:large, max-video-preview:-1\" \/>\n<meta property=\"og:locale\" content=\"en_US\" \/>\n<meta property=\"og:type\" content=\"article\" \/>\n<meta property=\"og:title\" content=\"The Rafa Nadal Foundation Center is visited by the Culture and Welfare Area of the Palma de Mallorca city Council - Fundaci\u00f3n Rafa Nadal\" \/>\n<meta property=\"og:description\" content=\"The Rafa Nadal Foundation Center is visited by the Culture and Welfare Area of the Palma de Mallorca city Council Antoni Noguera, Deputy Mayor for Culture and Social Welfare, and Catalina Trobat, General Coordinator of Social Welfare for Palma City Council, paid a courtesy visit to the Rafa Nadal Foundation Center located in the Nou [&hellip;]\" \/>\n<meta property=\"og:url\" content=\"https:\/\/fundacionrafanadal.quelinka.es\/en\/get-to-know\/news\/news-2022\/el-centro-fundacion-rafa-nadal-recibe-la-visita-del-area-de-cultura-y-bienestar-del-ayuntamiento-de-palma-de-mallorca\/\" \/>\n<meta property=\"og:site_name\" content=\"Fundaci\u00f3n Rafa Nadal\" \/>\n<meta property=\"article:modified_time\" content=\"2022-07-08T11:00:42+00:00\" \/>\n<meta property=\"og:image\" content=\"https:\/\/fundacionrafanadal.quelinka.es\/wp-content\/uploads\/2022\/07\/visita-ajuntament-2022-th.jpg\" \/>\n\t<meta property=\"og:image:width\" content=\"300\" \/>\n\t<meta property=\"og:image:height\" content=\"199\" \/>\n\t<meta property=\"og:image:type\" content=\"image\/jpeg\" \/>\n<meta name=\"twitter:card\" content=\"summary_large_image\" \/>\n<meta name=\"twitter:label1\" content=\"Est. reading time\" \/>\n\t<meta name=\"twitter:data1\" content=\"2 minutes\" \/>\n<script type=\"application\/ld+json\" class=\"yoast-schema-graph\">{\"@context\":\"https:\/\/schema.org\",\"@graph\":[{\"@type\":\"WebPage\",\"@id\":\"https:\/\/fundacionrafanadal.quelinka.es\/en\/get-to-know\/news\/news-2022\/el-centro-fundacion-rafa-nadal-recibe-la-visita-del-area-de-cultura-y-bienestar-del-ayuntamiento-de-palma-de-mallorca\/\",\"url\":\"https:\/\/fundacionrafanadal.quelinka.es\/en\/get-to-know\/news\/news-2022\/el-centro-fundacion-rafa-nadal-recibe-la-visita-del-area-de-cultura-y-bienestar-del-ayuntamiento-de-palma-de-mallorca\/\",\"name\":\"The Rafa Nadal Foundation Center is visited by the Culture and Welfare Area of the Palma de Mallorca city Council - Fundaci\u00f3n Rafa Nadal\",\"isPartOf\":{\"@id\":\"https:\/\/fundacionrafanadal.quelinka.es\/en\/#website\"},\"primaryImageOfPage\":{\"@id\":\"https:\/\/fundacionrafanadal.quelinka.es\/en\/get-to-know\/news\/news-2022\/el-centro-fundacion-rafa-nadal-recibe-la-visita-del-area-de-cultura-y-bienestar-del-ayuntamiento-de-palma-de-mallorca\/#primaryimage\"},\"image\":{\"@id\":\"https:\/\/fundacionrafanadal.quelinka.es\/en\/get-to-know\/news\/news-2022\/el-centro-fundacion-rafa-nadal-recibe-la-visita-del-area-de-cultura-y-bienestar-del-ayuntamiento-de-palma-de-mallorca\/#primaryimage\"},\"thumbnailUrl\":\"https:\/\/fundacionrafanadal.quelinka.es\/wp-content\/uploads\/2022\/07\/visita-ajuntament-2022-th.jpg\",\"datePublished\":\"2022-07-06T10:48:00+00:00\",\"dateModified\":\"2022-07-08T11:00:42+00:00\",\"breadcrumb\":{\"@id\":\"https:\/\/fundacionrafanadal.quelinka.es\/en\/get-to-know\/news\/news-2022\/el-centro-fundacion-rafa-nadal-recibe-la-visita-del-area-de-cultura-y-bienestar-del-ayuntamiento-de-palma-de-mallorca\/#breadcrumb\"},\"inLanguage\":\"en-US\",\"potentialAction\":[{\"@type\":\"ReadAction\",\"target\":[\"https:\/\/fundacionrafanadal.quelinka.es\/en\/get-to-know\/news\/news-2022\/el-centro-fundacion-rafa-nadal-recibe-la-visita-del-area-de-cultura-y-bienestar-del-ayuntamiento-de-palma-de-mallorca\/\"]}]},{\"@type\":\"ImageObject\",\"inLanguage\":\"en-US\",\"@id\":\"https:\/\/fundacionrafanadal.quelinka.es\/en\/get-to-know\/news\/news-2022\/el-centro-fundacion-rafa-nadal-recibe-la-visita-del-area-de-cultura-y-bienestar-del-ayuntamiento-de-palma-de-mallorca\/#primaryimage\",\"url\":\"https:\/\/fundacionrafanadal.quelinka.es\/wp-content\/uploads\/2022\/07\/visita-ajuntament-2022-th.jpg\",\"contentUrl\":\"https:\/\/fundacionrafanadal.quelinka.es\/wp-content\/uploads\/2022\/07\/visita-ajuntament-2022-th.jpg\",\"width\":300,\"height\":199},{\"@type\":\"BreadcrumbList\",\"@id\":\"https:\/\/fundacionrafanadal.quelinka.es\/en\/get-to-know\/news\/news-2022\/el-centro-fundacion-rafa-nadal-recibe-la-visita-del-area-de-cultura-y-bienestar-del-ayuntamiento-de-palma-de-mallorca\/#breadcrumb\",\"itemListElement\":[{\"@type\":\"ListItem\",\"position\":1,\"name\":\"Portada\",\"item\":\"https:\/\/fundacionrafanadal.quelinka.es\/en\/\"},{\"@type\":\"ListItem\",\"position\":2,\"name\":\"Get to know!\",\"item\":\"https:\/\/fundacionrafanadal.quelinka.es\/en\/conocenos\/\"},{\"@type\":\"ListItem\",\"position\":3,\"name\":\"News\",\"item\":\"https:\/\/fundacionrafanadal.quelinka.es\/en\/conocenos\/noticias\/\"},{\"@type\":\"ListItem\",\"position\":4,\"name\":\"News 2022\",\"item\":\"https:\/\/fundacionrafanadal.quelinka.es\/en\/conocenos\/noticias\/noticias-2022\/\"},{\"@type\":\"ListItem\",\"position\":5,\"name\":\"The Rafa Nadal Foundation Center is visited by the Culture and Welfare Area of the Palma de Mallorca city Council\"}]},{\"@type\":\"WebSite\",\"@id\":\"https:\/\/fundacionrafanadal.quelinka.es\/en\/#website\",\"url\":\"https:\/\/fundacionrafanadal.quelinka.es\/en\/\",\"name\":\"Fundaci\u00f3n Rafa Nadal\",\"description\":\"A trav\u00e9s del deporte y la educaci\u00f3n, promovemos la integraci\u00f3n y el desarrollo personal y social de ni\u00f1os y j\u00f3venes. En Espa\u00f1a y la India.\",\"publisher\":{\"@id\":\"https:\/\/fundacionrafanadal.quelinka.es\/en\/#organization\"},\"potentialAction\":[{\"@type\":\"SearchAction\",\"target\":{\"@type\":\"EntryPoint\",\"urlTemplate\":\"https:\/\/fundacionrafanadal.quelinka.es\/en\/?s={search_term_string}\"},\"query-input\":{\"@type\":\"PropertyValueSpecification\",\"valueRequired\":true,\"valueName\":\"search_term_string\"}}],\"inLanguage\":\"en-US\"},{\"@type\":\"Organization\",\"@id\":\"https:\/\/fundacionrafanadal.quelinka.es\/en\/#organization\",\"name\":\"Fundaci\u00f3n Rafa Nadal\",\"url\":\"https:\/\/fundacionrafanadal.quelinka.es\/en\/\",\"logo\":{\"@type\":\"ImageObject\",\"inLanguage\":\"en-US\",\"@id\":\"https:\/\/fundacionrafanadal.quelinka.es\/en\/#\/schema\/logo\/image\/\",\"url\":\"https:\/\/fundacionrafanadal.quelinka.es\/wp-content\/uploads\/2022\/09\/logo-frn-web-3.png\",\"contentUrl\":\"https:\/\/fundacionrafanadal.quelinka.es\/wp-content\/uploads\/2022\/09\/logo-frn-web-3.png\",\"width\":551,\"height\":140,\"caption\":\"Fundaci\u00f3n Rafa Nadal\"},\"image\":{\"@id\":\"https:\/\/fundacionrafanadal.quelinka.es\/en\/#\/schema\/logo\/image\/\"}}]}<\/script>\n<!-- \/ Yoast SEO plugin. -->","yoast_head_json":{"title":"The Rafa Nadal Foundation Center is visited by the Culture and Welfare Area of the Palma de Mallorca city Council - Fundaci\u00f3n Rafa Nadal","robots":{"index":"noindex","follow":"follow","max-snippet":"max-snippet:-1","max-image-preview":"max-image-preview:large","max-video-preview":"max-video-preview:-1"},"og_locale":"en_US","og_type":"article","og_title":"The Rafa Nadal Foundation Center is visited by the Culture and Welfare Area of the Palma de Mallorca city Council - Fundaci\u00f3n Rafa Nadal","og_description":"The Rafa Nadal Foundation Center is visited by the Culture and Welfare Area of the Palma de Mallorca city Council Antoni Noguera, Deputy Mayor for Culture and Social Welfare, and Catalina Trobat, General Coordinator of Social Welfare for Palma City Council, paid a courtesy visit to the Rafa Nadal Foundation Center located in the Nou [&hellip;]","og_url":"https:\/\/fundacionrafanadal.quelinka.es\/en\/get-to-know\/news\/news-2022\/el-centro-fundacion-rafa-nadal-recibe-la-visita-del-area-de-cultura-y-bienestar-del-ayuntamiento-de-palma-de-mallorca\/","og_site_name":"Fundaci\u00f3n Rafa Nadal","article_modified_time":"2022-07-08T11:00:42+00:00","og_image":[{"width":300,"height":199,"url":"https:\/\/fundacionrafanadal.quelinka.es\/wp-content\/uploads\/2022\/07\/visita-ajuntament-2022-th.jpg","type":"image\/jpeg"}],"twitter_card":"summary_large_image","twitter_misc":{"Est. reading time":"2 minutes"},"schema":{"@context":"https:\/\/schema.org","@graph":[{"@type":"WebPage","@id":"https:\/\/fundacionrafanadal.quelinka.es\/en\/get-to-know\/news\/news-2022\/el-centro-fundacion-rafa-nadal-recibe-la-visita-del-area-de-cultura-y-bienestar-del-ayuntamiento-de-palma-de-mallorca\/","url":"https:\/\/fundacionrafanadal.quelinka.es\/en\/get-to-know\/news\/news-2022\/el-centro-fundacion-rafa-nadal-recibe-la-visita-del-area-de-cultura-y-bienestar-del-ayuntamiento-de-palma-de-mallorca\/","name":"The Rafa Nadal Foundation Center is visited by the Culture and Welfare Area of the Palma de Mallorca city Council - Fundaci\u00f3n Rafa Nadal","isPartOf":{"@id":"https:\/\/fundacionrafanadal.quelinka.es\/en\/#website"},"primaryImageOfPage":{"@id":"https:\/\/fundacionrafanadal.quelinka.es\/en\/get-to-know\/news\/news-2022\/el-centro-fundacion-rafa-nadal-recibe-la-visita-del-area-de-cultura-y-bienestar-del-ayuntamiento-de-palma-de-mallorca\/#primaryimage"},"image":{"@id":"https:\/\/fundacionrafanadal.quelinka.es\/en\/get-to-know\/news\/news-2022\/el-centro-fundacion-rafa-nadal-recibe-la-visita-del-area-de-cultura-y-bienestar-del-ayuntamiento-de-palma-de-mallorca\/#primaryimage"},"thumbnailUrl":"https:\/\/fundacionrafanadal.quelinka.es\/wp-content\/uploads\/2022\/07\/visita-ajuntament-2022-th.jpg","datePublished":"2022-07-06T10:48:00+00:00","dateModified":"2022-07-08T11:00:42+00:00","breadcrumb":{"@id":"https:\/\/fundacionrafanadal.quelinka.es\/en\/get-to-know\/news\/news-2022\/el-centro-fundacion-rafa-nadal-recibe-la-visita-del-area-de-cultura-y-bienestar-del-ayuntamiento-de-palma-de-mallorca\/#breadcrumb"},"inLanguage":"en-US","potentialAction":[{"@type":"ReadAction","target":["https:\/\/fundacionrafanadal.quelinka.es\/en\/get-to-know\/news\/news-2022\/el-centro-fundacion-rafa-nadal-recibe-la-visita-del-area-de-cultura-y-bienestar-del-ayuntamiento-de-palma-de-mallorca\/"]}]},{"@type":"ImageObject","inLanguage":"en-US","@id":"https:\/\/fundacionrafanadal.quelinka.es\/en\/get-to-know\/news\/news-2022\/el-centro-fundacion-rafa-nadal-recibe-la-visita-del-area-de-cultura-y-bienestar-del-ayuntamiento-de-palma-de-mallorca\/#primaryimage","url":"https:\/\/fundacionrafanadal.quelinka.es\/wp-content\/uploads\/2022\/07\/visita-ajuntament-2022-th.jpg","contentUrl":"https:\/\/fundacionrafanadal.quelinka.es\/wp-content\/uploads\/2022\/07\/visita-ajuntament-2022-th.jpg","width":300,"height":199},{"@type":"BreadcrumbList","@id":"https:\/\/fundacionrafanadal.quelinka.es\/en\/get-to-know\/news\/news-2022\/el-centro-fundacion-rafa-nadal-recibe-la-visita-del-area-de-cultura-y-bienestar-del-ayuntamiento-de-palma-de-mallorca\/#breadcrumb","itemListElement":[{"@type":"ListItem","position":1,"name":"Portada","item":"https:\/\/fundacionrafanadal.quelinka.es\/en\/"},{"@type":"ListItem","position":2,"name":"Get to know!","item":"https:\/\/fundacionrafanadal.quelinka.es\/en\/conocenos\/"},{"@type":"ListItem","position":3,"name":"News","item":"https:\/\/fundacionrafanadal.quelinka.es\/en\/conocenos\/noticias\/"},{"@type":"ListItem","position":4,"name":"News 2022","item":"https:\/\/fundacionrafanadal.quelinka.es\/en\/conocenos\/noticias\/noticias-2022\/"},{"@type":"ListItem","position":5,"name":"The Rafa Nadal Foundation Center is visited by the Culture and Welfare Area of the Palma de Mallorca city Council"}]},{"@type":"WebSite","@id":"https:\/\/fundacionrafanadal.quelinka.es\/en\/#website","url":"https:\/\/fundacionrafanadal.quelinka.es\/en\/","name":"Fundaci\u00f3n Rafa Nadal","description":"A trav\u00e9s del deporte y la educaci\u00f3n, promovemos la integraci\u00f3n y el desarrollo personal y social de ni\u00f1os y j\u00f3venes. En Espa\u00f1a y la India.","publisher":{"@id":"https:\/\/fundacionrafanadal.quelinka.es\/en\/#organization"},"potentialAction":[{"@type":"SearchAction","target":{"@type":"EntryPoint","urlTemplate":"https:\/\/fundacionrafanadal.quelinka.es\/en\/?s={search_term_string}"},"query-input":{"@type":"PropertyValueSpecification","valueRequired":true,"valueName":"search_term_string"}}],"inLanguage":"en-US"},{"@type":"Organization","@id":"https:\/\/fundacionrafanadal.quelinka.es\/en\/#organization","name":"Fundaci\u00f3n Rafa Nadal","url":"https:\/\/fundacionrafanadal.quelinka.es\/en\/","logo":{"@type":"ImageObject","inLanguage":"en-US","@id":"https:\/\/fundacionrafanadal.quelinka.es\/en\/#\/schema\/logo\/image\/","url":"https:\/\/fundacionrafanadal.quelinka.es\/wp-content\/uploads\/2022\/09\/logo-frn-web-3.png","contentUrl":"https:\/\/fundacionrafanadal.quelinka.es\/wp-content\/uploads\/2022\/09\/logo-frn-web-3.png","width":551,"height":140,"caption":"Fundaci\u00f3n Rafa Nadal"},"image":{"@id":"https:\/\/fundacionrafanadal.quelinka.es\/en\/#\/schema\/logo\/image\/"}}]}},"campaignId":"","_links":{"self":[{"href":"https:\/\/fundacionrafanadal.quelinka.es\/en\/wp-json\/wp\/v2\/pages\/10331","targetHints":{"allow":["GET"]}}],"collection":[{"href":"https:\/\/fundacionrafanadal.quelinka.es\/en\/wp-json\/wp\/v2\/pages"}],"about":[{"href":"https:\/\/fundacionrafanadal.quelinka.es\/en\/wp-json\/wp\/v2\/types\/page"}],"author":[{"embeddable":true,"href":"https:\/\/fundacionrafanadal.quelinka.es\/en\/wp-json\/wp\/v2\/users\/1"}],"replies":[{"embeddable":true,"href":"https:\/\/fundacionrafanadal.quelinka.es\/en\/wp-json\/wp\/v2\/comments?post=10331"}],"version-history":[{"count":2,"href":"https:\/\/fundacionrafanadal.quelinka.es\/en\/wp-json\/wp\/v2\/pages\/10331\/revisions"}],"predecessor-version":[{"id":10336,"href":"https:\/\/fundacionrafanadal.quelinka.es\/en\/wp-json\/wp\/v2\/pages\/10331\/revisions\/10336"}],"up":[{"embeddable":true,"href":"https:\/\/fundacionrafanadal.quelinka.es\/en\/wp-json\/wp\/v2\/pages\/7300"}],"wp:featuredmedia":[{"embeddable":true,"href":"https:\/\/fundacionrafanadal.quelinka.es\/en\/wp-json\/wp\/v2\/media\/10325"}],"wp:attachment":[{"href":"https:\/\/fundacionrafanadal.quelinka.es\/en\/wp-json\/wp\/v2\/media?parent=10331"}],"curies":[{"name":"wp","href":"https:\/\/api.w.org\/{rel}","templated":true}]}}