{"id":13640,"date":"2022-09-28T14:03:34","date_gmt":"2022-09-28T14:03:34","guid":{"rendered":"https:\/\/www.fundacionrafanadal.org\/?page_id=13640"},"modified":"2022-09-28T14:10:02","modified_gmt":"2022-09-28T14:10:02","slug":"rafa-nadal-foundation-awards-santander-euros-de-tu-nomina","status":"publish","type":"page","link":"https:\/\/fundacionrafanadal.quelinka.es\/en\/get-to-know\/news\/news-2022\/rafa-nadal-foundation-awards-santander-euros-de-tu-nomina\/","title":{"rendered":"The Rafa Nadal Foundation present at the &#8220;Euros de tu n\u00f3mina&#8221; awards ceremony of Banco Santander"},"content":{"rendered":"\n<div class=\"wp-block-media-text alignfull is-stacked-on-mobile is-image-fill has-background\" style=\"background-color:#ddac31\"><figure class=\"wp-block-media-text__media\" style=\"background-image:url(https:\/\/www.fundacionrafanadal.quelinka.es\/wp-content\/uploads\/2022\/07\/ISM08879.png);background-position:50% 50%\"><img loading=\"lazy\" decoding=\"async\" width=\"900\" height=\"399\" src=\"https:\/\/www.fundacionrafanadal.quelinka.es\/wp-content\/uploads\/2022\/07\/ISM08879.png\" alt=\"\" class=\"wp-image-9879 size-full\" srcset=\"https:\/\/fundacionrafanadal.quelinka.es\/wp-content\/uploads\/2022\/07\/ISM08879.png 900w, https:\/\/fundacionrafanadal.quelinka.es\/wp-content\/uploads\/2022\/07\/ISM08879-300x133.png 300w, https:\/\/fundacionrafanadal.quelinka.es\/wp-content\/uploads\/2022\/07\/ISM08879-768x340.png 768w\" sizes=\"auto, (max-width: 900px) 100vw, 900px\" \/><\/figure><div class=\"wp-block-media-text__content\">\n<div style=\"height:30px\" aria-hidden=\"true\" class=\"wp-block-spacer\"><\/div>\n\n\n\n<h2 class=\"has-ast-global-color-5-color has-text-color wp-block-heading\" style=\"font-size:48px\"><strong>News<\/strong><\/h2>\n\n\n\n<div style=\"height:200px\" aria-hidden=\"true\" class=\"wp-block-spacer\"><\/div>\n<\/div><\/div>\n\n\n\n<div style=\"height:50px\" aria-hidden=\"true\" class=\"wp-block-spacer\"><\/div>\n\n\n\n<div class=\"inherit-container-width wp-block-group is-layout-constrained wp-block-group-is-layout-constrained\"><div class=\"wp-block-group__inner-container\"><div class=\"wp-block-post-date\"><time datetime=\"2022-09-28T14:03:34+02:00\">28 de September de 2022<\/time><\/div>\n\n\n<h2 class=\"has-medium-font-size wp-block-heading\" style=\"text-transform:uppercase\"><strong>THE RAFA NADAL FOUNDATION PRESENT AT THE \u201cEUROS DE TU N\u00d3MINA\u201d AWARDS CEREMONY OF BANCO SANTANDER<\/strong><\/h2>\n\n\n\n<figure class=\"wp-block-image alignwide size-large\"><img loading=\"lazy\" decoding=\"async\" width=\"1024\" height=\"683\" src=\"https:\/\/www.fundacionrafanadal.quelinka.es\/wp-content\/uploads\/2022\/09\/im-2022-09-27-su-majestad-la-reina-y-ana-botin-presiden-la-entrega-de-premios-de-la-xiv-convocatoria-euros-de-tu-nomina-de-banco-santander-2-1024x683.jpg\" alt=\"\" class=\"wp-image-13641\" srcset=\"https:\/\/fundacionrafanadal.quelinka.es\/wp-content\/uploads\/2022\/09\/im-2022-09-27-su-majestad-la-reina-y-ana-botin-presiden-la-entrega-de-premios-de-la-xiv-convocatoria-euros-de-tu-nomina-de-banco-santander-2-1024x683.jpg 1024w, https:\/\/fundacionrafanadal.quelinka.es\/wp-content\/uploads\/2022\/09\/im-2022-09-27-su-majestad-la-reina-y-ana-botin-presiden-la-entrega-de-premios-de-la-xiv-convocatoria-euros-de-tu-nomina-de-banco-santander-2-300x200.jpg 300w, https:\/\/fundacionrafanadal.quelinka.es\/wp-content\/uploads\/2022\/09\/im-2022-09-27-su-majestad-la-reina-y-ana-botin-presiden-la-entrega-de-premios-de-la-xiv-convocatoria-euros-de-tu-nomina-de-banco-santander-2-768x512.jpg 768w, https:\/\/fundacionrafanadal.quelinka.es\/wp-content\/uploads\/2022\/09\/im-2022-09-27-su-majestad-la-reina-y-ana-botin-presiden-la-entrega-de-premios-de-la-xiv-convocatoria-euros-de-tu-nomina-de-banco-santander-2-1536x1024.jpg 1536w, https:\/\/fundacionrafanadal.quelinka.es\/wp-content\/uploads\/2022\/09\/im-2022-09-27-su-majestad-la-reina-y-ana-botin-presiden-la-entrega-de-premios-de-la-xiv-convocatoria-euros-de-tu-nomina-de-banco-santander-2.jpg 1920w\" sizes=\"auto, (max-width: 1024px) 100vw, 1024px\" \/><\/figure>\n\n\n\n<p><\/p>\n\n\n\n<pre id=\"tw-target-text\" class=\"wp-block-preformatted\">The Rafa Nadal Foundation has been awarded in the social call \"Euros from your payroll\" promoted by Banco Santander among its workers.\n\nIn these awards, it is the employees themselves who present the projects and also who decide, by voting, which are the winners. In 2022, 196 projects from 168 social entities have been presented, 2,700 employees have participated and \u20ac537,114 have been raised.\n\nThe Rafa Nadal Foundation Center has been one of the projects chosen within the category of social inclusion.\n\nOn Tuesday, September 27, the awards ceremony was held at the C\u00edrculo de Bellas Artes with the presidency of Her Majesty Queen Letizia and the presence of Ana Patricia Bot\u00edn, president of Banco Santander.\n\nMaribel Nadal, sister of Rafael Nadal and daughter of Ana Mar\u00eda Parera, president of the Foundation, has been in charge of attending the event and collecting the award on behalf of the entity.\n\nHer Majesty the Queen has highlighted that \"civil society in our country is strong, supportive, powerful in many areas: assistance, attention, accompaniment, defense of people who do not have recognized rights, or are being violated, or are in a situation of helplessness, vulnerability, loneliness, suffering\u201d.\n\nAna Bot\u00edn, president of Banco Santander, thanked the Queen for her participation and the commitment she has always shown to social causes and praised the work carried out by NGOs: \"With your effort and professionalism you transform the lives, for the better, of thousands of people. If there is something that makes me get up every day with enthusiasm, it is the ability of our work to impact the lives of many people. You help us to multiply that impact, your work is a source of inspiration\u201d.<\/pre>\n\n\n\n<figure class=\"wp-block-image alignwide size-large\"><img loading=\"lazy\" decoding=\"async\" width=\"1024\" height=\"683\" src=\"https:\/\/www.fundacionrafanadal.quelinka.es\/wp-content\/uploads\/2022\/09\/im-2022-09-27-su-majestad-la-reina-y-ana-botin-presiden-la-entrega-de-premios-de-la-xiv-convocatoria-euros-de-tu-nomina-de-banco-santander-desktop-1024x683.jpg\" alt=\"\" class=\"wp-image-13647\" srcset=\"https:\/\/fundacionrafanadal.quelinka.es\/wp-content\/uploads\/2022\/09\/im-2022-09-27-su-majestad-la-reina-y-ana-botin-presiden-la-entrega-de-premios-de-la-xiv-convocatoria-euros-de-tu-nomina-de-banco-santander-desktop-1024x683.jpg 1024w, https:\/\/fundacionrafanadal.quelinka.es\/wp-content\/uploads\/2022\/09\/im-2022-09-27-su-majestad-la-reina-y-ana-botin-presiden-la-entrega-de-premios-de-la-xiv-convocatoria-euros-de-tu-nomina-de-banco-santander-desktop-300x200.jpg 300w, https:\/\/fundacionrafanadal.quelinka.es\/wp-content\/uploads\/2022\/09\/im-2022-09-27-su-majestad-la-reina-y-ana-botin-presiden-la-entrega-de-premios-de-la-xiv-convocatoria-euros-de-tu-nomina-de-banco-santander-desktop-768x512.jpg 768w, https:\/\/fundacionrafanadal.quelinka.es\/wp-content\/uploads\/2022\/09\/im-2022-09-27-su-majestad-la-reina-y-ana-botin-presiden-la-entrega-de-premios-de-la-xiv-convocatoria-euros-de-tu-nomina-de-banco-santander-desktop-1536x1024.jpg 1536w, https:\/\/fundacionrafanadal.quelinka.es\/wp-content\/uploads\/2022\/09\/im-2022-09-27-su-majestad-la-reina-y-ana-botin-presiden-la-entrega-de-premios-de-la-xiv-convocatoria-euros-de-tu-nomina-de-banco-santander-desktop.jpg 1920w\" sizes=\"auto, (max-width: 1024px) 100vw, 1024px\" \/><\/figure>\n<\/div><\/div>\n","protected":false},"excerpt":{"rendered":"<p>THE RAFA NADAL FOUNDATION PRESENT AT THE \u201cEUROS DE TU N\u00d3MINA\u201d AWARDS CEREMONY OF BANCO SANTANDER The Rafa Nadal Foundation has been awarded in the social call &#8220;Euros from your payroll&#8221; promoted by Banco Santander among its workers. In these awards, it is the employees themselves who present the projects and also who decide, by [&hellip;]<\/p>\n","protected":false},"author":1,"featured_media":13643,"parent":7300,"menu_order":0,"comment_status":"closed","ping_status":"closed","template":"","meta":{"_acf_changed":false,"give_campaign_id":0,"_monsterinsights_skip_tracking":false,"_monsterinsights_sitenote_active":false,"_monsterinsights_sitenote_note":"","_monsterinsights_sitenote_category":0,"site-sidebar-layout":"default","site-content-layout":"","ast-site-content-layout":"default","site-content-style":"default","site-sidebar-style":"default","ast-global-header-display":"","ast-banner-title-visibility":"","ast-main-header-display":"","ast-hfb-above-header-display":"","ast-hfb-below-header-display":"","ast-hfb-mobile-header-display":"","site-post-title":"disabled","ast-breadcrumbs-content":"","ast-featured-img":"disabled","footer-sml-layout":"","ast-disable-related-posts":"","theme-transparent-header-meta":"","adv-header-id-meta":"","stick-header-meta":"","header-above-stick-meta":"","header-main-stick-meta":"","header-below-stick-meta":"","astra-migrate-meta-layouts":"default","ast-page-background-enabled":"default","ast-page-background-meta":{"desktop":{"background-color":"var(--ast-global-color-4)","background-image":"","background-repeat":"repeat","background-position":"center center","background-size":"auto","background-attachment":"scroll","background-type":"","background-media":"","overlay-type":"","overlay-color":"","overlay-opacity":"","overlay-gradient":""},"tablet":{"background-color":"","background-image":"","background-repeat":"repeat","background-position":"center center","background-size":"auto","background-attachment":"scroll","background-type":"","background-media":"","overlay-type":"","overlay-color":"","overlay-opacity":"","overlay-gradient":""},"mobile":{"background-color":"","background-image":"","background-repeat":"repeat","background-position":"center center","background-size":"auto","background-attachment":"scroll","background-type":"","background-media":"","overlay-type":"","overlay-color":"","overlay-opacity":"","overlay-gradient":""}},"ast-content-background-meta":{"desktop":{"background-color":"var(--ast-global-color-5)","background-image":"","background-repeat":"repeat","background-position":"center center","background-size":"auto","background-attachment":"scroll","background-type":"","background-media":"","overlay-type":"","overlay-color":"","overlay-opacity":"","overlay-gradient":""},"tablet":{"background-color":"var(--ast-global-color-5)","background-image":"","background-repeat":"repeat","background-position":"center center","background-size":"auto","background-attachment":"scroll","background-type":"","background-media":"","overlay-type":"","overlay-color":"","overlay-opacity":"","overlay-gradient":""},"mobile":{"background-color":"var(--ast-global-color-5)","background-image":"","background-repeat":"repeat","background-position":"center center","background-size":"auto","background-attachment":"scroll","background-type":"","background-media":"","overlay-type":"","overlay-color":"","overlay-opacity":"","overlay-gradient":""}},"_themeisle_gutenberg_block_has_review":false,"footnotes":""},"class_list":["post-13640","page","type-page","status-publish","has-post-thumbnail","hentry"],"acf":[],"yoast_head":"<!-- This site is optimized with the Yoast SEO plugin v26.8 - https:\/\/yoast.com\/product\/yoast-seo-wordpress\/ -->\n<title>The Rafa Nadal Foundation present at the &quot;Euros de tu n\u00f3mina&quot; awards ceremony of Banco Santander - Fundaci\u00f3n Rafa Nadal<\/title>\n<meta name=\"robots\" content=\"noindex, follow, max-snippet:-1, max-image-preview:large, max-video-preview:-1\" \/>\n<meta property=\"og:locale\" content=\"en_US\" \/>\n<meta property=\"og:type\" content=\"article\" \/>\n<meta property=\"og:title\" content=\"The Rafa Nadal Foundation present at the &quot;Euros de tu n\u00f3mina&quot; awards ceremony of Banco Santander - Fundaci\u00f3n Rafa Nadal\" \/>\n<meta property=\"og:description\" content=\"THE RAFA NADAL FOUNDATION PRESENT AT THE \u201cEUROS DE TU N\u00d3MINA\u201d AWARDS CEREMONY OF BANCO SANTANDER The Rafa Nadal Foundation has been awarded in the social call &quot;Euros from your payroll&quot; promoted by Banco Santander among its workers. In these awards, it is the employees themselves who present the projects and also who decide, by [&hellip;]\" \/>\n<meta property=\"og:url\" content=\"https:\/\/fundacionrafanadal.quelinka.es\/en\/get-to-know\/news\/news-2022\/rafa-nadal-foundation-awards-santander-euros-de-tu-nomina\/\" \/>\n<meta property=\"og:site_name\" content=\"Fundaci\u00f3n Rafa Nadal\" \/>\n<meta property=\"article:modified_time\" content=\"2022-09-28T14:10:02+00:00\" \/>\n<meta property=\"og:image\" content=\"https:\/\/fundacionrafanadal.quelinka.es\/wp-content\/uploads\/2022\/09\/im-2022-09-27-su-majestad-la-reina-y-ana-botin-presiden-la-entrega-de-premios-de-la-xiv-convocatoria-euros-de-tu-nomina-de-banco-santander-2.jpg\" \/>\n\t<meta property=\"og:image:width\" content=\"1920\" \/>\n\t<meta property=\"og:image:height\" content=\"1280\" \/>\n\t<meta property=\"og:image:type\" content=\"image\/jpeg\" \/>\n<meta name=\"twitter:card\" content=\"summary_large_image\" \/>\n<meta name=\"twitter:label1\" content=\"Est. reading time\" \/>\n\t<meta name=\"twitter:data1\" content=\"2 minutes\" \/>\n<script type=\"application\/ld+json\" class=\"yoast-schema-graph\">{\"@context\":\"https:\/\/schema.org\",\"@graph\":[{\"@type\":\"WebPage\",\"@id\":\"https:\/\/fundacionrafanadal.quelinka.es\/en\/get-to-know\/news\/news-2022\/rafa-nadal-foundation-awards-santander-euros-de-tu-nomina\/\",\"url\":\"https:\/\/fundacionrafanadal.quelinka.es\/en\/get-to-know\/news\/news-2022\/rafa-nadal-foundation-awards-santander-euros-de-tu-nomina\/\",\"name\":\"The Rafa Nadal Foundation present at the \\\"Euros de tu n\u00f3mina\\\" awards ceremony of Banco Santander - Fundaci\u00f3n Rafa Nadal\",\"isPartOf\":{\"@id\":\"https:\/\/fundacionrafanadal.quelinka.es\/en\/#website\"},\"primaryImageOfPage\":{\"@id\":\"https:\/\/fundacionrafanadal.quelinka.es\/en\/get-to-know\/news\/news-2022\/rafa-nadal-foundation-awards-santander-euros-de-tu-nomina\/#primaryimage\"},\"image\":{\"@id\":\"https:\/\/fundacionrafanadal.quelinka.es\/en\/get-to-know\/news\/news-2022\/rafa-nadal-foundation-awards-santander-euros-de-tu-nomina\/#primaryimage\"},\"thumbnailUrl\":\"https:\/\/fundacionrafanadal.quelinka.es\/wp-content\/uploads\/2022\/09\/im-2022-09-27-su-majestad-la-reina-y-ana-botin-presiden-la-entrega-de-premios-de-la-xiv-convocatoria-euros-de-tu-nomina-de-banco-santander-2.jpg\",\"datePublished\":\"2022-09-28T14:03:34+00:00\",\"dateModified\":\"2022-09-28T14:10:02+00:00\",\"breadcrumb\":{\"@id\":\"https:\/\/fundacionrafanadal.quelinka.es\/en\/get-to-know\/news\/news-2022\/rafa-nadal-foundation-awards-santander-euros-de-tu-nomina\/#breadcrumb\"},\"inLanguage\":\"en-US\",\"potentialAction\":[{\"@type\":\"ReadAction\",\"target\":[\"https:\/\/fundacionrafanadal.quelinka.es\/en\/get-to-know\/news\/news-2022\/rafa-nadal-foundation-awards-santander-euros-de-tu-nomina\/\"]}]},{\"@type\":\"ImageObject\",\"inLanguage\":\"en-US\",\"@id\":\"https:\/\/fundacionrafanadal.quelinka.es\/en\/get-to-know\/news\/news-2022\/rafa-nadal-foundation-awards-santander-euros-de-tu-nomina\/#primaryimage\",\"url\":\"https:\/\/fundacionrafanadal.quelinka.es\/wp-content\/uploads\/2022\/09\/im-2022-09-27-su-majestad-la-reina-y-ana-botin-presiden-la-entrega-de-premios-de-la-xiv-convocatoria-euros-de-tu-nomina-de-banco-santander-2.jpg\",\"contentUrl\":\"https:\/\/fundacionrafanadal.quelinka.es\/wp-content\/uploads\/2022\/09\/im-2022-09-27-su-majestad-la-reina-y-ana-botin-presiden-la-entrega-de-premios-de-la-xiv-convocatoria-euros-de-tu-nomina-de-banco-santander-2.jpg\",\"width\":1920,\"height\":1280},{\"@type\":\"BreadcrumbList\",\"@id\":\"https:\/\/fundacionrafanadal.quelinka.es\/en\/get-to-know\/news\/news-2022\/rafa-nadal-foundation-awards-santander-euros-de-tu-nomina\/#breadcrumb\",\"itemListElement\":[{\"@type\":\"ListItem\",\"position\":1,\"name\":\"Portada\",\"item\":\"https:\/\/fundacionrafanadal.quelinka.es\/en\/\"},{\"@type\":\"ListItem\",\"position\":2,\"name\":\"Get to know!\",\"item\":\"https:\/\/fundacionrafanadal.quelinka.es\/en\/conocenos\/\"},{\"@type\":\"ListItem\",\"position\":3,\"name\":\"News\",\"item\":\"https:\/\/fundacionrafanadal.quelinka.es\/en\/conocenos\/noticias\/\"},{\"@type\":\"ListItem\",\"position\":4,\"name\":\"News 2022\",\"item\":\"https:\/\/fundacionrafanadal.quelinka.es\/en\/conocenos\/noticias\/noticias-2022\/\"},{\"@type\":\"ListItem\",\"position\":5,\"name\":\"The Rafa Nadal Foundation present at the &#8220;Euros de tu n\u00f3mina&#8221; awards ceremony of Banco Santander\"}]},{\"@type\":\"WebSite\",\"@id\":\"https:\/\/fundacionrafanadal.quelinka.es\/en\/#website\",\"url\":\"https:\/\/fundacionrafanadal.quelinka.es\/en\/\",\"name\":\"Fundaci\u00f3n Rafa Nadal\",\"description\":\"A trav\u00e9s del deporte y la educaci\u00f3n, promovemos la integraci\u00f3n y el desarrollo personal y social de ni\u00f1os y j\u00f3venes. En Espa\u00f1a y la India.\",\"publisher\":{\"@id\":\"https:\/\/fundacionrafanadal.quelinka.es\/en\/#organization\"},\"potentialAction\":[{\"@type\":\"SearchAction\",\"target\":{\"@type\":\"EntryPoint\",\"urlTemplate\":\"https:\/\/fundacionrafanadal.quelinka.es\/en\/?s={search_term_string}\"},\"query-input\":{\"@type\":\"PropertyValueSpecification\",\"valueRequired\":true,\"valueName\":\"search_term_string\"}}],\"inLanguage\":\"en-US\"},{\"@type\":\"Organization\",\"@id\":\"https:\/\/fundacionrafanadal.quelinka.es\/en\/#organization\",\"name\":\"Fundaci\u00f3n Rafa Nadal\",\"url\":\"https:\/\/fundacionrafanadal.quelinka.es\/en\/\",\"logo\":{\"@type\":\"ImageObject\",\"inLanguage\":\"en-US\",\"@id\":\"https:\/\/fundacionrafanadal.quelinka.es\/en\/#\/schema\/logo\/image\/\",\"url\":\"https:\/\/fundacionrafanadal.quelinka.es\/wp-content\/uploads\/2022\/09\/logo-frn-web-3.png\",\"contentUrl\":\"https:\/\/fundacionrafanadal.quelinka.es\/wp-content\/uploads\/2022\/09\/logo-frn-web-3.png\",\"width\":551,\"height\":140,\"caption\":\"Fundaci\u00f3n Rafa Nadal\"},\"image\":{\"@id\":\"https:\/\/fundacionrafanadal.quelinka.es\/en\/#\/schema\/logo\/image\/\"}}]}<\/script>\n<!-- \/ Yoast SEO plugin. -->","yoast_head_json":{"title":"The Rafa Nadal Foundation present at the \"Euros de tu n\u00f3mina\" awards ceremony of Banco Santander - Fundaci\u00f3n Rafa Nadal","robots":{"index":"noindex","follow":"follow","max-snippet":"max-snippet:-1","max-image-preview":"max-image-preview:large","max-video-preview":"max-video-preview:-1"},"og_locale":"en_US","og_type":"article","og_title":"The Rafa Nadal Foundation present at the \"Euros de tu n\u00f3mina\" awards ceremony of Banco Santander - Fundaci\u00f3n Rafa Nadal","og_description":"THE RAFA NADAL FOUNDATION PRESENT AT THE \u201cEUROS DE TU N\u00d3MINA\u201d AWARDS CEREMONY OF BANCO SANTANDER The Rafa Nadal Foundation has been awarded in the social call \"Euros from your payroll\" promoted by Banco Santander among its workers. In these awards, it is the employees themselves who present the projects and also who decide, by [&hellip;]","og_url":"https:\/\/fundacionrafanadal.quelinka.es\/en\/get-to-know\/news\/news-2022\/rafa-nadal-foundation-awards-santander-euros-de-tu-nomina\/","og_site_name":"Fundaci\u00f3n Rafa Nadal","article_modified_time":"2022-09-28T14:10:02+00:00","og_image":[{"width":1920,"height":1280,"url":"https:\/\/fundacionrafanadal.quelinka.es\/wp-content\/uploads\/2022\/09\/im-2022-09-27-su-majestad-la-reina-y-ana-botin-presiden-la-entrega-de-premios-de-la-xiv-convocatoria-euros-de-tu-nomina-de-banco-santander-2.jpg","type":"image\/jpeg"}],"twitter_card":"summary_large_image","twitter_misc":{"Est. reading time":"2 minutes"},"schema":{"@context":"https:\/\/schema.org","@graph":[{"@type":"WebPage","@id":"https:\/\/fundacionrafanadal.quelinka.es\/en\/get-to-know\/news\/news-2022\/rafa-nadal-foundation-awards-santander-euros-de-tu-nomina\/","url":"https:\/\/fundacionrafanadal.quelinka.es\/en\/get-to-know\/news\/news-2022\/rafa-nadal-foundation-awards-santander-euros-de-tu-nomina\/","name":"The Rafa Nadal Foundation present at the \"Euros de tu n\u00f3mina\" awards ceremony of Banco Santander - Fundaci\u00f3n Rafa Nadal","isPartOf":{"@id":"https:\/\/fundacionrafanadal.quelinka.es\/en\/#website"},"primaryImageOfPage":{"@id":"https:\/\/fundacionrafanadal.quelinka.es\/en\/get-to-know\/news\/news-2022\/rafa-nadal-foundation-awards-santander-euros-de-tu-nomina\/#primaryimage"},"image":{"@id":"https:\/\/fundacionrafanadal.quelinka.es\/en\/get-to-know\/news\/news-2022\/rafa-nadal-foundation-awards-santander-euros-de-tu-nomina\/#primaryimage"},"thumbnailUrl":"https:\/\/fundacionrafanadal.quelinka.es\/wp-content\/uploads\/2022\/09\/im-2022-09-27-su-majestad-la-reina-y-ana-botin-presiden-la-entrega-de-premios-de-la-xiv-convocatoria-euros-de-tu-nomina-de-banco-santander-2.jpg","datePublished":"2022-09-28T14:03:34+00:00","dateModified":"2022-09-28T14:10:02+00:00","breadcrumb":{"@id":"https:\/\/fundacionrafanadal.quelinka.es\/en\/get-to-know\/news\/news-2022\/rafa-nadal-foundation-awards-santander-euros-de-tu-nomina\/#breadcrumb"},"inLanguage":"en-US","potentialAction":[{"@type":"ReadAction","target":["https:\/\/fundacionrafanadal.quelinka.es\/en\/get-to-know\/news\/news-2022\/rafa-nadal-foundation-awards-santander-euros-de-tu-nomina\/"]}]},{"@type":"ImageObject","inLanguage":"en-US","@id":"https:\/\/fundacionrafanadal.quelinka.es\/en\/get-to-know\/news\/news-2022\/rafa-nadal-foundation-awards-santander-euros-de-tu-nomina\/#primaryimage","url":"https:\/\/fundacionrafanadal.quelinka.es\/wp-content\/uploads\/2022\/09\/im-2022-09-27-su-majestad-la-reina-y-ana-botin-presiden-la-entrega-de-premios-de-la-xiv-convocatoria-euros-de-tu-nomina-de-banco-santander-2.jpg","contentUrl":"https:\/\/fundacionrafanadal.quelinka.es\/wp-content\/uploads\/2022\/09\/im-2022-09-27-su-majestad-la-reina-y-ana-botin-presiden-la-entrega-de-premios-de-la-xiv-convocatoria-euros-de-tu-nomina-de-banco-santander-2.jpg","width":1920,"height":1280},{"@type":"BreadcrumbList","@id":"https:\/\/fundacionrafanadal.quelinka.es\/en\/get-to-know\/news\/news-2022\/rafa-nadal-foundation-awards-santander-euros-de-tu-nomina\/#breadcrumb","itemListElement":[{"@type":"ListItem","position":1,"name":"Portada","item":"https:\/\/fundacionrafanadal.quelinka.es\/en\/"},{"@type":"ListItem","position":2,"name":"Get to know!","item":"https:\/\/fundacionrafanadal.quelinka.es\/en\/conocenos\/"},{"@type":"ListItem","position":3,"name":"News","item":"https:\/\/fundacionrafanadal.quelinka.es\/en\/conocenos\/noticias\/"},{"@type":"ListItem","position":4,"name":"News 2022","item":"https:\/\/fundacionrafanadal.quelinka.es\/en\/conocenos\/noticias\/noticias-2022\/"},{"@type":"ListItem","position":5,"name":"The Rafa Nadal Foundation present at the &#8220;Euros de tu n\u00f3mina&#8221; awards ceremony of Banco Santander"}]},{"@type":"WebSite","@id":"https:\/\/fundacionrafanadal.quelinka.es\/en\/#website","url":"https:\/\/fundacionrafanadal.quelinka.es\/en\/","name":"Fundaci\u00f3n Rafa Nadal","description":"A trav\u00e9s del deporte y la educaci\u00f3n, promovemos la integraci\u00f3n y el desarrollo personal y social de ni\u00f1os y j\u00f3venes. En Espa\u00f1a y la India.","publisher":{"@id":"https:\/\/fundacionrafanadal.quelinka.es\/en\/#organization"},"potentialAction":[{"@type":"SearchAction","target":{"@type":"EntryPoint","urlTemplate":"https:\/\/fundacionrafanadal.quelinka.es\/en\/?s={search_term_string}"},"query-input":{"@type":"PropertyValueSpecification","valueRequired":true,"valueName":"search_term_string"}}],"inLanguage":"en-US"},{"@type":"Organization","@id":"https:\/\/fundacionrafanadal.quelinka.es\/en\/#organization","name":"Fundaci\u00f3n Rafa Nadal","url":"https:\/\/fundacionrafanadal.quelinka.es\/en\/","logo":{"@type":"ImageObject","inLanguage":"en-US","@id":"https:\/\/fundacionrafanadal.quelinka.es\/en\/#\/schema\/logo\/image\/","url":"https:\/\/fundacionrafanadal.quelinka.es\/wp-content\/uploads\/2022\/09\/logo-frn-web-3.png","contentUrl":"https:\/\/fundacionrafanadal.quelinka.es\/wp-content\/uploads\/2022\/09\/logo-frn-web-3.png","width":551,"height":140,"caption":"Fundaci\u00f3n Rafa Nadal"},"image":{"@id":"https:\/\/fundacionrafanadal.quelinka.es\/en\/#\/schema\/logo\/image\/"}}]}},"campaignId":"","_links":{"self":[{"href":"https:\/\/fundacionrafanadal.quelinka.es\/en\/wp-json\/wp\/v2\/pages\/13640","targetHints":{"allow":["GET"]}}],"collection":[{"href":"https:\/\/fundacionrafanadal.quelinka.es\/en\/wp-json\/wp\/v2\/pages"}],"about":[{"href":"https:\/\/fundacionrafanadal.quelinka.es\/en\/wp-json\/wp\/v2\/types\/page"}],"author":[{"embeddable":true,"href":"https:\/\/fundacionrafanadal.quelinka.es\/en\/wp-json\/wp\/v2\/users\/1"}],"replies":[{"embeddable":true,"href":"https:\/\/fundacionrafanadal.quelinka.es\/en\/wp-json\/wp\/v2\/comments?post=13640"}],"version-history":[{"count":2,"href":"https:\/\/fundacionrafanadal.quelinka.es\/en\/wp-json\/wp\/v2\/pages\/13640\/revisions"}],"predecessor-version":[{"id":13660,"href":"https:\/\/fundacionrafanadal.quelinka.es\/en\/wp-json\/wp\/v2\/pages\/13640\/revisions\/13660"}],"up":[{"embeddable":true,"href":"https:\/\/fundacionrafanadal.quelinka.es\/en\/wp-json\/wp\/v2\/pages\/7300"}],"wp:featuredmedia":[{"embeddable":true,"href":"https:\/\/fundacionrafanadal.quelinka.es\/en\/wp-json\/wp\/v2\/media\/13643"}],"wp:attachment":[{"href":"https:\/\/fundacionrafanadal.quelinka.es\/en\/wp-json\/wp\/v2\/media?parent=13640"}],"curies":[{"name":"wp","href":"https:\/\/api.w.org\/{rel}","templated":true}]}}