{"id":13944,"date":"2022-10-28T06:52:58","date_gmt":"2022-10-28T06:52:58","guid":{"rendered":"https:\/\/www.fundacionrafanadal.org\/?page_id=13944"},"modified":"2022-10-28T12:37:16","modified_gmt":"2022-10-28T12:37:16","slug":"the-rafa-nadal-foundation-celebrates-an-event-in-the-caja-magica-to-inaugurate-the-new-course-of-the-rafa-nadal-foundation-center-in-madrid","status":"publish","type":"page","link":"https:\/\/fundacionrafanadal.quelinka.es\/en\/get-to-know\/news\/news-2022\/the-rafa-nadal-foundation-celebrates-an-event-in-the-caja-magica-to-inaugurate-the-new-course-of-the-rafa-nadal-foundation-center-in-madrid\/","title":{"rendered":"The Rafa Nadal Foundation celebrates an event in the Caja M\u00e1gica to inaugurate the new course of the Rafa Nadal Foundation Center in Madrid"},"content":{"rendered":"\n<div class=\"wp-block-media-text alignfull is-stacked-on-mobile is-image-fill has-background\" style=\"background-color:#ddac31\"><figure class=\"wp-block-media-text__media\" style=\"background-image:url(https:\/\/www.fundacionrafanadal.quelinka.es\/wp-content\/uploads\/2022\/07\/ISM08879.png);background-position:50% 50%\"><img loading=\"lazy\" decoding=\"async\" width=\"900\" height=\"399\" src=\"https:\/\/www.fundacionrafanadal.quelinka.es\/wp-content\/uploads\/2022\/07\/ISM08879.png\" alt=\"\" class=\"wp-image-9879 size-full\" srcset=\"https:\/\/fundacionrafanadal.quelinka.es\/wp-content\/uploads\/2022\/07\/ISM08879.png 900w, https:\/\/fundacionrafanadal.quelinka.es\/wp-content\/uploads\/2022\/07\/ISM08879-300x133.png 300w, https:\/\/fundacionrafanadal.quelinka.es\/wp-content\/uploads\/2022\/07\/ISM08879-768x340.png 768w\" sizes=\"auto, (max-width: 900px) 100vw, 900px\" \/><\/figure><div class=\"wp-block-media-text__content\">\n<div style=\"height:30px\" aria-hidden=\"true\" class=\"wp-block-spacer\"><\/div>\n\n\n\n<h2 class=\"has-ast-global-color-5-color has-text-color wp-block-heading\" style=\"font-size:48px\"><strong>News<\/strong><\/h2>\n\n\n\n<div style=\"height:200px\" aria-hidden=\"true\" class=\"wp-block-spacer\"><\/div>\n<\/div><\/div>\n\n\n\n<div style=\"height:50px\" aria-hidden=\"true\" class=\"wp-block-spacer\"><\/div>\n\n\n\n<div class=\"inherit-container-width wp-block-group is-layout-constrained wp-block-group-is-layout-constrained\"><div class=\"wp-block-group__inner-container\"><div class=\"wp-block-post-date\"><time datetime=\"2022-10-28T06:52:58+02:00\">28 de October de 2022<\/time><\/div>\n\n\n<h2 class=\"has-medium-font-size wp-block-heading\" style=\"text-transform:uppercase\"><strong>THE RAFA NADAL FOUNDATION CELEBRATES AN EVENT IN THE CAJA M\u00c1GICA TO INAUGURATE THE NEW COURSE of the rafa nadal foundation center in madrid<\/strong><\/h2>\n\n\n\n<p><strong>The event held on Thursday, October 27, was attended by Sof\u00eda Miranda, Councilor for Sports of the Madrid City Council, Eunate G\u00f3mez, Project Manager of the Rafa Nadal Foundation, and athletes Varo Hernandez, BMX, and Stefy Navarro,  parkour.<\/strong><\/p>\n\n\n\n<p>The Rafa Nadal Foundation organizes an event at Caja M\u00e1gica to celebrate the start of the new course at the Rafa Nadal Foundation Center in Madrid with the presence of the Sports Department of the Madrid City Council.<\/p>\n\n\n\n<figure class=\"wp-block-gallery has-nested-images columns-default is-cropped wp-block-gallery-1 is-layout-flex wp-block-gallery-is-layout-flex\">\n<figure class=\"wp-block-image size-large\"><img loading=\"lazy\" decoding=\"async\" width=\"1000\" height=\"667\" data-id=\"13934\" src=\"https:\/\/www.fundacionrafanadal.quelinka.es\/wp-content\/uploads\/2022\/10\/IMG_9827.jpg\" alt=\"\" class=\"wp-image-13934\" srcset=\"https:\/\/fundacionrafanadal.quelinka.es\/wp-content\/uploads\/2022\/10\/IMG_9827.jpg 1000w, https:\/\/fundacionrafanadal.quelinka.es\/wp-content\/uploads\/2022\/10\/IMG_9827-300x200.jpg 300w, https:\/\/fundacionrafanadal.quelinka.es\/wp-content\/uploads\/2022\/10\/IMG_9827-768x512.jpg 768w\" sizes=\"auto, (max-width: 1000px) 100vw, 1000px\" \/><\/figure>\n<\/figure>\n\n\n\n<p>Eunate G\u00f3mez, Project Manager of the Rafa Nadal Foundation, on behalf of the foundation, thanked the support of the Madrid City Council and especially Sof\u00eda Miranda, Councilor for Sports of the Madrid City Council, for her availability to facilitate the project and for the transfer of a space in the Caja M\u00e1gica where sports activities take place.<\/p>\n\n\n\n<p>The athletes Varo Hern\u00e1ndez, who competes in BMX cycling, and Stefy Navarro, a parkour professional, were present at the event to share a talk with the minors and later demonstrate their disciplines. Both athletes have left inspiring messages for the girls and boys of the center.<\/p>\n\n\n\n<p><\/p>\n\n\n\n<figure class=\"wp-block-gallery has-nested-images columns-default is-cropped wp-block-gallery-2 is-layout-flex wp-block-gallery-is-layout-flex\">\n<figure class=\"wp-block-image size-large\"><img loading=\"lazy\" decoding=\"async\" width=\"1000\" height=\"667\" data-id=\"13937\" src=\"https:\/\/www.fundacionrafanadal.quelinka.es\/wp-content\/uploads\/2022\/10\/IMG_9790.jpg\" alt=\"\" class=\"wp-image-13937\" srcset=\"https:\/\/fundacionrafanadal.quelinka.es\/wp-content\/uploads\/2022\/10\/IMG_9790.jpg 1000w, https:\/\/fundacionrafanadal.quelinka.es\/wp-content\/uploads\/2022\/10\/IMG_9790-300x200.jpg 300w, https:\/\/fundacionrafanadal.quelinka.es\/wp-content\/uploads\/2022\/10\/IMG_9790-768x512.jpg 768w\" sizes=\"auto, (max-width: 1000px) 100vw, 1000px\" \/><\/figure>\n\n\n\n<figure class=\"wp-block-image size-large\"><img loading=\"lazy\" decoding=\"async\" width=\"1000\" height=\"667\" data-id=\"13940\" src=\"https:\/\/www.fundacionrafanadal.quelinka.es\/wp-content\/uploads\/2022\/10\/IMG_9834.jpg\" alt=\"\" class=\"wp-image-13940\" srcset=\"https:\/\/fundacionrafanadal.quelinka.es\/wp-content\/uploads\/2022\/10\/IMG_9834.jpg 1000w, https:\/\/fundacionrafanadal.quelinka.es\/wp-content\/uploads\/2022\/10\/IMG_9834-300x200.jpg 300w, https:\/\/fundacionrafanadal.quelinka.es\/wp-content\/uploads\/2022\/10\/IMG_9834-768x512.jpg 768w\" sizes=\"auto, (max-width: 1000px) 100vw, 1000px\" \/><\/figure>\n<\/figure>\n\n\n\n<p>The Rafa Nadal Foundation Center in Madrid cares for minors in vulnerable situations in the San Ferm\u00edn neighborhood through sports, educational and psychosocial support activities.<\/p>\n\n\n\n<p>The Rafa Nadal Foundation inaugurated this project in the capital last year thanks to the support of Endesa as its main ally.<\/p>\n\n\n\n<h2 class=\"wp-block-heading\"><strong><em>The Rafa Nadal Foundation Center in Madrid has increased its places to care for 100 minors and their families, doubling the transforming impact in the area.<\/em><\/strong><\/h2>\n\n\n\n<p>In addition, the project has managed to weave networks with institutions and organizations in the area to work together to improve the lives of minors and has been very well received in the neighbourhood.<\/p>\n\n\n\n<h2 class=\"wp-block-heading\"><strong>Alliance between the Rafa Nadal Foundation and the Madrid City Council Sports Delegation<\/strong><\/h2>\n\n\n\n<p>The alliance between the Rafa Nadal Foundation and the Sports Delegation of the Madrid City Council has made it possible to carry out the sports activities of the Rafa Nadal Foundation Center in Madrid thanks to the transfer of the sports space within the Caja M\u00e1gica.<\/p>\n\n\n\n<p>Thanks to the Madrid City Council, the Rafa Nadal Foundation Center has top-level facilities to carry out sports intervention with the 100 minors served each year.<\/p>\n<\/div><\/div>\n","protected":false},"excerpt":{"rendered":"<p>THE RAFA NADAL FOUNDATION CELEBRATES AN EVENT IN THE CAJA M\u00c1GICA TO INAUGURATE THE NEW COURSE of the rafa nadal foundation center in madrid The event held on Thursday, October 27, was attended by Sof\u00eda Miranda, Councilor for Sports of the Madrid City Council, Eunate G\u00f3mez, Project Manager of the Rafa Nadal Foundation, and athletes [&hellip;]<\/p>\n","protected":false},"author":1,"featured_media":13931,"parent":7300,"menu_order":0,"comment_status":"closed","ping_status":"closed","template":"","meta":{"_acf_changed":false,"give_campaign_id":0,"_monsterinsights_skip_tracking":false,"_monsterinsights_sitenote_active":false,"_monsterinsights_sitenote_note":"","_monsterinsights_sitenote_category":0,"site-sidebar-layout":"default","site-content-layout":"","ast-site-content-layout":"default","site-content-style":"default","site-sidebar-style":"default","ast-global-header-display":"","ast-banner-title-visibility":"","ast-main-header-display":"","ast-hfb-above-header-display":"","ast-hfb-below-header-display":"","ast-hfb-mobile-header-display":"","site-post-title":"disabled","ast-breadcrumbs-content":"","ast-featured-img":"disabled","footer-sml-layout":"","ast-disable-related-posts":"","theme-transparent-header-meta":"","adv-header-id-meta":"","stick-header-meta":"","header-above-stick-meta":"","header-main-stick-meta":"","header-below-stick-meta":"","astra-migrate-meta-layouts":"default","ast-page-background-enabled":"default","ast-page-background-meta":{"desktop":{"background-color":"var(--ast-global-color-4)","background-image":"","background-repeat":"repeat","background-position":"center center","background-size":"auto","background-attachment":"scroll","background-type":"","background-media":"","overlay-type":"","overlay-color":"","overlay-opacity":"","overlay-gradient":""},"tablet":{"background-color":"","background-image":"","background-repeat":"repeat","background-position":"center center","background-size":"auto","background-attachment":"scroll","background-type":"","background-media":"","overlay-type":"","overlay-color":"","overlay-opacity":"","overlay-gradient":""},"mobile":{"background-color":"","background-image":"","background-repeat":"repeat","background-position":"center center","background-size":"auto","background-attachment":"scroll","background-type":"","background-media":"","overlay-type":"","overlay-color":"","overlay-opacity":"","overlay-gradient":""}},"ast-content-background-meta":{"desktop":{"background-color":"var(--ast-global-color-5)","background-image":"","background-repeat":"repeat","background-position":"center center","background-size":"auto","background-attachment":"scroll","background-type":"","background-media":"","overlay-type":"","overlay-color":"","overlay-opacity":"","overlay-gradient":""},"tablet":{"background-color":"var(--ast-global-color-5)","background-image":"","background-repeat":"repeat","background-position":"center center","background-size":"auto","background-attachment":"scroll","background-type":"","background-media":"","overlay-type":"","overlay-color":"","overlay-opacity":"","overlay-gradient":""},"mobile":{"background-color":"var(--ast-global-color-5)","background-image":"","background-repeat":"repeat","background-position":"center center","background-size":"auto","background-attachment":"scroll","background-type":"","background-media":"","overlay-type":"","overlay-color":"","overlay-opacity":"","overlay-gradient":""}},"_themeisle_gutenberg_block_has_review":false,"footnotes":""},"class_list":["post-13944","page","type-page","status-publish","has-post-thumbnail","hentry"],"acf":[],"yoast_head":"<!-- This site is optimized with the Yoast SEO plugin v26.8 - https:\/\/yoast.com\/product\/yoast-seo-wordpress\/ -->\n<title>The Rafa Nadal Foundation celebrates an event in the Caja M\u00e1gica to inaugurate the new course of the Rafa Nadal Foundation Center in Madrid - Fundaci\u00f3n Rafa Nadal<\/title>\n<meta name=\"robots\" content=\"noindex, follow, max-snippet:-1, max-image-preview:large, max-video-preview:-1\" \/>\n<meta property=\"og:locale\" content=\"en_US\" \/>\n<meta property=\"og:type\" content=\"article\" \/>\n<meta property=\"og:title\" content=\"The Rafa Nadal Foundation celebrates an event in the Caja M\u00e1gica to inaugurate the new course of the Rafa Nadal Foundation Center in Madrid - Fundaci\u00f3n Rafa Nadal\" \/>\n<meta property=\"og:description\" content=\"THE RAFA NADAL FOUNDATION CELEBRATES AN EVENT IN THE CAJA M\u00c1GICA TO INAUGURATE THE NEW COURSE of the rafa nadal foundation center in madrid The event held on Thursday, October 27, was attended by Sof\u00eda Miranda, Councilor for Sports of the Madrid City Council, Eunate G\u00f3mez, Project Manager of the Rafa Nadal Foundation, and athletes [&hellip;]\" \/>\n<meta property=\"og:url\" content=\"https:\/\/fundacionrafanadal.quelinka.es\/en\/get-to-know\/news\/news-2022\/the-rafa-nadal-foundation-celebrates-an-event-in-the-caja-magica-to-inaugurate-the-new-course-of-the-rafa-nadal-foundation-center-in-madrid\/\" \/>\n<meta property=\"og:site_name\" content=\"Fundaci\u00f3n Rafa Nadal\" \/>\n<meta property=\"article:modified_time\" content=\"2022-10-28T12:37:16+00:00\" \/>\n<meta property=\"og:image\" content=\"https:\/\/fundacionrafanadal.quelinka.es\/wp-content\/uploads\/2022\/10\/IMG_9846.jpg\" \/>\n\t<meta property=\"og:image:width\" content=\"1000\" \/>\n\t<meta property=\"og:image:height\" content=\"667\" \/>\n\t<meta property=\"og:image:type\" content=\"image\/jpeg\" \/>\n<meta name=\"twitter:card\" content=\"summary_large_image\" \/>\n<meta name=\"twitter:label1\" content=\"Est. reading time\" \/>\n\t<meta name=\"twitter:data1\" content=\"3 minutes\" \/>\n<script type=\"application\/ld+json\" class=\"yoast-schema-graph\">{\"@context\":\"https:\/\/schema.org\",\"@graph\":[{\"@type\":\"WebPage\",\"@id\":\"https:\/\/fundacionrafanadal.quelinka.es\/en\/get-to-know\/news\/news-2022\/the-rafa-nadal-foundation-celebrates-an-event-in-the-caja-magica-to-inaugurate-the-new-course-of-the-rafa-nadal-foundation-center-in-madrid\/\",\"url\":\"https:\/\/fundacionrafanadal.quelinka.es\/en\/get-to-know\/news\/news-2022\/the-rafa-nadal-foundation-celebrates-an-event-in-the-caja-magica-to-inaugurate-the-new-course-of-the-rafa-nadal-foundation-center-in-madrid\/\",\"name\":\"The Rafa Nadal Foundation celebrates an event in the Caja M\u00e1gica to inaugurate the new course of the Rafa Nadal Foundation Center in Madrid - Fundaci\u00f3n Rafa Nadal\",\"isPartOf\":{\"@id\":\"https:\/\/fundacionrafanadal.quelinka.es\/en\/#website\"},\"primaryImageOfPage\":{\"@id\":\"https:\/\/fundacionrafanadal.quelinka.es\/en\/get-to-know\/news\/news-2022\/the-rafa-nadal-foundation-celebrates-an-event-in-the-caja-magica-to-inaugurate-the-new-course-of-the-rafa-nadal-foundation-center-in-madrid\/#primaryimage\"},\"image\":{\"@id\":\"https:\/\/fundacionrafanadal.quelinka.es\/en\/get-to-know\/news\/news-2022\/the-rafa-nadal-foundation-celebrates-an-event-in-the-caja-magica-to-inaugurate-the-new-course-of-the-rafa-nadal-foundation-center-in-madrid\/#primaryimage\"},\"thumbnailUrl\":\"https:\/\/fundacionrafanadal.quelinka.es\/wp-content\/uploads\/2022\/10\/IMG_9846.jpg\",\"datePublished\":\"2022-10-28T06:52:58+00:00\",\"dateModified\":\"2022-10-28T12:37:16+00:00\",\"breadcrumb\":{\"@id\":\"https:\/\/fundacionrafanadal.quelinka.es\/en\/get-to-know\/news\/news-2022\/the-rafa-nadal-foundation-celebrates-an-event-in-the-caja-magica-to-inaugurate-the-new-course-of-the-rafa-nadal-foundation-center-in-madrid\/#breadcrumb\"},\"inLanguage\":\"en-US\",\"potentialAction\":[{\"@type\":\"ReadAction\",\"target\":[\"https:\/\/fundacionrafanadal.quelinka.es\/en\/get-to-know\/news\/news-2022\/the-rafa-nadal-foundation-celebrates-an-event-in-the-caja-magica-to-inaugurate-the-new-course-of-the-rafa-nadal-foundation-center-in-madrid\/\"]}]},{\"@type\":\"ImageObject\",\"inLanguage\":\"en-US\",\"@id\":\"https:\/\/fundacionrafanadal.quelinka.es\/en\/get-to-know\/news\/news-2022\/the-rafa-nadal-foundation-celebrates-an-event-in-the-caja-magica-to-inaugurate-the-new-course-of-the-rafa-nadal-foundation-center-in-madrid\/#primaryimage\",\"url\":\"https:\/\/fundacionrafanadal.quelinka.es\/wp-content\/uploads\/2022\/10\/IMG_9846.jpg\",\"contentUrl\":\"https:\/\/fundacionrafanadal.quelinka.es\/wp-content\/uploads\/2022\/10\/IMG_9846.jpg\",\"width\":1000,\"height\":667},{\"@type\":\"BreadcrumbList\",\"@id\":\"https:\/\/fundacionrafanadal.quelinka.es\/en\/get-to-know\/news\/news-2022\/the-rafa-nadal-foundation-celebrates-an-event-in-the-caja-magica-to-inaugurate-the-new-course-of-the-rafa-nadal-foundation-center-in-madrid\/#breadcrumb\",\"itemListElement\":[{\"@type\":\"ListItem\",\"position\":1,\"name\":\"Portada\",\"item\":\"https:\/\/fundacionrafanadal.quelinka.es\/en\/\"},{\"@type\":\"ListItem\",\"position\":2,\"name\":\"Get to know!\",\"item\":\"https:\/\/fundacionrafanadal.quelinka.es\/en\/conocenos\/\"},{\"@type\":\"ListItem\",\"position\":3,\"name\":\"News\",\"item\":\"https:\/\/fundacionrafanadal.quelinka.es\/en\/conocenos\/noticias\/\"},{\"@type\":\"ListItem\",\"position\":4,\"name\":\"News 2022\",\"item\":\"https:\/\/fundacionrafanadal.quelinka.es\/en\/conocenos\/noticias\/noticias-2022\/\"},{\"@type\":\"ListItem\",\"position\":5,\"name\":\"The Rafa Nadal Foundation celebrates an event in the Caja M\u00e1gica to inaugurate the new course of the Rafa Nadal Foundation Center in Madrid\"}]},{\"@type\":\"WebSite\",\"@id\":\"https:\/\/fundacionrafanadal.quelinka.es\/en\/#website\",\"url\":\"https:\/\/fundacionrafanadal.quelinka.es\/en\/\",\"name\":\"Fundaci\u00f3n Rafa Nadal\",\"description\":\"A trav\u00e9s del deporte y la educaci\u00f3n, promovemos la integraci\u00f3n y el desarrollo personal y social de ni\u00f1os y j\u00f3venes. En Espa\u00f1a y la India.\",\"publisher\":{\"@id\":\"https:\/\/fundacionrafanadal.quelinka.es\/en\/#organization\"},\"potentialAction\":[{\"@type\":\"SearchAction\",\"target\":{\"@type\":\"EntryPoint\",\"urlTemplate\":\"https:\/\/fundacionrafanadal.quelinka.es\/en\/?s={search_term_string}\"},\"query-input\":{\"@type\":\"PropertyValueSpecification\",\"valueRequired\":true,\"valueName\":\"search_term_string\"}}],\"inLanguage\":\"en-US\"},{\"@type\":\"Organization\",\"@id\":\"https:\/\/fundacionrafanadal.quelinka.es\/en\/#organization\",\"name\":\"Fundaci\u00f3n Rafa Nadal\",\"url\":\"https:\/\/fundacionrafanadal.quelinka.es\/en\/\",\"logo\":{\"@type\":\"ImageObject\",\"inLanguage\":\"en-US\",\"@id\":\"https:\/\/fundacionrafanadal.quelinka.es\/en\/#\/schema\/logo\/image\/\",\"url\":\"https:\/\/fundacionrafanadal.quelinka.es\/wp-content\/uploads\/2022\/09\/logo-frn-web-3.png\",\"contentUrl\":\"https:\/\/fundacionrafanadal.quelinka.es\/wp-content\/uploads\/2022\/09\/logo-frn-web-3.png\",\"width\":551,\"height\":140,\"caption\":\"Fundaci\u00f3n Rafa Nadal\"},\"image\":{\"@id\":\"https:\/\/fundacionrafanadal.quelinka.es\/en\/#\/schema\/logo\/image\/\"}}]}<\/script>\n<!-- \/ Yoast SEO plugin. -->","yoast_head_json":{"title":"The Rafa Nadal Foundation celebrates an event in the Caja M\u00e1gica to inaugurate the new course of the Rafa Nadal Foundation Center in Madrid - Fundaci\u00f3n Rafa Nadal","robots":{"index":"noindex","follow":"follow","max-snippet":"max-snippet:-1","max-image-preview":"max-image-preview:large","max-video-preview":"max-video-preview:-1"},"og_locale":"en_US","og_type":"article","og_title":"The Rafa Nadal Foundation celebrates an event in the Caja M\u00e1gica to inaugurate the new course of the Rafa Nadal Foundation Center in Madrid - Fundaci\u00f3n Rafa Nadal","og_description":"THE RAFA NADAL FOUNDATION CELEBRATES AN EVENT IN THE CAJA M\u00c1GICA TO INAUGURATE THE NEW COURSE of the rafa nadal foundation center in madrid The event held on Thursday, October 27, was attended by Sof\u00eda Miranda, Councilor for Sports of the Madrid City Council, Eunate G\u00f3mez, Project Manager of the Rafa Nadal Foundation, and athletes [&hellip;]","og_url":"https:\/\/fundacionrafanadal.quelinka.es\/en\/get-to-know\/news\/news-2022\/the-rafa-nadal-foundation-celebrates-an-event-in-the-caja-magica-to-inaugurate-the-new-course-of-the-rafa-nadal-foundation-center-in-madrid\/","og_site_name":"Fundaci\u00f3n Rafa Nadal","article_modified_time":"2022-10-28T12:37:16+00:00","og_image":[{"width":1000,"height":667,"url":"https:\/\/fundacionrafanadal.quelinka.es\/wp-content\/uploads\/2022\/10\/IMG_9846.jpg","type":"image\/jpeg"}],"twitter_card":"summary_large_image","twitter_misc":{"Est. reading time":"3 minutes"},"schema":{"@context":"https:\/\/schema.org","@graph":[{"@type":"WebPage","@id":"https:\/\/fundacionrafanadal.quelinka.es\/en\/get-to-know\/news\/news-2022\/the-rafa-nadal-foundation-celebrates-an-event-in-the-caja-magica-to-inaugurate-the-new-course-of-the-rafa-nadal-foundation-center-in-madrid\/","url":"https:\/\/fundacionrafanadal.quelinka.es\/en\/get-to-know\/news\/news-2022\/the-rafa-nadal-foundation-celebrates-an-event-in-the-caja-magica-to-inaugurate-the-new-course-of-the-rafa-nadal-foundation-center-in-madrid\/","name":"The Rafa Nadal Foundation celebrates an event in the Caja M\u00e1gica to inaugurate the new course of the Rafa Nadal Foundation Center in Madrid - Fundaci\u00f3n Rafa Nadal","isPartOf":{"@id":"https:\/\/fundacionrafanadal.quelinka.es\/en\/#website"},"primaryImageOfPage":{"@id":"https:\/\/fundacionrafanadal.quelinka.es\/en\/get-to-know\/news\/news-2022\/the-rafa-nadal-foundation-celebrates-an-event-in-the-caja-magica-to-inaugurate-the-new-course-of-the-rafa-nadal-foundation-center-in-madrid\/#primaryimage"},"image":{"@id":"https:\/\/fundacionrafanadal.quelinka.es\/en\/get-to-know\/news\/news-2022\/the-rafa-nadal-foundation-celebrates-an-event-in-the-caja-magica-to-inaugurate-the-new-course-of-the-rafa-nadal-foundation-center-in-madrid\/#primaryimage"},"thumbnailUrl":"https:\/\/fundacionrafanadal.quelinka.es\/wp-content\/uploads\/2022\/10\/IMG_9846.jpg","datePublished":"2022-10-28T06:52:58+00:00","dateModified":"2022-10-28T12:37:16+00:00","breadcrumb":{"@id":"https:\/\/fundacionrafanadal.quelinka.es\/en\/get-to-know\/news\/news-2022\/the-rafa-nadal-foundation-celebrates-an-event-in-the-caja-magica-to-inaugurate-the-new-course-of-the-rafa-nadal-foundation-center-in-madrid\/#breadcrumb"},"inLanguage":"en-US","potentialAction":[{"@type":"ReadAction","target":["https:\/\/fundacionrafanadal.quelinka.es\/en\/get-to-know\/news\/news-2022\/the-rafa-nadal-foundation-celebrates-an-event-in-the-caja-magica-to-inaugurate-the-new-course-of-the-rafa-nadal-foundation-center-in-madrid\/"]}]},{"@type":"ImageObject","inLanguage":"en-US","@id":"https:\/\/fundacionrafanadal.quelinka.es\/en\/get-to-know\/news\/news-2022\/the-rafa-nadal-foundation-celebrates-an-event-in-the-caja-magica-to-inaugurate-the-new-course-of-the-rafa-nadal-foundation-center-in-madrid\/#primaryimage","url":"https:\/\/fundacionrafanadal.quelinka.es\/wp-content\/uploads\/2022\/10\/IMG_9846.jpg","contentUrl":"https:\/\/fundacionrafanadal.quelinka.es\/wp-content\/uploads\/2022\/10\/IMG_9846.jpg","width":1000,"height":667},{"@type":"BreadcrumbList","@id":"https:\/\/fundacionrafanadal.quelinka.es\/en\/get-to-know\/news\/news-2022\/the-rafa-nadal-foundation-celebrates-an-event-in-the-caja-magica-to-inaugurate-the-new-course-of-the-rafa-nadal-foundation-center-in-madrid\/#breadcrumb","itemListElement":[{"@type":"ListItem","position":1,"name":"Portada","item":"https:\/\/fundacionrafanadal.quelinka.es\/en\/"},{"@type":"ListItem","position":2,"name":"Get to know!","item":"https:\/\/fundacionrafanadal.quelinka.es\/en\/conocenos\/"},{"@type":"ListItem","position":3,"name":"News","item":"https:\/\/fundacionrafanadal.quelinka.es\/en\/conocenos\/noticias\/"},{"@type":"ListItem","position":4,"name":"News 2022","item":"https:\/\/fundacionrafanadal.quelinka.es\/en\/conocenos\/noticias\/noticias-2022\/"},{"@type":"ListItem","position":5,"name":"The Rafa Nadal Foundation celebrates an event in the Caja M\u00e1gica to inaugurate the new course of the Rafa Nadal Foundation Center in Madrid"}]},{"@type":"WebSite","@id":"https:\/\/fundacionrafanadal.quelinka.es\/en\/#website","url":"https:\/\/fundacionrafanadal.quelinka.es\/en\/","name":"Fundaci\u00f3n Rafa Nadal","description":"A trav\u00e9s del deporte y la educaci\u00f3n, promovemos la integraci\u00f3n y el desarrollo personal y social de ni\u00f1os y j\u00f3venes. En Espa\u00f1a y la India.","publisher":{"@id":"https:\/\/fundacionrafanadal.quelinka.es\/en\/#organization"},"potentialAction":[{"@type":"SearchAction","target":{"@type":"EntryPoint","urlTemplate":"https:\/\/fundacionrafanadal.quelinka.es\/en\/?s={search_term_string}"},"query-input":{"@type":"PropertyValueSpecification","valueRequired":true,"valueName":"search_term_string"}}],"inLanguage":"en-US"},{"@type":"Organization","@id":"https:\/\/fundacionrafanadal.quelinka.es\/en\/#organization","name":"Fundaci\u00f3n Rafa Nadal","url":"https:\/\/fundacionrafanadal.quelinka.es\/en\/","logo":{"@type":"ImageObject","inLanguage":"en-US","@id":"https:\/\/fundacionrafanadal.quelinka.es\/en\/#\/schema\/logo\/image\/","url":"https:\/\/fundacionrafanadal.quelinka.es\/wp-content\/uploads\/2022\/09\/logo-frn-web-3.png","contentUrl":"https:\/\/fundacionrafanadal.quelinka.es\/wp-content\/uploads\/2022\/09\/logo-frn-web-3.png","width":551,"height":140,"caption":"Fundaci\u00f3n Rafa Nadal"},"image":{"@id":"https:\/\/fundacionrafanadal.quelinka.es\/en\/#\/schema\/logo\/image\/"}}]}},"campaignId":"","_links":{"self":[{"href":"https:\/\/fundacionrafanadal.quelinka.es\/en\/wp-json\/wp\/v2\/pages\/13944","targetHints":{"allow":["GET"]}}],"collection":[{"href":"https:\/\/fundacionrafanadal.quelinka.es\/en\/wp-json\/wp\/v2\/pages"}],"about":[{"href":"https:\/\/fundacionrafanadal.quelinka.es\/en\/wp-json\/wp\/v2\/types\/page"}],"author":[{"embeddable":true,"href":"https:\/\/fundacionrafanadal.quelinka.es\/en\/wp-json\/wp\/v2\/users\/1"}],"replies":[{"embeddable":true,"href":"https:\/\/fundacionrafanadal.quelinka.es\/en\/wp-json\/wp\/v2\/comments?post=13944"}],"version-history":[{"count":2,"href":"https:\/\/fundacionrafanadal.quelinka.es\/en\/wp-json\/wp\/v2\/pages\/13944\/revisions"}],"predecessor-version":[{"id":13963,"href":"https:\/\/fundacionrafanadal.quelinka.es\/en\/wp-json\/wp\/v2\/pages\/13944\/revisions\/13963"}],"up":[{"embeddable":true,"href":"https:\/\/fundacionrafanadal.quelinka.es\/en\/wp-json\/wp\/v2\/pages\/7300"}],"wp:featuredmedia":[{"embeddable":true,"href":"https:\/\/fundacionrafanadal.quelinka.es\/en\/wp-json\/wp\/v2\/media\/13931"}],"wp:attachment":[{"href":"https:\/\/fundacionrafanadal.quelinka.es\/en\/wp-json\/wp\/v2\/media?parent=13944"}],"curies":[{"name":"wp","href":"https:\/\/api.w.org\/{rel}","templated":true}]}}