{"id":14715,"date":"2022-11-24T16:20:24","date_gmt":"2022-11-24T16:20:24","guid":{"rendered":"https:\/\/www.fundacionrafanadal.org\/?page_id=14715"},"modified":"2022-11-24T16:20:49","modified_gmt":"2022-11-24T16:20:49","slug":"the-rafa-nadal-foundation-has-been-present-at-the-fit-for-life-workshop-empowering-girls-and-women-through-sports-by-unesco","status":"publish","type":"page","link":"https:\/\/fundacionrafanadal.quelinka.es\/en\/get-to-know\/news\/news-2022\/the-rafa-nadal-foundation-has-been-present-at-the-fit-for-life-workshop-empowering-girls-and-women-through-sports-by-unesco\/","title":{"rendered":"THE RAFA NADAL FOUNDATION HAS BEEN PRESENT AT THE FIT FOR LIFE WORKSHOP &#8220;EMPOWERING GIRLS AND WOMEN THROUGH SPORTS&#8221; BY UNESCO"},"content":{"rendered":"\n<div class=\"wp-block-media-text alignfull is-stacked-on-mobile is-image-fill has-background\" style=\"background-color:#ddac31\"><figure class=\"wp-block-media-text__media\" style=\"background-image:url(https:\/\/www.fundacionrafanadal.quelinka.es\/wp-content\/uploads\/2022\/07\/ISM08879.png);background-position:50% 50%\"><img loading=\"lazy\" decoding=\"async\" width=\"900\" height=\"399\" src=\"https:\/\/www.fundacionrafanadal.quelinka.es\/wp-content\/uploads\/2022\/07\/ISM08879.png\" alt=\"\" class=\"wp-image-9879 size-full\" srcset=\"https:\/\/fundacionrafanadal.quelinka.es\/wp-content\/uploads\/2022\/07\/ISM08879.png 900w, https:\/\/fundacionrafanadal.quelinka.es\/wp-content\/uploads\/2022\/07\/ISM08879-300x133.png 300w, https:\/\/fundacionrafanadal.quelinka.es\/wp-content\/uploads\/2022\/07\/ISM08879-768x340.png 768w\" sizes=\"auto, (max-width: 900px) 100vw, 900px\" \/><\/figure><div class=\"wp-block-media-text__content\">\n<div style=\"height:30px\" aria-hidden=\"true\" class=\"wp-block-spacer\"><\/div>\n\n\n\n<h2 class=\"has-ast-global-color-5-color has-text-color wp-block-heading\" style=\"font-size:48px\"><strong>News<\/strong><\/h2>\n\n\n\n<div style=\"height:200px\" aria-hidden=\"true\" class=\"wp-block-spacer\"><\/div>\n<\/div><\/div>\n\n\n\n<div style=\"height:50px\" aria-hidden=\"true\" class=\"wp-block-spacer\"><\/div>\n\n\n\n<div class=\"inherit-container-width wp-block-group is-layout-constrained wp-block-group-is-layout-constrained\"><div class=\"wp-block-group__inner-container\"><div class=\"wp-block-post-date\"><time datetime=\"2022-11-24T16:20:24+02:00\">24 de November de 2022<\/time><\/div>\n\n\n<h2 class=\"has-medium-font-size wp-block-heading\" style=\"text-transform:uppercase\"><strong>THE RAFA NADAL FOUNDATION HAS BEEN PRESENT AT THE FIT FOR LIFE WORKSHOP &#8220;EMPOWERING GIRLS AND WOMEN THROUGH SPORTS&#8221; GIVEN BY UNESCO<\/strong><\/h2>\n\n\n\n<p><strong>Fit for Life Workshop: Empowering girls and young women through sport<\/strong><\/p>\n\n\n\n<p>A workshop was held last Monday at UNESCO headquarters in Paris to discuss good practices, data gaps and needs related to the empowerment of girls and young women in and through sport.<\/p>\n\n\n\n<figure class=\"wp-block-image size-full\"><img loading=\"lazy\" decoding=\"async\" width=\"1000\" height=\"800\" src=\"https:\/\/www.fundacionrafanadal.quelinka.es\/wp-content\/uploads\/2022\/11\/image009.png\" alt=\"\" class=\"wp-image-14724\" srcset=\"https:\/\/fundacionrafanadal.quelinka.es\/wp-content\/uploads\/2022\/11\/image009.png 1000w, https:\/\/fundacionrafanadal.quelinka.es\/wp-content\/uploads\/2022\/11\/image009-300x240.png 300w, https:\/\/fundacionrafanadal.quelinka.es\/wp-content\/uploads\/2022\/11\/image009-768x614.png 768w\" sizes=\"auto, (max-width: 1000px) 100vw, 1000px\" \/><\/figure>\n\n\n\n<h2 class=\"wp-block-heading\">This workshop is organized within the framework of UNESCO&#8217;s Fit for Life initiative, which designs smart investments in sport as a driver of broad social results.<\/h2>\n\n\n\n<p>Gender inequality is a critical problem that is deeply embedded in society. Today, girls and young women (ages 5-30) continue to experience educational inequality, exposure to violence, and unequal access to sport and physical activity, among other forms of discrimination.<\/p>\n\n\n\n<p>The \u201cLife Fitness Workshop: Empowering Girls and Young Women through Sport\u201d has provided a unique opportunity to share good practices and discuss needs related to empowering girls and women in and through sport. The results of the discussions will inform the development of the next phases of Fit for Life, including the world sport baseline study and national implementation plans.<\/p>\n\n\n\n<figure class=\"wp-block-image size-full\"><img loading=\"lazy\" decoding=\"async\" width=\"1000\" height=\"801\" src=\"https:\/\/www.fundacionrafanadal.quelinka.es\/wp-content\/uploads\/2022\/11\/image008.png\" alt=\"\" class=\"wp-image-14721\" srcset=\"https:\/\/fundacionrafanadal.quelinka.es\/wp-content\/uploads\/2022\/11\/image008.png 1000w, https:\/\/fundacionrafanadal.quelinka.es\/wp-content\/uploads\/2022\/11\/image008-300x240.png 300w, https:\/\/fundacionrafanadal.quelinka.es\/wp-content\/uploads\/2022\/11\/image008-768x615.png 768w\" sizes=\"auto, (max-width: 1000px) 100vw, 1000px\" \/><\/figure>\n\n\n\n<p>The workshop is one of several milestones on the way to the upcoming Seventh International Conference of Ministers and Senior Officials Responsible for Physical Education and Sport (MINEPS VII), which will take place from March 14-17, 2023 in Baku, Azerbaijan.<\/p>\n\n\n\n<p><\/p>\n\n\n\n<h2 class=\"wp-block-heading\">The Rafa Nadal Foundation had the pleasure of participating in this space to discuss and develop action plans to empower girls and women through sport.<\/h2>\n\n\n\n<p>Our deputy director, Jose Ruiz, shared a table with different stakeholders from the government, the private sector, civil society and the sports movement, with the aim of debating and outlining a collective action plan to achieve this goal.<\/p>\n<\/div><\/div>\n","protected":false},"excerpt":{"rendered":"<p>THE RAFA NADAL FOUNDATION HAS BEEN PRESENT AT THE FIT FOR LIFE WORKSHOP &#8220;EMPOWERING GIRLS AND WOMEN THROUGH SPORTS&#8221; GIVEN BY UNESCO Fit for Life Workshop: Empowering girls and young women through sport A workshop was held last Monday at UNESCO headquarters in Paris to discuss good practices, data gaps and needs related to the [&hellip;]<\/p>\n","protected":false},"author":1,"featured_media":14718,"parent":7300,"menu_order":0,"comment_status":"closed","ping_status":"closed","template":"","meta":{"_acf_changed":false,"give_campaign_id":0,"_monsterinsights_skip_tracking":false,"_monsterinsights_sitenote_active":false,"_monsterinsights_sitenote_note":"","_monsterinsights_sitenote_category":0,"site-sidebar-layout":"default","site-content-layout":"","ast-site-content-layout":"default","site-content-style":"default","site-sidebar-style":"default","ast-global-header-display":"","ast-banner-title-visibility":"","ast-main-header-display":"","ast-hfb-above-header-display":"","ast-hfb-below-header-display":"","ast-hfb-mobile-header-display":"","site-post-title":"disabled","ast-breadcrumbs-content":"","ast-featured-img":"disabled","footer-sml-layout":"","ast-disable-related-posts":"","theme-transparent-header-meta":"","adv-header-id-meta":"","stick-header-meta":"","header-above-stick-meta":"","header-main-stick-meta":"","header-below-stick-meta":"","astra-migrate-meta-layouts":"default","ast-page-background-enabled":"default","ast-page-background-meta":{"desktop":{"background-color":"var(--ast-global-color-4)","background-image":"","background-repeat":"repeat","background-position":"center center","background-size":"auto","background-attachment":"scroll","background-type":"","background-media":"","overlay-type":"","overlay-color":"","overlay-opacity":"","overlay-gradient":""},"tablet":{"background-color":"","background-image":"","background-repeat":"repeat","background-position":"center center","background-size":"auto","background-attachment":"scroll","background-type":"","background-media":"","overlay-type":"","overlay-color":"","overlay-opacity":"","overlay-gradient":""},"mobile":{"background-color":"","background-image":"","background-repeat":"repeat","background-position":"center center","background-size":"auto","background-attachment":"scroll","background-type":"","background-media":"","overlay-type":"","overlay-color":"","overlay-opacity":"","overlay-gradient":""}},"ast-content-background-meta":{"desktop":{"background-color":"var(--ast-global-color-5)","background-image":"","background-repeat":"repeat","background-position":"center center","background-size":"auto","background-attachment":"scroll","background-type":"","background-media":"","overlay-type":"","overlay-color":"","overlay-opacity":"","overlay-gradient":""},"tablet":{"background-color":"var(--ast-global-color-5)","background-image":"","background-repeat":"repeat","background-position":"center center","background-size":"auto","background-attachment":"scroll","background-type":"","background-media":"","overlay-type":"","overlay-color":"","overlay-opacity":"","overlay-gradient":""},"mobile":{"background-color":"var(--ast-global-color-5)","background-image":"","background-repeat":"repeat","background-position":"center center","background-size":"auto","background-attachment":"scroll","background-type":"","background-media":"","overlay-type":"","overlay-color":"","overlay-opacity":"","overlay-gradient":""}},"_themeisle_gutenberg_block_has_review":false,"footnotes":""},"class_list":["post-14715","page","type-page","status-publish","has-post-thumbnail","hentry"],"acf":[],"yoast_head":"<!-- This site is optimized with the Yoast SEO plugin v26.8 - https:\/\/yoast.com\/product\/yoast-seo-wordpress\/ -->\n<title>THE RAFA NADAL FOUNDATION HAS BEEN PRESENT AT THE FIT FOR LIFE WORKSHOP &quot;EMPOWERING GIRLS AND WOMEN THROUGH SPORTS&quot; BY UNESCO - Fundaci\u00f3n Rafa Nadal<\/title>\n<meta name=\"robots\" content=\"noindex, follow, max-snippet:-1, max-image-preview:large, max-video-preview:-1\" \/>\n<meta property=\"og:locale\" content=\"en_US\" \/>\n<meta property=\"og:type\" content=\"article\" \/>\n<meta property=\"og:title\" content=\"THE RAFA NADAL FOUNDATION HAS BEEN PRESENT AT THE FIT FOR LIFE WORKSHOP &quot;EMPOWERING GIRLS AND WOMEN THROUGH SPORTS&quot; BY UNESCO - Fundaci\u00f3n Rafa Nadal\" \/>\n<meta property=\"og:description\" content=\"THE RAFA NADAL FOUNDATION HAS BEEN PRESENT AT THE FIT FOR LIFE WORKSHOP &#8220;EMPOWERING GIRLS AND WOMEN THROUGH SPORTS&#8221; GIVEN BY UNESCO Fit for Life Workshop: Empowering girls and young women through sport A workshop was held last Monday at UNESCO headquarters in Paris to discuss good practices, data gaps and needs related to the [&hellip;]\" \/>\n<meta property=\"og:url\" content=\"https:\/\/fundacionrafanadal.quelinka.es\/en\/get-to-know\/news\/news-2022\/the-rafa-nadal-foundation-has-been-present-at-the-fit-for-life-workshop-empowering-girls-and-women-through-sports-by-unesco\/\" \/>\n<meta property=\"og:site_name\" content=\"Fundaci\u00f3n Rafa Nadal\" \/>\n<meta property=\"article:modified_time\" content=\"2022-11-24T16:20:49+00:00\" \/>\n<meta property=\"og:image\" content=\"https:\/\/fundacionrafanadal.quelinka.es\/wp-content\/uploads\/2022\/11\/image006.png\" \/>\n\t<meta property=\"og:image:width\" content=\"1000\" \/>\n\t<meta property=\"og:image:height\" content=\"801\" \/>\n\t<meta property=\"og:image:type\" content=\"image\/png\" \/>\n<meta name=\"twitter:card\" content=\"summary_large_image\" \/>\n<meta name=\"twitter:label1\" content=\"Est. reading time\" \/>\n\t<meta name=\"twitter:data1\" content=\"2 minutes\" \/>\n<script type=\"application\/ld+json\" class=\"yoast-schema-graph\">{\"@context\":\"https:\/\/schema.org\",\"@graph\":[{\"@type\":\"WebPage\",\"@id\":\"https:\/\/fundacionrafanadal.quelinka.es\/en\/get-to-know\/news\/news-2022\/the-rafa-nadal-foundation-has-been-present-at-the-fit-for-life-workshop-empowering-girls-and-women-through-sports-by-unesco\/\",\"url\":\"https:\/\/fundacionrafanadal.quelinka.es\/en\/get-to-know\/news\/news-2022\/the-rafa-nadal-foundation-has-been-present-at-the-fit-for-life-workshop-empowering-girls-and-women-through-sports-by-unesco\/\",\"name\":\"THE RAFA NADAL FOUNDATION HAS BEEN PRESENT AT THE FIT FOR LIFE WORKSHOP \\\"EMPOWERING GIRLS AND WOMEN THROUGH SPORTS\\\" BY UNESCO - Fundaci\u00f3n Rafa Nadal\",\"isPartOf\":{\"@id\":\"https:\/\/fundacionrafanadal.quelinka.es\/en\/#website\"},\"primaryImageOfPage\":{\"@id\":\"https:\/\/fundacionrafanadal.quelinka.es\/en\/get-to-know\/news\/news-2022\/the-rafa-nadal-foundation-has-been-present-at-the-fit-for-life-workshop-empowering-girls-and-women-through-sports-by-unesco\/#primaryimage\"},\"image\":{\"@id\":\"https:\/\/fundacionrafanadal.quelinka.es\/en\/get-to-know\/news\/news-2022\/the-rafa-nadal-foundation-has-been-present-at-the-fit-for-life-workshop-empowering-girls-and-women-through-sports-by-unesco\/#primaryimage\"},\"thumbnailUrl\":\"https:\/\/fundacionrafanadal.quelinka.es\/wp-content\/uploads\/2022\/11\/image006.png\",\"datePublished\":\"2022-11-24T16:20:24+00:00\",\"dateModified\":\"2022-11-24T16:20:49+00:00\",\"breadcrumb\":{\"@id\":\"https:\/\/fundacionrafanadal.quelinka.es\/en\/get-to-know\/news\/news-2022\/the-rafa-nadal-foundation-has-been-present-at-the-fit-for-life-workshop-empowering-girls-and-women-through-sports-by-unesco\/#breadcrumb\"},\"inLanguage\":\"en-US\",\"potentialAction\":[{\"@type\":\"ReadAction\",\"target\":[\"https:\/\/fundacionrafanadal.quelinka.es\/en\/get-to-know\/news\/news-2022\/the-rafa-nadal-foundation-has-been-present-at-the-fit-for-life-workshop-empowering-girls-and-women-through-sports-by-unesco\/\"]}]},{\"@type\":\"ImageObject\",\"inLanguage\":\"en-US\",\"@id\":\"https:\/\/fundacionrafanadal.quelinka.es\/en\/get-to-know\/news\/news-2022\/the-rafa-nadal-foundation-has-been-present-at-the-fit-for-life-workshop-empowering-girls-and-women-through-sports-by-unesco\/#primaryimage\",\"url\":\"https:\/\/fundacionrafanadal.quelinka.es\/wp-content\/uploads\/2022\/11\/image006.png\",\"contentUrl\":\"https:\/\/fundacionrafanadal.quelinka.es\/wp-content\/uploads\/2022\/11\/image006.png\",\"width\":1000,\"height\":801},{\"@type\":\"BreadcrumbList\",\"@id\":\"https:\/\/fundacionrafanadal.quelinka.es\/en\/get-to-know\/news\/news-2022\/the-rafa-nadal-foundation-has-been-present-at-the-fit-for-life-workshop-empowering-girls-and-women-through-sports-by-unesco\/#breadcrumb\",\"itemListElement\":[{\"@type\":\"ListItem\",\"position\":1,\"name\":\"Portada\",\"item\":\"https:\/\/fundacionrafanadal.quelinka.es\/en\/\"},{\"@type\":\"ListItem\",\"position\":2,\"name\":\"Get to know!\",\"item\":\"https:\/\/fundacionrafanadal.quelinka.es\/en\/conocenos\/\"},{\"@type\":\"ListItem\",\"position\":3,\"name\":\"News\",\"item\":\"https:\/\/fundacionrafanadal.quelinka.es\/en\/conocenos\/noticias\/\"},{\"@type\":\"ListItem\",\"position\":4,\"name\":\"News 2022\",\"item\":\"https:\/\/fundacionrafanadal.quelinka.es\/en\/conocenos\/noticias\/noticias-2022\/\"},{\"@type\":\"ListItem\",\"position\":5,\"name\":\"THE RAFA NADAL FOUNDATION HAS BEEN PRESENT AT THE FIT FOR LIFE WORKSHOP &#8220;EMPOWERING GIRLS AND WOMEN THROUGH SPORTS&#8221; BY UNESCO\"}]},{\"@type\":\"WebSite\",\"@id\":\"https:\/\/fundacionrafanadal.quelinka.es\/en\/#website\",\"url\":\"https:\/\/fundacionrafanadal.quelinka.es\/en\/\",\"name\":\"Fundaci\u00f3n Rafa Nadal\",\"description\":\"A trav\u00e9s del deporte y la educaci\u00f3n, promovemos la integraci\u00f3n y el desarrollo personal y social de ni\u00f1os y j\u00f3venes. En Espa\u00f1a y la India.\",\"publisher\":{\"@id\":\"https:\/\/fundacionrafanadal.quelinka.es\/en\/#organization\"},\"potentialAction\":[{\"@type\":\"SearchAction\",\"target\":{\"@type\":\"EntryPoint\",\"urlTemplate\":\"https:\/\/fundacionrafanadal.quelinka.es\/en\/?s={search_term_string}\"},\"query-input\":{\"@type\":\"PropertyValueSpecification\",\"valueRequired\":true,\"valueName\":\"search_term_string\"}}],\"inLanguage\":\"en-US\"},{\"@type\":\"Organization\",\"@id\":\"https:\/\/fundacionrafanadal.quelinka.es\/en\/#organization\",\"name\":\"Fundaci\u00f3n Rafa Nadal\",\"url\":\"https:\/\/fundacionrafanadal.quelinka.es\/en\/\",\"logo\":{\"@type\":\"ImageObject\",\"inLanguage\":\"en-US\",\"@id\":\"https:\/\/fundacionrafanadal.quelinka.es\/en\/#\/schema\/logo\/image\/\",\"url\":\"https:\/\/fundacionrafanadal.quelinka.es\/wp-content\/uploads\/2022\/09\/logo-frn-web-3.png\",\"contentUrl\":\"https:\/\/fundacionrafanadal.quelinka.es\/wp-content\/uploads\/2022\/09\/logo-frn-web-3.png\",\"width\":551,\"height\":140,\"caption\":\"Fundaci\u00f3n Rafa Nadal\"},\"image\":{\"@id\":\"https:\/\/fundacionrafanadal.quelinka.es\/en\/#\/schema\/logo\/image\/\"}}]}<\/script>\n<!-- \/ Yoast SEO plugin. -->","yoast_head_json":{"title":"THE RAFA NADAL FOUNDATION HAS BEEN PRESENT AT THE FIT FOR LIFE WORKSHOP \"EMPOWERING GIRLS AND WOMEN THROUGH SPORTS\" BY UNESCO - Fundaci\u00f3n Rafa Nadal","robots":{"index":"noindex","follow":"follow","max-snippet":"max-snippet:-1","max-image-preview":"max-image-preview:large","max-video-preview":"max-video-preview:-1"},"og_locale":"en_US","og_type":"article","og_title":"THE RAFA NADAL FOUNDATION HAS BEEN PRESENT AT THE FIT FOR LIFE WORKSHOP \"EMPOWERING GIRLS AND WOMEN THROUGH SPORTS\" BY UNESCO - Fundaci\u00f3n Rafa Nadal","og_description":"THE RAFA NADAL FOUNDATION HAS BEEN PRESENT AT THE FIT FOR LIFE WORKSHOP &#8220;EMPOWERING GIRLS AND WOMEN THROUGH SPORTS&#8221; GIVEN BY UNESCO Fit for Life Workshop: Empowering girls and young women through sport A workshop was held last Monday at UNESCO headquarters in Paris to discuss good practices, data gaps and needs related to the [&hellip;]","og_url":"https:\/\/fundacionrafanadal.quelinka.es\/en\/get-to-know\/news\/news-2022\/the-rafa-nadal-foundation-has-been-present-at-the-fit-for-life-workshop-empowering-girls-and-women-through-sports-by-unesco\/","og_site_name":"Fundaci\u00f3n Rafa Nadal","article_modified_time":"2022-11-24T16:20:49+00:00","og_image":[{"width":1000,"height":801,"url":"https:\/\/fundacionrafanadal.quelinka.es\/wp-content\/uploads\/2022\/11\/image006.png","type":"image\/png"}],"twitter_card":"summary_large_image","twitter_misc":{"Est. reading time":"2 minutes"},"schema":{"@context":"https:\/\/schema.org","@graph":[{"@type":"WebPage","@id":"https:\/\/fundacionrafanadal.quelinka.es\/en\/get-to-know\/news\/news-2022\/the-rafa-nadal-foundation-has-been-present-at-the-fit-for-life-workshop-empowering-girls-and-women-through-sports-by-unesco\/","url":"https:\/\/fundacionrafanadal.quelinka.es\/en\/get-to-know\/news\/news-2022\/the-rafa-nadal-foundation-has-been-present-at-the-fit-for-life-workshop-empowering-girls-and-women-through-sports-by-unesco\/","name":"THE RAFA NADAL FOUNDATION HAS BEEN PRESENT AT THE FIT FOR LIFE WORKSHOP \"EMPOWERING GIRLS AND WOMEN THROUGH SPORTS\" BY UNESCO - Fundaci\u00f3n Rafa Nadal","isPartOf":{"@id":"https:\/\/fundacionrafanadal.quelinka.es\/en\/#website"},"primaryImageOfPage":{"@id":"https:\/\/fundacionrafanadal.quelinka.es\/en\/get-to-know\/news\/news-2022\/the-rafa-nadal-foundation-has-been-present-at-the-fit-for-life-workshop-empowering-girls-and-women-through-sports-by-unesco\/#primaryimage"},"image":{"@id":"https:\/\/fundacionrafanadal.quelinka.es\/en\/get-to-know\/news\/news-2022\/the-rafa-nadal-foundation-has-been-present-at-the-fit-for-life-workshop-empowering-girls-and-women-through-sports-by-unesco\/#primaryimage"},"thumbnailUrl":"https:\/\/fundacionrafanadal.quelinka.es\/wp-content\/uploads\/2022\/11\/image006.png","datePublished":"2022-11-24T16:20:24+00:00","dateModified":"2022-11-24T16:20:49+00:00","breadcrumb":{"@id":"https:\/\/fundacionrafanadal.quelinka.es\/en\/get-to-know\/news\/news-2022\/the-rafa-nadal-foundation-has-been-present-at-the-fit-for-life-workshop-empowering-girls-and-women-through-sports-by-unesco\/#breadcrumb"},"inLanguage":"en-US","potentialAction":[{"@type":"ReadAction","target":["https:\/\/fundacionrafanadal.quelinka.es\/en\/get-to-know\/news\/news-2022\/the-rafa-nadal-foundation-has-been-present-at-the-fit-for-life-workshop-empowering-girls-and-women-through-sports-by-unesco\/"]}]},{"@type":"ImageObject","inLanguage":"en-US","@id":"https:\/\/fundacionrafanadal.quelinka.es\/en\/get-to-know\/news\/news-2022\/the-rafa-nadal-foundation-has-been-present-at-the-fit-for-life-workshop-empowering-girls-and-women-through-sports-by-unesco\/#primaryimage","url":"https:\/\/fundacionrafanadal.quelinka.es\/wp-content\/uploads\/2022\/11\/image006.png","contentUrl":"https:\/\/fundacionrafanadal.quelinka.es\/wp-content\/uploads\/2022\/11\/image006.png","width":1000,"height":801},{"@type":"BreadcrumbList","@id":"https:\/\/fundacionrafanadal.quelinka.es\/en\/get-to-know\/news\/news-2022\/the-rafa-nadal-foundation-has-been-present-at-the-fit-for-life-workshop-empowering-girls-and-women-through-sports-by-unesco\/#breadcrumb","itemListElement":[{"@type":"ListItem","position":1,"name":"Portada","item":"https:\/\/fundacionrafanadal.quelinka.es\/en\/"},{"@type":"ListItem","position":2,"name":"Get to know!","item":"https:\/\/fundacionrafanadal.quelinka.es\/en\/conocenos\/"},{"@type":"ListItem","position":3,"name":"News","item":"https:\/\/fundacionrafanadal.quelinka.es\/en\/conocenos\/noticias\/"},{"@type":"ListItem","position":4,"name":"News 2022","item":"https:\/\/fundacionrafanadal.quelinka.es\/en\/conocenos\/noticias\/noticias-2022\/"},{"@type":"ListItem","position":5,"name":"THE RAFA NADAL FOUNDATION HAS BEEN PRESENT AT THE FIT FOR LIFE WORKSHOP &#8220;EMPOWERING GIRLS AND WOMEN THROUGH SPORTS&#8221; BY UNESCO"}]},{"@type":"WebSite","@id":"https:\/\/fundacionrafanadal.quelinka.es\/en\/#website","url":"https:\/\/fundacionrafanadal.quelinka.es\/en\/","name":"Fundaci\u00f3n Rafa Nadal","description":"A trav\u00e9s del deporte y la educaci\u00f3n, promovemos la integraci\u00f3n y el desarrollo personal y social de ni\u00f1os y j\u00f3venes. En Espa\u00f1a y la India.","publisher":{"@id":"https:\/\/fundacionrafanadal.quelinka.es\/en\/#organization"},"potentialAction":[{"@type":"SearchAction","target":{"@type":"EntryPoint","urlTemplate":"https:\/\/fundacionrafanadal.quelinka.es\/en\/?s={search_term_string}"},"query-input":{"@type":"PropertyValueSpecification","valueRequired":true,"valueName":"search_term_string"}}],"inLanguage":"en-US"},{"@type":"Organization","@id":"https:\/\/fundacionrafanadal.quelinka.es\/en\/#organization","name":"Fundaci\u00f3n Rafa Nadal","url":"https:\/\/fundacionrafanadal.quelinka.es\/en\/","logo":{"@type":"ImageObject","inLanguage":"en-US","@id":"https:\/\/fundacionrafanadal.quelinka.es\/en\/#\/schema\/logo\/image\/","url":"https:\/\/fundacionrafanadal.quelinka.es\/wp-content\/uploads\/2022\/09\/logo-frn-web-3.png","contentUrl":"https:\/\/fundacionrafanadal.quelinka.es\/wp-content\/uploads\/2022\/09\/logo-frn-web-3.png","width":551,"height":140,"caption":"Fundaci\u00f3n Rafa Nadal"},"image":{"@id":"https:\/\/fundacionrafanadal.quelinka.es\/en\/#\/schema\/logo\/image\/"}}]}},"campaignId":"","_links":{"self":[{"href":"https:\/\/fundacionrafanadal.quelinka.es\/en\/wp-json\/wp\/v2\/pages\/14715","targetHints":{"allow":["GET"]}}],"collection":[{"href":"https:\/\/fundacionrafanadal.quelinka.es\/en\/wp-json\/wp\/v2\/pages"}],"about":[{"href":"https:\/\/fundacionrafanadal.quelinka.es\/en\/wp-json\/wp\/v2\/types\/page"}],"author":[{"embeddable":true,"href":"https:\/\/fundacionrafanadal.quelinka.es\/en\/wp-json\/wp\/v2\/users\/1"}],"replies":[{"embeddable":true,"href":"https:\/\/fundacionrafanadal.quelinka.es\/en\/wp-json\/wp\/v2\/comments?post=14715"}],"version-history":[{"count":1,"href":"https:\/\/fundacionrafanadal.quelinka.es\/en\/wp-json\/wp\/v2\/pages\/14715\/revisions"}],"predecessor-version":[{"id":14727,"href":"https:\/\/fundacionrafanadal.quelinka.es\/en\/wp-json\/wp\/v2\/pages\/14715\/revisions\/14727"}],"up":[{"embeddable":true,"href":"https:\/\/fundacionrafanadal.quelinka.es\/en\/wp-json\/wp\/v2\/pages\/7300"}],"wp:featuredmedia":[{"embeddable":true,"href":"https:\/\/fundacionrafanadal.quelinka.es\/en\/wp-json\/wp\/v2\/media\/14718"}],"wp:attachment":[{"href":"https:\/\/fundacionrafanadal.quelinka.es\/en\/wp-json\/wp\/v2\/media?parent=14715"}],"curies":[{"name":"wp","href":"https:\/\/api.w.org\/{rel}","templated":true}]}}