{"id":17351,"date":"2023-09-06T11:54:24","date_gmt":"2023-09-06T11:54:24","guid":{"rendered":"https:\/\/www.fundacionrafanadal.org\/?page_id=17351"},"modified":"2023-09-06T12:00:40","modified_gmt":"2023-09-06T12:00:40","slug":"resounding-success-at-the-xxxiii-robinson-classic-golf-tournament-in-support-of-the-rafa-nadal-foundation","status":"publish","type":"page","link":"https:\/\/fundacionrafanadal.quelinka.es\/en\/get-to-know\/news\/news-2023\/resounding-success-at-the-xxxiii-robinson-classic-golf-tournament-in-support-of-the-rafa-nadal-foundation\/","title":{"rendered":"Resounding Success at the XXXIII Robinson Classic Golf Tournament in Support of the Rafa Nadal Foundation"},"content":{"rendered":"\n<div class=\"wp-block-media-text alignfull is-stacked-on-mobile is-image-fill has-background\" style=\"background-color:#ddac31\"><figure class=\"wp-block-media-text__media\" style=\"background-image:url(https:\/\/www.fundacionrafanadal.quelinka.es\/wp-content\/uploads\/2022\/07\/ISM08879.png);background-position:50% 50%\"><img loading=\"lazy\" decoding=\"async\" width=\"900\" height=\"399\" src=\"https:\/\/www.fundacionrafanadal.quelinka.es\/wp-content\/uploads\/2022\/07\/ISM08879.png\" alt=\"\" class=\"wp-image-9879 size-full\" srcset=\"https:\/\/fundacionrafanadal.quelinka.es\/wp-content\/uploads\/2022\/07\/ISM08879.png 900w, https:\/\/fundacionrafanadal.quelinka.es\/wp-content\/uploads\/2022\/07\/ISM08879-300x133.png 300w, https:\/\/fundacionrafanadal.quelinka.es\/wp-content\/uploads\/2022\/07\/ISM08879-768x340.png 768w\" sizes=\"auto, (max-width: 900px) 100vw, 900px\" \/><\/figure><div class=\"wp-block-media-text__content\">\n<div style=\"height:30px\" aria-hidden=\"true\" class=\"wp-block-spacer\"><\/div>\n\n\n\n<h2 class=\"has-ast-global-color-5-color has-text-color wp-block-heading\" style=\"font-size:48px\"><strong>News<\/strong><\/h2>\n\n\n\n<div style=\"height:200px\" aria-hidden=\"true\" class=\"wp-block-spacer\"><\/div>\n<\/div><\/div>\n\n\n\n<div style=\"height:50px\" aria-hidden=\"true\" class=\"wp-block-spacer\"><\/div>\n\n\n\n<div class=\"inherit-container-width wp-block-group is-layout-constrained wp-block-group-is-layout-constrained\"><div class=\"wp-block-group__inner-container\">\n<div class=\"inherit-container-width wp-block-group is-layout-constrained wp-block-group-is-layout-constrained\"><div class=\"wp-block-group__inner-container\"><div class=\"wp-block-post-date\"><time datetime=\"2023-09-06T11:54:24+02:00\">6 de September de 2023<\/time><\/div>\n\n\n<h2 class=\"wp-block-heading has-medium-font-size\" style=\"text-transform:uppercase\"><strong>RESOUNDING SUCCESS AT THE XXXIII ROBINSON CLASSIC GOLF TOURNAMENT IN SUPPORT OF THE RAFA NADAL FOUNDATION<\/strong><\/h2>\n\n\n\n<figure class=\"wp-block-image alignwide size-full\"><img loading=\"lazy\" decoding=\"async\" width=\"1000\" height=\"800\" src=\"https:\/\/www.fundacionrafanadal.quelinka.es\/wp-content\/uploads\/2023\/09\/DSCF4502.jpg\" alt=\"\" class=\"wp-image-17354\" srcset=\"https:\/\/fundacionrafanadal.quelinka.es\/wp-content\/uploads\/2023\/09\/DSCF4502.jpg 1000w, https:\/\/fundacionrafanadal.quelinka.es\/wp-content\/uploads\/2023\/09\/DSCF4502-300x240.jpg 300w, https:\/\/fundacionrafanadal.quelinka.es\/wp-content\/uploads\/2023\/09\/DSCF4502-768x614.jpg 768w\" sizes=\"auto, (max-width: 1000px) 100vw, 1000px\" \/><\/figure>\n\n\n\n<p>On Saturday, September 2nd, the prestigious Vall d&#8217;Or Golf Cala Serena Club hosted a new edition of the Robinson Classic Charity Golf Tournament, an event held annually on the island. In this thirty-third edition, the golfing community came together once again to support the projects of the Rafa Nadal Foundation, achieving an extraordinary fundraising total of \u20ac117,000.<\/p>\n\n\n\n<p>During the product auction, one of the event participants acquired a package of items, including the sneakers, the shirt and racket used by Rafael Nadal in the 2022 Roland Garros tournament, where the tennis player emerged as the champion, for a value of \u20ac55,000. <\/p>\n\n\n\n<p>This amount, combined with all the sales made at the event, the fees, and various donations from attendees, contributed to this exceptional fundraising achievement.<\/p>\n\n\n\n<figure class=\"wp-block-image size-full\"><img loading=\"lazy\" decoding=\"async\" width=\"1000\" height=\"800\" src=\"https:\/\/www.fundacionrafanadal.quelinka.es\/wp-content\/uploads\/2023\/09\/DSCF4463.jpg\" alt=\"\" class=\"wp-image-17357\" srcset=\"https:\/\/fundacionrafanadal.quelinka.es\/wp-content\/uploads\/2023\/09\/DSCF4463.jpg 1000w, https:\/\/fundacionrafanadal.quelinka.es\/wp-content\/uploads\/2023\/09\/DSCF4463-300x240.jpg 300w, https:\/\/fundacionrafanadal.quelinka.es\/wp-content\/uploads\/2023\/09\/DSCF4463-768x614.jpg 768w\" sizes=\"auto, (max-width: 1000px) 100vw, 1000px\" \/><\/figure>\n\n\n\n<p>The tournament provided participants with a unique experience on one of Mallorca&#8217;s most iconic golf courses. Players not only enjoyed a day filled with thrilling shots and friendly competition but also made a significant contribution to the charitable projects of the Rafa Nadal Foundation.<\/p>\n\n\n\n<p>In the closing ceremony of the event, Rafael Nadal, a renowned world tennis player and founding trustee, was present to receive the check on behalf of the Rafa Nadal Foundation.<\/p>\n\n\n\n<p>The total fundraising of \u20ac117,000 at the XXXIII Robinson Classic Golf Tournament is a testament to the commitment and generosity of the golfing community and all those who joined this cause. These funds will be dedicated entirely to the projects of the Rafa Nadal Foundation in Spain and India.<\/p>\n\n\n\n<p>This edition of the Robinson Classic marks a milestone in the tournament&#8217;s history by far exceeding fundraising expectations. In its previous eight editions, the tournament has provided over \u20ac250,000 in funds for the projects of the Rafa Nadal Foundation, establishing itself as a benchmark charity event in the world of golf and demonstrating that sports can be a powerful tool for social change.<\/p>\n\n\n\n<p>The Rafa Nadal Foundation extends its heartfelt thanks to all participants, sponsors, and collaborators for their unwavering support in this edition of the Robinson Classic Golf Tournament. Every stroke and every hole played have contributed to making the world a better place. The commitment to solidarity and a passion for golf have once again come together to make a difference.<\/p>\n\n\n\n<p><strong>We eagerly await the XXXIV Robinson Classic Golf Tournament, with the certainty that we will continue to move forward together towards a brighter future for those who need it most.<\/strong><\/p>\n<\/div><\/div>\n<\/div><\/div>\n","protected":false},"excerpt":{"rendered":"<p>RESOUNDING SUCCESS AT THE XXXIII ROBINSON CLASSIC GOLF TOURNAMENT IN SUPPORT OF THE RAFA NADAL FOUNDATION On Saturday, September 2nd, the prestigious Vall d&#8217;Or Golf Cala Serena Club hosted a new edition of the Robinson Classic Charity Golf Tournament, an event held annually on the island. In this thirty-third edition, the golfing community came together [&hellip;]<\/p>\n","protected":false},"author":1,"featured_media":17354,"parent":15131,"menu_order":-2,"comment_status":"closed","ping_status":"closed","template":"","meta":{"_acf_changed":false,"give_campaign_id":0,"_monsterinsights_skip_tracking":false,"_monsterinsights_sitenote_active":false,"_monsterinsights_sitenote_note":"","_monsterinsights_sitenote_category":0,"site-sidebar-layout":"default","site-content-layout":"","ast-site-content-layout":"default","site-content-style":"default","site-sidebar-style":"default","ast-global-header-display":"","ast-banner-title-visibility":"","ast-main-header-display":"","ast-hfb-above-header-display":"","ast-hfb-below-header-display":"","ast-hfb-mobile-header-display":"","site-post-title":"disabled","ast-breadcrumbs-content":"","ast-featured-img":"disabled","footer-sml-layout":"","ast-disable-related-posts":"","theme-transparent-header-meta":"","adv-header-id-meta":"","stick-header-meta":"","header-above-stick-meta":"","header-main-stick-meta":"","header-below-stick-meta":"","astra-migrate-meta-layouts":"default","ast-page-background-enabled":"default","ast-page-background-meta":{"desktop":{"background-color":"var(--ast-global-color-4)","background-image":"","background-repeat":"repeat","background-position":"center center","background-size":"auto","background-attachment":"scroll","background-type":"","background-media":"","overlay-type":"","overlay-color":"","overlay-opacity":"","overlay-gradient":""},"tablet":{"background-color":"","background-image":"","background-repeat":"repeat","background-position":"center center","background-size":"auto","background-attachment":"scroll","background-type":"","background-media":"","overlay-type":"","overlay-color":"","overlay-opacity":"","overlay-gradient":""},"mobile":{"background-color":"","background-image":"","background-repeat":"repeat","background-position":"center center","background-size":"auto","background-attachment":"scroll","background-type":"","background-media":"","overlay-type":"","overlay-color":"","overlay-opacity":"","overlay-gradient":""}},"ast-content-background-meta":{"desktop":{"background-color":"var(--ast-global-color-5)","background-image":"","background-repeat":"repeat","background-position":"center center","background-size":"auto","background-attachment":"scroll","background-type":"","background-media":"","overlay-type":"","overlay-color":"","overlay-opacity":"","overlay-gradient":""},"tablet":{"background-color":"var(--ast-global-color-5)","background-image":"","background-repeat":"repeat","background-position":"center center","background-size":"auto","background-attachment":"scroll","background-type":"","background-media":"","overlay-type":"","overlay-color":"","overlay-opacity":"","overlay-gradient":""},"mobile":{"background-color":"var(--ast-global-color-5)","background-image":"","background-repeat":"repeat","background-position":"center center","background-size":"auto","background-attachment":"scroll","background-type":"","background-media":"","overlay-type":"","overlay-color":"","overlay-opacity":"","overlay-gradient":""}},"_themeisle_gutenberg_block_has_review":false,"footnotes":""},"class_list":["post-17351","page","type-page","status-publish","has-post-thumbnail","hentry"],"acf":[],"yoast_head":"<!-- This site is optimized with the Yoast SEO plugin v26.8 - https:\/\/yoast.com\/product\/yoast-seo-wordpress\/ -->\n<title>Resounding Success at the XXXIII Robinson Classic Golf Tournament in Support of the Rafa Nadal Foundation - Fundaci\u00f3n Rafa Nadal<\/title>\n<meta name=\"robots\" content=\"noindex, follow, max-snippet:-1, max-image-preview:large, max-video-preview:-1\" \/>\n<meta property=\"og:locale\" content=\"en_US\" \/>\n<meta property=\"og:type\" content=\"article\" \/>\n<meta property=\"og:title\" content=\"Resounding Success at the XXXIII Robinson Classic Golf Tournament in Support of the Rafa Nadal Foundation - Fundaci\u00f3n Rafa Nadal\" \/>\n<meta property=\"og:description\" content=\"RESOUNDING SUCCESS AT THE XXXIII ROBINSON CLASSIC GOLF TOURNAMENT IN SUPPORT OF THE RAFA NADAL FOUNDATION On Saturday, September 2nd, the prestigious Vall d&#8217;Or Golf Cala Serena Club hosted a new edition of the Robinson Classic Charity Golf Tournament, an event held annually on the island. In this thirty-third edition, the golfing community came together [&hellip;]\" \/>\n<meta property=\"og:url\" content=\"https:\/\/fundacionrafanadal.quelinka.es\/en\/get-to-know\/news\/news-2023\/resounding-success-at-the-xxxiii-robinson-classic-golf-tournament-in-support-of-the-rafa-nadal-foundation\/\" \/>\n<meta property=\"og:site_name\" content=\"Fundaci\u00f3n Rafa Nadal\" \/>\n<meta property=\"article:modified_time\" content=\"2023-09-06T12:00:40+00:00\" \/>\n<meta property=\"og:image\" content=\"https:\/\/fundacionrafanadal.quelinka.es\/wp-content\/uploads\/2023\/09\/DSCF4502.jpg\" \/>\n\t<meta property=\"og:image:width\" content=\"1000\" \/>\n\t<meta property=\"og:image:height\" content=\"800\" \/>\n\t<meta property=\"og:image:type\" content=\"image\/jpeg\" \/>\n<meta name=\"twitter:card\" content=\"summary_large_image\" \/>\n<meta name=\"twitter:label1\" content=\"Est. reading time\" \/>\n\t<meta name=\"twitter:data1\" content=\"3 minutes\" \/>\n<script type=\"application\/ld+json\" class=\"yoast-schema-graph\">{\"@context\":\"https:\/\/schema.org\",\"@graph\":[{\"@type\":\"WebPage\",\"@id\":\"https:\/\/fundacionrafanadal.quelinka.es\/en\/get-to-know\/news\/news-2023\/resounding-success-at-the-xxxiii-robinson-classic-golf-tournament-in-support-of-the-rafa-nadal-foundation\/\",\"url\":\"https:\/\/fundacionrafanadal.quelinka.es\/en\/get-to-know\/news\/news-2023\/resounding-success-at-the-xxxiii-robinson-classic-golf-tournament-in-support-of-the-rafa-nadal-foundation\/\",\"name\":\"Resounding Success at the XXXIII Robinson Classic Golf Tournament in Support of the Rafa Nadal Foundation - Fundaci\u00f3n Rafa Nadal\",\"isPartOf\":{\"@id\":\"https:\/\/fundacionrafanadal.quelinka.es\/en\/#website\"},\"primaryImageOfPage\":{\"@id\":\"https:\/\/fundacionrafanadal.quelinka.es\/en\/get-to-know\/news\/news-2023\/resounding-success-at-the-xxxiii-robinson-classic-golf-tournament-in-support-of-the-rafa-nadal-foundation\/#primaryimage\"},\"image\":{\"@id\":\"https:\/\/fundacionrafanadal.quelinka.es\/en\/get-to-know\/news\/news-2023\/resounding-success-at-the-xxxiii-robinson-classic-golf-tournament-in-support-of-the-rafa-nadal-foundation\/#primaryimage\"},\"thumbnailUrl\":\"https:\/\/fundacionrafanadal.quelinka.es\/wp-content\/uploads\/2023\/09\/DSCF4502.jpg\",\"datePublished\":\"2023-09-06T11:54:24+00:00\",\"dateModified\":\"2023-09-06T12:00:40+00:00\",\"breadcrumb\":{\"@id\":\"https:\/\/fundacionrafanadal.quelinka.es\/en\/get-to-know\/news\/news-2023\/resounding-success-at-the-xxxiii-robinson-classic-golf-tournament-in-support-of-the-rafa-nadal-foundation\/#breadcrumb\"},\"inLanguage\":\"en-US\",\"potentialAction\":[{\"@type\":\"ReadAction\",\"target\":[\"https:\/\/fundacionrafanadal.quelinka.es\/en\/get-to-know\/news\/news-2023\/resounding-success-at-the-xxxiii-robinson-classic-golf-tournament-in-support-of-the-rafa-nadal-foundation\/\"]}]},{\"@type\":\"ImageObject\",\"inLanguage\":\"en-US\",\"@id\":\"https:\/\/fundacionrafanadal.quelinka.es\/en\/get-to-know\/news\/news-2023\/resounding-success-at-the-xxxiii-robinson-classic-golf-tournament-in-support-of-the-rafa-nadal-foundation\/#primaryimage\",\"url\":\"https:\/\/fundacionrafanadal.quelinka.es\/wp-content\/uploads\/2023\/09\/DSCF4502.jpg\",\"contentUrl\":\"https:\/\/fundacionrafanadal.quelinka.es\/wp-content\/uploads\/2023\/09\/DSCF4502.jpg\",\"width\":1000,\"height\":800},{\"@type\":\"BreadcrumbList\",\"@id\":\"https:\/\/fundacionrafanadal.quelinka.es\/en\/get-to-know\/news\/news-2023\/resounding-success-at-the-xxxiii-robinson-classic-golf-tournament-in-support-of-the-rafa-nadal-foundation\/#breadcrumb\",\"itemListElement\":[{\"@type\":\"ListItem\",\"position\":1,\"name\":\"Portada\",\"item\":\"https:\/\/fundacionrafanadal.quelinka.es\/en\/\"},{\"@type\":\"ListItem\",\"position\":2,\"name\":\"Get to know!\",\"item\":\"https:\/\/fundacionrafanadal.quelinka.es\/en\/conocenos\/\"},{\"@type\":\"ListItem\",\"position\":3,\"name\":\"News\",\"item\":\"https:\/\/fundacionrafanadal.quelinka.es\/en\/conocenos\/noticias\/\"},{\"@type\":\"ListItem\",\"position\":4,\"name\":\"News 2023\",\"item\":\"https:\/\/fundacionrafanadal.quelinka.es\/en\/conocenos\/noticias\/noticias-2022-2\/\"},{\"@type\":\"ListItem\",\"position\":5,\"name\":\"Resounding Success at the XXXIII Robinson Classic Golf Tournament in Support of the Rafa Nadal Foundation\"}]},{\"@type\":\"WebSite\",\"@id\":\"https:\/\/fundacionrafanadal.quelinka.es\/en\/#website\",\"url\":\"https:\/\/fundacionrafanadal.quelinka.es\/en\/\",\"name\":\"Fundaci\u00f3n Rafa Nadal\",\"description\":\"A trav\u00e9s del deporte y la educaci\u00f3n, promovemos la integraci\u00f3n y el desarrollo personal y social de ni\u00f1os y j\u00f3venes. En Espa\u00f1a y la India.\",\"publisher\":{\"@id\":\"https:\/\/fundacionrafanadal.quelinka.es\/en\/#organization\"},\"potentialAction\":[{\"@type\":\"SearchAction\",\"target\":{\"@type\":\"EntryPoint\",\"urlTemplate\":\"https:\/\/fundacionrafanadal.quelinka.es\/en\/?s={search_term_string}\"},\"query-input\":{\"@type\":\"PropertyValueSpecification\",\"valueRequired\":true,\"valueName\":\"search_term_string\"}}],\"inLanguage\":\"en-US\"},{\"@type\":\"Organization\",\"@id\":\"https:\/\/fundacionrafanadal.quelinka.es\/en\/#organization\",\"name\":\"Fundaci\u00f3n Rafa Nadal\",\"url\":\"https:\/\/fundacionrafanadal.quelinka.es\/en\/\",\"logo\":{\"@type\":\"ImageObject\",\"inLanguage\":\"en-US\",\"@id\":\"https:\/\/fundacionrafanadal.quelinka.es\/en\/#\/schema\/logo\/image\/\",\"url\":\"https:\/\/fundacionrafanadal.quelinka.es\/wp-content\/uploads\/2022\/09\/logo-frn-web-3.png\",\"contentUrl\":\"https:\/\/fundacionrafanadal.quelinka.es\/wp-content\/uploads\/2022\/09\/logo-frn-web-3.png\",\"width\":551,\"height\":140,\"caption\":\"Fundaci\u00f3n Rafa Nadal\"},\"image\":{\"@id\":\"https:\/\/fundacionrafanadal.quelinka.es\/en\/#\/schema\/logo\/image\/\"}}]}<\/script>\n<!-- \/ Yoast SEO plugin. -->","yoast_head_json":{"title":"Resounding Success at the XXXIII Robinson Classic Golf Tournament in Support of the Rafa Nadal Foundation - Fundaci\u00f3n Rafa Nadal","robots":{"index":"noindex","follow":"follow","max-snippet":"max-snippet:-1","max-image-preview":"max-image-preview:large","max-video-preview":"max-video-preview:-1"},"og_locale":"en_US","og_type":"article","og_title":"Resounding Success at the XXXIII Robinson Classic Golf Tournament in Support of the Rafa Nadal Foundation - Fundaci\u00f3n Rafa Nadal","og_description":"RESOUNDING SUCCESS AT THE XXXIII ROBINSON CLASSIC GOLF TOURNAMENT IN SUPPORT OF THE RAFA NADAL FOUNDATION On Saturday, September 2nd, the prestigious Vall d&#8217;Or Golf Cala Serena Club hosted a new edition of the Robinson Classic Charity Golf Tournament, an event held annually on the island. In this thirty-third edition, the golfing community came together [&hellip;]","og_url":"https:\/\/fundacionrafanadal.quelinka.es\/en\/get-to-know\/news\/news-2023\/resounding-success-at-the-xxxiii-robinson-classic-golf-tournament-in-support-of-the-rafa-nadal-foundation\/","og_site_name":"Fundaci\u00f3n Rafa Nadal","article_modified_time":"2023-09-06T12:00:40+00:00","og_image":[{"width":1000,"height":800,"url":"https:\/\/fundacionrafanadal.quelinka.es\/wp-content\/uploads\/2023\/09\/DSCF4502.jpg","type":"image\/jpeg"}],"twitter_card":"summary_large_image","twitter_misc":{"Est. reading time":"3 minutes"},"schema":{"@context":"https:\/\/schema.org","@graph":[{"@type":"WebPage","@id":"https:\/\/fundacionrafanadal.quelinka.es\/en\/get-to-know\/news\/news-2023\/resounding-success-at-the-xxxiii-robinson-classic-golf-tournament-in-support-of-the-rafa-nadal-foundation\/","url":"https:\/\/fundacionrafanadal.quelinka.es\/en\/get-to-know\/news\/news-2023\/resounding-success-at-the-xxxiii-robinson-classic-golf-tournament-in-support-of-the-rafa-nadal-foundation\/","name":"Resounding Success at the XXXIII Robinson Classic Golf Tournament in Support of the Rafa Nadal Foundation - Fundaci\u00f3n Rafa Nadal","isPartOf":{"@id":"https:\/\/fundacionrafanadal.quelinka.es\/en\/#website"},"primaryImageOfPage":{"@id":"https:\/\/fundacionrafanadal.quelinka.es\/en\/get-to-know\/news\/news-2023\/resounding-success-at-the-xxxiii-robinson-classic-golf-tournament-in-support-of-the-rafa-nadal-foundation\/#primaryimage"},"image":{"@id":"https:\/\/fundacionrafanadal.quelinka.es\/en\/get-to-know\/news\/news-2023\/resounding-success-at-the-xxxiii-robinson-classic-golf-tournament-in-support-of-the-rafa-nadal-foundation\/#primaryimage"},"thumbnailUrl":"https:\/\/fundacionrafanadal.quelinka.es\/wp-content\/uploads\/2023\/09\/DSCF4502.jpg","datePublished":"2023-09-06T11:54:24+00:00","dateModified":"2023-09-06T12:00:40+00:00","breadcrumb":{"@id":"https:\/\/fundacionrafanadal.quelinka.es\/en\/get-to-know\/news\/news-2023\/resounding-success-at-the-xxxiii-robinson-classic-golf-tournament-in-support-of-the-rafa-nadal-foundation\/#breadcrumb"},"inLanguage":"en-US","potentialAction":[{"@type":"ReadAction","target":["https:\/\/fundacionrafanadal.quelinka.es\/en\/get-to-know\/news\/news-2023\/resounding-success-at-the-xxxiii-robinson-classic-golf-tournament-in-support-of-the-rafa-nadal-foundation\/"]}]},{"@type":"ImageObject","inLanguage":"en-US","@id":"https:\/\/fundacionrafanadal.quelinka.es\/en\/get-to-know\/news\/news-2023\/resounding-success-at-the-xxxiii-robinson-classic-golf-tournament-in-support-of-the-rafa-nadal-foundation\/#primaryimage","url":"https:\/\/fundacionrafanadal.quelinka.es\/wp-content\/uploads\/2023\/09\/DSCF4502.jpg","contentUrl":"https:\/\/fundacionrafanadal.quelinka.es\/wp-content\/uploads\/2023\/09\/DSCF4502.jpg","width":1000,"height":800},{"@type":"BreadcrumbList","@id":"https:\/\/fundacionrafanadal.quelinka.es\/en\/get-to-know\/news\/news-2023\/resounding-success-at-the-xxxiii-robinson-classic-golf-tournament-in-support-of-the-rafa-nadal-foundation\/#breadcrumb","itemListElement":[{"@type":"ListItem","position":1,"name":"Portada","item":"https:\/\/fundacionrafanadal.quelinka.es\/en\/"},{"@type":"ListItem","position":2,"name":"Get to know!","item":"https:\/\/fundacionrafanadal.quelinka.es\/en\/conocenos\/"},{"@type":"ListItem","position":3,"name":"News","item":"https:\/\/fundacionrafanadal.quelinka.es\/en\/conocenos\/noticias\/"},{"@type":"ListItem","position":4,"name":"News 2023","item":"https:\/\/fundacionrafanadal.quelinka.es\/en\/conocenos\/noticias\/noticias-2022-2\/"},{"@type":"ListItem","position":5,"name":"Resounding Success at the XXXIII Robinson Classic Golf Tournament in Support of the Rafa Nadal Foundation"}]},{"@type":"WebSite","@id":"https:\/\/fundacionrafanadal.quelinka.es\/en\/#website","url":"https:\/\/fundacionrafanadal.quelinka.es\/en\/","name":"Fundaci\u00f3n Rafa Nadal","description":"A trav\u00e9s del deporte y la educaci\u00f3n, promovemos la integraci\u00f3n y el desarrollo personal y social de ni\u00f1os y j\u00f3venes. En Espa\u00f1a y la India.","publisher":{"@id":"https:\/\/fundacionrafanadal.quelinka.es\/en\/#organization"},"potentialAction":[{"@type":"SearchAction","target":{"@type":"EntryPoint","urlTemplate":"https:\/\/fundacionrafanadal.quelinka.es\/en\/?s={search_term_string}"},"query-input":{"@type":"PropertyValueSpecification","valueRequired":true,"valueName":"search_term_string"}}],"inLanguage":"en-US"},{"@type":"Organization","@id":"https:\/\/fundacionrafanadal.quelinka.es\/en\/#organization","name":"Fundaci\u00f3n Rafa Nadal","url":"https:\/\/fundacionrafanadal.quelinka.es\/en\/","logo":{"@type":"ImageObject","inLanguage":"en-US","@id":"https:\/\/fundacionrafanadal.quelinka.es\/en\/#\/schema\/logo\/image\/","url":"https:\/\/fundacionrafanadal.quelinka.es\/wp-content\/uploads\/2022\/09\/logo-frn-web-3.png","contentUrl":"https:\/\/fundacionrafanadal.quelinka.es\/wp-content\/uploads\/2022\/09\/logo-frn-web-3.png","width":551,"height":140,"caption":"Fundaci\u00f3n Rafa Nadal"},"image":{"@id":"https:\/\/fundacionrafanadal.quelinka.es\/en\/#\/schema\/logo\/image\/"}}]}},"campaignId":"","_links":{"self":[{"href":"https:\/\/fundacionrafanadal.quelinka.es\/en\/wp-json\/wp\/v2\/pages\/17351","targetHints":{"allow":["GET"]}}],"collection":[{"href":"https:\/\/fundacionrafanadal.quelinka.es\/en\/wp-json\/wp\/v2\/pages"}],"about":[{"href":"https:\/\/fundacionrafanadal.quelinka.es\/en\/wp-json\/wp\/v2\/types\/page"}],"author":[{"embeddable":true,"href":"https:\/\/fundacionrafanadal.quelinka.es\/en\/wp-json\/wp\/v2\/users\/1"}],"replies":[{"embeddable":true,"href":"https:\/\/fundacionrafanadal.quelinka.es\/en\/wp-json\/wp\/v2\/comments?post=17351"}],"version-history":[{"count":4,"href":"https:\/\/fundacionrafanadal.quelinka.es\/en\/wp-json\/wp\/v2\/pages\/17351\/revisions"}],"predecessor-version":[{"id":17369,"href":"https:\/\/fundacionrafanadal.quelinka.es\/en\/wp-json\/wp\/v2\/pages\/17351\/revisions\/17369"}],"up":[{"embeddable":true,"href":"https:\/\/fundacionrafanadal.quelinka.es\/en\/wp-json\/wp\/v2\/pages\/15131"}],"wp:featuredmedia":[{"embeddable":true,"href":"https:\/\/fundacionrafanadal.quelinka.es\/en\/wp-json\/wp\/v2\/media\/17354"}],"wp:attachment":[{"href":"https:\/\/fundacionrafanadal.quelinka.es\/en\/wp-json\/wp\/v2\/media?parent=17351"}],"curies":[{"name":"wp","href":"https:\/\/api.w.org\/{rel}","templated":true}]}}