{"id":17544,"date":"2023-09-20T08:13:19","date_gmt":"2023-09-20T08:13:19","guid":{"rendered":"https:\/\/www.fundacionrafanadal.org\/?page_id=17544"},"modified":"2023-09-20T08:13:27","modified_gmt":"2023-09-20T08:13:27","slug":"the-rafa-nadal-foundation-at-the-clinton-global-initiative-committed-to-global-solutions","status":"publish","type":"page","link":"https:\/\/fundacionrafanadal.quelinka.es\/en\/get-to-know\/news\/news-2023\/the-rafa-nadal-foundation-at-the-clinton-global-initiative-committed-to-global-solutions\/","title":{"rendered":"The Rafa Nadal Foundation at the Clinton Global Initiative: Committed to Global Solutions"},"content":{"rendered":"\n<div class=\"wp-block-media-text alignfull is-stacked-on-mobile is-image-fill has-background\" style=\"background-color:#ddac31\"><figure class=\"wp-block-media-text__media\" style=\"background-image:url(https:\/\/www.fundacionrafanadal.quelinka.es\/wp-content\/uploads\/2022\/07\/ISM08879.png);background-position:50% 50%\"><img loading=\"lazy\" decoding=\"async\" width=\"900\" height=\"399\" src=\"https:\/\/www.fundacionrafanadal.quelinka.es\/wp-content\/uploads\/2022\/07\/ISM08879.png\" alt=\"\" class=\"wp-image-9879 size-full\" srcset=\"https:\/\/fundacionrafanadal.quelinka.es\/wp-content\/uploads\/2022\/07\/ISM08879.png 900w, https:\/\/fundacionrafanadal.quelinka.es\/wp-content\/uploads\/2022\/07\/ISM08879-300x133.png 300w, https:\/\/fundacionrafanadal.quelinka.es\/wp-content\/uploads\/2022\/07\/ISM08879-768x340.png 768w\" sizes=\"auto, (max-width: 900px) 100vw, 900px\" \/><\/figure><div class=\"wp-block-media-text__content\">\n<div style=\"height:30px\" aria-hidden=\"true\" class=\"wp-block-spacer\"><\/div>\n\n\n\n<h2 class=\"has-ast-global-color-5-color has-text-color wp-block-heading\" style=\"font-size:48px\"><strong>News<\/strong><\/h2>\n\n\n\n<div style=\"height:200px\" aria-hidden=\"true\" class=\"wp-block-spacer\"><\/div>\n<\/div><\/div>\n\n\n\n<div style=\"height:50px\" aria-hidden=\"true\" class=\"wp-block-spacer\"><\/div>\n\n\n\n<div class=\"inherit-container-width wp-block-group is-layout-constrained wp-block-group-is-layout-constrained\"><div class=\"wp-block-group__inner-container\">\n<div class=\"inherit-container-width wp-block-group is-layout-constrained wp-block-group-is-layout-constrained\"><div class=\"wp-block-group__inner-container\"><div class=\"wp-block-post-date\"><time datetime=\"2023-09-20T08:13:19+02:00\">20 de September de 2023<\/time><\/div>\n\n\n<h2 class=\"wp-block-heading has-medium-font-size\" style=\"text-transform:uppercase\"><strong>THE RAFA NADAL FOUNDATION AT THE CLINTON GLOBAL INITIATIVE: COMMITTED TO GLOBAL SOLUTIONS<\/strong><\/h2>\n\n\n\n<figure class=\"wp-block-image alignwide size-full\"><img loading=\"lazy\" decoding=\"async\" width=\"1000\" height=\"800\" src=\"https:\/\/www.fundacionrafanadal.quelinka.es\/wp-content\/uploads\/2023\/09\/CGI.png\" alt=\"\" class=\"wp-image-17556\" srcset=\"https:\/\/fundacionrafanadal.quelinka.es\/wp-content\/uploads\/2023\/09\/CGI.png 1000w, https:\/\/fundacionrafanadal.quelinka.es\/wp-content\/uploads\/2023\/09\/CGI-300x240.png 300w, https:\/\/fundacionrafanadal.quelinka.es\/wp-content\/uploads\/2023\/09\/CGI-768x614.png 768w\" sizes=\"auto, (max-width: 1000px) 100vw, 1000px\" \/><\/figure>\n\n\n\n<p>The <strong>Rafa Nadal Foundation<\/strong> continues its commitment to global action by actively participating in the <strong>Clinton Global Initiative (CGI)<\/strong>. On this occasion, the Deputy Director of the Rafa Nadal Foundation, Jose Ruiz, and the Partnership Manager, Fani Ginard, are present at this important international event held in New York.<\/p>\n\n\n\n<p><a href=\"https:\/\/www.clintonfoundation.org\/clinton-global-initiative-september-2023-meeting\/\">CGI<\/a> is a high-level forum organized by the <strong><a href=\"https:\/\/www.clintonfoundation.org\/\">Clinton Foundation<\/a><\/strong>, bringing together established and emerging global leaders with the purpose of creating and implementing concrete solutions to the most urgent issues facing our planet. During this gathering, representatives from the <strong>Rafa Nadal Foundation <\/strong>join the global conversation on climate resilience, health equity, and inclusive economic recovery, all essential topics on the global agenda of third-sector organizations.<\/p>\n\n\n\n<figure class=\"wp-block-image size-full\"><img loading=\"lazy\" decoding=\"async\" width=\"897\" height=\"718\" src=\"https:\/\/www.fundacionrafanadal.quelinka.es\/wp-content\/uploads\/2023\/09\/Action.jpg\" alt=\"\" class=\"wp-image-17547\" srcset=\"https:\/\/fundacionrafanadal.quelinka.es\/wp-content\/uploads\/2023\/09\/Action.jpg 897w, https:\/\/fundacionrafanadal.quelinka.es\/wp-content\/uploads\/2023\/09\/Action-300x240.jpg 300w, https:\/\/fundacionrafanadal.quelinka.es\/wp-content\/uploads\/2023\/09\/Action-768x615.jpg 768w\" sizes=\"auto, (max-width: 897px) 100vw, 897px\" \/><\/figure>\n\n\n\n<p>The Rafa Nadal Foundation has been a prominent advocate for education, sports, and social inclusion, values that are also a priority within <strong>CGI<\/strong>. The active participation of the foundation in this initiative reinforces its commitment to global collaboration and the creation of concrete actions to address the most significant challenges in our society.<\/p>\n\n\n\n<p>At C<strong>GI<\/strong>, they work alongside strategic partners to develop specific and measurable action commitments that contribute to progress in critical areas for the well-being of people. The <strong>Rafa Nadal Foundation<\/strong> is proud to be part of this global network of leaders dedicated to a better world and is delighted to contribute its expertise to this joint task.<\/p>\n\n\n\n<p><strong>The Rafa Nadal Foundation continues to contribute to the creation of a more sustainable and inclusive future for all, participating in global gatherings focused on social action.<\/strong><\/p>\n<\/div><\/div>\n<\/div><\/div>\n","protected":false},"excerpt":{"rendered":"<p>THE RAFA NADAL FOUNDATION AT THE CLINTON GLOBAL INITIATIVE: COMMITTED TO GLOBAL SOLUTIONS The Rafa Nadal Foundation continues its commitment to global action by actively participating in the Clinton Global Initiative (CGI). On this occasion, the Deputy Director of the Rafa Nadal Foundation, Jose Ruiz, and the Partnership Manager, Fani Ginard, are present at this [&hellip;]<\/p>\n","protected":false},"author":1,"featured_media":17556,"parent":15131,"menu_order":-2,"comment_status":"closed","ping_status":"closed","template":"","meta":{"_acf_changed":false,"give_campaign_id":0,"_monsterinsights_skip_tracking":false,"_monsterinsights_sitenote_active":false,"_monsterinsights_sitenote_note":"","_monsterinsights_sitenote_category":0,"site-sidebar-layout":"default","site-content-layout":"","ast-site-content-layout":"default","site-content-style":"default","site-sidebar-style":"default","ast-global-header-display":"","ast-banner-title-visibility":"","ast-main-header-display":"","ast-hfb-above-header-display":"","ast-hfb-below-header-display":"","ast-hfb-mobile-header-display":"","site-post-title":"disabled","ast-breadcrumbs-content":"","ast-featured-img":"disabled","footer-sml-layout":"","ast-disable-related-posts":"","theme-transparent-header-meta":"","adv-header-id-meta":"","stick-header-meta":"","header-above-stick-meta":"","header-main-stick-meta":"","header-below-stick-meta":"","astra-migrate-meta-layouts":"default","ast-page-background-enabled":"default","ast-page-background-meta":{"desktop":{"background-color":"var(--ast-global-color-4)","background-image":"","background-repeat":"repeat","background-position":"center center","background-size":"auto","background-attachment":"scroll","background-type":"","background-media":"","overlay-type":"","overlay-color":"","overlay-opacity":"","overlay-gradient":""},"tablet":{"background-color":"","background-image":"","background-repeat":"repeat","background-position":"center center","background-size":"auto","background-attachment":"scroll","background-type":"","background-media":"","overlay-type":"","overlay-color":"","overlay-opacity":"","overlay-gradient":""},"mobile":{"background-color":"","background-image":"","background-repeat":"repeat","background-position":"center center","background-size":"auto","background-attachment":"scroll","background-type":"","background-media":"","overlay-type":"","overlay-color":"","overlay-opacity":"","overlay-gradient":""}},"ast-content-background-meta":{"desktop":{"background-color":"var(--ast-global-color-5)","background-image":"","background-repeat":"repeat","background-position":"center center","background-size":"auto","background-attachment":"scroll","background-type":"","background-media":"","overlay-type":"","overlay-color":"","overlay-opacity":"","overlay-gradient":""},"tablet":{"background-color":"var(--ast-global-color-5)","background-image":"","background-repeat":"repeat","background-position":"center center","background-size":"auto","background-attachment":"scroll","background-type":"","background-media":"","overlay-type":"","overlay-color":"","overlay-opacity":"","overlay-gradient":""},"mobile":{"background-color":"var(--ast-global-color-5)","background-image":"","background-repeat":"repeat","background-position":"center center","background-size":"auto","background-attachment":"scroll","background-type":"","background-media":"","overlay-type":"","overlay-color":"","overlay-opacity":"","overlay-gradient":""}},"_themeisle_gutenberg_block_has_review":false,"footnotes":""},"class_list":["post-17544","page","type-page","status-publish","has-post-thumbnail","hentry"],"acf":[],"yoast_head":"<!-- This site is optimized with the Yoast SEO plugin v26.8 - https:\/\/yoast.com\/product\/yoast-seo-wordpress\/ -->\n<title>The Rafa Nadal Foundation at the Clinton Global Initiative: Committed to Global Solutions - Fundaci\u00f3n Rafa Nadal<\/title>\n<meta name=\"robots\" content=\"noindex, follow, max-snippet:-1, max-image-preview:large, max-video-preview:-1\" \/>\n<meta property=\"og:locale\" content=\"en_US\" \/>\n<meta property=\"og:type\" content=\"article\" \/>\n<meta property=\"og:title\" content=\"The Rafa Nadal Foundation at the Clinton Global Initiative: Committed to Global Solutions - Fundaci\u00f3n Rafa Nadal\" \/>\n<meta property=\"og:description\" content=\"THE RAFA NADAL FOUNDATION AT THE CLINTON GLOBAL INITIATIVE: COMMITTED TO GLOBAL SOLUTIONS The Rafa Nadal Foundation continues its commitment to global action by actively participating in the Clinton Global Initiative (CGI). On this occasion, the Deputy Director of the Rafa Nadal Foundation, Jose Ruiz, and the Partnership Manager, Fani Ginard, are present at this [&hellip;]\" \/>\n<meta property=\"og:url\" content=\"https:\/\/fundacionrafanadal.quelinka.es\/en\/get-to-know\/news\/news-2023\/the-rafa-nadal-foundation-at-the-clinton-global-initiative-committed-to-global-solutions\/\" \/>\n<meta property=\"og:site_name\" content=\"Fundaci\u00f3n Rafa Nadal\" \/>\n<meta property=\"article:modified_time\" content=\"2023-09-20T08:13:27+00:00\" \/>\n<meta property=\"og:image\" content=\"https:\/\/fundacionrafanadal.quelinka.es\/wp-content\/uploads\/2023\/09\/CGI.png\" \/>\n\t<meta property=\"og:image:width\" content=\"1000\" \/>\n\t<meta property=\"og:image:height\" content=\"800\" \/>\n\t<meta property=\"og:image:type\" content=\"image\/png\" \/>\n<meta name=\"twitter:card\" content=\"summary_large_image\" \/>\n<meta name=\"twitter:label1\" content=\"Est. reading time\" \/>\n\t<meta name=\"twitter:data1\" content=\"3 minutes\" \/>\n<script type=\"application\/ld+json\" class=\"yoast-schema-graph\">{\"@context\":\"https:\/\/schema.org\",\"@graph\":[{\"@type\":\"WebPage\",\"@id\":\"https:\/\/fundacionrafanadal.quelinka.es\/en\/get-to-know\/news\/news-2023\/the-rafa-nadal-foundation-at-the-clinton-global-initiative-committed-to-global-solutions\/\",\"url\":\"https:\/\/fundacionrafanadal.quelinka.es\/en\/get-to-know\/news\/news-2023\/the-rafa-nadal-foundation-at-the-clinton-global-initiative-committed-to-global-solutions\/\",\"name\":\"The Rafa Nadal Foundation at the Clinton Global Initiative: Committed to Global Solutions - Fundaci\u00f3n Rafa Nadal\",\"isPartOf\":{\"@id\":\"https:\/\/fundacionrafanadal.quelinka.es\/en\/#website\"},\"primaryImageOfPage\":{\"@id\":\"https:\/\/fundacionrafanadal.quelinka.es\/en\/get-to-know\/news\/news-2023\/the-rafa-nadal-foundation-at-the-clinton-global-initiative-committed-to-global-solutions\/#primaryimage\"},\"image\":{\"@id\":\"https:\/\/fundacionrafanadal.quelinka.es\/en\/get-to-know\/news\/news-2023\/the-rafa-nadal-foundation-at-the-clinton-global-initiative-committed-to-global-solutions\/#primaryimage\"},\"thumbnailUrl\":\"https:\/\/fundacionrafanadal.quelinka.es\/wp-content\/uploads\/2023\/09\/CGI.png\",\"datePublished\":\"2023-09-20T08:13:19+00:00\",\"dateModified\":\"2023-09-20T08:13:27+00:00\",\"breadcrumb\":{\"@id\":\"https:\/\/fundacionrafanadal.quelinka.es\/en\/get-to-know\/news\/news-2023\/the-rafa-nadal-foundation-at-the-clinton-global-initiative-committed-to-global-solutions\/#breadcrumb\"},\"inLanguage\":\"en-US\",\"potentialAction\":[{\"@type\":\"ReadAction\",\"target\":[\"https:\/\/fundacionrafanadal.quelinka.es\/en\/get-to-know\/news\/news-2023\/the-rafa-nadal-foundation-at-the-clinton-global-initiative-committed-to-global-solutions\/\"]}]},{\"@type\":\"ImageObject\",\"inLanguage\":\"en-US\",\"@id\":\"https:\/\/fundacionrafanadal.quelinka.es\/en\/get-to-know\/news\/news-2023\/the-rafa-nadal-foundation-at-the-clinton-global-initiative-committed-to-global-solutions\/#primaryimage\",\"url\":\"https:\/\/fundacionrafanadal.quelinka.es\/wp-content\/uploads\/2023\/09\/CGI.png\",\"contentUrl\":\"https:\/\/fundacionrafanadal.quelinka.es\/wp-content\/uploads\/2023\/09\/CGI.png\",\"width\":1000,\"height\":800},{\"@type\":\"BreadcrumbList\",\"@id\":\"https:\/\/fundacionrafanadal.quelinka.es\/en\/get-to-know\/news\/news-2023\/the-rafa-nadal-foundation-at-the-clinton-global-initiative-committed-to-global-solutions\/#breadcrumb\",\"itemListElement\":[{\"@type\":\"ListItem\",\"position\":1,\"name\":\"Portada\",\"item\":\"https:\/\/fundacionrafanadal.quelinka.es\/en\/\"},{\"@type\":\"ListItem\",\"position\":2,\"name\":\"Get to know!\",\"item\":\"https:\/\/fundacionrafanadal.quelinka.es\/en\/conocenos\/\"},{\"@type\":\"ListItem\",\"position\":3,\"name\":\"News\",\"item\":\"https:\/\/fundacionrafanadal.quelinka.es\/en\/conocenos\/noticias\/\"},{\"@type\":\"ListItem\",\"position\":4,\"name\":\"News 2023\",\"item\":\"https:\/\/fundacionrafanadal.quelinka.es\/en\/conocenos\/noticias\/noticias-2022-2\/\"},{\"@type\":\"ListItem\",\"position\":5,\"name\":\"The Rafa Nadal Foundation at the Clinton Global Initiative: Committed to Global Solutions\"}]},{\"@type\":\"WebSite\",\"@id\":\"https:\/\/fundacionrafanadal.quelinka.es\/en\/#website\",\"url\":\"https:\/\/fundacionrafanadal.quelinka.es\/en\/\",\"name\":\"Fundaci\u00f3n Rafa Nadal\",\"description\":\"A trav\u00e9s del deporte y la educaci\u00f3n, promovemos la integraci\u00f3n y el desarrollo personal y social de ni\u00f1os y j\u00f3venes. En Espa\u00f1a y la India.\",\"publisher\":{\"@id\":\"https:\/\/fundacionrafanadal.quelinka.es\/en\/#organization\"},\"potentialAction\":[{\"@type\":\"SearchAction\",\"target\":{\"@type\":\"EntryPoint\",\"urlTemplate\":\"https:\/\/fundacionrafanadal.quelinka.es\/en\/?s={search_term_string}\"},\"query-input\":{\"@type\":\"PropertyValueSpecification\",\"valueRequired\":true,\"valueName\":\"search_term_string\"}}],\"inLanguage\":\"en-US\"},{\"@type\":\"Organization\",\"@id\":\"https:\/\/fundacionrafanadal.quelinka.es\/en\/#organization\",\"name\":\"Fundaci\u00f3n Rafa Nadal\",\"url\":\"https:\/\/fundacionrafanadal.quelinka.es\/en\/\",\"logo\":{\"@type\":\"ImageObject\",\"inLanguage\":\"en-US\",\"@id\":\"https:\/\/fundacionrafanadal.quelinka.es\/en\/#\/schema\/logo\/image\/\",\"url\":\"https:\/\/fundacionrafanadal.quelinka.es\/wp-content\/uploads\/2022\/09\/logo-frn-web-3.png\",\"contentUrl\":\"https:\/\/fundacionrafanadal.quelinka.es\/wp-content\/uploads\/2022\/09\/logo-frn-web-3.png\",\"width\":551,\"height\":140,\"caption\":\"Fundaci\u00f3n Rafa Nadal\"},\"image\":{\"@id\":\"https:\/\/fundacionrafanadal.quelinka.es\/en\/#\/schema\/logo\/image\/\"}}]}<\/script>\n<!-- \/ Yoast SEO plugin. -->","yoast_head_json":{"title":"The Rafa Nadal Foundation at the Clinton Global Initiative: Committed to Global Solutions - Fundaci\u00f3n Rafa Nadal","robots":{"index":"noindex","follow":"follow","max-snippet":"max-snippet:-1","max-image-preview":"max-image-preview:large","max-video-preview":"max-video-preview:-1"},"og_locale":"en_US","og_type":"article","og_title":"The Rafa Nadal Foundation at the Clinton Global Initiative: Committed to Global Solutions - Fundaci\u00f3n Rafa Nadal","og_description":"THE RAFA NADAL FOUNDATION AT THE CLINTON GLOBAL INITIATIVE: COMMITTED TO GLOBAL SOLUTIONS The Rafa Nadal Foundation continues its commitment to global action by actively participating in the Clinton Global Initiative (CGI). On this occasion, the Deputy Director of the Rafa Nadal Foundation, Jose Ruiz, and the Partnership Manager, Fani Ginard, are present at this [&hellip;]","og_url":"https:\/\/fundacionrafanadal.quelinka.es\/en\/get-to-know\/news\/news-2023\/the-rafa-nadal-foundation-at-the-clinton-global-initiative-committed-to-global-solutions\/","og_site_name":"Fundaci\u00f3n Rafa Nadal","article_modified_time":"2023-09-20T08:13:27+00:00","og_image":[{"width":1000,"height":800,"url":"https:\/\/fundacionrafanadal.quelinka.es\/wp-content\/uploads\/2023\/09\/CGI.png","type":"image\/png"}],"twitter_card":"summary_large_image","twitter_misc":{"Est. reading time":"3 minutes"},"schema":{"@context":"https:\/\/schema.org","@graph":[{"@type":"WebPage","@id":"https:\/\/fundacionrafanadal.quelinka.es\/en\/get-to-know\/news\/news-2023\/the-rafa-nadal-foundation-at-the-clinton-global-initiative-committed-to-global-solutions\/","url":"https:\/\/fundacionrafanadal.quelinka.es\/en\/get-to-know\/news\/news-2023\/the-rafa-nadal-foundation-at-the-clinton-global-initiative-committed-to-global-solutions\/","name":"The Rafa Nadal Foundation at the Clinton Global Initiative: Committed to Global Solutions - Fundaci\u00f3n Rafa Nadal","isPartOf":{"@id":"https:\/\/fundacionrafanadal.quelinka.es\/en\/#website"},"primaryImageOfPage":{"@id":"https:\/\/fundacionrafanadal.quelinka.es\/en\/get-to-know\/news\/news-2023\/the-rafa-nadal-foundation-at-the-clinton-global-initiative-committed-to-global-solutions\/#primaryimage"},"image":{"@id":"https:\/\/fundacionrafanadal.quelinka.es\/en\/get-to-know\/news\/news-2023\/the-rafa-nadal-foundation-at-the-clinton-global-initiative-committed-to-global-solutions\/#primaryimage"},"thumbnailUrl":"https:\/\/fundacionrafanadal.quelinka.es\/wp-content\/uploads\/2023\/09\/CGI.png","datePublished":"2023-09-20T08:13:19+00:00","dateModified":"2023-09-20T08:13:27+00:00","breadcrumb":{"@id":"https:\/\/fundacionrafanadal.quelinka.es\/en\/get-to-know\/news\/news-2023\/the-rafa-nadal-foundation-at-the-clinton-global-initiative-committed-to-global-solutions\/#breadcrumb"},"inLanguage":"en-US","potentialAction":[{"@type":"ReadAction","target":["https:\/\/fundacionrafanadal.quelinka.es\/en\/get-to-know\/news\/news-2023\/the-rafa-nadal-foundation-at-the-clinton-global-initiative-committed-to-global-solutions\/"]}]},{"@type":"ImageObject","inLanguage":"en-US","@id":"https:\/\/fundacionrafanadal.quelinka.es\/en\/get-to-know\/news\/news-2023\/the-rafa-nadal-foundation-at-the-clinton-global-initiative-committed-to-global-solutions\/#primaryimage","url":"https:\/\/fundacionrafanadal.quelinka.es\/wp-content\/uploads\/2023\/09\/CGI.png","contentUrl":"https:\/\/fundacionrafanadal.quelinka.es\/wp-content\/uploads\/2023\/09\/CGI.png","width":1000,"height":800},{"@type":"BreadcrumbList","@id":"https:\/\/fundacionrafanadal.quelinka.es\/en\/get-to-know\/news\/news-2023\/the-rafa-nadal-foundation-at-the-clinton-global-initiative-committed-to-global-solutions\/#breadcrumb","itemListElement":[{"@type":"ListItem","position":1,"name":"Portada","item":"https:\/\/fundacionrafanadal.quelinka.es\/en\/"},{"@type":"ListItem","position":2,"name":"Get to know!","item":"https:\/\/fundacionrafanadal.quelinka.es\/en\/conocenos\/"},{"@type":"ListItem","position":3,"name":"News","item":"https:\/\/fundacionrafanadal.quelinka.es\/en\/conocenos\/noticias\/"},{"@type":"ListItem","position":4,"name":"News 2023","item":"https:\/\/fundacionrafanadal.quelinka.es\/en\/conocenos\/noticias\/noticias-2022-2\/"},{"@type":"ListItem","position":5,"name":"The Rafa Nadal Foundation at the Clinton Global Initiative: Committed to Global Solutions"}]},{"@type":"WebSite","@id":"https:\/\/fundacionrafanadal.quelinka.es\/en\/#website","url":"https:\/\/fundacionrafanadal.quelinka.es\/en\/","name":"Fundaci\u00f3n Rafa Nadal","description":"A trav\u00e9s del deporte y la educaci\u00f3n, promovemos la integraci\u00f3n y el desarrollo personal y social de ni\u00f1os y j\u00f3venes. En Espa\u00f1a y la India.","publisher":{"@id":"https:\/\/fundacionrafanadal.quelinka.es\/en\/#organization"},"potentialAction":[{"@type":"SearchAction","target":{"@type":"EntryPoint","urlTemplate":"https:\/\/fundacionrafanadal.quelinka.es\/en\/?s={search_term_string}"},"query-input":{"@type":"PropertyValueSpecification","valueRequired":true,"valueName":"search_term_string"}}],"inLanguage":"en-US"},{"@type":"Organization","@id":"https:\/\/fundacionrafanadal.quelinka.es\/en\/#organization","name":"Fundaci\u00f3n Rafa Nadal","url":"https:\/\/fundacionrafanadal.quelinka.es\/en\/","logo":{"@type":"ImageObject","inLanguage":"en-US","@id":"https:\/\/fundacionrafanadal.quelinka.es\/en\/#\/schema\/logo\/image\/","url":"https:\/\/fundacionrafanadal.quelinka.es\/wp-content\/uploads\/2022\/09\/logo-frn-web-3.png","contentUrl":"https:\/\/fundacionrafanadal.quelinka.es\/wp-content\/uploads\/2022\/09\/logo-frn-web-3.png","width":551,"height":140,"caption":"Fundaci\u00f3n Rafa Nadal"},"image":{"@id":"https:\/\/fundacionrafanadal.quelinka.es\/en\/#\/schema\/logo\/image\/"}}]}},"campaignId":"","_links":{"self":[{"href":"https:\/\/fundacionrafanadal.quelinka.es\/en\/wp-json\/wp\/v2\/pages\/17544","targetHints":{"allow":["GET"]}}],"collection":[{"href":"https:\/\/fundacionrafanadal.quelinka.es\/en\/wp-json\/wp\/v2\/pages"}],"about":[{"href":"https:\/\/fundacionrafanadal.quelinka.es\/en\/wp-json\/wp\/v2\/types\/page"}],"author":[{"embeddable":true,"href":"https:\/\/fundacionrafanadal.quelinka.es\/en\/wp-json\/wp\/v2\/users\/1"}],"replies":[{"embeddable":true,"href":"https:\/\/fundacionrafanadal.quelinka.es\/en\/wp-json\/wp\/v2\/comments?post=17544"}],"version-history":[{"count":1,"href":"https:\/\/fundacionrafanadal.quelinka.es\/en\/wp-json\/wp\/v2\/pages\/17544\/revisions"}],"predecessor-version":[{"id":17558,"href":"https:\/\/fundacionrafanadal.quelinka.es\/en\/wp-json\/wp\/v2\/pages\/17544\/revisions\/17558"}],"up":[{"embeddable":true,"href":"https:\/\/fundacionrafanadal.quelinka.es\/en\/wp-json\/wp\/v2\/pages\/15131"}],"wp:featuredmedia":[{"embeddable":true,"href":"https:\/\/fundacionrafanadal.quelinka.es\/en\/wp-json\/wp\/v2\/media\/17556"}],"wp:attachment":[{"href":"https:\/\/fundacionrafanadal.quelinka.es\/en\/wp-json\/wp\/v2\/media?parent=17544"}],"curies":[{"name":"wp","href":"https:\/\/api.w.org\/{rel}","templated":true}]}}