{"id":17900,"date":"2023-10-20T08:51:04","date_gmt":"2023-10-20T08:51:04","guid":{"rendered":"https:\/\/www.fundacionrafanadal.org\/?page_id=17900"},"modified":"2023-10-20T08:51:48","modified_gmt":"2023-10-20T08:51:48","slug":"the-rafa-nadal-foundation-has-been-present-at-the-coes-sports-sustainability-summit","status":"publish","type":"page","link":"https:\/\/fundacionrafanadal.quelinka.es\/en\/get-to-know\/news\/news-2023\/the-rafa-nadal-foundation-has-been-present-at-the-coes-sports-sustainability-summit\/","title":{"rendered":"The Rafa Nadal Foundation has been present at the COE&#8217;s Sports Sustainability Summit"},"content":{"rendered":"\n<div class=\"wp-block-media-text alignfull is-stacked-on-mobile is-image-fill has-background\" style=\"background-color:#ddac31\"><figure class=\"wp-block-media-text__media\" style=\"background-image:url(https:\/\/www.fundacionrafanadal.quelinka.es\/wp-content\/uploads\/2022\/07\/ISM08879.png);background-position:50% 50%\"><img loading=\"lazy\" decoding=\"async\" width=\"900\" height=\"399\" src=\"https:\/\/www.fundacionrafanadal.quelinka.es\/wp-content\/uploads\/2022\/07\/ISM08879.png\" alt=\"\" class=\"wp-image-9879 size-full\" srcset=\"https:\/\/fundacionrafanadal.quelinka.es\/wp-content\/uploads\/2022\/07\/ISM08879.png 900w, https:\/\/fundacionrafanadal.quelinka.es\/wp-content\/uploads\/2022\/07\/ISM08879-300x133.png 300w, https:\/\/fundacionrafanadal.quelinka.es\/wp-content\/uploads\/2022\/07\/ISM08879-768x340.png 768w\" sizes=\"auto, (max-width: 900px) 100vw, 900px\" \/><\/figure><div class=\"wp-block-media-text__content\">\n<div style=\"height:30px\" aria-hidden=\"true\" class=\"wp-block-spacer\"><\/div>\n\n\n\n<h2 class=\"has-ast-global-color-5-color has-text-color wp-block-heading\" style=\"font-size:48px\"><strong>News<\/strong><\/h2>\n\n\n\n<div style=\"height:200px\" aria-hidden=\"true\" class=\"wp-block-spacer\"><\/div>\n<\/div><\/div>\n\n\n\n<div style=\"height:50px\" aria-hidden=\"true\" class=\"wp-block-spacer\"><\/div>\n\n\n\n<div class=\"inherit-container-width wp-block-group is-layout-constrained wp-block-group-is-layout-constrained\"><div class=\"wp-block-group__inner-container\">\n<div class=\"inherit-container-width wp-block-group is-layout-constrained wp-block-group-is-layout-constrained\"><div class=\"wp-block-group__inner-container\"><div class=\"wp-block-post-date\"><time datetime=\"2023-10-20T08:51:04+02:00\">20 de October de 2023<\/time><\/div>\n\n\n<h2 class=\"wp-block-heading has-medium-font-size\" style=\"text-transform:uppercase\"><strong>THE RAFA NADAL FOUNDATION HAS BEEN PRESENT AT THE COE&#8217;S SPORTS SUSTAINABILITY SUMMIT<\/strong><\/h2>\n\n\n\n<figure class=\"wp-block-image alignwide size-large\"><img loading=\"lazy\" decoding=\"async\" width=\"1024\" height=\"819\" src=\"https:\/\/www.fundacionrafanadal.quelinka.es\/wp-content\/uploads\/2023\/10\/portadaCOE-1024x819.png\" alt=\"\" class=\"wp-image-17914\" srcset=\"https:\/\/fundacionrafanadal.quelinka.es\/wp-content\/uploads\/2023\/10\/portadaCOE-1024x819.png 1024w, https:\/\/fundacionrafanadal.quelinka.es\/wp-content\/uploads\/2023\/10\/portadaCOE-300x240.png 300w, https:\/\/fundacionrafanadal.quelinka.es\/wp-content\/uploads\/2023\/10\/portadaCOE-768x614.png 768w, https:\/\/fundacionrafanadal.quelinka.es\/wp-content\/uploads\/2023\/10\/portadaCOE.png 1158w\" sizes=\"auto, (max-width: 1024px) 100vw, 1024px\" \/><\/figure>\n\n\n\n<p><strong>The Rafa Nadal Foundation, represented by Eunate G\u00f3mez, Project Manager, was present at the <a href=\"https:\/\/sportsustainabilitysummit.com\/\">Sports Sustainability Summit<\/a> held on October 18 and 19 at the headquarters of the Spanish Olympic Committee (COE) in Madrid.<\/strong><\/p>\n\n\n\n<p>This event marked the IV Sustainability Congress, organized annually by the COE, in collaboration with the Spanish Federation of Municipalities and Provinces (FEMP), Santander Spain (the COE&#8217;s global partner for sustainability), and with the support of the Higher Sports Council. The primary objective was to present the progress made in the COE&#8217;s sustainability strategy to the sports community and its stakeholders.<\/p>\n\n\n\n<p>The Sports Sustainability Summit featured keynote speeches from national and international representatives, roundtable discussions, and workshops focused on the Sustainable Development Goals (#SDGs) and innovative solutions for addressing climate change, such as CO2 and blue carbon emissions capture.<\/p>\n\n\n\n<p>Participants included athletes, corporate representatives, and foundations. Among them were Carla Suarez, COE Ambassador, Patricia Garc\u00eda from the world of Rugby, and athletes Adri\u00e1n Ruiz and Javier Raya, who are part of the IOC Young Leaders program. Jose Antonio Porcela represented the Eusebio Sacrist\u00e1n Foundation, while Aitor Hern\u00e1ndez attended on behalf of the F\u00fatbol M\u00e1s Foundation. Aauri Bokesa, an athlete and the creator of the &#8220;DXT para la vida&#8221; program, was also in attendance.<\/p>\n\n\n\n<figure class=\"wp-block-gallery has-nested-images columns-default is-cropped wp-block-gallery-1 is-layout-flex wp-block-gallery-is-layout-flex\">\n<figure class=\"wp-block-image\"><img loading=\"lazy\" decoding=\"async\" width=\"1592\" height=\"1274\" data-id=\"17915\" src=\"https:\/\/www.fundacionrafanadal.quelinka.es\/wp-content\/uploads\/2023\/10\/09d15b07-90a9-409f-b8f7-f0b6d8bef37d.jpeg\" alt=\"\" class=\"wp-image-17915\" srcset=\"https:\/\/fundacionrafanadal.quelinka.es\/wp-content\/uploads\/2023\/10\/09d15b07-90a9-409f-b8f7-f0b6d8bef37d.jpeg 1592w, https:\/\/fundacionrafanadal.quelinka.es\/wp-content\/uploads\/2023\/10\/09d15b07-90a9-409f-b8f7-f0b6d8bef37d-300x240.jpeg 300w, https:\/\/fundacionrafanadal.quelinka.es\/wp-content\/uploads\/2023\/10\/09d15b07-90a9-409f-b8f7-f0b6d8bef37d-1024x819.jpeg 1024w, https:\/\/fundacionrafanadal.quelinka.es\/wp-content\/uploads\/2023\/10\/09d15b07-90a9-409f-b8f7-f0b6d8bef37d-768x615.jpeg 768w, https:\/\/fundacionrafanadal.quelinka.es\/wp-content\/uploads\/2023\/10\/09d15b07-90a9-409f-b8f7-f0b6d8bef37d-1536x1229.jpeg 1536w\" sizes=\"auto, (max-width: 1592px) 100vw, 1592px\" \/><\/figure>\n\n\n\n<figure class=\"wp-block-image\"><img loading=\"lazy\" decoding=\"async\" width=\"1879\" height=\"1503\" data-id=\"17906\" src=\"https:\/\/www.fundacionrafanadal.quelinka.es\/wp-content\/uploads\/2023\/10\/1b4d5fbb-af52-43b9-a288-46ab73af11f7.jpeg\" alt=\"\" class=\"wp-image-17906\" srcset=\"https:\/\/fundacionrafanadal.quelinka.es\/wp-content\/uploads\/2023\/10\/1b4d5fbb-af52-43b9-a288-46ab73af11f7.jpeg 1879w, https:\/\/fundacionrafanadal.quelinka.es\/wp-content\/uploads\/2023\/10\/1b4d5fbb-af52-43b9-a288-46ab73af11f7-300x240.jpeg 300w, https:\/\/fundacionrafanadal.quelinka.es\/wp-content\/uploads\/2023\/10\/1b4d5fbb-af52-43b9-a288-46ab73af11f7-1024x819.jpeg 1024w, https:\/\/fundacionrafanadal.quelinka.es\/wp-content\/uploads\/2023\/10\/1b4d5fbb-af52-43b9-a288-46ab73af11f7-768x614.jpeg 768w, https:\/\/fundacionrafanadal.quelinka.es\/wp-content\/uploads\/2023\/10\/1b4d5fbb-af52-43b9-a288-46ab73af11f7-1536x1229.jpeg 1536w\" sizes=\"auto, (max-width: 1879px) 100vw, 1879px\" \/><\/figure>\n\n\n\n<figure class=\"wp-block-image\"><img loading=\"lazy\" decoding=\"async\" width=\"2560\" height=\"2048\" data-id=\"17903\" src=\"https:\/\/www.fundacionrafanadal.quelinka.es\/wp-content\/uploads\/2023\/10\/e3a042ad-8f4f-4614-afa6-34737cebda92-scaled.jpeg\" alt=\"\" class=\"wp-image-17903\" srcset=\"https:\/\/fundacionrafanadal.quelinka.es\/wp-content\/uploads\/2023\/10\/e3a042ad-8f4f-4614-afa6-34737cebda92-scaled.jpeg 2560w, https:\/\/fundacionrafanadal.quelinka.es\/wp-content\/uploads\/2023\/10\/e3a042ad-8f4f-4614-afa6-34737cebda92-300x240.jpeg 300w, https:\/\/fundacionrafanadal.quelinka.es\/wp-content\/uploads\/2023\/10\/e3a042ad-8f4f-4614-afa6-34737cebda92-1024x819.jpeg 1024w, https:\/\/fundacionrafanadal.quelinka.es\/wp-content\/uploads\/2023\/10\/e3a042ad-8f4f-4614-afa6-34737cebda92-768x614.jpeg 768w, https:\/\/fundacionrafanadal.quelinka.es\/wp-content\/uploads\/2023\/10\/e3a042ad-8f4f-4614-afa6-34737cebda92-1536x1229.jpeg 1536w, https:\/\/fundacionrafanadal.quelinka.es\/wp-content\/uploads\/2023\/10\/e3a042ad-8f4f-4614-afa6-34737cebda92-2048x1638.jpeg 2048w\" sizes=\"auto, (max-width: 2560px) 100vw, 2560px\" \/><\/figure>\n<\/figure>\n\n\n\n<p>Various participatory workshops were conducted, and the Rafa Nadal Foundation was part of a workshop led by Roc\u00edo Rivera, an expert in Open Innovation. The purpose of this workshop was to brainstorm and contribute to the roadmap of the Spanish Olympic Committee regarding Social Action. With the input from all participants, a report of conclusions will be generated.<\/p>\n\n\n\n<p>The Sports Sustainability Summit represented a significant step forward in promoting sustainability in the world of sports, and the Rafa Nadal Foundation is proud to have been part of this important event.<\/p>\n\n\n\n<p><strong>#WeAreSustainableSports<\/strong><\/p>\n<\/div><\/div>\n<\/div><\/div>\n","protected":false},"excerpt":{"rendered":"<p>THE RAFA NADAL FOUNDATION HAS BEEN PRESENT AT THE COE&#8217;S SPORTS SUSTAINABILITY SUMMIT The Rafa Nadal Foundation, represented by Eunate G\u00f3mez, Project Manager, was present at the Sports Sustainability Summit held on October 18 and 19 at the headquarters of the Spanish Olympic Committee (COE) in Madrid. This event marked the IV Sustainability Congress, organized [&hellip;]<\/p>\n","protected":false},"author":1,"featured_media":17914,"parent":15131,"menu_order":-2,"comment_status":"closed","ping_status":"closed","template":"","meta":{"_acf_changed":false,"give_campaign_id":0,"_monsterinsights_skip_tracking":false,"_monsterinsights_sitenote_active":false,"_monsterinsights_sitenote_note":"","_monsterinsights_sitenote_category":0,"site-sidebar-layout":"default","site-content-layout":"","ast-site-content-layout":"default","site-content-style":"default","site-sidebar-style":"default","ast-global-header-display":"","ast-banner-title-visibility":"","ast-main-header-display":"","ast-hfb-above-header-display":"","ast-hfb-below-header-display":"","ast-hfb-mobile-header-display":"","site-post-title":"disabled","ast-breadcrumbs-content":"","ast-featured-img":"disabled","footer-sml-layout":"","ast-disable-related-posts":"","theme-transparent-header-meta":"","adv-header-id-meta":"","stick-header-meta":"","header-above-stick-meta":"","header-main-stick-meta":"","header-below-stick-meta":"","astra-migrate-meta-layouts":"default","ast-page-background-enabled":"default","ast-page-background-meta":{"desktop":{"background-color":"var(--ast-global-color-4)","background-image":"","background-repeat":"repeat","background-position":"center center","background-size":"auto","background-attachment":"scroll","background-type":"","background-media":"","overlay-type":"","overlay-color":"","overlay-opacity":"","overlay-gradient":""},"tablet":{"background-color":"","background-image":"","background-repeat":"repeat","background-position":"center center","background-size":"auto","background-attachment":"scroll","background-type":"","background-media":"","overlay-type":"","overlay-color":"","overlay-opacity":"","overlay-gradient":""},"mobile":{"background-color":"","background-image":"","background-repeat":"repeat","background-position":"center center","background-size":"auto","background-attachment":"scroll","background-type":"","background-media":"","overlay-type":"","overlay-color":"","overlay-opacity":"","overlay-gradient":""}},"ast-content-background-meta":{"desktop":{"background-color":"var(--ast-global-color-5)","background-image":"","background-repeat":"repeat","background-position":"center center","background-size":"auto","background-attachment":"scroll","background-type":"","background-media":"","overlay-type":"","overlay-color":"","overlay-opacity":"","overlay-gradient":""},"tablet":{"background-color":"var(--ast-global-color-5)","background-image":"","background-repeat":"repeat","background-position":"center center","background-size":"auto","background-attachment":"scroll","background-type":"","background-media":"","overlay-type":"","overlay-color":"","overlay-opacity":"","overlay-gradient":""},"mobile":{"background-color":"var(--ast-global-color-5)","background-image":"","background-repeat":"repeat","background-position":"center center","background-size":"auto","background-attachment":"scroll","background-type":"","background-media":"","overlay-type":"","overlay-color":"","overlay-opacity":"","overlay-gradient":""}},"_themeisle_gutenberg_block_has_review":false,"footnotes":""},"class_list":["post-17900","page","type-page","status-publish","has-post-thumbnail","hentry"],"acf":[],"yoast_head":"<!-- This site is optimized with the Yoast SEO plugin v26.8 - https:\/\/yoast.com\/product\/yoast-seo-wordpress\/ -->\n<title>The Rafa Nadal Foundation has been present at the COE&#039;s Sports Sustainability Summit - Fundaci\u00f3n Rafa Nadal<\/title>\n<meta name=\"robots\" content=\"noindex, follow, max-snippet:-1, max-image-preview:large, max-video-preview:-1\" \/>\n<meta property=\"og:locale\" content=\"en_US\" \/>\n<meta property=\"og:type\" content=\"article\" \/>\n<meta property=\"og:title\" content=\"The Rafa Nadal Foundation has been present at the COE&#039;s Sports Sustainability Summit - Fundaci\u00f3n Rafa Nadal\" \/>\n<meta property=\"og:description\" content=\"THE RAFA NADAL FOUNDATION HAS BEEN PRESENT AT THE COE&#8217;S SPORTS SUSTAINABILITY SUMMIT The Rafa Nadal Foundation, represented by Eunate G\u00f3mez, Project Manager, was present at the Sports Sustainability Summit held on October 18 and 19 at the headquarters of the Spanish Olympic Committee (COE) in Madrid. This event marked the IV Sustainability Congress, organized [&hellip;]\" \/>\n<meta property=\"og:url\" content=\"https:\/\/fundacionrafanadal.quelinka.es\/en\/get-to-know\/news\/news-2023\/the-rafa-nadal-foundation-has-been-present-at-the-coes-sports-sustainability-summit\/\" \/>\n<meta property=\"og:site_name\" content=\"Fundaci\u00f3n Rafa Nadal\" \/>\n<meta property=\"article:modified_time\" content=\"2023-10-20T08:51:48+00:00\" \/>\n<meta property=\"og:image\" content=\"https:\/\/fundacionrafanadal.quelinka.es\/wp-content\/uploads\/2023\/10\/portadaCOE.png\" \/>\n\t<meta property=\"og:image:width\" content=\"1158\" \/>\n\t<meta property=\"og:image:height\" content=\"926\" \/>\n\t<meta property=\"og:image:type\" content=\"image\/png\" \/>\n<meta name=\"twitter:card\" content=\"summary_large_image\" \/>\n<meta name=\"twitter:label1\" content=\"Est. reading time\" \/>\n\t<meta name=\"twitter:data1\" content=\"3 minutes\" \/>\n<script type=\"application\/ld+json\" class=\"yoast-schema-graph\">{\"@context\":\"https:\/\/schema.org\",\"@graph\":[{\"@type\":\"WebPage\",\"@id\":\"https:\/\/fundacionrafanadal.quelinka.es\/en\/get-to-know\/news\/news-2023\/the-rafa-nadal-foundation-has-been-present-at-the-coes-sports-sustainability-summit\/\",\"url\":\"https:\/\/fundacionrafanadal.quelinka.es\/en\/get-to-know\/news\/news-2023\/the-rafa-nadal-foundation-has-been-present-at-the-coes-sports-sustainability-summit\/\",\"name\":\"The Rafa Nadal Foundation has been present at the COE's Sports Sustainability Summit - Fundaci\u00f3n Rafa Nadal\",\"isPartOf\":{\"@id\":\"https:\/\/fundacionrafanadal.quelinka.es\/en\/#website\"},\"primaryImageOfPage\":{\"@id\":\"https:\/\/fundacionrafanadal.quelinka.es\/en\/get-to-know\/news\/news-2023\/the-rafa-nadal-foundation-has-been-present-at-the-coes-sports-sustainability-summit\/#primaryimage\"},\"image\":{\"@id\":\"https:\/\/fundacionrafanadal.quelinka.es\/en\/get-to-know\/news\/news-2023\/the-rafa-nadal-foundation-has-been-present-at-the-coes-sports-sustainability-summit\/#primaryimage\"},\"thumbnailUrl\":\"https:\/\/fundacionrafanadal.quelinka.es\/wp-content\/uploads\/2023\/10\/portadaCOE.png\",\"datePublished\":\"2023-10-20T08:51:04+00:00\",\"dateModified\":\"2023-10-20T08:51:48+00:00\",\"breadcrumb\":{\"@id\":\"https:\/\/fundacionrafanadal.quelinka.es\/en\/get-to-know\/news\/news-2023\/the-rafa-nadal-foundation-has-been-present-at-the-coes-sports-sustainability-summit\/#breadcrumb\"},\"inLanguage\":\"en-US\",\"potentialAction\":[{\"@type\":\"ReadAction\",\"target\":[\"https:\/\/fundacionrafanadal.quelinka.es\/en\/get-to-know\/news\/news-2023\/the-rafa-nadal-foundation-has-been-present-at-the-coes-sports-sustainability-summit\/\"]}]},{\"@type\":\"ImageObject\",\"inLanguage\":\"en-US\",\"@id\":\"https:\/\/fundacionrafanadal.quelinka.es\/en\/get-to-know\/news\/news-2023\/the-rafa-nadal-foundation-has-been-present-at-the-coes-sports-sustainability-summit\/#primaryimage\",\"url\":\"https:\/\/fundacionrafanadal.quelinka.es\/wp-content\/uploads\/2023\/10\/portadaCOE.png\",\"contentUrl\":\"https:\/\/fundacionrafanadal.quelinka.es\/wp-content\/uploads\/2023\/10\/portadaCOE.png\",\"width\":1158,\"height\":926},{\"@type\":\"BreadcrumbList\",\"@id\":\"https:\/\/fundacionrafanadal.quelinka.es\/en\/get-to-know\/news\/news-2023\/the-rafa-nadal-foundation-has-been-present-at-the-coes-sports-sustainability-summit\/#breadcrumb\",\"itemListElement\":[{\"@type\":\"ListItem\",\"position\":1,\"name\":\"Portada\",\"item\":\"https:\/\/fundacionrafanadal.quelinka.es\/en\/\"},{\"@type\":\"ListItem\",\"position\":2,\"name\":\"Get to know!\",\"item\":\"https:\/\/fundacionrafanadal.quelinka.es\/en\/conocenos\/\"},{\"@type\":\"ListItem\",\"position\":3,\"name\":\"News\",\"item\":\"https:\/\/fundacionrafanadal.quelinka.es\/en\/conocenos\/noticias\/\"},{\"@type\":\"ListItem\",\"position\":4,\"name\":\"News 2023\",\"item\":\"https:\/\/fundacionrafanadal.quelinka.es\/en\/conocenos\/noticias\/noticias-2022-2\/\"},{\"@type\":\"ListItem\",\"position\":5,\"name\":\"The Rafa Nadal Foundation has been present at the COE&#8217;s Sports Sustainability Summit\"}]},{\"@type\":\"WebSite\",\"@id\":\"https:\/\/fundacionrafanadal.quelinka.es\/en\/#website\",\"url\":\"https:\/\/fundacionrafanadal.quelinka.es\/en\/\",\"name\":\"Fundaci\u00f3n Rafa Nadal\",\"description\":\"A trav\u00e9s del deporte y la educaci\u00f3n, promovemos la integraci\u00f3n y el desarrollo personal y social de ni\u00f1os y j\u00f3venes. En Espa\u00f1a y la India.\",\"publisher\":{\"@id\":\"https:\/\/fundacionrafanadal.quelinka.es\/en\/#organization\"},\"potentialAction\":[{\"@type\":\"SearchAction\",\"target\":{\"@type\":\"EntryPoint\",\"urlTemplate\":\"https:\/\/fundacionrafanadal.quelinka.es\/en\/?s={search_term_string}\"},\"query-input\":{\"@type\":\"PropertyValueSpecification\",\"valueRequired\":true,\"valueName\":\"search_term_string\"}}],\"inLanguage\":\"en-US\"},{\"@type\":\"Organization\",\"@id\":\"https:\/\/fundacionrafanadal.quelinka.es\/en\/#organization\",\"name\":\"Fundaci\u00f3n Rafa Nadal\",\"url\":\"https:\/\/fundacionrafanadal.quelinka.es\/en\/\",\"logo\":{\"@type\":\"ImageObject\",\"inLanguage\":\"en-US\",\"@id\":\"https:\/\/fundacionrafanadal.quelinka.es\/en\/#\/schema\/logo\/image\/\",\"url\":\"https:\/\/fundacionrafanadal.quelinka.es\/wp-content\/uploads\/2022\/09\/logo-frn-web-3.png\",\"contentUrl\":\"https:\/\/fundacionrafanadal.quelinka.es\/wp-content\/uploads\/2022\/09\/logo-frn-web-3.png\",\"width\":551,\"height\":140,\"caption\":\"Fundaci\u00f3n Rafa Nadal\"},\"image\":{\"@id\":\"https:\/\/fundacionrafanadal.quelinka.es\/en\/#\/schema\/logo\/image\/\"}}]}<\/script>\n<!-- \/ Yoast SEO plugin. -->","yoast_head_json":{"title":"The Rafa Nadal Foundation has been present at the COE's Sports Sustainability Summit - Fundaci\u00f3n Rafa Nadal","robots":{"index":"noindex","follow":"follow","max-snippet":"max-snippet:-1","max-image-preview":"max-image-preview:large","max-video-preview":"max-video-preview:-1"},"og_locale":"en_US","og_type":"article","og_title":"The Rafa Nadal Foundation has been present at the COE's Sports Sustainability Summit - Fundaci\u00f3n Rafa Nadal","og_description":"THE RAFA NADAL FOUNDATION HAS BEEN PRESENT AT THE COE&#8217;S SPORTS SUSTAINABILITY SUMMIT The Rafa Nadal Foundation, represented by Eunate G\u00f3mez, Project Manager, was present at the Sports Sustainability Summit held on October 18 and 19 at the headquarters of the Spanish Olympic Committee (COE) in Madrid. This event marked the IV Sustainability Congress, organized [&hellip;]","og_url":"https:\/\/fundacionrafanadal.quelinka.es\/en\/get-to-know\/news\/news-2023\/the-rafa-nadal-foundation-has-been-present-at-the-coes-sports-sustainability-summit\/","og_site_name":"Fundaci\u00f3n Rafa Nadal","article_modified_time":"2023-10-20T08:51:48+00:00","og_image":[{"width":1158,"height":926,"url":"https:\/\/fundacionrafanadal.quelinka.es\/wp-content\/uploads\/2023\/10\/portadaCOE.png","type":"image\/png"}],"twitter_card":"summary_large_image","twitter_misc":{"Est. reading time":"3 minutes"},"schema":{"@context":"https:\/\/schema.org","@graph":[{"@type":"WebPage","@id":"https:\/\/fundacionrafanadal.quelinka.es\/en\/get-to-know\/news\/news-2023\/the-rafa-nadal-foundation-has-been-present-at-the-coes-sports-sustainability-summit\/","url":"https:\/\/fundacionrafanadal.quelinka.es\/en\/get-to-know\/news\/news-2023\/the-rafa-nadal-foundation-has-been-present-at-the-coes-sports-sustainability-summit\/","name":"The Rafa Nadal Foundation has been present at the COE's Sports Sustainability Summit - Fundaci\u00f3n Rafa Nadal","isPartOf":{"@id":"https:\/\/fundacionrafanadal.quelinka.es\/en\/#website"},"primaryImageOfPage":{"@id":"https:\/\/fundacionrafanadal.quelinka.es\/en\/get-to-know\/news\/news-2023\/the-rafa-nadal-foundation-has-been-present-at-the-coes-sports-sustainability-summit\/#primaryimage"},"image":{"@id":"https:\/\/fundacionrafanadal.quelinka.es\/en\/get-to-know\/news\/news-2023\/the-rafa-nadal-foundation-has-been-present-at-the-coes-sports-sustainability-summit\/#primaryimage"},"thumbnailUrl":"https:\/\/fundacionrafanadal.quelinka.es\/wp-content\/uploads\/2023\/10\/portadaCOE.png","datePublished":"2023-10-20T08:51:04+00:00","dateModified":"2023-10-20T08:51:48+00:00","breadcrumb":{"@id":"https:\/\/fundacionrafanadal.quelinka.es\/en\/get-to-know\/news\/news-2023\/the-rafa-nadal-foundation-has-been-present-at-the-coes-sports-sustainability-summit\/#breadcrumb"},"inLanguage":"en-US","potentialAction":[{"@type":"ReadAction","target":["https:\/\/fundacionrafanadal.quelinka.es\/en\/get-to-know\/news\/news-2023\/the-rafa-nadal-foundation-has-been-present-at-the-coes-sports-sustainability-summit\/"]}]},{"@type":"ImageObject","inLanguage":"en-US","@id":"https:\/\/fundacionrafanadal.quelinka.es\/en\/get-to-know\/news\/news-2023\/the-rafa-nadal-foundation-has-been-present-at-the-coes-sports-sustainability-summit\/#primaryimage","url":"https:\/\/fundacionrafanadal.quelinka.es\/wp-content\/uploads\/2023\/10\/portadaCOE.png","contentUrl":"https:\/\/fundacionrafanadal.quelinka.es\/wp-content\/uploads\/2023\/10\/portadaCOE.png","width":1158,"height":926},{"@type":"BreadcrumbList","@id":"https:\/\/fundacionrafanadal.quelinka.es\/en\/get-to-know\/news\/news-2023\/the-rafa-nadal-foundation-has-been-present-at-the-coes-sports-sustainability-summit\/#breadcrumb","itemListElement":[{"@type":"ListItem","position":1,"name":"Portada","item":"https:\/\/fundacionrafanadal.quelinka.es\/en\/"},{"@type":"ListItem","position":2,"name":"Get to know!","item":"https:\/\/fundacionrafanadal.quelinka.es\/en\/conocenos\/"},{"@type":"ListItem","position":3,"name":"News","item":"https:\/\/fundacionrafanadal.quelinka.es\/en\/conocenos\/noticias\/"},{"@type":"ListItem","position":4,"name":"News 2023","item":"https:\/\/fundacionrafanadal.quelinka.es\/en\/conocenos\/noticias\/noticias-2022-2\/"},{"@type":"ListItem","position":5,"name":"The Rafa Nadal Foundation has been present at the COE&#8217;s Sports Sustainability Summit"}]},{"@type":"WebSite","@id":"https:\/\/fundacionrafanadal.quelinka.es\/en\/#website","url":"https:\/\/fundacionrafanadal.quelinka.es\/en\/","name":"Fundaci\u00f3n Rafa Nadal","description":"A trav\u00e9s del deporte y la educaci\u00f3n, promovemos la integraci\u00f3n y el desarrollo personal y social de ni\u00f1os y j\u00f3venes. En Espa\u00f1a y la India.","publisher":{"@id":"https:\/\/fundacionrafanadal.quelinka.es\/en\/#organization"},"potentialAction":[{"@type":"SearchAction","target":{"@type":"EntryPoint","urlTemplate":"https:\/\/fundacionrafanadal.quelinka.es\/en\/?s={search_term_string}"},"query-input":{"@type":"PropertyValueSpecification","valueRequired":true,"valueName":"search_term_string"}}],"inLanguage":"en-US"},{"@type":"Organization","@id":"https:\/\/fundacionrafanadal.quelinka.es\/en\/#organization","name":"Fundaci\u00f3n Rafa Nadal","url":"https:\/\/fundacionrafanadal.quelinka.es\/en\/","logo":{"@type":"ImageObject","inLanguage":"en-US","@id":"https:\/\/fundacionrafanadal.quelinka.es\/en\/#\/schema\/logo\/image\/","url":"https:\/\/fundacionrafanadal.quelinka.es\/wp-content\/uploads\/2022\/09\/logo-frn-web-3.png","contentUrl":"https:\/\/fundacionrafanadal.quelinka.es\/wp-content\/uploads\/2022\/09\/logo-frn-web-3.png","width":551,"height":140,"caption":"Fundaci\u00f3n Rafa Nadal"},"image":{"@id":"https:\/\/fundacionrafanadal.quelinka.es\/en\/#\/schema\/logo\/image\/"}}]}},"campaignId":"","_links":{"self":[{"href":"https:\/\/fundacionrafanadal.quelinka.es\/en\/wp-json\/wp\/v2\/pages\/17900","targetHints":{"allow":["GET"]}}],"collection":[{"href":"https:\/\/fundacionrafanadal.quelinka.es\/en\/wp-json\/wp\/v2\/pages"}],"about":[{"href":"https:\/\/fundacionrafanadal.quelinka.es\/en\/wp-json\/wp\/v2\/types\/page"}],"author":[{"embeddable":true,"href":"https:\/\/fundacionrafanadal.quelinka.es\/en\/wp-json\/wp\/v2\/users\/1"}],"replies":[{"embeddable":true,"href":"https:\/\/fundacionrafanadal.quelinka.es\/en\/wp-json\/wp\/v2\/comments?post=17900"}],"version-history":[{"count":1,"href":"https:\/\/fundacionrafanadal.quelinka.es\/en\/wp-json\/wp\/v2\/pages\/17900\/revisions"}],"predecessor-version":[{"id":17920,"href":"https:\/\/fundacionrafanadal.quelinka.es\/en\/wp-json\/wp\/v2\/pages\/17900\/revisions\/17920"}],"up":[{"embeddable":true,"href":"https:\/\/fundacionrafanadal.quelinka.es\/en\/wp-json\/wp\/v2\/pages\/15131"}],"wp:featuredmedia":[{"embeddable":true,"href":"https:\/\/fundacionrafanadal.quelinka.es\/en\/wp-json\/wp\/v2\/media\/17914"}],"wp:attachment":[{"href":"https:\/\/fundacionrafanadal.quelinka.es\/en\/wp-json\/wp\/v2\/media?parent=17900"}],"curies":[{"name":"wp","href":"https:\/\/api.w.org\/{rel}","templated":true}]}}