{"id":18029,"date":"2023-10-27T10:17:26","date_gmt":"2023-10-27T10:17:26","guid":{"rendered":"https:\/\/www.fundacionrafanadal.org\/?page_id=18029"},"modified":"2023-10-27T10:21:42","modified_gmt":"2023-10-27T10:21:42","slug":"launch-of-the-tenth-edition-of-the-studyplay-scholarship-program-nearly-a-decade-of-dreams-fulfilled","status":"publish","type":"page","link":"https:\/\/fundacionrafanadal.quelinka.es\/en\/get-to-know\/news\/news-2023\/launch-of-the-tenth-edition-of-the-studyplay-scholarship-program-nearly-a-decade-of-dreams-fulfilled\/","title":{"rendered":"Launch of the Tenth Edition of the Study&amp;Play Scholarship Program: Nearly a Decade of Dreams Fulfilled"},"content":{"rendered":"\n<div class=\"wp-block-media-text alignfull is-stacked-on-mobile is-image-fill has-background\" style=\"background-color:#ddac31\"><figure class=\"wp-block-media-text__media\" style=\"background-image:url(https:\/\/www.fundacionrafanadal.quelinka.es\/wp-content\/uploads\/2022\/07\/ISM08879.png);background-position:50% 50%\"><img loading=\"lazy\" decoding=\"async\" width=\"900\" height=\"399\" src=\"https:\/\/www.fundacionrafanadal.quelinka.es\/wp-content\/uploads\/2022\/07\/ISM08879.png\" alt=\"\" class=\"wp-image-9879 size-full\" srcset=\"https:\/\/fundacionrafanadal.quelinka.es\/wp-content\/uploads\/2022\/07\/ISM08879.png 900w, https:\/\/fundacionrafanadal.quelinka.es\/wp-content\/uploads\/2022\/07\/ISM08879-300x133.png 300w, https:\/\/fundacionrafanadal.quelinka.es\/wp-content\/uploads\/2022\/07\/ISM08879-768x340.png 768w\" sizes=\"auto, (max-width: 900px) 100vw, 900px\" \/><\/figure><div class=\"wp-block-media-text__content\">\n<div style=\"height:30px\" aria-hidden=\"true\" class=\"wp-block-spacer\"><\/div>\n\n\n\n<h2 class=\"has-ast-global-color-5-color has-text-color wp-block-heading\" style=\"font-size:48px\"><strong>News<\/strong><\/h2>\n\n\n\n<div style=\"height:200px\" aria-hidden=\"true\" class=\"wp-block-spacer\"><\/div>\n<\/div><\/div>\n\n<div style=\"height:50px\" aria-hidden=\"true\" class=\"wp-block-spacer\"><\/div>\n\n<div class=\"inherit-container-width wp-block-group is-layout-constrained wp-block-group-is-layout-constrained\"><div class=\"wp-block-group__inner-container\">\n<div class=\"inherit-container-width wp-block-group is-layout-constrained wp-block-group-is-layout-constrained\"><div class=\"wp-block-group__inner-container\"><div class=\"wp-block-post-date\"><time datetime=\"2023-10-27T10:17:26+02:00\">27 de October de 2023<\/time><\/div>\n\n\n<h2 class=\"wp-block-heading has-medium-font-size\" style=\"text-transform:uppercase\"><strong>LANZAMIENTO DE LA D\u00c9CIMA EDICI\u00d3N DEL PROGRAMA DE BECAS STUDY&amp;PLAY. CASI UNA D\u00c9CADA DE SUE\u00d1OS CUMPLIDOS<\/strong><\/h2>\n\n\n\n<figure class=\"wp-block-image alignwide size-full\"><img loading=\"lazy\" decoding=\"async\" width=\"744\" height=\"595\" src=\"https:\/\/www.fundacionrafanadal.quelinka.es\/wp-content\/uploads\/2023\/10\/SP_PORTADA_ok.png\" alt=\"\" class=\"wp-image-18037\" srcset=\"https:\/\/fundacionrafanadal.quelinka.es\/wp-content\/uploads\/2023\/10\/SP_PORTADA_ok.png 744w, https:\/\/fundacionrafanadal.quelinka.es\/wp-content\/uploads\/2023\/10\/SP_PORTADA_ok-300x240.png 300w\" sizes=\"auto, (max-width: 744px) 100vw, 744px\" \/><\/figure>\n\n\n\n<p>La Fundaci\u00f3n Rafa Nadal, en colaboraci\u00f3n con I-Con Sports, se enorgullece de anunciar el lanzamiento de la d\u00e9cima edici\u00f3n del Programa de Becas Study&amp;Play. Durante casi una d\u00e9cada, este programa ha brindado a decenas de j\u00f3venes espa\u00f1oles la oportunidad de combinar deporte con estudios universitarios en Estados Unidos.<\/p>\n\n\n\n<p>Study &amp; Play naci\u00f3 en 2015 como resultado de la colaboraci\u00f3n entre la Fundaci\u00f3n Rafa Nadal y I-Con Sports.<\/p>\n\n\n\n<p>El prop\u00f3sito fundamental de Study&amp;Play es enriquecer tanto el presente como el futuro de estos j\u00f3venes talentos, brind\u00e1ndoles la oportunidad de evitar la complicada decisi\u00f3n de elegir entre sus aspiraciones acad\u00e9micas o su carrera deportiva de alto nivel.<\/p>\n\n\n\n<p>El programa de becas proporciona apoyo econ\u00f3mico para que estos j\u00f3venes deportistas inicien su recorrido en Estados Unidos. Adem\u00e1s de ofrecer consultor\u00eda gratuita para optar a una beca deportiva, la Fundaci\u00f3n Rafa Nadal concede ayudas adicionales a estudiantes que no obtienen la totalidad de la beca universitaria debido a su situaci\u00f3n econ\u00f3mica y familiar.<\/p>\n\n\n\n<p>El respaldo y asesoramiento de I-Con Sports permite a las familias y estudiantes encontrar las mejores universidades y opciones, teniendo en cuenta sus perfiles deportivos y acad\u00e9micos.<\/p>\n\n\n\n<p>Cada a\u00f1o, la Fundaci\u00f3n Rafa Nadal y I-Con Sports organizan una ceremonia de entrega de becas que cuenta con la presencia de los deportistas becados y sus familias. En esta edici\u00f3n, se ha dado la bienvenida a 30 j\u00f3venes promesas de deportes como tenis, baloncesto, voleibol, f\u00fatbol, atletismo y otros, que comenzar\u00e1n sus carreras en Estados Unidos durante el curso 2022\/23.<\/p>\n\n\n\n<p>Desde su inicio en 2015, la Fundaci\u00f3n Rafa Nadal ha otorgado m\u00e1s de 175 becas, con una ayuda media de 5.000\u20ac por alumno y una inversi\u00f3n total de m\u00e1s de 700.000\u20ac en este programa, marcando un impacto duradero en las vidas de estos j\u00f3venes talentos.<\/p>\n\n\n\n<p><strong>Declaraciones de los l\u00edderes del programa:<\/strong><\/p>\n\n\n\n<p>Jos\u00e9 Antonio Ruiz, director adjunto de la Fundaci\u00f3n Rafa Nadal, expres\u00f3: <em>&#8220;Desde la Fundaci\u00f3n Rafa Nadal estamos felices de apoyar a tantos j\u00f3venes deportistas para que contin\u00faen con sus estudios superiores. Con el programa Study&amp;Play les ofrecemos la posibilidad de que puedan continuar su carrera acad\u00e9mica sin renunciar a su carrera deportiva. Esto es muy importante, porque cuantas m\u00e1s opciones tengan ahora, m\u00e1s posibilidades tendr\u00e1n de alcanzar sus objetivos futuros.&#8221;<\/em><\/p>\n\n\n\n<p>Marc Becker, director de I-Con Sports, se\u00f1al\u00f3: <em>&#8220;El programa Study&amp;Play puede tener un impacto significativo en la vida de los j\u00f3venes deportistas, ya que les permite perseguir sus sue\u00f1os deportivos sin descuidar su formaci\u00f3n acad\u00e9mica. Adem\u00e1s, este proyecto brinda un apoyo econ\u00f3mico valioso que ayuda a aliviar la carga financiera que conlleva la educaci\u00f3n y el deporte de alto rendimiento.&#8221;<\/em><\/p>\n\n\n\n<p>Si cumples con los requisitos y est\u00e1s interesado en solicitar una beca para estudiar y competir en una universidad americana, te invitamos a ponerte en contacto con Icon-Sports. Cada perfil ser\u00e1 evaluado de forma individual, y se brindar\u00e1 apoyo a aquellos que demuestren pasi\u00f3n y potencial en ambos \u00e1mbitos.<\/p>\n\n\n\n<p><a href=\"https:\/\/i-consports.com\/study-and-play\/\">Formulario de contacto Study&amp;Play<\/a><\/p>\n<\/div><\/div>\n<\/div><\/div>\n","protected":false},"excerpt":{"rendered":"<p>LANZAMIENTO DE LA D\u00c9CIMA EDICI\u00d3N DEL PROGRAMA DE BECAS STUDY&amp;PLAY. CASI UNA D\u00c9CADA DE SUE\u00d1OS CUMPLIDOS La Fundaci\u00f3n Rafa Nadal, en colaboraci\u00f3n con I-Con Sports, se enorgullece de anunciar el lanzamiento de la d\u00e9cima edici\u00f3n del Programa de Becas Study&amp;Play. Durante casi una d\u00e9cada, este programa ha brindado a decenas de j\u00f3venes espa\u00f1oles la oportunidad [&hellip;]<\/p>\n","protected":false},"author":1,"featured_media":18039,"parent":15131,"menu_order":-2,"comment_status":"closed","ping_status":"closed","template":"","meta":{"_acf_changed":false,"give_campaign_id":0,"_monsterinsights_skip_tracking":false,"_monsterinsights_sitenote_active":false,"_monsterinsights_sitenote_note":"","_monsterinsights_sitenote_category":0,"site-sidebar-layout":"default","site-content-layout":"","ast-site-content-layout":"default","site-content-style":"default","site-sidebar-style":"default","ast-global-header-display":"","ast-banner-title-visibility":"","ast-main-header-display":"","ast-hfb-above-header-display":"","ast-hfb-below-header-display":"","ast-hfb-mobile-header-display":"","site-post-title":"disabled","ast-breadcrumbs-content":"","ast-featured-img":"disabled","footer-sml-layout":"","ast-disable-related-posts":"","theme-transparent-header-meta":"","adv-header-id-meta":"","stick-header-meta":"","header-above-stick-meta":"","header-main-stick-meta":"","header-below-stick-meta":"","astra-migrate-meta-layouts":"default","ast-page-background-enabled":"default","ast-page-background-meta":{"desktop":{"background-color":"var(--ast-global-color-4)","background-image":"","background-repeat":"repeat","background-position":"center center","background-size":"auto","background-attachment":"scroll","background-type":"","background-media":"","overlay-type":"","overlay-color":"","overlay-opacity":"","overlay-gradient":""},"tablet":{"background-color":"","background-image":"","background-repeat":"repeat","background-position":"center center","background-size":"auto","background-attachment":"scroll","background-type":"","background-media":"","overlay-type":"","overlay-color":"","overlay-opacity":"","overlay-gradient":""},"mobile":{"background-color":"","background-image":"","background-repeat":"repeat","background-position":"center center","background-size":"auto","background-attachment":"scroll","background-type":"","background-media":"","overlay-type":"","overlay-color":"","overlay-opacity":"","overlay-gradient":""}},"ast-content-background-meta":{"desktop":{"background-color":"var(--ast-global-color-5)","background-image":"","background-repeat":"repeat","background-position":"center center","background-size":"auto","background-attachment":"scroll","background-type":"","background-media":"","overlay-type":"","overlay-color":"","overlay-opacity":"","overlay-gradient":""},"tablet":{"background-color":"var(--ast-global-color-5)","background-image":"","background-repeat":"repeat","background-position":"center center","background-size":"auto","background-attachment":"scroll","background-type":"","background-media":"","overlay-type":"","overlay-color":"","overlay-opacity":"","overlay-gradient":""},"mobile":{"background-color":"var(--ast-global-color-5)","background-image":"","background-repeat":"repeat","background-position":"center center","background-size":"auto","background-attachment":"scroll","background-type":"","background-media":"","overlay-type":"","overlay-color":"","overlay-opacity":"","overlay-gradient":""}},"_themeisle_gutenberg_block_has_review":false,"footnotes":""},"class_list":["post-18029","page","type-page","status-publish","has-post-thumbnail","hentry"],"acf":[],"yoast_head":"<!-- This site is optimized with the Yoast SEO plugin v26.8 - https:\/\/yoast.com\/product\/yoast-seo-wordpress\/ -->\n<title>Launch of the Tenth Edition of the Study&amp;Play Scholarship Program: Nearly a Decade of Dreams Fulfilled - Fundaci\u00f3n Rafa Nadal<\/title>\n<meta name=\"robots\" content=\"noindex, follow, max-snippet:-1, max-image-preview:large, max-video-preview:-1\" \/>\n<meta property=\"og:locale\" content=\"en_US\" \/>\n<meta property=\"og:type\" content=\"article\" \/>\n<meta property=\"og:title\" content=\"Launch of the Tenth Edition of the Study&amp;Play Scholarship Program: Nearly a Decade of Dreams Fulfilled - Fundaci\u00f3n Rafa Nadal\" \/>\n<meta property=\"og:description\" content=\"LANZAMIENTO DE LA D\u00c9CIMA EDICI\u00d3N DEL PROGRAMA DE BECAS STUDY&amp;PLAY. CASI UNA D\u00c9CADA DE SUE\u00d1OS CUMPLIDOS La Fundaci\u00f3n Rafa Nadal, en colaboraci\u00f3n con I-Con Sports, se enorgullece de anunciar el lanzamiento de la d\u00e9cima edici\u00f3n del Programa de Becas Study&amp;Play. Durante casi una d\u00e9cada, este programa ha brindado a decenas de j\u00f3venes espa\u00f1oles la oportunidad [&hellip;]\" \/>\n<meta property=\"og:url\" content=\"https:\/\/fundacionrafanadal.quelinka.es\/en\/get-to-know\/news\/news-2023\/launch-of-the-tenth-edition-of-the-studyplay-scholarship-program-nearly-a-decade-of-dreams-fulfilled\/\" \/>\n<meta property=\"og:site_name\" content=\"Fundaci\u00f3n Rafa Nadal\" \/>\n<meta property=\"article:modified_time\" content=\"2023-10-27T10:21:42+00:00\" \/>\n<meta property=\"og:image\" content=\"https:\/\/fundacionrafanadal.quelinka.es\/wp-content\/uploads\/2023\/10\/SP_PORTADA_ok.png\" \/>\n\t<meta property=\"og:image:width\" content=\"744\" \/>\n\t<meta property=\"og:image:height\" content=\"595\" \/>\n\t<meta property=\"og:image:type\" content=\"image\/png\" \/>\n<meta name=\"twitter:card\" content=\"summary_large_image\" \/>\n<meta name=\"twitter:label1\" content=\"Est. reading time\" \/>\n\t<meta name=\"twitter:data1\" content=\"3 minutes\" \/>\n<script type=\"application\/ld+json\" class=\"yoast-schema-graph\">{\"@context\":\"https:\/\/schema.org\",\"@graph\":[{\"@type\":\"WebPage\",\"@id\":\"https:\/\/fundacionrafanadal.quelinka.es\/en\/get-to-know\/news\/news-2023\/launch-of-the-tenth-edition-of-the-studyplay-scholarship-program-nearly-a-decade-of-dreams-fulfilled\/\",\"url\":\"https:\/\/fundacionrafanadal.quelinka.es\/en\/get-to-know\/news\/news-2023\/launch-of-the-tenth-edition-of-the-studyplay-scholarship-program-nearly-a-decade-of-dreams-fulfilled\/\",\"name\":\"Launch of the Tenth Edition of the Study&amp;Play Scholarship Program: Nearly a Decade of Dreams Fulfilled - Fundaci\u00f3n Rafa Nadal\",\"isPartOf\":{\"@id\":\"https:\/\/fundacionrafanadal.quelinka.es\/en\/#website\"},\"primaryImageOfPage\":{\"@id\":\"https:\/\/fundacionrafanadal.quelinka.es\/en\/get-to-know\/news\/news-2023\/launch-of-the-tenth-edition-of-the-studyplay-scholarship-program-nearly-a-decade-of-dreams-fulfilled\/#primaryimage\"},\"image\":{\"@id\":\"https:\/\/fundacionrafanadal.quelinka.es\/en\/get-to-know\/news\/news-2023\/launch-of-the-tenth-edition-of-the-studyplay-scholarship-program-nearly-a-decade-of-dreams-fulfilled\/#primaryimage\"},\"thumbnailUrl\":\"https:\/\/fundacionrafanadal.quelinka.es\/wp-content\/uploads\/2023\/10\/SP_PORTADA_ok.png\",\"datePublished\":\"2023-10-27T10:17:26+00:00\",\"dateModified\":\"2023-10-27T10:21:42+00:00\",\"breadcrumb\":{\"@id\":\"https:\/\/fundacionrafanadal.quelinka.es\/en\/get-to-know\/news\/news-2023\/launch-of-the-tenth-edition-of-the-studyplay-scholarship-program-nearly-a-decade-of-dreams-fulfilled\/#breadcrumb\"},\"inLanguage\":\"en-US\",\"potentialAction\":[{\"@type\":\"ReadAction\",\"target\":[\"https:\/\/fundacionrafanadal.quelinka.es\/en\/get-to-know\/news\/news-2023\/launch-of-the-tenth-edition-of-the-studyplay-scholarship-program-nearly-a-decade-of-dreams-fulfilled\/\"]}]},{\"@type\":\"ImageObject\",\"inLanguage\":\"en-US\",\"@id\":\"https:\/\/fundacionrafanadal.quelinka.es\/en\/get-to-know\/news\/news-2023\/launch-of-the-tenth-edition-of-the-studyplay-scholarship-program-nearly-a-decade-of-dreams-fulfilled\/#primaryimage\",\"url\":\"https:\/\/fundacionrafanadal.quelinka.es\/wp-content\/uploads\/2023\/10\/SP_PORTADA_ok.png\",\"contentUrl\":\"https:\/\/fundacionrafanadal.quelinka.es\/wp-content\/uploads\/2023\/10\/SP_PORTADA_ok.png\",\"width\":744,\"height\":595},{\"@type\":\"BreadcrumbList\",\"@id\":\"https:\/\/fundacionrafanadal.quelinka.es\/en\/get-to-know\/news\/news-2023\/launch-of-the-tenth-edition-of-the-studyplay-scholarship-program-nearly-a-decade-of-dreams-fulfilled\/#breadcrumb\",\"itemListElement\":[{\"@type\":\"ListItem\",\"position\":1,\"name\":\"Portada\",\"item\":\"https:\/\/fundacionrafanadal.quelinka.es\/en\/\"},{\"@type\":\"ListItem\",\"position\":2,\"name\":\"Get to know!\",\"item\":\"https:\/\/fundacionrafanadal.quelinka.es\/en\/conocenos\/\"},{\"@type\":\"ListItem\",\"position\":3,\"name\":\"News\",\"item\":\"https:\/\/fundacionrafanadal.quelinka.es\/en\/conocenos\/noticias\/\"},{\"@type\":\"ListItem\",\"position\":4,\"name\":\"News 2023\",\"item\":\"https:\/\/fundacionrafanadal.quelinka.es\/en\/conocenos\/noticias\/noticias-2022-2\/\"},{\"@type\":\"ListItem\",\"position\":5,\"name\":\"Launch of the Tenth Edition of the Study&amp;Play Scholarship Program: Nearly a Decade of Dreams Fulfilled\"}]},{\"@type\":\"WebSite\",\"@id\":\"https:\/\/fundacionrafanadal.quelinka.es\/en\/#website\",\"url\":\"https:\/\/fundacionrafanadal.quelinka.es\/en\/\",\"name\":\"Fundaci\u00f3n Rafa Nadal\",\"description\":\"A trav\u00e9s del deporte y la educaci\u00f3n, promovemos la integraci\u00f3n y el desarrollo personal y social de ni\u00f1os y j\u00f3venes. En Espa\u00f1a y la India.\",\"publisher\":{\"@id\":\"https:\/\/fundacionrafanadal.quelinka.es\/en\/#organization\"},\"potentialAction\":[{\"@type\":\"SearchAction\",\"target\":{\"@type\":\"EntryPoint\",\"urlTemplate\":\"https:\/\/fundacionrafanadal.quelinka.es\/en\/?s={search_term_string}\"},\"query-input\":{\"@type\":\"PropertyValueSpecification\",\"valueRequired\":true,\"valueName\":\"search_term_string\"}}],\"inLanguage\":\"en-US\"},{\"@type\":\"Organization\",\"@id\":\"https:\/\/fundacionrafanadal.quelinka.es\/en\/#organization\",\"name\":\"Fundaci\u00f3n Rafa Nadal\",\"url\":\"https:\/\/fundacionrafanadal.quelinka.es\/en\/\",\"logo\":{\"@type\":\"ImageObject\",\"inLanguage\":\"en-US\",\"@id\":\"https:\/\/fundacionrafanadal.quelinka.es\/en\/#\/schema\/logo\/image\/\",\"url\":\"https:\/\/fundacionrafanadal.quelinka.es\/wp-content\/uploads\/2022\/09\/logo-frn-web-3.png\",\"contentUrl\":\"https:\/\/fundacionrafanadal.quelinka.es\/wp-content\/uploads\/2022\/09\/logo-frn-web-3.png\",\"width\":551,\"height\":140,\"caption\":\"Fundaci\u00f3n Rafa Nadal\"},\"image\":{\"@id\":\"https:\/\/fundacionrafanadal.quelinka.es\/en\/#\/schema\/logo\/image\/\"}}]}<\/script>\n<!-- \/ Yoast SEO plugin. -->","yoast_head_json":{"title":"Launch of the Tenth Edition of the Study&amp;Play Scholarship Program: Nearly a Decade of Dreams Fulfilled - Fundaci\u00f3n Rafa Nadal","robots":{"index":"noindex","follow":"follow","max-snippet":"max-snippet:-1","max-image-preview":"max-image-preview:large","max-video-preview":"max-video-preview:-1"},"og_locale":"en_US","og_type":"article","og_title":"Launch of the Tenth Edition of the Study&amp;Play Scholarship Program: Nearly a Decade of Dreams Fulfilled - Fundaci\u00f3n Rafa Nadal","og_description":"LANZAMIENTO DE LA D\u00c9CIMA EDICI\u00d3N DEL PROGRAMA DE BECAS STUDY&amp;PLAY. CASI UNA D\u00c9CADA DE SUE\u00d1OS CUMPLIDOS La Fundaci\u00f3n Rafa Nadal, en colaboraci\u00f3n con I-Con Sports, se enorgullece de anunciar el lanzamiento de la d\u00e9cima edici\u00f3n del Programa de Becas Study&amp;Play. Durante casi una d\u00e9cada, este programa ha brindado a decenas de j\u00f3venes espa\u00f1oles la oportunidad [&hellip;]","og_url":"https:\/\/fundacionrafanadal.quelinka.es\/en\/get-to-know\/news\/news-2023\/launch-of-the-tenth-edition-of-the-studyplay-scholarship-program-nearly-a-decade-of-dreams-fulfilled\/","og_site_name":"Fundaci\u00f3n Rafa Nadal","article_modified_time":"2023-10-27T10:21:42+00:00","og_image":[{"width":744,"height":595,"url":"https:\/\/fundacionrafanadal.quelinka.es\/wp-content\/uploads\/2023\/10\/SP_PORTADA_ok.png","type":"image\/png"}],"twitter_card":"summary_large_image","twitter_misc":{"Est. reading time":"3 minutes"},"schema":{"@context":"https:\/\/schema.org","@graph":[{"@type":"WebPage","@id":"https:\/\/fundacionrafanadal.quelinka.es\/en\/get-to-know\/news\/news-2023\/launch-of-the-tenth-edition-of-the-studyplay-scholarship-program-nearly-a-decade-of-dreams-fulfilled\/","url":"https:\/\/fundacionrafanadal.quelinka.es\/en\/get-to-know\/news\/news-2023\/launch-of-the-tenth-edition-of-the-studyplay-scholarship-program-nearly-a-decade-of-dreams-fulfilled\/","name":"Launch of the Tenth Edition of the Study&amp;Play Scholarship Program: Nearly a Decade of Dreams Fulfilled - Fundaci\u00f3n Rafa Nadal","isPartOf":{"@id":"https:\/\/fundacionrafanadal.quelinka.es\/en\/#website"},"primaryImageOfPage":{"@id":"https:\/\/fundacionrafanadal.quelinka.es\/en\/get-to-know\/news\/news-2023\/launch-of-the-tenth-edition-of-the-studyplay-scholarship-program-nearly-a-decade-of-dreams-fulfilled\/#primaryimage"},"image":{"@id":"https:\/\/fundacionrafanadal.quelinka.es\/en\/get-to-know\/news\/news-2023\/launch-of-the-tenth-edition-of-the-studyplay-scholarship-program-nearly-a-decade-of-dreams-fulfilled\/#primaryimage"},"thumbnailUrl":"https:\/\/fundacionrafanadal.quelinka.es\/wp-content\/uploads\/2023\/10\/SP_PORTADA_ok.png","datePublished":"2023-10-27T10:17:26+00:00","dateModified":"2023-10-27T10:21:42+00:00","breadcrumb":{"@id":"https:\/\/fundacionrafanadal.quelinka.es\/en\/get-to-know\/news\/news-2023\/launch-of-the-tenth-edition-of-the-studyplay-scholarship-program-nearly-a-decade-of-dreams-fulfilled\/#breadcrumb"},"inLanguage":"en-US","potentialAction":[{"@type":"ReadAction","target":["https:\/\/fundacionrafanadal.quelinka.es\/en\/get-to-know\/news\/news-2023\/launch-of-the-tenth-edition-of-the-studyplay-scholarship-program-nearly-a-decade-of-dreams-fulfilled\/"]}]},{"@type":"ImageObject","inLanguage":"en-US","@id":"https:\/\/fundacionrafanadal.quelinka.es\/en\/get-to-know\/news\/news-2023\/launch-of-the-tenth-edition-of-the-studyplay-scholarship-program-nearly-a-decade-of-dreams-fulfilled\/#primaryimage","url":"https:\/\/fundacionrafanadal.quelinka.es\/wp-content\/uploads\/2023\/10\/SP_PORTADA_ok.png","contentUrl":"https:\/\/fundacionrafanadal.quelinka.es\/wp-content\/uploads\/2023\/10\/SP_PORTADA_ok.png","width":744,"height":595},{"@type":"BreadcrumbList","@id":"https:\/\/fundacionrafanadal.quelinka.es\/en\/get-to-know\/news\/news-2023\/launch-of-the-tenth-edition-of-the-studyplay-scholarship-program-nearly-a-decade-of-dreams-fulfilled\/#breadcrumb","itemListElement":[{"@type":"ListItem","position":1,"name":"Portada","item":"https:\/\/fundacionrafanadal.quelinka.es\/en\/"},{"@type":"ListItem","position":2,"name":"Get to know!","item":"https:\/\/fundacionrafanadal.quelinka.es\/en\/conocenos\/"},{"@type":"ListItem","position":3,"name":"News","item":"https:\/\/fundacionrafanadal.quelinka.es\/en\/conocenos\/noticias\/"},{"@type":"ListItem","position":4,"name":"News 2023","item":"https:\/\/fundacionrafanadal.quelinka.es\/en\/conocenos\/noticias\/noticias-2022-2\/"},{"@type":"ListItem","position":5,"name":"Launch of the Tenth Edition of the Study&amp;Play Scholarship Program: Nearly a Decade of Dreams Fulfilled"}]},{"@type":"WebSite","@id":"https:\/\/fundacionrafanadal.quelinka.es\/en\/#website","url":"https:\/\/fundacionrafanadal.quelinka.es\/en\/","name":"Fundaci\u00f3n Rafa Nadal","description":"A trav\u00e9s del deporte y la educaci\u00f3n, promovemos la integraci\u00f3n y el desarrollo personal y social de ni\u00f1os y j\u00f3venes. En Espa\u00f1a y la India.","publisher":{"@id":"https:\/\/fundacionrafanadal.quelinka.es\/en\/#organization"},"potentialAction":[{"@type":"SearchAction","target":{"@type":"EntryPoint","urlTemplate":"https:\/\/fundacionrafanadal.quelinka.es\/en\/?s={search_term_string}"},"query-input":{"@type":"PropertyValueSpecification","valueRequired":true,"valueName":"search_term_string"}}],"inLanguage":"en-US"},{"@type":"Organization","@id":"https:\/\/fundacionrafanadal.quelinka.es\/en\/#organization","name":"Fundaci\u00f3n Rafa Nadal","url":"https:\/\/fundacionrafanadal.quelinka.es\/en\/","logo":{"@type":"ImageObject","inLanguage":"en-US","@id":"https:\/\/fundacionrafanadal.quelinka.es\/en\/#\/schema\/logo\/image\/","url":"https:\/\/fundacionrafanadal.quelinka.es\/wp-content\/uploads\/2022\/09\/logo-frn-web-3.png","contentUrl":"https:\/\/fundacionrafanadal.quelinka.es\/wp-content\/uploads\/2022\/09\/logo-frn-web-3.png","width":551,"height":140,"caption":"Fundaci\u00f3n Rafa Nadal"},"image":{"@id":"https:\/\/fundacionrafanadal.quelinka.es\/en\/#\/schema\/logo\/image\/"}}]}},"campaignId":"","_links":{"self":[{"href":"https:\/\/fundacionrafanadal.quelinka.es\/en\/wp-json\/wp\/v2\/pages\/18029","targetHints":{"allow":["GET"]}}],"collection":[{"href":"https:\/\/fundacionrafanadal.quelinka.es\/en\/wp-json\/wp\/v2\/pages"}],"about":[{"href":"https:\/\/fundacionrafanadal.quelinka.es\/en\/wp-json\/wp\/v2\/types\/page"}],"author":[{"embeddable":true,"href":"https:\/\/fundacionrafanadal.quelinka.es\/en\/wp-json\/wp\/v2\/users\/1"}],"replies":[{"embeddable":true,"href":"https:\/\/fundacionrafanadal.quelinka.es\/en\/wp-json\/wp\/v2\/comments?post=18029"}],"version-history":[{"count":3,"href":"https:\/\/fundacionrafanadal.quelinka.es\/en\/wp-json\/wp\/v2\/pages\/18029\/revisions"}],"predecessor-version":[{"id":18043,"href":"https:\/\/fundacionrafanadal.quelinka.es\/en\/wp-json\/wp\/v2\/pages\/18029\/revisions\/18043"}],"up":[{"embeddable":true,"href":"https:\/\/fundacionrafanadal.quelinka.es\/en\/wp-json\/wp\/v2\/pages\/15131"}],"wp:featuredmedia":[{"embeddable":true,"href":"https:\/\/fundacionrafanadal.quelinka.es\/en\/wp-json\/wp\/v2\/media\/18039"}],"wp:attachment":[{"href":"https:\/\/fundacionrafanadal.quelinka.es\/en\/wp-json\/wp\/v2\/media?parent=18029"}],"curies":[{"name":"wp","href":"https:\/\/api.w.org\/{rel}","templated":true}]}}