{"id":18645,"date":"2023-11-23T11:40:40","date_gmt":"2023-11-23T11:40:40","guid":{"rendered":"https:\/\/www.fundacionrafanadal.org\/?page_id=18645"},"modified":"2023-11-23T11:40:56","modified_gmt":"2023-11-23T11:40:56","slug":"the-rafa-nadal-foundation-takes-part-in-the-education-beyond-the-classroom-day-by-the-pere-tarres-foundation","status":"publish","type":"page","link":"https:\/\/fundacionrafanadal.quelinka.es\/en\/get-to-know\/news\/news-2023\/the-rafa-nadal-foundation-takes-part-in-the-education-beyond-the-classroom-day-by-the-pere-tarres-foundation\/","title":{"rendered":"The Rafa Nadal Foundation Takes Part in the &#8220;Education Beyond the Classroom Day\u201d by the Pere Tarr\u00e9s Foundation"},"content":{"rendered":"\n<div class=\"wp-block-media-text alignfull is-stacked-on-mobile is-image-fill has-background\" style=\"background-color:#ddac31\"><figure class=\"wp-block-media-text__media\" style=\"background-image:url(https:\/\/www.fundacionrafanadal.quelinka.es\/wp-content\/uploads\/2022\/07\/ISM08879.png);background-position:50% 50%\"><img loading=\"lazy\" decoding=\"async\" width=\"900\" height=\"399\" src=\"https:\/\/www.fundacionrafanadal.quelinka.es\/wp-content\/uploads\/2022\/07\/ISM08879.png\" alt=\"\" class=\"wp-image-9879 size-full\" srcset=\"https:\/\/fundacionrafanadal.quelinka.es\/wp-content\/uploads\/2022\/07\/ISM08879.png 900w, https:\/\/fundacionrafanadal.quelinka.es\/wp-content\/uploads\/2022\/07\/ISM08879-300x133.png 300w, https:\/\/fundacionrafanadal.quelinka.es\/wp-content\/uploads\/2022\/07\/ISM08879-768x340.png 768w\" sizes=\"auto, (max-width: 900px) 100vw, 900px\" \/><\/figure><div class=\"wp-block-media-text__content\">\n<div style=\"height:30px\" aria-hidden=\"true\" class=\"wp-block-spacer\"><\/div>\n\n\n\n<h2 class=\"has-ast-global-color-5-color has-text-color wp-block-heading\" style=\"font-size:48px\"><strong>News<\/strong><\/h2>\n\n\n\n<div style=\"height:200px\" aria-hidden=\"true\" class=\"wp-block-spacer\"><\/div>\n<\/div><\/div>\n\n<div style=\"height:50px\" aria-hidden=\"true\" class=\"wp-block-spacer\"><\/div>\n\n<div class=\"inherit-container-width wp-block-group is-layout-constrained wp-block-group-is-layout-constrained\"><div class=\"wp-block-group__inner-container\">\n<div class=\"inherit-container-width wp-block-group is-layout-constrained wp-block-group-is-layout-constrained\"><div class=\"wp-block-group__inner-container\"><div class=\"wp-block-post-date\"><time datetime=\"2023-11-23T11:40:40+02:00\">23 de November de 2023<\/time><\/div>\n\n\n<h2 class=\"wp-block-heading has-medium-font-size\" style=\"text-transform:uppercase\"><strong>LA FUNDACI\u00d3N RAFA NADAL PARTICIPA EN LA JORNADA<\/strong> <strong>&#8220;EDUCACI\u00d3N M\u00c1S ALL\u00c1 DEL AULA&#8221; DE LA FUNDACI\u00d3N PERE TARR\u00c9S<\/strong><\/h2>\n\n\n\n<figure class=\"wp-block-image alignwide size-full\"><img loading=\"lazy\" decoding=\"async\" width=\"1136\" height=\"909\" src=\"https:\/\/www.fundacionrafanadal.quelinka.es\/wp-content\/uploads\/2023\/11\/educacionmasalladelaula_noticia.png\" alt=\"\" class=\"wp-image-18646\" srcset=\"https:\/\/fundacionrafanadal.quelinka.es\/wp-content\/uploads\/2023\/11\/educacionmasalladelaula_noticia.png 1136w, https:\/\/fundacionrafanadal.quelinka.es\/wp-content\/uploads\/2023\/11\/educacionmasalladelaula_noticia-300x240.png 300w, https:\/\/fundacionrafanadal.quelinka.es\/wp-content\/uploads\/2023\/11\/educacionmasalladelaula_noticia-1024x819.png 1024w, https:\/\/fundacionrafanadal.quelinka.es\/wp-content\/uploads\/2023\/11\/educacionmasalladelaula_noticia-768x615.png 768w\" sizes=\"auto, (max-width: 1136px) 100vw, 1136px\" \/><\/figure>\n\n\n\n<h2 class=\"wp-block-heading\">El director del <strong><a href=\"https:\/\/www.fundacionrafanadal.quelinka.es\/que-hacemos\/proyectos\/centros-fundacion-rafa-nadal\/\">Centro Fundaci\u00f3n Rafa Nadal<\/a><\/strong> de Palma de Mallorca, I\u00f1igo Mart\u00ednez San Vicente Estibalez, tuvo el privilegio de participar en la jornada &#8220;Educaci\u00f3n m\u00e1s all\u00e1 del aula&#8221;, organizada por la Fundaci\u00f3n Pere Tarr\u00e9s en Palma de Mallorca.<\/h2>\n\n\n\n<p>Esta jornada se sumergi\u00f3 en la relevancia de la educaci\u00f3n fuera del entorno escolar y en el derecho de ni\u00f1os, ni\u00f1as y adolescentes a experimentar aprendizajes m\u00e1s all\u00e1 del horario escolar. Destac\u00f3 la necesidad de una educaci\u00f3n integral, conectando los aprendizajes en todos los \u00e1mbitos y momentos de la vida.<\/p>\n\n\n\n<p>El tiempo libre educativo, como las actividades extracurriculares y vacacionales, se consideran esenciales en la sociedad actual. Permiten a los j\u00f3venes participar en actividades motivadoras, relacionarse con nuevos c\u00edrculos sociales y adquirir aprendizajes vitales que complementan su formaci\u00f3n acad\u00e9mica.<\/p>\n\n\n\n<p>Durante la jornada, se presentaron diversas experiencias, herramientas y recursos pr\u00e1cticos de entidades e instituciones, centradas en una visi\u00f3n global del sistema educativo que coloca a la infancia en el centro, incluyendo oportunidades educativas m\u00e1s all\u00e1 del entorno escolar convencional.<\/p>\n\n\n\n<figure class=\"wp-block-image size-large\"><a href=\"https:\/\/www.diariodemallorca.es\/mallorca\/2023\/11\/23\/educacion-aulas-mejorar-oportunidades-94975621.html\"><img loading=\"lazy\" decoding=\"async\" width=\"799\" height=\"1024\" src=\"https:\/\/www.fundacionrafanadal.quelinka.es\/wp-content\/uploads\/2023\/11\/noticia-diario-mallorca-799x1024.png\" alt=\"\" class=\"wp-image-18652\" srcset=\"https:\/\/fundacionrafanadal.quelinka.es\/wp-content\/uploads\/2023\/11\/noticia-diario-mallorca-799x1024.png 799w, https:\/\/fundacionrafanadal.quelinka.es\/wp-content\/uploads\/2023\/11\/noticia-diario-mallorca-234x300.png 234w, https:\/\/fundacionrafanadal.quelinka.es\/wp-content\/uploads\/2023\/11\/noticia-diario-mallorca-768x984.png 768w, https:\/\/fundacionrafanadal.quelinka.es\/wp-content\/uploads\/2023\/11\/noticia-diario-mallorca.png 874w\" sizes=\"auto, (max-width: 799px) 100vw, 799px\" \/><\/a><\/figure>\n\n\n\n<p><strong>El programa incluy\u00f3 conferencias y mesas redondas, donde se abordaron experiencias educativas diversas con la participaci\u00f3n de Llu\u00eds Forteza- Rey, t\u00e9cnico de comunicaci\u00f3n en Espiral;\u00a0Manuel Blanco Mart\u00edn, director del IES Son Cladera;\u00a0M\u00aa Mar Gallego, directora del programa Nou Horitz\u00f3 de la Fundaci\u00f3 Proideba y de I\u00f1igo Mart\u00ednez &#8211; San Vicente, presentando el &#8220;Proyecto Educaci\u00f3n y Deporte de los Centros Fundaci\u00f3n Rafa Nadal&#8221;.<\/strong><\/p>\n\n\n\n<p>Este evento fue conducido por <strong>Marisa Go\u00f1i<\/strong>, directora del Diario de Mallorca e inaugurado por <strong>Josep Oriol Pujol<\/strong>, director de la Fundaci\u00f3 Pere Tarr\u00e9s, y concluy\u00f3 con un espacio de interacci\u00f3n entre los asistentes, enriqueciendo as\u00ed el di\u00e1logo y la colaboraci\u00f3n en pos de una educaci\u00f3n m\u00e1s integral y global.<\/p>\n<\/div><\/div>\n<\/div><\/div>\n","protected":false},"excerpt":{"rendered":"<p>LA FUNDACI\u00d3N RAFA NADAL PARTICIPA EN LA JORNADA &#8220;EDUCACI\u00d3N M\u00c1S ALL\u00c1 DEL AULA&#8221; DE LA FUNDACI\u00d3N PERE TARR\u00c9S El director del Centro Fundaci\u00f3n Rafa Nadal de Palma de Mallorca, I\u00f1igo Mart\u00ednez San Vicente Estibalez, tuvo el privilegio de participar en la jornada &#8220;Educaci\u00f3n m\u00e1s all\u00e1 del aula&#8221;, organizada por la Fundaci\u00f3n Pere Tarr\u00e9s en Palma [&hellip;]<\/p>\n","protected":false},"author":1,"featured_media":18648,"parent":15131,"menu_order":-2,"comment_status":"closed","ping_status":"closed","template":"","meta":{"_acf_changed":false,"give_campaign_id":0,"_monsterinsights_skip_tracking":false,"_monsterinsights_sitenote_active":false,"_monsterinsights_sitenote_note":"","_monsterinsights_sitenote_category":0,"site-sidebar-layout":"default","site-content-layout":"","ast-site-content-layout":"default","site-content-style":"default","site-sidebar-style":"default","ast-global-header-display":"","ast-banner-title-visibility":"","ast-main-header-display":"","ast-hfb-above-header-display":"","ast-hfb-below-header-display":"","ast-hfb-mobile-header-display":"","site-post-title":"disabled","ast-breadcrumbs-content":"","ast-featured-img":"disabled","footer-sml-layout":"","ast-disable-related-posts":"","theme-transparent-header-meta":"","adv-header-id-meta":"","stick-header-meta":"","header-above-stick-meta":"","header-main-stick-meta":"","header-below-stick-meta":"","astra-migrate-meta-layouts":"default","ast-page-background-enabled":"default","ast-page-background-meta":{"desktop":{"background-color":"var(--ast-global-color-4)","background-image":"","background-repeat":"repeat","background-position":"center center","background-size":"auto","background-attachment":"scroll","background-type":"","background-media":"","overlay-type":"","overlay-color":"","overlay-opacity":"","overlay-gradient":""},"tablet":{"background-color":"","background-image":"","background-repeat":"repeat","background-position":"center center","background-size":"auto","background-attachment":"scroll","background-type":"","background-media":"","overlay-type":"","overlay-color":"","overlay-opacity":"","overlay-gradient":""},"mobile":{"background-color":"","background-image":"","background-repeat":"repeat","background-position":"center center","background-size":"auto","background-attachment":"scroll","background-type":"","background-media":"","overlay-type":"","overlay-color":"","overlay-opacity":"","overlay-gradient":""}},"ast-content-background-meta":{"desktop":{"background-color":"var(--ast-global-color-5)","background-image":"","background-repeat":"repeat","background-position":"center center","background-size":"auto","background-attachment":"scroll","background-type":"","background-media":"","overlay-type":"","overlay-color":"","overlay-opacity":"","overlay-gradient":""},"tablet":{"background-color":"var(--ast-global-color-5)","background-image":"","background-repeat":"repeat","background-position":"center center","background-size":"auto","background-attachment":"scroll","background-type":"","background-media":"","overlay-type":"","overlay-color":"","overlay-opacity":"","overlay-gradient":""},"mobile":{"background-color":"var(--ast-global-color-5)","background-image":"","background-repeat":"repeat","background-position":"center center","background-size":"auto","background-attachment":"scroll","background-type":"","background-media":"","overlay-type":"","overlay-color":"","overlay-opacity":"","overlay-gradient":""}},"_themeisle_gutenberg_block_has_review":false,"footnotes":""},"class_list":["post-18645","page","type-page","status-publish","has-post-thumbnail","hentry"],"acf":[],"yoast_head":"<!-- This site is optimized with the Yoast SEO plugin v26.8 - https:\/\/yoast.com\/product\/yoast-seo-wordpress\/ -->\n<title>The Rafa Nadal Foundation Takes Part in the &quot;Education Beyond the Classroom Day\u201d by the Pere Tarr\u00e9s Foundation - Fundaci\u00f3n Rafa Nadal<\/title>\n<meta name=\"robots\" content=\"noindex, follow, max-snippet:-1, max-image-preview:large, max-video-preview:-1\" \/>\n<meta property=\"og:locale\" content=\"en_US\" \/>\n<meta property=\"og:type\" content=\"article\" \/>\n<meta property=\"og:title\" content=\"The Rafa Nadal Foundation Takes Part in the &quot;Education Beyond the Classroom Day\u201d by the Pere Tarr\u00e9s Foundation - Fundaci\u00f3n Rafa Nadal\" \/>\n<meta property=\"og:description\" content=\"LA FUNDACI\u00d3N RAFA NADAL PARTICIPA EN LA JORNADA &#8220;EDUCACI\u00d3N M\u00c1S ALL\u00c1 DEL AULA&#8221; DE LA FUNDACI\u00d3N PERE TARR\u00c9S El director del Centro Fundaci\u00f3n Rafa Nadal de Palma de Mallorca, I\u00f1igo Mart\u00ednez San Vicente Estibalez, tuvo el privilegio de participar en la jornada &#8220;Educaci\u00f3n m\u00e1s all\u00e1 del aula&#8221;, organizada por la Fundaci\u00f3n Pere Tarr\u00e9s en Palma [&hellip;]\" \/>\n<meta property=\"og:url\" content=\"https:\/\/fundacionrafanadal.quelinka.es\/en\/get-to-know\/news\/news-2023\/the-rafa-nadal-foundation-takes-part-in-the-education-beyond-the-classroom-day-by-the-pere-tarres-foundation\/\" \/>\n<meta property=\"og:site_name\" content=\"Fundaci\u00f3n Rafa Nadal\" \/>\n<meta property=\"article:modified_time\" content=\"2023-11-23T11:40:56+00:00\" \/>\n<meta property=\"og:image\" content=\"https:\/\/fundacionrafanadal.quelinka.es\/wp-content\/uploads\/2023\/11\/educacionmasalladelaula_noticia.png\" \/>\n\t<meta property=\"og:image:width\" content=\"1136\" \/>\n\t<meta property=\"og:image:height\" content=\"909\" \/>\n\t<meta property=\"og:image:type\" content=\"image\/png\" \/>\n<meta name=\"twitter:card\" content=\"summary_large_image\" \/>\n<meta name=\"twitter:label1\" content=\"Est. reading time\" \/>\n\t<meta name=\"twitter:data1\" content=\"3 minutes\" \/>\n<script type=\"application\/ld+json\" class=\"yoast-schema-graph\">{\"@context\":\"https:\/\/schema.org\",\"@graph\":[{\"@type\":\"WebPage\",\"@id\":\"https:\/\/fundacionrafanadal.quelinka.es\/en\/get-to-know\/news\/news-2023\/the-rafa-nadal-foundation-takes-part-in-the-education-beyond-the-classroom-day-by-the-pere-tarres-foundation\/\",\"url\":\"https:\/\/fundacionrafanadal.quelinka.es\/en\/get-to-know\/news\/news-2023\/the-rafa-nadal-foundation-takes-part-in-the-education-beyond-the-classroom-day-by-the-pere-tarres-foundation\/\",\"name\":\"The Rafa Nadal Foundation Takes Part in the \\\"Education Beyond the Classroom Day\u201d by the Pere Tarr\u00e9s Foundation - Fundaci\u00f3n Rafa Nadal\",\"isPartOf\":{\"@id\":\"https:\/\/fundacionrafanadal.quelinka.es\/en\/#website\"},\"primaryImageOfPage\":{\"@id\":\"https:\/\/fundacionrafanadal.quelinka.es\/en\/get-to-know\/news\/news-2023\/the-rafa-nadal-foundation-takes-part-in-the-education-beyond-the-classroom-day-by-the-pere-tarres-foundation\/#primaryimage\"},\"image\":{\"@id\":\"https:\/\/fundacionrafanadal.quelinka.es\/en\/get-to-know\/news\/news-2023\/the-rafa-nadal-foundation-takes-part-in-the-education-beyond-the-classroom-day-by-the-pere-tarres-foundation\/#primaryimage\"},\"thumbnailUrl\":\"https:\/\/fundacionrafanadal.quelinka.es\/wp-content\/uploads\/2023\/11\/educacionmasalladelaula_noticia.png\",\"datePublished\":\"2023-11-23T11:40:40+00:00\",\"dateModified\":\"2023-11-23T11:40:56+00:00\",\"breadcrumb\":{\"@id\":\"https:\/\/fundacionrafanadal.quelinka.es\/en\/get-to-know\/news\/news-2023\/the-rafa-nadal-foundation-takes-part-in-the-education-beyond-the-classroom-day-by-the-pere-tarres-foundation\/#breadcrumb\"},\"inLanguage\":\"en-US\",\"potentialAction\":[{\"@type\":\"ReadAction\",\"target\":[\"https:\/\/fundacionrafanadal.quelinka.es\/en\/get-to-know\/news\/news-2023\/the-rafa-nadal-foundation-takes-part-in-the-education-beyond-the-classroom-day-by-the-pere-tarres-foundation\/\"]}]},{\"@type\":\"ImageObject\",\"inLanguage\":\"en-US\",\"@id\":\"https:\/\/fundacionrafanadal.quelinka.es\/en\/get-to-know\/news\/news-2023\/the-rafa-nadal-foundation-takes-part-in-the-education-beyond-the-classroom-day-by-the-pere-tarres-foundation\/#primaryimage\",\"url\":\"https:\/\/fundacionrafanadal.quelinka.es\/wp-content\/uploads\/2023\/11\/educacionmasalladelaula_noticia.png\",\"contentUrl\":\"https:\/\/fundacionrafanadal.quelinka.es\/wp-content\/uploads\/2023\/11\/educacionmasalladelaula_noticia.png\",\"width\":1136,\"height\":909},{\"@type\":\"BreadcrumbList\",\"@id\":\"https:\/\/fundacionrafanadal.quelinka.es\/en\/get-to-know\/news\/news-2023\/the-rafa-nadal-foundation-takes-part-in-the-education-beyond-the-classroom-day-by-the-pere-tarres-foundation\/#breadcrumb\",\"itemListElement\":[{\"@type\":\"ListItem\",\"position\":1,\"name\":\"Portada\",\"item\":\"https:\/\/fundacionrafanadal.quelinka.es\/en\/\"},{\"@type\":\"ListItem\",\"position\":2,\"name\":\"Get to know!\",\"item\":\"https:\/\/fundacionrafanadal.quelinka.es\/en\/conocenos\/\"},{\"@type\":\"ListItem\",\"position\":3,\"name\":\"News\",\"item\":\"https:\/\/fundacionrafanadal.quelinka.es\/en\/conocenos\/noticias\/\"},{\"@type\":\"ListItem\",\"position\":4,\"name\":\"News 2023\",\"item\":\"https:\/\/fundacionrafanadal.quelinka.es\/en\/conocenos\/noticias\/noticias-2022-2\/\"},{\"@type\":\"ListItem\",\"position\":5,\"name\":\"The Rafa Nadal Foundation Takes Part in the &#8220;Education Beyond the Classroom Day\u201d by the Pere Tarr\u00e9s Foundation\"}]},{\"@type\":\"WebSite\",\"@id\":\"https:\/\/fundacionrafanadal.quelinka.es\/en\/#website\",\"url\":\"https:\/\/fundacionrafanadal.quelinka.es\/en\/\",\"name\":\"Fundaci\u00f3n Rafa Nadal\",\"description\":\"A trav\u00e9s del deporte y la educaci\u00f3n, promovemos la integraci\u00f3n y el desarrollo personal y social de ni\u00f1os y j\u00f3venes. En Espa\u00f1a y la India.\",\"publisher\":{\"@id\":\"https:\/\/fundacionrafanadal.quelinka.es\/en\/#organization\"},\"potentialAction\":[{\"@type\":\"SearchAction\",\"target\":{\"@type\":\"EntryPoint\",\"urlTemplate\":\"https:\/\/fundacionrafanadal.quelinka.es\/en\/?s={search_term_string}\"},\"query-input\":{\"@type\":\"PropertyValueSpecification\",\"valueRequired\":true,\"valueName\":\"search_term_string\"}}],\"inLanguage\":\"en-US\"},{\"@type\":\"Organization\",\"@id\":\"https:\/\/fundacionrafanadal.quelinka.es\/en\/#organization\",\"name\":\"Fundaci\u00f3n Rafa Nadal\",\"url\":\"https:\/\/fundacionrafanadal.quelinka.es\/en\/\",\"logo\":{\"@type\":\"ImageObject\",\"inLanguage\":\"en-US\",\"@id\":\"https:\/\/fundacionrafanadal.quelinka.es\/en\/#\/schema\/logo\/image\/\",\"url\":\"https:\/\/fundacionrafanadal.quelinka.es\/wp-content\/uploads\/2022\/09\/logo-frn-web-3.png\",\"contentUrl\":\"https:\/\/fundacionrafanadal.quelinka.es\/wp-content\/uploads\/2022\/09\/logo-frn-web-3.png\",\"width\":551,\"height\":140,\"caption\":\"Fundaci\u00f3n Rafa Nadal\"},\"image\":{\"@id\":\"https:\/\/fundacionrafanadal.quelinka.es\/en\/#\/schema\/logo\/image\/\"}}]}<\/script>\n<!-- \/ Yoast SEO plugin. -->","yoast_head_json":{"title":"The Rafa Nadal Foundation Takes Part in the \"Education Beyond the Classroom Day\u201d by the Pere Tarr\u00e9s Foundation - Fundaci\u00f3n Rafa Nadal","robots":{"index":"noindex","follow":"follow","max-snippet":"max-snippet:-1","max-image-preview":"max-image-preview:large","max-video-preview":"max-video-preview:-1"},"og_locale":"en_US","og_type":"article","og_title":"The Rafa Nadal Foundation Takes Part in the \"Education Beyond the Classroom Day\u201d by the Pere Tarr\u00e9s Foundation - Fundaci\u00f3n Rafa Nadal","og_description":"LA FUNDACI\u00d3N RAFA NADAL PARTICIPA EN LA JORNADA &#8220;EDUCACI\u00d3N M\u00c1S ALL\u00c1 DEL AULA&#8221; DE LA FUNDACI\u00d3N PERE TARR\u00c9S El director del Centro Fundaci\u00f3n Rafa Nadal de Palma de Mallorca, I\u00f1igo Mart\u00ednez San Vicente Estibalez, tuvo el privilegio de participar en la jornada &#8220;Educaci\u00f3n m\u00e1s all\u00e1 del aula&#8221;, organizada por la Fundaci\u00f3n Pere Tarr\u00e9s en Palma [&hellip;]","og_url":"https:\/\/fundacionrafanadal.quelinka.es\/en\/get-to-know\/news\/news-2023\/the-rafa-nadal-foundation-takes-part-in-the-education-beyond-the-classroom-day-by-the-pere-tarres-foundation\/","og_site_name":"Fundaci\u00f3n Rafa Nadal","article_modified_time":"2023-11-23T11:40:56+00:00","og_image":[{"width":1136,"height":909,"url":"https:\/\/fundacionrafanadal.quelinka.es\/wp-content\/uploads\/2023\/11\/educacionmasalladelaula_noticia.png","type":"image\/png"}],"twitter_card":"summary_large_image","twitter_misc":{"Est. reading time":"3 minutes"},"schema":{"@context":"https:\/\/schema.org","@graph":[{"@type":"WebPage","@id":"https:\/\/fundacionrafanadal.quelinka.es\/en\/get-to-know\/news\/news-2023\/the-rafa-nadal-foundation-takes-part-in-the-education-beyond-the-classroom-day-by-the-pere-tarres-foundation\/","url":"https:\/\/fundacionrafanadal.quelinka.es\/en\/get-to-know\/news\/news-2023\/the-rafa-nadal-foundation-takes-part-in-the-education-beyond-the-classroom-day-by-the-pere-tarres-foundation\/","name":"The Rafa Nadal Foundation Takes Part in the \"Education Beyond the Classroom Day\u201d by the Pere Tarr\u00e9s Foundation - Fundaci\u00f3n Rafa Nadal","isPartOf":{"@id":"https:\/\/fundacionrafanadal.quelinka.es\/en\/#website"},"primaryImageOfPage":{"@id":"https:\/\/fundacionrafanadal.quelinka.es\/en\/get-to-know\/news\/news-2023\/the-rafa-nadal-foundation-takes-part-in-the-education-beyond-the-classroom-day-by-the-pere-tarres-foundation\/#primaryimage"},"image":{"@id":"https:\/\/fundacionrafanadal.quelinka.es\/en\/get-to-know\/news\/news-2023\/the-rafa-nadal-foundation-takes-part-in-the-education-beyond-the-classroom-day-by-the-pere-tarres-foundation\/#primaryimage"},"thumbnailUrl":"https:\/\/fundacionrafanadal.quelinka.es\/wp-content\/uploads\/2023\/11\/educacionmasalladelaula_noticia.png","datePublished":"2023-11-23T11:40:40+00:00","dateModified":"2023-11-23T11:40:56+00:00","breadcrumb":{"@id":"https:\/\/fundacionrafanadal.quelinka.es\/en\/get-to-know\/news\/news-2023\/the-rafa-nadal-foundation-takes-part-in-the-education-beyond-the-classroom-day-by-the-pere-tarres-foundation\/#breadcrumb"},"inLanguage":"en-US","potentialAction":[{"@type":"ReadAction","target":["https:\/\/fundacionrafanadal.quelinka.es\/en\/get-to-know\/news\/news-2023\/the-rafa-nadal-foundation-takes-part-in-the-education-beyond-the-classroom-day-by-the-pere-tarres-foundation\/"]}]},{"@type":"ImageObject","inLanguage":"en-US","@id":"https:\/\/fundacionrafanadal.quelinka.es\/en\/get-to-know\/news\/news-2023\/the-rafa-nadal-foundation-takes-part-in-the-education-beyond-the-classroom-day-by-the-pere-tarres-foundation\/#primaryimage","url":"https:\/\/fundacionrafanadal.quelinka.es\/wp-content\/uploads\/2023\/11\/educacionmasalladelaula_noticia.png","contentUrl":"https:\/\/fundacionrafanadal.quelinka.es\/wp-content\/uploads\/2023\/11\/educacionmasalladelaula_noticia.png","width":1136,"height":909},{"@type":"BreadcrumbList","@id":"https:\/\/fundacionrafanadal.quelinka.es\/en\/get-to-know\/news\/news-2023\/the-rafa-nadal-foundation-takes-part-in-the-education-beyond-the-classroom-day-by-the-pere-tarres-foundation\/#breadcrumb","itemListElement":[{"@type":"ListItem","position":1,"name":"Portada","item":"https:\/\/fundacionrafanadal.quelinka.es\/en\/"},{"@type":"ListItem","position":2,"name":"Get to know!","item":"https:\/\/fundacionrafanadal.quelinka.es\/en\/conocenos\/"},{"@type":"ListItem","position":3,"name":"News","item":"https:\/\/fundacionrafanadal.quelinka.es\/en\/conocenos\/noticias\/"},{"@type":"ListItem","position":4,"name":"News 2023","item":"https:\/\/fundacionrafanadal.quelinka.es\/en\/conocenos\/noticias\/noticias-2022-2\/"},{"@type":"ListItem","position":5,"name":"The Rafa Nadal Foundation Takes Part in the &#8220;Education Beyond the Classroom Day\u201d by the Pere Tarr\u00e9s Foundation"}]},{"@type":"WebSite","@id":"https:\/\/fundacionrafanadal.quelinka.es\/en\/#website","url":"https:\/\/fundacionrafanadal.quelinka.es\/en\/","name":"Fundaci\u00f3n Rafa Nadal","description":"A trav\u00e9s del deporte y la educaci\u00f3n, promovemos la integraci\u00f3n y el desarrollo personal y social de ni\u00f1os y j\u00f3venes. En Espa\u00f1a y la India.","publisher":{"@id":"https:\/\/fundacionrafanadal.quelinka.es\/en\/#organization"},"potentialAction":[{"@type":"SearchAction","target":{"@type":"EntryPoint","urlTemplate":"https:\/\/fundacionrafanadal.quelinka.es\/en\/?s={search_term_string}"},"query-input":{"@type":"PropertyValueSpecification","valueRequired":true,"valueName":"search_term_string"}}],"inLanguage":"en-US"},{"@type":"Organization","@id":"https:\/\/fundacionrafanadal.quelinka.es\/en\/#organization","name":"Fundaci\u00f3n Rafa Nadal","url":"https:\/\/fundacionrafanadal.quelinka.es\/en\/","logo":{"@type":"ImageObject","inLanguage":"en-US","@id":"https:\/\/fundacionrafanadal.quelinka.es\/en\/#\/schema\/logo\/image\/","url":"https:\/\/fundacionrafanadal.quelinka.es\/wp-content\/uploads\/2022\/09\/logo-frn-web-3.png","contentUrl":"https:\/\/fundacionrafanadal.quelinka.es\/wp-content\/uploads\/2022\/09\/logo-frn-web-3.png","width":551,"height":140,"caption":"Fundaci\u00f3n Rafa Nadal"},"image":{"@id":"https:\/\/fundacionrafanadal.quelinka.es\/en\/#\/schema\/logo\/image\/"}}]}},"campaignId":"","_links":{"self":[{"href":"https:\/\/fundacionrafanadal.quelinka.es\/en\/wp-json\/wp\/v2\/pages\/18645","targetHints":{"allow":["GET"]}}],"collection":[{"href":"https:\/\/fundacionrafanadal.quelinka.es\/en\/wp-json\/wp\/v2\/pages"}],"about":[{"href":"https:\/\/fundacionrafanadal.quelinka.es\/en\/wp-json\/wp\/v2\/types\/page"}],"author":[{"embeddable":true,"href":"https:\/\/fundacionrafanadal.quelinka.es\/en\/wp-json\/wp\/v2\/users\/1"}],"replies":[{"embeddable":true,"href":"https:\/\/fundacionrafanadal.quelinka.es\/en\/wp-json\/wp\/v2\/comments?post=18645"}],"version-history":[{"count":2,"href":"https:\/\/fundacionrafanadal.quelinka.es\/en\/wp-json\/wp\/v2\/pages\/18645\/revisions"}],"predecessor-version":[{"id":18659,"href":"https:\/\/fundacionrafanadal.quelinka.es\/en\/wp-json\/wp\/v2\/pages\/18645\/revisions\/18659"}],"up":[{"embeddable":true,"href":"https:\/\/fundacionrafanadal.quelinka.es\/en\/wp-json\/wp\/v2\/pages\/15131"}],"wp:featuredmedia":[{"embeddable":true,"href":"https:\/\/fundacionrafanadal.quelinka.es\/en\/wp-json\/wp\/v2\/media\/18648"}],"wp:attachment":[{"href":"https:\/\/fundacionrafanadal.quelinka.es\/en\/wp-json\/wp\/v2\/media?parent=18645"}],"curies":[{"name":"wp","href":"https:\/\/api.w.org\/{rel}","templated":true}]}}