{"id":18953,"date":"2024-01-09T21:01:13","date_gmt":"2024-01-09T21:01:13","guid":{"rendered":"https:\/\/www.fundacionrafanadal.org\/?page_id=18953"},"modified":"2024-01-10T15:12:57","modified_gmt":"2024-01-10T15:12:57","slug":"success-in-the-start-of-the-11th-edition-of-the-rafa-nadal-tour-by-santander-with-the-participation-of-566-young-tennis-players-in-the-first-stage-in-barcelona","status":"publish","type":"page","link":"https:\/\/fundacionrafanadal.quelinka.es\/en\/get-to-know\/news\/news-2024\/success-in-the-start-of-the-11th-edition-of-the-rafa-nadal-tour-by-santander-with-the-participation-of-566-young-tennis-players-in-the-first-stage-in-barcelona\/","title":{"rendered":"Success in the start of the 11th edition of the Rafa Nadal Tour by Santander, with the participation of 566 young tennis players in the first stage in barcelona"},"content":{"rendered":"\n<div class=\"wp-block-media-text alignfull is-stacked-on-mobile is-image-fill has-background\" style=\"background-color:#ddac31\"><figure class=\"wp-block-media-text__media\" style=\"background-image:url(https:\/\/www.fundacionrafanadal.quelinka.es\/wp-content\/uploads\/2022\/07\/ISM08879.png);background-position:50% 50%\"><img loading=\"lazy\" decoding=\"async\" width=\"900\" height=\"399\" src=\"https:\/\/www.fundacionrafanadal.quelinka.es\/wp-content\/uploads\/2022\/07\/ISM08879.png\" alt=\"\" class=\"wp-image-9879 size-full\" srcset=\"https:\/\/fundacionrafanadal.quelinka.es\/wp-content\/uploads\/2022\/07\/ISM08879.png 900w, https:\/\/fundacionrafanadal.quelinka.es\/wp-content\/uploads\/2022\/07\/ISM08879-300x133.png 300w, https:\/\/fundacionrafanadal.quelinka.es\/wp-content\/uploads\/2022\/07\/ISM08879-768x340.png 768w\" sizes=\"auto, (max-width: 900px) 100vw, 900px\" \/><\/figure><div class=\"wp-block-media-text__content\">\n<div style=\"height:30px\" aria-hidden=\"true\" class=\"wp-block-spacer\"><\/div>\n\n\n\n<h2 class=\"has-ast-global-color-5-color has-text-color wp-block-heading\" style=\"font-size:48px\"><strong>News<\/strong><\/h2>\n\n\n\n<div style=\"height:200px\" aria-hidden=\"true\" class=\"wp-block-spacer\"><\/div>\n<\/div><\/div>\n\n\n\n<div style=\"height:50px\" aria-hidden=\"true\" class=\"wp-block-spacer\"><\/div>\n\n\n\n<div class=\"inherit-container-width wp-block-group is-layout-constrained wp-block-group-is-layout-constrained\"><div class=\"wp-block-group__inner-container\">\n<div class=\"inherit-container-width wp-block-group is-layout-constrained wp-block-group-is-layout-constrained\"><div class=\"wp-block-group__inner-container\"><div class=\"wp-block-post-date\"><time datetime=\"2024-01-09T21:01:13+02:00\">9 de January de 2024<\/time><\/div>\n\n\n<h2 class=\"wp-block-heading has-medium-font-size\" style=\"text-transform:uppercase\"><strong>SUCCESS IN THE START OF THE 11TH EDITION OF THE RAFA NADAL TOUR BY SANTANDER, WITH THE PARTICIPATION OF 566 YOUNG TENNIS PLAYERS IN THE FIRST STAGE IN BARCELONA<\/strong><\/h2>\n\n\n\n<figure class=\"wp-block-image alignwide size-full\"><img loading=\"lazy\" decoding=\"async\" width=\"534\" height=\"427\" src=\"https:\/\/www.fundacionrafanadal.quelinka.es\/wp-content\/uploads\/2024\/01\/RNT_etapa1.jpg\" alt=\"\" class=\"wp-image-18992\" srcset=\"https:\/\/fundacionrafanadal.quelinka.es\/wp-content\/uploads\/2024\/01\/RNT_etapa1.jpg 534w, https:\/\/fundacionrafanadal.quelinka.es\/wp-content\/uploads\/2024\/01\/RNT_etapa1-300x240.jpg 300w\" sizes=\"auto, (max-width: 534px) 100vw, 534px\" \/><\/figure>\n\n\n\n<p><\/p>\n\n\n\n<p>From Tuesday, January 2nd, to Wednesday, January 10th, the first tournament of the 2024 Rafa Nadal Tour by Santander took place at the Real Club de Tenis Barcelona-1899 for the sub-12, sub-14, and sub-16 categories.<\/p>\n\n\n\n<ul class=\"wp-block-list\">\n<li>The Rafa Nadal Tour by Santander continues to establish itself as the premier youth tennis circuit in the country.<\/li>\n<\/ul>\n\n\n\n<p><\/p>\n\n\n\n<ul class=\"wp-block-list\">\n<li>The circuit is charitable, with the entire registration amount directed towards developing projects for the Rafa Nadal Foundation in Spain and India.<\/li>\n<\/ul>\n\n\n\n<p><\/p>\n\n\n\n<figure class=\"wp-block-gallery has-nested-images columns-default is-cropped wp-block-gallery-1 is-layout-flex wp-block-gallery-is-layout-flex\">\n<figure class=\"wp-block-image size-large\"><img loading=\"lazy\" decoding=\"async\" width=\"1000\" height=\"800\" data-id=\"18997\" src=\"https:\/\/www.fundacionrafanadal.quelinka.es\/wp-content\/uploads\/2024\/01\/RNT2024-Barcelona_9.jpg\" alt=\"\" class=\"wp-image-18997\" srcset=\"https:\/\/fundacionrafanadal.quelinka.es\/wp-content\/uploads\/2024\/01\/RNT2024-Barcelona_9.jpg 1000w, https:\/\/fundacionrafanadal.quelinka.es\/wp-content\/uploads\/2024\/01\/RNT2024-Barcelona_9-300x240.jpg 300w, https:\/\/fundacionrafanadal.quelinka.es\/wp-content\/uploads\/2024\/01\/RNT2024-Barcelona_9-768x614.jpg 768w\" sizes=\"auto, (max-width: 1000px) 100vw, 1000px\" \/><\/figure>\n\n\n\n<figure class=\"wp-block-image size-large\"><img loading=\"lazy\" decoding=\"async\" width=\"1000\" height=\"800\" data-id=\"18994\" src=\"https:\/\/www.fundacionrafanadal.quelinka.es\/wp-content\/uploads\/2024\/01\/RNT2024-Barcelona_17.jpg\" alt=\"\" class=\"wp-image-18994\" srcset=\"https:\/\/fundacionrafanadal.quelinka.es\/wp-content\/uploads\/2024\/01\/RNT2024-Barcelona_17.jpg 1000w, https:\/\/fundacionrafanadal.quelinka.es\/wp-content\/uploads\/2024\/01\/RNT2024-Barcelona_17-300x240.jpg 300w, https:\/\/fundacionrafanadal.quelinka.es\/wp-content\/uploads\/2024\/01\/RNT2024-Barcelona_17-768x614.jpg 768w\" sizes=\"auto, (max-width: 1000px) 100vw, 1000px\" \/><\/figure>\n\n\n\n<figure class=\"wp-block-image size-large\"><img loading=\"lazy\" decoding=\"async\" width=\"1000\" height=\"800\" data-id=\"19000\" src=\"https:\/\/www.fundacionrafanadal.quelinka.es\/wp-content\/uploads\/2024\/01\/RNT2024-Barcelona_3.jpg\" alt=\"\" class=\"wp-image-19000\" srcset=\"https:\/\/fundacionrafanadal.quelinka.es\/wp-content\/uploads\/2024\/01\/RNT2024-Barcelona_3.jpg 1000w, https:\/\/fundacionrafanadal.quelinka.es\/wp-content\/uploads\/2024\/01\/RNT2024-Barcelona_3-300x240.jpg 300w, https:\/\/fundacionrafanadal.quelinka.es\/wp-content\/uploads\/2024\/01\/RNT2024-Barcelona_3-768x614.jpg 768w\" sizes=\"auto, (max-width: 1000px) 100vw, 1000px\" \/><\/figure>\n<\/figure>\n\n\n\n<p>Spain, January 10, 2024. The start of the year marks the commencement of the eleventh edition of the Rafa Nadal Tour by Santander, a traveling tournament that will span eight iconic cities in Spain. From Barcelona to Manacor, passing through Sevilla, Valldoreix, Gran Canaria, Valencia, Madrid, and Asturias, this circuit provides a competitive tennis platform for the sub-12, sub-14, and sub-16 categories, both for male and female players.<\/p>\n\n\n\n<p>The Rafa Nadal Tour by Santander has solidified itself as the benchmark youth tennis circuit in the country and stands out for its charitable commitment by directing the total value of registrations towards projects driven by the Rafa Nadal Foundation, both in Spain and India. Beyond tennis skills, it values the attitude and exemplary behavior of the participants, promoting value-based activities that run parallel to the competition.<\/p>\n\n\n\n<p>Rafael Nadal himself assures that &#8220;the intention was not to create just another tournament, but a tournament with something more,&#8221; and after ten successful editions, one more begins with the same enthusiasm as always.<\/p>\n\n\n\n<p>The Real Club de Tenis Barcelona has been the venue for the first tournament of this year, hosting outstanding young tennis players from January 2nd until the current date. A total of 566 talented athletes have competed in this event, aiming to secure their participation in the Mallorca Masters taking place at the end of the year.<\/p>\n\n\n\n<p>After more than 560 matches, the winners are:<\/p>\n\n\n\n<ul class=\"wp-block-list\">\n<li>Caterina L\u00f3pez \u2013 Sub-12 Girls<\/li>\n\n\n\n<li>Marc Saornil \u2013 Sub-12 Boys<\/li>\n\n\n\n<li>Paula Cort\u00e9s \u2013 Sub-14 Girls<\/li>\n\n\n\n<li>Izan Ba\u00f1ares \u2013 Sub-14 Boys<\/li>\n\n\n\n<li>Sofia Kryvoruchko \u2013 Sub-16 Girls<\/li>\n\n\n\n<li>Agust\u00edn Siancha \u2013 Sub-16 Boys<\/li>\n<\/ul>\n\n\n\n<p>Banco Santander, the official sponsor of the tour, demonstrates its commitment to sustainability by manufacturing trophies using recycled tennis balls from previous editions, thus promoting environmentally friendly practices.<\/p>\n<\/div><\/div>\n<\/div><\/div>\n","protected":false},"excerpt":{"rendered":"<p>SUCCESS IN THE START OF THE 11TH EDITION OF THE RAFA NADAL TOUR BY SANTANDER, WITH THE PARTICIPATION OF 566 YOUNG TENNIS PLAYERS IN THE FIRST STAGE IN BARCELONA From Tuesday, January 2nd, to Wednesday, January 10th, the first tournament of the 2024 Rafa Nadal Tour by Santander took place at the Real Club de [&hellip;]<\/p>\n","protected":false},"author":1,"featured_media":18992,"parent":18939,"menu_order":-2,"comment_status":"closed","ping_status":"closed","template":"","meta":{"_acf_changed":false,"give_campaign_id":0,"_monsterinsights_skip_tracking":false,"_monsterinsights_sitenote_active":false,"_monsterinsights_sitenote_note":"","_monsterinsights_sitenote_category":0,"site-sidebar-layout":"default","site-content-layout":"","ast-site-content-layout":"default","site-content-style":"default","site-sidebar-style":"default","ast-global-header-display":"","ast-banner-title-visibility":"","ast-main-header-display":"","ast-hfb-above-header-display":"","ast-hfb-below-header-display":"","ast-hfb-mobile-header-display":"","site-post-title":"disabled","ast-breadcrumbs-content":"","ast-featured-img":"disabled","footer-sml-layout":"","ast-disable-related-posts":"","theme-transparent-header-meta":"","adv-header-id-meta":"","stick-header-meta":"","header-above-stick-meta":"","header-main-stick-meta":"","header-below-stick-meta":"","astra-migrate-meta-layouts":"default","ast-page-background-enabled":"default","ast-page-background-meta":{"desktop":{"background-color":"var(--ast-global-color-4)","background-image":"","background-repeat":"repeat","background-position":"center center","background-size":"auto","background-attachment":"scroll","background-type":"","background-media":"","overlay-type":"","overlay-color":"","overlay-opacity":"","overlay-gradient":""},"tablet":{"background-color":"","background-image":"","background-repeat":"repeat","background-position":"center center","background-size":"auto","background-attachment":"scroll","background-type":"","background-media":"","overlay-type":"","overlay-color":"","overlay-opacity":"","overlay-gradient":""},"mobile":{"background-color":"","background-image":"","background-repeat":"repeat","background-position":"center center","background-size":"auto","background-attachment":"scroll","background-type":"","background-media":"","overlay-type":"","overlay-color":"","overlay-opacity":"","overlay-gradient":""}},"ast-content-background-meta":{"desktop":{"background-color":"var(--ast-global-color-5)","background-image":"","background-repeat":"repeat","background-position":"center center","background-size":"auto","background-attachment":"scroll","background-type":"","background-media":"","overlay-type":"","overlay-color":"","overlay-opacity":"","overlay-gradient":""},"tablet":{"background-color":"var(--ast-global-color-5)","background-image":"","background-repeat":"repeat","background-position":"center center","background-size":"auto","background-attachment":"scroll","background-type":"","background-media":"","overlay-type":"","overlay-color":"","overlay-opacity":"","overlay-gradient":""},"mobile":{"background-color":"var(--ast-global-color-5)","background-image":"","background-repeat":"repeat","background-position":"center center","background-size":"auto","background-attachment":"scroll","background-type":"","background-media":"","overlay-type":"","overlay-color":"","overlay-opacity":"","overlay-gradient":""}},"_themeisle_gutenberg_block_has_review":false,"footnotes":""},"class_list":["post-18953","page","type-page","status-publish","has-post-thumbnail","hentry"],"acf":[],"yoast_head":"<!-- This site is optimized with the Yoast SEO plugin v26.8 - https:\/\/yoast.com\/product\/yoast-seo-wordpress\/ -->\n<title>Success in the start of the 11th edition of the Rafa Nadal Tour by Santander, with the participation of 566 young tennis players in the first stage in barcelona - Fundaci\u00f3n Rafa Nadal<\/title>\n<meta name=\"robots\" content=\"noindex, follow, max-snippet:-1, max-image-preview:large, max-video-preview:-1\" \/>\n<meta property=\"og:locale\" content=\"en_US\" \/>\n<meta property=\"og:type\" content=\"article\" \/>\n<meta property=\"og:title\" content=\"Success in the start of the 11th edition of the Rafa Nadal Tour by Santander, with the participation of 566 young tennis players in the first stage in barcelona - Fundaci\u00f3n Rafa Nadal\" \/>\n<meta property=\"og:description\" content=\"SUCCESS IN THE START OF THE 11TH EDITION OF THE RAFA NADAL TOUR BY SANTANDER, WITH THE PARTICIPATION OF 566 YOUNG TENNIS PLAYERS IN THE FIRST STAGE IN BARCELONA From Tuesday, January 2nd, to Wednesday, January 10th, the first tournament of the 2024 Rafa Nadal Tour by Santander took place at the Real Club de [&hellip;]\" \/>\n<meta property=\"og:url\" content=\"https:\/\/fundacionrafanadal.quelinka.es\/en\/get-to-know\/news\/news-2024\/success-in-the-start-of-the-11th-edition-of-the-rafa-nadal-tour-by-santander-with-the-participation-of-566-young-tennis-players-in-the-first-stage-in-barcelona\/\" \/>\n<meta property=\"og:site_name\" content=\"Fundaci\u00f3n Rafa Nadal\" \/>\n<meta property=\"article:modified_time\" content=\"2024-01-10T15:12:57+00:00\" \/>\n<meta property=\"og:image\" content=\"https:\/\/fundacionrafanadal.quelinka.es\/wp-content\/uploads\/2024\/01\/RNT_etapa1.jpg\" \/>\n\t<meta property=\"og:image:width\" content=\"534\" \/>\n\t<meta property=\"og:image:height\" content=\"427\" \/>\n\t<meta property=\"og:image:type\" content=\"image\/jpeg\" \/>\n<meta name=\"twitter:card\" content=\"summary_large_image\" \/>\n<meta name=\"twitter:label1\" content=\"Est. reading time\" \/>\n\t<meta name=\"twitter:data1\" content=\"3 minutes\" \/>\n<script type=\"application\/ld+json\" class=\"yoast-schema-graph\">{\"@context\":\"https:\/\/schema.org\",\"@graph\":[{\"@type\":\"WebPage\",\"@id\":\"https:\/\/fundacionrafanadal.quelinka.es\/en\/get-to-know\/news\/news-2024\/success-in-the-start-of-the-11th-edition-of-the-rafa-nadal-tour-by-santander-with-the-participation-of-566-young-tennis-players-in-the-first-stage-in-barcelona\/\",\"url\":\"https:\/\/fundacionrafanadal.quelinka.es\/en\/get-to-know\/news\/news-2024\/success-in-the-start-of-the-11th-edition-of-the-rafa-nadal-tour-by-santander-with-the-participation-of-566-young-tennis-players-in-the-first-stage-in-barcelona\/\",\"name\":\"Success in the start of the 11th edition of the Rafa Nadal Tour by Santander, with the participation of 566 young tennis players in the first stage in barcelona - Fundaci\u00f3n Rafa Nadal\",\"isPartOf\":{\"@id\":\"https:\/\/fundacionrafanadal.quelinka.es\/en\/#website\"},\"primaryImageOfPage\":{\"@id\":\"https:\/\/fundacionrafanadal.quelinka.es\/en\/get-to-know\/news\/news-2024\/success-in-the-start-of-the-11th-edition-of-the-rafa-nadal-tour-by-santander-with-the-participation-of-566-young-tennis-players-in-the-first-stage-in-barcelona\/#primaryimage\"},\"image\":{\"@id\":\"https:\/\/fundacionrafanadal.quelinka.es\/en\/get-to-know\/news\/news-2024\/success-in-the-start-of-the-11th-edition-of-the-rafa-nadal-tour-by-santander-with-the-participation-of-566-young-tennis-players-in-the-first-stage-in-barcelona\/#primaryimage\"},\"thumbnailUrl\":\"https:\/\/fundacionrafanadal.quelinka.es\/wp-content\/uploads\/2024\/01\/RNT_etapa1.jpg\",\"datePublished\":\"2024-01-09T21:01:13+00:00\",\"dateModified\":\"2024-01-10T15:12:57+00:00\",\"breadcrumb\":{\"@id\":\"https:\/\/fundacionrafanadal.quelinka.es\/en\/get-to-know\/news\/news-2024\/success-in-the-start-of-the-11th-edition-of-the-rafa-nadal-tour-by-santander-with-the-participation-of-566-young-tennis-players-in-the-first-stage-in-barcelona\/#breadcrumb\"},\"inLanguage\":\"en-US\",\"potentialAction\":[{\"@type\":\"ReadAction\",\"target\":[\"https:\/\/fundacionrafanadal.quelinka.es\/en\/get-to-know\/news\/news-2024\/success-in-the-start-of-the-11th-edition-of-the-rafa-nadal-tour-by-santander-with-the-participation-of-566-young-tennis-players-in-the-first-stage-in-barcelona\/\"]}]},{\"@type\":\"ImageObject\",\"inLanguage\":\"en-US\",\"@id\":\"https:\/\/fundacionrafanadal.quelinka.es\/en\/get-to-know\/news\/news-2024\/success-in-the-start-of-the-11th-edition-of-the-rafa-nadal-tour-by-santander-with-the-participation-of-566-young-tennis-players-in-the-first-stage-in-barcelona\/#primaryimage\",\"url\":\"https:\/\/fundacionrafanadal.quelinka.es\/wp-content\/uploads\/2024\/01\/RNT_etapa1.jpg\",\"contentUrl\":\"https:\/\/fundacionrafanadal.quelinka.es\/wp-content\/uploads\/2024\/01\/RNT_etapa1.jpg\",\"width\":534,\"height\":427},{\"@type\":\"BreadcrumbList\",\"@id\":\"https:\/\/fundacionrafanadal.quelinka.es\/en\/get-to-know\/news\/news-2024\/success-in-the-start-of-the-11th-edition-of-the-rafa-nadal-tour-by-santander-with-the-participation-of-566-young-tennis-players-in-the-first-stage-in-barcelona\/#breadcrumb\",\"itemListElement\":[{\"@type\":\"ListItem\",\"position\":1,\"name\":\"Portada\",\"item\":\"https:\/\/fundacionrafanadal.quelinka.es\/en\/\"},{\"@type\":\"ListItem\",\"position\":2,\"name\":\"Get to know!\",\"item\":\"https:\/\/fundacionrafanadal.quelinka.es\/en\/conocenos\/\"},{\"@type\":\"ListItem\",\"position\":3,\"name\":\"News\",\"item\":\"https:\/\/fundacionrafanadal.quelinka.es\/en\/conocenos\/noticias\/\"},{\"@type\":\"ListItem\",\"position\":4,\"name\":\"News 2023\",\"item\":\"https:\/\/fundacionrafanadal.quelinka.es\/en\/conocenos\/noticias\/noticias-2024\/\"},{\"@type\":\"ListItem\",\"position\":5,\"name\":\"Success in the start of the 11th edition of the Rafa Nadal Tour by Santander, with the participation of 566 young tennis players in the first stage in barcelona\"}]},{\"@type\":\"WebSite\",\"@id\":\"https:\/\/fundacionrafanadal.quelinka.es\/en\/#website\",\"url\":\"https:\/\/fundacionrafanadal.quelinka.es\/en\/\",\"name\":\"Fundaci\u00f3n Rafa Nadal\",\"description\":\"A trav\u00e9s del deporte y la educaci\u00f3n, promovemos la integraci\u00f3n y el desarrollo personal y social de ni\u00f1os y j\u00f3venes. En Espa\u00f1a y la India.\",\"publisher\":{\"@id\":\"https:\/\/fundacionrafanadal.quelinka.es\/en\/#organization\"},\"potentialAction\":[{\"@type\":\"SearchAction\",\"target\":{\"@type\":\"EntryPoint\",\"urlTemplate\":\"https:\/\/fundacionrafanadal.quelinka.es\/en\/?s={search_term_string}\"},\"query-input\":{\"@type\":\"PropertyValueSpecification\",\"valueRequired\":true,\"valueName\":\"search_term_string\"}}],\"inLanguage\":\"en-US\"},{\"@type\":\"Organization\",\"@id\":\"https:\/\/fundacionrafanadal.quelinka.es\/en\/#organization\",\"name\":\"Fundaci\u00f3n Rafa Nadal\",\"url\":\"https:\/\/fundacionrafanadal.quelinka.es\/en\/\",\"logo\":{\"@type\":\"ImageObject\",\"inLanguage\":\"en-US\",\"@id\":\"https:\/\/fundacionrafanadal.quelinka.es\/en\/#\/schema\/logo\/image\/\",\"url\":\"https:\/\/fundacionrafanadal.quelinka.es\/wp-content\/uploads\/2022\/09\/logo-frn-web-3.png\",\"contentUrl\":\"https:\/\/fundacionrafanadal.quelinka.es\/wp-content\/uploads\/2022\/09\/logo-frn-web-3.png\",\"width\":551,\"height\":140,\"caption\":\"Fundaci\u00f3n Rafa Nadal\"},\"image\":{\"@id\":\"https:\/\/fundacionrafanadal.quelinka.es\/en\/#\/schema\/logo\/image\/\"}}]}<\/script>\n<!-- \/ Yoast SEO plugin. -->","yoast_head_json":{"title":"Success in the start of the 11th edition of the Rafa Nadal Tour by Santander, with the participation of 566 young tennis players in the first stage in barcelona - Fundaci\u00f3n Rafa Nadal","robots":{"index":"noindex","follow":"follow","max-snippet":"max-snippet:-1","max-image-preview":"max-image-preview:large","max-video-preview":"max-video-preview:-1"},"og_locale":"en_US","og_type":"article","og_title":"Success in the start of the 11th edition of the Rafa Nadal Tour by Santander, with the participation of 566 young tennis players in the first stage in barcelona - Fundaci\u00f3n Rafa Nadal","og_description":"SUCCESS IN THE START OF THE 11TH EDITION OF THE RAFA NADAL TOUR BY SANTANDER, WITH THE PARTICIPATION OF 566 YOUNG TENNIS PLAYERS IN THE FIRST STAGE IN BARCELONA From Tuesday, January 2nd, to Wednesday, January 10th, the first tournament of the 2024 Rafa Nadal Tour by Santander took place at the Real Club de [&hellip;]","og_url":"https:\/\/fundacionrafanadal.quelinka.es\/en\/get-to-know\/news\/news-2024\/success-in-the-start-of-the-11th-edition-of-the-rafa-nadal-tour-by-santander-with-the-participation-of-566-young-tennis-players-in-the-first-stage-in-barcelona\/","og_site_name":"Fundaci\u00f3n Rafa Nadal","article_modified_time":"2024-01-10T15:12:57+00:00","og_image":[{"width":534,"height":427,"url":"https:\/\/fundacionrafanadal.quelinka.es\/wp-content\/uploads\/2024\/01\/RNT_etapa1.jpg","type":"image\/jpeg"}],"twitter_card":"summary_large_image","twitter_misc":{"Est. reading time":"3 minutes"},"schema":{"@context":"https:\/\/schema.org","@graph":[{"@type":"WebPage","@id":"https:\/\/fundacionrafanadal.quelinka.es\/en\/get-to-know\/news\/news-2024\/success-in-the-start-of-the-11th-edition-of-the-rafa-nadal-tour-by-santander-with-the-participation-of-566-young-tennis-players-in-the-first-stage-in-barcelona\/","url":"https:\/\/fundacionrafanadal.quelinka.es\/en\/get-to-know\/news\/news-2024\/success-in-the-start-of-the-11th-edition-of-the-rafa-nadal-tour-by-santander-with-the-participation-of-566-young-tennis-players-in-the-first-stage-in-barcelona\/","name":"Success in the start of the 11th edition of the Rafa Nadal Tour by Santander, with the participation of 566 young tennis players in the first stage in barcelona - Fundaci\u00f3n Rafa Nadal","isPartOf":{"@id":"https:\/\/fundacionrafanadal.quelinka.es\/en\/#website"},"primaryImageOfPage":{"@id":"https:\/\/fundacionrafanadal.quelinka.es\/en\/get-to-know\/news\/news-2024\/success-in-the-start-of-the-11th-edition-of-the-rafa-nadal-tour-by-santander-with-the-participation-of-566-young-tennis-players-in-the-first-stage-in-barcelona\/#primaryimage"},"image":{"@id":"https:\/\/fundacionrafanadal.quelinka.es\/en\/get-to-know\/news\/news-2024\/success-in-the-start-of-the-11th-edition-of-the-rafa-nadal-tour-by-santander-with-the-participation-of-566-young-tennis-players-in-the-first-stage-in-barcelona\/#primaryimage"},"thumbnailUrl":"https:\/\/fundacionrafanadal.quelinka.es\/wp-content\/uploads\/2024\/01\/RNT_etapa1.jpg","datePublished":"2024-01-09T21:01:13+00:00","dateModified":"2024-01-10T15:12:57+00:00","breadcrumb":{"@id":"https:\/\/fundacionrafanadal.quelinka.es\/en\/get-to-know\/news\/news-2024\/success-in-the-start-of-the-11th-edition-of-the-rafa-nadal-tour-by-santander-with-the-participation-of-566-young-tennis-players-in-the-first-stage-in-barcelona\/#breadcrumb"},"inLanguage":"en-US","potentialAction":[{"@type":"ReadAction","target":["https:\/\/fundacionrafanadal.quelinka.es\/en\/get-to-know\/news\/news-2024\/success-in-the-start-of-the-11th-edition-of-the-rafa-nadal-tour-by-santander-with-the-participation-of-566-young-tennis-players-in-the-first-stage-in-barcelona\/"]}]},{"@type":"ImageObject","inLanguage":"en-US","@id":"https:\/\/fundacionrafanadal.quelinka.es\/en\/get-to-know\/news\/news-2024\/success-in-the-start-of-the-11th-edition-of-the-rafa-nadal-tour-by-santander-with-the-participation-of-566-young-tennis-players-in-the-first-stage-in-barcelona\/#primaryimage","url":"https:\/\/fundacionrafanadal.quelinka.es\/wp-content\/uploads\/2024\/01\/RNT_etapa1.jpg","contentUrl":"https:\/\/fundacionrafanadal.quelinka.es\/wp-content\/uploads\/2024\/01\/RNT_etapa1.jpg","width":534,"height":427},{"@type":"BreadcrumbList","@id":"https:\/\/fundacionrafanadal.quelinka.es\/en\/get-to-know\/news\/news-2024\/success-in-the-start-of-the-11th-edition-of-the-rafa-nadal-tour-by-santander-with-the-participation-of-566-young-tennis-players-in-the-first-stage-in-barcelona\/#breadcrumb","itemListElement":[{"@type":"ListItem","position":1,"name":"Portada","item":"https:\/\/fundacionrafanadal.quelinka.es\/en\/"},{"@type":"ListItem","position":2,"name":"Get to know!","item":"https:\/\/fundacionrafanadal.quelinka.es\/en\/conocenos\/"},{"@type":"ListItem","position":3,"name":"News","item":"https:\/\/fundacionrafanadal.quelinka.es\/en\/conocenos\/noticias\/"},{"@type":"ListItem","position":4,"name":"News 2023","item":"https:\/\/fundacionrafanadal.quelinka.es\/en\/conocenos\/noticias\/noticias-2024\/"},{"@type":"ListItem","position":5,"name":"Success in the start of the 11th edition of the Rafa Nadal Tour by Santander, with the participation of 566 young tennis players in the first stage in barcelona"}]},{"@type":"WebSite","@id":"https:\/\/fundacionrafanadal.quelinka.es\/en\/#website","url":"https:\/\/fundacionrafanadal.quelinka.es\/en\/","name":"Fundaci\u00f3n Rafa Nadal","description":"A trav\u00e9s del deporte y la educaci\u00f3n, promovemos la integraci\u00f3n y el desarrollo personal y social de ni\u00f1os y j\u00f3venes. En Espa\u00f1a y la India.","publisher":{"@id":"https:\/\/fundacionrafanadal.quelinka.es\/en\/#organization"},"potentialAction":[{"@type":"SearchAction","target":{"@type":"EntryPoint","urlTemplate":"https:\/\/fundacionrafanadal.quelinka.es\/en\/?s={search_term_string}"},"query-input":{"@type":"PropertyValueSpecification","valueRequired":true,"valueName":"search_term_string"}}],"inLanguage":"en-US"},{"@type":"Organization","@id":"https:\/\/fundacionrafanadal.quelinka.es\/en\/#organization","name":"Fundaci\u00f3n Rafa Nadal","url":"https:\/\/fundacionrafanadal.quelinka.es\/en\/","logo":{"@type":"ImageObject","inLanguage":"en-US","@id":"https:\/\/fundacionrafanadal.quelinka.es\/en\/#\/schema\/logo\/image\/","url":"https:\/\/fundacionrafanadal.quelinka.es\/wp-content\/uploads\/2022\/09\/logo-frn-web-3.png","contentUrl":"https:\/\/fundacionrafanadal.quelinka.es\/wp-content\/uploads\/2022\/09\/logo-frn-web-3.png","width":551,"height":140,"caption":"Fundaci\u00f3n Rafa Nadal"},"image":{"@id":"https:\/\/fundacionrafanadal.quelinka.es\/en\/#\/schema\/logo\/image\/"}}]}},"campaignId":"","_links":{"self":[{"href":"https:\/\/fundacionrafanadal.quelinka.es\/en\/wp-json\/wp\/v2\/pages\/18953","targetHints":{"allow":["GET"]}}],"collection":[{"href":"https:\/\/fundacionrafanadal.quelinka.es\/en\/wp-json\/wp\/v2\/pages"}],"about":[{"href":"https:\/\/fundacionrafanadal.quelinka.es\/en\/wp-json\/wp\/v2\/types\/page"}],"author":[{"embeddable":true,"href":"https:\/\/fundacionrafanadal.quelinka.es\/en\/wp-json\/wp\/v2\/users\/1"}],"replies":[{"embeddable":true,"href":"https:\/\/fundacionrafanadal.quelinka.es\/en\/wp-json\/wp\/v2\/comments?post=18953"}],"version-history":[{"count":1,"href":"https:\/\/fundacionrafanadal.quelinka.es\/en\/wp-json\/wp\/v2\/pages\/18953\/revisions"}],"predecessor-version":[{"id":19005,"href":"https:\/\/fundacionrafanadal.quelinka.es\/en\/wp-json\/wp\/v2\/pages\/18953\/revisions\/19005"}],"up":[{"embeddable":true,"href":"https:\/\/fundacionrafanadal.quelinka.es\/en\/wp-json\/wp\/v2\/pages\/18939"}],"wp:featuredmedia":[{"embeddable":true,"href":"https:\/\/fundacionrafanadal.quelinka.es\/en\/wp-json\/wp\/v2\/media\/18992"}],"wp:attachment":[{"href":"https:\/\/fundacionrafanadal.quelinka.es\/en\/wp-json\/wp\/v2\/media?parent=18953"}],"curies":[{"name":"wp","href":"https:\/\/api.w.org\/{rel}","templated":true}]}}