{"id":19406,"date":"2024-02-25T15:45:52","date_gmt":"2024-02-25T15:45:52","guid":{"rendered":"https:\/\/www.fundacionrafanadal.org\/?page_id=19406"},"modified":"2024-02-26T16:11:54","modified_gmt":"2024-02-26T16:11:54","slug":"the-second-stage-of-the-rafa-nadal-tour-by-santander-in-seville-concludes-successfully-with-the-participation-of-485-young-tennis-players","status":"publish","type":"page","link":"https:\/\/fundacionrafanadal.quelinka.es\/en\/get-to-know\/news\/news-2024\/the-second-stage-of-the-rafa-nadal-tour-by-santander-in-seville-concludes-successfully-with-the-participation-of-485-young-tennis-players\/","title":{"rendered":"The second stage of the Rafa Nadal Tour by Santander in Seville concludes successfully, with the participation of 485 young tennis players."},"content":{"rendered":"\n<div class=\"wp-block-media-text alignfull is-stacked-on-mobile is-image-fill has-background\" style=\"background-color:#ddac31\"><figure class=\"wp-block-media-text__media\" style=\"background-image:url(https:\/\/www.fundacionrafanadal.quelinka.es\/wp-content\/uploads\/2022\/07\/ISM08879.png);background-position:50% 50%\"><img loading=\"lazy\" decoding=\"async\" width=\"900\" height=\"399\" src=\"https:\/\/www.fundacionrafanadal.quelinka.es\/wp-content\/uploads\/2022\/07\/ISM08879.png\" alt=\"\" class=\"wp-image-9879 size-full\" srcset=\"https:\/\/fundacionrafanadal.quelinka.es\/wp-content\/uploads\/2022\/07\/ISM08879.png 900w, https:\/\/fundacionrafanadal.quelinka.es\/wp-content\/uploads\/2022\/07\/ISM08879-300x133.png 300w, https:\/\/fundacionrafanadal.quelinka.es\/wp-content\/uploads\/2022\/07\/ISM08879-768x340.png 768w\" sizes=\"auto, (max-width: 900px) 100vw, 900px\" \/><\/figure><div class=\"wp-block-media-text__content\">\n<div style=\"height:30px\" aria-hidden=\"true\" class=\"wp-block-spacer\"><\/div>\n\n\n\n<h2 class=\"has-ast-global-color-5-color has-text-color wp-block-heading\" style=\"font-size:48px\"><strong>News<\/strong><\/h2>\n\n\n\n<div style=\"height:200px\" aria-hidden=\"true\" class=\"wp-block-spacer\"><\/div>\n<\/div><\/div>\n\n\n\n<div style=\"height:50px\" aria-hidden=\"true\" class=\"wp-block-spacer\"><\/div>\n\n\n\n<div class=\"inherit-container-width wp-block-group is-layout-constrained wp-block-group-is-layout-constrained\"><div class=\"wp-block-group__inner-container\">\n<div class=\"inherit-container-width wp-block-group is-layout-constrained wp-block-group-is-layout-constrained\"><div class=\"wp-block-group__inner-container\"><div class=\"wp-block-post-date\"><time datetime=\"2024-02-25T15:45:52+02:00\">25 de February de 2024<\/time><\/div>\n\n\n<h2 class=\"wp-block-heading has-medium-font-size\" style=\"text-transform:uppercase\"><strong>THE SECOND STAGE OF THE RAFA NADAL TOUR BY SANTANDER IN SEVILLE CONCLUDES SUCCESSFULLY, WITH THE PARTICIPATION OF 485 YOUNG TENNIS PLAYERS.<\/strong><\/h2>\n\n\n\n<figure class=\"wp-block-image alignwide size-full\"><img loading=\"lazy\" decoding=\"async\" width=\"534\" height=\"427\" src=\"https:\/\/www.fundacionrafanadal.quelinka.es\/wp-content\/uploads\/2024\/01\/RNT_etapa1.jpg\" alt=\"\" class=\"wp-image-18992\" srcset=\"https:\/\/fundacionrafanadal.quelinka.es\/wp-content\/uploads\/2024\/01\/RNT_etapa1.jpg 534w, https:\/\/fundacionrafanadal.quelinka.es\/wp-content\/uploads\/2024\/01\/RNT_etapa1-300x240.jpg 300w\" sizes=\"auto, (max-width: 534px) 100vw, 534px\" \/><\/figure>\n\n\n\n<p><strong>This Sunday, February 25th, marked the end of the second stage of the Rafa Nadal Tour by Santander at the Club R\u00edo Grande in Seville, featuring the under-12, under-14, and under-16 categories.<\/strong><\/p>\n\n\n\n<ul class=\"wp-block-list\">\n<li>The Rafa Nadal Tour by Santander continues to establish itself as the premier youth tennis circuit in the country.<\/li>\n<\/ul>\n\n\n\n<p><\/p>\n\n\n\n<ul class=\"wp-block-list\">\n<li>The circuit is charitable, with the entire registration fee being directed towards the development of projects by the Rafa Nadal Foundation in Spain and India.<\/li>\n<\/ul>\n\n\n\n<p>The eleventh edition of the Rafa Nadal Tour by Santander is underway in eight cities across Spain (Barcelona, Seville, Valldoreix, Gran Canaria, Valencia, Madrid, Gij\u00f3n, and Mallorca), where winners will be determined in the under-12, under-14, and under-16 categories for both male and female players.<\/p>\n\n\n\n<p>The Rafa Nadal Tour by Santander has solidified its position as a leading tennis event in the country, not only due to its sporting prestige but also for its charitable commitment, directing the full value of registrations towards projects of the <strong>Rafa Nadal Foundation<\/strong>. This sports event not only assesses participants&#8217; tennis abilities but also their attitudes and behaviors, both on and off the court, through value-based activities.<\/p>\n\n\n\n<p>Rafael Nadal has expressed, &#8220;The intention was not simply to create another tournament, but one with added value,&#8221; and with this philosophy, the eleventh edition has been launched with the same passion as always.<\/p>\n\n\n\n<p>Following nine days of intense competition, with 485 participants and 479 matches played in the second stage of the Rafa Nadal Tour by Santander at the Club R\u00edo Grande in Seville, champions have been crowned in the under-12, under-14, and under-16 categories, for both male and female players.<\/p>\n\n\n\n<p>The winners of the Rafa Nadal Tour by Santander in Seville are as follows:<\/p>\n\n\n\n<ul class=\"wp-block-list\">\n<li>Anna Orlando, in the under-16 female category<\/li>\n\n\n\n<li>Adolfo Abascal, in the under-16 male category<\/li>\n\n\n\n<li>Irene Basalo, in the under-14 female category<\/li>\n\n\n\n<li>Toni Escarda, in the under-14 male category<\/li>\n\n\n\n<li>Caterina L\u00f3pez, in the under-12 female category<\/li>\n\n\n\n<li>\u00c1lvaro Monz\u00f3n, in the under-12 male category<\/li>\n<\/ul>\n\n\n\n<p>During this second stage, players also participated in value-focused activities, earning points for the ranking, which will allow four participants to compete in the master.<\/p>\n\n\n\n<p>As the official sponsor of the tour, Banco Santander manufactures trophies awarded to the winners of each stage using recycled tennis balls from previous editions, thus contributing to the sustainability of the circuit.<\/p>\n<\/div><\/div>\n<\/div><\/div>\n","protected":false},"excerpt":{"rendered":"<p>THE SECOND STAGE OF THE RAFA NADAL TOUR BY SANTANDER IN SEVILLE CONCLUDES SUCCESSFULLY, WITH THE PARTICIPATION OF 485 YOUNG TENNIS PLAYERS. This Sunday, February 25th, marked the end of the second stage of the Rafa Nadal Tour by Santander at the Club R\u00edo Grande in Seville, featuring the under-12, under-14, and under-16 categories. The [&hellip;]<\/p>\n","protected":false},"author":1,"featured_media":19410,"parent":18939,"menu_order":-2,"comment_status":"closed","ping_status":"closed","template":"","meta":{"_acf_changed":false,"give_campaign_id":0,"_monsterinsights_skip_tracking":false,"_monsterinsights_sitenote_active":false,"_monsterinsights_sitenote_note":"","_monsterinsights_sitenote_category":0,"site-sidebar-layout":"default","site-content-layout":"","ast-site-content-layout":"default","site-content-style":"default","site-sidebar-style":"default","ast-global-header-display":"","ast-banner-title-visibility":"","ast-main-header-display":"","ast-hfb-above-header-display":"","ast-hfb-below-header-display":"","ast-hfb-mobile-header-display":"","site-post-title":"disabled","ast-breadcrumbs-content":"","ast-featured-img":"disabled","footer-sml-layout":"","ast-disable-related-posts":"","theme-transparent-header-meta":"","adv-header-id-meta":"","stick-header-meta":"","header-above-stick-meta":"","header-main-stick-meta":"","header-below-stick-meta":"","astra-migrate-meta-layouts":"default","ast-page-background-enabled":"default","ast-page-background-meta":{"desktop":{"background-color":"var(--ast-global-color-4)","background-image":"","background-repeat":"repeat","background-position":"center center","background-size":"auto","background-attachment":"scroll","background-type":"","background-media":"","overlay-type":"","overlay-color":"","overlay-opacity":"","overlay-gradient":""},"tablet":{"background-color":"","background-image":"","background-repeat":"repeat","background-position":"center center","background-size":"auto","background-attachment":"scroll","background-type":"","background-media":"","overlay-type":"","overlay-color":"","overlay-opacity":"","overlay-gradient":""},"mobile":{"background-color":"","background-image":"","background-repeat":"repeat","background-position":"center center","background-size":"auto","background-attachment":"scroll","background-type":"","background-media":"","overlay-type":"","overlay-color":"","overlay-opacity":"","overlay-gradient":""}},"ast-content-background-meta":{"desktop":{"background-color":"var(--ast-global-color-5)","background-image":"","background-repeat":"repeat","background-position":"center center","background-size":"auto","background-attachment":"scroll","background-type":"","background-media":"","overlay-type":"","overlay-color":"","overlay-opacity":"","overlay-gradient":""},"tablet":{"background-color":"var(--ast-global-color-5)","background-image":"","background-repeat":"repeat","background-position":"center center","background-size":"auto","background-attachment":"scroll","background-type":"","background-media":"","overlay-type":"","overlay-color":"","overlay-opacity":"","overlay-gradient":""},"mobile":{"background-color":"var(--ast-global-color-5)","background-image":"","background-repeat":"repeat","background-position":"center center","background-size":"auto","background-attachment":"scroll","background-type":"","background-media":"","overlay-type":"","overlay-color":"","overlay-opacity":"","overlay-gradient":""}},"_themeisle_gutenberg_block_has_review":false,"footnotes":""},"class_list":["post-19406","page","type-page","status-publish","has-post-thumbnail","hentry"],"acf":[],"yoast_head":"<!-- This site is optimized with the Yoast SEO plugin v26.8 - https:\/\/yoast.com\/product\/yoast-seo-wordpress\/ -->\n<title>The second stage of the Rafa Nadal Tour by Santander in Seville concludes successfully, with the participation of 485 young tennis players. - Fundaci\u00f3n Rafa Nadal<\/title>\n<meta name=\"robots\" content=\"noindex, follow, max-snippet:-1, max-image-preview:large, max-video-preview:-1\" \/>\n<meta property=\"og:locale\" content=\"en_US\" \/>\n<meta property=\"og:type\" content=\"article\" \/>\n<meta property=\"og:title\" content=\"The second stage of the Rafa Nadal Tour by Santander in Seville concludes successfully, with the participation of 485 young tennis players. - Fundaci\u00f3n Rafa Nadal\" \/>\n<meta property=\"og:description\" content=\"THE SECOND STAGE OF THE RAFA NADAL TOUR BY SANTANDER IN SEVILLE CONCLUDES SUCCESSFULLY, WITH THE PARTICIPATION OF 485 YOUNG TENNIS PLAYERS. This Sunday, February 25th, marked the end of the second stage of the Rafa Nadal Tour by Santander at the Club R\u00edo Grande in Seville, featuring the under-12, under-14, and under-16 categories. The [&hellip;]\" \/>\n<meta property=\"og:url\" content=\"https:\/\/fundacionrafanadal.quelinka.es\/en\/get-to-know\/news\/news-2024\/the-second-stage-of-the-rafa-nadal-tour-by-santander-in-seville-concludes-successfully-with-the-participation-of-485-young-tennis-players\/\" \/>\n<meta property=\"og:site_name\" content=\"Fundaci\u00f3n Rafa Nadal\" \/>\n<meta property=\"article:modified_time\" content=\"2024-02-26T16:11:54+00:00\" \/>\n<meta property=\"og:image\" content=\"https:\/\/fundacionrafanadal.quelinka.es\/wp-content\/uploads\/2024\/02\/RNT_sevilla.jpg\" \/>\n\t<meta property=\"og:image:width\" content=\"534\" \/>\n\t<meta property=\"og:image:height\" content=\"427\" \/>\n\t<meta property=\"og:image:type\" content=\"image\/jpeg\" \/>\n<meta name=\"twitter:card\" content=\"summary_large_image\" \/>\n<meta name=\"twitter:label1\" content=\"Est. reading time\" \/>\n\t<meta name=\"twitter:data1\" content=\"3 minutes\" \/>\n<script type=\"application\/ld+json\" class=\"yoast-schema-graph\">{\"@context\":\"https:\/\/schema.org\",\"@graph\":[{\"@type\":\"WebPage\",\"@id\":\"https:\/\/fundacionrafanadal.quelinka.es\/en\/get-to-know\/news\/news-2024\/the-second-stage-of-the-rafa-nadal-tour-by-santander-in-seville-concludes-successfully-with-the-participation-of-485-young-tennis-players\/\",\"url\":\"https:\/\/fundacionrafanadal.quelinka.es\/en\/get-to-know\/news\/news-2024\/the-second-stage-of-the-rafa-nadal-tour-by-santander-in-seville-concludes-successfully-with-the-participation-of-485-young-tennis-players\/\",\"name\":\"The second stage of the Rafa Nadal Tour by Santander in Seville concludes successfully, with the participation of 485 young tennis players. - Fundaci\u00f3n Rafa Nadal\",\"isPartOf\":{\"@id\":\"https:\/\/fundacionrafanadal.quelinka.es\/en\/#website\"},\"primaryImageOfPage\":{\"@id\":\"https:\/\/fundacionrafanadal.quelinka.es\/en\/get-to-know\/news\/news-2024\/the-second-stage-of-the-rafa-nadal-tour-by-santander-in-seville-concludes-successfully-with-the-participation-of-485-young-tennis-players\/#primaryimage\"},\"image\":{\"@id\":\"https:\/\/fundacionrafanadal.quelinka.es\/en\/get-to-know\/news\/news-2024\/the-second-stage-of-the-rafa-nadal-tour-by-santander-in-seville-concludes-successfully-with-the-participation-of-485-young-tennis-players\/#primaryimage\"},\"thumbnailUrl\":\"https:\/\/fundacionrafanadal.quelinka.es\/wp-content\/uploads\/2024\/02\/RNT_sevilla.jpg\",\"datePublished\":\"2024-02-25T15:45:52+00:00\",\"dateModified\":\"2024-02-26T16:11:54+00:00\",\"breadcrumb\":{\"@id\":\"https:\/\/fundacionrafanadal.quelinka.es\/en\/get-to-know\/news\/news-2024\/the-second-stage-of-the-rafa-nadal-tour-by-santander-in-seville-concludes-successfully-with-the-participation-of-485-young-tennis-players\/#breadcrumb\"},\"inLanguage\":\"en-US\",\"potentialAction\":[{\"@type\":\"ReadAction\",\"target\":[\"https:\/\/fundacionrafanadal.quelinka.es\/en\/get-to-know\/news\/news-2024\/the-second-stage-of-the-rafa-nadal-tour-by-santander-in-seville-concludes-successfully-with-the-participation-of-485-young-tennis-players\/\"]}]},{\"@type\":\"ImageObject\",\"inLanguage\":\"en-US\",\"@id\":\"https:\/\/fundacionrafanadal.quelinka.es\/en\/get-to-know\/news\/news-2024\/the-second-stage-of-the-rafa-nadal-tour-by-santander-in-seville-concludes-successfully-with-the-participation-of-485-young-tennis-players\/#primaryimage\",\"url\":\"https:\/\/fundacionrafanadal.quelinka.es\/wp-content\/uploads\/2024\/02\/RNT_sevilla.jpg\",\"contentUrl\":\"https:\/\/fundacionrafanadal.quelinka.es\/wp-content\/uploads\/2024\/02\/RNT_sevilla.jpg\",\"width\":534,\"height\":427},{\"@type\":\"BreadcrumbList\",\"@id\":\"https:\/\/fundacionrafanadal.quelinka.es\/en\/get-to-know\/news\/news-2024\/the-second-stage-of-the-rafa-nadal-tour-by-santander-in-seville-concludes-successfully-with-the-participation-of-485-young-tennis-players\/#breadcrumb\",\"itemListElement\":[{\"@type\":\"ListItem\",\"position\":1,\"name\":\"Portada\",\"item\":\"https:\/\/fundacionrafanadal.quelinka.es\/en\/\"},{\"@type\":\"ListItem\",\"position\":2,\"name\":\"Get to know!\",\"item\":\"https:\/\/fundacionrafanadal.quelinka.es\/en\/conocenos\/\"},{\"@type\":\"ListItem\",\"position\":3,\"name\":\"News\",\"item\":\"https:\/\/fundacionrafanadal.quelinka.es\/en\/conocenos\/noticias\/\"},{\"@type\":\"ListItem\",\"position\":4,\"name\":\"News 2023\",\"item\":\"https:\/\/fundacionrafanadal.quelinka.es\/en\/conocenos\/noticias\/noticias-2024\/\"},{\"@type\":\"ListItem\",\"position\":5,\"name\":\"The second stage of the Rafa Nadal Tour by Santander in Seville concludes successfully, with the participation of 485 young tennis players.\"}]},{\"@type\":\"WebSite\",\"@id\":\"https:\/\/fundacionrafanadal.quelinka.es\/en\/#website\",\"url\":\"https:\/\/fundacionrafanadal.quelinka.es\/en\/\",\"name\":\"Fundaci\u00f3n Rafa Nadal\",\"description\":\"A trav\u00e9s del deporte y la educaci\u00f3n, promovemos la integraci\u00f3n y el desarrollo personal y social de ni\u00f1os y j\u00f3venes. En Espa\u00f1a y la India.\",\"publisher\":{\"@id\":\"https:\/\/fundacionrafanadal.quelinka.es\/en\/#organization\"},\"potentialAction\":[{\"@type\":\"SearchAction\",\"target\":{\"@type\":\"EntryPoint\",\"urlTemplate\":\"https:\/\/fundacionrafanadal.quelinka.es\/en\/?s={search_term_string}\"},\"query-input\":{\"@type\":\"PropertyValueSpecification\",\"valueRequired\":true,\"valueName\":\"search_term_string\"}}],\"inLanguage\":\"en-US\"},{\"@type\":\"Organization\",\"@id\":\"https:\/\/fundacionrafanadal.quelinka.es\/en\/#organization\",\"name\":\"Fundaci\u00f3n Rafa Nadal\",\"url\":\"https:\/\/fundacionrafanadal.quelinka.es\/en\/\",\"logo\":{\"@type\":\"ImageObject\",\"inLanguage\":\"en-US\",\"@id\":\"https:\/\/fundacionrafanadal.quelinka.es\/en\/#\/schema\/logo\/image\/\",\"url\":\"https:\/\/fundacionrafanadal.quelinka.es\/wp-content\/uploads\/2022\/09\/logo-frn-web-3.png\",\"contentUrl\":\"https:\/\/fundacionrafanadal.quelinka.es\/wp-content\/uploads\/2022\/09\/logo-frn-web-3.png\",\"width\":551,\"height\":140,\"caption\":\"Fundaci\u00f3n Rafa Nadal\"},\"image\":{\"@id\":\"https:\/\/fundacionrafanadal.quelinka.es\/en\/#\/schema\/logo\/image\/\"}}]}<\/script>\n<!-- \/ Yoast SEO plugin. -->","yoast_head_json":{"title":"The second stage of the Rafa Nadal Tour by Santander in Seville concludes successfully, with the participation of 485 young tennis players. - Fundaci\u00f3n Rafa Nadal","robots":{"index":"noindex","follow":"follow","max-snippet":"max-snippet:-1","max-image-preview":"max-image-preview:large","max-video-preview":"max-video-preview:-1"},"og_locale":"en_US","og_type":"article","og_title":"The second stage of the Rafa Nadal Tour by Santander in Seville concludes successfully, with the participation of 485 young tennis players. - Fundaci\u00f3n Rafa Nadal","og_description":"THE SECOND STAGE OF THE RAFA NADAL TOUR BY SANTANDER IN SEVILLE CONCLUDES SUCCESSFULLY, WITH THE PARTICIPATION OF 485 YOUNG TENNIS PLAYERS. This Sunday, February 25th, marked the end of the second stage of the Rafa Nadal Tour by Santander at the Club R\u00edo Grande in Seville, featuring the under-12, under-14, and under-16 categories. The [&hellip;]","og_url":"https:\/\/fundacionrafanadal.quelinka.es\/en\/get-to-know\/news\/news-2024\/the-second-stage-of-the-rafa-nadal-tour-by-santander-in-seville-concludes-successfully-with-the-participation-of-485-young-tennis-players\/","og_site_name":"Fundaci\u00f3n Rafa Nadal","article_modified_time":"2024-02-26T16:11:54+00:00","og_image":[{"width":534,"height":427,"url":"https:\/\/fundacionrafanadal.quelinka.es\/wp-content\/uploads\/2024\/02\/RNT_sevilla.jpg","type":"image\/jpeg"}],"twitter_card":"summary_large_image","twitter_misc":{"Est. reading time":"3 minutes"},"schema":{"@context":"https:\/\/schema.org","@graph":[{"@type":"WebPage","@id":"https:\/\/fundacionrafanadal.quelinka.es\/en\/get-to-know\/news\/news-2024\/the-second-stage-of-the-rafa-nadal-tour-by-santander-in-seville-concludes-successfully-with-the-participation-of-485-young-tennis-players\/","url":"https:\/\/fundacionrafanadal.quelinka.es\/en\/get-to-know\/news\/news-2024\/the-second-stage-of-the-rafa-nadal-tour-by-santander-in-seville-concludes-successfully-with-the-participation-of-485-young-tennis-players\/","name":"The second stage of the Rafa Nadal Tour by Santander in Seville concludes successfully, with the participation of 485 young tennis players. - Fundaci\u00f3n Rafa Nadal","isPartOf":{"@id":"https:\/\/fundacionrafanadal.quelinka.es\/en\/#website"},"primaryImageOfPage":{"@id":"https:\/\/fundacionrafanadal.quelinka.es\/en\/get-to-know\/news\/news-2024\/the-second-stage-of-the-rafa-nadal-tour-by-santander-in-seville-concludes-successfully-with-the-participation-of-485-young-tennis-players\/#primaryimage"},"image":{"@id":"https:\/\/fundacionrafanadal.quelinka.es\/en\/get-to-know\/news\/news-2024\/the-second-stage-of-the-rafa-nadal-tour-by-santander-in-seville-concludes-successfully-with-the-participation-of-485-young-tennis-players\/#primaryimage"},"thumbnailUrl":"https:\/\/fundacionrafanadal.quelinka.es\/wp-content\/uploads\/2024\/02\/RNT_sevilla.jpg","datePublished":"2024-02-25T15:45:52+00:00","dateModified":"2024-02-26T16:11:54+00:00","breadcrumb":{"@id":"https:\/\/fundacionrafanadal.quelinka.es\/en\/get-to-know\/news\/news-2024\/the-second-stage-of-the-rafa-nadal-tour-by-santander-in-seville-concludes-successfully-with-the-participation-of-485-young-tennis-players\/#breadcrumb"},"inLanguage":"en-US","potentialAction":[{"@type":"ReadAction","target":["https:\/\/fundacionrafanadal.quelinka.es\/en\/get-to-know\/news\/news-2024\/the-second-stage-of-the-rafa-nadal-tour-by-santander-in-seville-concludes-successfully-with-the-participation-of-485-young-tennis-players\/"]}]},{"@type":"ImageObject","inLanguage":"en-US","@id":"https:\/\/fundacionrafanadal.quelinka.es\/en\/get-to-know\/news\/news-2024\/the-second-stage-of-the-rafa-nadal-tour-by-santander-in-seville-concludes-successfully-with-the-participation-of-485-young-tennis-players\/#primaryimage","url":"https:\/\/fundacionrafanadal.quelinka.es\/wp-content\/uploads\/2024\/02\/RNT_sevilla.jpg","contentUrl":"https:\/\/fundacionrafanadal.quelinka.es\/wp-content\/uploads\/2024\/02\/RNT_sevilla.jpg","width":534,"height":427},{"@type":"BreadcrumbList","@id":"https:\/\/fundacionrafanadal.quelinka.es\/en\/get-to-know\/news\/news-2024\/the-second-stage-of-the-rafa-nadal-tour-by-santander-in-seville-concludes-successfully-with-the-participation-of-485-young-tennis-players\/#breadcrumb","itemListElement":[{"@type":"ListItem","position":1,"name":"Portada","item":"https:\/\/fundacionrafanadal.quelinka.es\/en\/"},{"@type":"ListItem","position":2,"name":"Get to know!","item":"https:\/\/fundacionrafanadal.quelinka.es\/en\/conocenos\/"},{"@type":"ListItem","position":3,"name":"News","item":"https:\/\/fundacionrafanadal.quelinka.es\/en\/conocenos\/noticias\/"},{"@type":"ListItem","position":4,"name":"News 2023","item":"https:\/\/fundacionrafanadal.quelinka.es\/en\/conocenos\/noticias\/noticias-2024\/"},{"@type":"ListItem","position":5,"name":"The second stage of the Rafa Nadal Tour by Santander in Seville concludes successfully, with the participation of 485 young tennis players."}]},{"@type":"WebSite","@id":"https:\/\/fundacionrafanadal.quelinka.es\/en\/#website","url":"https:\/\/fundacionrafanadal.quelinka.es\/en\/","name":"Fundaci\u00f3n Rafa Nadal","description":"A trav\u00e9s del deporte y la educaci\u00f3n, promovemos la integraci\u00f3n y el desarrollo personal y social de ni\u00f1os y j\u00f3venes. En Espa\u00f1a y la India.","publisher":{"@id":"https:\/\/fundacionrafanadal.quelinka.es\/en\/#organization"},"potentialAction":[{"@type":"SearchAction","target":{"@type":"EntryPoint","urlTemplate":"https:\/\/fundacionrafanadal.quelinka.es\/en\/?s={search_term_string}"},"query-input":{"@type":"PropertyValueSpecification","valueRequired":true,"valueName":"search_term_string"}}],"inLanguage":"en-US"},{"@type":"Organization","@id":"https:\/\/fundacionrafanadal.quelinka.es\/en\/#organization","name":"Fundaci\u00f3n Rafa Nadal","url":"https:\/\/fundacionrafanadal.quelinka.es\/en\/","logo":{"@type":"ImageObject","inLanguage":"en-US","@id":"https:\/\/fundacionrafanadal.quelinka.es\/en\/#\/schema\/logo\/image\/","url":"https:\/\/fundacionrafanadal.quelinka.es\/wp-content\/uploads\/2022\/09\/logo-frn-web-3.png","contentUrl":"https:\/\/fundacionrafanadal.quelinka.es\/wp-content\/uploads\/2022\/09\/logo-frn-web-3.png","width":551,"height":140,"caption":"Fundaci\u00f3n Rafa Nadal"},"image":{"@id":"https:\/\/fundacionrafanadal.quelinka.es\/en\/#\/schema\/logo\/image\/"}}]}},"campaignId":"","_links":{"self":[{"href":"https:\/\/fundacionrafanadal.quelinka.es\/en\/wp-json\/wp\/v2\/pages\/19406","targetHints":{"allow":["GET"]}}],"collection":[{"href":"https:\/\/fundacionrafanadal.quelinka.es\/en\/wp-json\/wp\/v2\/pages"}],"about":[{"href":"https:\/\/fundacionrafanadal.quelinka.es\/en\/wp-json\/wp\/v2\/types\/page"}],"author":[{"embeddable":true,"href":"https:\/\/fundacionrafanadal.quelinka.es\/en\/wp-json\/wp\/v2\/users\/1"}],"replies":[{"embeddable":true,"href":"https:\/\/fundacionrafanadal.quelinka.es\/en\/wp-json\/wp\/v2\/comments?post=19406"}],"version-history":[{"count":1,"href":"https:\/\/fundacionrafanadal.quelinka.es\/en\/wp-json\/wp\/v2\/pages\/19406\/revisions"}],"predecessor-version":[{"id":19412,"href":"https:\/\/fundacionrafanadal.quelinka.es\/en\/wp-json\/wp\/v2\/pages\/19406\/revisions\/19412"}],"up":[{"embeddable":true,"href":"https:\/\/fundacionrafanadal.quelinka.es\/en\/wp-json\/wp\/v2\/pages\/18939"}],"wp:featuredmedia":[{"embeddable":true,"href":"https:\/\/fundacionrafanadal.quelinka.es\/en\/wp-json\/wp\/v2\/media\/19410"}],"wp:attachment":[{"href":"https:\/\/fundacionrafanadal.quelinka.es\/en\/wp-json\/wp\/v2\/media?parent=19406"}],"curies":[{"name":"wp","href":"https:\/\/api.w.org\/{rel}","templated":true}]}}