{"id":19718,"date":"2024-04-12T11:38:18","date_gmt":"2024-04-12T11:38:18","guid":{"rendered":"https:\/\/www.fundacionrafanadal.org\/?page_id=19718"},"modified":"2024-04-12T11:38:39","modified_gmt":"2024-04-12T11:38:39","slug":"visit-of-the-spanish-association-of-foundations-to-the-rafa-nadal-foundation-center-in-palma-de-mallorca","status":"publish","type":"page","link":"https:\/\/fundacionrafanadal.quelinka.es\/en\/get-to-know\/news\/news-2024\/visit-of-the-spanish-association-of-foundations-to-the-rafa-nadal-foundation-center-in-palma-de-mallorca\/","title":{"rendered":"Visit of the Spanish Association of Foundations to the Rafa Nadal Foundation Center in Palma de Mallorca"},"content":{"rendered":"\n<div class=\"wp-block-media-text alignfull is-stacked-on-mobile is-image-fill has-background\" style=\"background-color:#ddac31\"><figure class=\"wp-block-media-text__media\" style=\"background-image:url(https:\/\/www.fundacionrafanadal.quelinka.es\/wp-content\/uploads\/2022\/07\/ISM08879.png);background-position:50% 50%\"><img loading=\"lazy\" decoding=\"async\" width=\"900\" height=\"399\" src=\"https:\/\/www.fundacionrafanadal.quelinka.es\/wp-content\/uploads\/2022\/07\/ISM08879.png\" alt=\"\" class=\"wp-image-9879 size-full\" srcset=\"https:\/\/fundacionrafanadal.quelinka.es\/wp-content\/uploads\/2022\/07\/ISM08879.png 900w, https:\/\/fundacionrafanadal.quelinka.es\/wp-content\/uploads\/2022\/07\/ISM08879-300x133.png 300w, https:\/\/fundacionrafanadal.quelinka.es\/wp-content\/uploads\/2022\/07\/ISM08879-768x340.png 768w\" sizes=\"auto, (max-width: 900px) 100vw, 900px\" \/><\/figure><div class=\"wp-block-media-text__content\">\n<div style=\"height:30px\" aria-hidden=\"true\" class=\"wp-block-spacer\"><\/div>\n\n\n\n<h2 class=\"has-ast-global-color-5-color has-text-color wp-block-heading\" style=\"font-size:48px\"><strong>News<\/strong><\/h2>\n\n\n\n<div style=\"height:200px\" aria-hidden=\"true\" class=\"wp-block-spacer\"><\/div>\n<\/div><\/div>\n\n\n\n<div style=\"height:50px\" aria-hidden=\"true\" class=\"wp-block-spacer\"><\/div>\n\n\n\n<div class=\"inherit-container-width wp-block-group is-layout-constrained wp-block-group-is-layout-constrained\"><div class=\"wp-block-group__inner-container\">\n<div class=\"inherit-container-width wp-block-group is-layout-constrained wp-block-group-is-layout-constrained\"><div class=\"wp-block-group__inner-container\"><div class=\"wp-block-post-date\"><time datetime=\"2024-04-12T11:38:18+02:00\">12 de April de 2024<\/time><\/div>\n\n\n<h2 class=\"wp-block-heading has-medium-font-size\" style=\"text-transform:uppercase\"><strong><strong>VISIT OF THE SPANISH ASSOCIATION OF FOUNDATIONS TO THE RAFA NADAL FOUNDATION CENTER IN PALMA DE MALLORCA<\/strong><\/strong><\/h2>\n\n\n\n<figure class=\"wp-block-image alignwide size-full\"><img loading=\"lazy\" decoding=\"async\" width=\"1479\" height=\"1183\" src=\"https:\/\/www.fundacionrafanadal.quelinka.es\/wp-content\/uploads\/2024\/04\/AEF-visita.jpg\" alt=\"\" class=\"wp-image-19721\" srcset=\"https:\/\/fundacionrafanadal.quelinka.es\/wp-content\/uploads\/2024\/04\/AEF-visita.jpg 1479w, https:\/\/fundacionrafanadal.quelinka.es\/wp-content\/uploads\/2024\/04\/AEF-visita-300x240.jpg 300w, https:\/\/fundacionrafanadal.quelinka.es\/wp-content\/uploads\/2024\/04\/AEF-visita-1024x819.jpg 1024w, https:\/\/fundacionrafanadal.quelinka.es\/wp-content\/uploads\/2024\/04\/AEF-visita-768x614.jpg 768w\" sizes=\"auto, (max-width: 1479px) 100vw, 1479px\" \/><\/figure>\n\n\n\n<p>As part of the Regional Council meeting of the Spanish Association of Foundations, <strong>Pilar Garc\u00eda Ceballos-Zu\u00f1iga<\/strong>, President of the Spanish Association of Foundations (AEF), <strong>Isabel Pe\u00f1alosa Esteban<\/strong>, Director of Institutional Relations, Advice, and Communication of the AEF and <strong>Antonio Mar\u00ed<\/strong>, Director of the Sophia Foundation and Coordinator of the Balearic Islands&#8217; Regional Council of Foundations paid a visit to the Rafa Nadal Foundation Center in Palma de Mallorca.<\/p>\n\n\n\n<p>They were warmly welcomed by <strong>Eunate Gomez<\/strong>, project manager, and <strong>Fani Ginard<\/strong>, partnership manager of the Rafa Nadal Foundation.<\/p>\n\n\n\n<p><strong>\u00cd\u00f1igo Martinez de San Vicente<\/strong>, the center&#8217;s director, along with the entire team of professionals, guided the visitors on a tour of the facilities.<\/p>\n\n\n\n<p>During the visit, the center&#8217;s working system was explained, focusing on three core areas: education, sports, and psychosocial support, benefiting over 250 children, adolescents, and their families.<\/p>\n\n\n\n<p>The visit provided an opportunity to exchange experiences and knowledge between the two organizations, strengthening collaborative ties.<\/p>\n\n\n\n<p>The Rafa Nadal Foundation extends its gratitude to the AEF for their visit and interest in learning about their work for the benefit of children and youth in Palma de Mallorca.<\/p>\n\n\n\n<p><strong>This visit represents an important step towards future collaborations that will undoubtedly contribute to the development and well-being of our society.<\/strong><\/p>\n<\/div><\/div>\n<\/div><\/div>\n","protected":false},"excerpt":{"rendered":"<p>VISIT OF THE SPANISH ASSOCIATION OF FOUNDATIONS TO THE RAFA NADAL FOUNDATION CENTER IN PALMA DE MALLORCA As part of the Regional Council meeting of the Spanish Association of Foundations, Pilar Garc\u00eda Ceballos-Zu\u00f1iga, President of the Spanish Association of Foundations (AEF), Isabel Pe\u00f1alosa Esteban, Director of Institutional Relations, Advice, and Communication of the AEF and [&hellip;]<\/p>\n","protected":false},"author":1,"featured_media":19721,"parent":18939,"menu_order":-2,"comment_status":"closed","ping_status":"closed","template":"","meta":{"_acf_changed":false,"give_campaign_id":0,"_monsterinsights_skip_tracking":false,"_monsterinsights_sitenote_active":false,"_monsterinsights_sitenote_note":"","_monsterinsights_sitenote_category":0,"site-sidebar-layout":"default","site-content-layout":"","ast-site-content-layout":"default","site-content-style":"default","site-sidebar-style":"default","ast-global-header-display":"","ast-banner-title-visibility":"","ast-main-header-display":"","ast-hfb-above-header-display":"","ast-hfb-below-header-display":"","ast-hfb-mobile-header-display":"","site-post-title":"disabled","ast-breadcrumbs-content":"","ast-featured-img":"disabled","footer-sml-layout":"","ast-disable-related-posts":"","theme-transparent-header-meta":"","adv-header-id-meta":"","stick-header-meta":"","header-above-stick-meta":"","header-main-stick-meta":"","header-below-stick-meta":"","astra-migrate-meta-layouts":"default","ast-page-background-enabled":"default","ast-page-background-meta":{"desktop":{"background-color":"var(--ast-global-color-4)","background-image":"","background-repeat":"repeat","background-position":"center center","background-size":"auto","background-attachment":"scroll","background-type":"","background-media":"","overlay-type":"","overlay-color":"","overlay-opacity":"","overlay-gradient":""},"tablet":{"background-color":"","background-image":"","background-repeat":"repeat","background-position":"center center","background-size":"auto","background-attachment":"scroll","background-type":"","background-media":"","overlay-type":"","overlay-color":"","overlay-opacity":"","overlay-gradient":""},"mobile":{"background-color":"","background-image":"","background-repeat":"repeat","background-position":"center center","background-size":"auto","background-attachment":"scroll","background-type":"","background-media":"","overlay-type":"","overlay-color":"","overlay-opacity":"","overlay-gradient":""}},"ast-content-background-meta":{"desktop":{"background-color":"var(--ast-global-color-5)","background-image":"","background-repeat":"repeat","background-position":"center center","background-size":"auto","background-attachment":"scroll","background-type":"","background-media":"","overlay-type":"","overlay-color":"","overlay-opacity":"","overlay-gradient":""},"tablet":{"background-color":"var(--ast-global-color-5)","background-image":"","background-repeat":"repeat","background-position":"center center","background-size":"auto","background-attachment":"scroll","background-type":"","background-media":"","overlay-type":"","overlay-color":"","overlay-opacity":"","overlay-gradient":""},"mobile":{"background-color":"var(--ast-global-color-5)","background-image":"","background-repeat":"repeat","background-position":"center center","background-size":"auto","background-attachment":"scroll","background-type":"","background-media":"","overlay-type":"","overlay-color":"","overlay-opacity":"","overlay-gradient":""}},"_themeisle_gutenberg_block_has_review":false,"footnotes":""},"class_list":["post-19718","page","type-page","status-publish","has-post-thumbnail","hentry"],"acf":[],"yoast_head":"<!-- This site is optimized with the Yoast SEO plugin v26.8 - https:\/\/yoast.com\/product\/yoast-seo-wordpress\/ -->\n<title>Visit of the Spanish Association of Foundations to the Rafa Nadal Foundation Center in Palma de Mallorca - Fundaci\u00f3n Rafa Nadal<\/title>\n<meta name=\"robots\" content=\"noindex, follow, max-snippet:-1, max-image-preview:large, max-video-preview:-1\" \/>\n<meta property=\"og:locale\" content=\"en_US\" \/>\n<meta property=\"og:type\" content=\"article\" \/>\n<meta property=\"og:title\" content=\"Visit of the Spanish Association of Foundations to the Rafa Nadal Foundation Center in Palma de Mallorca - Fundaci\u00f3n Rafa Nadal\" \/>\n<meta property=\"og:description\" content=\"VISIT OF THE SPANISH ASSOCIATION OF FOUNDATIONS TO THE RAFA NADAL FOUNDATION CENTER IN PALMA DE MALLORCA As part of the Regional Council meeting of the Spanish Association of Foundations, Pilar Garc\u00eda Ceballos-Zu\u00f1iga, President of the Spanish Association of Foundations (AEF), Isabel Pe\u00f1alosa Esteban, Director of Institutional Relations, Advice, and Communication of the AEF and [&hellip;]\" \/>\n<meta property=\"og:url\" content=\"https:\/\/fundacionrafanadal.quelinka.es\/en\/get-to-know\/news\/news-2024\/visit-of-the-spanish-association-of-foundations-to-the-rafa-nadal-foundation-center-in-palma-de-mallorca\/\" \/>\n<meta property=\"og:site_name\" content=\"Fundaci\u00f3n Rafa Nadal\" \/>\n<meta property=\"article:modified_time\" content=\"2024-04-12T11:38:39+00:00\" \/>\n<meta property=\"og:image\" content=\"https:\/\/fundacionrafanadal.quelinka.es\/wp-content\/uploads\/2024\/04\/AEF-visita.jpg\" \/>\n\t<meta property=\"og:image:width\" content=\"1479\" \/>\n\t<meta property=\"og:image:height\" content=\"1183\" \/>\n\t<meta property=\"og:image:type\" content=\"image\/jpeg\" \/>\n<meta name=\"twitter:card\" content=\"summary_large_image\" \/>\n<meta name=\"twitter:label1\" content=\"Est. reading time\" \/>\n\t<meta name=\"twitter:data1\" content=\"3 minutes\" \/>\n<script type=\"application\/ld+json\" class=\"yoast-schema-graph\">{\"@context\":\"https:\/\/schema.org\",\"@graph\":[{\"@type\":\"WebPage\",\"@id\":\"https:\/\/fundacionrafanadal.quelinka.es\/en\/get-to-know\/news\/news-2024\/visit-of-the-spanish-association-of-foundations-to-the-rafa-nadal-foundation-center-in-palma-de-mallorca\/\",\"url\":\"https:\/\/fundacionrafanadal.quelinka.es\/en\/get-to-know\/news\/news-2024\/visit-of-the-spanish-association-of-foundations-to-the-rafa-nadal-foundation-center-in-palma-de-mallorca\/\",\"name\":\"Visit of the Spanish Association of Foundations to the Rafa Nadal Foundation Center in Palma de Mallorca - Fundaci\u00f3n Rafa Nadal\",\"isPartOf\":{\"@id\":\"https:\/\/fundacionrafanadal.quelinka.es\/en\/#website\"},\"primaryImageOfPage\":{\"@id\":\"https:\/\/fundacionrafanadal.quelinka.es\/en\/get-to-know\/news\/news-2024\/visit-of-the-spanish-association-of-foundations-to-the-rafa-nadal-foundation-center-in-palma-de-mallorca\/#primaryimage\"},\"image\":{\"@id\":\"https:\/\/fundacionrafanadal.quelinka.es\/en\/get-to-know\/news\/news-2024\/visit-of-the-spanish-association-of-foundations-to-the-rafa-nadal-foundation-center-in-palma-de-mallorca\/#primaryimage\"},\"thumbnailUrl\":\"https:\/\/fundacionrafanadal.quelinka.es\/wp-content\/uploads\/2024\/04\/AEF-visita.jpg\",\"datePublished\":\"2024-04-12T11:38:18+00:00\",\"dateModified\":\"2024-04-12T11:38:39+00:00\",\"breadcrumb\":{\"@id\":\"https:\/\/fundacionrafanadal.quelinka.es\/en\/get-to-know\/news\/news-2024\/visit-of-the-spanish-association-of-foundations-to-the-rafa-nadal-foundation-center-in-palma-de-mallorca\/#breadcrumb\"},\"inLanguage\":\"en-US\",\"potentialAction\":[{\"@type\":\"ReadAction\",\"target\":[\"https:\/\/fundacionrafanadal.quelinka.es\/en\/get-to-know\/news\/news-2024\/visit-of-the-spanish-association-of-foundations-to-the-rafa-nadal-foundation-center-in-palma-de-mallorca\/\"]}]},{\"@type\":\"ImageObject\",\"inLanguage\":\"en-US\",\"@id\":\"https:\/\/fundacionrafanadal.quelinka.es\/en\/get-to-know\/news\/news-2024\/visit-of-the-spanish-association-of-foundations-to-the-rafa-nadal-foundation-center-in-palma-de-mallorca\/#primaryimage\",\"url\":\"https:\/\/fundacionrafanadal.quelinka.es\/wp-content\/uploads\/2024\/04\/AEF-visita.jpg\",\"contentUrl\":\"https:\/\/fundacionrafanadal.quelinka.es\/wp-content\/uploads\/2024\/04\/AEF-visita.jpg\",\"width\":1479,\"height\":1183},{\"@type\":\"BreadcrumbList\",\"@id\":\"https:\/\/fundacionrafanadal.quelinka.es\/en\/get-to-know\/news\/news-2024\/visit-of-the-spanish-association-of-foundations-to-the-rafa-nadal-foundation-center-in-palma-de-mallorca\/#breadcrumb\",\"itemListElement\":[{\"@type\":\"ListItem\",\"position\":1,\"name\":\"Portada\",\"item\":\"https:\/\/fundacionrafanadal.quelinka.es\/en\/\"},{\"@type\":\"ListItem\",\"position\":2,\"name\":\"Get to know!\",\"item\":\"https:\/\/fundacionrafanadal.quelinka.es\/en\/conocenos\/\"},{\"@type\":\"ListItem\",\"position\":3,\"name\":\"News\",\"item\":\"https:\/\/fundacionrafanadal.quelinka.es\/en\/conocenos\/noticias\/\"},{\"@type\":\"ListItem\",\"position\":4,\"name\":\"News 2023\",\"item\":\"https:\/\/fundacionrafanadal.quelinka.es\/en\/conocenos\/noticias\/noticias-2024\/\"},{\"@type\":\"ListItem\",\"position\":5,\"name\":\"Visit of the Spanish Association of Foundations to the Rafa Nadal Foundation Center in Palma de Mallorca\"}]},{\"@type\":\"WebSite\",\"@id\":\"https:\/\/fundacionrafanadal.quelinka.es\/en\/#website\",\"url\":\"https:\/\/fundacionrafanadal.quelinka.es\/en\/\",\"name\":\"Fundaci\u00f3n Rafa Nadal\",\"description\":\"A trav\u00e9s del deporte y la educaci\u00f3n, promovemos la integraci\u00f3n y el desarrollo personal y social de ni\u00f1os y j\u00f3venes. En Espa\u00f1a y la India.\",\"publisher\":{\"@id\":\"https:\/\/fundacionrafanadal.quelinka.es\/en\/#organization\"},\"potentialAction\":[{\"@type\":\"SearchAction\",\"target\":{\"@type\":\"EntryPoint\",\"urlTemplate\":\"https:\/\/fundacionrafanadal.quelinka.es\/en\/?s={search_term_string}\"},\"query-input\":{\"@type\":\"PropertyValueSpecification\",\"valueRequired\":true,\"valueName\":\"search_term_string\"}}],\"inLanguage\":\"en-US\"},{\"@type\":\"Organization\",\"@id\":\"https:\/\/fundacionrafanadal.quelinka.es\/en\/#organization\",\"name\":\"Fundaci\u00f3n Rafa Nadal\",\"url\":\"https:\/\/fundacionrafanadal.quelinka.es\/en\/\",\"logo\":{\"@type\":\"ImageObject\",\"inLanguage\":\"en-US\",\"@id\":\"https:\/\/fundacionrafanadal.quelinka.es\/en\/#\/schema\/logo\/image\/\",\"url\":\"https:\/\/fundacionrafanadal.quelinka.es\/wp-content\/uploads\/2022\/09\/logo-frn-web-3.png\",\"contentUrl\":\"https:\/\/fundacionrafanadal.quelinka.es\/wp-content\/uploads\/2022\/09\/logo-frn-web-3.png\",\"width\":551,\"height\":140,\"caption\":\"Fundaci\u00f3n Rafa Nadal\"},\"image\":{\"@id\":\"https:\/\/fundacionrafanadal.quelinka.es\/en\/#\/schema\/logo\/image\/\"}}]}<\/script>\n<!-- \/ Yoast SEO plugin. -->","yoast_head_json":{"title":"Visit of the Spanish Association of Foundations to the Rafa Nadal Foundation Center in Palma de Mallorca - Fundaci\u00f3n Rafa Nadal","robots":{"index":"noindex","follow":"follow","max-snippet":"max-snippet:-1","max-image-preview":"max-image-preview:large","max-video-preview":"max-video-preview:-1"},"og_locale":"en_US","og_type":"article","og_title":"Visit of the Spanish Association of Foundations to the Rafa Nadal Foundation Center in Palma de Mallorca - Fundaci\u00f3n Rafa Nadal","og_description":"VISIT OF THE SPANISH ASSOCIATION OF FOUNDATIONS TO THE RAFA NADAL FOUNDATION CENTER IN PALMA DE MALLORCA As part of the Regional Council meeting of the Spanish Association of Foundations, Pilar Garc\u00eda Ceballos-Zu\u00f1iga, President of the Spanish Association of Foundations (AEF), Isabel Pe\u00f1alosa Esteban, Director of Institutional Relations, Advice, and Communication of the AEF and [&hellip;]","og_url":"https:\/\/fundacionrafanadal.quelinka.es\/en\/get-to-know\/news\/news-2024\/visit-of-the-spanish-association-of-foundations-to-the-rafa-nadal-foundation-center-in-palma-de-mallorca\/","og_site_name":"Fundaci\u00f3n Rafa Nadal","article_modified_time":"2024-04-12T11:38:39+00:00","og_image":[{"width":1479,"height":1183,"url":"https:\/\/fundacionrafanadal.quelinka.es\/wp-content\/uploads\/2024\/04\/AEF-visita.jpg","type":"image\/jpeg"}],"twitter_card":"summary_large_image","twitter_misc":{"Est. reading time":"3 minutes"},"schema":{"@context":"https:\/\/schema.org","@graph":[{"@type":"WebPage","@id":"https:\/\/fundacionrafanadal.quelinka.es\/en\/get-to-know\/news\/news-2024\/visit-of-the-spanish-association-of-foundations-to-the-rafa-nadal-foundation-center-in-palma-de-mallorca\/","url":"https:\/\/fundacionrafanadal.quelinka.es\/en\/get-to-know\/news\/news-2024\/visit-of-the-spanish-association-of-foundations-to-the-rafa-nadal-foundation-center-in-palma-de-mallorca\/","name":"Visit of the Spanish Association of Foundations to the Rafa Nadal Foundation Center in Palma de Mallorca - Fundaci\u00f3n Rafa Nadal","isPartOf":{"@id":"https:\/\/fundacionrafanadal.quelinka.es\/en\/#website"},"primaryImageOfPage":{"@id":"https:\/\/fundacionrafanadal.quelinka.es\/en\/get-to-know\/news\/news-2024\/visit-of-the-spanish-association-of-foundations-to-the-rafa-nadal-foundation-center-in-palma-de-mallorca\/#primaryimage"},"image":{"@id":"https:\/\/fundacionrafanadal.quelinka.es\/en\/get-to-know\/news\/news-2024\/visit-of-the-spanish-association-of-foundations-to-the-rafa-nadal-foundation-center-in-palma-de-mallorca\/#primaryimage"},"thumbnailUrl":"https:\/\/fundacionrafanadal.quelinka.es\/wp-content\/uploads\/2024\/04\/AEF-visita.jpg","datePublished":"2024-04-12T11:38:18+00:00","dateModified":"2024-04-12T11:38:39+00:00","breadcrumb":{"@id":"https:\/\/fundacionrafanadal.quelinka.es\/en\/get-to-know\/news\/news-2024\/visit-of-the-spanish-association-of-foundations-to-the-rafa-nadal-foundation-center-in-palma-de-mallorca\/#breadcrumb"},"inLanguage":"en-US","potentialAction":[{"@type":"ReadAction","target":["https:\/\/fundacionrafanadal.quelinka.es\/en\/get-to-know\/news\/news-2024\/visit-of-the-spanish-association-of-foundations-to-the-rafa-nadal-foundation-center-in-palma-de-mallorca\/"]}]},{"@type":"ImageObject","inLanguage":"en-US","@id":"https:\/\/fundacionrafanadal.quelinka.es\/en\/get-to-know\/news\/news-2024\/visit-of-the-spanish-association-of-foundations-to-the-rafa-nadal-foundation-center-in-palma-de-mallorca\/#primaryimage","url":"https:\/\/fundacionrafanadal.quelinka.es\/wp-content\/uploads\/2024\/04\/AEF-visita.jpg","contentUrl":"https:\/\/fundacionrafanadal.quelinka.es\/wp-content\/uploads\/2024\/04\/AEF-visita.jpg","width":1479,"height":1183},{"@type":"BreadcrumbList","@id":"https:\/\/fundacionrafanadal.quelinka.es\/en\/get-to-know\/news\/news-2024\/visit-of-the-spanish-association-of-foundations-to-the-rafa-nadal-foundation-center-in-palma-de-mallorca\/#breadcrumb","itemListElement":[{"@type":"ListItem","position":1,"name":"Portada","item":"https:\/\/fundacionrafanadal.quelinka.es\/en\/"},{"@type":"ListItem","position":2,"name":"Get to know!","item":"https:\/\/fundacionrafanadal.quelinka.es\/en\/conocenos\/"},{"@type":"ListItem","position":3,"name":"News","item":"https:\/\/fundacionrafanadal.quelinka.es\/en\/conocenos\/noticias\/"},{"@type":"ListItem","position":4,"name":"News 2023","item":"https:\/\/fundacionrafanadal.quelinka.es\/en\/conocenos\/noticias\/noticias-2024\/"},{"@type":"ListItem","position":5,"name":"Visit of the Spanish Association of Foundations to the Rafa Nadal Foundation Center in Palma de Mallorca"}]},{"@type":"WebSite","@id":"https:\/\/fundacionrafanadal.quelinka.es\/en\/#website","url":"https:\/\/fundacionrafanadal.quelinka.es\/en\/","name":"Fundaci\u00f3n Rafa Nadal","description":"A trav\u00e9s del deporte y la educaci\u00f3n, promovemos la integraci\u00f3n y el desarrollo personal y social de ni\u00f1os y j\u00f3venes. En Espa\u00f1a y la India.","publisher":{"@id":"https:\/\/fundacionrafanadal.quelinka.es\/en\/#organization"},"potentialAction":[{"@type":"SearchAction","target":{"@type":"EntryPoint","urlTemplate":"https:\/\/fundacionrafanadal.quelinka.es\/en\/?s={search_term_string}"},"query-input":{"@type":"PropertyValueSpecification","valueRequired":true,"valueName":"search_term_string"}}],"inLanguage":"en-US"},{"@type":"Organization","@id":"https:\/\/fundacionrafanadal.quelinka.es\/en\/#organization","name":"Fundaci\u00f3n Rafa Nadal","url":"https:\/\/fundacionrafanadal.quelinka.es\/en\/","logo":{"@type":"ImageObject","inLanguage":"en-US","@id":"https:\/\/fundacionrafanadal.quelinka.es\/en\/#\/schema\/logo\/image\/","url":"https:\/\/fundacionrafanadal.quelinka.es\/wp-content\/uploads\/2022\/09\/logo-frn-web-3.png","contentUrl":"https:\/\/fundacionrafanadal.quelinka.es\/wp-content\/uploads\/2022\/09\/logo-frn-web-3.png","width":551,"height":140,"caption":"Fundaci\u00f3n Rafa Nadal"},"image":{"@id":"https:\/\/fundacionrafanadal.quelinka.es\/en\/#\/schema\/logo\/image\/"}}]}},"campaignId":"","_links":{"self":[{"href":"https:\/\/fundacionrafanadal.quelinka.es\/en\/wp-json\/wp\/v2\/pages\/19718","targetHints":{"allow":["GET"]}}],"collection":[{"href":"https:\/\/fundacionrafanadal.quelinka.es\/en\/wp-json\/wp\/v2\/pages"}],"about":[{"href":"https:\/\/fundacionrafanadal.quelinka.es\/en\/wp-json\/wp\/v2\/types\/page"}],"author":[{"embeddable":true,"href":"https:\/\/fundacionrafanadal.quelinka.es\/en\/wp-json\/wp\/v2\/users\/1"}],"replies":[{"embeddable":true,"href":"https:\/\/fundacionrafanadal.quelinka.es\/en\/wp-json\/wp\/v2\/comments?post=19718"}],"version-history":[{"count":1,"href":"https:\/\/fundacionrafanadal.quelinka.es\/en\/wp-json\/wp\/v2\/pages\/19718\/revisions"}],"predecessor-version":[{"id":19726,"href":"https:\/\/fundacionrafanadal.quelinka.es\/en\/wp-json\/wp\/v2\/pages\/19718\/revisions\/19726"}],"up":[{"embeddable":true,"href":"https:\/\/fundacionrafanadal.quelinka.es\/en\/wp-json\/wp\/v2\/pages\/18939"}],"wp:featuredmedia":[{"embeddable":true,"href":"https:\/\/fundacionrafanadal.quelinka.es\/en\/wp-json\/wp\/v2\/media\/19721"}],"wp:attachment":[{"href":"https:\/\/fundacionrafanadal.quelinka.es\/en\/wp-json\/wp\/v2\/media?parent=19718"}],"curies":[{"name":"wp","href":"https:\/\/api.w.org\/{rel}","templated":true}]}}