{"id":22205,"date":"2024-06-27T12:17:10","date_gmt":"2024-06-27T12:17:10","guid":{"rendered":"https:\/\/www.fundacionrafanadal.org\/?page_id=22205"},"modified":"2025-10-08T08:42:28","modified_gmt":"2025-10-08T08:42:28","slug":"ethics-mailbox","status":"publish","type":"page","link":"https:\/\/fundacionrafanadal.quelinka.es\/en\/ethics-mailbox\/","title":{"rendered":"ETHICS MAILBOX"},"content":{"rendered":"\n<h1 class=\"wp-block-heading has-text-align-center has-x-large-font-size\" style=\"margin-bottom:0px;padding-bottom:0px;padding-left:var(--wp--preset--spacing--30)\">ETHICS MAILBOX<\/h1>\n\n\n\n<h2 class=\"wp-block-heading has-text-align-center has-large-font-size\" style=\"margin-top:0px\"><strong>Whistleblowing Channel<\/strong><\/h2>\n\n\n\n<p class=\"has-medium-font-size\" style=\"line-height:1.5\">The <strong>Rafa Nadal Foundation<\/strong> aims to create an environment of transparency and encourage adherence to the laws and conduct standards established in our code of ethics by all those involved in our work.<\/p>\n\n\n\n<div style=\"height:30px\" aria-hidden=\"true\" class=\"wp-block-spacer\"><\/div>\n\n\n\n<div class=\"wp-block-group alignwide has-ast-global-color-8-color has-ast-global-color-4-background-color has-text-color has-background has-link-color wp-elements-d2064655658a81ab7cef0c2977936d84 is-layout-flow wp-container-core-group-is-layout-c7e0c4f5 wp-block-group-is-layout-flow\" style=\"border-style:none;border-width:0px;margin-top:0px;margin-bottom:0px;padding-top:40px;padding-right:40px;padding-bottom:40px;padding-left:40px\"><div class=\"wp-block-group__inner-container\">\n<p style=\"font-size:16px;line-height:1.6\">For this reason, and in accordance with Law 2\/2023, of February 20, regulating the protection of individuals who report regulatory breaches and combating corruption, we have an internal information system that allows for the reporting of potential misconduct or illegal acts or violations of the foundation&#8217;s regulations or governance policy.<\/p>\n\n\n\n<p style=\"font-size:16px;line-height:1.6\"><strong>Prohibition of Retaliation: <\/strong>The Rafa Nadal Foundation is committed to not taking any form of retaliation against anyone who has made a good-faith report.<\/p>\n\n\n\n<p style=\"font-size:16px;line-height:1.6\"><strong>Anonymity:<\/strong> Reports can be made anonymously.<\/p>\n\n\n\n<p style=\"font-size:16px;line-height:1.6\"><strong>Confidentiality:<\/strong> Protecting the identity of the whistleblower and any third parties mentioned in the report, as well as ensuring the security of personal data, is a fundamental principle in handling the reports received.<\/p>\n\n\n\n<p style=\"font-size:16px;line-height:1.6\"><strong>System Management::<\/strong> The Foundation\u2019s Compliance Committee is responsible for managing the internal information system according to the procedure established by its governing body. <a href=\"https:\/\/www.fundacionrafanadal.quelinka.es\/wp-content\/uploads\/2024\/10\/POLITICA-SISTEMA-INFORMACION-A-PUBLICAR-EN-LA-WEB.pdf\"><strong>See policy.<\/strong><\/a><\/p>\n\n\n\n<p style=\"font-size:16px;line-height:1.6\"><strong>Rights of Affected Individuals:<\/strong> The privacy, honor, defense, and presumption of innocence of the individuals being investigated and affected are guaranteed.<\/p>\n\n\n\n<p style=\"font-size:16px;line-height:1.6\">Communications can be sent in writing via the form on this website or by postal mail to<\/p>\n\n\n\n<p style=\"font-size:16px;line-height:1.6\"><strong>Rafa Nadal Foundation<\/strong><br>Ctra. Cales de Mallorca KM 1,2<br>07500, Manacor (Spain)<br><strong>Tel.<\/strong>&nbsp;+34 971 171 679&nbsp;<\/p>\n\n\n\n<p style=\"font-size:16px;line-height:1.6\">Whistleblowers may also direct their communications to the Independent<\/p>\n\n\n\n<p style=\"font-size:16px;line-height:1.6\">Whistleblower Protection Authority or to any other competent institution, body, or organization.<\/p>\n<\/div><\/div>\n\n\n\n<div style=\"height:30px\" aria-hidden=\"true\" class=\"wp-block-spacer\"><\/div>\n\n\n\n<div class=\"wpcf7 no-js\" id=\"wpcf7-f22204-o1\" lang=\"en-US\" dir=\"ltr\" data-wpcf7-id=\"22204\">\n<div class=\"screen-reader-response\"><p role=\"status\" aria-live=\"polite\" aria-atomic=\"true\"><\/p> <ul><\/ul><\/div>\n<form action=\"\/en\/wp-json\/wp\/v2\/pages\/22205#wpcf7-f22204-o1\" method=\"post\" class=\"wpcf7-form init 9076746fbdb9 cmatic-conn cmatic-aud-4 cmatic-mapd0-0 cmatic-v0972 cmatic-sent-0 cmatic-total-0\" aria-label=\"Contact form\" novalidate=\"novalidate\" data-status=\"init\">\n<fieldset class=\"hidden-fields-container\"><input type=\"hidden\" name=\"_wpcf7\" value=\"22204\" \/><input type=\"hidden\" name=\"_wpcf7_version\" value=\"6.1.4\" \/><input type=\"hidden\" name=\"_wpcf7_locale\" value=\"en_US\" \/><input type=\"hidden\" name=\"_wpcf7_unit_tag\" value=\"wpcf7-f22204-o1\" \/><input type=\"hidden\" name=\"_wpcf7_container_post\" value=\"0\" \/><input type=\"hidden\" name=\"_wpcf7_posted_data_hash\" value=\"\" \/><input type=\"hidden\" name=\"_wpcf7cf_hidden_group_fields\" value=\"[]\" \/><input type=\"hidden\" name=\"_wpcf7cf_hidden_groups\" value=\"[]\" \/><input type=\"hidden\" name=\"_wpcf7cf_visible_groups\" value=\"[]\" \/><input type=\"hidden\" name=\"_wpcf7cf_repeaters\" value=\"[]\" \/><input type=\"hidden\" name=\"_wpcf7cf_steps\" value=\"{}\" \/><input type=\"hidden\" name=\"_wpcf7cf_options\" value=\"{&quot;form_id&quot;:22204,&quot;conditions&quot;:[{&quot;then_field&quot;:&quot;Contacto&quot;,&quot;and_rules&quot;:[{&quot;if_field&quot;:&quot;tipo&quot;,&quot;operator&quot;:&quot;equals&quot;,&quot;if_value&quot;:&quot;New Report&quot;}]},{&quot;then_field&quot;:&quot;Global&quot;,&quot;and_rules&quot;:[{&quot;if_field&quot;:&quot;contacto&quot;,&quot;operator&quot;:&quot;equals&quot;,&quot;if_value&quot;:&quot;Anonymous&quot;}]},{&quot;then_field&quot;:&quot;Global&quot;,&quot;and_rules&quot;:[{&quot;if_field&quot;:&quot;contacto&quot;,&quot;operator&quot;:&quot;equals&quot;,&quot;if_value&quot;:&quot;Identified&quot;}]},{&quot;then_field&quot;:&quot;Seguimiento&quot;,&quot;and_rules&quot;:[{&quot;if_field&quot;:&quot;tipo&quot;,&quot;operator&quot;:&quot;equals&quot;,&quot;if_value&quot;:&quot;Follow-up&quot;}]},{&quot;then_field&quot;:&quot;Identificado&quot;,&quot;and_rules&quot;:[{&quot;if_field&quot;:&quot;contacto&quot;,&quot;operator&quot;:&quot;equals&quot;,&quot;if_value&quot;:&quot;Identified&quot;}]},{&quot;then_field&quot;:&quot;Check&quot;,&quot;and_rules&quot;:[{&quot;if_field&quot;:&quot;tipo&quot;,&quot;operator&quot;:&quot;equals&quot;,&quot;if_value&quot;:&quot;New Report&quot;}]}],&quot;settings&quot;:{&quot;animation&quot;:&quot;yes&quot;,&quot;animation_intime&quot;:200,&quot;animation_outtime&quot;:200,&quot;conditions_ui&quot;:&quot;normal&quot;,&quot;notice_dismissed&quot;:false}}\" \/><input type=\"hidden\" name=\"_wpcf7_recaptcha_response\" value=\"\" \/>\n<\/fieldset>\n<p><label> Type of Request:<br \/>\n<span class=\"wpcf7-form-control-wrap\" data-name=\"tipo\"><select class=\"wpcf7-form-control wpcf7-select wpcf7-validates-as-required\" aria-required=\"true\" aria-invalid=\"false\" name=\"tipo\"><option value=\"\">Select...<\/option><option value=\"New Report\">New Report<\/option><option value=\"Follow-up\">Follow-up<\/option><\/select><\/span><br \/>\n<\/label>\n<\/p>\n<div data-id=\"Contacto\" data-orig_data_id=\"Contacto\"  class=\"\" data-class=\"wpcf7cf_group\">\n\t<p><label> Type of Contact:<br \/>\n<span class=\"wpcf7-form-control-wrap\" data-name=\"contacto\"><select class=\"wpcf7-form-control wpcf7-select wpcf7-validates-as-required\" aria-required=\"true\" aria-invalid=\"false\" name=\"contacto\"><option value=\"\">Select...<\/option><option value=\"Anonymous\">Anonymous<\/option><option value=\"Identified\">Identified<\/option><\/select><\/span><br \/>\n<\/label>\n\t<\/p>\n<\/div>\n<div data-id=\"Seguimiento\" data-orig_data_id=\"Seguimiento\"  class=\"\" data-class=\"wpcf7cf_group\">\n\t<p><label> Please enter the tracking code for your report:<br \/>\n<span class=\"wpcf7-form-control-wrap codigo\"><input size=\"40\" class=\"wpcf7-form-control wpcf7-password wpcf7-validates-as-required wpcf7-validates-as-password\" aria-required=\"true\" aria-invalid=\"false\" value=\"\" type=\"password\" name=\"codigo\" autocomplete=\"false\"\/><\/span><br \/>\n<\/label>\n\t<\/p>\n<\/div>\n<div data-id=\"Identificado\" data-orig_data_id=\"Identificado\"  class=\"\" data-class=\"wpcf7cf_group\">\n\t<p><label> Company Name:<br \/>\n<span class=\"wpcf7-form-control-wrap\" data-name=\"denominacion\"><input size=\"40\" maxlength=\"400\" class=\"wpcf7-form-control wpcf7-text wpcf7-validates-as-required\" aria-required=\"true\" aria-invalid=\"false\" value=\"\" type=\"text\" name=\"denominacion\" \/><\/span><br \/>\n<\/label><br \/>\n<label> Tax ID Number (NIF):<br \/>\n<span class=\"wpcf7-form-control-wrap\" data-name=\"nif\"><input size=\"40\" maxlength=\"400\" class=\"wpcf7-form-control wpcf7-text wpcf7-validates-as-required\" aria-required=\"true\" aria-invalid=\"false\" value=\"\" type=\"text\" name=\"nif\" \/><\/span><br \/>\n<\/label><br \/>\n<label> First Name:<br \/>\n<span class=\"wpcf7-form-control-wrap\" data-name=\"nombre\"><input size=\"40\" maxlength=\"400\" class=\"wpcf7-form-control wpcf7-text wpcf7-validates-as-required\" aria-required=\"true\" aria-invalid=\"false\" value=\"\" type=\"text\" name=\"nombre\" \/><\/span><br \/>\n<\/label><br \/>\n<label> Last Name:<br \/>\n<span class=\"wpcf7-form-control-wrap\" data-name=\"apellido-uno\"><input size=\"40\" maxlength=\"400\" class=\"wpcf7-form-control wpcf7-text wpcf7-validates-as-required\" aria-required=\"true\" aria-invalid=\"false\" value=\"\" type=\"text\" name=\"apellido-uno\" \/><\/span><br \/>\n<\/label><br \/>\n<label> Second Last Name:<br \/>\n<span class=\"wpcf7-form-control-wrap\" data-name=\"apellido-dos\"><input size=\"40\" maxlength=\"400\" class=\"wpcf7-form-control wpcf7-text wpcf7-validates-as-required\" aria-required=\"true\" aria-invalid=\"false\" value=\"\" type=\"text\" name=\"apellido-dos\" \/><\/span><br \/>\n<\/label><br \/>\n<label> Email:<br \/>\n<span class=\"wpcf7-form-control-wrap\" data-name=\"correo\"><input size=\"40\" maxlength=\"400\" class=\"wpcf7-form-control wpcf7-email wpcf7-validates-as-required wpcf7-text wpcf7-validates-as-email\" aria-required=\"true\" aria-invalid=\"false\" value=\"\" type=\"email\" name=\"correo\" \/><\/span><br \/>\n<\/label><br \/>\n<label> Phone:<br \/>\n<span class=\"wpcf7-form-control-wrap\" data-name=\"telefono\"><input size=\"40\" maxlength=\"400\" class=\"wpcf7-form-control wpcf7-text\" aria-invalid=\"false\" value=\"\" type=\"text\" name=\"telefono\" \/><\/span><br \/>\n<\/label>\n\t<\/p>\n<\/div>\n<div data-id=\"Global\" data-orig_data_id=\"Global\"  class=\"\" data-class=\"wpcf7cf_group\">\n\t<p><label> Identify your or your company's relationship with the Rafa Nadal Foundation:<br \/>\n<span class=\"wpcf7-form-control-wrap\" data-name=\"relacion\"><select class=\"wpcf7-form-control wpcf7-select wpcf7-validates-as-required\" aria-required=\"true\" aria-invalid=\"false\" name=\"relacion\"><option value=\"\">Select...<\/option><option value=\"RNF Employee\">RNF Employee<\/option><option value=\"Board Member\">Board Member<\/option><option value=\"Beneficiary\">Beneficiary<\/option><option value=\"Partner\">Partner<\/option><option value=\"Allie\">Allie<\/option><option value=\"Donor\">Donor<\/option><option value=\"Supplier\">Supplier<\/option><option value=\"Subcontractor\">Subcontractor<\/option><option value=\"Others\">Others<\/option><\/select><\/span><br \/>\n<\/label><br \/>\n<label> Provide a detailed description of the events you wish to report. Please organize the description chronologically and include all relevant information for the investigation of the reported facts:<br \/>\n<span class=\"wpcf7-form-control-wrap\" data-name=\"denuncia\"><textarea cols=\"40\" rows=\"10\" maxlength=\"2000\" class=\"wpcf7-form-control wpcf7-textarea wpcf7-validates-as-required\" aria-required=\"true\" aria-invalid=\"false\" name=\"denuncia\"><\/textarea><\/span><br \/>\n<\/label><br \/>\n<label>Identify the location(s) and the time period during which the reported events have occurred or are occurring:<br \/>\n<span class=\"wpcf7-form-control-wrap\" data-name=\"lugar\"><textarea cols=\"40\" rows=\"10\" maxlength=\"2000\" class=\"wpcf7-form-control wpcf7-textarea wpcf7-validates-as-required\" aria-required=\"true\" aria-invalid=\"false\" name=\"lugar\"><\/textarea><\/span><br \/>\n<\/label><br \/>\n<label>If possible, identify other individuals involved in the events or who have knowledge of them, as well as the affected person(s):<br \/>\n<span class=\"wpcf7-form-control-wrap\" data-name=\"participantes\"><textarea cols=\"40\" rows=\"10\" maxlength=\"2000\" class=\"wpcf7-form-control wpcf7-textarea wpcf7-validates-as-required\" aria-required=\"true\" aria-invalid=\"false\" name=\"participantes\"><\/textarea><\/span><br \/>\n<\/label><br \/>\n<label>Describe how the reported facts came to your knowledge:<br \/>\n<span class=\"wpcf7-form-control-wrap\" data-name=\"conocimiento\"><textarea cols=\"40\" rows=\"10\" maxlength=\"2000\" class=\"wpcf7-form-control wpcf7-textarea wpcf7-validates-as-required\" aria-required=\"true\" aria-invalid=\"false\" name=\"conocimiento\"><\/textarea><\/span><br \/>\n<\/label><br \/>\n<label><br \/>\nIf you have a document or file that supports your report, you can upload it below: Drag and drop files here or Browse files 0 of 10:<br \/>\n<span class=\"wpcf7-form-control-wrap\" data-name=\"archivos\"><input size=\"40\" class=\"wpcf7-form-control wpcf7-drag-n-drop-file d-none\" aria-invalid=\"false\" type=\"file\" multiple=\"multiple\" data-name=\"archivos\" data-type=\"jpeg|png|jpg|gif|zip|rar\" data-id=\"22204\" data-version=\"free version 1.3.9.3\" accept=\".jpeg, .png, .jpg, .gif, .zip, .rar\" \/><\/span><br \/>\n<\/label>\n\t<\/p>\n<\/div>\n<div data-id=\"Check\" data-orig_data_id=\"Check\"  class=\"\" data-class=\"wpcf7cf_group\">\n\t<p><span class=\"wpcf7-form-control-wrap\" data-name=\"aceptacion\"><span class=\"wpcf7-form-control wpcf7-checkbox wpcf7-validates-as-required\"><span class=\"wpcf7-list-item first last\"><label><input type=\"checkbox\" name=\"aceptacion[]\" value=\"I have read and accept the privacy policy\" \/><span class=\"wpcf7-list-item-label\">I have read and accept the privacy policy<\/span><\/label><\/span><\/span><\/span>\n\t<\/p>\n<\/div>\n<p><input class=\"wpcf7-form-control wpcf7-submit has-spinner\" type=\"submit\" value=\"Send\" \/>\n<\/p><div class=\"wpcf7-response-output\" aria-hidden=\"true\"><\/div>\n<\/form>\n<\/div>\n\n\n\n\n<div style=\"height:100px\" aria-hidden=\"true\" class=\"wp-block-spacer\"><\/div>\n\n\n\n<p class=\"has-text-align-center\"><strong>Basic Information on Data Protection<\/strong><\/p>\n\n\n\n<p class=\"has-text-align-center\"><strong>Data Controller:<\/strong> Rafa Nadal Foundation<br><strong>Purpose:<\/strong> To handle requests; send information and updates from the Foundation; manage donations, reports, and registrations.<br><strong>Legal Basis:<\/strong> Consent, legal obligation, performance of a contract, and legitimate interest.<br><strong>Recipients:<\/strong> Data will only be shared with third parties when legally required; data processors outside the EU are covered by the \u201cPrivacy Framework.\u201d<br><strong>Rights:<\/strong> Access, rectification, and erasure of data, as well as other rights indicated in the additional information.<br><strong>Additional Information:<\/strong> Please refer to the latest version of our <a href=\"https:\/\/www.fundacionrafanadal.quelinka.es\/en\/privacy-policy\/\">Privacy Policy <\/a>for more details.<\/p>\n\n\n\n<div style=\"height:100px\" aria-hidden=\"true\" class=\"wp-block-spacer\"><\/div>\n","protected":false},"excerpt":{"rendered":"<p>ETHICS MAILBOX Whistleblowing Channel The Rafa Nadal Foundation aims to create an environment of transparency and encourage adherence to the laws and conduct standards established in our code of ethics by all those involved in our work. For this reason, and in accordance with Law 2\/2023, of February 20, regulating the protection of individuals who [&hellip;]<\/p>\n","protected":false},"author":1,"featured_media":0,"parent":0,"menu_order":0,"comment_status":"closed","ping_status":"closed","template":"","meta":{"_acf_changed":false,"give_campaign_id":0,"_monsterinsights_skip_tracking":false,"_monsterinsights_sitenote_active":false,"_monsterinsights_sitenote_note":"","_monsterinsights_sitenote_category":0,"site-sidebar-layout":"no-sidebar","site-content-layout":"plain-container","ast-site-content-layout":"normal-width-container","site-content-style":"unboxed","site-sidebar-style":"unboxed","ast-global-header-display":"","ast-banner-title-visibility":"","ast-main-header-display":"","ast-hfb-above-header-display":"","ast-hfb-below-header-display":"","ast-hfb-mobile-header-display":"","site-post-title":"disabled","ast-breadcrumbs-content":"","ast-featured-img":"","footer-sml-layout":"","ast-disable-related-posts":"","theme-transparent-header-meta":"","adv-header-id-meta":"","stick-header-meta":"","header-above-stick-meta":"","header-main-stick-meta":"","header-below-stick-meta":"","astra-migrate-meta-layouts":"set","ast-page-background-enabled":"default","ast-page-background-meta":{"desktop":{"background-color":"var(--ast-global-color-4)","background-image":"","background-repeat":"repeat","background-position":"center center","background-size":"auto","background-attachment":"scroll","background-type":"","background-media":"","overlay-type":"","overlay-color":"","overlay-opacity":"","overlay-gradient":""},"tablet":{"background-color":"","background-image":"","background-repeat":"repeat","background-position":"center center","background-size":"auto","background-attachment":"scroll","background-type":"","background-media":"","overlay-type":"","overlay-color":"","overlay-opacity":"","overlay-gradient":""},"mobile":{"background-color":"","background-image":"","background-repeat":"repeat","background-position":"center center","background-size":"auto","background-attachment":"scroll","background-type":"","background-media":"","overlay-type":"","overlay-color":"","overlay-opacity":"","overlay-gradient":""}},"ast-content-background-meta":{"desktop":{"background-color":"var(--ast-global-color-5)","background-image":"","background-repeat":"repeat","background-position":"center center","background-size":"auto","background-attachment":"scroll","background-type":"","background-media":"","overlay-type":"","overlay-color":"","overlay-opacity":"","overlay-gradient":""},"tablet":{"background-color":"var(--ast-global-color-5)","background-image":"","background-repeat":"repeat","background-position":"center center","background-size":"auto","background-attachment":"scroll","background-type":"","background-media":"","overlay-type":"","overlay-color":"","overlay-opacity":"","overlay-gradient":""},"mobile":{"background-color":"var(--ast-global-color-5)","background-image":"","background-repeat":"repeat","background-position":"center center","background-size":"auto","background-attachment":"scroll","background-type":"","background-media":"","overlay-type":"","overlay-color":"","overlay-opacity":"","overlay-gradient":""}},"_themeisle_gutenberg_block_has_review":false,"footnotes":""},"class_list":["post-22205","page","type-page","status-publish","hentry"],"acf":[],"yoast_head":"<!-- This site is optimized with the Yoast SEO plugin v26.8 - https:\/\/yoast.com\/product\/yoast-seo-wordpress\/ -->\n<title>ETHICS MAILBOX - Fundaci\u00f3n Rafa Nadal<\/title>\n<meta name=\"robots\" content=\"noindex, follow, max-snippet:-1, max-image-preview:large, max-video-preview:-1\" \/>\n<meta property=\"og:locale\" content=\"en_US\" \/>\n<meta property=\"og:type\" content=\"article\" \/>\n<meta property=\"og:title\" content=\"ETHICS MAILBOX - Fundaci\u00f3n Rafa Nadal\" \/>\n<meta property=\"og:description\" content=\"ETHICS MAILBOX Whistleblowing Channel The Rafa Nadal Foundation aims to create an environment of transparency and encourage adherence to the laws and conduct standards established in our code of ethics by all those involved in our work. For this reason, and in accordance with Law 2\/2023, of February 20, regulating the protection of individuals who [&hellip;]\" \/>\n<meta property=\"og:url\" content=\"https:\/\/fundacionrafanadal.quelinka.es\/en\/ethics-mailbox\/\" \/>\n<meta property=\"og:site_name\" content=\"Fundaci\u00f3n Rafa Nadal\" \/>\n<meta property=\"article:modified_time\" content=\"2025-10-08T08:42:28+00:00\" \/>\n<meta name=\"twitter:card\" content=\"summary_large_image\" \/>\n<meta name=\"twitter:label1\" content=\"Est. reading time\" \/>\n\t<meta name=\"twitter:data1\" content=\"2 minutes\" \/>\n<script type=\"application\/ld+json\" class=\"yoast-schema-graph\">{\"@context\":\"https:\/\/schema.org\",\"@graph\":[{\"@type\":\"WebPage\",\"@id\":\"https:\/\/fundacionrafanadal.quelinka.es\/en\/ethics-mailbox\/\",\"url\":\"https:\/\/fundacionrafanadal.quelinka.es\/en\/ethics-mailbox\/\",\"name\":\"ETHICS MAILBOX - Fundaci\u00f3n Rafa Nadal\",\"isPartOf\":{\"@id\":\"https:\/\/fundacionrafanadal.quelinka.es\/en\/#website\"},\"datePublished\":\"2024-06-27T12:17:10+00:00\",\"dateModified\":\"2025-10-08T08:42:28+00:00\",\"breadcrumb\":{\"@id\":\"https:\/\/fundacionrafanadal.quelinka.es\/en\/ethics-mailbox\/#breadcrumb\"},\"inLanguage\":\"en-US\",\"potentialAction\":[{\"@type\":\"ReadAction\",\"target\":[\"https:\/\/fundacionrafanadal.quelinka.es\/en\/ethics-mailbox\/\"]}]},{\"@type\":\"BreadcrumbList\",\"@id\":\"https:\/\/fundacionrafanadal.quelinka.es\/en\/ethics-mailbox\/#breadcrumb\",\"itemListElement\":[{\"@type\":\"ListItem\",\"position\":1,\"name\":\"Portada\",\"item\":\"https:\/\/fundacionrafanadal.quelinka.es\/en\/\"},{\"@type\":\"ListItem\",\"position\":2,\"name\":\"ETHICS MAILBOX\"}]},{\"@type\":\"WebSite\",\"@id\":\"https:\/\/fundacionrafanadal.quelinka.es\/en\/#website\",\"url\":\"https:\/\/fundacionrafanadal.quelinka.es\/en\/\",\"name\":\"Fundaci\u00f3n Rafa Nadal\",\"description\":\"A trav\u00e9s del deporte y la educaci\u00f3n, promovemos la integraci\u00f3n y el desarrollo personal y social de ni\u00f1os y j\u00f3venes. En Espa\u00f1a y la India.\",\"publisher\":{\"@id\":\"https:\/\/fundacionrafanadal.quelinka.es\/en\/#organization\"},\"potentialAction\":[{\"@type\":\"SearchAction\",\"target\":{\"@type\":\"EntryPoint\",\"urlTemplate\":\"https:\/\/fundacionrafanadal.quelinka.es\/en\/?s={search_term_string}\"},\"query-input\":{\"@type\":\"PropertyValueSpecification\",\"valueRequired\":true,\"valueName\":\"search_term_string\"}}],\"inLanguage\":\"en-US\"},{\"@type\":\"Organization\",\"@id\":\"https:\/\/fundacionrafanadal.quelinka.es\/en\/#organization\",\"name\":\"Fundaci\u00f3n Rafa Nadal\",\"url\":\"https:\/\/fundacionrafanadal.quelinka.es\/en\/\",\"logo\":{\"@type\":\"ImageObject\",\"inLanguage\":\"en-US\",\"@id\":\"https:\/\/fundacionrafanadal.quelinka.es\/en\/#\/schema\/logo\/image\/\",\"url\":\"https:\/\/fundacionrafanadal.quelinka.es\/wp-content\/uploads\/2022\/09\/logo-frn-web-3.png\",\"contentUrl\":\"https:\/\/fundacionrafanadal.quelinka.es\/wp-content\/uploads\/2022\/09\/logo-frn-web-3.png\",\"width\":551,\"height\":140,\"caption\":\"Fundaci\u00f3n Rafa Nadal\"},\"image\":{\"@id\":\"https:\/\/fundacionrafanadal.quelinka.es\/en\/#\/schema\/logo\/image\/\"}}]}<\/script>\n<!-- \/ Yoast SEO plugin. -->","yoast_head_json":{"title":"ETHICS MAILBOX - Fundaci\u00f3n Rafa Nadal","robots":{"index":"noindex","follow":"follow","max-snippet":"max-snippet:-1","max-image-preview":"max-image-preview:large","max-video-preview":"max-video-preview:-1"},"og_locale":"en_US","og_type":"article","og_title":"ETHICS MAILBOX - Fundaci\u00f3n Rafa Nadal","og_description":"ETHICS MAILBOX Whistleblowing Channel The Rafa Nadal Foundation aims to create an environment of transparency and encourage adherence to the laws and conduct standards established in our code of ethics by all those involved in our work. For this reason, and in accordance with Law 2\/2023, of February 20, regulating the protection of individuals who [&hellip;]","og_url":"https:\/\/fundacionrafanadal.quelinka.es\/en\/ethics-mailbox\/","og_site_name":"Fundaci\u00f3n Rafa Nadal","article_modified_time":"2025-10-08T08:42:28+00:00","twitter_card":"summary_large_image","twitter_misc":{"Est. reading time":"2 minutes"},"schema":{"@context":"https:\/\/schema.org","@graph":[{"@type":"WebPage","@id":"https:\/\/fundacionrafanadal.quelinka.es\/en\/ethics-mailbox\/","url":"https:\/\/fundacionrafanadal.quelinka.es\/en\/ethics-mailbox\/","name":"ETHICS MAILBOX - Fundaci\u00f3n Rafa Nadal","isPartOf":{"@id":"https:\/\/fundacionrafanadal.quelinka.es\/en\/#website"},"datePublished":"2024-06-27T12:17:10+00:00","dateModified":"2025-10-08T08:42:28+00:00","breadcrumb":{"@id":"https:\/\/fundacionrafanadal.quelinka.es\/en\/ethics-mailbox\/#breadcrumb"},"inLanguage":"en-US","potentialAction":[{"@type":"ReadAction","target":["https:\/\/fundacionrafanadal.quelinka.es\/en\/ethics-mailbox\/"]}]},{"@type":"BreadcrumbList","@id":"https:\/\/fundacionrafanadal.quelinka.es\/en\/ethics-mailbox\/#breadcrumb","itemListElement":[{"@type":"ListItem","position":1,"name":"Portada","item":"https:\/\/fundacionrafanadal.quelinka.es\/en\/"},{"@type":"ListItem","position":2,"name":"ETHICS MAILBOX"}]},{"@type":"WebSite","@id":"https:\/\/fundacionrafanadal.quelinka.es\/en\/#website","url":"https:\/\/fundacionrafanadal.quelinka.es\/en\/","name":"Fundaci\u00f3n Rafa Nadal","description":"A trav\u00e9s del deporte y la educaci\u00f3n, promovemos la integraci\u00f3n y el desarrollo personal y social de ni\u00f1os y j\u00f3venes. En Espa\u00f1a y la India.","publisher":{"@id":"https:\/\/fundacionrafanadal.quelinka.es\/en\/#organization"},"potentialAction":[{"@type":"SearchAction","target":{"@type":"EntryPoint","urlTemplate":"https:\/\/fundacionrafanadal.quelinka.es\/en\/?s={search_term_string}"},"query-input":{"@type":"PropertyValueSpecification","valueRequired":true,"valueName":"search_term_string"}}],"inLanguage":"en-US"},{"@type":"Organization","@id":"https:\/\/fundacionrafanadal.quelinka.es\/en\/#organization","name":"Fundaci\u00f3n Rafa Nadal","url":"https:\/\/fundacionrafanadal.quelinka.es\/en\/","logo":{"@type":"ImageObject","inLanguage":"en-US","@id":"https:\/\/fundacionrafanadal.quelinka.es\/en\/#\/schema\/logo\/image\/","url":"https:\/\/fundacionrafanadal.quelinka.es\/wp-content\/uploads\/2022\/09\/logo-frn-web-3.png","contentUrl":"https:\/\/fundacionrafanadal.quelinka.es\/wp-content\/uploads\/2022\/09\/logo-frn-web-3.png","width":551,"height":140,"caption":"Fundaci\u00f3n Rafa Nadal"},"image":{"@id":"https:\/\/fundacionrafanadal.quelinka.es\/en\/#\/schema\/logo\/image\/"}}]}},"campaignId":"","_links":{"self":[{"href":"https:\/\/fundacionrafanadal.quelinka.es\/en\/wp-json\/wp\/v2\/pages\/22205","targetHints":{"allow":["GET"]}}],"collection":[{"href":"https:\/\/fundacionrafanadal.quelinka.es\/en\/wp-json\/wp\/v2\/pages"}],"about":[{"href":"https:\/\/fundacionrafanadal.quelinka.es\/en\/wp-json\/wp\/v2\/types\/page"}],"author":[{"embeddable":true,"href":"https:\/\/fundacionrafanadal.quelinka.es\/en\/wp-json\/wp\/v2\/users\/1"}],"replies":[{"embeddable":true,"href":"https:\/\/fundacionrafanadal.quelinka.es\/en\/wp-json\/wp\/v2\/comments?post=22205"}],"version-history":[{"count":5,"href":"https:\/\/fundacionrafanadal.quelinka.es\/en\/wp-json\/wp\/v2\/pages\/22205\/revisions"}],"predecessor-version":[{"id":27260,"href":"https:\/\/fundacionrafanadal.quelinka.es\/en\/wp-json\/wp\/v2\/pages\/22205\/revisions\/27260"}],"wp:attachment":[{"href":"https:\/\/fundacionrafanadal.quelinka.es\/en\/wp-json\/wp\/v2\/media?parent=22205"}],"curies":[{"name":"wp","href":"https:\/\/api.w.org\/{rel}","templated":true}]}}